{"id":3,"date":"2024-10-22T12:52:50","date_gmt":"2024-10-22T09:52:50","guid":{"rendered":"https:\/\/moto.sirtaki.ee\/?page_id=3"},"modified":"2024-12-02T14:50:16","modified_gmt":"2024-12-02T11:50:16","slug":"isikuandmete-tootlemine","status":"publish","type":"page","link":"https:\/\/moto.sirtaki.ee\/et\/isikuandmete-tootlemine\/","title":{"rendered":"Isikuandmete t\u00f6\u00f6tlemine"},"content":{"rendered":"<div class=\"wpb-content-wrapper\"><div class = \"yolo-full-width\"><div class=\"vc_row wpb_row vc_row-fluid\"><div class=\"container\" ><div class=\"wpb_column vc_column_container vc_col-sm-12\"><div class=\"vc_column-inner\"><div class=\"wpb_wrapper\">\n\t<div class=\"wpb_text_column wpb_content_element\" >\n\t\t<div class=\"wpb_wrapper\">\n\t\t\t<p>Sirtaki O\u00dc on v\u00f5tnud endale kohustuse kaitsta klientide ja kasutajate privaatsust. \nSellest l\u00e4htuvalt oleme koostanud k\u00e4esolevad privaatsuspoliitika p\u00f5him\u00f5tted, mis k\u00e4sitlevad kliendi andmete kogumist, kasutamist, avaldamist, edastamist ja talletamist. \nMeie tegevus internetis on koosk\u00f5las k\u00f5igi asjakohaste tegevuste ja vastavate Euroopa Liidu \u00f5igusaktide ja Eesti Vabariigi seadustega.<\/p>\n<p>Isikuandmed on andmed, mida Sirtaki O\u00dc kogub \u00fcksikisiku tuvastamiseks v\u00f5i temaga \u00fchenduse v\u00f5tmiseks. Isikuandmete kogumine v\u00f5ib toimuda kliendi n\u00f5usolekul j\u00e4rgnevatel viisidel:<\/p>\n<p>Kontaktandmete (sh teie nimi, postiaadress, telefoninumber, e-posti aadress, isikukood) esitamisel meie veebilehel v\u00f5i kaupluses\nveebilehe kasutamisel kliendi kontoinfost v\u00f5i k\u00fcpsiste (cookies) kaudu\nostu v\u00f5i tellimuse sooritamisel meie e-poes (e-pood v\u00f5ib paluda teatud veebilehe aladel vabatahtlikult esitada isikuandmeid ja personaalset informatsiooni. \nN\u00f5utavad isikuandmed v\u00f5ivad sisaldada nime, aadressi, postiindeksit, e-posti aadressi ja telefoninumbrit)\nj\u00e4relmaksutaotluse esitamisel.\nKogutud isikuandmete abil saame teavitada kliente Sirtaki O\u00dc uudistest, kampaaniatest ja tulevastest s\u00fcndmustest. \nKlient, kes ei soovi olla meie uudiskirjaloendis, saab ennast sellest igal ajal eemaldada. \nKogutud isikuandmeid kasutame ka kauba kohaletoimetamiseks ning kliendi ees v\u00f5etud kohustuste t\u00e4itmiseks. \nKliendi paremaks teenindamiseks v\u00f5ib Sirtaki O\u00dc avaldada teavet \u00fcksikute kasutajate kohta kolmandale osapoolele, kes osutab Sirtaki O\u00dc teenuseid ning on lepinguga kohustunud hoidma jagatud teavet konfidentsiaalsena. Kolmandaks osapooleks on n\u00e4iteks meie partner, kelle \u00fclesanneteks on e-poes m\u00fc\u00fcdavate kaupade transport v\u00f5i j\u00e4relmaksu teenuse pakkumine.<\/p>\n<p><strong>Isikuandmete kaitse<\/strong><\/p>\n<p>Sirtaki O\u00dc rakendab k\u00f5iki ettevaatusabin\u00f5usid (sh administratiivsed, tehnilised ja f\u00fc\u00fcsilised meetmed) kliendi isikuandmete kaitsmiseks. \nJuurdep\u00e4\u00e4s andmete muutmiseks ja t\u00f6\u00f6tlemiseks on ainult selleks volitatud isikutel.<\/p>\n<p><strong>Turvalisus<\/strong><\/p>\n<p>K\u00f5ik Sirtaki O\u00dc e-poe k\u00fclastamise ja ostude sooritamise k\u00e4igus teatavaks saanud kliendi isikuandmeid k\u00e4sitletakse kui konfidentsiaalset infot.\nKr\u00fcpteeritud andmesidekanal pankadega tagab ostu sooritaja isikuandmete ja pangarekvisiitide turvalisuse.<\/p>\n\n\t\t<\/div>\n\t<\/div>\n<\/div><\/div><\/div><\/div><\/div><\/div><div class = \"yolo-full-width\"><div class=\"vc_row wpb_row vc_row-fluid\"><div class=\"container\" ><div class=\"wpb_column vc_column_container vc_col-sm-12\"><div class=\"vc_column-inner\"><div class=\"wpb_wrapper\"><div class=\"vc_empty_space\"   style=\"height: 32px\"><span class=\"vc_empty_space_inner\"><\/span><\/div><\/div><\/div><\/div><\/div><\/div><\/div>\n<\/div>","protected":false},"excerpt":{"rendered":"Sirtaki O\u00dc \u0432\u0437\u044f\u043b\u0430 \u043d\u0430 \u0441\u0435\u0431\u044f \u043e\u0431\u044f\u0437\u0430\u0442\u0435\u043b\u044c\u0441\u0442\u0432\u043e \u0437\u0430\u0449\u0438\u0449\u0430\u0442\u044c \u043a\u043e\u043d\u0444\u0438\u0434\u0435\u043d\u0446\u0438\u0430\u043b\u044c\u043d\u043e\u0441\u0442\u044c \u043a\u043b\u0438\u0435\u043d\u0442\u043e\u0432 \u0438 \u043f\u043e\u043b\u044c\u0437\u043e\u0432\u0430\u0442\u0435\u043b\u0435\u0439. \u041d\u0430 \u043e\u0441\u043d\u043e\u0432\u0430\u043d\u0438\u0438 \u044d\u0442\u043e\u0433\u043e \u043c\u044b \u043f\u043e\u0434\u0433\u043e\u0442\u043e\u0432\u0438\u043b\u0438 \u043d\u0430\u0441\u0442\u043e\u044f\u0449\u0438\u0435 \u043f\u0440\u0438\u043d\u0446\u0438\u043f\u044b \u043f\u043e\u043b\u0438\u0442\u0438\u043a\u0438 \u043a\u043e\u043d\u0444\u0438\u0434\u0435\u043d\u0446\u0438\u0430\u043b\u044c\u043d\u043e\u0441\u0442\u0438, \u043a\u043e\u0442\u043e\u0440\u044b\u0435 \u043a\u0430\u0441\u0430\u044e\u0442\u0441\u044f \u0441\u0431\u043e\u0440\u0430, \u0438\u0441\u043f\u043e\u043b\u044c\u0437\u043e\u0432\u0430\u043d\u0438\u044f, \u043f\u0443\u0431\u043b\u0438\u043a\u0430\u0446\u0438\u0438, \u043f\u0435\u0440\u0435\u0434\u0430\u0447\u0438 \u0438 \u0445\u0440\u0430\u043d\u0435\u043d\u0438\u044f \u0434\u0430\u043d\u043d\u044b\u0445 \u043a\u043b\u0438\u0435\u043d\u0442\u043e\u0432. \u041d\u0430\u0448\u0430 \u0434\u0435\u044f\u0442\u0435\u043b\u044c\u043d\u043e\u0441\u0442\u044c \u0432 \u0418\u043d\u0442\u0435\u0440\u043d\u0435\u0442\u0435 \u0441\u043e\u043e\u0442\u0432\u0435\u0442\u0441\u0442\u0432\u0443\u0435\u0442 \u0432\u0441\u0435\u043c \u0441\u043e\u043e\u0442\u0432\u0435\u0442\u0441\u0442\u0432\u0443\u044e\u0449\u0438\u043c \u0432\u0438\u0434\u0430\u043c \u0434\u0435\u044f\u0442\u0435\u043b\u044c\u043d\u043e\u0441\u0442\u0438 \u0438 \u0441\u043e\u043e\u0442\u0432\u0435\u0442\u0441\u0442\u0432\u0443\u044e\u0449\u0435\u043c\u0443 \u0437\u0430\u043a\u043e\u043d\u043e\u0434\u0430\u0442\u0435\u043b\u044c\u0441\u0442\u0432\u0443 \u0415\u0432\u0440\u043e\u043f\u0435\u0439\u0441\u043a\u043e\u0433\u043e \u0421\u043e\u044e\u0437\u0430, \u0438 \u0437\u0430\u043a\u043e\u043d\u0430\u043c \u042d\u0441\u0442\u043e\u043d\u0441\u043a\u043e\u0439 \u0420\u0435\u0441\u043f\u0443\u0431\u043b\u0438\u043a\u0438. \u041f\u0435\u0440\u0441\u043e\u043d\u0430\u043b\u044c\u043d\u044b\u0435 \u0434\u0430\u043d\u043d\u044b\u0435 \u2014 \u044d\u0442\u043e \u0434\u0430\u043d\u043d\u044b\u0435, \u043a\u043e\u0442\u043e\u0440\u044b\u0435 Sirtaki...","protected":false},"author":1,"featured_media":0,"parent":0,"menu_order":0,"comment_status":"closed","ping_status":"open","template":"","meta":{"footnotes":""},"class_list":["post-3","page","type-page","status-publish","hentry"],"yoast_head":"<!-- This site is optimized with the Yoast SEO plugin v23.9 - https:\/\/yoast.com\/wordpress\/plugins\/seo\/ -->\n<title>\u041e\u0431\u0440\u0430\u0431\u043e\u0442\u043a\u0430 \u043f\u0435\u0440\u0441\u043e\u043d\u0430\u043b\u044c\u043d\u044b\u0445 \u0434\u0430\u043d\u043d\u044b\u0445 | CFMoto Sirtaki<\/title>\n<meta name=\"robots\" content=\"index, follow, max-snippet:-1, max-image-preview:large, max-video-preview:-1\" \/>\n<link rel=\"canonical\" href=\"https:\/\/moto.sirtaki.ee\/et\/isikuandmete-tootlemine\/\" \/>\n<meta property=\"og:locale\" content=\"et_EE\" \/>\n<meta property=\"og:type\" content=\"article\" \/>\n<meta property=\"og:title\" content=\"\u041e\u0431\u0440\u0430\u0431\u043e\u0442\u043a\u0430 \u043f\u0435\u0440\u0441\u043e\u043d\u0430\u043b\u044c\u043d\u044b\u0445 \u0434\u0430\u043d\u043d\u044b\u0445 | CFMoto Sirtaki\" \/>\n<meta property=\"og:url\" content=\"https:\/\/moto.sirtaki.ee\/et\/isikuandmete-tootlemine\/\" \/>\n<meta property=\"og:site_name\" content=\"CFMoto Sirtaki\" \/>\n<meta property=\"article:modified_time\" content=\"2024-12-02T11:50:16+00:00\" \/>\n<meta name=\"twitter:card\" content=\"summary_large_image\" \/>\n<script type=\"application\/ld+json\" class=\"yoast-schema-graph\">{\"@context\":\"https:\/\/schema.org\",\"@graph\":[{\"@type\":\"WebPage\",\"@id\":\"https:\/\/moto.sirtaki.ee\/isikuandmete-tootlemine\/\",\"url\":\"https:\/\/moto.sirtaki.ee\/isikuandmete-tootlemine\/\",\"name\":\"\u041e\u0431\u0440\u0430\u0431\u043e\u0442\u043a\u0430 \u043f\u0435\u0440\u0441\u043e\u043d\u0430\u043b\u044c\u043d\u044b\u0445 \u0434\u0430\u043d\u043d\u044b\u0445 | CFMoto Sirtaki\",\"isPartOf\":{\"@id\":\"https:\/\/moto.sirtaki.ee\/#website\"},\"datePublished\":\"2024-10-22T09:52:50+00:00\",\"dateModified\":\"2024-12-02T11:50:16+00:00\",\"breadcrumb\":{\"@id\":\"https:\/\/moto.sirtaki.ee\/isikuandmete-tootlemine\/#breadcrumb\"},\"inLanguage\":\"et\",\"potentialAction\":[{\"@type\":\"ReadAction\",\"target\":[\"https:\/\/moto.sirtaki.ee\/isikuandmete-tootlemine\/\"]}]},{\"@type\":\"BreadcrumbList\",\"@id\":\"https:\/\/moto.sirtaki.ee\/isikuandmete-tootlemine\/#breadcrumb\",\"itemListElement\":[{\"@type\":\"ListItem\",\"position\":1,\"name\":\"Home\",\"item\":\"https:\/\/moto.sirtaki.ee\/\"},{\"@type\":\"ListItem\",\"position\":2,\"name\":\"\u041e\u0431\u0440\u0430\u0431\u043e\u0442\u043a\u0430 \u043f\u0435\u0440\u0441\u043e\u043d\u0430\u043b\u044c\u043d\u044b\u0445 \u0434\u0430\u043d\u043d\u044b\u0445\"}]},{\"@type\":\"WebSite\",\"@id\":\"https:\/\/moto.sirtaki.ee\/#website\",\"url\":\"https:\/\/moto.sirtaki.ee\/\",\"name\":\"CFMoto Sirtaki\",\"description\":\"\",\"potentialAction\":[{\"@type\":\"SearchAction\",\"target\":{\"@type\":\"EntryPoint\",\"urlTemplate\":\"https:\/\/moto.sirtaki.ee\/?s={search_term_string}\"},\"query-input\":{\"@type\":\"PropertyValueSpecification\",\"valueRequired\":true,\"valueName\":\"search_term_string\"}}],\"inLanguage\":\"et\"}]}<\/script>\n<!-- \/ Yoast SEO plugin. -->","yoast_head_json":{"title":"\u041e\u0431\u0440\u0430\u0431\u043e\u0442\u043a\u0430 \u043f\u0435\u0440\u0441\u043e\u043d\u0430\u043b\u044c\u043d\u044b\u0445 \u0434\u0430\u043d\u043d\u044b\u0445 | CFMoto Sirtaki","robots":{"index":"index","follow":"follow","max-snippet":"max-snippet:-1","max-image-preview":"max-image-preview:large","max-video-preview":"max-video-preview:-1"},"canonical":"https:\/\/moto.sirtaki.ee\/et\/isikuandmete-tootlemine\/","og_locale":"et_EE","og_type":"article","og_title":"\u041e\u0431\u0440\u0430\u0431\u043e\u0442\u043a\u0430 \u043f\u0435\u0440\u0441\u043e\u043d\u0430\u043b\u044c\u043d\u044b\u0445 \u0434\u0430\u043d\u043d\u044b\u0445 | CFMoto Sirtaki","og_url":"https:\/\/moto.sirtaki.ee\/et\/isikuandmete-tootlemine\/","og_site_name":"CFMoto Sirtaki","article_modified_time":"2024-12-02T11:50:16+00:00","twitter_card":"summary_large_image","schema":{"@context":"https:\/\/schema.org","@graph":[{"@type":"WebPage","@id":"https:\/\/moto.sirtaki.ee\/isikuandmete-tootlemine\/","url":"https:\/\/moto.sirtaki.ee\/isikuandmete-tootlemine\/","name":"\u041e\u0431\u0440\u0430\u0431\u043e\u0442\u043a\u0430 \u043f\u0435\u0440\u0441\u043e\u043d\u0430\u043b\u044c\u043d\u044b\u0445 \u0434\u0430\u043d\u043d\u044b\u0445 | CFMoto Sirtaki","isPartOf":{"@id":"https:\/\/moto.sirtaki.ee\/#website"},"datePublished":"2024-10-22T09:52:50+00:00","dateModified":"2024-12-02T11:50:16+00:00","breadcrumb":{"@id":"https:\/\/moto.sirtaki.ee\/isikuandmete-tootlemine\/#breadcrumb"},"inLanguage":"et","potentialAction":[{"@type":"ReadAction","target":["https:\/\/moto.sirtaki.ee\/isikuandmete-tootlemine\/"]}]},{"@type":"BreadcrumbList","@id":"https:\/\/moto.sirtaki.ee\/isikuandmete-tootlemine\/#breadcrumb","itemListElement":[{"@type":"ListItem","position":1,"name":"Home","item":"https:\/\/moto.sirtaki.ee\/"},{"@type":"ListItem","position":2,"name":"\u041e\u0431\u0440\u0430\u0431\u043e\u0442\u043a\u0430 \u043f\u0435\u0440\u0441\u043e\u043d\u0430\u043b\u044c\u043d\u044b\u0445 \u0434\u0430\u043d\u043d\u044b\u0445"}]},{"@type":"WebSite","@id":"https:\/\/moto.sirtaki.ee\/#website","url":"https:\/\/moto.sirtaki.ee\/","name":"CFMoto Sirtaki","description":"","potentialAction":[{"@type":"SearchAction","target":{"@type":"EntryPoint","urlTemplate":"https:\/\/moto.sirtaki.ee\/?s={search_term_string}"},"query-input":{"@type":"PropertyValueSpecification","valueRequired":true,"valueName":"search_term_string"}}],"inLanguage":"et"}]}},"_links":{"self":[{"href":"https:\/\/moto.sirtaki.ee\/et\/wp-json\/wp\/v2\/pages\/3"}],"collection":[{"href":"https:\/\/moto.sirtaki.ee\/et\/wp-json\/wp\/v2\/pages"}],"about":[{"href":"https:\/\/moto.sirtaki.ee\/et\/wp-json\/wp\/v2\/types\/page"}],"author":[{"embeddable":true,"href":"https:\/\/moto.sirtaki.ee\/et\/wp-json\/wp\/v2\/users\/1"}],"replies":[{"embeddable":true,"href":"https:\/\/moto.sirtaki.ee\/et\/wp-json\/wp\/v2\/comments?post=3"}],"version-history":[{"count":6,"href":"https:\/\/moto.sirtaki.ee\/et\/wp-json\/wp\/v2\/pages\/3\/revisions"}],"predecessor-version":[{"id":3886,"href":"https:\/\/moto.sirtaki.ee\/et\/wp-json\/wp\/v2\/pages\/3\/revisions\/3886"}],"wp:attachment":[{"href":"https:\/\/moto.sirtaki.ee\/et\/wp-json\/wp\/v2\/media?parent=3"}],"curies":[{"name":"wp","href":"https:\/\/api.w.org\/{rel}","templated":true}]}}