{"id":3261,"date":"2024-10-22T13:40:14","date_gmt":"2024-10-22T10:40:14","guid":{"rendered":"https:\/\/moto.sirtaki.ee\/?page_id=3261"},"modified":"2024-12-02T14:56:47","modified_gmt":"2024-12-02T11:56:47","slug":"muugitingimused","status":"publish","type":"page","link":"https:\/\/moto.sirtaki.ee\/et\/muugitingimused\/","title":{"rendered":"M\u00fc\u00fcgitingimused"},"content":{"rendered":"<p><strong>\u00dcLDTINGIMUSED<\/strong><\/p>\n<p>K\u00e4esolevad tingimused kehtivad Sirtaki O\u00dc veebipoe moto.sirtaki.ee klientide (edaspidi ''Klient'') ja Sirtaki O\u00dc (edaspidi ''M\u00fc\u00fcja''). Lisaks k\u00e4esolevatele tingimustele reguleerivad moto.sirtaki.ee veebipoest toodete ostmisel tekkivaid \u00f5igussuhteid Eesti Vabariigis kehtivad \u00f5igusaktid.<\/p>\n<p><strong>LEPINGU J\u00d5USTUMINE<\/strong><\/p><p>M\u00fc\u00fcgileping j\u00f5ustub hetkest kui tellimuse kogusumma on laekunud Sirtaki O\u00dc arveldusarvele. M\u00fc\u00fcja ei pea oma n\u00f5ustumisest tellimusega Kliendile eraldi teatama. Ostu sooritamise ning makse tasumisega kinnitab Klient, et on tutvunud tellimistingimustega.<\/p><p><strong>HINNAD<\/strong><\/p><p>moto.sirtaki.ee e-poes olevad hinnad on Eurodes ja sisaldavad k\u00e4ibemaksu.<\/p><p><strong>KAUBA EEST TASUMISE KORD JA T\u00c4HTAJAD<\/strong><\/p><p>Ostja v\u00f5ib tasuda kauba eest Eurodes \u00fchel j\u00e4rgnevalt nimetatud viisil:<\/p><p>1.1 Elektrooniline pangandus \u2013 see on kauba eest tasumine kliendi poolt kasutatava elektroonilise panganduse s\u00fcsteemi kaudu. Kui kauba eest tasutakse sellisel viisil, genereeritakse elektroonilise panganduse s\u00fcsteemis kauba eest tasumine vastavalt kliendi tellimusel. Klient kannab raha \u00fcle tema poolt valitud panga arveldusarvele. Vastutus andmete turvalisuse eest lasub sellisel juhul pangal, kuna k\u00f5ik rahalised operatsioonid toimuvad panga elektroonilise panganduse s\u00fcsteemis.<\/p><p>1.2 Panga\u00fclekandega \u2013 see on kauba eest tasumine, kui klient kannab raha \u00fcle oma arveldusarvelt M\u00fc\u00fcja arveldusarvele vastavalt esitatud Tellimuse arvele.<\/p><p><strong>KUIDAS TELLIDA<\/strong><\/p><p>Valige tootekataloogist v\u00f5i otsingu abil vajalik toode ning sobivuse korral lisage soovitud toode ostukorvi.<\/p><p>Ostukorvis n\u00e4ete oma valitud tooteid. Kontrollige tellimus, t\u00e4itke n\u00f5utud v\u00e4ljad oma andmetega ning vajutage nupukesele ''telli''.<\/p><p>Teile saadetakse e-mailiga tellimuse kinnitus. Makset\u00e4htaeg on 3 p\u00e4eva ja kui selle aja jooksul laekumist ei toimu, tellimus t\u00fchistatakse.<\/p><p>Maksa pangas: klikkige Maksekeskuse ikoonil ja valige sobiv pank ja sooritage makse \nNB! M\u00fc\u00fcja asub tellimust t\u00e4itma p\u00e4rast makse laekumist HT Motors Baltic O\u00dc arveldusarvele.<\/p><p><strong>KAUBA KOHALETOIMETAMISE KULUD JA T\u00c4HTAJAD<\/strong><\/p><p>K\u00f5ik tellimused, kui kaup on laos olemas, t\u00e4idetakse p\u00e4rast makse laekumist, paari t\u00f6\u00f6p\u00e4eva v\u00f5i hiljemalt n\u00e4dala jooksul. Kui tellitud toote tarneaeg kujuneb mingil p\u00f5hjusel oluliselt pikemaks, teavitame Ostjat sellest viivitamatult, anname teada uue kauba saabumise aja v\u00f5i tagastame soovi korral raha. \u00dcldjuhul on tellitava kauba tarneaeg kuni 14 p\u00e4eva.<\/p><p>NB! Kauba kohale toimetamise info kehtib tellimustele Eesti Vabariigi piires.<\/p><p><strong>KAUPADE TAGASTAMINE<\/strong><\/p><p>moto.sirtaki.ee veebipoest ostetud kaubale kehtib Teile alates kauba k\u00e4ttesaamisest 14-p\u00e4evane tagastamis\u00f5igus.<\/p><p>Tagastamis\u00f5igus on loodud garanteerimaks seda, et saadetud kaup vastaks tellitule.<\/p><p>Tagastatav kaup peab olema kasutamata, siltidega ja originaalpakendis. Pakend v\u00f5ib olla avatud kahjustamata (kui see on v\u00f5imalik), kui ei ole, siis v\u00f5imalikult v\u00e4he pakendit kahjustades.<\/p><p>Kauba tagastamiseks tuleb esitada meile avaldus e-posti aadressil teenindus@sirtaki.ee 14 p\u00e4eva jooksul alates kauba k\u00e4tte saamisest, kus tuleb m\u00e4rkida tellimuse number ja kuup\u00e4ev.<\/p><p>Kauba tagastamine toimub kliendi kulul.<\/p><p>Kauba tagastamisel tuleb ostetud toode\/tooted tagastada viivitamatult, kuid mitte hiljem kui 14 p\u00e4eva jooksul alates taganemise avalduse esitamisest.<\/p><p>Veebipood tagastab tagastatava kauba k\u00e4ttesaamisel ostjale viivitamata, kuid mitte hiljem kui 14p\u00e4eva m\u00f6\u00f6dumisel arvates taganemisavalduse saamisest, k\u00f5ik ostjalt lepingu alusel saadud tasud, s.h tarnspordikulu.<\/p><p>Veebipood v\u00f5ib keelduda tagasimaksete tegemisest seni, kuni on lepingu esemeks oleva asja tagasi saanud v\u00f5i kuni ostja on esitanud t\u00f5endid, et on asja tagasi saatnud, s\u00f5ltuvalt sellest, kumb toimub varem.\nTaganemise avaldus<\/p><p><strong>PRETENSIOONI ESITAMISE \u00d5IGUS<\/strong><\/p><p>Kaupadele kehtib pretensioonide esitamise t\u00e4htaeg vastavalt Eesi Vabariigi seadustele koos tellimuskinnituse (saadetakse automaatselt Teie e-mailile) ja makset t\u00f5endava dokumendiga. Pretensiooni saab esitada kahe kuu jooksul alates puuduse avastamisest. Pretensioonide esitamise t\u00e4htaeg ei kehti kaupadele, mille puudused tulenevad kauba v\u00e4\u00e4rast kasutamisest v\u00f5i normaalsest kulumisest.<\/p><p>Kui kaupa on kasutatud muuks otstarbeks kui on vajalik kauba olemuses, omadustes ja toimimises veendumiseks v\u00f5i sellel on kasutamise v\u00f5i kulumise m\u00e4rke, on Veebipoel \u00f5igus alandada tagastatavat tasu vastavalt kauba v\u00e4\u00e4rtuse v\u00e4henemisele.<\/p><p>Kaebuste ning pretensioonide korral palume saata vastavasisuline e-mail. Kaebused vaadatakse l\u00e4bi esimesel v\u00f5imalusel kuid mitte hiljem kui 7 t\u00f6\u00f6p\u00e4eva jooksul. Vastavalt V\u00d5S \u00a7 218 lg 2 on Kliendil \u00f5igus pretensiooni esitada kahe aasta jooksul alates kauba k\u00e4ttesaamisest. Sellest kuue esimese kuu jooksul tekkinud defekti puhul eeldatakse, et see oli olemas toote ostmise momendil ning defekti iseloomu peab v\u00e4lja selgitama m\u00fc\u00fcja. Kui defekt on tehnoloogilise iseloomuga, v\u00f5ib Klient n\u00f5uda toote parandamist ning parandamise v\u00f5imatuse v\u00f5i ebaefektiivsuse korral toote asendamist v\u00f5i raha tagastamist.<\/p><p>M\u00fc\u00fcja ei vastuta:<\/p><p>Kliendi s\u00fc\u00fcl v\u00f5i hoolimatusel toote kahjustamise eest;<\/p><p>Defektide eest, mis on tekkinud toote mittesihip\u00e4rase kasutamise tagaj\u00e4rjel;<\/p><p>Toote loomuliku f\u00fc\u00fcsilise kulumise eest tavap\u00e4rase kasutamise korral.<\/p><p><strong>M\u00dc\u00dcJA \u00d5IGUSED<\/strong><\/p><p>M\u00fc\u00fcjal on \u00f5igus tellimusest taganeda, kui tellitud kaupa ei ole v\u00f5imalik tarnida kauba l\u00f5ppemise t\u00f5ttu. Sellisel juhul makstakse Ostjale raha tagasi. Soovi korral on v\u00f5imalik kaup asendada m\u00f5ne muu tootega v\u00f5i oodata uue kauba saabumist.<\/p><p>Toodete juures olevad tootepildid v\u00f5ivad olla illustratiivse t\u00e4hendusega ja v\u00f5ivad erineda tegelikust tootest. K\u00fcsimuste korral palun kontakteeruge meie klienditeenindusega telefonil +372 35 60 139 v\u00f5i e-maili aadressil teenindus@sirtaki.ee<\/p><p>Hinnad, tekstid ja kaupade saadavuse info v\u00f5ivad muutuda ette teatamiseta.<\/p><p><strong>V\u00c4\u00c4RAMATU J\u00d5UD<\/strong><\/p><p>Sirtaki O\u00dc ei vastuta teile tekitatud kahjude v\u00f5i kauba kohaletoimetamise viibimise eest juhul, kui kahju v\u00f5i kauba kohaletoimetamise viibimine on tingitud asjaoludest mida Sirtaki O\u00dc ei saanud m\u00f5jutada v\u00f5i ette n\u00e4ha.<\/p><p><strong>VAIDLUSTE LAHENDAMINE<\/strong><\/p><p>Kui Ostjal on M\u00fc\u00fcja osas pretensioone, tuleb need saata e-kirja aadressile teenindus@sirtaki.ee v\u00f5i helistada telefonil +372 35 60 139. Kui Ostja ja M\u00fc\u00fcja ei suuda lahenda vaidlust kokkuleppe teel, siis on kliendil v\u00f5imalik p\u00f6\u00f6rduda Tarbijavaidluste komisjoni poole. Menetlustingimustega saab tutvuda ning avaldust esitada siin. Tarbijavaidluste komisjoni p\u00e4devuses on lahendada Ostja ja M\u00fc\u00fcja vahel s\u00f5lmitud lepingust tulenevaid vaidlusi. Ostja kaebuse l\u00e4bivaatamine komisjonis on tasuta.<\/p><p>Ostja v\u00f5ib p\u00f6\u00f6rduda Euroopa Liidu tarbijavaidlusi lahendava platvormi poole.<\/p><p><\/p>","protected":false},"excerpt":{"rendered":"<p>\u041e\u0411\u0429\u0418\u0415 \u0423\u0421\u041b\u041e\u0412\u0418\u042f \u041d\u0430\u0441\u0442\u043e\u044f\u0449\u0438\u0435 \u0443\u0441\u043b\u043e\u0432\u0438\u044f \u0440\u0430\u0441\u043f\u0440\u043e\u0441\u0442\u0440\u0430\u043d\u044f\u044e\u0442\u0441\u044f \u043d\u0430 \u043f\u0440\u0430\u0432\u0430 \u0438 \u043e\u0431\u044f\u0437\u0430\u043d\u043d\u043e\u0441\u0442\u0438, \u0432\u043e\u0437\u043d\u0438\u043a\u0430\u044e\u0449\u0438\u0435 \u043f\u0440\u0438 \u043f\u043e\u043a\u0443\u043f\u043a\u0435 \u0442\u043e\u0432\u0430\u0440\u043e\u0432 \u043c\u0435\u0436\u0434\u0443 \u043a\u043b\u0438\u0435\u043d\u0442\u0430\u043c\u0438 \u0438\u043d\u0442\u0435\u0440\u043d\u0435\u0442-\u043c\u0430\u0433\u0430\u0437\u0438\u043d\u0430 Sirtaki O\u00dc moto.sirtaki.ee (\u0434\u0430\u043b\u0435\u0435 \u00ab\u041a\u043b\u0438\u0435\u043d\u0442\u00bb) \u0438 Sirtaki O\u00dc (\u0434\u0430\u043b\u0435\u0435 \u041f\u0440\u043e\u0434\u0430\u0432\u0435\u0446) \u0438 \u0440\u0435\u0433\u0443\u043b\u0438\u0440\u0443\u044e\u0442\u0441\u044f \u0434\u0435\u0439\u0441\u0442\u0432\u0443\u044e\u0449\u0438\u043c \u0437\u0430\u043a\u043e\u043d\u043e\u0434\u0430\u0442\u0435\u043b\u044c\u0441\u0442\u0432\u043e\u043c \u042d\u0441\u0442\u043e\u043d\u0441\u043a\u043e\u0439 \u0420\u0435\u0441\u043f\u0443\u0431\u043b\u0438\u043a\u0438. \u0417\u0410\u041a\u041b\u042e\u0427\u0415\u041d\u0418\u0415 \u0414\u041e\u0413\u041e\u0412\u041e\u0420\u0410 \u0414\u043e\u0433\u043e\u0432\u043e\u0440 \u043a\u0443\u043f\u043b\u0438-\u043f\u0440\u043e\u0434\u0430\u0436\u0438 \u0432\u0441\u0442\u0443\u043f\u0430\u0435\u0442 \u0432 \u0441\u0438\u043b\u0443 \u0441 \u043c\u043e\u043c\u0435\u043d\u0442\u0430 \u043f\u043e\u0441\u0442\u0443\u043f\u043b\u0435\u043d\u0438\u044f \u043e\u0431\u0449\u0435\u0439 \u0441\u0443\u043c\u043c\u044b \u0437\u0430\u043a\u0430\u0437\u0430 \u043d\u0430 \u0440\u0430\u0441\u0447\u0435\u0442\u043d\u044b\u0439 \u0441\u0447\u0435\u0442 Sirtaki O\u00dc. \u041f\u0440\u043e\u0434\u0430\u0432\u0435\u0446 \u043d\u0435 \u043e\u0431\u044f\u0437\u0430\u043d \u0443\u0432\u0435\u0434\u043e\u043c\u043b\u044f\u0442\u044c \u041f\u043e\u043a\u0443\u043f\u0430\u0442\u0435\u043b\u044f&#8230;<\/p>","protected":false},"author":1,"featured_media":0,"parent":0,"menu_order":0,"comment_status":"closed","ping_status":"closed","template":"","meta":{"footnotes":""},"class_list":["post-3261","page","type-page","status-publish","hentry"],"yoast_head":"<!-- This site is optimized with the Yoast SEO plugin v23.9 - https:\/\/yoast.com\/wordpress\/plugins\/seo\/ -->\n<title>\u0423\u0441\u043b\u043e\u0432\u0438\u044f \u043f\u0440\u043e\u0434\u0430\u0436\u0438 | CFMoto Sirtaki<\/title>\n<meta name=\"robots\" content=\"index, follow, max-snippet:-1, max-image-preview:large, max-video-preview:-1\" \/>\n<link rel=\"canonical\" href=\"https:\/\/moto.sirtaki.ee\/et\/muugitingimused\/\" \/>\n<meta property=\"og:locale\" content=\"et_EE\" \/>\n<meta property=\"og:type\" content=\"article\" \/>\n<meta property=\"og:title\" content=\"\u0423\u0441\u043b\u043e\u0432\u0438\u044f \u043f\u0440\u043e\u0434\u0430\u0436\u0438 | CFMoto Sirtaki\" \/>\n<meta property=\"og:description\" content=\"\u041e\u0411\u0429\u0418\u0415 \u0423\u0421\u041b\u041e\u0412\u0418\u042f \u041d\u0430\u0441\u0442\u043e\u044f\u0449\u0438\u0435 \u0443\u0441\u043b\u043e\u0432\u0438\u044f \u0440\u0430\u0441\u043f\u0440\u043e\u0441\u0442\u0440\u0430\u043d\u044f\u044e\u0442\u0441\u044f \u043d\u0430 \u043f\u0440\u0430\u0432\u0430 \u0438 \u043e\u0431\u044f\u0437\u0430\u043d\u043d\u043e\u0441\u0442\u0438, \u0432\u043e\u0437\u043d\u0438\u043a\u0430\u044e\u0449\u0438\u0435 \u043f\u0440\u0438 \u043f\u043e\u043a\u0443\u043f\u043a\u0435 \u0442\u043e\u0432\u0430\u0440\u043e\u0432 \u043c\u0435\u0436\u0434\u0443 \u043a\u043b\u0438\u0435\u043d\u0442\u0430\u043c\u0438 \u0438\u043d\u0442\u0435\u0440\u043d\u0435\u0442-\u043c\u0430\u0433\u0430\u0437\u0438\u043d\u0430 Sirtaki O\u00dc moto.sirtaki.ee (\u0434\u0430\u043b\u0435\u0435 \u00ab\u041a\u043b\u0438\u0435\u043d\u0442\u00bb) \u0438 Sirtaki O\u00dc (\u0434\u0430\u043b\u0435\u0435 \u041f\u0440\u043e\u0434\u0430\u0432\u0435\u0446) \u0438 \u0440\u0435\u0433\u0443\u043b\u0438\u0440\u0443\u044e\u0442\u0441\u044f \u0434\u0435\u0439\u0441\u0442\u0432\u0443\u044e\u0449\u0438\u043c \u0437\u0430\u043a\u043e\u043d\u043e\u0434\u0430\u0442\u0435\u043b\u044c\u0441\u0442\u0432\u043e\u043c \u042d\u0441\u0442\u043e\u043d\u0441\u043a\u043e\u0439 \u0420\u0435\u0441\u043f\u0443\u0431\u043b\u0438\u043a\u0438. \u0417\u0410\u041a\u041b\u042e\u0427\u0415\u041d\u0418\u0415 \u0414\u041e\u0413\u041e\u0412\u041e\u0420\u0410 \u0414\u043e\u0433\u043e\u0432\u043e\u0440 \u043a\u0443\u043f\u043b\u0438-\u043f\u0440\u043e\u0434\u0430\u0436\u0438 \u0432\u0441\u0442\u0443\u043f\u0430\u0435\u0442 \u0432 \u0441\u0438\u043b\u0443 \u0441 \u043c\u043e\u043c\u0435\u043d\u0442\u0430 \u043f\u043e\u0441\u0442\u0443\u043f\u043b\u0435\u043d\u0438\u044f \u043e\u0431\u0449\u0435\u0439 \u0441\u0443\u043c\u043c\u044b \u0437\u0430\u043a\u0430\u0437\u0430 \u043d\u0430 \u0440\u0430\u0441\u0447\u0435\u0442\u043d\u044b\u0439 \u0441\u0447\u0435\u0442 Sirtaki O\u00dc. \u041f\u0440\u043e\u0434\u0430\u0432\u0435\u0446 \u043d\u0435 \u043e\u0431\u044f\u0437\u0430\u043d \u0443\u0432\u0435\u0434\u043e\u043c\u043b\u044f\u0442\u044c \u041f\u043e\u043a\u0443\u043f\u0430\u0442\u0435\u043b\u044f...\" \/>\n<meta property=\"og:url\" content=\"https:\/\/moto.sirtaki.ee\/et\/muugitingimused\/\" \/>\n<meta property=\"og:site_name\" content=\"CFMoto Sirtaki\" \/>\n<meta property=\"article:modified_time\" content=\"2024-12-02T11:56:47+00:00\" \/>\n<meta name=\"twitter:card\" content=\"summary_large_image\" \/>\n<script type=\"application\/ld+json\" class=\"yoast-schema-graph\">{\"@context\":\"https:\/\/schema.org\",\"@graph\":[{\"@type\":\"WebPage\",\"@id\":\"https:\/\/moto.sirtaki.ee\/muugitingimused\/\",\"url\":\"https:\/\/moto.sirtaki.ee\/muugitingimused\/\",\"name\":\"\u0423\u0441\u043b\u043e\u0432\u0438\u044f \u043f\u0440\u043e\u0434\u0430\u0436\u0438 | CFMoto Sirtaki\",\"isPartOf\":{\"@id\":\"https:\/\/moto.sirtaki.ee\/#website\"},\"datePublished\":\"2024-10-22T10:40:14+00:00\",\"dateModified\":\"2024-12-02T11:56:47+00:00\",\"breadcrumb\":{\"@id\":\"https:\/\/moto.sirtaki.ee\/muugitingimused\/#breadcrumb\"},\"inLanguage\":\"et\",\"potentialAction\":[{\"@type\":\"ReadAction\",\"target\":[\"https:\/\/moto.sirtaki.ee\/muugitingimused\/\"]}]},{\"@type\":\"BreadcrumbList\",\"@id\":\"https:\/\/moto.sirtaki.ee\/muugitingimused\/#breadcrumb\",\"itemListElement\":[{\"@type\":\"ListItem\",\"position\":1,\"name\":\"Home\",\"item\":\"https:\/\/moto.sirtaki.ee\/\"},{\"@type\":\"ListItem\",\"position\":2,\"name\":\"\u0423\u0441\u043b\u043e\u0432\u0438\u044f \u043f\u0440\u043e\u0434\u0430\u0436\u0438\"}]},{\"@type\":\"WebSite\",\"@id\":\"https:\/\/moto.sirtaki.ee\/#website\",\"url\":\"https:\/\/moto.sirtaki.ee\/\",\"name\":\"CFMoto Sirtaki\",\"description\":\"\",\"potentialAction\":[{\"@type\":\"SearchAction\",\"target\":{\"@type\":\"EntryPoint\",\"urlTemplate\":\"https:\/\/moto.sirtaki.ee\/?s={search_term_string}\"},\"query-input\":{\"@type\":\"PropertyValueSpecification\",\"valueRequired\":true,\"valueName\":\"search_term_string\"}}],\"inLanguage\":\"et\"}]}<\/script>\n<!-- \/ Yoast SEO plugin. -->","yoast_head_json":{"title":"\u0423\u0441\u043b\u043e\u0432\u0438\u044f \u043f\u0440\u043e\u0434\u0430\u0436\u0438 | CFMoto Sirtaki","robots":{"index":"index","follow":"follow","max-snippet":"max-snippet:-1","max-image-preview":"max-image-preview:large","max-video-preview":"max-video-preview:-1"},"canonical":"https:\/\/moto.sirtaki.ee\/et\/muugitingimused\/","og_locale":"et_EE","og_type":"article","og_title":"\u0423\u0441\u043b\u043e\u0432\u0438\u044f \u043f\u0440\u043e\u0434\u0430\u0436\u0438 | CFMoto Sirtaki","og_description":"\u041e\u0411\u0429\u0418\u0415 \u0423\u0421\u041b\u041e\u0412\u0418\u042f \u041d\u0430\u0441\u0442\u043e\u044f\u0449\u0438\u0435 \u0443\u0441\u043b\u043e\u0432\u0438\u044f \u0440\u0430\u0441\u043f\u0440\u043e\u0441\u0442\u0440\u0430\u043d\u044f\u044e\u0442\u0441\u044f \u043d\u0430 \u043f\u0440\u0430\u0432\u0430 \u0438 \u043e\u0431\u044f\u0437\u0430\u043d\u043d\u043e\u0441\u0442\u0438, \u0432\u043e\u0437\u043d\u0438\u043a\u0430\u044e\u0449\u0438\u0435 \u043f\u0440\u0438 \u043f\u043e\u043a\u0443\u043f\u043a\u0435 \u0442\u043e\u0432\u0430\u0440\u043e\u0432 \u043c\u0435\u0436\u0434\u0443 \u043a\u043b\u0438\u0435\u043d\u0442\u0430\u043c\u0438 \u0438\u043d\u0442\u0435\u0440\u043d\u0435\u0442-\u043c\u0430\u0433\u0430\u0437\u0438\u043d\u0430 Sirtaki O\u00dc moto.sirtaki.ee (\u0434\u0430\u043b\u0435\u0435 \u00ab\u041a\u043b\u0438\u0435\u043d\u0442\u00bb) \u0438 Sirtaki O\u00dc (\u0434\u0430\u043b\u0435\u0435 \u041f\u0440\u043e\u0434\u0430\u0432\u0435\u0446) \u0438 \u0440\u0435\u0433\u0443\u043b\u0438\u0440\u0443\u044e\u0442\u0441\u044f \u0434\u0435\u0439\u0441\u0442\u0432\u0443\u044e\u0449\u0438\u043c \u0437\u0430\u043a\u043e\u043d\u043e\u0434\u0430\u0442\u0435\u043b\u044c\u0441\u0442\u0432\u043e\u043c \u042d\u0441\u0442\u043e\u043d\u0441\u043a\u043e\u0439 \u0420\u0435\u0441\u043f\u0443\u0431\u043b\u0438\u043a\u0438. \u0417\u0410\u041a\u041b\u042e\u0427\u0415\u041d\u0418\u0415 \u0414\u041e\u0413\u041e\u0412\u041e\u0420\u0410 \u0414\u043e\u0433\u043e\u0432\u043e\u0440 \u043a\u0443\u043f\u043b\u0438-\u043f\u0440\u043e\u0434\u0430\u0436\u0438 \u0432\u0441\u0442\u0443\u043f\u0430\u0435\u0442 \u0432 \u0441\u0438\u043b\u0443 \u0441 \u043c\u043e\u043c\u0435\u043d\u0442\u0430 \u043f\u043e\u0441\u0442\u0443\u043f\u043b\u0435\u043d\u0438\u044f \u043e\u0431\u0449\u0435\u0439 \u0441\u0443\u043c\u043c\u044b \u0437\u0430\u043a\u0430\u0437\u0430 \u043d\u0430 \u0440\u0430\u0441\u0447\u0435\u0442\u043d\u044b\u0439 \u0441\u0447\u0435\u0442 Sirtaki O\u00dc. \u041f\u0440\u043e\u0434\u0430\u0432\u0435\u0446 \u043d\u0435 \u043e\u0431\u044f\u0437\u0430\u043d \u0443\u0432\u0435\u0434\u043e\u043c\u043b\u044f\u0442\u044c \u041f\u043e\u043a\u0443\u043f\u0430\u0442\u0435\u043b\u044f...","og_url":"https:\/\/moto.sirtaki.ee\/et\/muugitingimused\/","og_site_name":"CFMoto Sirtaki","article_modified_time":"2024-12-02T11:56:47+00:00","twitter_card":"summary_large_image","schema":{"@context":"https:\/\/schema.org","@graph":[{"@type":"WebPage","@id":"https:\/\/moto.sirtaki.ee\/muugitingimused\/","url":"https:\/\/moto.sirtaki.ee\/muugitingimused\/","name":"\u0423\u0441\u043b\u043e\u0432\u0438\u044f \u043f\u0440\u043e\u0434\u0430\u0436\u0438 | CFMoto Sirtaki","isPartOf":{"@id":"https:\/\/moto.sirtaki.ee\/#website"},"datePublished":"2024-10-22T10:40:14+00:00","dateModified":"2024-12-02T11:56:47+00:00","breadcrumb":{"@id":"https:\/\/moto.sirtaki.ee\/muugitingimused\/#breadcrumb"},"inLanguage":"et","potentialAction":[{"@type":"ReadAction","target":["https:\/\/moto.sirtaki.ee\/muugitingimused\/"]}]},{"@type":"BreadcrumbList","@id":"https:\/\/moto.sirtaki.ee\/muugitingimused\/#breadcrumb","itemListElement":[{"@type":"ListItem","position":1,"name":"Home","item":"https:\/\/moto.sirtaki.ee\/"},{"@type":"ListItem","position":2,"name":"\u0423\u0441\u043b\u043e\u0432\u0438\u044f \u043f\u0440\u043e\u0434\u0430\u0436\u0438"}]},{"@type":"WebSite","@id":"https:\/\/moto.sirtaki.ee\/#website","url":"https:\/\/moto.sirtaki.ee\/","name":"CFMoto Sirtaki","description":"","potentialAction":[{"@type":"SearchAction","target":{"@type":"EntryPoint","urlTemplate":"https:\/\/moto.sirtaki.ee\/?s={search_term_string}"},"query-input":{"@type":"PropertyValueSpecification","valueRequired":true,"valueName":"search_term_string"}}],"inLanguage":"et"}]}},"_links":{"self":[{"href":"https:\/\/moto.sirtaki.ee\/et\/wp-json\/wp\/v2\/pages\/3261"}],"collection":[{"href":"https:\/\/moto.sirtaki.ee\/et\/wp-json\/wp\/v2\/pages"}],"about":[{"href":"https:\/\/moto.sirtaki.ee\/et\/wp-json\/wp\/v2\/types\/page"}],"author":[{"embeddable":true,"href":"https:\/\/moto.sirtaki.ee\/et\/wp-json\/wp\/v2\/users\/1"}],"replies":[{"embeddable":true,"href":"https:\/\/moto.sirtaki.ee\/et\/wp-json\/wp\/v2\/comments?post=3261"}],"version-history":[{"count":5,"href":"https:\/\/moto.sirtaki.ee\/et\/wp-json\/wp\/v2\/pages\/3261\/revisions"}],"predecessor-version":[{"id":3895,"href":"https:\/\/moto.sirtaki.ee\/et\/wp-json\/wp\/v2\/pages\/3261\/revisions\/3895"}],"wp:attachment":[{"href":"https:\/\/moto.sirtaki.ee\/et\/wp-json\/wp\/v2\/media?parent=3261"}],"curies":[{"name":"wp","href":"https:\/\/api.w.org\/{rel}","templated":true}]}}