{"id":3736,"date":"2024-11-06T13:03:31","date_gmt":"2024-11-06T10:03:31","guid":{"rendered":"https:\/\/moto.sirtaki.ee\/?page_id=3736"},"modified":"2024-12-02T15:07:29","modified_gmt":"2024-12-02T12:07:29","slug":"warranty","status":"publish","type":"page","link":"https:\/\/moto.sirtaki.ee\/et\/warranty\/","title":{"rendered":"Garantiitingimused"},"content":{"rendered":"<p>1. Ostetud tootele kehtib garantii alates selle ostup\u00e4evast. Garantiiperioodi kestel parandatakse k\u00f5ik valest paigaldusest v\u00f5i vigastest detailidest tulenevad tootedefektid tasuta. K\u00e4esolev garantii ei kata muid(v.a. detailid ja nende asendamine) kulusid.<\/p><p>Tootmisdefekti v\u00e4ljaselgitamiseks l\u00e4biviidud ekspertiisikulud tuleb tasuda tooteomanikul, kui ekspertiisi tulemusena selgub, et tegemist ei ole tootmisveast p\u00f5hjustatud defektiga.<\/p><p>2. K\u00e4esolev garantii ei kohusta m\u00fc\u00fcjat ega garantiiandjat toodet tasuta reguleerima, puhastama ja hooldama ega korraldama tasuta koolitusi masina kasutamise kohta.<\/p><p>3. Kui toote kasutaja on eraisik ja kasutab toodet isiklikuks otstarbeks, vastutab m\u00fc\u00fcja m\u00e4\u00e4ratud garantiiperioodi l\u00f5ppemisel tootedefektide eest vastavalt kohalikus seaduses s\u00e4testatule. Kui toodet kasutatakse kommertsotstarbeks, tulenevad m\u00fc\u00fcja lisakohustused teie ja m\u00fc\u00fcja vahel s\u00f5lmitud lepingust.<\/p><p>4. Garantii andja tugines k\u00e4esolevas dokumendis kirjeldatud garantii andmisel faktile, et ostja antud teave toote kasutusotstarbe (isiklikuks v\u00f5i kommertskasutuseks) kohta vastab t\u00f5ele. Garantii andja v\u00f5ib garantii kehtetuks tunnistada v\u00f5i muuta \u00fchepoolselt garantiitingimusi, kui ilmneb, et toodet on kasutatud muul viisil kui see, mille ostja on toote ostuhetkel saadud garantiivormil teatanud ja allkirjaga kinnitanud.<\/p><p>5. Toode v\u00f5etakse garantiiremonti ainult juhul, kui see tuuakse t\u00f6\u00f6kotta komplektsena koos t\u00e4idetud ja kehtiva garantiidokumendiga. Tootel vea ilmnemisel, palun l\u00f5petage kohe seadme kasutamine ja toimetage toode  teenindust\u00f6\u00f6kotta seisundis, milles see oli vea ilmnemise ajal.<\/p><p>6. M\u00fc\u00fcja ja garantii andja ei vastuta toote kasutamisest tingitud kahjustuste v\u00f5i kaudsete kulude tasumise eest, v\u00e4lja arvatud juhtudel, kui kohalikud seadused s\u00e4testavad teisiti.<\/p><p>7. Garantiitingimustest tulenevaid tasuta remontt\u00f6id ei tehta, kui:<\/p><p>toote seerianumber on eemaldatud,v\u00e4lja vahetatud v\u00f5i pole loetav;<\/p><p>toodet pole kasutatud otstarbekohaselt ning kasutusjuhendis olevaid kasutus-, hooldus-, transpordi- ja hoidmisjuhiseid pole j\u00e4rgitud;<\/p><p>kasutaja ei teavitanud m\u00fc\u00fcjat v\u00f5i teeninduskeskust tootel ilmnenud esmasest veast ning j\u00e4tkas seadme kasutamist, p\u00f5hjustades sellega seadmele lisakahjustusi;<\/p><p>hooldust\u00f6id pole tehtud (k\u00fctuse- ja \u00f5hufiltrite vahetamine, silindri jahutusribide puhastamine jms. kasutusjuhendis m\u00e4\u00e4ratletud t\u00f6\u00f6d);<\/p><p>kasutatud on sobimatut v\u00f5i madala kvaliteediga k\u00fctust, \u00f5li v\u00f5i m\u00e4\u00e4ret;<\/p><p>remondiks pole kasutatud originaalvaruosi (poldid, tihendid,rihmad jne);<\/p><p>toodet on rendile antud.<\/p><p>8. Liikuvate detailide  loomulikku kulumist ei loeta defektiks ning see ei kuulu garantii alla.<\/p><p> 9. See garantii tagab teile spetsiaalsed juriidilised \u00f5igused ega piira \u00fchtki muud tarbija juriidilist \u00f5igust.<\/p>","protected":false},"excerpt":{"rendered":"<p>1. \u041d\u0430 \u043f\u0440\u0438\u043e\u0431\u0440\u0435\u0442\u0435\u043d\u043d\u043e\u0435 \u0438\u0437\u0434\u0435\u043b\u0438\u0435 \u0440\u0430\u0441\u043f\u0440\u043e\u0441\u0442\u0440\u0430\u043d\u044f\u0435\u0442\u0441\u044f \u0433\u0430\u0440\u0430\u043d\u0442\u0438\u044f \u0441 \u043c\u043e\u043c\u0435\u043d\u0442\u0430 \u043f\u043e\u043a\u0443\u043f\u043a\u0438. \u0412 \u0442\u0435\u0447\u0435\u043d\u0438\u0435 \u0433\u0430\u0440\u0430\u043d\u0442\u0438\u0439\u043d\u043e\u0433\u043e \u0441\u0440\u043e\u043a\u0430 \u043b\u044e\u0431\u044b\u0435 \u0434\u0435\u0444\u0435\u043a\u0442\u044b \u0438\u0437\u0434\u0435\u043b\u0438\u044f, \u0432\u043e\u0437\u043d\u0438\u043a\u0448\u0438\u0435 \u0432 \u0440\u0435\u0437\u0443\u043b\u044c\u0442\u0430\u0442\u0435 \u043d\u0435\u043f\u0440\u0430\u0432\u0438\u043b\u044c\u043d\u043e\u0439 \u0443\u0441\u0442\u0430\u043d\u043e\u0432\u043a\u0438 \u0438\u043b\u0438 \u043d\u0435\u0438\u0441\u043f\u0440\u0430\u0432\u043d\u044b\u0445 \u0434\u0435\u0442\u0430\u043b\u0435\u0439, \u0431\u0443\u0434\u0443\u0442 \u0443\u0441\u0442\u0440\u0430\u043d\u0435\u043d\u044b \u0431\u0435\u0441\u043f\u043b\u0430\u0442\u043d\u043e. \u0414\u0430\u043d\u043d\u0430\u044f \u0433\u0430\u0440\u0430\u043d\u0442\u0438\u044f \u043d\u0435 \u043f\u043e\u043a\u0440\u044b\u0432\u0430\u0435\u0442 \u043d\u0438\u043a\u0430\u043a\u0438\u0445 \u0434\u0440\u0443\u0433\u0438\u0445 \u0440\u0430\u0441\u0445\u043e\u0434\u043e\u0432 (\u0437\u0430 \u0438\u0441\u043a\u043b\u044e\u0447\u0435\u043d\u0438\u0435\u043c \u0434\u0435\u0442\u0430\u043b\u0435\u0439 \u0438 \u0438\u0445 \u0437\u0430\u043c\u0435\u043d\u044b). \u0420\u0430\u0441\u0445\u043e\u0434\u044b \u043d\u0430 \u044d\u043a\u0441\u043f\u0435\u0440\u0442\u0438\u0437\u0443, \u043f\u0440\u043e\u0432\u0435\u0434\u0435\u043d\u043d\u0443\u044e \u0441 \u0446\u0435\u043b\u044c\u044e \u0432\u044b\u044f\u0432\u043b\u0435\u043d\u0438\u044f \u043f\u0440\u043e\u0438\u0437\u0432\u043e\u0434\u0441\u0442\u0432\u0435\u043d\u043d\u043e\u0433\u043e \u0434\u0435\u0444\u0435\u043a\u0442\u0430, \u043d\u0435\u0441\u0435\u0442 \u0432\u043b\u0430\u0434\u0435\u043b\u0435\u0446 \u0438\u0437\u0434\u0435\u043b\u0438\u044f, \u0435\u0441\u043b\u0438 \u044d\u043a\u0441\u043f\u0435\u0440\u0442\u0438\u0437\u0430 \u043f\u043e\u043a\u0430\u0436\u0435\u0442,&#8230;<\/p>","protected":false},"author":1,"featured_media":0,"parent":0,"menu_order":0,"comment_status":"closed","ping_status":"closed","template":"","meta":{"footnotes":""},"class_list":["post-3736","page","type-page","status-publish","hentry"],"yoast_head":"<!-- This site is optimized with the Yoast SEO plugin v23.9 - https:\/\/yoast.com\/wordpress\/plugins\/seo\/ -->\n<title>\u0423\u0441\u043b\u043e\u0432\u0438\u044f \u0433\u0430\u0440\u0430\u043d\u0442\u0438\u0438 | CFMoto Sirtaki<\/title>\n<meta name=\"robots\" content=\"index, follow, max-snippet:-1, max-image-preview:large, max-video-preview:-1\" \/>\n<link rel=\"canonical\" href=\"https:\/\/moto.sirtaki.ee\/et\/warranty\/\" \/>\n<meta property=\"og:locale\" content=\"et_EE\" \/>\n<meta property=\"og:type\" content=\"article\" \/>\n<meta property=\"og:title\" content=\"\u0423\u0441\u043b\u043e\u0432\u0438\u044f \u0433\u0430\u0440\u0430\u043d\u0442\u0438\u0438 | CFMoto Sirtaki\" \/>\n<meta property=\"og:description\" content=\"1. \u041d\u0430 \u043f\u0440\u0438\u043e\u0431\u0440\u0435\u0442\u0435\u043d\u043d\u043e\u0435 \u0438\u0437\u0434\u0435\u043b\u0438\u0435 \u0440\u0430\u0441\u043f\u0440\u043e\u0441\u0442\u0440\u0430\u043d\u044f\u0435\u0442\u0441\u044f \u0433\u0430\u0440\u0430\u043d\u0442\u0438\u044f \u0441 \u043c\u043e\u043c\u0435\u043d\u0442\u0430 \u043f\u043e\u043a\u0443\u043f\u043a\u0438. \u0412 \u0442\u0435\u0447\u0435\u043d\u0438\u0435 \u0433\u0430\u0440\u0430\u043d\u0442\u0438\u0439\u043d\u043e\u0433\u043e \u0441\u0440\u043e\u043a\u0430 \u043b\u044e\u0431\u044b\u0435 \u0434\u0435\u0444\u0435\u043a\u0442\u044b \u0438\u0437\u0434\u0435\u043b\u0438\u044f, \u0432\u043e\u0437\u043d\u0438\u043a\u0448\u0438\u0435 \u0432 \u0440\u0435\u0437\u0443\u043b\u044c\u0442\u0430\u0442\u0435 \u043d\u0435\u043f\u0440\u0430\u0432\u0438\u043b\u044c\u043d\u043e\u0439 \u0443\u0441\u0442\u0430\u043d\u043e\u0432\u043a\u0438 \u0438\u043b\u0438 \u043d\u0435\u0438\u0441\u043f\u0440\u0430\u0432\u043d\u044b\u0445 \u0434\u0435\u0442\u0430\u043b\u0435\u0439, \u0431\u0443\u0434\u0443\u0442 \u0443\u0441\u0442\u0440\u0430\u043d\u0435\u043d\u044b \u0431\u0435\u0441\u043f\u043b\u0430\u0442\u043d\u043e. \u0414\u0430\u043d\u043d\u0430\u044f \u0433\u0430\u0440\u0430\u043d\u0442\u0438\u044f \u043d\u0435 \u043f\u043e\u043a\u0440\u044b\u0432\u0430\u0435\u0442 \u043d\u0438\u043a\u0430\u043a\u0438\u0445 \u0434\u0440\u0443\u0433\u0438\u0445 \u0440\u0430\u0441\u0445\u043e\u0434\u043e\u0432 (\u0437\u0430 \u0438\u0441\u043a\u043b\u044e\u0447\u0435\u043d\u0438\u0435\u043c \u0434\u0435\u0442\u0430\u043b\u0435\u0439 \u0438 \u0438\u0445 \u0437\u0430\u043c\u0435\u043d\u044b). \u0420\u0430\u0441\u0445\u043e\u0434\u044b \u043d\u0430 \u044d\u043a\u0441\u043f\u0435\u0440\u0442\u0438\u0437\u0443, \u043f\u0440\u043e\u0432\u0435\u0434\u0435\u043d\u043d\u0443\u044e \u0441 \u0446\u0435\u043b\u044c\u044e \u0432\u044b\u044f\u0432\u043b\u0435\u043d\u0438\u044f \u043f\u0440\u043e\u0438\u0437\u0432\u043e\u0434\u0441\u0442\u0432\u0435\u043d\u043d\u043e\u0433\u043e \u0434\u0435\u0444\u0435\u043a\u0442\u0430, \u043d\u0435\u0441\u0435\u0442 \u0432\u043b\u0430\u0434\u0435\u043b\u0435\u0446 \u0438\u0437\u0434\u0435\u043b\u0438\u044f, \u0435\u0441\u043b\u0438 \u044d\u043a\u0441\u043f\u0435\u0440\u0442\u0438\u0437\u0430 \u043f\u043e\u043a\u0430\u0436\u0435\u0442,...\" \/>\n<meta property=\"og:url\" content=\"https:\/\/moto.sirtaki.ee\/et\/warranty\/\" \/>\n<meta property=\"og:site_name\" content=\"CFMoto Sirtaki\" \/>\n<meta property=\"article:modified_time\" content=\"2024-12-02T12:07:29+00:00\" \/>\n<meta name=\"twitter:card\" content=\"summary_large_image\" \/>\n<script type=\"application\/ld+json\" class=\"yoast-schema-graph\">{\"@context\":\"https:\/\/schema.org\",\"@graph\":[{\"@type\":\"WebPage\",\"@id\":\"https:\/\/moto.sirtaki.ee\/warranty\/\",\"url\":\"https:\/\/moto.sirtaki.ee\/warranty\/\",\"name\":\"\u0423\u0441\u043b\u043e\u0432\u0438\u044f \u0433\u0430\u0440\u0430\u043d\u0442\u0438\u0438 | CFMoto Sirtaki\",\"isPartOf\":{\"@id\":\"https:\/\/moto.sirtaki.ee\/#website\"},\"datePublished\":\"2024-11-06T10:03:31+00:00\",\"dateModified\":\"2024-12-02T12:07:29+00:00\",\"breadcrumb\":{\"@id\":\"https:\/\/moto.sirtaki.ee\/warranty\/#breadcrumb\"},\"inLanguage\":\"et\",\"potentialAction\":[{\"@type\":\"ReadAction\",\"target\":[\"https:\/\/moto.sirtaki.ee\/warranty\/\"]}]},{\"@type\":\"BreadcrumbList\",\"@id\":\"https:\/\/moto.sirtaki.ee\/warranty\/#breadcrumb\",\"itemListElement\":[{\"@type\":\"ListItem\",\"position\":1,\"name\":\"Home\",\"item\":\"https:\/\/moto.sirtaki.ee\/\"},{\"@type\":\"ListItem\",\"position\":2,\"name\":\"\u0423\u0441\u043b\u043e\u0432\u0438\u044f \u0433\u0430\u0440\u0430\u043d\u0442\u0438\u0438\"}]},{\"@type\":\"WebSite\",\"@id\":\"https:\/\/moto.sirtaki.ee\/#website\",\"url\":\"https:\/\/moto.sirtaki.ee\/\",\"name\":\"CFMoto Sirtaki\",\"description\":\"\",\"potentialAction\":[{\"@type\":\"SearchAction\",\"target\":{\"@type\":\"EntryPoint\",\"urlTemplate\":\"https:\/\/moto.sirtaki.ee\/?s={search_term_string}\"},\"query-input\":{\"@type\":\"PropertyValueSpecification\",\"valueRequired\":true,\"valueName\":\"search_term_string\"}}],\"inLanguage\":\"et\"}]}<\/script>\n<!-- \/ Yoast SEO plugin. -->","yoast_head_json":{"title":"\u0423\u0441\u043b\u043e\u0432\u0438\u044f \u0433\u0430\u0440\u0430\u043d\u0442\u0438\u0438 | CFMoto Sirtaki","robots":{"index":"index","follow":"follow","max-snippet":"max-snippet:-1","max-image-preview":"max-image-preview:large","max-video-preview":"max-video-preview:-1"},"canonical":"https:\/\/moto.sirtaki.ee\/et\/warranty\/","og_locale":"et_EE","og_type":"article","og_title":"\u0423\u0441\u043b\u043e\u0432\u0438\u044f \u0433\u0430\u0440\u0430\u043d\u0442\u0438\u0438 | CFMoto Sirtaki","og_description":"1. \u041d\u0430 \u043f\u0440\u0438\u043e\u0431\u0440\u0435\u0442\u0435\u043d\u043d\u043e\u0435 \u0438\u0437\u0434\u0435\u043b\u0438\u0435 \u0440\u0430\u0441\u043f\u0440\u043e\u0441\u0442\u0440\u0430\u043d\u044f\u0435\u0442\u0441\u044f \u0433\u0430\u0440\u0430\u043d\u0442\u0438\u044f \u0441 \u043c\u043e\u043c\u0435\u043d\u0442\u0430 \u043f\u043e\u043a\u0443\u043f\u043a\u0438. \u0412 \u0442\u0435\u0447\u0435\u043d\u0438\u0435 \u0433\u0430\u0440\u0430\u043d\u0442\u0438\u0439\u043d\u043e\u0433\u043e \u0441\u0440\u043e\u043a\u0430 \u043b\u044e\u0431\u044b\u0435 \u0434\u0435\u0444\u0435\u043a\u0442\u044b \u0438\u0437\u0434\u0435\u043b\u0438\u044f, \u0432\u043e\u0437\u043d\u0438\u043a\u0448\u0438\u0435 \u0432 \u0440\u0435\u0437\u0443\u043b\u044c\u0442\u0430\u0442\u0435 \u043d\u0435\u043f\u0440\u0430\u0432\u0438\u043b\u044c\u043d\u043e\u0439 \u0443\u0441\u0442\u0430\u043d\u043e\u0432\u043a\u0438 \u0438\u043b\u0438 \u043d\u0435\u0438\u0441\u043f\u0440\u0430\u0432\u043d\u044b\u0445 \u0434\u0435\u0442\u0430\u043b\u0435\u0439, \u0431\u0443\u0434\u0443\u0442 \u0443\u0441\u0442\u0440\u0430\u043d\u0435\u043d\u044b \u0431\u0435\u0441\u043f\u043b\u0430\u0442\u043d\u043e. \u0414\u0430\u043d\u043d\u0430\u044f \u0433\u0430\u0440\u0430\u043d\u0442\u0438\u044f \u043d\u0435 \u043f\u043e\u043a\u0440\u044b\u0432\u0430\u0435\u0442 \u043d\u0438\u043a\u0430\u043a\u0438\u0445 \u0434\u0440\u0443\u0433\u0438\u0445 \u0440\u0430\u0441\u0445\u043e\u0434\u043e\u0432 (\u0437\u0430 \u0438\u0441\u043a\u043b\u044e\u0447\u0435\u043d\u0438\u0435\u043c \u0434\u0435\u0442\u0430\u043b\u0435\u0439 \u0438 \u0438\u0445 \u0437\u0430\u043c\u0435\u043d\u044b). \u0420\u0430\u0441\u0445\u043e\u0434\u044b \u043d\u0430 \u044d\u043a\u0441\u043f\u0435\u0440\u0442\u0438\u0437\u0443, \u043f\u0440\u043e\u0432\u0435\u0434\u0435\u043d\u043d\u0443\u044e \u0441 \u0446\u0435\u043b\u044c\u044e \u0432\u044b\u044f\u0432\u043b\u0435\u043d\u0438\u044f \u043f\u0440\u043e\u0438\u0437\u0432\u043e\u0434\u0441\u0442\u0432\u0435\u043d\u043d\u043e\u0433\u043e \u0434\u0435\u0444\u0435\u043a\u0442\u0430, \u043d\u0435\u0441\u0435\u0442 \u0432\u043b\u0430\u0434\u0435\u043b\u0435\u0446 \u0438\u0437\u0434\u0435\u043b\u0438\u044f, \u0435\u0441\u043b\u0438 \u044d\u043a\u0441\u043f\u0435\u0440\u0442\u0438\u0437\u0430 \u043f\u043e\u043a\u0430\u0436\u0435\u0442,...","og_url":"https:\/\/moto.sirtaki.ee\/et\/warranty\/","og_site_name":"CFMoto Sirtaki","article_modified_time":"2024-12-02T12:07:29+00:00","twitter_card":"summary_large_image","schema":{"@context":"https:\/\/schema.org","@graph":[{"@type":"WebPage","@id":"https:\/\/moto.sirtaki.ee\/warranty\/","url":"https:\/\/moto.sirtaki.ee\/warranty\/","name":"\u0423\u0441\u043b\u043e\u0432\u0438\u044f \u0433\u0430\u0440\u0430\u043d\u0442\u0438\u0438 | CFMoto Sirtaki","isPartOf":{"@id":"https:\/\/moto.sirtaki.ee\/#website"},"datePublished":"2024-11-06T10:03:31+00:00","dateModified":"2024-12-02T12:07:29+00:00","breadcrumb":{"@id":"https:\/\/moto.sirtaki.ee\/warranty\/#breadcrumb"},"inLanguage":"et","potentialAction":[{"@type":"ReadAction","target":["https:\/\/moto.sirtaki.ee\/warranty\/"]}]},{"@type":"BreadcrumbList","@id":"https:\/\/moto.sirtaki.ee\/warranty\/#breadcrumb","itemListElement":[{"@type":"ListItem","position":1,"name":"Home","item":"https:\/\/moto.sirtaki.ee\/"},{"@type":"ListItem","position":2,"name":"\u0423\u0441\u043b\u043e\u0432\u0438\u044f \u0433\u0430\u0440\u0430\u043d\u0442\u0438\u0438"}]},{"@type":"WebSite","@id":"https:\/\/moto.sirtaki.ee\/#website","url":"https:\/\/moto.sirtaki.ee\/","name":"CFMoto Sirtaki","description":"","potentialAction":[{"@type":"SearchAction","target":{"@type":"EntryPoint","urlTemplate":"https:\/\/moto.sirtaki.ee\/?s={search_term_string}"},"query-input":{"@type":"PropertyValueSpecification","valueRequired":true,"valueName":"search_term_string"}}],"inLanguage":"et"}]}},"_links":{"self":[{"href":"https:\/\/moto.sirtaki.ee\/et\/wp-json\/wp\/v2\/pages\/3736"}],"collection":[{"href":"https:\/\/moto.sirtaki.ee\/et\/wp-json\/wp\/v2\/pages"}],"about":[{"href":"https:\/\/moto.sirtaki.ee\/et\/wp-json\/wp\/v2\/types\/page"}],"author":[{"embeddable":true,"href":"https:\/\/moto.sirtaki.ee\/et\/wp-json\/wp\/v2\/users\/1"}],"replies":[{"embeddable":true,"href":"https:\/\/moto.sirtaki.ee\/et\/wp-json\/wp\/v2\/comments?post=3736"}],"version-history":[{"count":5,"href":"https:\/\/moto.sirtaki.ee\/et\/wp-json\/wp\/v2\/pages\/3736\/revisions"}],"predecessor-version":[{"id":3897,"href":"https:\/\/moto.sirtaki.ee\/et\/wp-json\/wp\/v2\/pages\/3736\/revisions\/3897"}],"wp:attachment":[{"href":"https:\/\/moto.sirtaki.ee\/et\/wp-json\/wp\/v2\/media?parent=3736"}],"curies":[{"name":"wp","href":"https:\/\/api.w.org\/{rel}","templated":true}]}}