{"id":3856,"date":"2024-11-21T12:49:16","date_gmt":"2024-11-21T09:49:16","guid":{"rendered":"https:\/\/moto.sirtaki.ee\/?page_id=3856"},"modified":"2024-12-10T14:15:44","modified_gmt":"2024-12-10T11:15:44","slug":"krediit","status":"publish","type":"page","link":"https:\/\/moto.sirtaki.ee\/et\/krediit\/","title":{"rendered":"Krediit"},"content":{"rendered":"<div class=\"wpb-content-wrapper\"><div class = \"yolo-full-width\"><div class=\"vc_row wpb_row vc_row-fluid\"><div class=\"container\" ><div class=\"wpb_column vc_column_container vc_col-sm-4\"><div class=\"vc_column-inner\"><div class=\"wpb_wrapper\">\n\t<div class=\"wpb_raw_code wpb_raw_html wpb_content_element\" >\n\t\t<div class=\"wpb_wrapper\">\n\t\t\t<center><iframe loading=\"lazy\" frameborder=\"0\" scrolling=\"no\" height=\"500\" width=\"350\" src=\"https:\/\/calculator.inbank.ee\/calculator\/carloan?amount=7500&shop_uuid=126e8917-bd48-4c3e-adcb-5a5b480370a0&product_code=car_loan_pp_sirtaki&leasing=false&excess_amount=false&currency=eur&lang=et&template=editable_amount&mode=white&dimension=false&logo=true&delimiter=false&show_sample=false&start_session=false&secondary_color=red\"><\/iframe><\/center>\n\t\t<\/div>\n\t<\/div>\n<\/div><\/div><\/div><div class=\"wpb_column vc_column_container vc_col-sm-8\"><div class=\"vc_column-inner\"><div class=\"wpb_wrapper\">\n\t<div class=\"wpb_text_column wpb_content_element\" >\n\t\t<div class=\"wpb_wrapper\">\n\t\t\t<h2>Inbanki makseviisid<\/h2>\n<p>Sirtaki OU m\u00fc\u00fcgisalongidest saad kiirelt ja mugavalt soetada CFMOTO k\u00f5ik kaubad Inbanki makseviisidega. \nTasu oma ostu eest alles j\u00e4rgmisel kuul v\u00f5i jaga ostusumma kolmeks v\u00f5rdseks osaks, lihtsalt ja ilma \u00fchegi lisatasuta<\/p>\n<p>Leia sobiv Inbank  makselahendus kassast ja vali endale sobivaim j\u00e4rgmistest valikutest:<\/p>\n<p><strong>Inbank maksa j\u00e4rmisel kuul<\/strong><\/p>\n<ul>\n<li>Maksa j\u00e4rgmise kuu 25ndal kuup\u00e4eval<\/li>\n<li>30 \u2013 800 \u20ac ostudele<\/li>\n<li>0 \u20ac lisatasu<\/li>\n<\/ul>\n<p><strong>Maksa 3 v\u00f5rdses osas<\/strong><\/p>\n<ul>\n<li>75 \u2013 2500 \u20ac ostudele<\/li>\n<li>0 \u20ac lisatasu<\/li>\n<\/ul>\n<p>Lihtne ja lisatasudeta - pole intressi, lepingutasu ega igakuist haldustasu.\nNutikas viis soetada kohe k\u00f5ik, mida vajad, tegemata valikute arvelt j\u00e4releandmisi. Maksmist alustad alles j\u00e4rgmisel kuul.\nInbanki maksa hiljem makseviiside puhul ei ole tegu j\u00e4relmaksuga, vaid krediidivabade makseviisidega \u2013 need ei m\u00f5juta sinu krediidiskoori.\nOst kinnitatakse vaid m\u00f5ne hetkega.<\/p>\n<p><strong>Inbank j\u00e4relmaks<\/strong><\/p>\n<p>Pakume sulle v\u00f5imalust muuta suur \u00fchekordne v\u00e4ljaminek igakuiseks v\u00e4ikeseks kuluks ning tasuda toodete ja teenuste eest osade kaupa. V\u00f5ta maksmiseks rohkem aega. Esimene makse alles kuu aja p\u00e4rast. J\u00e4relmaksu taotluse saad esitada Sirtaki OU m\u00fc\u00fcgisalongis klienditeenindaja juures ning positiivse otsuse korral on v\u00f5malik koheselt leping s\u00f5lmida.<\/p>\n<p>Inbank j\u00e4relmaks \u2013 v\u00f5ta maksmiseks rohkem aega ning jaga ostusumma kuni 5 aasta peale:<\/p>\n<ul>\n<li>Ostusumma 100 - 10 000 \u20ac<\/li>\n<li>Osamaksete arv 6 \u2013 72<\/li>\n<li>Intress 7,9%<\/li>\n<li>Sissemakse 0 \u20ac<\/li>\n<li>Lepingutasu 2%<\/li>\n<li>Haldustasu 0,2% (min 3,9 \u20ac)<\/li>\n<li>Esimene makse alles kuu aja p\u00e4rast<\/li>\n<\/ul>\n\n\t\t<\/div>\n\t<\/div>\n<\/div><\/div><\/div><\/div><\/div><\/div><div class = \"yolo-full-width\"><div class=\"vc_row wpb_row vc_row-fluid\"><div class=\"container\" ><div class=\"wpb_column vc_column_container vc_col-sm-12\"><div class=\"vc_column-inner\"><div class=\"wpb_wrapper\"><div class=\"vc_empty_space\"   style=\"height: 32px\"><span class=\"vc_empty_space_inner\"><\/span><\/div><\/div><\/div><\/div><\/div><\/div><\/div>\n<\/div>","protected":false},"excerpt":{"rendered":"\u041a\u0440\u0435\u0434\u0438\u0442\u043d\u0430\u044f \u043b\u0438\u043d\u0438\u044f \u043e\u0442 INBANK \u0412\u0441\u0435 \u0442\u043e\u0432\u0430\u0440\u044b CFMOTO \u0432\u044b \u043c\u043e\u0436\u0435\u0442\u0435 \u0431\u044b\u0441\u0442\u0440\u043e \u0438 \u0443\u0434\u043e\u0431\u043d\u043e \u043f\u0440\u0438\u043e\u0431\u0440\u0435\u0441\u0442\u0438 Sirtaki O\u00dc \u0441 \u043f\u043e\u043c\u043e\u0449\u044c\u044e \u0441\u043f\u043e\u0441\u043e\u0431\u043e\u0432 \u043e\u043f\u043b\u0430\u0442\u044b Inbank. \u041e\u043f\u043b\u0430\u0442\u0438\u0442\u0435 \u043f\u043e\u043a\u0443\u043f\u043a\u0443 \u0442\u043e\u043b\u044c\u043a\u043e \u0432 \u0441\u043b\u0435\u0434\u0443\u044e\u0449\u0435\u043c \u043c\u0435\u0441\u044f\u0446\u0435 \u0438\u043b\u0438 \u0440\u0430\u0437\u0434\u0435\u043b\u0438\u0442\u0435 \u0441\u0443\u043c\u043c\u0443 \u043f\u043e\u043a\u0443\u043f\u043a\u0438 \u043d\u0430 \u0442\u0440\u0438 \u0440\u0430\u0432\u043d\u044b\u0435 \u0447\u0430\u0441\u0442\u0438, \u043b\u0435\u0433\u043a\u043e \u0438 \u0431\u0435\u0437 \u043d\u0430\u0446\u0435\u043d\u043e\u043a. \u041d\u0430\u0439\u0434\u0438\u0442\u0435 \u043f\u043e\u0434\u0445\u043e\u0434\u044f\u0449\u0435\u0435 \u043f\u043b\u0430\u0442\u0435\u0436\u043d\u043e\u0435 \u0440\u0435\u0448\u0435\u043d\u0438\u0435 \u043e\u0442 Inbank \u043f\u0440\u0438 \u043e\u0444\u043e\u0440\u043c\u043b\u0435\u043d\u0438\u0438 \u0437\u0430\u043a\u0430\u0437\u0430 \u0438 \u0432\u044b\u0431\u0435\u0440\u0438\u0442\u0435 \u043d\u0430\u0438\u0431\u043e\u043b\u0435\u0435 \u043f\u043e\u0434\u0445\u043e\u0434\u044f\u0449\u0438\u0439 \u0438\u0437 \u0441\u043b\u0435\u0434\u0443\u044e\u0449\u0438\u0445 \u0432\u0430\u0440\u0438\u0430\u043d\u0442\u043e\u0432: \u0411\u0430\u043d\u043a\u043e\u0432\u0441\u043a\u0438\u0439...","protected":false},"author":1,"featured_media":0,"parent":0,"menu_order":0,"comment_status":"closed","ping_status":"closed","template":"","meta":{"footnotes":""},"class_list":["post-3856","page","type-page","status-publish","hentry"],"yoast_head":"<!-- This site is optimized with the Yoast SEO plugin v23.9 - https:\/\/yoast.com\/wordpress\/plugins\/seo\/ -->\n<title>\u041a\u0440\u0435\u0434\u0438\u0442 | CFMoto Sirtaki<\/title>\n<meta name=\"robots\" content=\"index, follow, max-snippet:-1, max-image-preview:large, max-video-preview:-1\" \/>\n<link rel=\"canonical\" href=\"https:\/\/moto.sirtaki.ee\/et\/krediit\/\" \/>\n<meta property=\"og:locale\" content=\"et_EE\" \/>\n<meta property=\"og:type\" content=\"article\" \/>\n<meta property=\"og:title\" content=\"\u041a\u0440\u0435\u0434\u0438\u0442 | CFMoto Sirtaki\" \/>\n<meta property=\"og:url\" content=\"https:\/\/moto.sirtaki.ee\/et\/krediit\/\" \/>\n<meta property=\"og:site_name\" content=\"CFMoto Sirtaki\" \/>\n<meta property=\"article:modified_time\" content=\"2024-12-10T11:15:44+00:00\" \/>\n<meta name=\"twitter:card\" content=\"summary_large_image\" \/>\n<script type=\"application\/ld+json\" class=\"yoast-schema-graph\">{\"@context\":\"https:\/\/schema.org\",\"@graph\":[{\"@type\":\"WebPage\",\"@id\":\"https:\/\/moto.sirtaki.ee\/krediit\/\",\"url\":\"https:\/\/moto.sirtaki.ee\/krediit\/\",\"name\":\"\u041a\u0440\u0435\u0434\u0438\u0442 | CFMoto Sirtaki\",\"isPartOf\":{\"@id\":\"https:\/\/moto.sirtaki.ee\/#website\"},\"datePublished\":\"2024-11-21T09:49:16+00:00\",\"dateModified\":\"2024-12-10T11:15:44+00:00\",\"breadcrumb\":{\"@id\":\"https:\/\/moto.sirtaki.ee\/krediit\/#breadcrumb\"},\"inLanguage\":\"et\",\"potentialAction\":[{\"@type\":\"ReadAction\",\"target\":[\"https:\/\/moto.sirtaki.ee\/krediit\/\"]}]},{\"@type\":\"BreadcrumbList\",\"@id\":\"https:\/\/moto.sirtaki.ee\/krediit\/#breadcrumb\",\"itemListElement\":[{\"@type\":\"ListItem\",\"position\":1,\"name\":\"Home\",\"item\":\"https:\/\/moto.sirtaki.ee\/\"},{\"@type\":\"ListItem\",\"position\":2,\"name\":\"\u041a\u0440\u0435\u0434\u0438\u0442\"}]},{\"@type\":\"WebSite\",\"@id\":\"https:\/\/moto.sirtaki.ee\/#website\",\"url\":\"https:\/\/moto.sirtaki.ee\/\",\"name\":\"CFMoto Sirtaki\",\"description\":\"\",\"potentialAction\":[{\"@type\":\"SearchAction\",\"target\":{\"@type\":\"EntryPoint\",\"urlTemplate\":\"https:\/\/moto.sirtaki.ee\/?s={search_term_string}\"},\"query-input\":{\"@type\":\"PropertyValueSpecification\",\"valueRequired\":true,\"valueName\":\"search_term_string\"}}],\"inLanguage\":\"et\"}]}<\/script>\n<!-- \/ Yoast SEO plugin. -->","yoast_head_json":{"title":"\u041a\u0440\u0435\u0434\u0438\u0442 | CFMoto Sirtaki","robots":{"index":"index","follow":"follow","max-snippet":"max-snippet:-1","max-image-preview":"max-image-preview:large","max-video-preview":"max-video-preview:-1"},"canonical":"https:\/\/moto.sirtaki.ee\/et\/krediit\/","og_locale":"et_EE","og_type":"article","og_title":"\u041a\u0440\u0435\u0434\u0438\u0442 | CFMoto Sirtaki","og_url":"https:\/\/moto.sirtaki.ee\/et\/krediit\/","og_site_name":"CFMoto Sirtaki","article_modified_time":"2024-12-10T11:15:44+00:00","twitter_card":"summary_large_image","schema":{"@context":"https:\/\/schema.org","@graph":[{"@type":"WebPage","@id":"https:\/\/moto.sirtaki.ee\/krediit\/","url":"https:\/\/moto.sirtaki.ee\/krediit\/","name":"\u041a\u0440\u0435\u0434\u0438\u0442 | CFMoto Sirtaki","isPartOf":{"@id":"https:\/\/moto.sirtaki.ee\/#website"},"datePublished":"2024-11-21T09:49:16+00:00","dateModified":"2024-12-10T11:15:44+00:00","breadcrumb":{"@id":"https:\/\/moto.sirtaki.ee\/krediit\/#breadcrumb"},"inLanguage":"et","potentialAction":[{"@type":"ReadAction","target":["https:\/\/moto.sirtaki.ee\/krediit\/"]}]},{"@type":"BreadcrumbList","@id":"https:\/\/moto.sirtaki.ee\/krediit\/#breadcrumb","itemListElement":[{"@type":"ListItem","position":1,"name":"Home","item":"https:\/\/moto.sirtaki.ee\/"},{"@type":"ListItem","position":2,"name":"\u041a\u0440\u0435\u0434\u0438\u0442"}]},{"@type":"WebSite","@id":"https:\/\/moto.sirtaki.ee\/#website","url":"https:\/\/moto.sirtaki.ee\/","name":"CFMoto Sirtaki","description":"","potentialAction":[{"@type":"SearchAction","target":{"@type":"EntryPoint","urlTemplate":"https:\/\/moto.sirtaki.ee\/?s={search_term_string}"},"query-input":{"@type":"PropertyValueSpecification","valueRequired":true,"valueName":"search_term_string"}}],"inLanguage":"et"}]}},"_links":{"self":[{"href":"https:\/\/moto.sirtaki.ee\/et\/wp-json\/wp\/v2\/pages\/3856"}],"collection":[{"href":"https:\/\/moto.sirtaki.ee\/et\/wp-json\/wp\/v2\/pages"}],"about":[{"href":"https:\/\/moto.sirtaki.ee\/et\/wp-json\/wp\/v2\/types\/page"}],"author":[{"embeddable":true,"href":"https:\/\/moto.sirtaki.ee\/et\/wp-json\/wp\/v2\/users\/1"}],"replies":[{"embeddable":true,"href":"https:\/\/moto.sirtaki.ee\/et\/wp-json\/wp\/v2\/comments?post=3856"}],"version-history":[{"count":20,"href":"https:\/\/moto.sirtaki.ee\/et\/wp-json\/wp\/v2\/pages\/3856\/revisions"}],"predecessor-version":[{"id":3918,"href":"https:\/\/moto.sirtaki.ee\/et\/wp-json\/wp\/v2\/pages\/3856\/revisions\/3918"}],"wp:attachment":[{"href":"https:\/\/moto.sirtaki.ee\/et\/wp-json\/wp\/v2\/media?parent=3856"}],"curies":[{"name":"wp","href":"https:\/\/api.w.org\/{rel}","templated":true}]}}