{"id":3902,"date":"2024-12-10T13:48:39","date_gmt":"2024-12-10T10:48:39","guid":{"rendered":"https:\/\/moto.sirtaki.ee\/?page_id=3902"},"modified":"2024-12-10T14:11:09","modified_gmt":"2024-12-10T11:11:09","slug":"hooldus","status":"publish","type":"page","link":"https:\/\/moto.sirtaki.ee\/et\/hooldus\/","title":{"rendered":"Remonditingimused\nJa hooldus"},"content":{"rendered":"<div class=\"wpb-content-wrapper\"><div class = \"yolo-full-width\"><div class=\"vc_row wpb_row vc_row-fluid\"><div class=\"container\" ><div class=\"wpb_column vc_column_container vc_col-sm-12\"><div class=\"vc_column-inner\"><div class=\"wpb_wrapper\">\n\t<div class=\"wpb_text_column wpb_content_element\" >\n\t\t<div class=\"wpb_wrapper\">\n\t\t\t<p>Kui teil on k\u00fcsimusi CFMOTO s\u00f5idukite ostmise kohta Sirtaki O\u00dc-lt v\u00f5i kui soovite konsultatsiooni:<br \/>helistage: <a href=\"tel: 3723560139\">+372 35 60\u00a0139<\/a><br \/>\u043f\u0438\u0448\u0438\u0442\u0435: <a href=\"mailto:teenindus@sirtaki.ee\">teenindus@sirtaki.ee<\/a><\/p>\n<p><strong>Remonditingimused<\/strong><\/p>\n<ol>\n<li>T\u00f6\u00f6 teostamise aluseks on t\u00f6\u00f6 tellimise hetkel kirjalikult kokku lepitud ja t\u00f6\u00f6lehele m\u00e4rgitud andmed.<\/li>\n<li>Seadme remondile eelneb defekteerimine ehk vea tuvastamine. Defekteerimistasu tuleb tasuda ka juhul, \nkui seadme viga testimisel ei avaldu v\u00f5i kui seade tuuakse garantiiremonti, kuid hiljem selgub, et tegu ei olnud tootjapoolse veaga.<\/li>\n<li>Seadme garantiiremonti toomisel on kliendil kohustus esitada n\u00f5uetekohane garantii kehtivust t\u00f5endav dokument (garantiipaber, ostut\u0161ekk jne). \nJuhul, kui seadme defekt on tekkinud p\u00f5hjusel, mis v\u00e4listab garantiikorras remontimise, on remondi teostamise aluseks kokkulepe kliendiga<\/li>\n<li>Tellija on kohustatud remonti toodud seadmele j\u00e4rele tulema v\u00e4hemalt 14 p\u00e4eva jooksul peale t\u00f6\u00f6 valmimisest teatamist. \nJuhul, kui t\u00f6\u00f6 tellija ei ole seadmele j\u00e4rele tulnud 14 p\u00e4eva jooksul peale t\u00f6\u00f6 valmimisest teatamist, v\u00f5ib t\u00f6\u00f6 teostaja n\u00f5uda \nseadme hoiustamiskulude katteks tasu vastavalt kehtivale hinnakirjale.<\/li>\n<li>Seadme remondi orienteeruv t\u00e4htaeg 14 kalendrip\u00e4eva alates seadme remonti toomisest. \nRemondit\u00e4htaeg v\u00f5ib pikeneda Sirtaki O\u00dc-st mitteolenevatel p\u00f5hjustel varuosade pika tarneaja v\u00f5i eriti raskelt leitava vea t\u00f5ttu.<\/li>\n<\/ol>\n<p>T\u00e4htaja m\u00f6\u00f6dumisel palume t\u00e4psemat infot k\u00fcsida telefonil: +372 35 60 139<\/p>\n<p>ATV puhul on esmahoolduse kestvust s\u00f5iduki kohta 4 tundi, UTV \/ SSV puhul 6 tundi.\nEsmane vahehooldus: tootja tehas n\u00e4eb ette, et k\u00f5ikidel CFMOTO s\u00f5idukitel, mida kasutatakse tavap\u00e4rastes tingimustes tuleb esimene vahehooldus teostada peale esimest 300 km ( \u00b1 50 km) l\u00e4bimist.\nEsmane vahehooldus on \u00e4\u00e4rmiselt oluline, sest siin teostatakse s\u00f5idukile p\u00f5hjalik kontroll, mis seisneb \u00fcle 70 s\u00f5lme ja komponendi kontrollis sealhulgas m\u00e4\u00e4rdeaine lisamine ning mootori\u00f5li, \u00f5lifiltri ja silla \u00f5lide vahetust.\nP\u00f5hihooldus: l\u00e4bis\u00f5it 1000 km (\u00b1 50km)\nATV p\u00f5hihooldust tuleb teostada v\u00e4hemalt 1 kord aastas v\u00f5i iga 1000 km tagant!<\/p>\n<p>Detailsema info leiad s\u00f5idukiga kaasas olevast <a href=\"https:\/\/drive.google.com\/file\/d\/1zLomVNdQlZQOzmqXvXHlw8qXUMQGHgBB\/view\">HOOLDUSRAAMATUST<\/a> !<\/p>\n<p>Kus hooldada oma ATV-d \/ UTV-d \/ SSV-d\nTootja soovitab CFMOTO s\u00f5idukeid hooldada ainult maaletooja v\u00f5i maaletooja poolt volitatud edasim\u00fc\u00fcja juures. K\u00f5ik CFMOTO volitatud esindajad on koolitatud hooldama CFMOTO s\u00f5idukeid ning omavad spetsiifilisi teadmisi. Sirtaki OU osalevad regulaarselt t\u00e4iendkoolitustel ning saavad igap\u00e4evaselt jooksvat informatsiooni vajalike n\u00fcansside ja uuenduste kohta.\nNB! Mootors\u00f5iduki hooldus ei t\u00e4henda ainult regulaarset mootori\u00f5ili vahetust, vaid see h\u00f5lmab tihti \u00fcle 70 s\u00f5lme kontrolli hoolduses. T\u00e4pset hooldusjuhist ja t\u00f6\u00f6v\u00f5tteid saab omada ainult volitatud ja koolitatud esindaja.<\/p>\n<p>NB! Tootja (tehasegarantii) laieneb ainult s\u00f5idukitele, mida hooldatakse regulaarselt vastavalt etteantud hooldusgraafikule volitatud esindaja juures.<\/p>\n<p>&nbsp;<\/p>\n<p>&nbsp;<\/p>\n\n\t\t<\/div>\n\t<\/div>\n<\/div><\/div><\/div><\/div><\/div><\/div><\/div>","protected":false},"excerpt":{"rendered":"\u041f\u043e \u0432\u0441\u0435\u043c \u0432\u043e\u0437\u043d\u0438\u043a\u0430\u044e\u0449\u0438\u043c \u0432\u043e\u043f\u0440\u043e\u0441\u0430\u043c \u043f\u0440\u0438\u043e\u0431\u0440\u0435\u0442\u0435\u043d\u0438\u044f \u0442\u0435\u0445\u043d\u0438\u043a\u0438 \u043e\u0442 CFMOTO \u0432 \u0430\u0432\u0442\u043e\u0441\u0430\u043b\u043e\u043d\u0435 Sirtaki O\u00dc \u0438\u043b\u0438 \u043f\u043e\u043b\u0443\u0447\u0435\u043d\u0438\u044f \u043a\u043e\u043d\u0441\u0443\u043b\u044c\u0442\u0430\u0446\u0438\u0439:\u0437\u0432\u043e\u043d\u0438\u0442\u0435: +372 35 60\u00a0139\u043f\u0438\u0448\u0438\u0442\u0435: teenindus@sirtaki.ee \u0423\u0441\u043b\u043e\u0432\u0438\u044f \u0440\u0435\u043c\u043e\u043d\u0442\u0430 \u041e\u0441\u043d\u043e\u0432\u0430\u043d\u0438\u0435\u043c \u0434\u043b\u044f \u0432\u044b\u043f\u043e\u043b\u043d\u0435\u043d\u0438\u044f \u0440\u0430\u0431\u043e\u0442\u044b \u044f\u0432\u043b\u044f\u044e\u0442\u0441\u044f \u0434\u0430\u043d\u043d\u044b\u0435, \u0441\u043e\u0433\u043b\u0430\u0441\u043e\u0432\u0430\u043d\u043d\u044b\u0435 \u0432 \u043f\u0438\u0441\u044c\u043c\u0435\u043d\u043d\u043e\u0439 \u0444\u043e\u0440\u043c\u0435 \u043f\u0440\u0438 \u0437\u0430\u043a\u0430\u0437\u0435 \u0440\u0430\u0431\u043e\u0442\u044b \u0438 \u0443\u043a\u0430\u0437\u0430\u043d\u043d\u044b\u0435 \u0432 \u0432\u0435\u0434\u043e\u043c\u043e\u0441\u0442\u0438 \u0440\u0430\u0431\u043e\u0442. \u0420\u0435\u043c\u043e\u043d\u0442\u0443 \u0443\u0441\u0442\u0440\u043e\u0439\u0441\u0442\u0432\u0430 \u043f\u0440\u0435\u0434\u0448\u0435\u0441\u0442\u0432\u0443\u0435\u0442 \u0434\u0435\u0444\u0435\u043a\u0442\u0430\u0446\u0438\u044f, \u0442.\u0435. \u043e\u0431\u043d\u0430\u0440\u0443\u0436\u0435\u043d\u0438\u0435 \u043e\u0448\u0438\u0431\u043a\u0438. \u0414\u0435\u0444\u0435\u043a\u0442\u043d\u044b\u0439 \u0441\u0431\u043e\u0440 \u043f\u043e\u0434\u043b\u0435\u0436\u0438\u0442 \u0443\u043f\u043b\u0430\u0442\u0435 \u0438 \u0432 \u0442\u043e\u043c \u0441\u043b\u0443\u0447\u0430\u0435, \u0435\u0441\u043b\u0438...","protected":false},"author":1,"featured_media":0,"parent":0,"menu_order":0,"comment_status":"closed","ping_status":"closed","template":"","meta":{"footnotes":""},"class_list":["post-3902","page","type-page","status-publish","hentry"],"yoast_head":"<!-- This site is optimized with the Yoast SEO plugin v23.9 - https:\/\/yoast.com\/wordpress\/plugins\/seo\/ -->\n<title>\u0420\u0435\u043c\u043e\u043d\u0442 \u0438 \u043e\u0431\u0441\u043b\u0443\u0436\u0438\u0432\u0430\u043d\u0438\u0435 | CFMoto Sirtaki<\/title>\n<meta name=\"robots\" content=\"index, follow, max-snippet:-1, max-image-preview:large, max-video-preview:-1\" \/>\n<link rel=\"canonical\" href=\"https:\/\/moto.sirtaki.ee\/et\/hooldus\/\" \/>\n<meta property=\"og:locale\" content=\"et_EE\" \/>\n<meta property=\"og:type\" content=\"article\" \/>\n<meta property=\"og:title\" content=\"\u0420\u0435\u043c\u043e\u043d\u0442 \u0438 \u043e\u0431\u0441\u043b\u0443\u0436\u0438\u0432\u0430\u043d\u0438\u0435 | CFMoto Sirtaki\" \/>\n<meta property=\"og:url\" content=\"https:\/\/moto.sirtaki.ee\/et\/hooldus\/\" \/>\n<meta property=\"og:site_name\" content=\"CFMoto Sirtaki\" \/>\n<meta property=\"article:modified_time\" content=\"2024-12-10T11:11:09+00:00\" \/>\n<meta name=\"twitter:card\" content=\"summary_large_image\" \/>\n<script type=\"application\/ld+json\" class=\"yoast-schema-graph\">{\"@context\":\"https:\/\/schema.org\",\"@graph\":[{\"@type\":\"WebPage\",\"@id\":\"https:\/\/moto.sirtaki.ee\/hooldus\/\",\"url\":\"https:\/\/moto.sirtaki.ee\/hooldus\/\",\"name\":\"\u0420\u0435\u043c\u043e\u043d\u0442 \u0438 \u043e\u0431\u0441\u043b\u0443\u0436\u0438\u0432\u0430\u043d\u0438\u0435 | CFMoto Sirtaki\",\"isPartOf\":{\"@id\":\"https:\/\/moto.sirtaki.ee\/#website\"},\"datePublished\":\"2024-12-10T10:48:39+00:00\",\"dateModified\":\"2024-12-10T11:11:09+00:00\",\"breadcrumb\":{\"@id\":\"https:\/\/moto.sirtaki.ee\/hooldus\/#breadcrumb\"},\"inLanguage\":\"et\",\"potentialAction\":[{\"@type\":\"ReadAction\",\"target\":[\"https:\/\/moto.sirtaki.ee\/hooldus\/\"]}]},{\"@type\":\"BreadcrumbList\",\"@id\":\"https:\/\/moto.sirtaki.ee\/hooldus\/#breadcrumb\",\"itemListElement\":[{\"@type\":\"ListItem\",\"position\":1,\"name\":\"Home\",\"item\":\"https:\/\/moto.sirtaki.ee\/\"},{\"@type\":\"ListItem\",\"position\":2,\"name\":\"\u0420\u0435\u043c\u043e\u043d\u0442 \u0438 \u043e\u0431\u0441\u043b\u0443\u0436\u0438\u0432\u0430\u043d\u0438\u0435\"}]},{\"@type\":\"WebSite\",\"@id\":\"https:\/\/moto.sirtaki.ee\/#website\",\"url\":\"https:\/\/moto.sirtaki.ee\/\",\"name\":\"CFMoto Sirtaki\",\"description\":\"\",\"potentialAction\":[{\"@type\":\"SearchAction\",\"target\":{\"@type\":\"EntryPoint\",\"urlTemplate\":\"https:\/\/moto.sirtaki.ee\/?s={search_term_string}\"},\"query-input\":{\"@type\":\"PropertyValueSpecification\",\"valueRequired\":true,\"valueName\":\"search_term_string\"}}],\"inLanguage\":\"et\"}]}<\/script>\n<!-- \/ Yoast SEO plugin. -->","yoast_head_json":{"title":"\u0420\u0435\u043c\u043e\u043d\u0442 \u0438 \u043e\u0431\u0441\u043b\u0443\u0436\u0438\u0432\u0430\u043d\u0438\u0435 | CFMoto Sirtaki","robots":{"index":"index","follow":"follow","max-snippet":"max-snippet:-1","max-image-preview":"max-image-preview:large","max-video-preview":"max-video-preview:-1"},"canonical":"https:\/\/moto.sirtaki.ee\/et\/hooldus\/","og_locale":"et_EE","og_type":"article","og_title":"\u0420\u0435\u043c\u043e\u043d\u0442 \u0438 \u043e\u0431\u0441\u043b\u0443\u0436\u0438\u0432\u0430\u043d\u0438\u0435 | CFMoto Sirtaki","og_url":"https:\/\/moto.sirtaki.ee\/et\/hooldus\/","og_site_name":"CFMoto Sirtaki","article_modified_time":"2024-12-10T11:11:09+00:00","twitter_card":"summary_large_image","schema":{"@context":"https:\/\/schema.org","@graph":[{"@type":"WebPage","@id":"https:\/\/moto.sirtaki.ee\/hooldus\/","url":"https:\/\/moto.sirtaki.ee\/hooldus\/","name":"\u0420\u0435\u043c\u043e\u043d\u0442 \u0438 \u043e\u0431\u0441\u043b\u0443\u0436\u0438\u0432\u0430\u043d\u0438\u0435 | CFMoto Sirtaki","isPartOf":{"@id":"https:\/\/moto.sirtaki.ee\/#website"},"datePublished":"2024-12-10T10:48:39+00:00","dateModified":"2024-12-10T11:11:09+00:00","breadcrumb":{"@id":"https:\/\/moto.sirtaki.ee\/hooldus\/#breadcrumb"},"inLanguage":"et","potentialAction":[{"@type":"ReadAction","target":["https:\/\/moto.sirtaki.ee\/hooldus\/"]}]},{"@type":"BreadcrumbList","@id":"https:\/\/moto.sirtaki.ee\/hooldus\/#breadcrumb","itemListElement":[{"@type":"ListItem","position":1,"name":"Home","item":"https:\/\/moto.sirtaki.ee\/"},{"@type":"ListItem","position":2,"name":"\u0420\u0435\u043c\u043e\u043d\u0442 \u0438 \u043e\u0431\u0441\u043b\u0443\u0436\u0438\u0432\u0430\u043d\u0438\u0435"}]},{"@type":"WebSite","@id":"https:\/\/moto.sirtaki.ee\/#website","url":"https:\/\/moto.sirtaki.ee\/","name":"CFMoto Sirtaki","description":"","potentialAction":[{"@type":"SearchAction","target":{"@type":"EntryPoint","urlTemplate":"https:\/\/moto.sirtaki.ee\/?s={search_term_string}"},"query-input":{"@type":"PropertyValueSpecification","valueRequired":true,"valueName":"search_term_string"}}],"inLanguage":"et"}]}},"_links":{"self":[{"href":"https:\/\/moto.sirtaki.ee\/et\/wp-json\/wp\/v2\/pages\/3902"}],"collection":[{"href":"https:\/\/moto.sirtaki.ee\/et\/wp-json\/wp\/v2\/pages"}],"about":[{"href":"https:\/\/moto.sirtaki.ee\/et\/wp-json\/wp\/v2\/types\/page"}],"author":[{"embeddable":true,"href":"https:\/\/moto.sirtaki.ee\/et\/wp-json\/wp\/v2\/users\/1"}],"replies":[{"embeddable":true,"href":"https:\/\/moto.sirtaki.ee\/et\/wp-json\/wp\/v2\/comments?post=3902"}],"version-history":[{"count":5,"href":"https:\/\/moto.sirtaki.ee\/et\/wp-json\/wp\/v2\/pages\/3902\/revisions"}],"predecessor-version":[{"id":3916,"href":"https:\/\/moto.sirtaki.ee\/et\/wp-json\/wp\/v2\/pages\/3902\/revisions\/3916"}],"wp:attachment":[{"href":"https:\/\/moto.sirtaki.ee\/et\/wp-json\/wp\/v2\/media?parent=3902"}],"curies":[{"name":"wp","href":"https:\/\/api.w.org\/{rel}","templated":true}]}}