{"id":3902,"date":"2024-12-10T13:48:39","date_gmt":"2024-12-10T10:48:39","guid":{"rendered":"https:\/\/moto.sirtaki.ee\/?page_id=3902"},"modified":"2026-04-22T22:55:30","modified_gmt":"2026-04-22T19:55:30","slug":"hooldus","status":"publish","type":"page","link":"https:\/\/moto.sirtaki.ee\/ru\/hooldus\/","title":{"rendered":"Hooldus ja remont"},"content":{"rendered":"<div class=\"wpb-content-wrapper\"><div class = \"yolo-full-width\"><div class=\"vc_row wpb_row vc_row-fluid\"><div class=\"container\" ><div class=\"wpb_column vc_column_container vc_col-sm-12\"><div class=\"vc_column-inner\"><div class=\"wpb_wrapper\">\n\t<div class=\"wpb_text_column wpb_content_element\" >\n\t\t<div class=\"wpb_wrapper\">\n\t\t\t<p data-start=\"185\" data-end=\"241\"><strong data-start=\"185\" data-end=\"241\">Miks tuua oma ATV v\u00f5i s\u00f5iduk hooldusesse just meile?<\/strong><\/p>\n<p data-start=\"243\" data-end=\"322\">Meie jaoks ei ole hooldus ja remont lihtsalt t\u00f6\u00f6 \u2013 see on vastutus kliendi ees.<\/p>\n<p data-start=\"324\" data-end=\"567\">Meie mehaanikud tunnevad tehnikat p\u00f5hjalikult. Paljud neist on meie meeskonnas t\u00f6\u00f6tanud juba ligi 20 aastat. See kogemus t\u00e4hendab, et me ei tee t\u00f6\u00f6d pealiskaudselt \u2013 leiame lahenduse ja viime t\u00f6\u00f6 l\u00f5puni, ka siis, kui olukord ei ole standardne.<\/p>\n<p data-start=\"569\" data-end=\"703\">Meil on oma varuosade ladu ning otsesuhtlus tootjatega. See tagab, et kasutame \u00f5igeid varuosi ja j\u00e4rgime tootja n\u00f5udeid iga t\u00f6\u00f6 puhul.<\/p>\n<p data-start=\"705\" data-end=\"847\">Oleme spetsialiseerunud CFMOTO tehnikale, kuid meie juurde on oodatud ka teiste markide omanikud, kes hindavad ausat ja p\u00f5hjalikku l\u00e4henemist.<\/p>\n<p data-start=\"849\" data-end=\"939\">K\u00f5ikidele t\u00f6\u00f6dele kehtib kirjalik garantii ning klient saab selge \u00fclevaate tehtud t\u00f6\u00f6dest.<\/p>\n<p data-start=\"941\" data-end=\"1029\"><strong data-start=\"941\" data-end=\"1029\">Tulemus \u2013 korralikult tehtud t\u00f6\u00f6, l\u00e4bipaistev teenindus ja kindlus oma s\u00f5iduki osas.<\/strong><\/p>\n\n\t\t<\/div>\n\t<\/div>\n<\/div><\/div><\/div><\/div><\/div><\/div><div class = \"yolo-full-width\"><div class=\"vc_row wpb_row vc_row-fluid\"><div class=\"container\" ><div class=\"wpb_column vc_column_container vc_col-sm-12\"><div class=\"vc_column-inner\"><div class=\"wpb_wrapper\"><noscript class=\"ninja-forms-noscript-message\">\n\t\u041f\u043e\u043c\u043d\u0438\u0442\u0435: \u0434\u043b\u044f \u044d\u0442\u043e\u0433\u043e \u043a\u043e\u043d\u0442\u0435\u043d\u0442\u0430 \u0442\u0440\u0435\u0431\u0443\u0435\u0442\u0441\u044f JavaScript.<\/noscript>\n<div id=\"nf-form-2-cont\" class=\"nf-form-cont\" aria-live=\"polite\" aria-labelledby=\"nf-form-title-2\" aria-describedby=\"nf-form-errors-2\" role=\"form\">\n\n    <div class=\"nf-loading-spinner\"><\/div>\n\n<\/div>\n        <!-- That data is being printed as a workaround to page builders reordering the order of the scripts loaded-->\n        <script>var formDisplay=1;var nfForms=nfForms||[];var form=[];form.id='2';form.settings={\"objectType\":\"Form Setting\",\"editActive\":true,\"title\":\"BRONEERI AEG!\",\"created_at\":\"2016-08-28 16:16:05\",\"form_title\":\"Event Registration\",\"default_label_pos\":\"above\",\"show_title\":\"1\",\"clear_complete\":\"1\",\"hide_complete\":\"1\",\"logged_in\":\"0\",\"key\":\"\",\"wrapper_class\":\"\",\"element_class\":\"\",\"add_submit\":\"0\",\"not_logged_in_msg\":\"\",\"sub_limit_number\":\"\",\"sub_limit_msg\":\"\",\"calculations\":[],\"formContentData\":[\"broneeri_aeg_1776886438123\",\"hr\",\"nimi_1776886288723\",\"email_1776887520206\",\"telefon_1776886350603\",\"sonum_1776887893319\",\"saada_1776887013075\"],\"currency\":\"\",\"unique_field_error\":\"A form with this value has already been submitted.\",\"allow_public_link\":0,\"public_link\":\"https:\\\/\\\/moto.sirtaki.ee\\\/ninja-forms\\\/2clnc\",\"embed_form\":\"\",\"form_title_heading_level\":\"3\",\"public_link_key\":\"2clnc\",\"changeEmailErrorMsg\":\"\\u0423\\u043a\\u0430\\u0436\\u0438\\u0442\\u0435 \\u0434\\u0435\\u0439\\u0441\\u0442\\u0432\\u0438\\u0442\\u0435\\u043b\\u044c\\u043d\\u044b\\u0439 \\u0430\\u0434\\u0440\\u0435\\u0441 \\u044d\\u043b\\u0435\\u043a\\u0442\\u0440\\u043e\\u043d\\u043d\\u043e\\u0439 \\u043f\\u043e\\u0447\\u0442\\u044b!\",\"changeDateErrorMsg\":\"Please enter a valid date!\",\"confirmFieldErrorMsg\":\"\\u0421\\u043e\\u0434\\u0435\\u0440\\u0436\\u0430\\u043d\\u0438\\u0435 \\u044d\\u0442\\u0438\\u0445 \\u043f\\u043e\\u043b\\u0435\\u0439 \\u0434\\u043e\\u043b\\u0436\\u043d\\u043e \\u0441\\u043e\\u0432\\u043f\\u0430\\u0434\\u0430\\u0442\\u044c!\",\"fieldNumberNumMinError\":\"\\u041c\\u0438\\u043d. \\u043d\\u043e\\u043c\\u0435\\u0440 \\u043e\\u0448\\u0438\\u0431\\u043a\\u0438\",\"fieldNumberNumMaxError\":\"\\u041c\\u0430\\u043a\\u0441. \\u043d\\u043e\\u043c\\u0435\\u0440 \\u043e\\u0448\\u0438\\u0431\\u043a\\u0438\",\"fieldNumberIncrementBy\":\"\\u0423\\u0432\\u0435\\u043b\\u0438\\u0447\\u0438\\u0432\\u0430\\u0439\\u0442\\u0435 \\u0441 \\u0448\\u0430\\u0433\\u043e\\u043c \",\"formErrorsCorrectErrors\":\"\\u0418\\u0441\\u043f\\u0440\\u0430\\u0432\\u044c\\u0442\\u0435 \\u043e\\u0448\\u0438\\u0431\\u043a\\u0438 \\u043f\\u0435\\u0440\\u0435\\u0434 \\u043e\\u0442\\u043f\\u0440\\u0430\\u0432\\u043a\\u043e\\u0439 \\u044d\\u0442\\u043e\\u0439 \\u0444\\u043e\\u0440\\u043c\\u044b.\",\"validateRequiredField\":\"\\u042d\\u0442\\u043e \\u043e\\u0431\\u044f\\u0437\\u0430\\u0442\\u0435\\u043b\\u044c\\u043d\\u043e\\u0435 \\u043f\\u043e\\u043b\\u0435.\",\"honeypotHoneypotError\":\"\\u041e\\u0448\\u0438\\u0431\\u043a\\u0430 Honeypot\",\"fieldsMarkedRequired\":\"\\u041f\\u043e\\u043b\\u044f, \\u043f\\u043e\\u043c\\u0435\\u0447\\u0435\\u043d\\u043d\\u044b\\u0435 \\u0441\\u0438\\u043c\\u0432\\u043e\\u043b\\u043e\\u043c <span class=\\\"ninja-forms-req-symbol\\\">*<\\\/span>, \\u043e\\u0431\\u044f\\u0437\\u0430\\u0442\\u0435\\u043b\\u044c\\u043d\\u044b \\u043a \\u0437\\u0430\\u043f\\u043e\\u043b\\u043d\\u0435\\u043d\\u0438\\u044e\",\"objectDomain\":\"display\",\"drawerDisabled\":false,\"ninjaForms\":\"Ninja Forms\",\"fieldTextareaRTEInsertLink\":\"\\u0412\\u0441\\u0442\\u0430\\u0432\\u0438\\u0442\\u044c \\u0441\\u0441\\u044b\\u043b\\u043a\\u0443\",\"fieldTextareaRTEInsertMedia\":\"\\u0412\\u0441\\u0442\\u0430\\u0432\\u0438\\u0442\\u044c \\u043c\\u0435\\u0434\\u0438\\u0430\\u0444\\u0430\\u0439\\u043b\",\"fieldTextareaRTESelectAFile\":\"\\u0412\\u044b\\u0431\\u0435\\u0440\\u0438\\u0442\\u0435 \\u0444\\u0430\\u0439\\u043b\",\"formHoneypot\":\"\\u0415\\u0441\\u043b\\u0438 \\u0432\\u044b \\u0447\\u0435\\u043b\\u043e\\u0432\\u0435\\u043a, \\u043d\\u0435 \\u0432\\u0432\\u043e\\u0434\\u0438\\u0442\\u0435 \\u0434\\u0430\\u043d\\u043d\\u044b\\u0435 \\u0432 \\u044d\\u0442\\u043e \\u043f\\u043e\\u043b\\u0435.\",\"fileUploadOldCodeFileUploadInProgress\":\"\\u041f\\u0440\\u043e\\u0434\\u043e\\u043b\\u0436\\u0430\\u0435\\u0442\\u0441\\u044f \\u043f\\u0435\\u0440\\u0435\\u0434\\u0430\\u0447\\u0430 \\u0444\\u0430\\u0439\\u043b\\u0430.\",\"fileUploadOldCodeFileUpload\":\"\\u041f\\u0435\\u0440\\u0435\\u0434\\u0430\\u0447\\u0430 \\u0444\\u0430\\u0439\\u043b\\u0430\",\"currencySymbol\":\"&#36;\",\"thousands_sep\":\"&nbsp;\",\"decimal_point\":\",\",\"siteLocale\":\"ru_RU\",\"dateFormat\":\"m\\\/d\\\/Y\",\"startOfWeek\":\"1\",\"of\":\"\\u0438\\u0437\",\"previousMonth\":\"Previous Month\",\"nextMonth\":\"Next Month\",\"months\":[\"January\",\"February\",\"March\",\"April\",\"May\",\"June\",\"July\",\"August\",\"September\",\"October\",\"November\",\"December\"],\"monthsShort\":[\"Jan\",\"Feb\",\"Mar\",\"Apr\",\"May\",\"Jun\",\"Jul\",\"Aug\",\"Sep\",\"Oct\",\"Nov\",\"Dec\"],\"weekdays\":[\"Sunday\",\"Monday\",\"Tuesday\",\"Wednesday\",\"Thursday\",\"Friday\",\"Saturday\"],\"weekdaysShort\":[\"Sun\",\"Mon\",\"Tue\",\"Wed\",\"Thu\",\"Fri\",\"Sat\"],\"weekdaysMin\":[\"Su\",\"Mo\",\"Tu\",\"We\",\"Th\",\"Fr\",\"Sa\"],\"recaptchaConsentMissing\":\"reCaptcha validation couldn&#039;t load.\",\"recaptchaMissingCookie\":\"reCaptcha v3 validation couldn&#039;t load the cookie needed to submit the form.\",\"recaptchaConsentEvent\":\"Accept reCaptcha cookies before sending the form.\",\"currency_symbol\":\"\",\"beforeForm\":\"\",\"beforeFields\":\"\",\"afterFields\":\"\",\"afterForm\":\"\"};form.fields=[{\"objectType\":\"Field\",\"objectDomain\":\"fields\",\"editActive\":false,\"order\":1,\"idAttribute\":\"id\",\"label\":\"BRONEERI AEG!\",\"key\":\"broneeri_aeg_1776886438123\",\"type\":\"html\",\"created_at\":\"2016-08-28 16:16:05\",\"default\":\"<p><br><\\\/p>\",\"container_class\":\"\",\"element_class\":\"\",\"field_label\":\"Event Intro Description\",\"field_key\":\"event_intro_description\",\"admin_label\":\"\",\"drawerDisabled\":false,\"id\":8,\"beforeField\":\"\",\"afterField\":\"\",\"value\":\"<p><br><\\\/p>\",\"label_pos\":\"above\",\"parentType\":\"html\",\"element_templates\":[\"html\",\"input\"],\"old_classname\":\"\",\"wrap_template\":\"wrap\"},{\"objectType\":\"Field\",\"objectDomain\":\"fields\",\"editActive\":false,\"order\":2,\"idAttribute\":\"id\",\"label\":\"Divider\",\"key\":\"hr\",\"type\":\"hr\",\"created_at\":\"2016-08-28 16:16:05\",\"container_class\":\"\",\"element_class\":\"\",\"field_label\":\"Divider\",\"field_key\":\"hr\",\"admin_label\":\"\",\"id\":9,\"beforeField\":\"\",\"afterField\":\"\",\"value\":\"\",\"label_pos\":\"above\",\"parentType\":\"hr\",\"element_templates\":[\"hr\",\"input\"],\"old_classname\":\"\",\"wrap_template\":\"wrap\"},{\"objectType\":\"Field\",\"objectDomain\":\"fields\",\"editActive\":false,\"order\":3,\"idAttribute\":\"id\",\"label\":\"Nimi\",\"key\":\"nimi_1776886288723\",\"type\":\"firstname\",\"created_at\":\"2016-08-28 16:16:05\",\"label_pos\":\"above\",\"required\":1,\"default\":\"\",\"placeholder\":\"\",\"container_class\":\"one-half first\",\"element_class\":\"\",\"admin_label\":\"\",\"help_text\":\"\",\"desc_text\":\"\",\"field_label\":\"First Name\",\"field_key\":\"firstname\",\"custom_name_attribute\":\"fname\",\"personally_identifiable\":1,\"value\":\"\",\"id\":10,\"beforeField\":\"\",\"afterField\":\"\",\"parentType\":\"firstname\",\"element_templates\":[\"firstname\",\"input\"],\"old_classname\":\"\",\"wrap_template\":\"wrap\"},{\"objectType\":\"Field\",\"objectDomain\":\"fields\",\"editActive\":false,\"order\":4,\"idAttribute\":\"id\",\"label\":\"Email\",\"key\":\"email_1776887520206\",\"type\":\"email\",\"created_at\":\"2016-08-28 16:16:05\",\"label_pos\":\"above\",\"required\":1,\"default\":\"\",\"placeholder\":\"\",\"container_class\":\"one-half first\",\"element_class\":\"\",\"admin_label\":\"\",\"help_text\":\"\",\"desc_text\":\"\",\"field_label\":\"Email\",\"field_key\":\"email\",\"custom_name_attribute\":\"email\",\"personally_identifiable\":1,\"value\":\"\",\"drawerDisabled\":false,\"id\":12,\"beforeField\":\"\",\"afterField\":\"\",\"parentType\":\"email\",\"element_templates\":[\"email\",\"input\"],\"old_classname\":\"\",\"wrap_template\":\"wrap\"},{\"objectType\":\"Field\",\"objectDomain\":\"fields\",\"editActive\":false,\"order\":5,\"idAttribute\":\"id\",\"label\":\"Telefon\",\"key\":\"telefon_1776886350603\",\"type\":\"textbox\",\"created_at\":\"2016-08-28 16:16:05\",\"label_pos\":\"above\",\"required\":1,\"placeholder\":\"\",\"default\":\"\",\"container_class\":\"one-half\",\"element_class\":\"\",\"input_limit\":\"\",\"input_limit_type\":\"characters\",\"input_limit_msg\":\"Character(s) left\",\"manual_key\":\"\",\"disable_input\":\"\",\"admin_label\":\"\",\"help_text\":\"\",\"desc_text\":\"\",\"disable_browser_autocomplete\":\"\",\"mask\":\"\",\"custom_mask\":\"\",\"field_label\":\"Phone\",\"field_key\":\"textbox\",\"custom_name_attribute\":\"\",\"personally_identifiable\":\"\",\"value\":\"\",\"id\":13,\"beforeField\":\"\",\"afterField\":\"\",\"parentType\":\"textbox\",\"element_templates\":[\"textbox\",\"input\"],\"old_classname\":\"\",\"wrap_template\":\"wrap\"},{\"objectType\":\"Field\",\"objectDomain\":\"fields\",\"editActive\":false,\"order\":6,\"idAttribute\":\"id\",\"label\":\"S\\u00f5num\",\"key\":\"sonum_1776887893319\",\"type\":\"firstname\",\"created_at\":\"2016-08-28 16:16:05\",\"label_pos\":\"above\",\"required\":1,\"default\":\"\",\"placeholder\":\"\",\"container_class\":\"one-half first\",\"element_class\":\"\",\"admin_label\":\"\",\"help_text\":\"\",\"desc_text\":\"\",\"field_label\":\"First Name\",\"field_key\":\"firstname\",\"custom_name_attribute\":\"fname\",\"personally_identifiable\":1,\"value\":\"\",\"drawerDisabled\":false,\"id\":22,\"beforeField\":\"\",\"afterField\":\"\",\"parentType\":\"firstname\",\"element_templates\":[\"firstname\",\"input\"],\"old_classname\":\"\",\"wrap_template\":\"wrap\"},{\"objectType\":\"Field\",\"objectDomain\":\"fields\",\"editActive\":false,\"order\":7,\"idAttribute\":\"id\",\"label\":\"Saada\",\"key\":\"saada_1776887013075\",\"type\":\"submit\",\"created_at\":\"2016-08-28 16:16:05\",\"processing_label\":\"T\\u00f6\\u00f6tlemine\",\"container_class\":\"\",\"element_class\":\"\",\"field_label\":\"Register\",\"field_key\":\"register\",\"admin_label\":\"\",\"drawerDisabled\":false,\"id\":20,\"beforeField\":\"\",\"afterField\":\"\",\"value\":\"\",\"label_pos\":\"above\",\"parentType\":\"textbox\",\"element_templates\":[\"submit\",\"button\",\"input\"],\"old_classname\":\"\",\"wrap_template\":\"wrap-no-label\"}];nfForms.push(form);<\/script>\n        <\/div><\/div><\/div><\/div><\/div><\/div>\n<\/div>","protected":false},"excerpt":{"rendered":"Miks tuua oma ATV v\u00f5i s\u00f5iduk hooldusesse just meile? Meie jaoks ei ole hooldus ja remont lihtsalt t\u00f6\u00f6 \u2013 see on vastutus kliendi ees. Meie mehaanikud tunnevad tehnikat p\u00f5hjalikult. Paljud neist on meie meeskonnas t\u00f6\u00f6tanud juba ligi 20 aastat. See kogemus t\u00e4hendab, et me ei tee t\u00f6\u00f6d pealiskaudselt \u2013 leiame lahenduse ja viime t\u00f6\u00f6 l\u00f5puni,...","protected":false},"author":1,"featured_media":0,"parent":0,"menu_order":0,"comment_status":"closed","ping_status":"closed","template":"","meta":{"footnotes":""},"class_list":["post-3902","page","type-page","status-publish","hentry"],"yoast_head":"<!-- This site is optimized with the Yoast SEO plugin v23.9 - https:\/\/yoast.com\/wordpress\/plugins\/seo\/ -->\n<title>Hooldus ja remont | CFMoto Sirtaki<\/title>\n<meta name=\"robots\" content=\"index, follow, max-snippet:-1, max-image-preview:large, max-video-preview:-1\" \/>\n<link rel=\"canonical\" href=\"https:\/\/moto.sirtaki.ee\/ru\/hooldus\/\" \/>\n<meta property=\"og:locale\" content=\"ru_RU\" \/>\n<meta property=\"og:type\" content=\"article\" \/>\n<meta property=\"og:title\" content=\"Hooldus ja remont | CFMoto Sirtaki\" \/>\n<meta property=\"og:url\" content=\"https:\/\/moto.sirtaki.ee\/ru\/hooldus\/\" \/>\n<meta property=\"og:site_name\" content=\"CFMoto Sirtaki\" \/>\n<meta property=\"article:modified_time\" content=\"2026-04-22T19:55:30+00:00\" \/>\n<meta name=\"twitter:card\" content=\"summary_large_image\" \/>\n<script type=\"application\/ld+json\" class=\"yoast-schema-graph\">{\"@context\":\"https:\/\/schema.org\",\"@graph\":[{\"@type\":\"WebPage\",\"@id\":\"https:\/\/moto.sirtaki.ee\/hooldus\/\",\"url\":\"https:\/\/moto.sirtaki.ee\/hooldus\/\",\"name\":\"Hooldus ja remont | CFMoto Sirtaki\",\"isPartOf\":{\"@id\":\"https:\/\/moto.sirtaki.ee\/#website\"},\"datePublished\":\"2024-12-10T10:48:39+00:00\",\"dateModified\":\"2026-04-22T19:55:30+00:00\",\"breadcrumb\":{\"@id\":\"https:\/\/moto.sirtaki.ee\/hooldus\/#breadcrumb\"},\"inLanguage\":\"ru-RU\",\"potentialAction\":[{\"@type\":\"ReadAction\",\"target\":[\"https:\/\/moto.sirtaki.ee\/hooldus\/\"]}]},{\"@type\":\"BreadcrumbList\",\"@id\":\"https:\/\/moto.sirtaki.ee\/hooldus\/#breadcrumb\",\"itemListElement\":[{\"@type\":\"ListItem\",\"position\":1,\"name\":\"Home\",\"item\":\"https:\/\/moto.sirtaki.ee\/\"},{\"@type\":\"ListItem\",\"position\":2,\"name\":\"Hooldus ja remont\"}]},{\"@type\":\"WebSite\",\"@id\":\"https:\/\/moto.sirtaki.ee\/#website\",\"url\":\"https:\/\/moto.sirtaki.ee\/\",\"name\":\"CFMoto Sirtaki\",\"description\":\"\",\"potentialAction\":[{\"@type\":\"SearchAction\",\"target\":{\"@type\":\"EntryPoint\",\"urlTemplate\":\"https:\/\/moto.sirtaki.ee\/?s={search_term_string}\"},\"query-input\":{\"@type\":\"PropertyValueSpecification\",\"valueRequired\":true,\"valueName\":\"search_term_string\"}}],\"inLanguage\":\"ru-RU\"}]}<\/script>\n<!-- \/ Yoast SEO plugin. -->","yoast_head_json":{"title":"Hooldus ja remont | CFMoto Sirtaki","robots":{"index":"index","follow":"follow","max-snippet":"max-snippet:-1","max-image-preview":"max-image-preview:large","max-video-preview":"max-video-preview:-1"},"canonical":"https:\/\/moto.sirtaki.ee\/ru\/hooldus\/","og_locale":"ru_RU","og_type":"article","og_title":"Hooldus ja remont | CFMoto Sirtaki","og_url":"https:\/\/moto.sirtaki.ee\/ru\/hooldus\/","og_site_name":"CFMoto Sirtaki","article_modified_time":"2026-04-22T19:55:30+00:00","twitter_card":"summary_large_image","schema":{"@context":"https:\/\/schema.org","@graph":[{"@type":"WebPage","@id":"https:\/\/moto.sirtaki.ee\/hooldus\/","url":"https:\/\/moto.sirtaki.ee\/hooldus\/","name":"Hooldus ja remont | CFMoto Sirtaki","isPartOf":{"@id":"https:\/\/moto.sirtaki.ee\/#website"},"datePublished":"2024-12-10T10:48:39+00:00","dateModified":"2026-04-22T19:55:30+00:00","breadcrumb":{"@id":"https:\/\/moto.sirtaki.ee\/hooldus\/#breadcrumb"},"inLanguage":"ru-RU","potentialAction":[{"@type":"ReadAction","target":["https:\/\/moto.sirtaki.ee\/hooldus\/"]}]},{"@type":"BreadcrumbList","@id":"https:\/\/moto.sirtaki.ee\/hooldus\/#breadcrumb","itemListElement":[{"@type":"ListItem","position":1,"name":"Home","item":"https:\/\/moto.sirtaki.ee\/"},{"@type":"ListItem","position":2,"name":"Hooldus ja remont"}]},{"@type":"WebSite","@id":"https:\/\/moto.sirtaki.ee\/#website","url":"https:\/\/moto.sirtaki.ee\/","name":"CFMoto Sirtaki","description":"","potentialAction":[{"@type":"SearchAction","target":{"@type":"EntryPoint","urlTemplate":"https:\/\/moto.sirtaki.ee\/?s={search_term_string}"},"query-input":{"@type":"PropertyValueSpecification","valueRequired":true,"valueName":"search_term_string"}}],"inLanguage":"ru-RU"}]}},"_links":{"self":[{"href":"https:\/\/moto.sirtaki.ee\/ru\/wp-json\/wp\/v2\/pages\/3902"}],"collection":[{"href":"https:\/\/moto.sirtaki.ee\/ru\/wp-json\/wp\/v2\/pages"}],"about":[{"href":"https:\/\/moto.sirtaki.ee\/ru\/wp-json\/wp\/v2\/types\/page"}],"author":[{"embeddable":true,"href":"https:\/\/moto.sirtaki.ee\/ru\/wp-json\/wp\/v2\/users\/1"}],"replies":[{"embeddable":true,"href":"https:\/\/moto.sirtaki.ee\/ru\/wp-json\/wp\/v2\/comments?post=3902"}],"version-history":[{"count":11,"href":"https:\/\/moto.sirtaki.ee\/ru\/wp-json\/wp\/v2\/pages\/3902\/revisions"}],"predecessor-version":[{"id":4157,"href":"https:\/\/moto.sirtaki.ee\/ru\/wp-json\/wp\/v2\/pages\/3902\/revisions\/4157"}],"wp:attachment":[{"href":"https:\/\/moto.sirtaki.ee\/ru\/wp-json\/wp\/v2\/media?parent=3902"}],"curies":[{"name":"wp","href":"https:\/\/api.w.org\/{rel}","templated":true}]}}