{"id":3328,"date":"2024-10-30T10:03:31","date_gmt":"2024-10-30T07:03:31","guid":{"rendered":"https:\/\/moto.sirtaki.ee\/?post_type=product&#038;p=3328"},"modified":"2026-04-22T16:49:34","modified_gmt":"2026-04-22T13:49:34","slug":"cforce-520l-atv-2-koht","status":"publish","type":"product","link":"https:\/\/moto.sirtaki.ee\/ru\/product\/cforce-520l-atv-2-koht\/","title":{"rendered":"CFORCE 520L ATV EPS 2koht"},"content":{"rendered":"<h3 class=\"elementor-heading-title elementor-size-default\">ATV CFORCE 520L tehnilised andmed<\/h3>\n<div class=\"premium-table-wrap premium-table-responsive\">\n<table class=\"premium-table\" data-settings=\"{&quot;sort&quot;:false,&quot;usNumbers&quot;:false,&quot;sortMob&quot;:false,&quot;search&quot;:false,&quot;records&quot;:false,&quot;dataType&quot;:&quot;csv&quot;,&quot;csvFile&quot;:&quot;https:\\\/\\\/docs.google.com\\\/spreadsheets\\\/d\\\/e\\\/2PACX-1vS13WXKotqFAcmKIjuyVvg6DBDKGx9GhSFGKTN3VyBbk1jSltBltBls9P7cUgDsYWF5tt-eX5oemtct\\\/pub?gid=0&amp;single=true&amp;output=csv&quot;,&quot;firstRow&quot;:&quot;head&quot;,&quot;separator&quot;:&quot;,&quot;,&quot;pagination&quot;:&quot;&quot;,&quot;rows&quot;:0,&quot;id&quot;:&quot;9a359fa&quot;,&quot;reload&quot;:&quot;day&quot;}\">\n<thead class=\"premium-table-head\">\n<tr class=\"premium-table-row\">\n<th class=\"premium-table-cell\"><span class=\"premium-table-text\">ATV mudel <\/span><\/th>\n<th class=\"premium-table-cell\"><span class=\"premium-table-text\">CFORCE 520L T3b <\/span><\/th>\n<th class=\"premium-table-cell\"><\/th>\n<\/tr>\n<\/thead>\n<tbody>\n<tr class=\"premium-table-row\">\n<td class=\"premium-table-cell\"><span class=\"premium-table-text\">EU t\u00fc\u00fcbikinnitus <\/span><\/td>\n<td class=\"premium-table-cell\"><span class=\"premium-table-text\">167 \/ T3b <\/span><\/td>\n<td class=\"premium-table-cell\"><\/td>\n<\/tr>\n<tr class=\"premium-table-row\">\n<td class=\"premium-table-cell\"><span class=\"premium-table-text\">Tehaset\u00e4his <\/span><\/td>\n<td class=\"premium-table-cell\"><span class=\"premium-table-text\">CF500ATR-9L <\/span><\/td>\n<td class=\"premium-table-cell\"><\/td>\n<\/tr>\n<tr class=\"premium-table-row\">\n<td class=\"premium-table-cell\"><span class=\"premium-table-text\">\u00dcldandmed <\/span><\/td>\n<td class=\"premium-table-cell\"><\/td>\n<td class=\"premium-table-cell\"><\/td>\n<\/tr>\n<tr class=\"premium-table-row\">\n<td class=\"premium-table-cell\"><span class=\"premium-table-text\">Pikkus x laius x k\u00f5rgus (mm)<\/span><\/td>\n<td class=\"premium-table-cell\"><span class=\"premium-table-text\">2315x1100x1390 mm <\/span><\/td>\n<td class=\"premium-table-cell\"><\/td>\n<\/tr>\n<tr class=\"premium-table-row\">\n<td class=\"premium-table-cell\"><span class=\"premium-table-text\">Teljevahe (mm) <\/span><\/td>\n<td class=\"premium-table-cell\"><span class=\"premium-table-text\">1465 mm <\/span><\/td>\n<td class=\"premium-table-cell\"><\/td>\n<\/tr>\n<tr class=\"premium-table-row\">\n<td class=\"premium-table-cell\"><span class=\"premium-table-text\">Istme k\u00f5rgus (mm) <\/span><\/td>\n<td class=\"premium-table-cell\"><span class=\"premium-table-text\">600 mm <\/span><\/td>\n<td class=\"premium-table-cell\"><\/td>\n<\/tr>\n<tr class=\"premium-table-row\">\n<td class=\"premium-table-cell\"><span class=\"premium-table-text\">Kliirens (mm) <\/span><\/td>\n<td class=\"premium-table-cell\"><span class=\"premium-table-text\">250 mm <\/span><\/td>\n<td class=\"premium-table-cell\"><\/td>\n<\/tr>\n<tr class=\"premium-table-row\">\n<td class=\"premium-table-cell\"><span class=\"premium-table-text\">Minimaalne p\u00f6\u00f6rdediameeter (m) <\/span><\/td>\n<td class=\"premium-table-cell\"><span class=\"premium-table-text\">6.5 m<\/span><\/td>\n<td class=\"premium-table-cell\"><\/td>\n<\/tr>\n<tr class=\"premium-table-row\">\n<td class=\"premium-table-cell\"><span class=\"premium-table-text\">T\u00fchimass (kg) *<\/span><\/td>\n<td class=\"premium-table-cell\"><span class=\"premium-table-text\">459 kg * <\/span><\/td>\n<td class=\"premium-table-cell\"><\/td>\n<\/tr>\n<tr class=\"premium-table-row\">\n<td class=\"premium-table-cell\"><span class=\"premium-table-text\">Maksimaalne kandev\u00f5ime (kg) <\/span><\/td>\n<td class=\"premium-table-cell\"><span class=\"premium-table-text\">171 kg <\/span><\/td>\n<td class=\"premium-table-cell\"><\/td>\n<\/tr>\n<tr class=\"premium-table-row\">\n<td class=\"premium-table-cell\"><span class=\"premium-table-text\">K\u00fctusepaagi maht (L) <\/span><\/td>\n<td class=\"premium-table-cell\"><span class=\"premium-table-text\">17 L <\/span><\/td>\n<td class=\"premium-table-cell\"><\/td>\n<\/tr>\n<tr class=\"premium-table-row\">\n<td class=\"premium-table-cell\"><span class=\"premium-table-text\">Maksimaalne lubatud kiirus (km\/h) <\/span><\/td>\n<td class=\"premium-table-cell\"><span class=\"premium-table-text\">60 km\/h <\/span><\/td>\n<td class=\"premium-table-cell\"><\/td>\n<\/tr>\n<tr class=\"premium-table-row\">\n<td class=\"premium-table-cell\"><span class=\"premium-table-text\">Mootor <\/span><\/td>\n<td class=\"premium-table-cell\"><\/td>\n<td class=\"premium-table-cell\"><\/td>\n<\/tr>\n<tr class=\"premium-table-row\">\n<td class=\"premium-table-cell\"><span class=\"premium-table-text\">Mootori t\u00fc\u00fcp <\/span><\/td>\n<td class=\"premium-table-cell\"><span class=\"premium-table-text\">SOHC \u00fche silindriline \/ vedelikjahtusega \/ nelja taktiline \/ nelja klapiline <\/span><\/td>\n<td class=\"premium-table-cell\"><\/td>\n<\/tr>\n<tr class=\"premium-table-row\">\n<td class=\"premium-table-cell\"><span class=\"premium-table-text\">Mootori t\u00f6\u00f6maht (cc) <\/span><\/td>\n<td class=\"premium-table-cell\"><span class=\"premium-table-text\">495 cc <\/span><\/td>\n<td class=\"premium-table-cell\"><\/td>\n<\/tr>\n<tr class=\"premium-table-row\">\n<td class=\"premium-table-cell\"><span class=\"premium-table-text\">Kolvik\u00e4ik (mm) <\/span><\/td>\n<td class=\"premium-table-cell\"><span class=\"premium-table-text\">91.0 \u00d7 76.2 mm <\/span><\/td>\n<td class=\"premium-table-cell\"><\/td>\n<\/tr>\n<tr class=\"premium-table-row\">\n<td class=\"premium-table-cell\"><span class=\"premium-table-text\">V\u00f5imsus (kW\/rpm) <\/span><\/td>\n<td class=\"premium-table-cell\"><span class=\"premium-table-text\">27.8 kW\/7000 rpm <\/span><\/td>\n<td class=\"premium-table-cell\"><\/td>\n<\/tr>\n<tr class=\"premium-table-row\">\n<td class=\"premium-table-cell\"><span class=\"premium-table-text\">Maksimaalne p\u00f6\u00f6rdemoment (N\u00b7m\/rpm) <\/span><\/td>\n<td class=\"premium-table-cell\"><span class=\"premium-table-text\">38.4 N\u00b7m\/5750 rpm <\/span><\/td>\n<td class=\"premium-table-cell\"><\/td>\n<\/tr>\n<tr class=\"premium-table-row\">\n<td class=\"premium-table-cell\"><span class=\"premium-table-text\">Surveaste <\/span><\/td>\n<td class=\"premium-table-cell\"><span class=\"premium-table-text\">10.3 \u00b1 0.5:1 <\/span><\/td>\n<td class=\"premium-table-cell\"><\/td>\n<\/tr>\n<tr class=\"premium-table-row\">\n<td class=\"premium-table-cell\"><span class=\"premium-table-text\">Toites\u00fcsteem <\/span><\/td>\n<td class=\"premium-table-cell\"><span class=\"premium-table-text\">EFI Bosch <\/span><\/td>\n<td class=\"premium-table-cell\"><\/td>\n<\/tr>\n<tr class=\"premium-table-row\">\n<td class=\"premium-table-cell\"><span class=\"premium-table-text\">S\u00fc\u00fctes\u00fcsteem <\/span><\/td>\n<td class=\"premium-table-cell\"><span class=\"premium-table-text\">ECU Bosch <\/span><\/td>\n<td class=\"premium-table-cell\"><\/td>\n<\/tr>\n<tr class=\"premium-table-row\">\n<td class=\"premium-table-cell\"><span class=\"premium-table-text\">\u00dclekanne <\/span><\/td>\n<td class=\"premium-table-cell\"><span class=\"premium-table-text\">CVT <\/span><\/td>\n<td class=\"premium-table-cell\"><\/td>\n<\/tr>\n<tr class=\"premium-table-row\">\n<td class=\"premium-table-cell\"><span class=\"premium-table-text\">Veermik <\/span><\/td>\n<td class=\"premium-table-cell\"><\/td>\n<td class=\"premium-table-cell\"><\/td>\n<\/tr>\n<tr class=\"premium-table-row\">\n<td class=\"premium-table-cell\"><span class=\"premium-table-text\">Veoskeem <\/span><\/td>\n<td class=\"premium-table-cell\"><span class=\"premium-table-text\">2WD \/ 4WD \/ lukustatav 4WD <\/span><\/td>\n<td class=\"premium-table-cell\"><\/td>\n<\/tr>\n<tr class=\"premium-table-row\">\n<td class=\"premium-table-cell\"><span class=\"premium-table-text\">Rooliv\u00f5imendi <\/span><\/td>\n<td class=\"premium-table-cell\">EPS rooliv\u00f5imendi<\/td>\n<td class=\"premium-table-cell\"><\/td>\n<\/tr>\n<tr class=\"premium-table-row\">\n<td class=\"premium-table-cell\"><span class=\"premium-table-text\">Pidurid <\/span><\/td>\n<td class=\"premium-table-cell\"><span class=\"premium-table-text\">H\u00fcdraulilised ketaspidurid <\/span><\/td>\n<td class=\"premium-table-cell\"><\/td>\n<\/tr>\n<tr class=\"premium-table-row\">\n<td class=\"premium-table-cell\"><span class=\"premium-table-text\">Vedrustus <\/span><\/td>\n<td class=\"premium-table-cell\"><span class=\"premium-table-text\">Ees\/taga: topelt \u00f5\u00f5tshoobadega s\u00f5ltumatu vedrustus <\/span><\/td>\n<td class=\"premium-table-cell\"><\/td>\n<\/tr>\n<tr class=\"premium-table-row\">\n<td class=\"premium-table-cell\"><span class=\"premium-table-text\">Amortisaatorid <\/span><\/td>\n<td class=\"premium-table-cell\"><span class=\"premium-table-text\">Ees\/taga: \u00f5liamortisaatorid <\/span><\/td>\n<td class=\"premium-table-cell\"><\/td>\n<\/tr>\n<tr class=\"premium-table-row\">\n<td class=\"premium-table-cell\"><span class=\"premium-table-text\"> Veljed <\/span><\/td>\n<td class=\"premium-table-cell\"><\/td>\n<td class=\"premium-table-cell\"><\/td>\n<\/tr>\n<tr class=\"premium-table-row\">\n<td class=\"premium-table-cell\"><span class=\"premium-table-text\">Ees: <\/span><\/td>\n<td class=\"premium-table-cell\"><span class=\"premium-table-text\">12 x 6.0 <\/span><\/td>\n<td class=\"premium-table-cell\"><\/td>\n<\/tr>\n<tr class=\"premium-table-row\">\n<td class=\"premium-table-cell\"><span class=\"premium-table-text\">Taga: <\/span><\/td>\n<td class=\"premium-table-cell\"><span class=\"premium-table-text\">12 x 7.5 <\/span><\/td>\n<td class=\"premium-table-cell\"><\/td>\n<\/tr>\n<tr class=\"premium-table-row\">\n<td class=\"premium-table-cell\"><span class=\"premium-table-text\">Rehvim\u00f5\u00f5dud <\/span><\/td>\n<td class=\"premium-table-cell\"><\/td>\n<td class=\"premium-table-cell\"><\/td>\n<\/tr>\n<tr class=\"premium-table-row\">\n<td class=\"premium-table-cell\"><span class=\"premium-table-text\">Ees: <\/span><\/td>\n<td class=\"premium-table-cell\"><span class=\"premium-table-text\">25 x 8.00 R12 <\/span><\/td>\n<td class=\"premium-table-cell\"><\/td>\n<\/tr>\n<tr class=\"premium-table-row\">\n<td class=\"premium-table-cell\"><span class=\"premium-table-text\">Taga: <\/span><\/td>\n<td class=\"premium-table-cell\"><span class=\"premium-table-text\">25 x 10.00 R12 <\/span><\/td>\n<td class=\"premium-table-cell\"><\/td>\n<\/tr>\n<tr class=\"premium-table-row\">\n<td class=\"premium-table-cell\"><span class=\"premium-table-text\">* T\u00fchikaalu hulka loetakse: \u25cf juhikaal \u25cf aku \u25cf s\u00f5iduki vajalikud vedelikud <\/span><\/td>\n<td class=\"premium-table-cell\"><\/td>\n<td class=\"premium-table-cell\"><\/td>\n<\/tr>\n<\/tbody>\n<\/table>\n<\/div>\n<p>Uue p\u00f5lvkonna CFMOTO CF520 on seni vaieldamatult k\u00f5ige enimm\u00fc\u00fcduimate mudelite, CF520 j\u00e4reltulija mille veermik ja keredisain on l\u00e4binud p\u00f5hjaliku uuenduskuuri.<\/p>\n<p>Tegemist on n\u00fc\u00fcd juba CFMOTO kolmanda generatsiooni 500 seeria ATV-ga mis eelnevate generatsiooniga v\u00f5rreldes on v\u00e4ga p\u00f5hjaliku uuenduskuuri l\u00e4binud.<\/p>\n<p>520L on Eestis ning kogu Baltikumis enimm\u00fc\u00fcdud ATV br\u00e4ndi CFMOTO kompaktseim t\u00e4navalegaalne mudel. Tegemist on 4\u00d74 veoskeemi omava t\u00e4navalegaalse maastikus\u00f5idukiga millel standarvarus on piisavalt rikkalik. Tehaset\u00e4hise CF520L n\u00e4itab, et tegemist on CFMOTO (CF), 520 (500) seeria s\u00f5idukikiga ning t\u00e4hise l\u00f5pus olev L t\u00e4hendab, et tegemist on (Long) ehk pika versiooniga. T\u00e4psustatult on tegemist t\u00e4navalegaalse, kahekohalise maastikus\u00f5idukiga mis sobib ideaalselt kodusesse kasutusse. S\u00f5iduk on sobilik nii matkas\u00f5idukina kasutamiseks kui lumekoristus v\u00f5i metsaveo haagise pukseerimiseks. S\u00f5iduk on kompaktne, kerge ning s\u00e4\u00e4stlik. Seet\u00f5ttu on see masin lihtsalt juhitav ning \u00fcllatavalt hea l\u00e4bivusv\u00f5imega. Seadusest tulenevalt v\u00f5ib antud mudeli T3b versiooni juhtida alates 15 eluaastast T kategooria juhtimis\u00f5iguse olemasolul (Traktorijuhi luba). Samal p\u00f5hjusel on CFORCE 520S\/L mudel k\u00f5ige enimm\u00fc\u00fcdud noorukitele m\u00f5eldud ATV Soomes kus seadusest tulenevalt v\u00f5ib seda s\u00f5idukit kasutada eriloa alusel juba alates 14 eluaastast t\u00e4navaliikluses. Kasutajateks on maapiirkondades elavad noorukid kelle jaoks on tegemist \u00fcheks alternatiivseks liikumisvahendiks n\u00e4iteks koolis v\u00f5i treeningutel k\u00e4imiseks. Tegemist on t\u00f5esti lihtsalt juhitava ja vastupidava maastikus\u00f5idukiga mille juhtimisega saavat hakkama ka noorukid.<\/p>\n<p>Kuigi v\u00f5ib tunduda, et ATV m\u00f5istes alla 1000cm3 t\u00f6\u00f6mahu ja ilma agressiivse v\u00e4ljan\u00e4gemiseta ei ole ATV-l \u00fcldse mingit maastikuv\u00f5imekust, siis tegelikult laiatarbe maastikus\u00f5idukid ei vaja liigset v\u00f5imsust ega liigset massi tohutusuurte rataste v\u00f5i lisavarustuse n\u00e4ol. Enimm\u00fc\u00fcduimateks ATV v\u00f5imsuskategooriateks nii Eestis kui Euroopas ja isegi Austraalias on pigem lihtsa ning kergelt kasutatavad kodu- v\u00f5i kommunaalkasutuseks m\u00f5eldud t\u00e4navalegaalsed, nelikveolised 400-500cm3 t\u00f6\u00f6mahuga maastikus\u00f5idukid. 400-500cm3 t\u00f6\u00f6mahuga nelikveoline ATV suudab probleemideta vedada enda massist 2 korda suuremat koormat, suudab l\u00e4bida raskesti l\u00e4bitavaid maastike ning olla operatiivseks abis\u00f5idukiks v\u00e4ikefarmis v\u00f5i maakodus.<\/p>\n<p>Avastamisr\u00f5\u00f5mu selle keskklassi ATV puhul j\u00e4tkub k\u00fcllaga. Eriliseks teeb neid nende \u00e4\u00e4rmiselt mugav ja lihtne kasutusmugavus just t\u00e4nu h\u00e4sti l\u00e4bim\u00f5eldud s\u00f5iduasendi, hea vedrustuse ning v\u00e4ga hea p\u00f6\u00f6rdev\u00f5ime t\u00f5ttu.<\/p>\n<p>Loomulikult v\u00f5ib argumendina v\u00e4lja tuua ka uuendusliku disaini, atraktiivsed suure valgusj\u00f5udluse ja kaasliiklejatele h\u00e4sti n\u00e4htavad tuled nii ees kui taga. Uue p\u00f5lvkonna CFMOTO ATV puhul on kasutusel raami materjal mis on kuni 30% tugevam aga sealjuures eelmise p\u00f5lvkonna CF520 mudeli raamist 10% kergem. Kereplastikute materjal on elastsem ja see teeb need ka veel vastupidavamaks<\/p>\n<p>V\u00e4hemt\u00e4htsaks ei saa pidada, et CFMOTO kaubam\u00e4rki kandvaid s\u00f5idukeid on Eesti turul m\u00fc\u00fcgil juba 15 aastat ning selle edasim\u00fc\u00fcgi ja hooldusteenusega tegeleb \u00fcle k\u00fcmne partnerettev\u00f5tte kellel kokku on Eestis lausa 16 esinduskauplust.<\/p>\n<p>CFMOTO Garantiitingimused on ATV maailma m\u00f5istes v\u00e4gagi julgustavad, ulatudes 3aastani.<\/p>\n<p>M\u00f5ned uuendused v\u00f5rreldes eelmise generatsiooni CF520 mudeliga.<br \/>\n* 25% v\u00e4iksem p\u00f6\u00f6rderaadius tagab olenemata kahekohalise s\u00f5iduki pikkusest v\u00e4ga hea man\u00f6\u00f6verdusv\u00f5ime.<\/p>\n<p>* Optimeeritud, kiirusetundlik rooliv\u00f5imendi tagab 25% kergemini liikuva juhtraua. Maakeeli kirjeldades t\u00e4hendab see seda, et s\u00f5iduki juhtraud ja juhtimine on \u00e4\u00e4rmiselt kerge ning t\u00e4pne.<\/p>\n<p>* M\u00e4rkimisv\u00e4\u00e4rselt pikem amortisaatorite t\u00f6\u00f6k\u00e4ik ning pikemad \u00f5\u00f5tshoovad teevad s\u00f5idu pehmemaks ja sujuvamaks.<\/p>\n<p>* \u00d5\u00f5tshoobade uus paigutus ning amortisaatorite t\u00f6\u00f6k\u00e4igu pikkus mis on esiamortisaatorite puhul 15mm ja tagaamortisaatorite puhul lausa 40mm pikema t\u00f6\u00f6k\u00e4iguga t\u00f5stavad s\u00f5iduki p\u00f5hja k\u00f5rguse maapinnast 20mm k\u00f5rgemale kui seda oli eelmise p\u00f5lvkonna mudelil.<\/p>\n<p>* Sadula polster on saanud 30mm paksema, pehmema polstri mis tagab mugavama s\u00f5idu nii s\u00f5iduki juhile kui kaasreisijale.<\/p>\n<p>* S\u00f5iduki mootor on peidetud t\u00e4ielikult keredetailide alla mis teeb uue p\u00f5lvkonna CF520 mudeli m\u00e4rkimisv\u00e4\u00e4rselt vaiksemaks.<\/p>\n<p>* Kere katete alla peidetud mootori soojuskiirgust on s\u00f5itjatel v\u00e4hem tunda.<\/p>\n<p>* Suurenenud jahutusradiaator aitab mootorit paremini jahutada<\/p>\n<p>* K\u00fctusepaagi mahtu on suurendatud lausa 2 liitri v\u00f5rra<\/p>\n<p>* Juhtraud saanud endale uued, taustvalgusega ja v\u00e4ga mugavalt kasutatavad l\u00fclitid,<\/p>\n<p>* Haagise tulede pistik on toodud haakekonksu juurde, et seda saaks kasutusele v\u00f5tta ilma tulede pistiku pikendusjuhtmeta.<\/p>\n<p>* Esipidurite juhtimine on \u00fcle viidud juhtraua parempoolse k\u00e4epideme juurest vasakule, et jagada juhtraual asetsevate juhiste paremat jaotust. (Vasaku k\u00e4e all on esirataste piduri linki mugavam kasutada).<\/p>\n<p>* Esipidurite lingi juurde on lisatud ka pidurite fikseerimise lukusti (seisupidur).<\/p>\n<p>* Madalam m\u00fcratase ( S\u00f5iduki mootor on t\u00e4ielikult kaetud ja kuumakaitse ekraanidega varjestatud mis tagab ka oluliselt vaiksema m\u00fcrataseme )<\/p>\n<p>* T-BOX-i lisamise v\u00f5imalus. T-Box on sisuliselt GPS seade mis v\u00f5imaldab s\u00f5iduki tehnilist infot jagada \u00fchele nutiseadmele, v\u00f5i sellest nuitiseadmest jagada seda edasi. Vastava aplikatsiooni abil on v\u00f5imalik j\u00e4lgida s\u00f5iduki asukohta, liigutud marsruuti, kiirust, tehnilist olukorda jne.<\/p>","protected":false},"excerpt":{"rendered":"<p><strong>Mootor<\/strong>\u00a0: vedelikjahutusega, \u00fchesilndriline 498 cm3 t\u00f6\u00f6mahuga bensiinimootor.<br \/>\n<strong>Toide<\/strong>\u00a0: Bosch EFI sissepritses\u00fcsteem<br \/>\n<strong>Veoskeem<\/strong>\u00a0: tagavedu \/ l\u00fclitatav nelikvedu l\u00e4bi esi diferentsiaali \/ lukustatav nelikvedu.<br \/>\n<strong>K\u00e4iguvahetus<\/strong>\u00a0: automaat\u00a0<strong>CV-Tech variaator<\/strong>.<br \/>\n<strong>Pidurid<\/strong>\u00a0: 3x ketaspiduriga 4 ratta pidurduss\u00fcsteem \/ seisupidur.<br \/>\n<strong>Vedrustus<\/strong>\u00a0: 4x s\u00f5ltumatu (\u00f5liamortisaatorid).<br \/>\n<strong>Garantii<\/strong> : Tehase garantii 3 aastat v\u00f5i 6000km.<\/p>","protected":false},"featured_media":4057,"template":"","meta":[],"product_cat":[77,47],"product_tag":[],"class_list":{"0":"post-3328","1":"product","2":"type-product","3":"status-publish","4":"has-post-thumbnail","6":"product_cat-atv-atv-2","7":"product_cat-atv","9":"first","10":"instock","11":"sale","12":"taxable","13":"shipping-taxable","14":"purchasable","15":"product-type-variable","16":"has-default-attributes"},"yoast_head":"<!-- This site is optimized with the Yoast SEO plugin v23.9 - https:\/\/yoast.com\/wordpress\/plugins\/seo\/ -->\n<title>CFORCE 520L ATV EPS 2koht | CFMoto Sirtaki<\/title>\n<meta name=\"robots\" content=\"index, follow, max-snippet:-1, max-image-preview:large, max-video-preview:-1\" \/>\n<link rel=\"canonical\" href=\"https:\/\/moto.sirtaki.ee\/ru\/product\/cforce-520l-atv-2-koht\/\" \/>\n<meta property=\"og:locale\" content=\"ru_RU\" \/>\n<meta property=\"og:type\" content=\"article\" \/>\n<meta property=\"og:title\" content=\"CFORCE 520L ATV EPS 2koht | CFMoto Sirtaki\" \/>\n<meta property=\"og:description\" content=\"Mootor\u00a0: vedelikjahutusega, \u00fchesilndriline 498 cm3 t\u00f6\u00f6mahuga bensiinimootor. Toide\u00a0: Bosch EFI sissepritses\u00fcsteem Veoskeem\u00a0: tagavedu \/ l\u00fclitatav nelikvedu l\u00e4bi esi diferentsiaali \/ lukustatav nelikvedu. K\u00e4iguvahetus\u00a0: automaat\u00a0CV-Tech variaator. Pidurid\u00a0: 3x ketaspiduriga 4 ratta pidurduss\u00fcsteem \/ seisupidur. Vedrustus\u00a0: 4x s\u00f5ltumatu (\u00f5liamortisaatorid). Garantii : Tehase garantii 3 aastat v\u00f5i 6000km.\" \/>\n<meta property=\"og:url\" content=\"https:\/\/moto.sirtaki.ee\/ru\/product\/cforce-520l-atv-2-koht\/\" \/>\n<meta property=\"og:site_name\" content=\"CFMoto Sirtaki\" \/>\n<meta property=\"article:modified_time\" content=\"2026-04-22T13:49:34+00:00\" \/>\n<meta property=\"og:image\" content=\"https:\/\/moto.sirtaki.ee\/wp-content\/uploads\/2024\/10\/CF500ATR-9L-EPS-A-RED-1.jpg\" \/>\n\t<meta property=\"og:image:width\" content=\"1920\" \/>\n\t<meta property=\"og:image:height\" content=\"1280\" \/>\n\t<meta property=\"og:image:type\" content=\"image\/jpeg\" \/>\n<meta name=\"twitter:card\" content=\"summary_large_image\" \/>\n<script type=\"application\/ld+json\" class=\"yoast-schema-graph\">{\"@context\":\"https:\/\/schema.org\",\"@graph\":[{\"@type\":\"WebPage\",\"@id\":\"https:\/\/moto.sirtaki.ee\/product\/cforce-520l-atv-2-koht\/\",\"url\":\"https:\/\/moto.sirtaki.ee\/product\/cforce-520l-atv-2-koht\/\",\"name\":\"CFORCE 520L ATV EPS 2koht | CFMoto Sirtaki\",\"isPartOf\":{\"@id\":\"https:\/\/moto.sirtaki.ee\/#website\"},\"primaryImageOfPage\":{\"@id\":\"https:\/\/moto.sirtaki.ee\/product\/cforce-520l-atv-2-koht\/#primaryimage\"},\"image\":{\"@id\":\"https:\/\/moto.sirtaki.ee\/product\/cforce-520l-atv-2-koht\/#primaryimage\"},\"thumbnailUrl\":\"https:\/\/moto.sirtaki.ee\/wp-content\/uploads\/2024\/10\/CF500ATR-9L-EPS-A-RED-1.jpg\",\"datePublished\":\"2024-10-30T07:03:31+00:00\",\"dateModified\":\"2026-04-22T13:49:34+00:00\",\"breadcrumb\":{\"@id\":\"https:\/\/moto.sirtaki.ee\/product\/cforce-520l-atv-2-koht\/#breadcrumb\"},\"inLanguage\":\"ru-RU\",\"potentialAction\":[{\"@type\":\"ReadAction\",\"target\":[\"https:\/\/moto.sirtaki.ee\/product\/cforce-520l-atv-2-koht\/\"]}]},{\"@type\":\"ImageObject\",\"inLanguage\":\"ru-RU\",\"@id\":\"https:\/\/moto.sirtaki.ee\/product\/cforce-520l-atv-2-koht\/#primaryimage\",\"url\":\"https:\/\/moto.sirtaki.ee\/wp-content\/uploads\/2024\/10\/CF500ATR-9L-EPS-A-RED-1.jpg\",\"contentUrl\":\"https:\/\/moto.sirtaki.ee\/wp-content\/uploads\/2024\/10\/CF500ATR-9L-EPS-A-RED-1.jpg\",\"width\":1920,\"height\":1280},{\"@type\":\"BreadcrumbList\",\"@id\":\"https:\/\/moto.sirtaki.ee\/product\/cforce-520l-atv-2-koht\/#breadcrumb\",\"itemListElement\":[{\"@type\":\"ListItem\",\"position\":1,\"name\":\"Home\",\"item\":\"https:\/\/moto.sirtaki.ee\/\"},{\"@type\":\"ListItem\",\"position\":2,\"name\":\"Shop\",\"item\":\"https:\/\/moto.sirtaki.ee\/shop\/\"},{\"@type\":\"ListItem\",\"position\":3,\"name\":\"CFORCE 520L ATV EPS 2koht\"}]},{\"@type\":\"WebSite\",\"@id\":\"https:\/\/moto.sirtaki.ee\/#website\",\"url\":\"https:\/\/moto.sirtaki.ee\/\",\"name\":\"CFMoto Sirtaki\",\"description\":\"\",\"potentialAction\":[{\"@type\":\"SearchAction\",\"target\":{\"@type\":\"EntryPoint\",\"urlTemplate\":\"https:\/\/moto.sirtaki.ee\/?s={search_term_string}\"},\"query-input\":{\"@type\":\"PropertyValueSpecification\",\"valueRequired\":true,\"valueName\":\"search_term_string\"}}],\"inLanguage\":\"ru-RU\"}]}<\/script>\n<!-- \/ Yoast SEO plugin. -->","yoast_head_json":{"title":"CFORCE 520L ATV EPS 2koht | CFMoto Sirtaki","robots":{"index":"index","follow":"follow","max-snippet":"max-snippet:-1","max-image-preview":"max-image-preview:large","max-video-preview":"max-video-preview:-1"},"canonical":"https:\/\/moto.sirtaki.ee\/ru\/product\/cforce-520l-atv-2-koht\/","og_locale":"ru_RU","og_type":"article","og_title":"CFORCE 520L ATV EPS 2koht | CFMoto Sirtaki","og_description":"Mootor\u00a0: vedelikjahutusega, \u00fchesilndriline 498 cm3 t\u00f6\u00f6mahuga bensiinimootor. Toide\u00a0: Bosch EFI sissepritses\u00fcsteem Veoskeem\u00a0: tagavedu \/ l\u00fclitatav nelikvedu l\u00e4bi esi diferentsiaali \/ lukustatav nelikvedu. K\u00e4iguvahetus\u00a0: automaat\u00a0CV-Tech variaator. Pidurid\u00a0: 3x ketaspiduriga 4 ratta pidurduss\u00fcsteem \/ seisupidur. Vedrustus\u00a0: 4x s\u00f5ltumatu (\u00f5liamortisaatorid). Garantii : Tehase garantii 3 aastat v\u00f5i 6000km.","og_url":"https:\/\/moto.sirtaki.ee\/ru\/product\/cforce-520l-atv-2-koht\/","og_site_name":"CFMoto Sirtaki","article_modified_time":"2026-04-22T13:49:34+00:00","og_image":[{"width":1920,"height":1280,"url":"https:\/\/moto.sirtaki.ee\/wp-content\/uploads\/2024\/10\/CF500ATR-9L-EPS-A-RED-1.jpg","type":"image\/jpeg"}],"twitter_card":"summary_large_image","schema":{"@context":"https:\/\/schema.org","@graph":[{"@type":"WebPage","@id":"https:\/\/moto.sirtaki.ee\/product\/cforce-520l-atv-2-koht\/","url":"https:\/\/moto.sirtaki.ee\/product\/cforce-520l-atv-2-koht\/","name":"CFORCE 520L ATV EPS 2koht | CFMoto Sirtaki","isPartOf":{"@id":"https:\/\/moto.sirtaki.ee\/#website"},"primaryImageOfPage":{"@id":"https:\/\/moto.sirtaki.ee\/product\/cforce-520l-atv-2-koht\/#primaryimage"},"image":{"@id":"https:\/\/moto.sirtaki.ee\/product\/cforce-520l-atv-2-koht\/#primaryimage"},"thumbnailUrl":"https:\/\/moto.sirtaki.ee\/wp-content\/uploads\/2024\/10\/CF500ATR-9L-EPS-A-RED-1.jpg","datePublished":"2024-10-30T07:03:31+00:00","dateModified":"2026-04-22T13:49:34+00:00","breadcrumb":{"@id":"https:\/\/moto.sirtaki.ee\/product\/cforce-520l-atv-2-koht\/#breadcrumb"},"inLanguage":"ru-RU","potentialAction":[{"@type":"ReadAction","target":["https:\/\/moto.sirtaki.ee\/product\/cforce-520l-atv-2-koht\/"]}]},{"@type":"ImageObject","inLanguage":"ru-RU","@id":"https:\/\/moto.sirtaki.ee\/product\/cforce-520l-atv-2-koht\/#primaryimage","url":"https:\/\/moto.sirtaki.ee\/wp-content\/uploads\/2024\/10\/CF500ATR-9L-EPS-A-RED-1.jpg","contentUrl":"https:\/\/moto.sirtaki.ee\/wp-content\/uploads\/2024\/10\/CF500ATR-9L-EPS-A-RED-1.jpg","width":1920,"height":1280},{"@type":"BreadcrumbList","@id":"https:\/\/moto.sirtaki.ee\/product\/cforce-520l-atv-2-koht\/#breadcrumb","itemListElement":[{"@type":"ListItem","position":1,"name":"Home","item":"https:\/\/moto.sirtaki.ee\/"},{"@type":"ListItem","position":2,"name":"Shop","item":"https:\/\/moto.sirtaki.ee\/shop\/"},{"@type":"ListItem","position":3,"name":"CFORCE 520L ATV EPS 2koht"}]},{"@type":"WebSite","@id":"https:\/\/moto.sirtaki.ee\/#website","url":"https:\/\/moto.sirtaki.ee\/","name":"CFMoto Sirtaki","description":"","potentialAction":[{"@type":"SearchAction","target":{"@type":"EntryPoint","urlTemplate":"https:\/\/moto.sirtaki.ee\/?s={search_term_string}"},"query-input":{"@type":"PropertyValueSpecification","valueRequired":true,"valueName":"search_term_string"}}],"inLanguage":"ru-RU"}]}},"_links":{"self":[{"href":"https:\/\/moto.sirtaki.ee\/ru\/wp-json\/wp\/v2\/product\/3328"}],"collection":[{"href":"https:\/\/moto.sirtaki.ee\/ru\/wp-json\/wp\/v2\/product"}],"about":[{"href":"https:\/\/moto.sirtaki.ee\/ru\/wp-json\/wp\/v2\/types\/product"}],"wp:featuredmedia":[{"embeddable":true,"href":"https:\/\/moto.sirtaki.ee\/ru\/wp-json\/wp\/v2\/media\/4057"}],"wp:attachment":[{"href":"https:\/\/moto.sirtaki.ee\/ru\/wp-json\/wp\/v2\/media?parent=3328"}],"wp:term":[{"taxonomy":"product_cat","embeddable":true,"href":"https:\/\/moto.sirtaki.ee\/ru\/wp-json\/wp\/v2\/product_cat?post=3328"},{"taxonomy":"product_tag","embeddable":true,"href":"https:\/\/moto.sirtaki.ee\/ru\/wp-json\/wp\/v2\/product_tag?post=3328"}],"curies":[{"name":"wp","href":"https:\/\/api.w.org\/{rel}","templated":true}]}}