{"id":3348,"date":"2024-10-30T10:18:12","date_gmt":"2024-10-30T07:18:12","guid":{"rendered":"https:\/\/moto.sirtaki.ee\/?post_type=product&#038;p=3348"},"modified":"2026-04-22T16:49:34","modified_gmt":"2026-04-22T13:49:34","slug":"cforce-625-atv","status":"publish","type":"product","link":"https:\/\/moto.sirtaki.ee\/ru\/product\/cforce-625-atv\/","title":{"rendered":"CFORCE 625 ATV"},"content":{"rendered":"<h3 class=\"elementor-heading-title elementor-size-default\">ATV CFORCE 625 tehnilised andmed<\/h3>\n<div class=\"premium-table-wrap premium-table-responsive\">\n<table class=\"premium-table\" data-settings=\"{&quot;sort&quot;:false,&quot;usNumbers&quot;:false,&quot;sortMob&quot;:false,&quot;search&quot;:false,&quot;records&quot;:false,&quot;dataType&quot;:&quot;csv&quot;,&quot;csvFile&quot;:&quot;https:\\\/\\\/docs.google.com\\\/spreadsheets\\\/d\\\/e\\\/2PACX-1vQyPoNCG9JfdJ2P4vNdiwewzjm8BzTXeE6AcPRP0gS4uvpq4u7NVbE2HwbYvwG_V1BYV9rXN7yYAfTY\\\/pub?gid=0&amp;single=true&amp;output=csv&quot;,&quot;firstRow&quot;:&quot;head&quot;,&quot;separator&quot;:&quot;,&quot;,&quot;pagination&quot;:&quot;&quot;,&quot;rows&quot;:0,&quot;id&quot;:&quot;7c64a33&quot;,&quot;reload&quot;:&quot;minutes&quot;}\">\n<thead class=\"premium-table-head\">\n<tr class=\"premium-table-row\">\n<th class=\"premium-table-cell\"><span class=\"premium-table-text\">ATV mudel <\/span><\/th>\n<th class=\"premium-table-cell\"><span class=\"premium-table-text\">CFORCE 625 <\/span><\/th>\n<\/tr>\n<\/thead>\n<tbody>\n<tr class=\"premium-table-row\">\n<td class=\"premium-table-cell\"><span class=\"premium-table-text\">EU t\u00fc\u00fcbikinnitus <\/span><\/td>\n<td class=\"premium-table-cell\"><span class=\"premium-table-text\">167 \/ T3b <\/span><\/td>\n<\/tr>\n<tr class=\"premium-table-row\">\n<td class=\"premium-table-cell\"><span class=\"premium-table-text\">Tehaset\u00e4his <\/span><\/td>\n<td class=\"premium-table-cell\"><span class=\"premium-table-text\">CF600ATR-2S <\/span><\/td>\n<\/tr>\n<tr class=\"premium-table-row\">\n<td class=\"premium-table-cell\"><span class=\"premium-table-text\">\u00dcldandmed <\/span><\/td>\n<td class=\"premium-table-cell\"><\/td>\n<\/tr>\n<tr class=\"premium-table-row\">\n<td class=\"premium-table-cell\"><span class=\"premium-table-text\">Pikkus x laius x k\u00f5rgus (mm)<\/span><\/td>\n<td class=\"premium-table-cell\"><span class=\"premium-table-text\">2035x1180x1220 mm <\/span><\/td>\n<\/tr>\n<tr class=\"premium-table-row\">\n<td class=\"premium-table-cell\"><span class=\"premium-table-text\">Teljevahe (mm) <\/span><\/td>\n<td class=\"premium-table-cell\"><span class=\"premium-table-text\">1280 mm <\/span><\/td>\n<\/tr>\n<tr class=\"premium-table-row\">\n<td class=\"premium-table-cell\"><span class=\"premium-table-text\">Istme k\u00f5rgus (mm) <\/span><\/td>\n<td class=\"premium-table-cell\"><span class=\"premium-table-text\">530 mm <\/span><\/td>\n<\/tr>\n<tr class=\"premium-table-row\">\n<td class=\"premium-table-cell\"><span class=\"premium-table-text\">Kliirens (mm) <\/span><\/td>\n<td class=\"premium-table-cell\"><span class=\"premium-table-text\">270 mm <\/span><\/td>\n<\/tr>\n<tr class=\"premium-table-row\">\n<td class=\"premium-table-cell\"><span class=\"premium-table-text\">Minimaalne p\u00f6\u00f6rdediameeter (m) <\/span><\/td>\n<td class=\"premium-table-cell\"><span class=\"premium-table-text\">7.25 \u00b1 0.5 m <\/span><\/td>\n<\/tr>\n<tr class=\"premium-table-row\">\n<td class=\"premium-table-cell\"><span class=\"premium-table-text\">T\u00fchimass (kg) *<\/span><\/td>\n<td class=\"premium-table-cell\"><span class=\"premium-table-text\">470 kg * <\/span><\/td>\n<\/tr>\n<tr class=\"premium-table-row\">\n<td class=\"premium-table-cell\"><span class=\"premium-table-text\">Maksimaalne kandev\u00f5ime (kg) <\/span><\/td>\n<td class=\"premium-table-cell\"><span class=\"premium-table-text\">200 kg <\/span><\/td>\n<\/tr>\n<tr class=\"premium-table-row\">\n<td class=\"premium-table-cell\"><span class=\"premium-table-text\">K\u00fctusepaagi maht (L) <\/span><\/td>\n<td class=\"premium-table-cell\"><span class=\"premium-table-text\">18 L <\/span><\/td>\n<\/tr>\n<tr class=\"premium-table-row\">\n<td class=\"premium-table-cell\"><span class=\"premium-table-text\">Maksimaalne lubatud kiirus (km\/h) <\/span><\/td>\n<td class=\"premium-table-cell\"><span class=\"premium-table-text\">60 km\/h <\/span><\/td>\n<\/tr>\n<tr class=\"premium-table-row\">\n<td class=\"premium-table-cell\"><span class=\"premium-table-text\">Mootor <\/span><\/td>\n<td class=\"premium-table-cell\"><\/td>\n<\/tr>\n<tr class=\"premium-table-row\">\n<td class=\"premium-table-cell\"><span class=\"premium-table-text\">Mootori t\u00fc\u00fcp <\/span><\/td>\n<td class=\"premium-table-cell\"><span class=\"premium-table-text\">SOHC \u00fche silindriline \/ vedelikjahtusega \/ nelja taktiline \/ nelja klapiline <\/span><\/td>\n<\/tr>\n<tr class=\"premium-table-row\">\n<td class=\"premium-table-cell\"><span class=\"premium-table-text\">Mootori t\u00f6\u00f6maht (cc) <\/span><\/td>\n<td class=\"premium-table-cell\"><span class=\"premium-table-text\">580 cc <\/span><\/td>\n<\/tr>\n<tr class=\"premium-table-row\">\n<td class=\"premium-table-cell\"><span class=\"premium-table-text\">Kolvik\u00e4ik (mm) <\/span><\/td>\n<td class=\"premium-table-cell\"><span class=\"premium-table-text\">91.0 \u00d7 89.2 mm <\/span><\/td>\n<\/tr>\n<tr class=\"premium-table-row\">\n<td class=\"premium-table-cell\"><span class=\"premium-table-text\">V\u00f5imsus (kW\/rpm) <\/span><\/td>\n<td class=\"premium-table-cell\"><span class=\"premium-table-text\">30 kW\/6750 rpm <\/span><\/td>\n<\/tr>\n<tr class=\"premium-table-row\">\n<td class=\"premium-table-cell\"><span class=\"premium-table-text\">Maksimaalne p\u00f6\u00f6rdemoment (N\u00b7m\/rpm) <\/span><\/td>\n<td class=\"premium-table-cell\"><span class=\"premium-table-text\">49 N\u00b7m\/5250 rpm <\/span><\/td>\n<\/tr>\n<tr class=\"premium-table-row\">\n<td class=\"premium-table-cell\"><span class=\"premium-table-text\">Surveaste <\/span><\/td>\n<td class=\"premium-table-cell\"><span class=\"premium-table-text\">10.68:1 <\/span><\/td>\n<\/tr>\n<tr class=\"premium-table-row\">\n<td class=\"premium-table-cell\"><span class=\"premium-table-text\">Toites\u00fcsteem <\/span><\/td>\n<td class=\"premium-table-cell\"><span class=\"premium-table-text\">EFI Bosch <\/span><\/td>\n<\/tr>\n<tr class=\"premium-table-row\">\n<td class=\"premium-table-cell\"><span class=\"premium-table-text\">S\u00fc\u00fctes\u00fcsteem <\/span><\/td>\n<td class=\"premium-table-cell\"><span class=\"premium-table-text\">ECU Bosch <\/span><\/td>\n<\/tr>\n<tr class=\"premium-table-row\">\n<td class=\"premium-table-cell\"><span class=\"premium-table-text\">\u00dclekanne <\/span><\/td>\n<td class=\"premium-table-cell\"><span class=\"premium-table-text\">CVT <\/span><\/td>\n<\/tr>\n<tr class=\"premium-table-row\">\n<td class=\"premium-table-cell\"><span class=\"premium-table-text\">Veermik <\/span><\/td>\n<td class=\"premium-table-cell\"><\/td>\n<\/tr>\n<tr class=\"premium-table-row\">\n<td class=\"premium-table-cell\"><span class=\"premium-table-text\">Veoskeem <\/span><\/td>\n<td class=\"premium-table-cell\"><span class=\"premium-table-text\">2WD \/ 4WD \/ lukustatav 4WD <\/span><\/td>\n<\/tr>\n<tr class=\"premium-table-row\">\n<td class=\"premium-table-cell\"><span class=\"premium-table-text\">Rooliv\u00f5imendi <\/span><\/td>\n<td class=\"premium-table-cell\"><span class=\"premium-table-text\">Lisavarustusena 500\u20ac <\/span><\/td>\n<\/tr>\n<tr class=\"premium-table-row\">\n<td class=\"premium-table-cell\"><span class=\"premium-table-text\">Pidurid <\/span><\/td>\n<td class=\"premium-table-cell\"><span class=\"premium-table-text\">H\u00fcdraulilised ketaspidurid &#8211; CBS <\/span><\/td>\n<\/tr>\n<tr class=\"premium-table-row\">\n<td class=\"premium-table-cell\"><span class=\"premium-table-text\">Vedrustus <\/span><\/td>\n<td class=\"premium-table-cell\"><span class=\"premium-table-text\">Ees\/taga: topelt \u00f5\u00f5tshoobadega s\u00f5ltumatu vedrustus <\/span><\/td>\n<\/tr>\n<tr class=\"premium-table-row\">\n<td class=\"premium-table-cell\"><span class=\"premium-table-text\">Amortisaatorid <\/span><\/td>\n<td class=\"premium-table-cell\"><span class=\"premium-table-text\">Ees\/taga: \u00f5liamortisaatorid <\/span><\/td>\n<\/tr>\n<tr class=\"premium-table-row\">\n<td class=\"premium-table-cell\"><span class=\"premium-table-text\"> Veljed <\/span><\/td>\n<td class=\"premium-table-cell\"><\/td>\n<\/tr>\n<tr class=\"premium-table-row\">\n<td class=\"premium-table-cell\"><span class=\"premium-table-text\">Ees: <\/span><\/td>\n<td class=\"premium-table-cell\"><span class=\"premium-table-text\">12 x 6.0 AT <\/span><\/td>\n<\/tr>\n<tr class=\"premium-table-row\">\n<td class=\"premium-table-cell\"><span class=\"premium-table-text\">Taga: <\/span><\/td>\n<td class=\"premium-table-cell\"><span class=\"premium-table-text\">12 x 7.5 AT <\/span><\/td>\n<\/tr>\n<tr class=\"premium-table-row\">\n<td class=\"premium-table-cell\"><span class=\"premium-table-text\">Rehvim\u00f5\u00f5dud <\/span><\/td>\n<td class=\"premium-table-cell\"><\/td>\n<\/tr>\n<tr class=\"premium-table-row\">\n<td class=\"premium-table-cell\"><span class=\"premium-table-text\">Ees: <\/span><\/td>\n<td class=\"premium-table-cell\"><span class=\"premium-table-text\">24 x 8.00 R12 <\/span><\/td>\n<\/tr>\n<tr class=\"premium-table-row\">\n<td class=\"premium-table-cell\"><span class=\"premium-table-text\">Taga: <\/span><\/td>\n<td class=\"premium-table-cell\"><span class=\"premium-table-text\">25 x 10.00 R12 <\/span><\/td>\n<\/tr>\n<tr class=\"premium-table-row\">\n<td class=\"premium-table-cell\"><span class=\"premium-table-text\">* T\u00fchikaalu hulka loetakse: \u25cf juhikaal \u25cf aku \u25cf s\u00f5iduki vajalikud vedelikud <\/span><\/td>\n<td class=\"premium-table-cell\"><\/td>\n<\/tr>\n<\/tbody>\n<\/table>\n<\/div>\n<p>CFMOTO CFORCE 625 on uuem 600 seeria ATV mis on disainitud Austrias, KISKA disainistuudios ja on ehitaud t\u00e4iesti uuele platvormile, enam kui 15 aastasele kogemustele tuginedes. Selle mudeli v\u00e4ljat\u00f6\u00f6tamise juures on olnud praktilisel algusest kuni l\u00f5puni ka Eestist p\u00e4rit konsultandid. S\u00f5iduk on eeltestitud ja alles eeltestide j\u00e4rgselt saanud l\u00f5ppviimistluse ja tehnilised lahendused. Seet\u00f5ttu v\u00f5ib ka \u00f6elda, et CFORCE 625 TOURING ja CFORCE 625 mudelite ehitusel on kasutatud v\u00e4ga palju Eestist tagasisidena saadud soovitusi ja infot.<\/p>\n<p>CFFORCE 625 TOURING ja selle l\u00fchem versioon CF625 baseeruvad t\u00e4iesti uuel veermikul mille kliirens ja vedrustuse t\u00f6\u00f6k\u00e4ik on m\u00e4rkimisv\u00e4\u00e4rselt k\u00f5rgem. Kliirens, mis on ligi 280mm ning amortisaatorite t\u00f6\u00f6k\u00e4iku on pikendatud v\u00f5rreldes eelmise generatsiooni (CF550\/CF600) platvormiga v\u00f5rreldes esisillal 15mm ning tagasillal koguni 40mm. Muudetud on \u00f5\u00f5tshoovastiku t\u00f6\u00f6nurka ja saavutatud seel\u00e4bi m\u00e4rkimisv\u00e4\u00e4rselt mugavam juhitavus kogu s\u00f5idukile. Disain pole mitte ainult silmale meeldiv, vaid ka \u00e4\u00e4rmiselt praktiline. N\u00e4iteks s\u00f5iduki esiosa, ehk nina on disainitud minimaalselt etteulatuv, et parandada rataste kontaktiv\u00f5imet raskel maastikul. Oluline n\u00e4iteks kraavi\u00fcletusel v\u00f5i pehmel pinnasel ja lumes liikumisel. Parandatud on m\u00e4rkimisv\u00e4\u00e4rselt s\u00f5iduki ergonoomikat ja s\u00f5iduasendit. Touring mudeli puhul on pantud suurt r\u00f5hku ka kaasreisija mugavuste saavutamiseks.<\/p>\n<p>CFMORCE 625 esi- ja tagatuled on \u00fclimoodsa LED-tehnoloogial p\u00f5hinevad ning on ehitatud selliselt, et s\u00f5idutee oleks h\u00e4sti valgustatud nii pimedas s\u00f5ites kui see, et s\u00f5iduk oleks kaasreisijatele h\u00e4sti m\u00e4rgatav p\u00e4ise p\u00e4eva ajal. V\u00e4ga kena disainijoonega tagatulede kuju mis on L7e versioonil \u00fchtlaselt \u00fchendatud servast serva ja n\u00e4eb v\u00e4lja nagu sportauto tagaosa ning on \u00e4\u00e4rmiselt stiilipuhas.<\/p>\n<p>T3b versioon, mis t\u00e4hendab, et s\u00f5iduk on registreeritav kui v\u00e4iketraktor, siis sellel versioonil puudub p\u00f5lev \u00fchendustriip mis \u00fchendab s\u00f5iduki servades asuvaid kabariittulesid seadusest tuleneval p\u00f5hjusel.<\/p>\n<p>S\u00f5iduki juhtraud on saanud uuet\u00fc\u00fcbilised, taustvalgustusega l\u00fclitid ning n\u00e4idikud on kuvatud LCD ekraanil mis annab selget ja kokkuv\u00f5tlikku teavet ja on erinevates valgustingimustes h\u00e4sti loetav.<\/p>\n<p>CFORCE 625 mudeli 600 cm3 mootor on p\u00f5hineb enam kui 20-aastasel tootmiskogemusel. K\u00f5igile Euroopa standarditele vastav \u00fclimalt elav ja kaasaegne, sidurivaba mootor on varustatud \u00fclimalt t\u00f6\u00f6kindla sissepritse ja s\u00fc\u00fctes\u00fcsteemiga mis p\u00e4rineb Saksa kaubam\u00e4rgilt BOSCH. Mootori v\u00f5imsus edastatakse ratastele, kasutades ennast t\u00f5estanud CV-Tech variaatorit, mis p\u00e4rineb Kanadast. Mootori jahutuss\u00fcsteem on kaasajastatud ja arvesse on v\u00f5etud ka seda, et antud s\u00f5idukit v\u00f5ib ja saab kasutada ka pehmemal pinnasel raskema koormusega..<\/p>\n<p>Veoskeemi 4\u00d74 pakutakse CFORCE 625 TOURING ja CFORCE 625 mudelile kahes versioonis:<\/p>\n<p>T3b versioonil on standard veoskeem mis t\u00e4hendab: 2WD ehk tagavedu, 4WD ehk nelikvedu l\u00e4bi esidiferentsiaali ning 4WD lock ehk lukustatud 4WD.<\/p>\n<p>L7-e versioonil on lisaks tavap\u00e4rasele veoskeemile ka l\u00e4bilibisev ehk avatud tagadiferentsiaal mida saab juhtraualt nupu abil juhtida ja lukustada.<\/p>\n<p>Kasutatav k\u00e4iguvahemik L (Low speed ehk aeglusti), H (High speed ehk kire k\u00e4ik), P (Parking ehk seisupidur l\u00e4bi mootori), R (Reverce ehk tagurpidi k\u00e4ik) ja N (Neutral ehk k\u00e4ik v\u00e4ljas).<\/p>\n<p>CFORCE 625 mudel on k\u00fcll saadaval ka ilma rooliv\u00f5imendita, aga inimeste ostuharjumustest l\u00e4htuvalt soovitakse osta ikka rooliv\u00f5imendiga mudeleid. Seet\u00f5ttu on ka uue p\u00f5lvkonna CF625 saanud endale d\u00fcnaamilise rooliv\u00f5imendi ehk EPS (elektriline rooliv\u00f5imendi) mida pakutakse nii, Pikale Touring versioonile kui l\u00fchikesele CF625 mudelile. D\u00fcnaamiline rooliv\u00f5imendi, ehk kiirusetundlik rooliv\u00f5imendi t\u00f6\u00f6tab vastavalt ATV kiirusele, seega on see s\u00f5itjale v\u00e4ga turvaline abimees ka ettearvamatutes olukordades nii raskel maastikul man\u00f6\u00f6verdamisel kui ka kiirel teel liikumisel.<\/p>\n<p>Ohutuse ja pidurdusmaa eest hoolitsevad neli piduriketast ning kogu CFORCE 625 mudeli piduris\u00fcsteem on kaasajastatud, tagades veelgi j\u00f5ulisema ja samal ajal sujuva pidurdusefekti koos t\u00e4pse pidurdusj\u00f5u doseerimisega.<\/p>\n<p>Lisaks n\u00e4gusale disainile, targalt koostatud veermikule ja j\u00f5uallikale kuulub s\u00f5iduki standardvarustuse hulka k\u00e4epideme kaitsmed juhtraual, t\u00f5mbevints mis omab 1590 kg t\u00f5mbej\u00f5udu, teisaldatavat haakekonksu ning 12 tolliseid kergmetall velgi koos 25 tolliste, s\u00fcgavamustriliste madalsurverehvidega.<\/p>","protected":false},"excerpt":{"rendered":"<p>Mootor 580cc SOCH, EPS rooliv\u00f5imendi, 2WD \/ 4WD \/ 4WD LOCK, CV-Tech variaator, v\u00e4rvus punane<\/p>\n<ul>\n<li>led tuled<\/li>\n<li>LCD paneel<\/li>\n<li>t\u00f5mbevints 1390 kg<\/li>\n<li>valuvelg 12 tolli<\/li>\n<li>k\u00e4tekaitsmed<\/li>\n<li>panipaigad<\/li>\n<li>t\u00e4navalegaalne T3b<\/li>\n<li>garantii 3 aastat v\u00f5i 6000km<\/li>\n<\/ul>","protected":false},"featured_media":4071,"template":"","meta":[],"product_cat":[77,47],"product_tag":[],"class_list":{"0":"post-3348","1":"product","2":"type-product","3":"status-publish","4":"has-post-thumbnail","6":"product_cat-atv-atv-2","7":"product_cat-atv","9":"first","10":"instock","11":"taxable","12":"shipping-taxable","13":"purchasable","14":"product-type-variable","15":"has-default-attributes"},"yoast_head":"<!-- This site is optimized with the Yoast SEO plugin v23.9 - https:\/\/yoast.com\/wordpress\/plugins\/seo\/ -->\n<title>CFORCE 625 ATV | CFMoto Sirtaki<\/title>\n<meta name=\"robots\" content=\"index, follow, max-snippet:-1, max-image-preview:large, max-video-preview:-1\" \/>\n<link rel=\"canonical\" href=\"https:\/\/moto.sirtaki.ee\/ru\/product\/cforce-625-atv\/\" \/>\n<meta property=\"og:locale\" content=\"ru_RU\" \/>\n<meta property=\"og:type\" content=\"article\" \/>\n<meta property=\"og:title\" content=\"CFORCE 625 ATV | CFMoto Sirtaki\" \/>\n<meta property=\"og:description\" content=\"Mootor 580cc SOCH, EPS rooliv\u00f5imendi, 2WD \/ 4WD \/ 4WD LOCK, CV-Tech variaator, v\u00e4rvus punane   led tuled  LCD paneel  t\u00f5mbevints 1390 kg  valuvelg 12 tolli  k\u00e4tekaitsmed  panipaigad  t\u00e4navalegaalne T3b  garantii 3 aastat v\u00f5i 6000km\" \/>\n<meta property=\"og:url\" content=\"https:\/\/moto.sirtaki.ee\/ru\/product\/cforce-625-atv\/\" \/>\n<meta property=\"og:site_name\" content=\"CFMoto Sirtaki\" \/>\n<meta property=\"article:modified_time\" content=\"2026-04-22T13:49:34+00:00\" \/>\n<meta property=\"og:image\" content=\"https:\/\/moto.sirtaki.ee\/wp-content\/uploads\/2024\/10\/CF600ATR-2SC-EPS-A-RED-1.jpg\" \/>\n\t<meta property=\"og:image:width\" content=\"1920\" \/>\n\t<meta property=\"og:image:height\" content=\"1280\" \/>\n\t<meta property=\"og:image:type\" content=\"image\/jpeg\" \/>\n<meta name=\"twitter:card\" content=\"summary_large_image\" \/>\n<script type=\"application\/ld+json\" class=\"yoast-schema-graph\">{\"@context\":\"https:\/\/schema.org\",\"@graph\":[{\"@type\":\"WebPage\",\"@id\":\"https:\/\/moto.sirtaki.ee\/product\/cforce-625-atv\/\",\"url\":\"https:\/\/moto.sirtaki.ee\/product\/cforce-625-atv\/\",\"name\":\"CFORCE 625 ATV | CFMoto Sirtaki\",\"isPartOf\":{\"@id\":\"https:\/\/moto.sirtaki.ee\/#website\"},\"primaryImageOfPage\":{\"@id\":\"https:\/\/moto.sirtaki.ee\/product\/cforce-625-atv\/#primaryimage\"},\"image\":{\"@id\":\"https:\/\/moto.sirtaki.ee\/product\/cforce-625-atv\/#primaryimage\"},\"thumbnailUrl\":\"https:\/\/moto.sirtaki.ee\/wp-content\/uploads\/2024\/10\/CF600ATR-2SC-EPS-A-RED-1.jpg\",\"datePublished\":\"2024-10-30T07:18:12+00:00\",\"dateModified\":\"2026-04-22T13:49:34+00:00\",\"breadcrumb\":{\"@id\":\"https:\/\/moto.sirtaki.ee\/product\/cforce-625-atv\/#breadcrumb\"},\"inLanguage\":\"ru-RU\",\"potentialAction\":[{\"@type\":\"ReadAction\",\"target\":[\"https:\/\/moto.sirtaki.ee\/product\/cforce-625-atv\/\"]}]},{\"@type\":\"ImageObject\",\"inLanguage\":\"ru-RU\",\"@id\":\"https:\/\/moto.sirtaki.ee\/product\/cforce-625-atv\/#primaryimage\",\"url\":\"https:\/\/moto.sirtaki.ee\/wp-content\/uploads\/2024\/10\/CF600ATR-2SC-EPS-A-RED-1.jpg\",\"contentUrl\":\"https:\/\/moto.sirtaki.ee\/wp-content\/uploads\/2024\/10\/CF600ATR-2SC-EPS-A-RED-1.jpg\",\"width\":1920,\"height\":1280},{\"@type\":\"BreadcrumbList\",\"@id\":\"https:\/\/moto.sirtaki.ee\/product\/cforce-625-atv\/#breadcrumb\",\"itemListElement\":[{\"@type\":\"ListItem\",\"position\":1,\"name\":\"Home\",\"item\":\"https:\/\/moto.sirtaki.ee\/\"},{\"@type\":\"ListItem\",\"position\":2,\"name\":\"Shop\",\"item\":\"https:\/\/moto.sirtaki.ee\/shop\/\"},{\"@type\":\"ListItem\",\"position\":3,\"name\":\"CFORCE 625 ATV\"}]},{\"@type\":\"WebSite\",\"@id\":\"https:\/\/moto.sirtaki.ee\/#website\",\"url\":\"https:\/\/moto.sirtaki.ee\/\",\"name\":\"CFMoto Sirtaki\",\"description\":\"\",\"potentialAction\":[{\"@type\":\"SearchAction\",\"target\":{\"@type\":\"EntryPoint\",\"urlTemplate\":\"https:\/\/moto.sirtaki.ee\/?s={search_term_string}\"},\"query-input\":{\"@type\":\"PropertyValueSpecification\",\"valueRequired\":true,\"valueName\":\"search_term_string\"}}],\"inLanguage\":\"ru-RU\"}]}<\/script>\n<!-- \/ Yoast SEO plugin. -->","yoast_head_json":{"title":"CFORCE 625 ATV | CFMoto Sirtaki","robots":{"index":"index","follow":"follow","max-snippet":"max-snippet:-1","max-image-preview":"max-image-preview:large","max-video-preview":"max-video-preview:-1"},"canonical":"https:\/\/moto.sirtaki.ee\/ru\/product\/cforce-625-atv\/","og_locale":"ru_RU","og_type":"article","og_title":"CFORCE 625 ATV | CFMoto Sirtaki","og_description":"Mootor 580cc SOCH, EPS rooliv\u00f5imendi, 2WD \/ 4WD \/ 4WD LOCK, CV-Tech variaator, v\u00e4rvus punane   led tuled  LCD paneel  t\u00f5mbevints 1390 kg  valuvelg 12 tolli  k\u00e4tekaitsmed  panipaigad  t\u00e4navalegaalne T3b  garantii 3 aastat v\u00f5i 6000km","og_url":"https:\/\/moto.sirtaki.ee\/ru\/product\/cforce-625-atv\/","og_site_name":"CFMoto Sirtaki","article_modified_time":"2026-04-22T13:49:34+00:00","og_image":[{"width":1920,"height":1280,"url":"https:\/\/moto.sirtaki.ee\/wp-content\/uploads\/2024\/10\/CF600ATR-2SC-EPS-A-RED-1.jpg","type":"image\/jpeg"}],"twitter_card":"summary_large_image","schema":{"@context":"https:\/\/schema.org","@graph":[{"@type":"WebPage","@id":"https:\/\/moto.sirtaki.ee\/product\/cforce-625-atv\/","url":"https:\/\/moto.sirtaki.ee\/product\/cforce-625-atv\/","name":"CFORCE 625 ATV | CFMoto Sirtaki","isPartOf":{"@id":"https:\/\/moto.sirtaki.ee\/#website"},"primaryImageOfPage":{"@id":"https:\/\/moto.sirtaki.ee\/product\/cforce-625-atv\/#primaryimage"},"image":{"@id":"https:\/\/moto.sirtaki.ee\/product\/cforce-625-atv\/#primaryimage"},"thumbnailUrl":"https:\/\/moto.sirtaki.ee\/wp-content\/uploads\/2024\/10\/CF600ATR-2SC-EPS-A-RED-1.jpg","datePublished":"2024-10-30T07:18:12+00:00","dateModified":"2026-04-22T13:49:34+00:00","breadcrumb":{"@id":"https:\/\/moto.sirtaki.ee\/product\/cforce-625-atv\/#breadcrumb"},"inLanguage":"ru-RU","potentialAction":[{"@type":"ReadAction","target":["https:\/\/moto.sirtaki.ee\/product\/cforce-625-atv\/"]}]},{"@type":"ImageObject","inLanguage":"ru-RU","@id":"https:\/\/moto.sirtaki.ee\/product\/cforce-625-atv\/#primaryimage","url":"https:\/\/moto.sirtaki.ee\/wp-content\/uploads\/2024\/10\/CF600ATR-2SC-EPS-A-RED-1.jpg","contentUrl":"https:\/\/moto.sirtaki.ee\/wp-content\/uploads\/2024\/10\/CF600ATR-2SC-EPS-A-RED-1.jpg","width":1920,"height":1280},{"@type":"BreadcrumbList","@id":"https:\/\/moto.sirtaki.ee\/product\/cforce-625-atv\/#breadcrumb","itemListElement":[{"@type":"ListItem","position":1,"name":"Home","item":"https:\/\/moto.sirtaki.ee\/"},{"@type":"ListItem","position":2,"name":"Shop","item":"https:\/\/moto.sirtaki.ee\/shop\/"},{"@type":"ListItem","position":3,"name":"CFORCE 625 ATV"}]},{"@type":"WebSite","@id":"https:\/\/moto.sirtaki.ee\/#website","url":"https:\/\/moto.sirtaki.ee\/","name":"CFMoto Sirtaki","description":"","potentialAction":[{"@type":"SearchAction","target":{"@type":"EntryPoint","urlTemplate":"https:\/\/moto.sirtaki.ee\/?s={search_term_string}"},"query-input":{"@type":"PropertyValueSpecification","valueRequired":true,"valueName":"search_term_string"}}],"inLanguage":"ru-RU"}]}},"_links":{"self":[{"href":"https:\/\/moto.sirtaki.ee\/ru\/wp-json\/wp\/v2\/product\/3348"}],"collection":[{"href":"https:\/\/moto.sirtaki.ee\/ru\/wp-json\/wp\/v2\/product"}],"about":[{"href":"https:\/\/moto.sirtaki.ee\/ru\/wp-json\/wp\/v2\/types\/product"}],"wp:featuredmedia":[{"embeddable":true,"href":"https:\/\/moto.sirtaki.ee\/ru\/wp-json\/wp\/v2\/media\/4071"}],"wp:attachment":[{"href":"https:\/\/moto.sirtaki.ee\/ru\/wp-json\/wp\/v2\/media?parent=3348"}],"wp:term":[{"taxonomy":"product_cat","embeddable":true,"href":"https:\/\/moto.sirtaki.ee\/ru\/wp-json\/wp\/v2\/product_cat?post=3348"},{"taxonomy":"product_tag","embeddable":true,"href":"https:\/\/moto.sirtaki.ee\/ru\/wp-json\/wp\/v2\/product_tag?post=3348"}],"curies":[{"name":"wp","href":"https:\/\/api.w.org\/{rel}","templated":true}]}}