{"id":3360,"date":"2024-10-30T10:20:59","date_gmt":"2024-10-30T07:20:59","guid":{"rendered":"https:\/\/moto.sirtaki.ee\/?post_type=product&#038;p=3360"},"modified":"2026-04-22T16:49:34","modified_gmt":"2026-04-22T13:49:34","slug":"cforce-625-touring-atv","status":"publish","type":"product","link":"https:\/\/moto.sirtaki.ee\/ru\/product\/cforce-625-touring-atv\/","title":{"rendered":"CFORCE 625 Touring ATV"},"content":{"rendered":"<h3 class=\"elementor-heading-title elementor-size-default\">ATV CFORCE 625 Touring tehnilised andmed<\/h3>\n<div class=\"premium-table-wrap premium-table-responsive\">\n<table class=\"premium-table\" data-settings=\"{&quot;sort&quot;:false,&quot;usNumbers&quot;:false,&quot;sortMob&quot;:false,&quot;search&quot;:false,&quot;records&quot;:false,&quot;dataType&quot;:&quot;csv&quot;,&quot;csvFile&quot;:&quot;https:\\\/\\\/docs.google.com\\\/spreadsheets\\\/d\\\/e\\\/2PACX-1vQU9xsHmo2IeCt_0wxArv5mK2P5CK_DkfwhPjJ_R6bYTiAV-lvOwLfIcGsa_mSKUzDr8MDPcCv-UWYB\\\/pub?gid=0&amp;single=true&amp;output=csv&quot;,&quot;firstRow&quot;:&quot;head&quot;,&quot;separator&quot;:&quot;,&quot;,&quot;pagination&quot;:&quot;&quot;,&quot;rows&quot;:0,&quot;id&quot;:&quot;4df9081&quot;,&quot;reload&quot;:&quot;day&quot;}\">\n<thead class=\"premium-table-head\">\n<tr class=\"premium-table-row\">\n<th class=\"premium-table-cell\"><span class=\"premium-table-text\">ATV mudel <\/span><\/th>\n<th class=\"premium-table-cell\"><span class=\"premium-table-text\">CFORCE 625 Touring T3b <\/span><\/th>\n<th class=\"premium-table-cell\"><span class=\"premium-table-text\">CFORCE 625 Touring L7e <\/span><\/th>\n<\/tr>\n<\/thead>\n<tbody>\n<tr class=\"premium-table-row\">\n<td class=\"premium-table-cell\"><span class=\"premium-table-text\">EU t\u00fc\u00fcbikinnitus <\/span><\/td>\n<td class=\"premium-table-cell\"><span class=\"premium-table-text\">167 \/ T3b <\/span><\/td>\n<td class=\"premium-table-cell\"><span class=\"premium-table-text\">168 \/ L7e <\/span><\/td>\n<\/tr>\n<tr class=\"premium-table-row\">\n<td class=\"premium-table-cell\"><span class=\"premium-table-text\">Tehaset\u00e4his <\/span><\/td>\n<td class=\"premium-table-cell\"><span class=\"premium-table-text\">CF600ATR-2LC <\/span><\/td>\n<td class=\"premium-table-cell\"><span class=\"premium-table-text\">CF600AU-3LF <\/span><\/td>\n<\/tr>\n<tr class=\"premium-table-row\">\n<td class=\"premium-table-cell\"><span class=\"premium-table-text\">\u00dcldandmed <\/span><\/td>\n<td class=\"premium-table-cell\"><\/td>\n<td class=\"premium-table-cell\"><\/td>\n<\/tr>\n<tr class=\"premium-table-row\">\n<td class=\"premium-table-cell\"><span class=\"premium-table-text\">Pikkus x laius x k\u00f5rgus (mm)<\/span><\/td>\n<td class=\"premium-table-cell\"><span class=\"premium-table-text\">2320x1180x1390 mm <\/span><\/td>\n<td class=\"premium-table-cell\"><span class=\"premium-table-text\">2235x1180x1390 mm <\/span><\/td>\n<\/tr>\n<tr class=\"premium-table-row\">\n<td class=\"premium-table-cell\"><span class=\"premium-table-text\">Teljevahe (mm) <\/span><\/td>\n<td class=\"premium-table-cell\"><span class=\"premium-table-text\">1480 mm <\/span><\/td>\n<td class=\"premium-table-cell\"><span class=\"premium-table-text\">1480 mm <\/span><\/td>\n<\/tr>\n<tr class=\"premium-table-row\">\n<td class=\"premium-table-cell\"><span class=\"premium-table-text\">Istme k\u00f5rgus (mm) <\/span><\/td>\n<td class=\"premium-table-cell\"><span class=\"premium-table-text\">530 mm <\/span><\/td>\n<td class=\"premium-table-cell\"><span class=\"premium-table-text\">530 mm <\/span><\/td>\n<\/tr>\n<tr class=\"premium-table-row\">\n<td class=\"premium-table-cell\"><span class=\"premium-table-text\">Kliirens (mm) <\/span><\/td>\n<td class=\"premium-table-cell\"><span class=\"premium-table-text\">270 mm <\/span><\/td>\n<td class=\"premium-table-cell\"><span class=\"premium-table-text\">270 mm <\/span><\/td>\n<\/tr>\n<tr class=\"premium-table-row\">\n<td class=\"premium-table-cell\"><span class=\"premium-table-text\">Minimaalne p\u00f6\u00f6rdediameeter (m) <\/span><\/td>\n<td class=\"premium-table-cell\"><span class=\"premium-table-text\">7.4 \u00b1 0.5 m <\/span><\/td>\n<td class=\"premium-table-cell\"><span class=\"premium-table-text\">7.4 \u00b1 0.5 m <\/span><\/td>\n<\/tr>\n<tr class=\"premium-table-row\">\n<td class=\"premium-table-cell\"><span class=\"premium-table-text\">T\u00fchimass (kg) *<\/span><\/td>\n<td class=\"premium-table-cell\"><span class=\"premium-table-text\">475 kg * <\/span><\/td>\n<td class=\"premium-table-cell\"><span class=\"premium-table-text\">395 kg <\/span><\/td>\n<\/tr>\n<tr class=\"premium-table-row\">\n<td class=\"premium-table-cell\"><span class=\"premium-table-text\">Maksimaalne kandev\u00f5ime (kg) <\/span><\/td>\n<td class=\"premium-table-cell\"><span class=\"premium-table-text\">230 kg <\/span><\/td>\n<td class=\"premium-table-cell\"><span class=\"premium-table-text\">220 kg <\/span><\/td>\n<\/tr>\n<tr class=\"premium-table-row\">\n<td class=\"premium-table-cell\"><span class=\"premium-table-text\">K\u00fctusepaagi maht (L) <\/span><\/td>\n<td class=\"premium-table-cell\"><span class=\"premium-table-text\">18 L <\/span><\/td>\n<td class=\"premium-table-cell\"><span class=\"premium-table-text\">18 L <\/span><\/td>\n<\/tr>\n<tr class=\"premium-table-row\">\n<td class=\"premium-table-cell\"><span class=\"premium-table-text\">Maksimaalne lubatud kiirus (km\/h) <\/span><\/td>\n<td class=\"premium-table-cell\"><span class=\"premium-table-text\">60 km\/h <\/span><\/td>\n<td class=\"premium-table-cell\"><span class=\"premium-table-text\">90 km\/h <\/span><\/td>\n<\/tr>\n<tr class=\"premium-table-row\">\n<td class=\"premium-table-cell\"><span class=\"premium-table-text\">Mootor <\/span><\/td>\n<td class=\"premium-table-cell\"><\/td>\n<td class=\"premium-table-cell\"><\/td>\n<\/tr>\n<tr class=\"premium-table-row\">\n<td class=\"premium-table-cell\"><span class=\"premium-table-text\">Mootori t\u00fc\u00fcp <\/span><\/td>\n<td class=\"premium-table-cell\"><span class=\"premium-table-text\">SOHC \u00fche silindriline \/ vedelikjahtusega \/ nelja taktiline \/ nelja klapiline <\/span><\/td>\n<td class=\"premium-table-cell\"><span class=\"premium-table-text\">SOHC \u00fche silindriline \/ vedelikjahtusega \/ nelja taktiline \/ nelja klapiline <\/span><\/td>\n<\/tr>\n<tr class=\"premium-table-row\">\n<td class=\"premium-table-cell\"><span class=\"premium-table-text\">Mootori t\u00f6\u00f6maht (cc) <\/span><\/td>\n<td class=\"premium-table-cell\"><span class=\"premium-table-text\">580 cc <\/span><\/td>\n<td class=\"premium-table-cell\"><span class=\"premium-table-text\">580 cc <\/span><\/td>\n<\/tr>\n<tr class=\"premium-table-row\">\n<td class=\"premium-table-cell\"><span class=\"premium-table-text\">Kolvik\u00e4ik (mm) <\/span><\/td>\n<td class=\"premium-table-cell\"><span class=\"premium-table-text\">91.0 \u00d7 89.2 mm <\/span><\/td>\n<td class=\"premium-table-cell\"><span class=\"premium-table-text\">91.0 \u00d7 89.2 mm <\/span><\/td>\n<\/tr>\n<tr class=\"premium-table-row\">\n<td class=\"premium-table-cell\"><span class=\"premium-table-text\">V\u00f5imsus (kW\/rpm) <\/span><\/td>\n<td class=\"premium-table-cell\"><span class=\"premium-table-text\">33 kW\/6500 rpm <\/span><\/td>\n<td class=\"premium-table-cell\"><span class=\"premium-table-text\">24.8 kW\/6250 rpm <\/span><\/td>\n<\/tr>\n<tr class=\"premium-table-row\">\n<td class=\"premium-table-cell\"><span class=\"premium-table-text\">Maksimaalne p\u00f6\u00f6rdemoment (N\u00b7m\/rpm) <\/span><\/td>\n<td class=\"premium-table-cell\"><span class=\"premium-table-text\">51 N\u00b7m\/5250 rpm <\/span><\/td>\n<td class=\"premium-table-cell\"><span class=\"premium-table-text\">39 N\u00b7m\/5250 rpm <\/span><\/td>\n<\/tr>\n<tr class=\"premium-table-row\">\n<td class=\"premium-table-cell\"><span class=\"premium-table-text\">Surveaste <\/span><\/td>\n<td class=\"premium-table-cell\"><span class=\"premium-table-text\">10.68:1 <\/span><\/td>\n<td class=\"premium-table-cell\"><span class=\"premium-table-text\">10.68:1 <\/span><\/td>\n<\/tr>\n<tr class=\"premium-table-row\">\n<td class=\"premium-table-cell\"><span class=\"premium-table-text\">Toites\u00fcsteem <\/span><\/td>\n<td class=\"premium-table-cell\"><span class=\"premium-table-text\">EFI Bosch <\/span><\/td>\n<td class=\"premium-table-cell\"><span class=\"premium-table-text\">EFI Bosch <\/span><\/td>\n<\/tr>\n<tr class=\"premium-table-row\">\n<td class=\"premium-table-cell\"><span class=\"premium-table-text\">S\u00fc\u00fctes\u00fcsteem <\/span><\/td>\n<td class=\"premium-table-cell\"><span class=\"premium-table-text\">ECU Bosch <\/span><\/td>\n<td class=\"premium-table-cell\"><span class=\"premium-table-text\">ECU Bosch <\/span><\/td>\n<\/tr>\n<tr class=\"premium-table-row\">\n<td class=\"premium-table-cell\"><span class=\"premium-table-text\">\u00dclekanne <\/span><\/td>\n<td class=\"premium-table-cell\"><span class=\"premium-table-text\">CVT <\/span><\/td>\n<td class=\"premium-table-cell\"><span class=\"premium-table-text\">CVT <\/span><\/td>\n<\/tr>\n<tr class=\"premium-table-row\">\n<td class=\"premium-table-cell\"><span class=\"premium-table-text\">Veermik <\/span><\/td>\n<td class=\"premium-table-cell\"><\/td>\n<td class=\"premium-table-cell\"><\/td>\n<\/tr>\n<tr class=\"premium-table-row\">\n<td class=\"premium-table-cell\"><span class=\"premium-table-text\">Veoskeem <\/span><\/td>\n<td class=\"premium-table-cell\"><span class=\"premium-table-text\">2WD \/ 4WD \/ lukustatav 4WD <\/span><\/td>\n<td class=\"premium-table-cell\"><span class=\"premium-table-text\">2WD \/ 4WD \/ lukustatav 4WD <\/span><\/td>\n<\/tr>\n<tr class=\"premium-table-row\">\n<td class=\"premium-table-cell\"><span class=\"premium-table-text\">Rooliv\u00f5imendi <\/span><\/td>\n<td class=\"premium-table-cell\">EPS rooliv\u00f5imendi<\/td>\n<td class=\"premium-table-cell\">EPS rooliv\u00f5imendi<\/td>\n<\/tr>\n<tr class=\"premium-table-row\">\n<td class=\"premium-table-cell\"><span class=\"premium-table-text\">Pidurid <\/span><\/td>\n<td class=\"premium-table-cell\"><span class=\"premium-table-text\">H\u00fcdraulilised ketaspidurid &#8211; CBS <\/span><\/td>\n<td class=\"premium-table-cell\"><span class=\"premium-table-text\">H\u00fcdraulilised ketaspidurid <\/span><\/td>\n<\/tr>\n<tr class=\"premium-table-row\">\n<td class=\"premium-table-cell\"><span class=\"premium-table-text\">Vedrustus <\/span><\/td>\n<td class=\"premium-table-cell\"><span class=\"premium-table-text\">Ees\/taga: topelt \u00f5\u00f5tshoobadega s\u00f5ltumatu vedrustus <\/span><\/td>\n<td class=\"premium-table-cell\"><span class=\"premium-table-text\">Ees\/taga: topelt \u00f5\u00f5tshoobadega s\u00f5ltumatu vedrustus <\/span><\/td>\n<\/tr>\n<tr class=\"premium-table-row\">\n<td class=\"premium-table-cell\"><span class=\"premium-table-text\">Amortisaatorid <\/span><\/td>\n<td class=\"premium-table-cell\"><span class=\"premium-table-text\">Ees\/taga: \u00f5liamortisaatorid <\/span><\/td>\n<td class=\"premium-table-cell\"><span class=\"premium-table-text\">Ees\/taga: \u00f5liamortisaatorid <\/span><\/td>\n<\/tr>\n<tr class=\"premium-table-row\">\n<td class=\"premium-table-cell\"><span class=\"premium-table-text\"> Veljed <\/span><\/td>\n<td class=\"premium-table-cell\"><\/td>\n<td class=\"premium-table-cell\"><\/td>\n<\/tr>\n<tr class=\"premium-table-row\">\n<td class=\"premium-table-cell\"><span class=\"premium-table-text\">Ees: <\/span><\/td>\n<td class=\"premium-table-cell\"><span class=\"premium-table-text\">12 x 6.0 AT <\/span><\/td>\n<td class=\"premium-table-cell\"><span class=\"premium-table-text\">12 x 6.0 AT <\/span><\/td>\n<\/tr>\n<tr class=\"premium-table-row\">\n<td class=\"premium-table-cell\"><span class=\"premium-table-text\">Taga: <\/span><\/td>\n<td class=\"premium-table-cell\"><span class=\"premium-table-text\">12 x 7.5 AT <\/span><\/td>\n<td class=\"premium-table-cell\"><span class=\"premium-table-text\">12 x 7.5 AT <\/span><\/td>\n<\/tr>\n<tr class=\"premium-table-row\">\n<td class=\"premium-table-cell\"><span class=\"premium-table-text\">Rehvim\u00f5\u00f5dud <\/span><\/td>\n<td class=\"premium-table-cell\"><\/td>\n<td class=\"premium-table-cell\"><\/td>\n<\/tr>\n<tr class=\"premium-table-row\">\n<td class=\"premium-table-cell\"><span class=\"premium-table-text\">Ees: <\/span><\/td>\n<td class=\"premium-table-cell\"><span class=\"premium-table-text\">25 x 8.00 R12 <\/span><\/td>\n<td class=\"premium-table-cell\"><span class=\"premium-table-text\">25 x 8.00 R12 <\/span><\/td>\n<\/tr>\n<tr class=\"premium-table-row\">\n<td class=\"premium-table-cell\"><span class=\"premium-table-text\">Taga: <\/span><\/td>\n<td class=\"premium-table-cell\"><span class=\"premium-table-text\">25 x 10.00 R12 <\/span><\/td>\n<td class=\"premium-table-cell\"><span class=\"premium-table-text\">25 x 10.00 R12 <\/span><\/td>\n<\/tr>\n<tr class=\"premium-table-row\">\n<td class=\"premium-table-cell\"><span class=\"premium-table-text\">* T\u00fchikaalu hulka loetakse: \u25cf juhikaal \u25cf aku \u25cf s\u00f5iduki vajalikud vedelikud <\/span><\/td>\n<td class=\"premium-table-cell\"><\/td>\n<td class=\"premium-table-cell\"><\/td>\n<\/tr>\n<\/tbody>\n<\/table>\n<\/div>\n<p>&nbsp;<\/p>\n<p>CFORCE 625 Touring on kahekohaline pikema kerega ATV, mis sobib suurep\u00e4raselt nii igap\u00e4evaste t\u00f6\u00f6de tegemiseks kui ka vaba aja seiklusteks.<\/p>\n<p>Mootor: vedelikjahutusega, \u00fchesilndriline 580cm3 t\u00f6\u00f6mahuga bensiinimootor, 2 s\u00f5idure\u017eiimi.<br \/>\nToide: Bosch EFI sissepritses\u00fcsteem.<br \/>\nVeoskeem: tagavedu l\u00e4bi diferentsiaali \/ elektriliselt l\u00fclitatav nelikvedu l\u00e4bi esi diferentsiaali \/ lukustatav nelikvedu.<br \/>\nK\u00e4igud: H \u2013 L \u2013 N \u2013 R \u2013 P<br \/>\nIstekohti: 2<br \/>\n\u00dclekanne: automaat \u2013 CV-Tech variaator.<br \/>\nPidurid: h\u00fcdraulilised 4x ketaspiduriga, 4 ratta pidurduss\u00fcsteem \/ seisupidur.<br \/>\nPukseerimisseadmed: t\u00f5mbevints ning pukseerimiskonks.<br \/>\nVedrustus: 4x s\u00f5ltumatu (reguleeritavad nitrogeen \/ \u00f5liamortisaatorid).<\/p>\n<p>Maksimaalne lubatud liikumiskiirus kuni 60km\/h!<\/p>\n<p>CFORCE 625 Touring seeria s\u00f5iduki p\u00f5hivarustusse kuulub:<br \/>\n\u2022 elektrooniline rooliv\u00f5imendi (EPS)<br \/>\n\u2022 mahukad pakiraamid s\u00f5iduki ees- ja tagaosas,<br \/>\n\u2022 kaks suletava kaanega panipaika,<br \/>\n\u2022 k\u00e4ekaitsmed juhtraual,<br \/>\n\u2022 eraldiseisev kaasreisija iste koos seljatoega,<br \/>\n\u2022 kaasreisija k\u00e4epidemed,<br \/>\n\u2022 2 x USB ja 1x 12V voolu v\u00e4ljav\u00f5tted,<br \/>\n\u2022 terastrossiga 1390 kg t\u00f5mbej\u00f5udu omav elektriline t\u00f5mbevints,<br \/>\n\u2022 teisaldatav haakekonks haagise pukseerimiseks,<br \/>\n\u2022 7pin haagise tulede pistik,<br \/>\n\u2022 25 tolli s\u00fcgavamustrilised madalsurve rehvid<br \/>\n\u2022 12 tolli kergmetallveljed.<\/p>\n<p>K\u00f5ikidele CFMOTO ATV-dele kehtib eksklusiivne 3-aastane v\u00f5i 6000 km garantii. Samuti on v\u00f5imalik ATV-le juurde soetada 1 v\u00f5i 2 aastane lisagarantii, mis pikendab garantii l\u00e4bis\u00f5itu vastavalt 1000 ja 2000 km.<\/p>","protected":false},"excerpt":{"rendered":"<p>Mootor 600cc SOCH, EPS rooliv\u00f5imendi, 2WD \/ 4WD \/ 4WD LOCK, CV-Tech variaator, v\u00e4rvus Sinine<\/p>\n<ul>\n<li>led tuled<\/li>\n<li>LCD paneel<\/li>\n<li>t\u00f5mbevints 1390 kg<\/li>\n<li>valuvelg 12 tolli<\/li>\n<li>k\u00e4tekaitsmed<\/li>\n<li>kaasreisija iste seljatoega<\/li>\n<li>t\u00e4navalegaalne \u2013 T3b<\/li>\n<li>garantii 3 aastat v\u00f5i 3000km<\/li>\n<\/ul>","protected":false},"featured_media":4073,"template":"","meta":[],"product_cat":[77,47],"product_tag":[],"class_list":{"0":"post-3360","1":"product","2":"type-product","3":"status-publish","4":"has-post-thumbnail","6":"product_cat-atv-atv-2","7":"product_cat-atv","9":"first","10":"onbackorder","11":"sale","12":"taxable","13":"shipping-taxable","14":"purchasable","15":"product-type-variable","16":"has-default-attributes"},"yoast_head":"<!-- This site is optimized with the Yoast SEO plugin v23.9 - https:\/\/yoast.com\/wordpress\/plugins\/seo\/ -->\n<title>CFORCE 625 Touring ATV | CFMoto Sirtaki<\/title>\n<meta name=\"robots\" content=\"index, follow, max-snippet:-1, max-image-preview:large, max-video-preview:-1\" \/>\n<link rel=\"canonical\" href=\"https:\/\/moto.sirtaki.ee\/ru\/product\/cforce-625-touring-atv\/\" \/>\n<meta property=\"og:locale\" content=\"ru_RU\" \/>\n<meta property=\"og:type\" content=\"article\" \/>\n<meta property=\"og:title\" content=\"CFORCE 625 Touring ATV | CFMoto Sirtaki\" \/>\n<meta property=\"og:description\" content=\"Mootor 600cc SOCH, EPS rooliv\u00f5imendi, 2WD \/ 4WD \/ 4WD LOCK, CV-Tech variaator, v\u00e4rvus Sinine   led tuled  LCD paneel  t\u00f5mbevints 1390 kg  valuvelg 12 tolli  k\u00e4tekaitsmed  kaasreisija iste seljatoega  t\u00e4navalegaalne \u2013 T3b  garantii 3 aastat v\u00f5i 3000km\" \/>\n<meta property=\"og:url\" content=\"https:\/\/moto.sirtaki.ee\/ru\/product\/cforce-625-touring-atv\/\" \/>\n<meta property=\"og:site_name\" content=\"CFMoto Sirtaki\" \/>\n<meta property=\"article:modified_time\" content=\"2026-04-22T13:49:34+00:00\" \/>\n<meta property=\"og:image\" content=\"https:\/\/moto.sirtaki.ee\/wp-content\/uploads\/2026\/04\/CF600ATR-2LC-EPS-A-BLUE-1.jpg\" \/>\n\t<meta property=\"og:image:width\" content=\"1920\" \/>\n\t<meta property=\"og:image:height\" content=\"1280\" \/>\n\t<meta property=\"og:image:type\" content=\"image\/jpeg\" \/>\n<meta name=\"twitter:card\" content=\"summary_large_image\" \/>\n<script type=\"application\/ld+json\" class=\"yoast-schema-graph\">{\"@context\":\"https:\/\/schema.org\",\"@graph\":[{\"@type\":\"WebPage\",\"@id\":\"https:\/\/moto.sirtaki.ee\/product\/cforce-625-touring-atv\/\",\"url\":\"https:\/\/moto.sirtaki.ee\/product\/cforce-625-touring-atv\/\",\"name\":\"CFORCE 625 Touring ATV | CFMoto Sirtaki\",\"isPartOf\":{\"@id\":\"https:\/\/moto.sirtaki.ee\/#website\"},\"primaryImageOfPage\":{\"@id\":\"https:\/\/moto.sirtaki.ee\/product\/cforce-625-touring-atv\/#primaryimage\"},\"image\":{\"@id\":\"https:\/\/moto.sirtaki.ee\/product\/cforce-625-touring-atv\/#primaryimage\"},\"thumbnailUrl\":\"https:\/\/moto.sirtaki.ee\/wp-content\/uploads\/2026\/04\/CF600ATR-2LC-EPS-A-BLUE-1.jpg\",\"datePublished\":\"2024-10-30T07:20:59+00:00\",\"dateModified\":\"2026-04-22T13:49:34+00:00\",\"breadcrumb\":{\"@id\":\"https:\/\/moto.sirtaki.ee\/product\/cforce-625-touring-atv\/#breadcrumb\"},\"inLanguage\":\"ru-RU\",\"potentialAction\":[{\"@type\":\"ReadAction\",\"target\":[\"https:\/\/moto.sirtaki.ee\/product\/cforce-625-touring-atv\/\"]}]},{\"@type\":\"ImageObject\",\"inLanguage\":\"ru-RU\",\"@id\":\"https:\/\/moto.sirtaki.ee\/product\/cforce-625-touring-atv\/#primaryimage\",\"url\":\"https:\/\/moto.sirtaki.ee\/wp-content\/uploads\/2026\/04\/CF600ATR-2LC-EPS-A-BLUE-1.jpg\",\"contentUrl\":\"https:\/\/moto.sirtaki.ee\/wp-content\/uploads\/2026\/04\/CF600ATR-2LC-EPS-A-BLUE-1.jpg\",\"width\":1920,\"height\":1280},{\"@type\":\"BreadcrumbList\",\"@id\":\"https:\/\/moto.sirtaki.ee\/product\/cforce-625-touring-atv\/#breadcrumb\",\"itemListElement\":[{\"@type\":\"ListItem\",\"position\":1,\"name\":\"Home\",\"item\":\"https:\/\/moto.sirtaki.ee\/\"},{\"@type\":\"ListItem\",\"position\":2,\"name\":\"Shop\",\"item\":\"https:\/\/moto.sirtaki.ee\/shop\/\"},{\"@type\":\"ListItem\",\"position\":3,\"name\":\"CFORCE 625 Touring ATV\"}]},{\"@type\":\"WebSite\",\"@id\":\"https:\/\/moto.sirtaki.ee\/#website\",\"url\":\"https:\/\/moto.sirtaki.ee\/\",\"name\":\"CFMoto Sirtaki\",\"description\":\"\",\"potentialAction\":[{\"@type\":\"SearchAction\",\"target\":{\"@type\":\"EntryPoint\",\"urlTemplate\":\"https:\/\/moto.sirtaki.ee\/?s={search_term_string}\"},\"query-input\":{\"@type\":\"PropertyValueSpecification\",\"valueRequired\":true,\"valueName\":\"search_term_string\"}}],\"inLanguage\":\"ru-RU\"}]}<\/script>\n<!-- \/ Yoast SEO plugin. -->","yoast_head_json":{"title":"CFORCE 625 Touring ATV | CFMoto Sirtaki","robots":{"index":"index","follow":"follow","max-snippet":"max-snippet:-1","max-image-preview":"max-image-preview:large","max-video-preview":"max-video-preview:-1"},"canonical":"https:\/\/moto.sirtaki.ee\/ru\/product\/cforce-625-touring-atv\/","og_locale":"ru_RU","og_type":"article","og_title":"CFORCE 625 Touring ATV | CFMoto Sirtaki","og_description":"Mootor 600cc SOCH, EPS rooliv\u00f5imendi, 2WD \/ 4WD \/ 4WD LOCK, CV-Tech variaator, v\u00e4rvus Sinine   led tuled  LCD paneel  t\u00f5mbevints 1390 kg  valuvelg 12 tolli  k\u00e4tekaitsmed  kaasreisija iste seljatoega  t\u00e4navalegaalne \u2013 T3b  garantii 3 aastat v\u00f5i 3000km","og_url":"https:\/\/moto.sirtaki.ee\/ru\/product\/cforce-625-touring-atv\/","og_site_name":"CFMoto Sirtaki","article_modified_time":"2026-04-22T13:49:34+00:00","og_image":[{"width":1920,"height":1280,"url":"https:\/\/moto.sirtaki.ee\/wp-content\/uploads\/2026\/04\/CF600ATR-2LC-EPS-A-BLUE-1.jpg","type":"image\/jpeg"}],"twitter_card":"summary_large_image","schema":{"@context":"https:\/\/schema.org","@graph":[{"@type":"WebPage","@id":"https:\/\/moto.sirtaki.ee\/product\/cforce-625-touring-atv\/","url":"https:\/\/moto.sirtaki.ee\/product\/cforce-625-touring-atv\/","name":"CFORCE 625 Touring ATV | CFMoto Sirtaki","isPartOf":{"@id":"https:\/\/moto.sirtaki.ee\/#website"},"primaryImageOfPage":{"@id":"https:\/\/moto.sirtaki.ee\/product\/cforce-625-touring-atv\/#primaryimage"},"image":{"@id":"https:\/\/moto.sirtaki.ee\/product\/cforce-625-touring-atv\/#primaryimage"},"thumbnailUrl":"https:\/\/moto.sirtaki.ee\/wp-content\/uploads\/2026\/04\/CF600ATR-2LC-EPS-A-BLUE-1.jpg","datePublished":"2024-10-30T07:20:59+00:00","dateModified":"2026-04-22T13:49:34+00:00","breadcrumb":{"@id":"https:\/\/moto.sirtaki.ee\/product\/cforce-625-touring-atv\/#breadcrumb"},"inLanguage":"ru-RU","potentialAction":[{"@type":"ReadAction","target":["https:\/\/moto.sirtaki.ee\/product\/cforce-625-touring-atv\/"]}]},{"@type":"ImageObject","inLanguage":"ru-RU","@id":"https:\/\/moto.sirtaki.ee\/product\/cforce-625-touring-atv\/#primaryimage","url":"https:\/\/moto.sirtaki.ee\/wp-content\/uploads\/2026\/04\/CF600ATR-2LC-EPS-A-BLUE-1.jpg","contentUrl":"https:\/\/moto.sirtaki.ee\/wp-content\/uploads\/2026\/04\/CF600ATR-2LC-EPS-A-BLUE-1.jpg","width":1920,"height":1280},{"@type":"BreadcrumbList","@id":"https:\/\/moto.sirtaki.ee\/product\/cforce-625-touring-atv\/#breadcrumb","itemListElement":[{"@type":"ListItem","position":1,"name":"Home","item":"https:\/\/moto.sirtaki.ee\/"},{"@type":"ListItem","position":2,"name":"Shop","item":"https:\/\/moto.sirtaki.ee\/shop\/"},{"@type":"ListItem","position":3,"name":"CFORCE 625 Touring ATV"}]},{"@type":"WebSite","@id":"https:\/\/moto.sirtaki.ee\/#website","url":"https:\/\/moto.sirtaki.ee\/","name":"CFMoto Sirtaki","description":"","potentialAction":[{"@type":"SearchAction","target":{"@type":"EntryPoint","urlTemplate":"https:\/\/moto.sirtaki.ee\/?s={search_term_string}"},"query-input":{"@type":"PropertyValueSpecification","valueRequired":true,"valueName":"search_term_string"}}],"inLanguage":"ru-RU"}]}},"_links":{"self":[{"href":"https:\/\/moto.sirtaki.ee\/ru\/wp-json\/wp\/v2\/product\/3360"}],"collection":[{"href":"https:\/\/moto.sirtaki.ee\/ru\/wp-json\/wp\/v2\/product"}],"about":[{"href":"https:\/\/moto.sirtaki.ee\/ru\/wp-json\/wp\/v2\/types\/product"}],"wp:featuredmedia":[{"embeddable":true,"href":"https:\/\/moto.sirtaki.ee\/ru\/wp-json\/wp\/v2\/media\/4073"}],"wp:attachment":[{"href":"https:\/\/moto.sirtaki.ee\/ru\/wp-json\/wp\/v2\/media?parent=3360"}],"wp:term":[{"taxonomy":"product_cat","embeddable":true,"href":"https:\/\/moto.sirtaki.ee\/ru\/wp-json\/wp\/v2\/product_cat?post=3360"},{"taxonomy":"product_tag","embeddable":true,"href":"https:\/\/moto.sirtaki.ee\/ru\/wp-json\/wp\/v2\/product_tag?post=3360"}],"curies":[{"name":"wp","href":"https:\/\/api.w.org\/{rel}","templated":true}]}}