{"id":3380,"date":"2024-10-30T10:47:53","date_gmt":"2024-10-30T07:47:53","guid":{"rendered":"https:\/\/moto.sirtaki.ee\/?post_type=product&#038;p=3380"},"modified":"2026-04-22T16:49:34","modified_gmt":"2026-04-22T13:49:34","slug":"cforce-625-touring-overland-atv","status":"publish","type":"product","link":"https:\/\/moto.sirtaki.ee\/ru\/product\/cforce-625-touring-overland-atv\/","title":{"rendered":"CFORCE 625 Touring Overland ABS ATV"},"content":{"rendered":"<h3 class=\"elementor-heading-title elementor-size-default\">ATV CFORCE 625 Touring Overland tehnilised andmed<\/h3>\n<div class=\"premium-table-wrap premium-table-responsive\">\n<table class=\"premium-table\" data-settings=\"{&quot;sort&quot;:false,&quot;usNumbers&quot;:false,&quot;sortMob&quot;:false,&quot;search&quot;:false,&quot;records&quot;:false,&quot;dataType&quot;:&quot;csv&quot;,&quot;csvFile&quot;:&quot;https:\\\/\\\/docs.google.com\\\/spreadsheets\\\/d\\\/e\\\/2PACX-1vQU9xsHmo2IeCt_0wxArv5mK2P5CK_DkfwhPjJ_R6bYTiAV-lvOwLfIcGsa_mSKUzDr8MDPcCv-UWYB\\\/pub?gid=0&amp;single=true&amp;output=csv&quot;,&quot;firstRow&quot;:&quot;head&quot;,&quot;separator&quot;:&quot;,&quot;,&quot;pagination&quot;:&quot;&quot;,&quot;rows&quot;:0,&quot;id&quot;:&quot;4f1de44&quot;,&quot;reload&quot;:&quot;day&quot;}\">\n<thead class=\"premium-table-head\">\n<tr class=\"premium-table-row\">\n<th class=\"premium-table-cell\"><span class=\"premium-table-text\">ATV mudel <\/span><\/th>\n<th class=\"premium-table-cell\"><span class=\"premium-table-text\">CFORCE 625 Touring T3b <\/span><\/th>\n<th class=\"premium-table-cell\"><\/th>\n<\/tr>\n<\/thead>\n<tbody>\n<tr class=\"premium-table-row\">\n<td class=\"premium-table-cell\"><span class=\"premium-table-text\">EU t\u00fc\u00fcbikinnitus <\/span><\/td>\n<td class=\"premium-table-cell\"><span class=\"premium-table-text\">167 \/ T3b <\/span><\/td>\n<td class=\"premium-table-cell\"><\/td>\n<\/tr>\n<tr class=\"premium-table-row\">\n<td class=\"premium-table-cell\"><span class=\"premium-table-text\">Tehaset\u00e4his <\/span><\/td>\n<td class=\"premium-table-cell\"><span class=\"premium-table-text\">CF600ATR-2LC <\/span><\/td>\n<td class=\"premium-table-cell\"><\/td>\n<\/tr>\n<tr class=\"premium-table-row\">\n<td class=\"premium-table-cell\"><span class=\"premium-table-text\">\u00dcldandmed <\/span><\/td>\n<td class=\"premium-table-cell\"><\/td>\n<td class=\"premium-table-cell\"><\/td>\n<\/tr>\n<tr class=\"premium-table-row\">\n<td class=\"premium-table-cell\"><span class=\"premium-table-text\">Pikkus x laius x k\u00f5rgus (mm)<\/span><\/td>\n<td class=\"premium-table-cell\"><span class=\"premium-table-text\">2320x1180x1390 mm <\/span><\/td>\n<td class=\"premium-table-cell\"><\/td>\n<\/tr>\n<tr class=\"premium-table-row\">\n<td class=\"premium-table-cell\"><span class=\"premium-table-text\">Teljevahe (mm) <\/span><\/td>\n<td class=\"premium-table-cell\"><span class=\"premium-table-text\">1480 mm <\/span><\/td>\n<td class=\"premium-table-cell\"><\/td>\n<\/tr>\n<tr class=\"premium-table-row\">\n<td class=\"premium-table-cell\"><span class=\"premium-table-text\">Istme k\u00f5rgus (mm) <\/span><\/td>\n<td class=\"premium-table-cell\"><span class=\"premium-table-text\">530 mm <\/span><\/td>\n<td class=\"premium-table-cell\"><\/td>\n<\/tr>\n<tr class=\"premium-table-row\">\n<td class=\"premium-table-cell\"><span class=\"premium-table-text\">Kliirens (mm) <\/span><\/td>\n<td class=\"premium-table-cell\"><span class=\"premium-table-text\">270 mm <\/span><\/td>\n<td class=\"premium-table-cell\"><\/td>\n<\/tr>\n<tr class=\"premium-table-row\">\n<td class=\"premium-table-cell\"><span class=\"premium-table-text\">Minimaalne p\u00f6\u00f6rdediameeter (m) <\/span><\/td>\n<td class=\"premium-table-cell\"><span class=\"premium-table-text\">7.4 \u00b1 0.5 m <\/span><\/td>\n<td class=\"premium-table-cell\"><\/td>\n<\/tr>\n<tr class=\"premium-table-row\">\n<td class=\"premium-table-cell\"><span class=\"premium-table-text\">T\u00fchimass (kg) *<\/span><\/td>\n<td class=\"premium-table-cell\"><span class=\"premium-table-text\">475 kg * <\/span><\/td>\n<td class=\"premium-table-cell\"><\/td>\n<\/tr>\n<tr class=\"premium-table-row\">\n<td class=\"premium-table-cell\"><span class=\"premium-table-text\">Maksimaalne kandev\u00f5ime (kg) <\/span><\/td>\n<td class=\"premium-table-cell\"><span class=\"premium-table-text\">230 kg <\/span><\/td>\n<td class=\"premium-table-cell\"><\/td>\n<\/tr>\n<tr class=\"premium-table-row\">\n<td class=\"premium-table-cell\"><span class=\"premium-table-text\">K\u00fctusepaagi maht (L) <\/span><\/td>\n<td class=\"premium-table-cell\"><span class=\"premium-table-text\">18 L <\/span><\/td>\n<td class=\"premium-table-cell\"><\/td>\n<\/tr>\n<tr class=\"premium-table-row\">\n<td class=\"premium-table-cell\"><span class=\"premium-table-text\">Maksimaalne lubatud kiirus (km\/h) <\/span><\/td>\n<td class=\"premium-table-cell\"><span class=\"premium-table-text\">60 km\/h <\/span><\/td>\n<td class=\"premium-table-cell\"><\/td>\n<\/tr>\n<tr class=\"premium-table-row\">\n<td class=\"premium-table-cell\"><span class=\"premium-table-text\">Mootor <\/span><\/td>\n<td class=\"premium-table-cell\"><\/td>\n<td class=\"premium-table-cell\"><\/td>\n<\/tr>\n<tr class=\"premium-table-row\">\n<td class=\"premium-table-cell\"><span class=\"premium-table-text\">Mootori t\u00fc\u00fcp <\/span><\/td>\n<td class=\"premium-table-cell\"><span class=\"premium-table-text\">SOHC \u00fche silindriline \/ vedelikjahtusega \/ nelja taktiline \/ nelja klapiline <\/span><\/td>\n<td class=\"premium-table-cell\"><\/td>\n<\/tr>\n<tr class=\"premium-table-row\">\n<td class=\"premium-table-cell\"><span class=\"premium-table-text\">Mootori t\u00f6\u00f6maht (cc) <\/span><\/td>\n<td class=\"premium-table-cell\"><span class=\"premium-table-text\">580 cc <\/span><\/td>\n<td class=\"premium-table-cell\"><\/td>\n<\/tr>\n<tr class=\"premium-table-row\">\n<td class=\"premium-table-cell\"><span class=\"premium-table-text\">Kolvik\u00e4ik (mm) <\/span><\/td>\n<td class=\"premium-table-cell\"><span class=\"premium-table-text\">91.0 \u00d7 89.2 mm <\/span><\/td>\n<td class=\"premium-table-cell\"><\/td>\n<\/tr>\n<tr class=\"premium-table-row\">\n<td class=\"premium-table-cell\"><span class=\"premium-table-text\">V\u00f5imsus (kW\/rpm) <\/span><\/td>\n<td class=\"premium-table-cell\"><span class=\"premium-table-text\">33 kW\/6500 rpm <\/span><\/td>\n<td class=\"premium-table-cell\"><\/td>\n<\/tr>\n<tr class=\"premium-table-row\">\n<td class=\"premium-table-cell\"><span class=\"premium-table-text\">Maksimaalne p\u00f6\u00f6rdemoment (N\u00b7m\/rpm) <\/span><\/td>\n<td class=\"premium-table-cell\"><span class=\"premium-table-text\">51 N\u00b7m\/5250 rpm <\/span><\/td>\n<td class=\"premium-table-cell\"><\/td>\n<\/tr>\n<tr class=\"premium-table-row\">\n<td class=\"premium-table-cell\"><span class=\"premium-table-text\">Surveaste <\/span><\/td>\n<td class=\"premium-table-cell\"><span class=\"premium-table-text\">10.68:1 <\/span><\/td>\n<td class=\"premium-table-cell\"><\/td>\n<\/tr>\n<tr class=\"premium-table-row\">\n<td class=\"premium-table-cell\"><span class=\"premium-table-text\">Toites\u00fcsteem <\/span><\/td>\n<td class=\"premium-table-cell\"><span class=\"premium-table-text\">EFI Bosch <\/span><\/td>\n<td class=\"premium-table-cell\"><\/td>\n<\/tr>\n<tr class=\"premium-table-row\">\n<td class=\"premium-table-cell\"><span class=\"premium-table-text\">S\u00fc\u00fctes\u00fcsteem <\/span><\/td>\n<td class=\"premium-table-cell\"><span class=\"premium-table-text\">ECU Bosch <\/span><\/td>\n<td class=\"premium-table-cell\"><\/td>\n<\/tr>\n<tr class=\"premium-table-row\">\n<td class=\"premium-table-cell\"><span class=\"premium-table-text\">\u00dclekanne <\/span><\/td>\n<td class=\"premium-table-cell\"><span class=\"premium-table-text\">CVT <\/span><\/td>\n<td class=\"premium-table-cell\"><\/td>\n<\/tr>\n<tr class=\"premium-table-row\">\n<td class=\"premium-table-cell\"><span class=\"premium-table-text\">Veermik <\/span><\/td>\n<td class=\"premium-table-cell\"><\/td>\n<td class=\"premium-table-cell\"><\/td>\n<\/tr>\n<tr class=\"premium-table-row\">\n<td class=\"premium-table-cell\"><span class=\"premium-table-text\">Veoskeem <\/span><\/td>\n<td class=\"premium-table-cell\"><span class=\"premium-table-text\">2WD \/ 4WD \/ lukustatav 4WD <\/span><\/td>\n<td class=\"premium-table-cell\"><\/td>\n<\/tr>\n<tr class=\"premium-table-row\">\n<td class=\"premium-table-cell\"><span class=\"premium-table-text\">Rooliv\u00f5imendi <\/span><\/td>\n<td class=\"premium-table-cell\">EPS rooliv\u00f5imendi<\/td>\n<td class=\"premium-table-cell\"><\/td>\n<\/tr>\n<tr class=\"premium-table-row\">\n<td class=\"premium-table-cell\"><span class=\"premium-table-text\">Pidurid <\/span><\/td>\n<td class=\"premium-table-cell\"><span class=\"premium-table-text\">H\u00fcdraulilised ketaspidurid -ABS<\/span><\/td>\n<td class=\"premium-table-cell\"><\/td>\n<\/tr>\n<tr class=\"premium-table-row\">\n<td class=\"premium-table-cell\"><span class=\"premium-table-text\">Vedrustus <\/span><\/td>\n<td class=\"premium-table-cell\"><span class=\"premium-table-text\">Ees\/taga: topelt \u00f5\u00f5tshoobadega s\u00f5ltumatu vedrustus <\/span><\/td>\n<td class=\"premium-table-cell\"><\/td>\n<\/tr>\n<tr class=\"premium-table-row\">\n<td class=\"premium-table-cell\"><span class=\"premium-table-text\">Amortisaatorid <\/span><\/td>\n<td class=\"premium-table-cell\"><span class=\"premium-table-text\">Ees\/taga: \u00f5liamortisaatorid <\/span><\/td>\n<td class=\"premium-table-cell\"><\/td>\n<\/tr>\n<tr class=\"premium-table-row\">\n<td class=\"premium-table-cell\"><span class=\"premium-table-text\"> Veljed <\/span><\/td>\n<td class=\"premium-table-cell\"><\/td>\n<td class=\"premium-table-cell\"><\/td>\n<\/tr>\n<tr class=\"premium-table-row\">\n<td class=\"premium-table-cell\"><span class=\"premium-table-text\">Ees: <\/span><\/td>\n<td class=\"premium-table-cell\"><span class=\"premium-table-text\">12 x 6.0 AT <\/span><\/td>\n<td class=\"premium-table-cell\"><\/td>\n<\/tr>\n<tr class=\"premium-table-row\">\n<td class=\"premium-table-cell\"><span class=\"premium-table-text\">Taga: <\/span><\/td>\n<td class=\"premium-table-cell\"><span class=\"premium-table-text\">12 x 7.5 AT <\/span><\/td>\n<td class=\"premium-table-cell\"><\/td>\n<\/tr>\n<tr class=\"premium-table-row\">\n<td class=\"premium-table-cell\"><span class=\"premium-table-text\">Rehvim\u00f5\u00f5dud <\/span><\/td>\n<td class=\"premium-table-cell\"><\/td>\n<td class=\"premium-table-cell\"><\/td>\n<\/tr>\n<tr class=\"premium-table-row\">\n<td class=\"premium-table-cell\"><span class=\"premium-table-text\">Ees: <\/span><\/td>\n<td class=\"premium-table-cell\"><span class=\"premium-table-text\">25 x 8.00 R12 <\/span><\/td>\n<td class=\"premium-table-cell\"><\/td>\n<\/tr>\n<tr class=\"premium-table-row\">\n<td class=\"premium-table-cell\"><span class=\"premium-table-text\">Taga: <\/span><\/td>\n<td class=\"premium-table-cell\"><span class=\"premium-table-text\">25 x 10.00 R12 <\/span><\/td>\n<td class=\"premium-table-cell\"><\/td>\n<\/tr>\n<tr class=\"premium-table-row\">\n<td class=\"premium-table-cell\"><span class=\"premium-table-text\">* T\u00fchikaalu hulka loetakse: \u25cf juhikaal \u25cf aku \u25cf s\u00f5iduki vajalikud vedelikud <\/span><\/td>\n<td class=\"premium-table-cell\"><\/td>\n<td class=\"premium-table-cell\"><\/td>\n<\/tr>\n<\/tbody>\n<\/table>\n<\/div>\n<p>CFORCE 625 Touring Overland on t\u00e4navalegaalne ATV, mis sobib t\u00f6\u00f6 tegemiseks ja vaja aja veetmiseks. V\u00f5rreldes baasmudeliga on Overland mudelile lisatud rikkalikult lisavarustust: eesmine ja tagumine kaitseraud, k\u00f5rge tuuleklaas, p\u00f5hjakaitse ja 90 liitrise mahutavusega tagumine kohver. Lisavarustust eraldi ostes on hinnad: p\u00f5hjakaitse 540\u20ac, tagumine kohver 350\u20ac, tuuleklaas 199\u20ac, tagumine kaitseraud 159\u20ac ning esimene kaitseraud 159\u20ac. See t\u00e4hendab, et Overland paketi koguv\u00e4\u00e4rtus on 1407\u20ac.<\/p>\n<p>Mootor: vedelikjahutusega, \u00fchesilindriline 580 cc bensiinimootor.<br \/>\nToide: Bosch EFI.<br \/>\nVeoskeem: tagavedu l\u00e4bi diferentsiaali \/ elektriliselt lukustatav tagavedu \/ elektriliselt l\u00fclitatav nelikvedu l\u00e4bi esi diferentsiaali \/ lukustatav nelikvedu<br \/>\nK\u00e4igud: H \u2013 L \u2013 N \u2013 R \u2013 P<br \/>\nIstekohti: 2<br \/>\n\u00dclekanne: automaat \u2013 CV-Tech variaator<br \/>\nPidurid: h\u00fcdraulilised 4x ketaspiduriga, 4 ratta seisupidur<br \/>\nPukseerimisseadmed: t\u00f5mbevints ning pukseerimiskonks<br \/>\nVedrustus: 4x s\u00f5ltumatu (reguleeritavad nitrogeen \/ \u00f5liamortisaatorid)<br \/>\nGarantii: Tehase garantii 3 aastat v\u00f5i 6000km<br \/>\nS\u00f5idure\u017eiimid: WORK ja NORMAL<\/p>\n<p>Maksimaalne lubatud liikumiskiirus on kuni 95km\/h!<\/p>\n<p>CFORCE 625 Touring Overland ABS p\u00f5hivarustusse kuulub:<br \/>\n\u2022 elektrooniline rooliv\u00f5imendi ehk EPS<br \/>\n\u2022 mahukad pakiraamid s\u00f5iduki ees- ja tagaosas<br \/>\n\u2022 90 liitrine tagumine kohver<br \/>\n\u2022 p\u00f5hjakaitse<br \/>\n\u2022 esimene ning tagumine kaitseraud<br \/>\n\u2022 tuuleklaas<br \/>\n\u2022 kaks suletava kaanega panipaika<br \/>\n\u2022 k\u00e4ekaitsmed juhtraual<br \/>\n\u2022 eraldiseisev kaasreisija iste koos seljatoega<br \/>\n\u2022 kaasreisija k\u00e4epidemed<br \/>\n\u2022 2 x USB ja 1x 12V voolu v\u00e4ljav\u00f5tted<br \/>\n\u2022 terastrossiga 1390 kg t\u00f5mbej\u00f5udu omav elektriline t\u00f5mbevints<br \/>\n\u2022 teisaldatav haakekonks haagise pukseerimiseks<br \/>\n\u2022 7pin haagise tulede pistik<br \/>\n\u2022 26 tolli s\u00fcgavamustrilised madalsurve rehvid<br \/>\n\u2022 14 tolli kergmetallveljed<br \/>\n\u2022 ABS<\/p>\n<p>K\u00f5ikidele CFMOTO ATV-dele kehtib eksklusiivne 3-aastane v\u00f5i 6000 km garantii. Samuti on v\u00f5imalik ATV-le juurde soetada 1 v\u00f5i 2 aastane lisagarantii, mis pikendab garantii l\u00e4bis\u00f5itu vastavalt 1000 ja 2000 km.<\/p>","protected":false},"excerpt":{"rendered":"<p>Mootor 580cc SOCH, EPS rooliv\u00f5imendi, 2WD \/ 4WD \/ 4WD LOCK, CV-Tech variaator, v\u00e4rvus camo<\/p>\n<ul>\n<li>tuuleklaas<\/li>\n<li>esimene ja tagumine kaitseraud<\/li>\n<li>p\u00f5hjakaitse<\/li>\n<li>mahukas tagumine kohver<\/li>\n<li>led tuled<\/li>\n<li>LCD paneel<\/li>\n<li>t\u00f5mbevints 1390 kg<\/li>\n<li>valuvelg 14 tolli<\/li>\n<li>k\u00e4tekaitsmed<\/li>\n<li>kaasreisija iste seljatoega<\/li>\n<li>t\u00e4navalegaalne \u2013 T3b<\/li>\n<li>garantii 3 aastat v\u00f5i 6000km<\/li>\n<\/ul>","protected":false},"featured_media":4076,"template":"","meta":[],"product_cat":[77,47],"product_tag":[],"class_list":{"0":"post-3380","1":"product","2":"type-product","3":"status-publish","4":"has-post-thumbnail","6":"product_cat-atv-atv-2","7":"product_cat-atv","9":"first","10":"instock","11":"sale","12":"taxable","13":"shipping-taxable","14":"purchasable","15":"product-type-variable","16":"has-default-attributes"},"yoast_head":"<!-- This site is optimized with the Yoast SEO plugin v23.9 - https:\/\/yoast.com\/wordpress\/plugins\/seo\/ -->\n<title>CFORCE 625 Touring Overland ABS ATV | CFMoto Sirtaki<\/title>\n<meta name=\"robots\" content=\"index, follow, max-snippet:-1, max-image-preview:large, max-video-preview:-1\" \/>\n<link rel=\"canonical\" href=\"https:\/\/moto.sirtaki.ee\/ru\/product\/cforce-625-touring-overland-atv\/\" \/>\n<meta property=\"og:locale\" content=\"ru_RU\" \/>\n<meta property=\"og:type\" content=\"article\" \/>\n<meta property=\"og:title\" content=\"CFORCE 625 Touring Overland ABS ATV | CFMoto Sirtaki\" \/>\n<meta property=\"og:description\" content=\"Mootor 580cc SOCH, EPS rooliv\u00f5imendi, 2WD \/ 4WD \/ 4WD LOCK, CV-Tech variaator, v\u00e4rvus camo   tuuleklaas  esimene ja tagumine kaitseraud  p\u00f5hjakaitse  mahukas tagumine kohver  led tuled  LCD paneel  t\u00f5mbevints 1390 kg  valuvelg 14 tolli  k\u00e4tekaitsmed  kaasreisija iste seljatoega  t\u00e4navalegaalne \u2013 T3b  garantii 3 aastat v\u00f5i 6000km\" \/>\n<meta property=\"og:url\" content=\"https:\/\/moto.sirtaki.ee\/ru\/product\/cforce-625-touring-overland-atv\/\" \/>\n<meta property=\"og:site_name\" content=\"CFMoto Sirtaki\" \/>\n<meta property=\"article:modified_time\" content=\"2026-04-22T13:49:34+00:00\" \/>\n<meta property=\"og:image\" content=\"https:\/\/moto.sirtaki.ee\/wp-content\/uploads\/2024\/10\/img-i_1cd2826179daf173e3116fcfed8ad0b2-1.png\" \/>\n\t<meta property=\"og:image:width\" content=\"1000\" \/>\n\t<meta property=\"og:image:height\" content=\"750\" \/>\n\t<meta property=\"og:image:type\" content=\"image\/png\" \/>\n<meta name=\"twitter:card\" content=\"summary_large_image\" \/>\n<script type=\"application\/ld+json\" class=\"yoast-schema-graph\">{\"@context\":\"https:\/\/schema.org\",\"@graph\":[{\"@type\":\"WebPage\",\"@id\":\"https:\/\/moto.sirtaki.ee\/product\/cforce-625-touring-overland-atv\/\",\"url\":\"https:\/\/moto.sirtaki.ee\/product\/cforce-625-touring-overland-atv\/\",\"name\":\"CFORCE 625 Touring Overland ABS ATV | CFMoto Sirtaki\",\"isPartOf\":{\"@id\":\"https:\/\/moto.sirtaki.ee\/#website\"},\"primaryImageOfPage\":{\"@id\":\"https:\/\/moto.sirtaki.ee\/product\/cforce-625-touring-overland-atv\/#primaryimage\"},\"image\":{\"@id\":\"https:\/\/moto.sirtaki.ee\/product\/cforce-625-touring-overland-atv\/#primaryimage\"},\"thumbnailUrl\":\"https:\/\/moto.sirtaki.ee\/wp-content\/uploads\/2024\/10\/img-i_1cd2826179daf173e3116fcfed8ad0b2-1.png\",\"datePublished\":\"2024-10-30T07:47:53+00:00\",\"dateModified\":\"2026-04-22T13:49:34+00:00\",\"breadcrumb\":{\"@id\":\"https:\/\/moto.sirtaki.ee\/product\/cforce-625-touring-overland-atv\/#breadcrumb\"},\"inLanguage\":\"ru-RU\",\"potentialAction\":[{\"@type\":\"ReadAction\",\"target\":[\"https:\/\/moto.sirtaki.ee\/product\/cforce-625-touring-overland-atv\/\"]}]},{\"@type\":\"ImageObject\",\"inLanguage\":\"ru-RU\",\"@id\":\"https:\/\/moto.sirtaki.ee\/product\/cforce-625-touring-overland-atv\/#primaryimage\",\"url\":\"https:\/\/moto.sirtaki.ee\/wp-content\/uploads\/2024\/10\/img-i_1cd2826179daf173e3116fcfed8ad0b2-1.png\",\"contentUrl\":\"https:\/\/moto.sirtaki.ee\/wp-content\/uploads\/2024\/10\/img-i_1cd2826179daf173e3116fcfed8ad0b2-1.png\",\"width\":1000,\"height\":750},{\"@type\":\"BreadcrumbList\",\"@id\":\"https:\/\/moto.sirtaki.ee\/product\/cforce-625-touring-overland-atv\/#breadcrumb\",\"itemListElement\":[{\"@type\":\"ListItem\",\"position\":1,\"name\":\"Home\",\"item\":\"https:\/\/moto.sirtaki.ee\/\"},{\"@type\":\"ListItem\",\"position\":2,\"name\":\"Shop\",\"item\":\"https:\/\/moto.sirtaki.ee\/shop\/\"},{\"@type\":\"ListItem\",\"position\":3,\"name\":\"CFORCE 625 Touring Overland ABS ATV\"}]},{\"@type\":\"WebSite\",\"@id\":\"https:\/\/moto.sirtaki.ee\/#website\",\"url\":\"https:\/\/moto.sirtaki.ee\/\",\"name\":\"CFMoto Sirtaki\",\"description\":\"\",\"potentialAction\":[{\"@type\":\"SearchAction\",\"target\":{\"@type\":\"EntryPoint\",\"urlTemplate\":\"https:\/\/moto.sirtaki.ee\/?s={search_term_string}\"},\"query-input\":{\"@type\":\"PropertyValueSpecification\",\"valueRequired\":true,\"valueName\":\"search_term_string\"}}],\"inLanguage\":\"ru-RU\"}]}<\/script>\n<!-- \/ Yoast SEO plugin. -->","yoast_head_json":{"title":"CFORCE 625 Touring Overland ABS ATV | CFMoto Sirtaki","robots":{"index":"index","follow":"follow","max-snippet":"max-snippet:-1","max-image-preview":"max-image-preview:large","max-video-preview":"max-video-preview:-1"},"canonical":"https:\/\/moto.sirtaki.ee\/ru\/product\/cforce-625-touring-overland-atv\/","og_locale":"ru_RU","og_type":"article","og_title":"CFORCE 625 Touring Overland ABS ATV | CFMoto Sirtaki","og_description":"Mootor 580cc SOCH, EPS rooliv\u00f5imendi, 2WD \/ 4WD \/ 4WD LOCK, CV-Tech variaator, v\u00e4rvus camo   tuuleklaas  esimene ja tagumine kaitseraud  p\u00f5hjakaitse  mahukas tagumine kohver  led tuled  LCD paneel  t\u00f5mbevints 1390 kg  valuvelg 14 tolli  k\u00e4tekaitsmed  kaasreisija iste seljatoega  t\u00e4navalegaalne \u2013 T3b  garantii 3 aastat v\u00f5i 6000km","og_url":"https:\/\/moto.sirtaki.ee\/ru\/product\/cforce-625-touring-overland-atv\/","og_site_name":"CFMoto Sirtaki","article_modified_time":"2026-04-22T13:49:34+00:00","og_image":[{"width":1000,"height":750,"url":"https:\/\/moto.sirtaki.ee\/wp-content\/uploads\/2024\/10\/img-i_1cd2826179daf173e3116fcfed8ad0b2-1.png","type":"image\/png"}],"twitter_card":"summary_large_image","schema":{"@context":"https:\/\/schema.org","@graph":[{"@type":"WebPage","@id":"https:\/\/moto.sirtaki.ee\/product\/cforce-625-touring-overland-atv\/","url":"https:\/\/moto.sirtaki.ee\/product\/cforce-625-touring-overland-atv\/","name":"CFORCE 625 Touring Overland ABS ATV | CFMoto Sirtaki","isPartOf":{"@id":"https:\/\/moto.sirtaki.ee\/#website"},"primaryImageOfPage":{"@id":"https:\/\/moto.sirtaki.ee\/product\/cforce-625-touring-overland-atv\/#primaryimage"},"image":{"@id":"https:\/\/moto.sirtaki.ee\/product\/cforce-625-touring-overland-atv\/#primaryimage"},"thumbnailUrl":"https:\/\/moto.sirtaki.ee\/wp-content\/uploads\/2024\/10\/img-i_1cd2826179daf173e3116fcfed8ad0b2-1.png","datePublished":"2024-10-30T07:47:53+00:00","dateModified":"2026-04-22T13:49:34+00:00","breadcrumb":{"@id":"https:\/\/moto.sirtaki.ee\/product\/cforce-625-touring-overland-atv\/#breadcrumb"},"inLanguage":"ru-RU","potentialAction":[{"@type":"ReadAction","target":["https:\/\/moto.sirtaki.ee\/product\/cforce-625-touring-overland-atv\/"]}]},{"@type":"ImageObject","inLanguage":"ru-RU","@id":"https:\/\/moto.sirtaki.ee\/product\/cforce-625-touring-overland-atv\/#primaryimage","url":"https:\/\/moto.sirtaki.ee\/wp-content\/uploads\/2024\/10\/img-i_1cd2826179daf173e3116fcfed8ad0b2-1.png","contentUrl":"https:\/\/moto.sirtaki.ee\/wp-content\/uploads\/2024\/10\/img-i_1cd2826179daf173e3116fcfed8ad0b2-1.png","width":1000,"height":750},{"@type":"BreadcrumbList","@id":"https:\/\/moto.sirtaki.ee\/product\/cforce-625-touring-overland-atv\/#breadcrumb","itemListElement":[{"@type":"ListItem","position":1,"name":"Home","item":"https:\/\/moto.sirtaki.ee\/"},{"@type":"ListItem","position":2,"name":"Shop","item":"https:\/\/moto.sirtaki.ee\/shop\/"},{"@type":"ListItem","position":3,"name":"CFORCE 625 Touring Overland ABS ATV"}]},{"@type":"WebSite","@id":"https:\/\/moto.sirtaki.ee\/#website","url":"https:\/\/moto.sirtaki.ee\/","name":"CFMoto Sirtaki","description":"","potentialAction":[{"@type":"SearchAction","target":{"@type":"EntryPoint","urlTemplate":"https:\/\/moto.sirtaki.ee\/?s={search_term_string}"},"query-input":{"@type":"PropertyValueSpecification","valueRequired":true,"valueName":"search_term_string"}}],"inLanguage":"ru-RU"}]}},"_links":{"self":[{"href":"https:\/\/moto.sirtaki.ee\/ru\/wp-json\/wp\/v2\/product\/3380"}],"collection":[{"href":"https:\/\/moto.sirtaki.ee\/ru\/wp-json\/wp\/v2\/product"}],"about":[{"href":"https:\/\/moto.sirtaki.ee\/ru\/wp-json\/wp\/v2\/types\/product"}],"wp:featuredmedia":[{"embeddable":true,"href":"https:\/\/moto.sirtaki.ee\/ru\/wp-json\/wp\/v2\/media\/4076"}],"wp:attachment":[{"href":"https:\/\/moto.sirtaki.ee\/ru\/wp-json\/wp\/v2\/media?parent=3380"}],"wp:term":[{"taxonomy":"product_cat","embeddable":true,"href":"https:\/\/moto.sirtaki.ee\/ru\/wp-json\/wp\/v2\/product_cat?post=3380"},{"taxonomy":"product_tag","embeddable":true,"href":"https:\/\/moto.sirtaki.ee\/ru\/wp-json\/wp\/v2\/product_tag?post=3380"}],"curies":[{"name":"wp","href":"https:\/\/api.w.org\/{rel}","templated":true}]}}