{"id":3403,"date":"2024-10-30T11:16:59","date_gmt":"2024-10-30T08:16:59","guid":{"rendered":"https:\/\/moto.sirtaki.ee\/?post_type=product&#038;p=3403"},"modified":"2026-04-22T16:49:34","modified_gmt":"2026-04-22T13:49:34","slug":"cforce-850-touring-atv","status":"publish","type":"product","link":"https:\/\/moto.sirtaki.ee\/ru\/product\/cforce-850-touring-atv\/","title":{"rendered":"CFORCE 850 Touring ATV"},"content":{"rendered":"<h3 class=\"elementor-heading-title elementor-size-default\">ATV CFORCE 850 Touring tehnilised andmed<\/h3>\n<div class=\"premium-table-wrap premium-table-responsive\">\n<table class=\"premium-table\" data-settings=\"{&quot;sort&quot;:false,&quot;usNumbers&quot;:false,&quot;sortMob&quot;:false,&quot;search&quot;:false,&quot;records&quot;:false,&quot;dataType&quot;:&quot;csv&quot;,&quot;csvFile&quot;:&quot;https:\\\/\\\/docs.google.com\\\/spreadsheets\\\/d\\\/e\\\/2PACX-1vQq76tP2CRBT3Fqd922z1Tbdlp7Nco8k8Q16s00fFZ53T_x8eEEMQaglZPPPJJuI04yY3EHBKWAljMx\\\/pub?gid=2052650220&amp;single=true&amp;output=csv&quot;,&quot;firstRow&quot;:&quot;head&quot;,&quot;separator&quot;:&quot;,&quot;,&quot;pagination&quot;:&quot;&quot;,&quot;rows&quot;:0,&quot;id&quot;:&quot;b56a878&quot;,&quot;reload&quot;:&quot;day&quot;}\">\n<thead class=\"premium-table-head\">\n<tr class=\"premium-table-row\">\n<th class=\"premium-table-cell\"><span class=\"premium-table-text\">ATV mudel <\/span><\/th>\n<th class=\"premium-table-cell\"><span class=\"premium-table-text\">CFORCE 850 Touring Standard<\/span><\/th>\n<th class=\"premium-table-cell\"><span class=\"premium-table-text\">CFORCE 850 Touring Premium<\/span><\/th>\n<\/tr>\n<\/thead>\n<tbody>\n<tr class=\"premium-table-row\">\n<td class=\"premium-table-cell\"><span class=\"premium-table-text\">EU t\u00fc\u00fcbikinnitus <\/span><\/td>\n<td class=\"premium-table-cell\"><span class=\"premium-table-text\">167 \/ T3b <\/span><\/td>\n<td class=\"premium-table-cell\"><span class=\"premium-table-text\">167 \/ T3b <\/span><\/td>\n<\/tr>\n<tr class=\"premium-table-row\">\n<td class=\"premium-table-cell\"><span class=\"premium-table-text\">Tehaset\u00e4his <\/span><\/td>\n<td class=\"premium-table-cell\"><span class=\"premium-table-text\">CF800ATR-5 <\/span><\/td>\n<td class=\"premium-table-cell\"><span class=\"premium-table-text\">CF800ATR-5 <\/span><\/td>\n<\/tr>\n<tr class=\"premium-table-row\">\n<td class=\"premium-table-cell\"><span class=\"premium-table-text\">\u00dcldandmed <\/span><\/td>\n<td class=\"premium-table-cell\"><\/td>\n<td class=\"premium-table-cell\"><\/td>\n<\/tr>\n<tr class=\"premium-table-row\">\n<td class=\"premium-table-cell\"><span class=\"premium-table-text\">Pikkus x laius x k\u00f5rgus (mm)<\/span><\/td>\n<td class=\"premium-table-cell\"><span class=\"premium-table-text\">2445 x 1264 x 1435 mm <\/span><\/td>\n<td class=\"premium-table-cell\"><span class=\"premium-table-text\">2445 x 1264 x 1435 mm <\/span><\/td>\n<\/tr>\n<tr class=\"premium-table-row\">\n<td class=\"premium-table-cell\"><span class=\"premium-table-text\">Teljevahe (mm) <\/span><\/td>\n<td class=\"premium-table-cell\"><span class=\"premium-table-text\">1480 mm <\/span><\/td>\n<td class=\"premium-table-cell\"><span class=\"premium-table-text\">1480 mm <\/span><\/td>\n<\/tr>\n<tr class=\"premium-table-row\">\n<td class=\"premium-table-cell\"><span class=\"premium-table-text\">Istme k\u00f5rgus (mm) <\/span><\/td>\n<td class=\"premium-table-cell\"><span class=\"premium-table-text\">580 mm <\/span><\/td>\n<td class=\"premium-table-cell\"><span class=\"premium-table-text\">580 mm <\/span><\/td>\n<\/tr>\n<tr class=\"premium-table-row\">\n<td class=\"premium-table-cell\"><span class=\"premium-table-text\">Kliirens (mm) <\/span><\/td>\n<td class=\"premium-table-cell\"><span class=\"premium-table-text\">290 mm <\/span><\/td>\n<td class=\"premium-table-cell\"><span class=\"premium-table-text\">290 mm <\/span><\/td>\n<\/tr>\n<tr class=\"premium-table-row\">\n<td class=\"premium-table-cell\"><span class=\"premium-table-text\">Minimaalne p\u00f6\u00f6rdediameeter (m) <\/span><\/td>\n<td class=\"premium-table-cell\"><span class=\"premium-table-text\">6.7 \u00b1 0.5 m <\/span><\/td>\n<td class=\"premium-table-cell\"><span class=\"premium-table-text\">6.7 \u00b1 0.5 m <\/span><\/td>\n<\/tr>\n<tr class=\"premium-table-row\">\n<td class=\"premium-table-cell\"><span class=\"premium-table-text\">T\u00fchimass (kg) *<\/span><\/td>\n<td class=\"premium-table-cell\"><span class=\"premium-table-text\">550 kg * <\/span><\/td>\n<td class=\"premium-table-cell\"><span class=\"premium-table-text\">550 kg * <\/span><\/td>\n<\/tr>\n<tr class=\"premium-table-row\">\n<td class=\"premium-table-cell\"><span class=\"premium-table-text\">Maksimaalne kandev\u00f5ime (kg) <\/span><\/td>\n<td class=\"premium-table-cell\"><span class=\"premium-table-text\">210 kg <\/span><\/td>\n<td class=\"premium-table-cell\"><span class=\"premium-table-text\">210 kg <\/span><\/td>\n<\/tr>\n<tr class=\"premium-table-row\">\n<td class=\"premium-table-cell\"><span class=\"premium-table-text\">K\u00fctusepaagi maht (L) <\/span><\/td>\n<td class=\"premium-table-cell\"><span class=\"premium-table-text\">26 L <\/span><\/td>\n<td class=\"premium-table-cell\"><span class=\"premium-table-text\">26 L <\/span><\/td>\n<\/tr>\n<tr class=\"premium-table-row\">\n<td class=\"premium-table-cell\"><span class=\"premium-table-text\">Maksimaalne lubatud kiirus (km\/h) <\/span><\/td>\n<td class=\"premium-table-cell\"><span class=\"premium-table-text\">60 km\/h <\/span><\/td>\n<td class=\"premium-table-cell\"><span class=\"premium-table-text\">60 km\/h <\/span><\/td>\n<\/tr>\n<tr class=\"premium-table-row\">\n<td class=\"premium-table-cell\"><span class=\"premium-table-text\">Mootor <\/span><\/td>\n<td class=\"premium-table-cell\"><\/td>\n<td class=\"premium-table-cell\"><\/td>\n<\/tr>\n<tr class=\"premium-table-row\">\n<td class=\"premium-table-cell\"><span class=\"premium-table-text\">Mootori t\u00fc\u00fcp <\/span><\/td>\n<td class=\"premium-table-cell\"><span class=\"premium-table-text\">V2 kahe silindriline \/ vedelikjahutusega \/ 4-taktiline <\/span><\/td>\n<td class=\"premium-table-cell\"><span class=\"premium-table-text\">V2 kahe silindriline \/ vedelikjahutusega \/ 4-taktiline <\/span><\/td>\n<\/tr>\n<tr class=\"premium-table-row\">\n<td class=\"premium-table-cell\"><span class=\"premium-table-text\">Mootori t\u00f6\u00f6maht (cc) <\/span><\/td>\n<td class=\"premium-table-cell\"><span class=\"premium-table-text\">800 cc <\/span><\/td>\n<td class=\"premium-table-cell\"><span class=\"premium-table-text\">800 cc <\/span><\/td>\n<\/tr>\n<tr class=\"premium-table-row\">\n<td class=\"premium-table-cell\"><span class=\"premium-table-text\">V\u00f5imsus (kW\/rpm) <\/span><\/td>\n<td class=\"premium-table-cell\"><span class=\"premium-table-text\">52.5 kW\/7500 rpm <\/span><\/td>\n<td class=\"premium-table-cell\"><span class=\"premium-table-text\">52.5 kW\/7500 rpm <\/span><\/td>\n<\/tr>\n<tr class=\"premium-table-row\">\n<td class=\"premium-table-cell\"><span class=\"premium-table-text\">Maksimaalne p\u00f6\u00f6rdemoment (N\u00b7m\/rpm) <\/span><\/td>\n<td class=\"premium-table-cell\"><span class=\"premium-table-text\">70 N\u00b7m\/5500 rpm <\/span><\/td>\n<td class=\"premium-table-cell\"><span class=\"premium-table-text\">70 N\u00b7m\/5500 rpm <\/span><\/td>\n<\/tr>\n<tr class=\"premium-table-row\">\n<td class=\"premium-table-cell\"><span class=\"premium-table-text\">Surveaste <\/span><\/td>\n<td class=\"premium-table-cell\"><span class=\"premium-table-text\">10.6 \u00b1 0.5:1 <\/span><\/td>\n<td class=\"premium-table-cell\"><span class=\"premium-table-text\">10.6 \u00b1 0.5:1 <\/span><\/td>\n<\/tr>\n<tr class=\"premium-table-row\">\n<td class=\"premium-table-cell\"><span class=\"premium-table-text\">Toites\u00fcsteem <\/span><\/td>\n<td class=\"premium-table-cell\"><span class=\"premium-table-text\">EFI Bosch <\/span><\/td>\n<td class=\"premium-table-cell\"><span class=\"premium-table-text\">EFI Bosch <\/span><\/td>\n<\/tr>\n<tr class=\"premium-table-row\">\n<td class=\"premium-table-cell\"><span class=\"premium-table-text\">S\u00fc\u00fctes\u00fcsteem <\/span><\/td>\n<td class=\"premium-table-cell\"><span class=\"premium-table-text\">ECU Bosch <\/span><\/td>\n<td class=\"premium-table-cell\"><span class=\"premium-table-text\">ECU Bosch <\/span><\/td>\n<\/tr>\n<tr class=\"premium-table-row\">\n<td class=\"premium-table-cell\"><span class=\"premium-table-text\">\u00dclekanne <\/span><\/td>\n<td class=\"premium-table-cell\"><span class=\"premium-table-text\">CFMOTO variaator\u00fclekanne<\/span><\/td>\n<td class=\"premium-table-cell\"><span class=\"premium-table-text\">CFMOTO variaator\u00fclekanne<\/span><\/td>\n<\/tr>\n<tr class=\"premium-table-row\">\n<td class=\"premium-table-cell\"><span class=\"premium-table-text\">Veermik <\/span><\/td>\n<td class=\"premium-table-cell\"><\/td>\n<td class=\"premium-table-cell\"><\/td>\n<\/tr>\n<tr class=\"premium-table-row\">\n<td class=\"premium-table-cell\"><span class=\"premium-table-text\">Veoskeem <\/span><\/td>\n<td class=\"premium-table-cell\"><span class=\"premium-table-text\">2WD \/ 4WD \/ lukustatav 4WD <\/span><\/td>\n<td class=\"premium-table-cell\"><span class=\"premium-table-text\">2WD \/ 4WD \/ lukustatav 4WD <\/span><\/td>\n<\/tr>\n<tr class=\"premium-table-row\">\n<td class=\"premium-table-cell\"><span class=\"premium-table-text\">Rooliv\u00f5imendi <\/span><\/td>\n<td class=\"premium-table-cell\"><span class=\"premium-table-text\">Jah <\/span><\/td>\n<td class=\"premium-table-cell\"><span class=\"premium-table-text\">Jah <\/span><\/td>\n<\/tr>\n<tr class=\"premium-table-row\">\n<td class=\"premium-table-cell\"><span class=\"premium-table-text\">Pidurid <\/span><\/td>\n<td class=\"premium-table-cell\"><span class=\"premium-table-text\">H\u00fcdraulilised ketaspidurid <\/span><\/td>\n<td class=\"premium-table-cell\"><span class=\"premium-table-text\">H\u00fcdraulilised ketaspidurid <\/span><\/td>\n<\/tr>\n<tr class=\"premium-table-row\">\n<td class=\"premium-table-cell\"><span class=\"premium-table-text\">Vedrustus <\/span><\/td>\n<td class=\"premium-table-cell\"><span class=\"premium-table-text\">Ees\/taga: topelt \u00f5\u00f5tshoobadega s\u00f5ltumatu vedrustus <\/span><\/td>\n<td class=\"premium-table-cell\"><span class=\"premium-table-text\">Ees\/taga: topelt \u00f5\u00f5tshoobadega s\u00f5ltumatu vedrustus <\/span><\/td>\n<\/tr>\n<tr class=\"premium-table-row\">\n<td class=\"premium-table-cell\"><span class=\"premium-table-text\">Amortisaatorid <\/span><\/td>\n<td class=\"premium-table-cell\"><span class=\"premium-table-text\">Ees\/taga: \u00f5liamortisaatorid<\/span><\/td>\n<td class=\"premium-table-cell\"><span class=\"premium-table-text\">Ees\/taga: gaasiamortisaatorid<\/span><\/td>\n<\/tr>\n<tr class=\"premium-table-row\">\n<td class=\"premium-table-cell\"><span class=\"premium-table-text\"> Veljed <\/span><\/td>\n<td class=\"premium-table-cell\"><\/td>\n<td class=\"premium-table-cell\"><\/td>\n<\/tr>\n<tr class=\"premium-table-row\">\n<td class=\"premium-table-cell\"><span class=\"premium-table-text\">Ees: <\/span><\/td>\n<td class=\"premium-table-cell\"><span class=\"premium-table-text\">14-tolli<\/span><\/td>\n<td class=\"premium-table-cell\"><span class=\"premium-table-text\">14-tolli Beadlock<\/span><\/td>\n<\/tr>\n<tr class=\"premium-table-row\">\n<td class=\"premium-table-cell\"><span class=\"premium-table-text\">Taga: <\/span><\/td>\n<td class=\"premium-table-cell\"><span class=\"premium-table-text\">14-tolli<\/span><\/td>\n<td class=\"premium-table-cell\"><span class=\"premium-table-text\">14-tolli Beadlock<\/span><\/td>\n<\/tr>\n<tr class=\"premium-table-row\">\n<td class=\"premium-table-cell\"><span class=\"premium-table-text\">Rehvim\u00f5\u00f5dud <\/span><\/td>\n<td class=\"premium-table-cell\"><\/td>\n<td class=\"premium-table-cell\"><\/td>\n<\/tr>\n<tr class=\"premium-table-row\">\n<td class=\"premium-table-cell\"><span class=\"premium-table-text\">Ees: <\/span><\/td>\n<td class=\"premium-table-cell\"><span class=\"premium-table-text\">26 x 8.00 R14 <\/span><\/td>\n<td class=\"premium-table-cell\"><span class=\"premium-table-text\">27 x 9.00 R14 <\/span><\/td>\n<\/tr>\n<tr class=\"premium-table-row\">\n<td class=\"premium-table-cell\"><span class=\"premium-table-text\">Taga: <\/span><\/td>\n<td class=\"premium-table-cell\"><span class=\"premium-table-text\">26 x 10.00 R14 <\/span><\/td>\n<td class=\"premium-table-cell\"><span class=\"premium-table-text\">27 x 11.00 R14 <\/span><\/td>\n<\/tr>\n<tr class=\"premium-table-row\">\n<td class=\"premium-table-cell\"><span class=\"premium-table-text\">Muu<\/span><\/td>\n<td class=\"premium-table-cell\"><\/td>\n<td class=\"premium-table-cell\"><\/td>\n<\/tr>\n<tr class=\"premium-table-row\">\n<td class=\"premium-table-cell\"><span class=\"premium-table-text\">Ekraan<\/span><\/td>\n<td class=\"premium-table-cell\"><span class=\"premium-table-text\">7-tolli TFT<\/span><\/td>\n<td class=\"premium-table-cell\"><span class=\"premium-table-text\">8-tolli MMI<\/span><\/td>\n<\/tr>\n<tr class=\"premium-table-row\">\n<td class=\"premium-table-cell\"><span class=\"premium-table-text\">* T\u00fchikaalu hulka loetakse: \u25cf juhikaal \u25cf aku \u25cf s\u00f5iduki vajalikud vedelikud <\/span><\/td>\n<td class=\"premium-table-cell\"><\/td>\n<td class=\"premium-table-cell\"><\/td>\n<\/tr>\n<\/tbody>\n<\/table>\n<\/div>\n<p>CFMOTO 850 Touring ATV n\u00e4ol ei ole tegemist lihtsalt faceliftiga vaid uuenduskuuri on maastikus\u00f5iduk l\u00e4binud pea igas valdkonnas ning pakub n\u00fc\u00fcd tunduvalt rohkemat. 850 Touring annab teile pausi argip\u00e4eva toimetustest ja v\u00f5imaluse veeta l\u00f5busalt aega s\u00f5pradega. Sellegipoolest on 850 Touring ka t\u00f5siseltv\u00f5etav t\u00f6\u00f6loom, mille k\u00fclge saab \u00fchendada erinevaid haakeseadmeid, teha vajalikke t\u00f6\u00f6\u00fclesandeid ning liikuda raskesti ligip\u00e4\u00e4setavates kohtades.<\/p>\n<p>Uue generatsiooni X8 mudelil on ATV-l 20% v\u00f5imsam topelt isolatsiooniga mootor, mille tippv\u00f5imsuseks on n\u00fc\u00fcd koguni 72 hobuj\u00f5udu ehk 52.5 kW. Samuti on baasvarustusse lisandunud 3 s\u00f5idure\u017eiimi, mida saab v\u00e4ga kergesti vahetada.<br \/>\nCFORCE 850 Touring on varustatud 7-tollise ekraaniga, mis annab hea \u00fclevaate s\u00f5idust ning millel saab teha ka vajalikke muudatusi \u2013 n\u00e4iteks rooliv\u00f5imendi re\u017eiimi valimine, millel on muideks samuti 3 v\u00f5imsuse re\u017eiimi.<\/p>\n<p>ATV suurep\u00e4rase pidamise eest kannavad hoolt 26-tollised s\u00fcgavamustrilised madalsurve rehvid koos 14 tolliste kergmetallvelgedega. Touring mudelile on n\u00fc\u00fcd lisatud ka stabilisaatorivarras ning ATV p\u00f6\u00f6rderaadius on varasemaga v\u00f5rreldes koguni 17% v\u00e4iksem.<\/p>\n<p>S\u00f5idukit saab registreerida t\u00e4navalegaalse T3b kategooria s\u00f5idukina, mille puhul on s\u00f5iduki maksimaalne kiirus 60 km\/h.<\/p>\n<p>Baasvarustusse kuulub: elektriline rooliv\u00f5imendi EPS, t\u00e4is LED lahendusega ning suure valgusj\u00f5udlusega tuled, mahukad pakiraamid s\u00f5iduki ees- ja tagaosas, t\u00e4navalegaalse s\u00f5iduki t\u00fc\u00fcbikinnitus T3b, k\u00e4tekaitsmed, kaprontrossiga 1590 kg t\u00f5mbej\u00f5udu omav elektriline t\u00f5mbevints, haakekonks haagise pukseerimiseks, haagise tulede pistik, 26 tolli k\u00f5rgused s\u00fcgavamustrilised madalsurve rehvid, 7-tolline TFT paneeliga ekraan (Motoplay funktsioonide v\u00f5imekusega, vajalik T-BOXi soetamine), 14 tolli kergmetallveljed, kaasreisija seljatugi ning k\u00e4epidemed.<\/p>\n<p>Lisavarustuse v\u00f5imalused: kohvrid, p\u00f5rkerauad, k\u00e4tesoojendused, p\u00f5hjakaitsmed, sahad, roomikud, haagised ja teised haakeseadmed. K\u00fcsi lisainfot meie m\u00fc\u00fcgitiimilt!<\/p>\n<p>Tehnilised andmed:<br \/>\nPikkus x laius x k\u00f5rgus: 2445 x 1264 x 1435 mm<br \/>\nTeljevahe: 1480 mm<br \/>\nIstme k\u00f5rgus: 580 mm<br \/>\nKliirens: 290 mm<br \/>\nMaksimaalne kandev\u00f5ime: 210 kg<br \/>\nK\u00fctusepaagi maht: 26 L<br \/>\nMootori t\u00fc\u00fcp: V2 kahe silindriline \/ vedelikjahutusega \/ 4-taktiline<br \/>\nMootori t\u00f6\u00f6maht: 800 cc<br \/>\nV\u00f5imsus: 52.5 kW\/7500 rpm<br \/>\nMaksimaalne p\u00f6\u00f6rdemoment: 70 N\u00b7m\/5500 rpm<br \/>\nToites\u00fcsteem: EFI Bosch<br \/>\nS\u00fc\u00fctes\u00fcsteem: ECU Bosch<br \/>\n\u00dclekanne: CFMOTO variaator\u00fclekanne<br \/>\nVeoskeem: 2WD \/ 4WD \/ lukustatav 4WD<br \/>\nRooliv\u00f5imendi: Jah ( EPS )<br \/>\nPidurid: h\u00fcdraulilised ketaspidurid<br \/>\nVedrustus ees\/taga: topelt \u00f5\u00f5tshoobadega s\u00f5ltumatu vedrustus<br \/>\nAmortisaatorid ees\/taga: \u00f5liamortisaatorid<br \/>\nVeljed ees\/taga: 14-tolli<br \/>\nRehvim\u00f5\u00f5dud ees\/taga: 26 x 8.00 R14 \/ 26 x 10.00 R14<br \/>\nEkraan: 7-tolli TFT (Motoplay funktsioonide v\u00f5imekusega, vajalik T-BOXi soetamine)<\/p>\n<p>K\u00f5ikidele CFMOTO ATV-dele kehtib 3 aastane, 6000km l\u00e4bis\u00f5idupiiranguga tehasegarantii. Lisaks on v\u00f5imalik soetada 1 v\u00f5i 2 aastane lisagarantii pakett, mis pikendab l\u00e4bis\u00f5idupiirangut vastavalt 1000 km v\u00f5i 2000 km.<\/p>","protected":false},"excerpt":{"rendered":"<p><strong>Mootor<\/strong>\u00a0: Kahesilindriline, vedeljahutusega 800 cc t\u00f6\u00f6mahuga bensiinimootor<br \/>\n<strong>Toide<\/strong>\u00a0: Bosch toites\u00fcsteem<br \/>\n<strong>Veoskeem<\/strong>\u00a0: 2WD \/ 4WD \/ lukustatav 4WD<br \/>\n<strong>Rooliv\u00f5imendi<\/strong>\u00a0: EPS (elektriline rooliv\u00f5imendi)<br \/>\n<strong>Istekohti<\/strong>\u00a0: 2<br \/>\n<strong>\u00dclekanne<\/strong>\u00a0: CFMOTO variaator\u00fclekanne<br \/>\n<strong>Pidurid<\/strong>\u00a0: H\u00fcdraulilised ketaspidurid<br \/>\n<strong>Vedrustus<\/strong>\u00a0: Topelt \u00f5\u00f5tshoobadega s\u00f5ltumatu vedrustus, \u00f5liamortisaatorid<br \/>\n<strong>Garantii<\/strong>\u00a0: Tehase garantii 3 aastat v\u00f5i 6000km<\/p>\n<p><strong>CFORCE 850 Touring Premium mudelil on lisaks Standard mudeli p\u00f5hivarustusele:<\/strong><\/p>\n<p>* Beadlock veljed<br \/>\n* 8-tolline MMI ekraan koos Apple CarPlay funktsioonidega<br \/>\n* T-BOX ( CFMOTO Ride rakendusega sidumise v\u00f5imalus )<br \/>\n* 27\u201d s\u00fcgavamustrilised rehvid<\/p>","protected":false},"featured_media":4080,"template":"","meta":[],"product_cat":[77,47],"product_tag":[],"class_list":{"0":"post-3403","1":"product","2":"type-product","3":"status-publish","4":"has-post-thumbnail","6":"product_cat-atv-atv-2","7":"product_cat-atv","9":"first","10":"instock","11":"sale","12":"taxable","13":"shipping-taxable","14":"purchasable","15":"product-type-variable","16":"has-default-attributes"},"yoast_head":"<!-- This site is optimized with the Yoast SEO plugin v23.9 - https:\/\/yoast.com\/wordpress\/plugins\/seo\/ -->\n<title>CFORCE 850 Touring ATV | CFMoto Sirtaki<\/title>\n<meta name=\"robots\" content=\"index, follow, max-snippet:-1, max-image-preview:large, max-video-preview:-1\" \/>\n<link rel=\"canonical\" href=\"https:\/\/moto.sirtaki.ee\/ru\/product\/cforce-850-touring-atv\/\" \/>\n<meta property=\"og:locale\" content=\"ru_RU\" \/>\n<meta property=\"og:type\" content=\"article\" \/>\n<meta property=\"og:title\" content=\"CFORCE 850 Touring ATV | CFMoto Sirtaki\" \/>\n<meta property=\"og:description\" content=\"Mootor\u00a0: Kahesilindriline, vedeljahutusega 800 cc t\u00f6\u00f6mahuga bensiinimootor Toide\u00a0: Bosch toites\u00fcsteem Veoskeem\u00a0: 2WD \/ 4WD \/ lukustatav 4WD Rooliv\u00f5imendi\u00a0: EPS (elektriline rooliv\u00f5imendi) Istekohti\u00a0: 2 \u00dclekanne\u00a0: CFMOTO variaator\u00fclekanne Pidurid\u00a0: H\u00fcdraulilised ketaspidurid Vedrustus\u00a0: Topelt \u00f5\u00f5tshoobadega s\u00f5ltumatu vedrustus, \u00f5liamortisaatorid Garantii\u00a0: Tehase garantii 3 aastat v\u00f5i 6000km  CFORCE 850 Touring Premium mudelil on lisaks Standard mudeli p\u00f5hivarustusele:  * Beadlock veljed * 8-tolline MMI ekraan koos Apple CarPlay funktsioonidega * T-BOX ( CFMOTO Ride rakendusega sidumise v\u00f5imalus ) * 27\u201d s\u00fcgavamustrilised rehvid\" \/>\n<meta property=\"og:url\" content=\"https:\/\/moto.sirtaki.ee\/ru\/product\/cforce-850-touring-atv\/\" \/>\n<meta property=\"og:site_name\" content=\"CFMoto Sirtaki\" \/>\n<meta property=\"article:modified_time\" content=\"2026-04-22T13:49:34+00:00\" \/>\n<meta property=\"og:image\" content=\"https:\/\/moto.sirtaki.ee\/wp-content\/uploads\/2024\/10\/CF800ATR-5-EPS-A-GREY-1.jpg\" \/>\n\t<meta property=\"og:image:width\" content=\"1920\" \/>\n\t<meta property=\"og:image:height\" content=\"1280\" \/>\n\t<meta property=\"og:image:type\" content=\"image\/jpeg\" \/>\n<meta name=\"twitter:card\" content=\"summary_large_image\" \/>\n<script type=\"application\/ld+json\" class=\"yoast-schema-graph\">{\"@context\":\"https:\/\/schema.org\",\"@graph\":[{\"@type\":\"WebPage\",\"@id\":\"https:\/\/moto.sirtaki.ee\/product\/cforce-850-touring-atv\/\",\"url\":\"https:\/\/moto.sirtaki.ee\/product\/cforce-850-touring-atv\/\",\"name\":\"CFORCE 850 Touring ATV | CFMoto Sirtaki\",\"isPartOf\":{\"@id\":\"https:\/\/moto.sirtaki.ee\/#website\"},\"primaryImageOfPage\":{\"@id\":\"https:\/\/moto.sirtaki.ee\/product\/cforce-850-touring-atv\/#primaryimage\"},\"image\":{\"@id\":\"https:\/\/moto.sirtaki.ee\/product\/cforce-850-touring-atv\/#primaryimage\"},\"thumbnailUrl\":\"https:\/\/moto.sirtaki.ee\/wp-content\/uploads\/2024\/10\/CF800ATR-5-EPS-A-GREY-1.jpg\",\"datePublished\":\"2024-10-30T08:16:59+00:00\",\"dateModified\":\"2026-04-22T13:49:34+00:00\",\"breadcrumb\":{\"@id\":\"https:\/\/moto.sirtaki.ee\/product\/cforce-850-touring-atv\/#breadcrumb\"},\"inLanguage\":\"ru-RU\",\"potentialAction\":[{\"@type\":\"ReadAction\",\"target\":[\"https:\/\/moto.sirtaki.ee\/product\/cforce-850-touring-atv\/\"]}]},{\"@type\":\"ImageObject\",\"inLanguage\":\"ru-RU\",\"@id\":\"https:\/\/moto.sirtaki.ee\/product\/cforce-850-touring-atv\/#primaryimage\",\"url\":\"https:\/\/moto.sirtaki.ee\/wp-content\/uploads\/2024\/10\/CF800ATR-5-EPS-A-GREY-1.jpg\",\"contentUrl\":\"https:\/\/moto.sirtaki.ee\/wp-content\/uploads\/2024\/10\/CF800ATR-5-EPS-A-GREY-1.jpg\",\"width\":1920,\"height\":1280},{\"@type\":\"BreadcrumbList\",\"@id\":\"https:\/\/moto.sirtaki.ee\/product\/cforce-850-touring-atv\/#breadcrumb\",\"itemListElement\":[{\"@type\":\"ListItem\",\"position\":1,\"name\":\"Home\",\"item\":\"https:\/\/moto.sirtaki.ee\/\"},{\"@type\":\"ListItem\",\"position\":2,\"name\":\"Shop\",\"item\":\"https:\/\/moto.sirtaki.ee\/shop\/\"},{\"@type\":\"ListItem\",\"position\":3,\"name\":\"CFORCE 850 Touring ATV\"}]},{\"@type\":\"WebSite\",\"@id\":\"https:\/\/moto.sirtaki.ee\/#website\",\"url\":\"https:\/\/moto.sirtaki.ee\/\",\"name\":\"CFMoto Sirtaki\",\"description\":\"\",\"potentialAction\":[{\"@type\":\"SearchAction\",\"target\":{\"@type\":\"EntryPoint\",\"urlTemplate\":\"https:\/\/moto.sirtaki.ee\/?s={search_term_string}\"},\"query-input\":{\"@type\":\"PropertyValueSpecification\",\"valueRequired\":true,\"valueName\":\"search_term_string\"}}],\"inLanguage\":\"ru-RU\"}]}<\/script>\n<!-- \/ Yoast SEO plugin. -->","yoast_head_json":{"title":"CFORCE 850 Touring ATV | CFMoto Sirtaki","robots":{"index":"index","follow":"follow","max-snippet":"max-snippet:-1","max-image-preview":"max-image-preview:large","max-video-preview":"max-video-preview:-1"},"canonical":"https:\/\/moto.sirtaki.ee\/ru\/product\/cforce-850-touring-atv\/","og_locale":"ru_RU","og_type":"article","og_title":"CFORCE 850 Touring ATV | CFMoto Sirtaki","og_description":"Mootor\u00a0: Kahesilindriline, vedeljahutusega 800 cc t\u00f6\u00f6mahuga bensiinimootor Toide\u00a0: Bosch toites\u00fcsteem Veoskeem\u00a0: 2WD \/ 4WD \/ lukustatav 4WD Rooliv\u00f5imendi\u00a0: EPS (elektriline rooliv\u00f5imendi) Istekohti\u00a0: 2 \u00dclekanne\u00a0: CFMOTO variaator\u00fclekanne Pidurid\u00a0: H\u00fcdraulilised ketaspidurid Vedrustus\u00a0: Topelt \u00f5\u00f5tshoobadega s\u00f5ltumatu vedrustus, \u00f5liamortisaatorid Garantii\u00a0: Tehase garantii 3 aastat v\u00f5i 6000km  CFORCE 850 Touring Premium mudelil on lisaks Standard mudeli p\u00f5hivarustusele:  * Beadlock veljed * 8-tolline MMI ekraan koos Apple CarPlay funktsioonidega * T-BOX ( CFMOTO Ride rakendusega sidumise v\u00f5imalus ) * 27\u201d s\u00fcgavamustrilised rehvid","og_url":"https:\/\/moto.sirtaki.ee\/ru\/product\/cforce-850-touring-atv\/","og_site_name":"CFMoto Sirtaki","article_modified_time":"2026-04-22T13:49:34+00:00","og_image":[{"width":1920,"height":1280,"url":"https:\/\/moto.sirtaki.ee\/wp-content\/uploads\/2024\/10\/CF800ATR-5-EPS-A-GREY-1.jpg","type":"image\/jpeg"}],"twitter_card":"summary_large_image","schema":{"@context":"https:\/\/schema.org","@graph":[{"@type":"WebPage","@id":"https:\/\/moto.sirtaki.ee\/product\/cforce-850-touring-atv\/","url":"https:\/\/moto.sirtaki.ee\/product\/cforce-850-touring-atv\/","name":"CFORCE 850 Touring ATV | CFMoto Sirtaki","isPartOf":{"@id":"https:\/\/moto.sirtaki.ee\/#website"},"primaryImageOfPage":{"@id":"https:\/\/moto.sirtaki.ee\/product\/cforce-850-touring-atv\/#primaryimage"},"image":{"@id":"https:\/\/moto.sirtaki.ee\/product\/cforce-850-touring-atv\/#primaryimage"},"thumbnailUrl":"https:\/\/moto.sirtaki.ee\/wp-content\/uploads\/2024\/10\/CF800ATR-5-EPS-A-GREY-1.jpg","datePublished":"2024-10-30T08:16:59+00:00","dateModified":"2026-04-22T13:49:34+00:00","breadcrumb":{"@id":"https:\/\/moto.sirtaki.ee\/product\/cforce-850-touring-atv\/#breadcrumb"},"inLanguage":"ru-RU","potentialAction":[{"@type":"ReadAction","target":["https:\/\/moto.sirtaki.ee\/product\/cforce-850-touring-atv\/"]}]},{"@type":"ImageObject","inLanguage":"ru-RU","@id":"https:\/\/moto.sirtaki.ee\/product\/cforce-850-touring-atv\/#primaryimage","url":"https:\/\/moto.sirtaki.ee\/wp-content\/uploads\/2024\/10\/CF800ATR-5-EPS-A-GREY-1.jpg","contentUrl":"https:\/\/moto.sirtaki.ee\/wp-content\/uploads\/2024\/10\/CF800ATR-5-EPS-A-GREY-1.jpg","width":1920,"height":1280},{"@type":"BreadcrumbList","@id":"https:\/\/moto.sirtaki.ee\/product\/cforce-850-touring-atv\/#breadcrumb","itemListElement":[{"@type":"ListItem","position":1,"name":"Home","item":"https:\/\/moto.sirtaki.ee\/"},{"@type":"ListItem","position":2,"name":"Shop","item":"https:\/\/moto.sirtaki.ee\/shop\/"},{"@type":"ListItem","position":3,"name":"CFORCE 850 Touring ATV"}]},{"@type":"WebSite","@id":"https:\/\/moto.sirtaki.ee\/#website","url":"https:\/\/moto.sirtaki.ee\/","name":"CFMoto Sirtaki","description":"","potentialAction":[{"@type":"SearchAction","target":{"@type":"EntryPoint","urlTemplate":"https:\/\/moto.sirtaki.ee\/?s={search_term_string}"},"query-input":{"@type":"PropertyValueSpecification","valueRequired":true,"valueName":"search_term_string"}}],"inLanguage":"ru-RU"}]}},"_links":{"self":[{"href":"https:\/\/moto.sirtaki.ee\/ru\/wp-json\/wp\/v2\/product\/3403"}],"collection":[{"href":"https:\/\/moto.sirtaki.ee\/ru\/wp-json\/wp\/v2\/product"}],"about":[{"href":"https:\/\/moto.sirtaki.ee\/ru\/wp-json\/wp\/v2\/types\/product"}],"wp:featuredmedia":[{"embeddable":true,"href":"https:\/\/moto.sirtaki.ee\/ru\/wp-json\/wp\/v2\/media\/4080"}],"wp:attachment":[{"href":"https:\/\/moto.sirtaki.ee\/ru\/wp-json\/wp\/v2\/media?parent=3403"}],"wp:term":[{"taxonomy":"product_cat","embeddable":true,"href":"https:\/\/moto.sirtaki.ee\/ru\/wp-json\/wp\/v2\/product_cat?post=3403"},{"taxonomy":"product_tag","embeddable":true,"href":"https:\/\/moto.sirtaki.ee\/ru\/wp-json\/wp\/v2\/product_tag?post=3403"}],"curies":[{"name":"wp","href":"https:\/\/api.w.org\/{rel}","templated":true}]}}