{"id":3456,"date":"2024-10-31T09:07:27","date_gmt":"2024-10-31T06:07:27","guid":{"rendered":"https:\/\/moto.sirtaki.ee\/?post_type=product&#038;p=3456"},"modified":"2024-12-10T14:29:58","modified_gmt":"2024-12-10T11:29:58","slug":"laste-atv-ev110","status":"publish","type":"product","link":"https:\/\/moto.sirtaki.ee\/ru\/product\/laste-atv-ev110\/","title":{"rendered":"Laste ATV EV110"},"content":{"rendered":"<h3 class=\"elementor-heading-title elementor-size-default\">ATV CFMOTO CFORCE EV110 tehnilised andmed<\/h3>\n<div class=\"elementor-widget-container\">\n<div class=\"premium-table-wrap premium-table-responsive\">\n<table class=\"premium-table\" data-settings=\"{&quot;sort&quot;:false,&quot;usNumbers&quot;:false,&quot;sortMob&quot;:false,&quot;search&quot;:false,&quot;records&quot;:false,&quot;dataType&quot;:&quot;csv&quot;,&quot;csvFile&quot;:&quot;https:\\\/\\\/docs.google.com\\\/spreadsheets\\\/d\\\/e\\\/2PACX-1vRsWzTG4kOoID_zGx9dFR49c3vjwmSx-De230M7yWaQduDQIjetthyiB6ZUcUmyOV28_zZ3ko3EhC7B\\\/pub?gid=498615461&amp;single=true&amp;output=csv&quot;,&quot;firstRow&quot;:&quot;head&quot;,&quot;separator&quot;:&quot;,&quot;,&quot;pagination&quot;:&quot;&quot;,&quot;rows&quot;:0,&quot;id&quot;:&quot;08f7625&quot;,&quot;reload&quot;:&quot;day&quot;}\">\n<thead class=\"premium-table-head\">\n<tr class=\"premium-table-row\">\n<th class=\"premium-table-cell\"><span class=\"premium-table-text\">ATV mudel <\/span><\/th>\n<th class=\"premium-table-cell\"><span class=\"premium-table-text\">CFORCE EV110<\/span><\/th>\n<\/tr>\n<\/thead>\n<tbody>\n<tr class=\"premium-table-row\">\n<td class=\"premium-table-cell\"><span class=\"premium-table-text\">\u00dcldandmed <\/span><\/td>\n<td class=\"premium-table-cell\"><\/td>\n<\/tr>\n<tr class=\"premium-table-row\">\n<td class=\"premium-table-cell\"><span class=\"premium-table-text\">Pikkus x laius x k\u00f5rgus (mm)<\/span><\/td>\n<td class=\"premium-table-cell\"><span class=\"premium-table-text\">1500x950x935 mm <\/span><\/td>\n<\/tr>\n<tr class=\"premium-table-row\">\n<td class=\"premium-table-cell\"><span class=\"premium-table-text\">Teljevahe (mm) <\/span><\/td>\n<td class=\"premium-table-cell\"><span class=\"premium-table-text\">1020 mm <\/span><\/td>\n<\/tr>\n<tr class=\"premium-table-row\">\n<td class=\"premium-table-cell\"><span class=\"premium-table-text\">Istme k\u00f5rgus (mm) <\/span><\/td>\n<td class=\"premium-table-cell\"><span class=\"premium-table-text\">685 mm <\/span><\/td>\n<\/tr>\n<tr class=\"premium-table-row\">\n<td class=\"premium-table-cell\"><span class=\"premium-table-text\">Kliirens (mm) <\/span><\/td>\n<td class=\"premium-table-cell\"><span class=\"premium-table-text\">120 mm <\/span><\/td>\n<\/tr>\n<tr class=\"premium-table-row\">\n<td class=\"premium-table-cell\"><span class=\"premium-table-text\">T\u00fchimass (kg) <\/span><\/td>\n<td class=\"premium-table-cell\"><span class=\"premium-table-text\">130 kg <\/span><\/td>\n<\/tr>\n<tr class=\"premium-table-row\">\n<td class=\"premium-table-cell\"><span class=\"premium-table-text\">Maksimaalne lubatud kiirus (km\/h) <\/span><\/td>\n<td class=\"premium-table-cell\"><span class=\"premium-table-text\">44 km\/h <\/span><\/td>\n<\/tr>\n<tr class=\"premium-table-row\">\n<td class=\"premium-table-cell\"><span class=\"premium-table-text\">Aku <\/span><\/td>\n<td class=\"premium-table-cell\"><span class=\"premium-table-text\">550W<\/span><\/td>\n<\/tr>\n<tr class=\"premium-table-row\">\n<td class=\"premium-table-cell\"><span class=\"premium-table-text\">Aku laadimisaeg<\/span><\/td>\n<td class=\"premium-table-cell\"><span class=\"premium-table-text\">4 tundi<\/span><\/td>\n<\/tr>\n<tr class=\"premium-table-row\">\n<td class=\"premium-table-cell\"><span class=\"premium-table-text\">S\u00f5iduulatus <\/span><\/td>\n<td class=\"premium-table-cell\"><span class=\"premium-table-text\">40 km (3+ tundi) <\/span><\/td>\n<\/tr>\n<tr class=\"premium-table-row\">\n<td class=\"premium-table-cell\"><span class=\"premium-table-text\">Mootor <\/span><\/td>\n<td class=\"premium-table-cell\"><\/td>\n<\/tr>\n<tr class=\"premium-table-row\">\n<td class=\"premium-table-cell\"><span class=\"premium-table-text\">Mootor <\/span><\/td>\n<td class=\"premium-table-cell\"><span class=\"premium-table-text\">44 V \/ 1500W elektrimootor <\/span><\/td>\n<\/tr>\n<tr class=\"premium-table-row\">\n<td class=\"premium-table-cell\"><span class=\"premium-table-text\">V\u00f5imsus (kW) <\/span><\/td>\n<td class=\"premium-table-cell\"><span class=\"premium-table-text\">4.5 kW <\/span><\/td>\n<\/tr>\n<tr class=\"premium-table-row\">\n<td class=\"premium-table-cell\"><span class=\"premium-table-text\">Maksimaale p\u00f6\u00f6rdemoment (N\u00b7m) <\/span><\/td>\n<td class=\"premium-table-cell\"><span class=\"premium-table-text\">40 N\u00b7m<\/span><\/td>\n<\/tr>\n<tr class=\"premium-table-row\">\n<td class=\"premium-table-cell\"><span class=\"premium-table-text\">Veermik <\/span><\/td>\n<td class=\"premium-table-cell\"><\/td>\n<\/tr>\n<tr class=\"premium-table-row\">\n<td class=\"premium-table-cell\"><span class=\"premium-table-text\">Veoskeem <\/span><\/td>\n<td class=\"premium-table-cell\"><span class=\"premium-table-text\">2WD <\/span><\/td>\n<\/tr>\n<\/tbody>\n<\/table>\n<\/div>\n<\/div>\n<p>CFORCE EV110 on uus ja innovatiivne elektrimootoriga ATV mis on sobilik lastele alates 7-ndast eluaastast.<\/p>\n<p>CFMOTO EV110 mudel on oma elektrimootori t\u00f5ttu vaikne ja on sobilik kasutamiseks ka tihedamalt asustatud piirkonnas, sest sellel puudub m\u00fcrarikas bensiinimootor mis v\u00f5iks naabruskonnas elavaid inimesi h\u00e4irida. Elektrimootoriga ATV eelisteks on ka see, et see vajab m\u00e4rkimisv\u00e4\u00e4rselt v\u00e4hem hooldust ning ka hoolduskulud on tunduvalt v\u00e4iksemad v\u00f5rreldes bensiinimootoriga liigikaaslasega. Kuna see ei tarbi bensiini puuduvad ka \u00f5li- ja bensiinifiltrid, mida muidu oleks vaja aeg ajalt vahetada..<\/p>\n<p>Suutlikuse poolest ei j\u00e4\u00e4 EV110 ATV h\u00e4tta ka maastikul v\u00f5i metsarajal s\u00f5itmisega. EV110 pakub \u00fcllatavalt sportlikku ning turvalist s\u00f5iduelamust ka osavamale s\u00f5idumeistrile kuna sellel on v\u00e4ga h\u00e4sti toimiv ja pehme vedrustus ning selle kiirus on muudetav vastavalt vajadusele l\u00e4bi 2 s\u00f5idure\u017eiimi ( Eco ning Sport).<\/p>\n<p>Eco re\u017eiimi kasutades on kiirus piiratud 24 km\/h peale ning selle re\u017eiimi kasutamine v\u00f5imaldab pikemate s\u00f5itude tegemist. Sport re\u017eiim on m\u00f5eldud juba kogenud lastele ning see laseb juhil ATV\u2018st v\u00e4lja v\u00f5tta maksimumi. Sport re\u017eiimi kasutades on ATV maksimaalne kiirus kuni 45 km\/h ning s\u00f5iduulatus \u00fche laadimise kohta v\u00f5ib ka siin j\u00e4\u00e4da olenevalt tee v\u00f5i maastikuoludest 20km piirimaile. Talvistes oludes, -5c v\u00e4litemperatuuri juures, raskemal maastikul j\u00e4i (Eestis testitud) s\u00f5iduulatus 16 km juurde.<\/p>\n<p>Turvalisuse koha pealt on tegemist h\u00e4sti juhitava ja mugavalt pehmet vedrustust omava ATV\u2019ga millele on paigaldatud ka SOS nupp, mis saadab lapsevanema mobiilirakendusse teate, kui laps vajab abi. Et laps kodust liiga kaugele ei uitaks, on vanematel v\u00f5imalik mobiilirakendusest seadistada, kui kaugele ATV v\u00f5ib lapsevanemast minna. Juhul, kui laps peaks etten\u00e4htud alast v\u00e4ljuma, annab ATV lapsele teate, et tagasi p\u00f6\u00f6rata ning ATV maksimaalne kiirus on automaatselt limiteeritud (lisavarustus).<\/p>\n<p>CFMOTO EV110 j\u00f5uallikaks on 4.5 kW elektrimootor ning, et laps ka turvaliselt pidama saaks, on EV110 ATV\u2018l olemas 3x h\u00fcdraulilised ketaspidurid. Vasak k\u00e4sipidur kasutab kombineeritud piduris\u00fcsteemi, mis kontrollib k\u00f5ikide rataste pidureid, kuid parem k\u00e4sipidur ning jalgpidur annavad ka v\u00f5imaluse pidureid eraldi vastavalt vajadusele kasutada.<\/p>\n<p>3.5 tolline LCD ekraan v\u00f5imaldab juhil j\u00e4lgida kiirust, aku t\u00e4ituvust, s\u00f5iduulatust ning aktiivset s\u00f5idure\u017eiimi. Masina k\u00e4ivitamiseks on keskele paigutatud Start \/ Stop nupp, mille kasutust saab ka piirata mobiilirakendusest. Vasaku k\u00e4epideme k\u00fclge on paigaldatud nupud, millega saab vahetada k\u00e4iku ( F, N, R ), s\u00f5idure\u017eiimi ning samuti ohutuse tagamiseks kasutatavat helisignaali.<\/p>","protected":false},"excerpt":{"rendered":"<p><strong>Mootor<\/strong> : 44V, 1500W elektrimootor ( maksimaalne 4500W)<br \/>\n<strong>T\u00f6\u00f6maht<\/strong> : v\u00f5rdne 110 cc\u2019ga<br \/>\n<strong>V\u00f5imsus<\/strong> : 4.5 kW<br \/>\n<strong>V\u00e4\u00e4ne<\/strong> : 40 Nm<br \/>\n<strong>\u00dclekanne<\/strong> : 3 k\u00e4iku ( F, N, R )<br \/>\n<strong>Pidurid<\/strong> : 3x H\u00fcdraulilised<br \/>\n<strong>Garantii<\/strong> : Tehase garantii 3 aastat<br \/>\n<strong>Aku garantii <\/strong>: 1 Aasta<\/p>","protected":false},"featured_media":3752,"template":"","meta":[],"product_cat":[48],"product_tag":[],"class_list":{"0":"post-3456","1":"product","2":"type-product","3":"status-publish","4":"has-post-thumbnail","6":"product_cat-laste-atv","8":"first","9":"instock","10":"taxable","11":"shipping-taxable","12":"purchasable","13":"product-type-variable","14":"has-default-attributes"},"yoast_head":"<!-- This site is optimized with the Yoast SEO plugin v23.9 - https:\/\/yoast.com\/wordpress\/plugins\/seo\/ -->\n<title>Laste ATV EV110 | CFMoto Sirtaki<\/title>\n<meta name=\"robots\" content=\"index, follow, max-snippet:-1, max-image-preview:large, max-video-preview:-1\" \/>\n<link rel=\"canonical\" href=\"https:\/\/moto.sirtaki.ee\/ru\/product\/laste-atv-ev110\/\" \/>\n<meta property=\"og:locale\" content=\"ru_RU\" \/>\n<meta property=\"og:type\" content=\"article\" \/>\n<meta property=\"og:title\" content=\"Laste ATV EV110 | CFMoto Sirtaki\" \/>\n<meta property=\"og:description\" content=\"Mootor : 44V, 1500W elektrimootor ( maksimaalne 4500W) T\u00f6\u00f6maht : v\u00f5rdne 110 cc\u2019ga V\u00f5imsus : 4.5 kW V\u00e4\u00e4ne : 40 Nm \u00dclekanne : 3 k\u00e4iku ( F, N, R ) Pidurid : 3x H\u00fcdraulilised Garantii : Tehase garantii 3 aastat Aku garantii : 1 Aasta\" \/>\n<meta property=\"og:url\" content=\"https:\/\/moto.sirtaki.ee\/ru\/product\/laste-atv-ev110\/\" \/>\n<meta property=\"og:site_name\" content=\"CFMoto Sirtaki\" \/>\n<meta property=\"article:modified_time\" content=\"2024-12-10T11:29:58+00:00\" \/>\n<meta property=\"og:image\" content=\"https:\/\/moto.sirtaki.ee\/wp-content\/uploads\/2024\/10\/CF_EV110_LASTE.jpg\" \/>\n\t<meta property=\"og:image:width\" content=\"1875\" \/>\n\t<meta property=\"og:image:height\" content=\"1875\" \/>\n\t<meta property=\"og:image:type\" content=\"image\/jpeg\" \/>\n<meta name=\"twitter:card\" content=\"summary_large_image\" \/>\n<script type=\"application\/ld+json\" class=\"yoast-schema-graph\">{\"@context\":\"https:\/\/schema.org\",\"@graph\":[{\"@type\":\"WebPage\",\"@id\":\"https:\/\/moto.sirtaki.ee\/product\/laste-atv-ev110\/\",\"url\":\"https:\/\/moto.sirtaki.ee\/product\/laste-atv-ev110\/\",\"name\":\"Laste ATV EV110 | CFMoto Sirtaki\",\"isPartOf\":{\"@id\":\"https:\/\/moto.sirtaki.ee\/#website\"},\"primaryImageOfPage\":{\"@id\":\"https:\/\/moto.sirtaki.ee\/product\/laste-atv-ev110\/#primaryimage\"},\"image\":{\"@id\":\"https:\/\/moto.sirtaki.ee\/product\/laste-atv-ev110\/#primaryimage\"},\"thumbnailUrl\":\"https:\/\/moto.sirtaki.ee\/wp-content\/uploads\/2024\/10\/CF_EV110_LASTE.jpg\",\"datePublished\":\"2024-10-31T06:07:27+00:00\",\"dateModified\":\"2024-12-10T11:29:58+00:00\",\"breadcrumb\":{\"@id\":\"https:\/\/moto.sirtaki.ee\/product\/laste-atv-ev110\/#breadcrumb\"},\"inLanguage\":\"ru-RU\",\"potentialAction\":[{\"@type\":\"ReadAction\",\"target\":[\"https:\/\/moto.sirtaki.ee\/product\/laste-atv-ev110\/\"]}]},{\"@type\":\"ImageObject\",\"inLanguage\":\"ru-RU\",\"@id\":\"https:\/\/moto.sirtaki.ee\/product\/laste-atv-ev110\/#primaryimage\",\"url\":\"https:\/\/moto.sirtaki.ee\/wp-content\/uploads\/2024\/10\/CF_EV110_LASTE.jpg\",\"contentUrl\":\"https:\/\/moto.sirtaki.ee\/wp-content\/uploads\/2024\/10\/CF_EV110_LASTE.jpg\",\"width\":1875,\"height\":1875},{\"@type\":\"BreadcrumbList\",\"@id\":\"https:\/\/moto.sirtaki.ee\/product\/laste-atv-ev110\/#breadcrumb\",\"itemListElement\":[{\"@type\":\"ListItem\",\"position\":1,\"name\":\"Home\",\"item\":\"https:\/\/moto.sirtaki.ee\/\"},{\"@type\":\"ListItem\",\"position\":2,\"name\":\"Shop\",\"item\":\"https:\/\/moto.sirtaki.ee\/shop\/\"},{\"@type\":\"ListItem\",\"position\":3,\"name\":\"Laste ATV EV110\"}]},{\"@type\":\"WebSite\",\"@id\":\"https:\/\/moto.sirtaki.ee\/#website\",\"url\":\"https:\/\/moto.sirtaki.ee\/\",\"name\":\"CFMoto Sirtaki\",\"description\":\"\",\"potentialAction\":[{\"@type\":\"SearchAction\",\"target\":{\"@type\":\"EntryPoint\",\"urlTemplate\":\"https:\/\/moto.sirtaki.ee\/?s={search_term_string}\"},\"query-input\":{\"@type\":\"PropertyValueSpecification\",\"valueRequired\":true,\"valueName\":\"search_term_string\"}}],\"inLanguage\":\"ru-RU\"}]}<\/script>\n<!-- \/ Yoast SEO plugin. -->","yoast_head_json":{"title":"Laste ATV EV110 | CFMoto Sirtaki","robots":{"index":"index","follow":"follow","max-snippet":"max-snippet:-1","max-image-preview":"max-image-preview:large","max-video-preview":"max-video-preview:-1"},"canonical":"https:\/\/moto.sirtaki.ee\/ru\/product\/laste-atv-ev110\/","og_locale":"ru_RU","og_type":"article","og_title":"Laste ATV EV110 | CFMoto Sirtaki","og_description":"Mootor : 44V, 1500W elektrimootor ( maksimaalne 4500W) T\u00f6\u00f6maht : v\u00f5rdne 110 cc\u2019ga V\u00f5imsus : 4.5 kW V\u00e4\u00e4ne : 40 Nm \u00dclekanne : 3 k\u00e4iku ( F, N, R ) Pidurid : 3x H\u00fcdraulilised Garantii : Tehase garantii 3 aastat Aku garantii : 1 Aasta","og_url":"https:\/\/moto.sirtaki.ee\/ru\/product\/laste-atv-ev110\/","og_site_name":"CFMoto Sirtaki","article_modified_time":"2024-12-10T11:29:58+00:00","og_image":[{"width":1875,"height":1875,"url":"https:\/\/moto.sirtaki.ee\/wp-content\/uploads\/2024\/10\/CF_EV110_LASTE.jpg","type":"image\/jpeg"}],"twitter_card":"summary_large_image","schema":{"@context":"https:\/\/schema.org","@graph":[{"@type":"WebPage","@id":"https:\/\/moto.sirtaki.ee\/product\/laste-atv-ev110\/","url":"https:\/\/moto.sirtaki.ee\/product\/laste-atv-ev110\/","name":"Laste ATV EV110 | CFMoto Sirtaki","isPartOf":{"@id":"https:\/\/moto.sirtaki.ee\/#website"},"primaryImageOfPage":{"@id":"https:\/\/moto.sirtaki.ee\/product\/laste-atv-ev110\/#primaryimage"},"image":{"@id":"https:\/\/moto.sirtaki.ee\/product\/laste-atv-ev110\/#primaryimage"},"thumbnailUrl":"https:\/\/moto.sirtaki.ee\/wp-content\/uploads\/2024\/10\/CF_EV110_LASTE.jpg","datePublished":"2024-10-31T06:07:27+00:00","dateModified":"2024-12-10T11:29:58+00:00","breadcrumb":{"@id":"https:\/\/moto.sirtaki.ee\/product\/laste-atv-ev110\/#breadcrumb"},"inLanguage":"ru-RU","potentialAction":[{"@type":"ReadAction","target":["https:\/\/moto.sirtaki.ee\/product\/laste-atv-ev110\/"]}]},{"@type":"ImageObject","inLanguage":"ru-RU","@id":"https:\/\/moto.sirtaki.ee\/product\/laste-atv-ev110\/#primaryimage","url":"https:\/\/moto.sirtaki.ee\/wp-content\/uploads\/2024\/10\/CF_EV110_LASTE.jpg","contentUrl":"https:\/\/moto.sirtaki.ee\/wp-content\/uploads\/2024\/10\/CF_EV110_LASTE.jpg","width":1875,"height":1875},{"@type":"BreadcrumbList","@id":"https:\/\/moto.sirtaki.ee\/product\/laste-atv-ev110\/#breadcrumb","itemListElement":[{"@type":"ListItem","position":1,"name":"Home","item":"https:\/\/moto.sirtaki.ee\/"},{"@type":"ListItem","position":2,"name":"Shop","item":"https:\/\/moto.sirtaki.ee\/shop\/"},{"@type":"ListItem","position":3,"name":"Laste ATV EV110"}]},{"@type":"WebSite","@id":"https:\/\/moto.sirtaki.ee\/#website","url":"https:\/\/moto.sirtaki.ee\/","name":"CFMoto Sirtaki","description":"","potentialAction":[{"@type":"SearchAction","target":{"@type":"EntryPoint","urlTemplate":"https:\/\/moto.sirtaki.ee\/?s={search_term_string}"},"query-input":{"@type":"PropertyValueSpecification","valueRequired":true,"valueName":"search_term_string"}}],"inLanguage":"ru-RU"}]}},"_links":{"self":[{"href":"https:\/\/moto.sirtaki.ee\/ru\/wp-json\/wp\/v2\/product\/3456"}],"collection":[{"href":"https:\/\/moto.sirtaki.ee\/ru\/wp-json\/wp\/v2\/product"}],"about":[{"href":"https:\/\/moto.sirtaki.ee\/ru\/wp-json\/wp\/v2\/types\/product"}],"wp:featuredmedia":[{"embeddable":true,"href":"https:\/\/moto.sirtaki.ee\/ru\/wp-json\/wp\/v2\/media\/3752"}],"wp:attachment":[{"href":"https:\/\/moto.sirtaki.ee\/ru\/wp-json\/wp\/v2\/media?parent=3456"}],"wp:term":[{"taxonomy":"product_cat","embeddable":true,"href":"https:\/\/moto.sirtaki.ee\/ru\/wp-json\/wp\/v2\/product_cat?post=3456"},{"taxonomy":"product_tag","embeddable":true,"href":"https:\/\/moto.sirtaki.ee\/ru\/wp-json\/wp\/v2\/product_tag?post=3456"}],"curies":[{"name":"wp","href":"https:\/\/api.w.org\/{rel}","templated":true}]}}