{"id":3462,"date":"2024-10-31T09:11:25","date_gmt":"2024-10-31T06:11:25","guid":{"rendered":"https:\/\/moto.sirtaki.ee\/?post_type=product&#038;p=3462"},"modified":"2024-12-10T14:29:57","modified_gmt":"2024-12-10T11:29:57","slug":"laste-atv-cforce-110","status":"publish","type":"product","link":"https:\/\/moto.sirtaki.ee\/ru\/product\/laste-atv-cforce-110\/","title":{"rendered":"Laste ATV CFORCE 110"},"content":{"rendered":"<h3 class=\"elementor-heading-title elementor-size-default\">Laste ATV CFMOTO CF110 tehnilised andmed<\/h3>\n<div class=\"premium-table-wrap premium-table-responsive\">\n<table class=\"premium-table\" data-settings=\"{&quot;sort&quot;:false,&quot;usNumbers&quot;:false,&quot;sortMob&quot;:false,&quot;search&quot;:false,&quot;records&quot;:false,&quot;dataType&quot;:&quot;csv&quot;,&quot;csvFile&quot;:&quot;https:\\\/\\\/docs.google.com\\\/spreadsheets\\\/d\\\/e\\\/2PACX-1vT7U9RoWD3vwtDfmF1-E0TnC0SCj0YzlwCAkEMnLj2nXR9BOREcV_pPGeRVIdm1xkFW4YGjHLJ01tra\\\/pub?gid=1158443982&amp;single=true&amp;output=csv&quot;,&quot;firstRow&quot;:&quot;head&quot;,&quot;separator&quot;:&quot;,&quot;,&quot;pagination&quot;:&quot;&quot;,&quot;rows&quot;:0,&quot;id&quot;:&quot;b18125a&quot;,&quot;reload&quot;:&quot;day&quot;}\">\n<thead class=\"premium-table-head\">\n<tr class=\"premium-table-row\">\n<th class=\"premium-table-cell\"><span class=\"premium-table-text\">ATV mudel <\/span><\/th>\n<th class=\"premium-table-cell\"><span class=\"premium-table-text\">CFORCE 110 <\/span><\/th>\n<\/tr>\n<\/thead>\n<tbody>\n<tr class=\"premium-table-row\">\n<td class=\"premium-table-cell\"><span class=\"premium-table-text\">Tehaset\u00e4his <\/span><\/td>\n<td class=\"premium-table-cell\"><span class=\"premium-table-text\">CF110AY10 <\/span><\/td>\n<\/tr>\n<tr class=\"premium-table-row\">\n<td class=\"premium-table-cell\"><span class=\"premium-table-text\">\u00dcldandmed <\/span><\/td>\n<td class=\"premium-table-cell\"><\/td>\n<\/tr>\n<tr class=\"premium-table-row\">\n<td class=\"premium-table-cell\"><span class=\"premium-table-text\">Pikkus x laius x k\u00f5rgus (mm) <\/span><\/td>\n<td class=\"premium-table-cell\"><span class=\"premium-table-text\">1483x943x925 mm <\/span><\/td>\n<\/tr>\n<tr class=\"premium-table-row\">\n<td class=\"premium-table-cell\"><span class=\"premium-table-text\">Teljevahe (mm) <\/span><\/td>\n<td class=\"premium-table-cell\"><span class=\"premium-table-text\">1020 mm <\/span><\/td>\n<\/tr>\n<tr class=\"premium-table-row\">\n<td class=\"premium-table-cell\"><span class=\"premium-table-text\">Istme k\u00f5rgus (mm) <\/span><\/td>\n<td class=\"premium-table-cell\"><span class=\"premium-table-text\">685 mm <\/span><\/td>\n<\/tr>\n<tr class=\"premium-table-row\">\n<td class=\"premium-table-cell\"><span class=\"premium-table-text\">Kliirens (mm) <\/span><\/td>\n<td class=\"premium-table-cell\"><span class=\"premium-table-text\">110 mm <\/span><\/td>\n<\/tr>\n<tr class=\"premium-table-row\">\n<td class=\"premium-table-cell\"><span class=\"premium-table-text\">T\u00fchimass (kg) <\/span><\/td>\n<td class=\"premium-table-cell\"><span class=\"premium-table-text\">130 kg <\/span><\/td>\n<\/tr>\n<tr class=\"premium-table-row\">\n<td class=\"premium-table-cell\"><span class=\"premium-table-text\">K\u00fctusepaagi maht (L) <\/span><\/td>\n<td class=\"premium-table-cell\"><span class=\"premium-table-text\">6.7 L <\/span><\/td>\n<\/tr>\n<tr class=\"premium-table-row\">\n<td class=\"premium-table-cell\"><span class=\"premium-table-text\">Maksimaalne lubatud kiirus (km\/h) <\/span><\/td>\n<td class=\"premium-table-cell\"><span class=\"premium-table-text\">45 km\/h <\/span><\/td>\n<\/tr>\n<tr class=\"premium-table-row\">\n<td class=\"premium-table-cell\"><span class=\"premium-table-text\">Mootor <\/span><\/td>\n<td class=\"premium-table-cell\"><\/td>\n<\/tr>\n<tr class=\"premium-table-row\">\n<td class=\"premium-table-cell\"><span class=\"premium-table-text\">Mootori t\u00fc\u00fcp <\/span><\/td>\n<td class=\"premium-table-cell\"><span class=\"premium-table-text\">SOHC \u00fche silindriline \/ nelja taktiline <\/span><\/td>\n<\/tr>\n<tr class=\"premium-table-row\">\n<td class=\"premium-table-cell\"><span class=\"premium-table-text\">Mootori t\u00f6\u00f6maht (cc) <\/span><\/td>\n<td class=\"premium-table-cell\"><span class=\"premium-table-text\">110 cc <\/span><\/td>\n<\/tr>\n<tr class=\"premium-table-row\">\n<td class=\"premium-table-cell\"><span class=\"premium-table-text\">Veermik <\/span><\/td>\n<td class=\"premium-table-cell\"><\/td>\n<\/tr>\n<tr class=\"premium-table-row\">\n<td class=\"premium-table-cell\"><span class=\"premium-table-text\">Veoskeem <\/span><\/td>\n<td class=\"premium-table-cell\"><span class=\"premium-table-text\">2WD <\/span><\/td>\n<\/tr>\n<\/tbody>\n<\/table>\n<\/div>\n<p>Kauaoodatud <strong>CFORCE 110 laste ATV<\/strong> annab v\u00f5imaluse ka noortel motospordi harrastajatele tunda ennast t\u00f5eliste v\u00f5idus\u00f5itjatena. <strong>UUS<\/strong> laste ATV mudel on loodud turvalistust silmas pidades, et vanemad saaksid lasta oma lastel turvaliselt l\u00f5butseda. Lisavarustusena pakutava CFMOTO Youth mobiilirakendusega on vanematel v\u00f5imalik seada ATV\u2019le kiirusepiirang ning samuti piirata seda, kui kaugele laps s\u00f5ita saab. Kui kauguse piiramine on sisse l\u00fclitatud ning laps s\u00f5idab seadistatud alast v\u00e4lja, on v\u00f5imalik j\u00e4lgida ATV asukohta mobiilirakenduses ning ATV kaotab aeglaselt j\u00f5udu, andes teada lapsele, et on vanematest liiga kaugele liikunud. Kaugjuhitava j\u00e4lgimisseadme paigaldamine maksab 159\u20ac. ATV\u2019le on paigaldatud <em>kill switch<\/em>, mis l\u00fclitab ATV v\u00e4lja juhul, kui juht peaks ATV seljast maha kukkuma.<\/p>\n<p>H\u00fcdraulilised ketaspidurid tagavad hea pidurdusv\u00f5ime ning turvalise s\u00f5iduelamuse. Kombineeritud pidurite s\u00fcsteem v\u00f5imaldab sujuvat pidurdamist ning l\u00fchikest pidurdamisdistantsi.\u00a0 Pidureid on v\u00f5imalik ka eraldi vastavalt vajadusele kasutada.\u00a0Kvaliteetsed maastikurehvid tagavad hea pidamise erinevatel pinnastel. ATV ei j\u00e4\u00e4 h\u00e4tta mistahes raskes olukorras.<\/p>\n<p>CFORCE 110 laste ATV\u2019d viib edasi 1 silindriline bensiinimootor, mis on sobilik rahulikuks s\u00f5itmiseks ning ka v\u00f5istlusspordiks. Mootoril on olemas elektrooniline starter. EFI, ehk elektriline k\u00fctuse sissepritse s\u00fcsteem muudab ATV v\u00e4ga k\u00fctuses\u00e4\u00e4stlikuks ning v\u00e4hem saastavaks. T\u00e4nu EFI s\u00fcsteemile t\u00f6\u00f6tab ATV ka talvel kergemalt ning ei pea muretsema selle p\u00e4rast, kas ATV k\u00e4ima l\u00e4heb. CFORCE 110 on tagaveoline ning varustatud lastele kasutamiseks lihtsaks tehtud k\u00e4igukastiga, millel on 3 k\u00e4iku ( F, N, R ). K\u00fctusepaak mahutab 6.7 liitrit k\u00fctust, mis v\u00f5imaldab lapsel s\u00f5idur\u00f5\u00f5me nautida ka pikematel s\u00f5itudel. Tippkiirus on piiratud 45 km\/h, kuid lapsevanemal on v\u00f5imalik mobiilist piirkiirust piirata vahemikus 1-45 km\/h (lisavarustus). Sellisel viisil kiiruse piiramine on kasulik, kui ATV\u2019l on mitu kasutajat, kes on erineva oskustasemega.<\/p>\n<p>685 mm k\u00f5rgune iste ning ATV suurus on disainitud arvestades keskmise 10 aastase lapse kehaproportsioone. ATV on suuruse poolest sobilik 7-10 aastastele lastele. CFMOTO CF100 mudel kaalub k\u00f5igest 130 kg, mis teeb selle juhtimise kergeks.<\/p>\n<p>3.5 tolline ekraan pakub juhile head \u00fclevaadet ATV kohta. Ekraanilt on v\u00f5imalik n\u00e4ha kiirust, l\u00e4bis\u00f5itu, p\u00f6\u00f6rdeid, k\u00fctuse taset ning samuti teateid juhul, kui juht s\u00f5idab v\u00e4lja vanemate poolt seatud turvaalast.<\/p>","protected":false},"excerpt":{"rendered":"<p><strong>Mootor<\/strong> : \u00dchesilindriline, nelja taktiline<br \/>\n<strong>T\u00f6\u00f6maht<\/strong> :110 cc<br \/>\n<strong>Garantii<\/strong> : Tehase garantii 3 aastat<\/p>","protected":false},"featured_media":3753,"template":"","meta":[],"product_cat":[48],"product_tag":[],"class_list":{"0":"post-3462","1":"product","2":"type-product","3":"status-publish","4":"has-post-thumbnail","6":"product_cat-laste-atv","8":"first","9":"instock","10":"taxable","11":"shipping-taxable","12":"purchasable","13":"product-type-variable","14":"has-default-attributes"},"yoast_head":"<!-- This site is optimized with the Yoast SEO plugin v23.9 - https:\/\/yoast.com\/wordpress\/plugins\/seo\/ -->\n<title>Laste ATV CFORCE 110 | CFMoto Sirtaki<\/title>\n<meta name=\"robots\" content=\"index, follow, max-snippet:-1, max-image-preview:large, max-video-preview:-1\" \/>\n<link rel=\"canonical\" href=\"https:\/\/moto.sirtaki.ee\/ru\/product\/laste-atv-cforce-110\/\" \/>\n<meta property=\"og:locale\" content=\"ru_RU\" \/>\n<meta property=\"og:type\" content=\"article\" \/>\n<meta property=\"og:title\" content=\"Laste ATV CFORCE 110 | CFMoto Sirtaki\" \/>\n<meta property=\"og:description\" content=\"Mootor : \u00dchesilindriline, nelja taktiline T\u00f6\u00f6maht :110 cc Garantii : Tehase garantii 3 aastat\" \/>\n<meta property=\"og:url\" content=\"https:\/\/moto.sirtaki.ee\/ru\/product\/laste-atv-cforce-110\/\" \/>\n<meta property=\"og:site_name\" content=\"CFMoto Sirtaki\" \/>\n<meta property=\"article:modified_time\" content=\"2024-12-10T11:29:57+00:00\" \/>\n<meta property=\"og:image\" content=\"https:\/\/moto.sirtaki.ee\/wp-content\/uploads\/2024\/10\/CF110_LASTE.jpg\" \/>\n\t<meta property=\"og:image:width\" content=\"1875\" \/>\n\t<meta property=\"og:image:height\" content=\"1875\" \/>\n\t<meta property=\"og:image:type\" content=\"image\/jpeg\" \/>\n<meta name=\"twitter:card\" content=\"summary_large_image\" \/>\n<script type=\"application\/ld+json\" class=\"yoast-schema-graph\">{\"@context\":\"https:\/\/schema.org\",\"@graph\":[{\"@type\":\"WebPage\",\"@id\":\"https:\/\/moto.sirtaki.ee\/product\/laste-atv-cforce-110\/\",\"url\":\"https:\/\/moto.sirtaki.ee\/product\/laste-atv-cforce-110\/\",\"name\":\"Laste ATV CFORCE 110 | CFMoto Sirtaki\",\"isPartOf\":{\"@id\":\"https:\/\/moto.sirtaki.ee\/#website\"},\"primaryImageOfPage\":{\"@id\":\"https:\/\/moto.sirtaki.ee\/product\/laste-atv-cforce-110\/#primaryimage\"},\"image\":{\"@id\":\"https:\/\/moto.sirtaki.ee\/product\/laste-atv-cforce-110\/#primaryimage\"},\"thumbnailUrl\":\"https:\/\/moto.sirtaki.ee\/wp-content\/uploads\/2024\/10\/CF110_LASTE.jpg\",\"datePublished\":\"2024-10-31T06:11:25+00:00\",\"dateModified\":\"2024-12-10T11:29:57+00:00\",\"breadcrumb\":{\"@id\":\"https:\/\/moto.sirtaki.ee\/product\/laste-atv-cforce-110\/#breadcrumb\"},\"inLanguage\":\"ru-RU\",\"potentialAction\":[{\"@type\":\"ReadAction\",\"target\":[\"https:\/\/moto.sirtaki.ee\/product\/laste-atv-cforce-110\/\"]}]},{\"@type\":\"ImageObject\",\"inLanguage\":\"ru-RU\",\"@id\":\"https:\/\/moto.sirtaki.ee\/product\/laste-atv-cforce-110\/#primaryimage\",\"url\":\"https:\/\/moto.sirtaki.ee\/wp-content\/uploads\/2024\/10\/CF110_LASTE.jpg\",\"contentUrl\":\"https:\/\/moto.sirtaki.ee\/wp-content\/uploads\/2024\/10\/CF110_LASTE.jpg\",\"width\":1875,\"height\":1875},{\"@type\":\"BreadcrumbList\",\"@id\":\"https:\/\/moto.sirtaki.ee\/product\/laste-atv-cforce-110\/#breadcrumb\",\"itemListElement\":[{\"@type\":\"ListItem\",\"position\":1,\"name\":\"Home\",\"item\":\"https:\/\/moto.sirtaki.ee\/\"},{\"@type\":\"ListItem\",\"position\":2,\"name\":\"Shop\",\"item\":\"https:\/\/moto.sirtaki.ee\/shop\/\"},{\"@type\":\"ListItem\",\"position\":3,\"name\":\"Laste ATV CFORCE 110\"}]},{\"@type\":\"WebSite\",\"@id\":\"https:\/\/moto.sirtaki.ee\/#website\",\"url\":\"https:\/\/moto.sirtaki.ee\/\",\"name\":\"CFMoto Sirtaki\",\"description\":\"\",\"potentialAction\":[{\"@type\":\"SearchAction\",\"target\":{\"@type\":\"EntryPoint\",\"urlTemplate\":\"https:\/\/moto.sirtaki.ee\/?s={search_term_string}\"},\"query-input\":{\"@type\":\"PropertyValueSpecification\",\"valueRequired\":true,\"valueName\":\"search_term_string\"}}],\"inLanguage\":\"ru-RU\"}]}<\/script>\n<!-- \/ Yoast SEO plugin. -->","yoast_head_json":{"title":"Laste ATV CFORCE 110 | CFMoto Sirtaki","robots":{"index":"index","follow":"follow","max-snippet":"max-snippet:-1","max-image-preview":"max-image-preview:large","max-video-preview":"max-video-preview:-1"},"canonical":"https:\/\/moto.sirtaki.ee\/ru\/product\/laste-atv-cforce-110\/","og_locale":"ru_RU","og_type":"article","og_title":"Laste ATV CFORCE 110 | CFMoto Sirtaki","og_description":"Mootor : \u00dchesilindriline, nelja taktiline T\u00f6\u00f6maht :110 cc Garantii : Tehase garantii 3 aastat","og_url":"https:\/\/moto.sirtaki.ee\/ru\/product\/laste-atv-cforce-110\/","og_site_name":"CFMoto Sirtaki","article_modified_time":"2024-12-10T11:29:57+00:00","og_image":[{"width":1875,"height":1875,"url":"https:\/\/moto.sirtaki.ee\/wp-content\/uploads\/2024\/10\/CF110_LASTE.jpg","type":"image\/jpeg"}],"twitter_card":"summary_large_image","schema":{"@context":"https:\/\/schema.org","@graph":[{"@type":"WebPage","@id":"https:\/\/moto.sirtaki.ee\/product\/laste-atv-cforce-110\/","url":"https:\/\/moto.sirtaki.ee\/product\/laste-atv-cforce-110\/","name":"Laste ATV CFORCE 110 | CFMoto Sirtaki","isPartOf":{"@id":"https:\/\/moto.sirtaki.ee\/#website"},"primaryImageOfPage":{"@id":"https:\/\/moto.sirtaki.ee\/product\/laste-atv-cforce-110\/#primaryimage"},"image":{"@id":"https:\/\/moto.sirtaki.ee\/product\/laste-atv-cforce-110\/#primaryimage"},"thumbnailUrl":"https:\/\/moto.sirtaki.ee\/wp-content\/uploads\/2024\/10\/CF110_LASTE.jpg","datePublished":"2024-10-31T06:11:25+00:00","dateModified":"2024-12-10T11:29:57+00:00","breadcrumb":{"@id":"https:\/\/moto.sirtaki.ee\/product\/laste-atv-cforce-110\/#breadcrumb"},"inLanguage":"ru-RU","potentialAction":[{"@type":"ReadAction","target":["https:\/\/moto.sirtaki.ee\/product\/laste-atv-cforce-110\/"]}]},{"@type":"ImageObject","inLanguage":"ru-RU","@id":"https:\/\/moto.sirtaki.ee\/product\/laste-atv-cforce-110\/#primaryimage","url":"https:\/\/moto.sirtaki.ee\/wp-content\/uploads\/2024\/10\/CF110_LASTE.jpg","contentUrl":"https:\/\/moto.sirtaki.ee\/wp-content\/uploads\/2024\/10\/CF110_LASTE.jpg","width":1875,"height":1875},{"@type":"BreadcrumbList","@id":"https:\/\/moto.sirtaki.ee\/product\/laste-atv-cforce-110\/#breadcrumb","itemListElement":[{"@type":"ListItem","position":1,"name":"Home","item":"https:\/\/moto.sirtaki.ee\/"},{"@type":"ListItem","position":2,"name":"Shop","item":"https:\/\/moto.sirtaki.ee\/shop\/"},{"@type":"ListItem","position":3,"name":"Laste ATV CFORCE 110"}]},{"@type":"WebSite","@id":"https:\/\/moto.sirtaki.ee\/#website","url":"https:\/\/moto.sirtaki.ee\/","name":"CFMoto Sirtaki","description":"","potentialAction":[{"@type":"SearchAction","target":{"@type":"EntryPoint","urlTemplate":"https:\/\/moto.sirtaki.ee\/?s={search_term_string}"},"query-input":{"@type":"PropertyValueSpecification","valueRequired":true,"valueName":"search_term_string"}}],"inLanguage":"ru-RU"}]}},"_links":{"self":[{"href":"https:\/\/moto.sirtaki.ee\/ru\/wp-json\/wp\/v2\/product\/3462"}],"collection":[{"href":"https:\/\/moto.sirtaki.ee\/ru\/wp-json\/wp\/v2\/product"}],"about":[{"href":"https:\/\/moto.sirtaki.ee\/ru\/wp-json\/wp\/v2\/types\/product"}],"wp:featuredmedia":[{"embeddable":true,"href":"https:\/\/moto.sirtaki.ee\/ru\/wp-json\/wp\/v2\/media\/3753"}],"wp:attachment":[{"href":"https:\/\/moto.sirtaki.ee\/ru\/wp-json\/wp\/v2\/media?parent=3462"}],"wp:term":[{"taxonomy":"product_cat","embeddable":true,"href":"https:\/\/moto.sirtaki.ee\/ru\/wp-json\/wp\/v2\/product_cat?post=3462"},{"taxonomy":"product_tag","embeddable":true,"href":"https:\/\/moto.sirtaki.ee\/ru\/wp-json\/wp\/v2\/product_tag?post=3462"}],"curies":[{"name":"wp","href":"https:\/\/api.w.org\/{rel}","templated":true}]}}