{"id":3468,"date":"2024-10-31T09:17:09","date_gmt":"2024-10-31T06:17:09","guid":{"rendered":"https:\/\/moto.sirtaki.ee\/?post_type=product&#038;p=3468"},"modified":"2024-12-10T14:28:32","modified_gmt":"2024-12-10T11:28:32","slug":"laste-elektrikrossikas-cx-2e","status":"publish","type":"product","link":"https:\/\/moto.sirtaki.ee\/ru\/product\/laste-elektrikrossikas-cx-2e\/","title":{"rendered":"Laste Elektrikrossikas CX-2E"},"content":{"rendered":"<h3 class=\"elementor-heading-title elementor-size-default\">Mootorratta CFMOTO CX-2E tehnilised andmed<\/h3>\n<div class=\"premium-table-wrap premium-table-responsive\">\n<table class=\"premium-table\" data-settings=\"{&quot;sort&quot;:false,&quot;usNumbers&quot;:false,&quot;sortMob&quot;:false,&quot;search&quot;:false,&quot;records&quot;:false,&quot;dataType&quot;:&quot;csv&quot;,&quot;csvFile&quot;:&quot;https:\\\/\\\/docs.google.com\\\/spreadsheets\\\/d\\\/e\\\/2PACX-1vSeGATeNFgsitgeVKTSSoZm7Ol85sYJluR0F5pykyc_i8K0B0AUiFhue3dVIUkDU1ZYczEku3yqwdO8\\\/pub?gid=112063419&amp;single=true&amp;output=csv&quot;,&quot;firstRow&quot;:&quot;head&quot;,&quot;separator&quot;:&quot;,&quot;,&quot;pagination&quot;:&quot;&quot;,&quot;rows&quot;:0,&quot;id&quot;:&quot;18496cb&quot;,&quot;reload&quot;:&quot;day&quot;}\">\n<thead class=\"premium-table-head\">\n<tr class=\"premium-table-row\">\n<th class=\"premium-table-cell\"><span class=\"premium-table-text\">Mootorratta mudel<\/span><\/th>\n<th class=\"premium-table-cell\"><span class=\"premium-table-text\">CX-2E<\/span><\/th>\n<th class=\"premium-table-cell\"><span class=\"premium-table-text\">CX-5E<\/span><\/th>\n<\/tr>\n<\/thead>\n<tbody>\n<tr class=\"premium-table-row\">\n<td class=\"premium-table-cell\"><span class=\"premium-table-text\">\u00dcldine<\/span><\/td>\n<td class=\"premium-table-cell\"><\/td>\n<td class=\"premium-table-cell\"><\/td>\n<\/tr>\n<tr class=\"premium-table-row\">\n<td class=\"premium-table-cell\"><span class=\"premium-table-text\">Pikkus x Laius x K\u00f5rgus ( mm ) <\/span><\/td>\n<td class=\"premium-table-cell\"><span class=\"premium-table-text\">1330 x 610 x 789 mm <\/span><\/td>\n<td class=\"premium-table-cell\"><span class=\"premium-table-text\">1555 x 665 x 958 mm <\/span><\/td>\n<\/tr>\n<tr class=\"premium-table-row\">\n<td class=\"premium-table-cell\"><span class=\"premium-table-text\">Teljevahe ( mm ) <\/span><\/td>\n<td class=\"premium-table-cell\"><span class=\"premium-table-text\">952 mm <\/span><\/td>\n<td class=\"premium-table-cell\"><span class=\"premium-table-text\">1066 mm <\/span><\/td>\n<\/tr>\n<tr class=\"premium-table-row\">\n<td class=\"premium-table-cell\"><span class=\"premium-table-text\">Istme k\u00f5rgus ( mm ) <\/span><\/td>\n<td class=\"premium-table-cell\"><span class=\"premium-table-text\">550 mm <\/span><\/td>\n<td class=\"premium-table-cell\"><span class=\"premium-table-text\">678 mm <\/span><\/td>\n<\/tr>\n<tr class=\"premium-table-row\">\n<td class=\"premium-table-cell\"><span class=\"premium-table-text\">Kliirens ( mm ) <\/span><\/td>\n<td class=\"premium-table-cell\"><span class=\"premium-table-text\">160 mm <\/span><\/td>\n<td class=\"premium-table-cell\"><span class=\"premium-table-text\">160 mm <\/span><\/td>\n<\/tr>\n<tr class=\"premium-table-row\">\n<td class=\"premium-table-cell\"><span class=\"premium-table-text\">Kaal ( kg ) <\/span><\/td>\n<td class=\"premium-table-cell\"><span class=\"premium-table-text\">49 kg <\/span><\/td>\n<td class=\"premium-table-cell\"><span class=\"premium-table-text\">56 kg <\/span><\/td>\n<\/tr>\n<tr class=\"premium-table-row\">\n<td class=\"premium-table-cell\"><span class=\"premium-table-text\">Aku mahutavus <\/span><\/td>\n<td class=\"premium-table-cell\"><span class=\"premium-table-text\">48V 24Ah<\/span><\/td>\n<td class=\"premium-table-cell\"><span class=\"premium-table-text\">48V 24Ah<\/span><\/td>\n<\/tr>\n<tr class=\"premium-table-row\">\n<td class=\"premium-table-cell\"><span class=\"premium-table-text\">Max. kiirus<\/span><\/td>\n<td class=\"premium-table-cell\"><span class=\"premium-table-text\">36 km\/h <\/span><\/td>\n<td class=\"premium-table-cell\"><span class=\"premium-table-text\">46 km\/h<\/span><\/td>\n<\/tr>\n<tr class=\"premium-table-row\">\n<td class=\"premium-table-cell\"><span class=\"premium-table-text\">Mootor<\/span><\/td>\n<td class=\"premium-table-cell\"><\/td>\n<td class=\"premium-table-cell\"><\/td>\n<\/tr>\n<tr class=\"premium-table-row\">\n<td class=\"premium-table-cell\"><span class=\"premium-table-text\">Mootori t\u00fc\u00fcp<\/span><\/td>\n<td class=\"premium-table-cell\"><span class=\"premium-table-text\">Elektrimootor<\/span><\/td>\n<td class=\"premium-table-cell\"><span class=\"premium-table-text\">Elektrimootor<\/span><\/td>\n<\/tr>\n<tr class=\"premium-table-row\">\n<td class=\"premium-table-cell\"><span class=\"premium-table-text\">V\u00f5imsus<\/span><\/td>\n<td class=\"premium-table-cell\"><span class=\"premium-table-text\">650W <\/span><\/td>\n<td class=\"premium-table-cell\"><span class=\"premium-table-text\">1000W <\/span><\/td>\n<\/tr>\n<tr class=\"premium-table-row\">\n<td class=\"premium-table-cell\"><span class=\"premium-table-text\">Veermik<\/span><\/td>\n<td class=\"premium-table-cell\"><\/td>\n<td class=\"premium-table-cell\"><\/td>\n<\/tr>\n<tr class=\"premium-table-row\">\n<td class=\"premium-table-cell\"><span class=\"premium-table-text\">Pidurid ees<\/span><\/td>\n<td class=\"premium-table-cell\"><span class=\"premium-table-text\">H\u00fcdraulilised ketaspidurid<\/span><\/td>\n<td class=\"premium-table-cell\"><span class=\"premium-table-text\">H\u00fcdraulilised ketaspidurid<\/span><\/td>\n<\/tr>\n<tr class=\"premium-table-row\">\n<td class=\"premium-table-cell\"><span class=\"premium-table-text\">Pidurid taga<\/span><\/td>\n<td class=\"premium-table-cell\"><span class=\"premium-table-text\">H\u00fcdraulilised ketaspidurid<\/span><\/td>\n<td class=\"premium-table-cell\"><span class=\"premium-table-text\">H\u00fcdraulilised ketaspidurid<\/span><\/td>\n<\/tr>\n<tr class=\"premium-table-row\">\n<td class=\"premium-table-cell\"><span class=\"premium-table-text\">Amortisaatorid ees<\/span><\/td>\n<td class=\"premium-table-cell\"><span class=\"premium-table-text\">Teleskoophark &#8211; 72mm t\u00f6\u00f6k\u00e4ik<\/span><\/td>\n<td class=\"premium-table-cell\"><span class=\"premium-table-text\">Teleskoophark &#8211; 105mm t\u00f6\u00f6k\u00e4ik<\/span><\/td>\n<\/tr>\n<tr class=\"premium-table-row\">\n<td class=\"premium-table-cell\"><span class=\"premium-table-text\">Amortisaatorid taga<\/span><\/td>\n<td class=\"premium-table-cell\"><span class=\"premium-table-text\">Mono &#8211; 65 mm t\u00f6\u00f6k\u00e4ik &#8211; reguleeritav eelpinge<\/span><\/td>\n<td class=\"premium-table-cell\"><span class=\"premium-table-text\">Mono &#8211; 100 mm t\u00f6\u00f6k\u00e4ik &#8211; reguleeritav eelpinge<\/span><\/td>\n<\/tr>\n<tr class=\"premium-table-row\">\n<td class=\"premium-table-cell\"><span class=\"premium-table-text\">Veljed<\/span><\/td>\n<td class=\"premium-table-cell\"><\/td>\n<td class=\"premium-table-cell\"><\/td>\n<\/tr>\n<tr class=\"premium-table-row\">\n<td class=\"premium-table-cell\"><span class=\"premium-table-text\">Veljed<\/span><\/td>\n<td class=\"premium-table-cell\"><span class=\"premium-table-text\">Kodarveljed<\/span><\/td>\n<td class=\"premium-table-cell\"><span class=\"premium-table-text\">Kodarveljed<\/span><\/td>\n<\/tr>\n<tr class=\"premium-table-row\">\n<td class=\"premium-table-cell\"><span class=\"premium-table-text\">Rehvid<\/span><\/td>\n<td class=\"premium-table-cell\"><\/td>\n<td class=\"premium-table-cell\"><\/td>\n<\/tr>\n<tr class=\"premium-table-row\">\n<td class=\"premium-table-cell\"><span class=\"premium-table-text\">Ees<\/span><\/td>\n<td class=\"premium-table-cell\"><span class=\"premium-table-text\">2.50 R10<\/span><\/td>\n<td class=\"premium-table-cell\"><span class=\"premium-table-text\">70 \/ 100 R14<\/span><\/td>\n<\/tr>\n<tr class=\"premium-table-row\">\n<td class=\"premium-table-cell\"><span class=\"premium-table-text\">Taga<\/span><\/td>\n<td class=\"premium-table-cell\"><span class=\"premium-table-text\">2.50 R10<\/span><\/td>\n<td class=\"premium-table-cell\"><span class=\"premium-table-text\">80 \/ 100 R12<\/span><\/td>\n<\/tr>\n<tr class=\"premium-table-row\">\n<td class=\"premium-table-cell\"><span class=\"premium-table-text\">Muu<\/span><\/td>\n<td class=\"premium-table-cell\"><\/td>\n<td class=\"premium-table-cell\"><\/td>\n<\/tr>\n<tr class=\"premium-table-row\">\n<td class=\"premium-table-cell\"><span class=\"premium-table-text\">Ekraan<\/span><\/td>\n<td class=\"premium-table-cell\"><span class=\"premium-table-text\">LCD<\/span><\/td>\n<td class=\"premium-table-cell\"><span class=\"premium-table-text\">LCD<\/span><\/td>\n<\/tr>\n<\/tbody>\n<\/table>\n<\/div>\n<p>CX-2E elektrikrossikas on uus ning k\u00f5neainet valmistav laste mootorratas, mis on lisandunud 2024 aastal CFMOTO mudelivalikusse. Eelmisel aastal CFMOTO ridadesse lisandunud EV110 elektri ATV t\u00f5estas, et huvi laste elektris\u00f5idukite vastu on suur ning seet\u00f5ttu on n\u00fc\u00fcd v\u00f5imalik valida oma lapsele ka elektrikrossikas. CX sari koosneb kahest krossikast: CX-2E ning CX-5E, mis erinevad \u00fcksteisest p\u00f5hiliselt suuruse ning v\u00f5imsuse poolest.<\/p>\n<p>CX-2E on ideaalne valik lapsele, kes soovib alustada oma motospordi teekonda juba noorelt. CX sarja elektrikrossikad on disainitud ning valmistatud kasutades suurte v\u00f5istluskrossikate disainielemente silmas pidades, et ka laps saaks ennast tunda nagu motokrossi superstaar. Sarnaselt k\u00f5ikide CFMOTO s\u00f5idukitega v\u00f5ib ka selle krossika disainist ja ehituskvaliteedist oodata vaid head. Aastate pikkune mootors\u00f5idukite valmistamise kogemus ning kasutajate tagasiside kuulda v\u00f5tmine on olnud v\u00f5tmeks kvaliteetsete s\u00f5idukite tootmisele.<\/p>\n<p>Elektrimootoril on mitmeid eeliseid sisep\u00f5lemismootoriga s\u00f5idukite ees. \u00dcheks suurimaks plussiks v\u00f5ib kindlasti lugeda vaikust \u2013 nimelt ei kaasne elektris\u00f5idukitega mootorim\u00fcra, mis v\u00f5imaldab s\u00f5itmist ka tihedamalt asustatud piirkondades ilma, et naabreid h\u00e4iriks. Samuti on mootoril palju v\u00e4hem kuluosi, mida tihedalt vahetama peaks \u2013 n\u00e4iteks k\u00fctusefilter, \u00f5lifilter jms. CX-2E on varustatud 650W elektrimootoriga, mis suudab saavutada tippkiiruse 36 km\/h. Krossikaga v\u00f5ib julgelt s\u00f5itma lasta ka v\u00e4hem kogenud juhte, sest v\u00f5imalik on valida mitme kiiruse re\u017eiimi vahel. Aeglasema re\u017eiimi valimisel on tippkiirus piiratud ning ei pea muret tundma, et laps endale liiga teeks. Nimelt on rattal 3 re\u017eiimi \u2013 16 km\/h, 26 km\/h ning 36 km\/h piirkiirusega. Ratta kaaluks on k\u00f5igest 49kg, mist\u00f5ttu on see \u00fclimalt h\u00e4sti juhitav nii maastikul, kui ka asfaldil s\u00f5ites.<\/p>\n<p>Nagu \u00fchele korralikule maastikus\u00f5idukile omane, on ka CX-2E varustatud kvaliteetse vedrustusega, mis teeb s\u00f5idu mugavaks ning aitab kaasa ka heale juhitavusele. Nimelt on rattal ees teleskoopiline hark, mille t\u00f6\u00f6k\u00e4ik on 72mm. Tagumise ratta kohalt leiab reguleeritava eelsurvega ning 65mm t\u00f6\u00f6k\u00e4iguga vedrustuse. Samuti v\u00f5ib ratta varustuse hulgast leida kvaliteetsed maastikurehvid ning ketaspidurid, t\u00e4nu millele on peatumisdistants l\u00fchike ning turvaline.<\/p>","protected":false},"excerpt":{"rendered":"<div class=\"elementor-element elementor-element-62005e4 elementor-widget elementor-widget-text-editor\" data-id=\"62005e4\" data-element_type=\"widget\" data-widget_type=\"text-editor.default\">\n<div class=\"elementor-widget-container\">\n<p><strong>Mootor<\/strong>: 650W elektrimootor<br \/>\n<b>Tippkiirus:\u00a0<\/b>36 km \/ h<br \/>\n<strong>K\u00e4igukast<\/strong>: 3 k\u00e4iku\u00a0 ( 16 km\/h \u2013 26 km\/h \u2013 36 km\/h )<br \/>\n<strong>Vedrustus<\/strong>: Ees teleskoopiline hark 72mm t\u00f6\u00f6k\u00e4ik, Taga reguleeritav eelpinge, 65mm t\u00f6\u00f6k\u00e4ik<br \/>\n<strong>Pidurid: <\/strong>H\u00fcdraulilised ketaspidurid<br \/>\n<strong>Rehvid<\/strong>: 2.5 x R10<br \/>\n<b>Ekraan: <\/b>LCD ekraan<br \/>\n<b>Aku: <\/b>48V 24Ah<br \/>\n<b>S\u00f5iduulatus \u00fche laadimisega: <\/b>Umbes 30 km<br \/>\n<strong>V\u00e4rvid<\/strong>\u00a0: Sinine<\/p>\n<\/div>\n<\/div>","protected":false},"featured_media":3754,"template":"","meta":[],"product_cat":[69],"product_tag":[],"class_list":{"0":"post-3468","1":"product","2":"type-product","3":"status-publish","4":"has-post-thumbnail","6":"product_cat-laste-elektrikrossikate","8":"first","9":"instock","10":"taxable","11":"shipping-taxable","12":"purchasable","13":"product-type-variable","14":"has-default-attributes"},"yoast_head":"<!-- This site is optimized with the Yoast SEO plugin v23.9 - https:\/\/yoast.com\/wordpress\/plugins\/seo\/ -->\n<title>Laste Elektrikrossikas CX-2E | CFMoto Sirtaki<\/title>\n<meta name=\"robots\" content=\"index, follow, max-snippet:-1, max-image-preview:large, max-video-preview:-1\" \/>\n<link rel=\"canonical\" href=\"https:\/\/moto.sirtaki.ee\/ru\/product\/laste-elektrikrossikas-cx-2e\/\" \/>\n<meta property=\"og:locale\" content=\"ru_RU\" \/>\n<meta property=\"og:type\" content=\"article\" \/>\n<meta property=\"og:title\" content=\"Laste Elektrikrossikas CX-2E | CFMoto Sirtaki\" \/>\n<meta property=\"og:description\" content=\"Mootor: 650W elektrimootor Tippkiirus:\u00a036 km \/ h K\u00e4igukast: 3 k\u00e4iku\u00a0 ( 16 km\/h \u2013 26 km\/h \u2013 36 km\/h ) Vedrustus: Ees teleskoopiline hark 72mm t\u00f6\u00f6k\u00e4ik, Taga reguleeritav eelpinge, 65mm t\u00f6\u00f6k\u00e4ik Pidurid: H\u00fcdraulilised ketaspidurid Rehvid: 2.5 x R10 Ekraan: LCD ekraan Aku: 48V 24Ah S\u00f5iduulatus \u00fche laadimisega: Umbes 30 km V\u00e4rvid\u00a0: Sinine\" \/>\n<meta property=\"og:url\" content=\"https:\/\/moto.sirtaki.ee\/ru\/product\/laste-elektrikrossikas-cx-2e\/\" \/>\n<meta property=\"og:site_name\" content=\"CFMoto Sirtaki\" \/>\n<meta property=\"article:modified_time\" content=\"2024-12-10T11:28:32+00:00\" \/>\n<meta property=\"og:image\" content=\"https:\/\/moto.sirtaki.ee\/wp-content\/uploads\/2024\/10\/CFORCE_CX2E_LASTE.jpg\" \/>\n\t<meta property=\"og:image:width\" content=\"1875\" \/>\n\t<meta property=\"og:image:height\" content=\"1875\" \/>\n\t<meta property=\"og:image:type\" content=\"image\/jpeg\" \/>\n<meta name=\"twitter:card\" content=\"summary_large_image\" \/>\n<script type=\"application\/ld+json\" class=\"yoast-schema-graph\">{\"@context\":\"https:\/\/schema.org\",\"@graph\":[{\"@type\":\"WebPage\",\"@id\":\"https:\/\/moto.sirtaki.ee\/product\/laste-elektrikrossikas-cx-2e\/\",\"url\":\"https:\/\/moto.sirtaki.ee\/product\/laste-elektrikrossikas-cx-2e\/\",\"name\":\"Laste Elektrikrossikas CX-2E | CFMoto Sirtaki\",\"isPartOf\":{\"@id\":\"https:\/\/moto.sirtaki.ee\/#website\"},\"primaryImageOfPage\":{\"@id\":\"https:\/\/moto.sirtaki.ee\/product\/laste-elektrikrossikas-cx-2e\/#primaryimage\"},\"image\":{\"@id\":\"https:\/\/moto.sirtaki.ee\/product\/laste-elektrikrossikas-cx-2e\/#primaryimage\"},\"thumbnailUrl\":\"https:\/\/moto.sirtaki.ee\/wp-content\/uploads\/2024\/10\/CFORCE_CX2E_LASTE.jpg\",\"datePublished\":\"2024-10-31T06:17:09+00:00\",\"dateModified\":\"2024-12-10T11:28:32+00:00\",\"breadcrumb\":{\"@id\":\"https:\/\/moto.sirtaki.ee\/product\/laste-elektrikrossikas-cx-2e\/#breadcrumb\"},\"inLanguage\":\"ru-RU\",\"potentialAction\":[{\"@type\":\"ReadAction\",\"target\":[\"https:\/\/moto.sirtaki.ee\/product\/laste-elektrikrossikas-cx-2e\/\"]}]},{\"@type\":\"ImageObject\",\"inLanguage\":\"ru-RU\",\"@id\":\"https:\/\/moto.sirtaki.ee\/product\/laste-elektrikrossikas-cx-2e\/#primaryimage\",\"url\":\"https:\/\/moto.sirtaki.ee\/wp-content\/uploads\/2024\/10\/CFORCE_CX2E_LASTE.jpg\",\"contentUrl\":\"https:\/\/moto.sirtaki.ee\/wp-content\/uploads\/2024\/10\/CFORCE_CX2E_LASTE.jpg\",\"width\":1875,\"height\":1875},{\"@type\":\"BreadcrumbList\",\"@id\":\"https:\/\/moto.sirtaki.ee\/product\/laste-elektrikrossikas-cx-2e\/#breadcrumb\",\"itemListElement\":[{\"@type\":\"ListItem\",\"position\":1,\"name\":\"Home\",\"item\":\"https:\/\/moto.sirtaki.ee\/\"},{\"@type\":\"ListItem\",\"position\":2,\"name\":\"Shop\",\"item\":\"https:\/\/moto.sirtaki.ee\/shop\/\"},{\"@type\":\"ListItem\",\"position\":3,\"name\":\"Laste Elektrikrossikas CX-2E\"}]},{\"@type\":\"WebSite\",\"@id\":\"https:\/\/moto.sirtaki.ee\/#website\",\"url\":\"https:\/\/moto.sirtaki.ee\/\",\"name\":\"CFMoto Sirtaki\",\"description\":\"\",\"potentialAction\":[{\"@type\":\"SearchAction\",\"target\":{\"@type\":\"EntryPoint\",\"urlTemplate\":\"https:\/\/moto.sirtaki.ee\/?s={search_term_string}\"},\"query-input\":{\"@type\":\"PropertyValueSpecification\",\"valueRequired\":true,\"valueName\":\"search_term_string\"}}],\"inLanguage\":\"ru-RU\"}]}<\/script>\n<!-- \/ Yoast SEO plugin. -->","yoast_head_json":{"title":"Laste Elektrikrossikas CX-2E | CFMoto Sirtaki","robots":{"index":"index","follow":"follow","max-snippet":"max-snippet:-1","max-image-preview":"max-image-preview:large","max-video-preview":"max-video-preview:-1"},"canonical":"https:\/\/moto.sirtaki.ee\/ru\/product\/laste-elektrikrossikas-cx-2e\/","og_locale":"ru_RU","og_type":"article","og_title":"Laste Elektrikrossikas CX-2E | CFMoto Sirtaki","og_description":"Mootor: 650W elektrimootor Tippkiirus:\u00a036 km \/ h K\u00e4igukast: 3 k\u00e4iku\u00a0 ( 16 km\/h \u2013 26 km\/h \u2013 36 km\/h ) Vedrustus: Ees teleskoopiline hark 72mm t\u00f6\u00f6k\u00e4ik, Taga reguleeritav eelpinge, 65mm t\u00f6\u00f6k\u00e4ik Pidurid: H\u00fcdraulilised ketaspidurid Rehvid: 2.5 x R10 Ekraan: LCD ekraan Aku: 48V 24Ah S\u00f5iduulatus \u00fche laadimisega: Umbes 30 km V\u00e4rvid\u00a0: Sinine","og_url":"https:\/\/moto.sirtaki.ee\/ru\/product\/laste-elektrikrossikas-cx-2e\/","og_site_name":"CFMoto Sirtaki","article_modified_time":"2024-12-10T11:28:32+00:00","og_image":[{"width":1875,"height":1875,"url":"https:\/\/moto.sirtaki.ee\/wp-content\/uploads\/2024\/10\/CFORCE_CX2E_LASTE.jpg","type":"image\/jpeg"}],"twitter_card":"summary_large_image","schema":{"@context":"https:\/\/schema.org","@graph":[{"@type":"WebPage","@id":"https:\/\/moto.sirtaki.ee\/product\/laste-elektrikrossikas-cx-2e\/","url":"https:\/\/moto.sirtaki.ee\/product\/laste-elektrikrossikas-cx-2e\/","name":"Laste Elektrikrossikas CX-2E | CFMoto Sirtaki","isPartOf":{"@id":"https:\/\/moto.sirtaki.ee\/#website"},"primaryImageOfPage":{"@id":"https:\/\/moto.sirtaki.ee\/product\/laste-elektrikrossikas-cx-2e\/#primaryimage"},"image":{"@id":"https:\/\/moto.sirtaki.ee\/product\/laste-elektrikrossikas-cx-2e\/#primaryimage"},"thumbnailUrl":"https:\/\/moto.sirtaki.ee\/wp-content\/uploads\/2024\/10\/CFORCE_CX2E_LASTE.jpg","datePublished":"2024-10-31T06:17:09+00:00","dateModified":"2024-12-10T11:28:32+00:00","breadcrumb":{"@id":"https:\/\/moto.sirtaki.ee\/product\/laste-elektrikrossikas-cx-2e\/#breadcrumb"},"inLanguage":"ru-RU","potentialAction":[{"@type":"ReadAction","target":["https:\/\/moto.sirtaki.ee\/product\/laste-elektrikrossikas-cx-2e\/"]}]},{"@type":"ImageObject","inLanguage":"ru-RU","@id":"https:\/\/moto.sirtaki.ee\/product\/laste-elektrikrossikas-cx-2e\/#primaryimage","url":"https:\/\/moto.sirtaki.ee\/wp-content\/uploads\/2024\/10\/CFORCE_CX2E_LASTE.jpg","contentUrl":"https:\/\/moto.sirtaki.ee\/wp-content\/uploads\/2024\/10\/CFORCE_CX2E_LASTE.jpg","width":1875,"height":1875},{"@type":"BreadcrumbList","@id":"https:\/\/moto.sirtaki.ee\/product\/laste-elektrikrossikas-cx-2e\/#breadcrumb","itemListElement":[{"@type":"ListItem","position":1,"name":"Home","item":"https:\/\/moto.sirtaki.ee\/"},{"@type":"ListItem","position":2,"name":"Shop","item":"https:\/\/moto.sirtaki.ee\/shop\/"},{"@type":"ListItem","position":3,"name":"Laste Elektrikrossikas CX-2E"}]},{"@type":"WebSite","@id":"https:\/\/moto.sirtaki.ee\/#website","url":"https:\/\/moto.sirtaki.ee\/","name":"CFMoto Sirtaki","description":"","potentialAction":[{"@type":"SearchAction","target":{"@type":"EntryPoint","urlTemplate":"https:\/\/moto.sirtaki.ee\/?s={search_term_string}"},"query-input":{"@type":"PropertyValueSpecification","valueRequired":true,"valueName":"search_term_string"}}],"inLanguage":"ru-RU"}]}},"_links":{"self":[{"href":"https:\/\/moto.sirtaki.ee\/ru\/wp-json\/wp\/v2\/product\/3468"}],"collection":[{"href":"https:\/\/moto.sirtaki.ee\/ru\/wp-json\/wp\/v2\/product"}],"about":[{"href":"https:\/\/moto.sirtaki.ee\/ru\/wp-json\/wp\/v2\/types\/product"}],"wp:featuredmedia":[{"embeddable":true,"href":"https:\/\/moto.sirtaki.ee\/ru\/wp-json\/wp\/v2\/media\/3754"}],"wp:attachment":[{"href":"https:\/\/moto.sirtaki.ee\/ru\/wp-json\/wp\/v2\/media?parent=3468"}],"wp:term":[{"taxonomy":"product_cat","embeddable":true,"href":"https:\/\/moto.sirtaki.ee\/ru\/wp-json\/wp\/v2\/product_cat?post=3468"},{"taxonomy":"product_tag","embeddable":true,"href":"https:\/\/moto.sirtaki.ee\/ru\/wp-json\/wp\/v2\/product_tag?post=3468"}],"curies":[{"name":"wp","href":"https:\/\/api.w.org\/{rel}","templated":true}]}}