{"id":3470,"date":"2024-10-31T09:18:57","date_gmt":"2024-10-31T06:18:57","guid":{"rendered":"https:\/\/moto.sirtaki.ee\/?post_type=product&#038;p=3470"},"modified":"2024-12-10T14:28:28","modified_gmt":"2024-12-10T11:28:28","slug":"laste-elektrikrossikas-cx-5e","status":"publish","type":"product","link":"https:\/\/moto.sirtaki.ee\/ru\/product\/laste-elektrikrossikas-cx-5e\/","title":{"rendered":"Laste elektrikrossikas CX-5E"},"content":{"rendered":"<h3 class=\"elementor-heading-title elementor-size-default\">Mootorratta CFMOTO CX-5E tehnilised andmed<\/h3>\n<div class=\"premium-table-wrap premium-table-responsive\">\n<table class=\"premium-table\" data-settings=\"{&quot;sort&quot;:false,&quot;usNumbers&quot;:false,&quot;sortMob&quot;:false,&quot;search&quot;:false,&quot;records&quot;:false,&quot;dataType&quot;:&quot;csv&quot;,&quot;csvFile&quot;:&quot;https:\\\/\\\/docs.google.com\\\/spreadsheets\\\/d\\\/e\\\/2PACX-1vSeGATeNFgsitgeVKTSSoZm7Ol85sYJluR0F5pykyc_i8K0B0AUiFhue3dVIUkDU1ZYczEku3yqwdO8\\\/pub?gid=112063419&amp;single=true&amp;output=csv&quot;,&quot;firstRow&quot;:&quot;head&quot;,&quot;separator&quot;:&quot;,&quot;,&quot;pagination&quot;:&quot;&quot;,&quot;rows&quot;:0,&quot;id&quot;:&quot;18496cb&quot;,&quot;reload&quot;:&quot;day&quot;}\">\n<thead class=\"premium-table-head\">\n<tr class=\"premium-table-row\">\n<th class=\"premium-table-cell\"><span class=\"premium-table-text\">Mootorratta mudel<\/span><\/th>\n<th class=\"premium-table-cell\"><span class=\"premium-table-text\">CX-2E<\/span><\/th>\n<th class=\"premium-table-cell\"><span class=\"premium-table-text\">CX-5E<\/span><\/th>\n<\/tr>\n<\/thead>\n<tbody>\n<tr class=\"premium-table-row\">\n<td class=\"premium-table-cell\"><span class=\"premium-table-text\">\u00dcldine<\/span><\/td>\n<td class=\"premium-table-cell\"><\/td>\n<td class=\"premium-table-cell\"><\/td>\n<\/tr>\n<tr class=\"premium-table-row\">\n<td class=\"premium-table-cell\"><span class=\"premium-table-text\">Pikkus x Laius x K\u00f5rgus ( mm ) <\/span><\/td>\n<td class=\"premium-table-cell\"><span class=\"premium-table-text\">1330 x 610 x 789 mm <\/span><\/td>\n<td class=\"premium-table-cell\"><span class=\"premium-table-text\">1555 x 665 x 958 mm <\/span><\/td>\n<\/tr>\n<tr class=\"premium-table-row\">\n<td class=\"premium-table-cell\"><span class=\"premium-table-text\">Teljevahe ( mm ) <\/span><\/td>\n<td class=\"premium-table-cell\"><span class=\"premium-table-text\">952 mm <\/span><\/td>\n<td class=\"premium-table-cell\"><span class=\"premium-table-text\">1066 mm <\/span><\/td>\n<\/tr>\n<tr class=\"premium-table-row\">\n<td class=\"premium-table-cell\"><span class=\"premium-table-text\">Istme k\u00f5rgus ( mm ) <\/span><\/td>\n<td class=\"premium-table-cell\"><span class=\"premium-table-text\">550 mm <\/span><\/td>\n<td class=\"premium-table-cell\"><span class=\"premium-table-text\">678 mm <\/span><\/td>\n<\/tr>\n<tr class=\"premium-table-row\">\n<td class=\"premium-table-cell\"><span class=\"premium-table-text\">Kliirens ( mm ) <\/span><\/td>\n<td class=\"premium-table-cell\"><span class=\"premium-table-text\">160 mm <\/span><\/td>\n<td class=\"premium-table-cell\"><span class=\"premium-table-text\">160 mm <\/span><\/td>\n<\/tr>\n<tr class=\"premium-table-row\">\n<td class=\"premium-table-cell\"><span class=\"premium-table-text\">Kaal ( kg ) <\/span><\/td>\n<td class=\"premium-table-cell\"><span class=\"premium-table-text\">49 kg <\/span><\/td>\n<td class=\"premium-table-cell\"><span class=\"premium-table-text\">56 kg <\/span><\/td>\n<\/tr>\n<tr class=\"premium-table-row\">\n<td class=\"premium-table-cell\"><span class=\"premium-table-text\">Aku mahutavus <\/span><\/td>\n<td class=\"premium-table-cell\"><span class=\"premium-table-text\">48V 24Ah<\/span><\/td>\n<td class=\"premium-table-cell\"><span class=\"premium-table-text\">48V 24Ah<\/span><\/td>\n<\/tr>\n<tr class=\"premium-table-row\">\n<td class=\"premium-table-cell\"><span class=\"premium-table-text\">Max. kiirus<\/span><\/td>\n<td class=\"premium-table-cell\"><span class=\"premium-table-text\">36 km\/h <\/span><\/td>\n<td class=\"premium-table-cell\"><span class=\"premium-table-text\">46 km\/h<\/span><\/td>\n<\/tr>\n<tr class=\"premium-table-row\">\n<td class=\"premium-table-cell\"><span class=\"premium-table-text\">Mootor<\/span><\/td>\n<td class=\"premium-table-cell\"><\/td>\n<td class=\"premium-table-cell\"><\/td>\n<\/tr>\n<tr class=\"premium-table-row\">\n<td class=\"premium-table-cell\"><span class=\"premium-table-text\">Mootori t\u00fc\u00fcp<\/span><\/td>\n<td class=\"premium-table-cell\"><span class=\"premium-table-text\">Elektrimootor<\/span><\/td>\n<td class=\"premium-table-cell\"><span class=\"premium-table-text\">Elektrimootor<\/span><\/td>\n<\/tr>\n<tr class=\"premium-table-row\">\n<td class=\"premium-table-cell\"><span class=\"premium-table-text\">V\u00f5imsus<\/span><\/td>\n<td class=\"premium-table-cell\"><span class=\"premium-table-text\">650W <\/span><\/td>\n<td class=\"premium-table-cell\"><span class=\"premium-table-text\">1000W <\/span><\/td>\n<\/tr>\n<tr class=\"premium-table-row\">\n<td class=\"premium-table-cell\"><span class=\"premium-table-text\">Veermik<\/span><\/td>\n<td class=\"premium-table-cell\"><\/td>\n<td class=\"premium-table-cell\"><\/td>\n<\/tr>\n<tr class=\"premium-table-row\">\n<td class=\"premium-table-cell\"><span class=\"premium-table-text\">Pidurid ees<\/span><\/td>\n<td class=\"premium-table-cell\"><span class=\"premium-table-text\">H\u00fcdraulilised ketaspidurid<\/span><\/td>\n<td class=\"premium-table-cell\"><span class=\"premium-table-text\">H\u00fcdraulilised ketaspidurid<\/span><\/td>\n<\/tr>\n<tr class=\"premium-table-row\">\n<td class=\"premium-table-cell\"><span class=\"premium-table-text\">Pidurid taga<\/span><\/td>\n<td class=\"premium-table-cell\"><span class=\"premium-table-text\">H\u00fcdraulilised ketaspidurid<\/span><\/td>\n<td class=\"premium-table-cell\"><span class=\"premium-table-text\">H\u00fcdraulilised ketaspidurid<\/span><\/td>\n<\/tr>\n<tr class=\"premium-table-row\">\n<td class=\"premium-table-cell\"><span class=\"premium-table-text\">Amortisaatorid ees<\/span><\/td>\n<td class=\"premium-table-cell\"><span class=\"premium-table-text\">Teleskoophark &#8211; 72mm t\u00f6\u00f6k\u00e4ik<\/span><\/td>\n<td class=\"premium-table-cell\"><span class=\"premium-table-text\">Teleskoophark &#8211; 105mm t\u00f6\u00f6k\u00e4ik<\/span><\/td>\n<\/tr>\n<tr class=\"premium-table-row\">\n<td class=\"premium-table-cell\"><span class=\"premium-table-text\">Amortisaatorid taga<\/span><\/td>\n<td class=\"premium-table-cell\"><span class=\"premium-table-text\">Mono &#8211; 65 mm t\u00f6\u00f6k\u00e4ik &#8211; reguleeritav eelpinge<\/span><\/td>\n<td class=\"premium-table-cell\"><span class=\"premium-table-text\">Mono &#8211; 100 mm t\u00f6\u00f6k\u00e4ik &#8211; reguleeritav eelpinge<\/span><\/td>\n<\/tr>\n<tr class=\"premium-table-row\">\n<td class=\"premium-table-cell\"><span class=\"premium-table-text\">Veljed<\/span><\/td>\n<td class=\"premium-table-cell\"><\/td>\n<td class=\"premium-table-cell\"><\/td>\n<\/tr>\n<tr class=\"premium-table-row\">\n<td class=\"premium-table-cell\"><span class=\"premium-table-text\">Veljed<\/span><\/td>\n<td class=\"premium-table-cell\"><span class=\"premium-table-text\">Kodarveljed<\/span><\/td>\n<td class=\"premium-table-cell\"><span class=\"premium-table-text\">Kodarveljed<\/span><\/td>\n<\/tr>\n<tr class=\"premium-table-row\">\n<td class=\"premium-table-cell\"><span class=\"premium-table-text\">Rehvid<\/span><\/td>\n<td class=\"premium-table-cell\"><\/td>\n<td class=\"premium-table-cell\"><\/td>\n<\/tr>\n<tr class=\"premium-table-row\">\n<td class=\"premium-table-cell\"><span class=\"premium-table-text\">Ees<\/span><\/td>\n<td class=\"premium-table-cell\"><span class=\"premium-table-text\">2.50 R10<\/span><\/td>\n<td class=\"premium-table-cell\"><span class=\"premium-table-text\">70 \/ 100 R14<\/span><\/td>\n<\/tr>\n<tr class=\"premium-table-row\">\n<td class=\"premium-table-cell\"><span class=\"premium-table-text\">Taga<\/span><\/td>\n<td class=\"premium-table-cell\"><span class=\"premium-table-text\">2.50 R10<\/span><\/td>\n<td class=\"premium-table-cell\"><span class=\"premium-table-text\">80 \/ 100 R12<\/span><\/td>\n<\/tr>\n<tr class=\"premium-table-row\">\n<td class=\"premium-table-cell\"><span class=\"premium-table-text\">Muu<\/span><\/td>\n<td class=\"premium-table-cell\"><\/td>\n<td class=\"premium-table-cell\"><\/td>\n<\/tr>\n<tr class=\"premium-table-row\">\n<td class=\"premium-table-cell\"><span class=\"premium-table-text\">Ekraan<\/span><\/td>\n<td class=\"premium-table-cell\"><span class=\"premium-table-text\">LCD<\/span><\/td>\n<td class=\"premium-table-cell\"><span class=\"premium-table-text\">LCD<\/span><\/td>\n<\/tr>\n<\/tbody>\n<\/table>\n<\/div>\n<p>CX-5E laste elektrikrossikas on kohal! N\u00fc\u00fcd on ka pisematel motof\u00e4nnidel v\u00f5imalus ennast proovile panna. CFMOTO lastekrossikatega on vahvad kogemused ning s\u00f5iduelamused garanteeritud. CX mudeliseeriast v\u00f5ib leida kaks elektrikrossikat. CX-2E on v\u00e4iksem ning 650W mootoriga s\u00f5iduk, mis sobib suurep\u00e4raselt alustavale lapsele. CX-5E on pisut suurem ning ka mootori v\u00f5imsus ning tippkiirus on suuremad. M\u00f5lemal krossikal on 48V 24Ah mahutavusega liitiumaku, mis suudab \u00fche laadimisega s\u00f5ita umbes 30km.<\/p>\n<p>CX-5E mootori v\u00f5imsuseks on 1000W ehk 1 kW ning krossikas suudab saavutada tippkiiruse 46 km \/ h. Loomulikult on ratta tippkiirus piiratav, et sellega saaks s\u00f5ida ka v\u00e4hen kogenud lapsed. Nimelt on rattal 3 erinevat k\u00e4iku. Esimese k\u00e4iguga on maksimaalne kiirus piiratud 24 km \/ h ning see on sobilik algajale, kes veel ei pruugi julgeda suurtel kiirustel s\u00f5ita. K\u00e4igu vahetamine on v\u00e4ga lihtne ning vaid \u00fche nupuvajutuse kaugusel. Hetkel valitud k\u00e4ik on kuvatud k\u00e4iguvahetuse nupu k\u00f5rval. Kui lapsel on juba varasem s\u00f5idukogemus v\u00f5i on esimesel k\u00e4igul s\u00f5itmise selgeks saanud saab katsetada s\u00f5itmist ka suurematel kiirustel. Teise k\u00e4iguga s\u00f5ites on maksimaalne kiirus 36 km \/ h ning kolmanda k\u00e4iguga 46 km \/ h ehk krossika maksimumkiirus.<\/p>\n<p>CFMOTO s\u00f5idukitele omaselt on ka lastes\u00f5idukite juures tugevalt silmas peetud s\u00f5idumugavust. N\u00e4iteks on CX-5E mudelil lai ning mugav istmepolster, mis v\u00f5imaldab l\u00e4bida ka pikemaid distantse ilma, et istumisest valus hakkaks. Samuti on krossikal kvaliteetsed amortisaatorid \u2013 eesmine teleskoophark on 105mm t\u00f6\u00f6k\u00e4iguga ning tagumine amortisaator 100mm t\u00f6\u00f6k\u00e4iguga ning reguleeritava eelpingega.<\/p>\n<p>Suurep\u00e4rase v\u00f5imekuse maastikul s\u00f5ites tagavad kodarveljed ning kvaliteetsed maastikurehvid. Eesmise rehvi suuruseks on 14 tolli ning tagumise suuruseks 12 tolli. V\u00f5imekal s\u00f5idukil peavad olema ka v\u00f5imekad pidurid \u2013 seet\u00f5ttu v\u00f5ib CX sarja elektrikrossikate baasvarustusest leida kvaliteetsed h\u00fcdraulilised ketaspidurid, mis tagavad l\u00fchikese pidurdusdistantsi ka kehvades teeoludes.<\/p>\n<p>CX-5E mudeli istme k\u00f5rgus on 678 mm. Lapsele s\u00f5iduki valimisel tuleks kindlasti k\u00f5ige pealt lapsel lasta proovida s\u00f5idukil istumist, et n\u00e4ha kas jalad ulatuvad maha. Kui CX-5E j\u00e4\u00e4b motospordi noorharrastajale suureks, tasub kindlasti uurida l\u00e4hemalt ka CX sarja v\u00e4iksema mudeli CX-2E kohta, mille istme k\u00f5rgus on 550mm.<\/p>","protected":false},"excerpt":{"rendered":"<div class=\"elementor-element elementor-element-eb25a61 elementor-widget elementor-widget-text-editor\" data-id=\"eb25a61\" data-element_type=\"widget\" data-widget_type=\"text-editor.default\">\n<div class=\"elementor-widget-container\">\n<p><strong>Mootor<\/strong>: 1000W elektrimootor<br \/>\n<b>Tippkiirus:\u00a0<\/b>46 km \/ h<br \/>\n<strong>K\u00e4igukast<\/strong>: 3 k\u00e4iku\u00a0 ( 24 km\/h \u2013 36 km\/h \u2013 46 km\/h )<br \/>\n<strong>Vedrustus<\/strong>: Ees teleskoopiline hark 105mm t\u00f6\u00f6k\u00e4ik, Taga reguleeritav eelpinge, 100mm t\u00f6\u00f6k\u00e4ik<br \/>\n<strong>Pidurid: <\/strong>H\u00fcdraulilised ketaspidurid<br \/>\n<strong>Rehvid<\/strong>: Ees 70\/100 R14 ja taga 80\/100 R12<br \/>\n<b>Ekraan: <\/b>LCD ekraan<br \/>\n<b>Aku: <\/b>48V 24Ah<br \/>\n<b>S\u00f5iduulatus \u00fche laadimisega: <\/b>Umbes 30 km<br \/>\n<strong>V\u00e4rvid<\/strong>\u00a0: Sinine<\/p>\n<\/div>\n<\/div>","protected":false},"featured_media":3755,"template":"","meta":[],"product_cat":[69],"product_tag":[],"class_list":{"0":"post-3470","1":"product","2":"type-product","3":"status-publish","4":"has-post-thumbnail","6":"product_cat-laste-elektrikrossikate","8":"first","9":"instock","10":"taxable","11":"shipping-taxable","12":"purchasable","13":"product-type-variable","14":"has-default-attributes"},"yoast_head":"<!-- This site is optimized with the Yoast SEO plugin v23.9 - https:\/\/yoast.com\/wordpress\/plugins\/seo\/ -->\n<title>Laste elektrikrossikas CX-5E | CFMoto Sirtaki<\/title>\n<meta name=\"robots\" content=\"index, follow, max-snippet:-1, max-image-preview:large, max-video-preview:-1\" \/>\n<link rel=\"canonical\" href=\"https:\/\/moto.sirtaki.ee\/ru\/product\/laste-elektrikrossikas-cx-5e\/\" \/>\n<meta property=\"og:locale\" content=\"ru_RU\" \/>\n<meta property=\"og:type\" content=\"article\" \/>\n<meta property=\"og:title\" content=\"Laste elektrikrossikas CX-5E | CFMoto Sirtaki\" \/>\n<meta property=\"og:description\" content=\"Mootor: 1000W elektrimootor Tippkiirus:\u00a046 km \/ h K\u00e4igukast: 3 k\u00e4iku\u00a0 ( 24 km\/h \u2013 36 km\/h \u2013 46 km\/h ) Vedrustus: Ees teleskoopiline hark 105mm t\u00f6\u00f6k\u00e4ik, Taga reguleeritav eelpinge, 100mm t\u00f6\u00f6k\u00e4ik Pidurid: H\u00fcdraulilised ketaspidurid Rehvid: Ees 70\/100 R14 ja taga 80\/100 R12 Ekraan: LCD ekraan Aku: 48V 24Ah S\u00f5iduulatus \u00fche laadimisega: Umbes 30 km V\u00e4rvid\u00a0: Sinine\" \/>\n<meta property=\"og:url\" content=\"https:\/\/moto.sirtaki.ee\/ru\/product\/laste-elektrikrossikas-cx-5e\/\" \/>\n<meta property=\"og:site_name\" content=\"CFMoto Sirtaki\" \/>\n<meta property=\"article:modified_time\" content=\"2024-12-10T11:28:28+00:00\" \/>\n<meta property=\"og:image\" content=\"https:\/\/moto.sirtaki.ee\/wp-content\/uploads\/2024\/10\/CFORCE_CX5E_LASTE.jpg\" \/>\n\t<meta property=\"og:image:width\" content=\"1875\" \/>\n\t<meta property=\"og:image:height\" content=\"1875\" \/>\n\t<meta property=\"og:image:type\" content=\"image\/jpeg\" \/>\n<meta name=\"twitter:card\" content=\"summary_large_image\" \/>\n<script type=\"application\/ld+json\" class=\"yoast-schema-graph\">{\"@context\":\"https:\/\/schema.org\",\"@graph\":[{\"@type\":\"WebPage\",\"@id\":\"https:\/\/moto.sirtaki.ee\/product\/laste-elektrikrossikas-cx-5e\/\",\"url\":\"https:\/\/moto.sirtaki.ee\/product\/laste-elektrikrossikas-cx-5e\/\",\"name\":\"Laste elektrikrossikas CX-5E | CFMoto Sirtaki\",\"isPartOf\":{\"@id\":\"https:\/\/moto.sirtaki.ee\/#website\"},\"primaryImageOfPage\":{\"@id\":\"https:\/\/moto.sirtaki.ee\/product\/laste-elektrikrossikas-cx-5e\/#primaryimage\"},\"image\":{\"@id\":\"https:\/\/moto.sirtaki.ee\/product\/laste-elektrikrossikas-cx-5e\/#primaryimage\"},\"thumbnailUrl\":\"https:\/\/moto.sirtaki.ee\/wp-content\/uploads\/2024\/10\/CFORCE_CX5E_LASTE.jpg\",\"datePublished\":\"2024-10-31T06:18:57+00:00\",\"dateModified\":\"2024-12-10T11:28:28+00:00\",\"breadcrumb\":{\"@id\":\"https:\/\/moto.sirtaki.ee\/product\/laste-elektrikrossikas-cx-5e\/#breadcrumb\"},\"inLanguage\":\"ru-RU\",\"potentialAction\":[{\"@type\":\"ReadAction\",\"target\":[\"https:\/\/moto.sirtaki.ee\/product\/laste-elektrikrossikas-cx-5e\/\"]}]},{\"@type\":\"ImageObject\",\"inLanguage\":\"ru-RU\",\"@id\":\"https:\/\/moto.sirtaki.ee\/product\/laste-elektrikrossikas-cx-5e\/#primaryimage\",\"url\":\"https:\/\/moto.sirtaki.ee\/wp-content\/uploads\/2024\/10\/CFORCE_CX5E_LASTE.jpg\",\"contentUrl\":\"https:\/\/moto.sirtaki.ee\/wp-content\/uploads\/2024\/10\/CFORCE_CX5E_LASTE.jpg\",\"width\":1875,\"height\":1875},{\"@type\":\"BreadcrumbList\",\"@id\":\"https:\/\/moto.sirtaki.ee\/product\/laste-elektrikrossikas-cx-5e\/#breadcrumb\",\"itemListElement\":[{\"@type\":\"ListItem\",\"position\":1,\"name\":\"Home\",\"item\":\"https:\/\/moto.sirtaki.ee\/\"},{\"@type\":\"ListItem\",\"position\":2,\"name\":\"Shop\",\"item\":\"https:\/\/moto.sirtaki.ee\/shop\/\"},{\"@type\":\"ListItem\",\"position\":3,\"name\":\"Laste elektrikrossikas CX-5E\"}]},{\"@type\":\"WebSite\",\"@id\":\"https:\/\/moto.sirtaki.ee\/#website\",\"url\":\"https:\/\/moto.sirtaki.ee\/\",\"name\":\"CFMoto Sirtaki\",\"description\":\"\",\"potentialAction\":[{\"@type\":\"SearchAction\",\"target\":{\"@type\":\"EntryPoint\",\"urlTemplate\":\"https:\/\/moto.sirtaki.ee\/?s={search_term_string}\"},\"query-input\":{\"@type\":\"PropertyValueSpecification\",\"valueRequired\":true,\"valueName\":\"search_term_string\"}}],\"inLanguage\":\"ru-RU\"}]}<\/script>\n<!-- \/ Yoast SEO plugin. -->","yoast_head_json":{"title":"Laste elektrikrossikas CX-5E | CFMoto Sirtaki","robots":{"index":"index","follow":"follow","max-snippet":"max-snippet:-1","max-image-preview":"max-image-preview:large","max-video-preview":"max-video-preview:-1"},"canonical":"https:\/\/moto.sirtaki.ee\/ru\/product\/laste-elektrikrossikas-cx-5e\/","og_locale":"ru_RU","og_type":"article","og_title":"Laste elektrikrossikas CX-5E | CFMoto Sirtaki","og_description":"Mootor: 1000W elektrimootor Tippkiirus:\u00a046 km \/ h K\u00e4igukast: 3 k\u00e4iku\u00a0 ( 24 km\/h \u2013 36 km\/h \u2013 46 km\/h ) Vedrustus: Ees teleskoopiline hark 105mm t\u00f6\u00f6k\u00e4ik, Taga reguleeritav eelpinge, 100mm t\u00f6\u00f6k\u00e4ik Pidurid: H\u00fcdraulilised ketaspidurid Rehvid: Ees 70\/100 R14 ja taga 80\/100 R12 Ekraan: LCD ekraan Aku: 48V 24Ah S\u00f5iduulatus \u00fche laadimisega: Umbes 30 km V\u00e4rvid\u00a0: Sinine","og_url":"https:\/\/moto.sirtaki.ee\/ru\/product\/laste-elektrikrossikas-cx-5e\/","og_site_name":"CFMoto Sirtaki","article_modified_time":"2024-12-10T11:28:28+00:00","og_image":[{"width":1875,"height":1875,"url":"https:\/\/moto.sirtaki.ee\/wp-content\/uploads\/2024\/10\/CFORCE_CX5E_LASTE.jpg","type":"image\/jpeg"}],"twitter_card":"summary_large_image","schema":{"@context":"https:\/\/schema.org","@graph":[{"@type":"WebPage","@id":"https:\/\/moto.sirtaki.ee\/product\/laste-elektrikrossikas-cx-5e\/","url":"https:\/\/moto.sirtaki.ee\/product\/laste-elektrikrossikas-cx-5e\/","name":"Laste elektrikrossikas CX-5E | CFMoto Sirtaki","isPartOf":{"@id":"https:\/\/moto.sirtaki.ee\/#website"},"primaryImageOfPage":{"@id":"https:\/\/moto.sirtaki.ee\/product\/laste-elektrikrossikas-cx-5e\/#primaryimage"},"image":{"@id":"https:\/\/moto.sirtaki.ee\/product\/laste-elektrikrossikas-cx-5e\/#primaryimage"},"thumbnailUrl":"https:\/\/moto.sirtaki.ee\/wp-content\/uploads\/2024\/10\/CFORCE_CX5E_LASTE.jpg","datePublished":"2024-10-31T06:18:57+00:00","dateModified":"2024-12-10T11:28:28+00:00","breadcrumb":{"@id":"https:\/\/moto.sirtaki.ee\/product\/laste-elektrikrossikas-cx-5e\/#breadcrumb"},"inLanguage":"ru-RU","potentialAction":[{"@type":"ReadAction","target":["https:\/\/moto.sirtaki.ee\/product\/laste-elektrikrossikas-cx-5e\/"]}]},{"@type":"ImageObject","inLanguage":"ru-RU","@id":"https:\/\/moto.sirtaki.ee\/product\/laste-elektrikrossikas-cx-5e\/#primaryimage","url":"https:\/\/moto.sirtaki.ee\/wp-content\/uploads\/2024\/10\/CFORCE_CX5E_LASTE.jpg","contentUrl":"https:\/\/moto.sirtaki.ee\/wp-content\/uploads\/2024\/10\/CFORCE_CX5E_LASTE.jpg","width":1875,"height":1875},{"@type":"BreadcrumbList","@id":"https:\/\/moto.sirtaki.ee\/product\/laste-elektrikrossikas-cx-5e\/#breadcrumb","itemListElement":[{"@type":"ListItem","position":1,"name":"Home","item":"https:\/\/moto.sirtaki.ee\/"},{"@type":"ListItem","position":2,"name":"Shop","item":"https:\/\/moto.sirtaki.ee\/shop\/"},{"@type":"ListItem","position":3,"name":"Laste elektrikrossikas CX-5E"}]},{"@type":"WebSite","@id":"https:\/\/moto.sirtaki.ee\/#website","url":"https:\/\/moto.sirtaki.ee\/","name":"CFMoto Sirtaki","description":"","potentialAction":[{"@type":"SearchAction","target":{"@type":"EntryPoint","urlTemplate":"https:\/\/moto.sirtaki.ee\/?s={search_term_string}"},"query-input":{"@type":"PropertyValueSpecification","valueRequired":true,"valueName":"search_term_string"}}],"inLanguage":"ru-RU"}]}},"_links":{"self":[{"href":"https:\/\/moto.sirtaki.ee\/ru\/wp-json\/wp\/v2\/product\/3470"}],"collection":[{"href":"https:\/\/moto.sirtaki.ee\/ru\/wp-json\/wp\/v2\/product"}],"about":[{"href":"https:\/\/moto.sirtaki.ee\/ru\/wp-json\/wp\/v2\/types\/product"}],"wp:featuredmedia":[{"embeddable":true,"href":"https:\/\/moto.sirtaki.ee\/ru\/wp-json\/wp\/v2\/media\/3755"}],"wp:attachment":[{"href":"https:\/\/moto.sirtaki.ee\/ru\/wp-json\/wp\/v2\/media?parent=3470"}],"wp:term":[{"taxonomy":"product_cat","embeddable":true,"href":"https:\/\/moto.sirtaki.ee\/ru\/wp-json\/wp\/v2\/product_cat?post=3470"},{"taxonomy":"product_tag","embeddable":true,"href":"https:\/\/moto.sirtaki.ee\/ru\/wp-json\/wp\/v2\/product_tag?post=3470"}],"curies":[{"name":"wp","href":"https:\/\/api.w.org\/{rel}","templated":true}]}}