{"id":3478,"date":"2024-10-31T09:24:47","date_gmt":"2024-10-31T06:24:47","guid":{"rendered":"https:\/\/moto.sirtaki.ee\/?post_type=product&#038;p=3478"},"modified":"2024-12-10T14:28:39","modified_gmt":"2024-12-10T11:28:39","slug":"zforce-950-sport","status":"publish","type":"product","link":"https:\/\/moto.sirtaki.ee\/ru\/product\/zforce-950-sport\/","title":{"rendered":"ZFORCE 950 Sport"},"content":{"rendered":"<h3 class=\"elementor-heading-title elementor-size-default\">SSV ZFORCE 950 Sport tehnilised andmed<\/h3>\n<div class=\"premium-table-wrap premium-table-responsive\">\n<table class=\"premium-table\" data-settings=\"{&quot;sort&quot;:false,&quot;usNumbers&quot;:false,&quot;sortMob&quot;:false,&quot;search&quot;:false,&quot;records&quot;:false,&quot;dataType&quot;:&quot;csv&quot;,&quot;csvFile&quot;:&quot;https:\\\/\\\/docs.google.com\\\/spreadsheets\\\/d\\\/e\\\/2PACX-1vRc9GzEuaYl2-Je2k0GRG8Wdp2ZQe0sN7SF0NoL_w_1Oge_VZBh1hWFXVIc9s793IqRI53CaljeSq1u\\\/pub?gid=2115581341&amp;single=true&amp;output=csv&quot;,&quot;firstRow&quot;:&quot;head&quot;,&quot;separator&quot;:&quot;,&quot;,&quot;pagination&quot;:&quot;&quot;,&quot;rows&quot;:0,&quot;id&quot;:&quot;6259dd3&quot;,&quot;reload&quot;:&quot;day&quot;}\">\n<thead class=\"premium-table-head\">\n<tr class=\"premium-table-row\">\n<th class=\"premium-table-cell\"><span class=\"premium-table-text\">SSV mudel <\/span><\/th>\n<th class=\"premium-table-cell\"><span class=\"premium-table-text\">ZFORCE 950 Sport T1b <\/span><\/th>\n<\/tr>\n<\/thead>\n<tbody>\n<tr class=\"premium-table-row\">\n<td class=\"premium-table-cell\"><span class=\"premium-table-text\">EU t\u00fc\u00fcbikinnitus <\/span><\/td>\n<td class=\"premium-table-cell\"><span class=\"premium-table-text\">167 \/ T1b <\/span><\/td>\n<\/tr>\n<tr class=\"premium-table-row\">\n<td class=\"premium-table-cell\"><span class=\"premium-table-text\">Tehaset\u00e4his <\/span><\/td>\n<td class=\"premium-table-cell\"><span class=\"premium-table-text\">CF1000UTR-6 <\/span><\/td>\n<\/tr>\n<tr class=\"premium-table-row\">\n<td class=\"premium-table-cell\"><span class=\"premium-table-text\">\u00dcldandmed <\/span><\/td>\n<td class=\"premium-table-cell\"><\/td>\n<\/tr>\n<tr class=\"premium-table-row\">\n<td class=\"premium-table-cell\"><span class=\"premium-table-text\">Pikkus x laius x k\u00f5rgus (mm) <\/span><\/td>\n<td class=\"premium-table-cell\"><span class=\"premium-table-text\">3272 x 1524 x 1870 mm <\/span><\/td>\n<\/tr>\n<tr class=\"premium-table-row\">\n<td class=\"premium-table-cell\"><span class=\"premium-table-text\">Teljevahe (mm) <\/span><\/td>\n<td class=\"premium-table-cell\"><span class=\"premium-table-text\">2286 mm <\/span><\/td>\n<\/tr>\n<tr class=\"premium-table-row\">\n<td class=\"premium-table-cell\"><span class=\"premium-table-text\">Kliirens (mm) <\/span><\/td>\n<td class=\"premium-table-cell\"><span class=\"premium-table-text\">305 mm <\/span><\/td>\n<\/tr>\n<tr class=\"premium-table-row\">\n<td class=\"premium-table-cell\"><span class=\"premium-table-text\">T\u00fchimass (kg) *<\/span><\/td>\n<td class=\"premium-table-cell\"><span class=\"premium-table-text\">750 kg * <\/span><\/td>\n<\/tr>\n<tr class=\"premium-table-row\">\n<td class=\"premium-table-cell\"><span class=\"premium-table-text\">Maksimaalne kandev\u00f5ime (kg) <\/span><\/td>\n<td class=\"premium-table-cell\"><span class=\"premium-table-text\">225 kg <\/span><\/td>\n<\/tr>\n<tr class=\"premium-table-row\">\n<td class=\"premium-table-cell\"><span class=\"premium-table-text\">K\u00fctusepaagi maht (L) <\/span><\/td>\n<td class=\"premium-table-cell\"><span class=\"premium-table-text\">37 L <\/span><\/td>\n<\/tr>\n<tr class=\"premium-table-row\">\n<td class=\"premium-table-cell\"><span class=\"premium-table-text\">Maksimaalne lubatud kiirus (km\/h) <\/span><\/td>\n<td class=\"premium-table-cell\"><span class=\"premium-table-text\">60 km\/h <\/span><\/td>\n<\/tr>\n<tr class=\"premium-table-row\">\n<td class=\"premium-table-cell\"><span class=\"premium-table-text\">Mootor <\/span><\/td>\n<td class=\"premium-table-cell\"><\/td>\n<\/tr>\n<tr class=\"premium-table-row\">\n<td class=\"premium-table-cell\"><span class=\"premium-table-text\">Mootori t\u00fc\u00fcp <\/span><\/td>\n<td class=\"premium-table-cell\"><span class=\"premium-table-text\">V2 kahe silindriline \/ vedelikjahutusega \/ 4-taktiline <\/span><\/td>\n<\/tr>\n<tr class=\"premium-table-row\">\n<td class=\"premium-table-cell\"><span class=\"premium-table-text\">Mootori t\u00f6\u00f6maht (cc) <\/span><\/td>\n<td class=\"premium-table-cell\"><span class=\"premium-table-text\">963 cc <\/span><\/td>\n<\/tr>\n<tr class=\"premium-table-row\">\n<td class=\"premium-table-cell\"><span class=\"premium-table-text\">Kolvik\u00e4ik (mm) <\/span><\/td>\n<td class=\"premium-table-cell\"><span class=\"premium-table-text\">91.0 \u00d7 74 mm <\/span><\/td>\n<\/tr>\n<tr class=\"premium-table-row\">\n<td class=\"premium-table-cell\"><span class=\"premium-table-text\">V\u00f5imsus (kW\/rpm) <\/span><\/td>\n<td class=\"premium-table-cell\"><span class=\"premium-table-text\">62.6 kW\/7500 rpm <\/span><\/td>\n<\/tr>\n<tr class=\"premium-table-row\">\n<td class=\"premium-table-cell\"><span class=\"premium-table-text\">Maksimaalne p\u00f6\u00f6rdemoment (N\u00b7m\/rpm) <\/span><\/td>\n<td class=\"premium-table-cell\"><span class=\"premium-table-text\">87 N\u00b7m \/ 5500 rpm <\/span><\/td>\n<\/tr>\n<tr class=\"premium-table-row\">\n<td class=\"premium-table-cell\"><span class=\"premium-table-text\">Surveaste <\/span><\/td>\n<td class=\"premium-table-cell\"><span class=\"premium-table-text\">10.6 \u00b1 0.5:1 <\/span><\/td>\n<\/tr>\n<tr class=\"premium-table-row\">\n<td class=\"premium-table-cell\"><span class=\"premium-table-text\">Toites\u00fcsteem <\/span><\/td>\n<td class=\"premium-table-cell\"><span class=\"premium-table-text\">EFI Bosch <\/span><\/td>\n<\/tr>\n<tr class=\"premium-table-row\">\n<td class=\"premium-table-cell\"><span class=\"premium-table-text\">S\u00fc\u00fctes\u00fcsteem <\/span><\/td>\n<td class=\"premium-table-cell\"><span class=\"premium-table-text\">ECU Bosch <\/span><\/td>\n<\/tr>\n<tr class=\"premium-table-row\">\n<td class=\"premium-table-cell\"><span class=\"premium-table-text\">\u00dclekanne <\/span><\/td>\n<td class=\"premium-table-cell\"><span class=\"premium-table-text\">CVT <\/span><\/td>\n<\/tr>\n<tr class=\"premium-table-row\">\n<td class=\"premium-table-cell\"><span class=\"premium-table-text\">S\u00f5idure\u017eiimid<\/span><\/td>\n<td class=\"premium-table-cell\"><span class=\"premium-table-text\">Normal \/ Sport<\/span><\/td>\n<\/tr>\n<tr class=\"premium-table-row\">\n<td class=\"premium-table-cell\"><span class=\"premium-table-text\">Veermik <\/span><\/td>\n<td class=\"premium-table-cell\"><\/td>\n<\/tr>\n<tr class=\"premium-table-row\">\n<td class=\"premium-table-cell\"><span class=\"premium-table-text\">Veoskeem <\/span><\/td>\n<td class=\"premium-table-cell\"><span class=\"premium-table-text\">2WD \/ 4WD \/ lukustatav 4WD <\/span><\/td>\n<\/tr>\n<tr class=\"premium-table-row\">\n<td class=\"premium-table-cell\"><span class=\"premium-table-text\">Rooliv\u00f5imendi <\/span><\/td>\n<td class=\"premium-table-cell\"><span class=\"premium-table-text\">Jah <\/span><\/td>\n<\/tr>\n<tr class=\"premium-table-row\">\n<td class=\"premium-table-cell\"><span class=\"premium-table-text\">Pidurid <\/span><\/td>\n<td class=\"premium-table-cell\"><span class=\"premium-table-text\">H\u00fcdraulilised ketaspidurid <\/span><\/td>\n<\/tr>\n<tr class=\"premium-table-row\">\n<td class=\"premium-table-cell\"><span class=\"premium-table-text\">Vedrustus <\/span><\/td>\n<td class=\"premium-table-cell\"><span class=\"premium-table-text\">Ees\/taga: topelt \u00f5\u00f5tshoobadega s\u00f5ltumatu vedrustus <\/span><\/td>\n<\/tr>\n<tr class=\"premium-table-row\">\n<td class=\"premium-table-cell\"><span class=\"premium-table-text\">Amortisaatorid <\/span><\/td>\n<td class=\"premium-table-cell\"><span class=\"premium-table-text\">Ees: gaasiamortisaatorid <\/span><\/td>\n<\/tr>\n<tr class=\"premium-table-row\">\n<td class=\"premium-table-cell\"><span class=\"premium-table-text\"> Veljed <\/span><\/td>\n<td class=\"premium-table-cell\"><\/td>\n<\/tr>\n<tr class=\"premium-table-row\">\n<td class=\"premium-table-cell\"><span class=\"premium-table-text\">Ees: <\/span><\/td>\n<td class=\"premium-table-cell\"><span class=\"premium-table-text\">14 x 7.0 AT <\/span><\/td>\n<\/tr>\n<tr class=\"premium-table-row\">\n<td class=\"premium-table-cell\"><span class=\"premium-table-text\">Taga: <\/span><\/td>\n<td class=\"premium-table-cell\"><span class=\"premium-table-text\">14 x 8.0 AT <\/span><\/td>\n<\/tr>\n<tr class=\"premium-table-row\">\n<td class=\"premium-table-cell\"><span class=\"premium-table-text\">Rehvim\u00f5\u00f5dud <\/span><\/td>\n<td class=\"premium-table-cell\"><\/td>\n<\/tr>\n<tr class=\"premium-table-row\">\n<td class=\"premium-table-cell\"><span class=\"premium-table-text\">Ees: <\/span><\/td>\n<td class=\"premium-table-cell\"><span class=\"premium-table-text\">27 x 9.00 R14 <\/span><\/td>\n<\/tr>\n<tr class=\"premium-table-row\">\n<td class=\"premium-table-cell\"><span class=\"premium-table-text\">Taga: <\/span><\/td>\n<td class=\"premium-table-cell\"><span class=\"premium-table-text\">27 x 11.00 R14 <\/span><\/td>\n<\/tr>\n<tr class=\"premium-table-row\">\n<td class=\"premium-table-cell\"><span class=\"premium-table-text\">* T\u00fchikaalu hulka loetakse: \u25cf juhikaal \u25cf aku \u25cf s\u00f5iduki vajalikud vedelikud <\/span><\/td>\n<td class=\"premium-table-cell\"><\/td>\n<\/tr>\n<\/tbody>\n<\/table>\n<\/div>\n<p><strong>ZFORCE 950 Sport <\/strong>ehk Trail mudel\u00a0on modernse disainiga uus v\u00f5imekas kergmaastur, mis on ideaalne valik maastikus\u00f5itude nautijale. 950 Sport on kahekohaline ning seet\u00f5ttu v\u00f5imaldab seiklemist nautida ka kaaslasega. Pikk teljevahe ning k\u00f5rge kliirens v\u00f5imaldavad s\u00f5itmist ka karmi pinnasega maastikul ning ei j\u00e4ta juhti h\u00e4tta mistahes olukorras.<\/p>\n<p><strong>SSV<\/strong>\u2019d viib edasi v\u00f5imekas 62.6 kW, vedelikjahutusega, <strong>BOSCH<\/strong>\u2019i sissepritsetoitel t\u00f6\u00f6tav bensiinimootor ning kvaliteetne Kanada p\u00e4ritoluga <strong>CV-Tech<\/strong> variaator\u00fclekanne. S\u00f5idukil on <strong>37-liitrine<\/strong> k\u00fctusepaak, mis laseb seiklustel j\u00e4tkuda ka pikkadel s\u00f5itudel ilma, et oleks vaja tihti tankida. ZFORCE 950 Sport on varustatud kahe s\u00f5idure\u017eiimiga, mida mugavalt vahetada saab ( <strong>Sport \/ Normal<\/strong> ).<\/p>\n<p>Maastikule vastav kohenemine on tehtud lihtsaks, sest veoskeemi vahetamine on vaid \u00fche nupuvajutuse kaugusel. Valida saab 2WD, AWD ning lukustatava 4WD vahel. Lisaks veoskeemi vahetamisele on SSV varustatud kvaliteetsete eesmiste gaasiamortisaatoritega, mis tagavad mugava ning sujuva s\u00f5idu ka kivisel pinnasel. Lihtsasti reguleeritav vedrustus v\u00f5imaldab s\u00f5itu kohandada juhi eelistuste j\u00e4rgi.<\/p>\n<p>Stiilsed 14 tollised veljed koos 27 tolliste maastikurehvidega tagavad hea pidamise erinevatel pinnastel ning pakuvad seet\u00f5ttu mitmek\u00fclgset s\u00f5iduelamust. Et s\u00f5iduk vajadusel ka \u00f5igeaegselt pidama saaks, on 950 Sport\u2019il ees ja taga h\u00fcdraulilised ketaspidurid. Samuti on s\u00f5iduk varustatud elektrilise rooliv\u00f5imuga (<strong>EPS<\/strong>), mis muudab juhitavuse rohkem nauditavamaks ning ka turvalisemaks.<\/p>\n<p>Turvalise s\u00f5idu ning elegantse v\u00e4limuse tagavad t\u00e4is <strong>LED tuled<\/strong>, mis valgustavad h\u00e4sti ka \u00f6iseid metsaaluseid. LED tuled valgustavad teed paremini kui halogeen tuled ning on s\u00e4\u00e4stlikumad. Samuti kaasneb LED tuledega neile omane valget v\u00e4rvi valgus, mis on tihtipeale inimeste eelistus. Kuna tegemist on siiski maastikus\u00f5idukiga, mis on loodud s\u00f5itmiseks ka karmil maastikul, on SSV varustatud tugeva <strong>t\u00f5mbevintsiga<\/strong> ( t\u00f5mbej\u00f5ud 1587 kg ), mis v\u00f5imaldab enda ja ka teiste s\u00f5idukite h\u00e4dast v\u00e4lja aitamist. 950 Sport on suuteline vedama ka palgik\u00e4ru v\u00f5i l\u00fckkama lund.<\/p>\n<p>950 Sport ei j\u00e4\u00e4 h\u00e4tta ka juhul, kui on vaja kaasa v\u00f5tta varustust v\u00f5i pikema reisi tarbeks riideid ja toitu. Tagumine ruumikas panipaik v\u00f5imaldab 150 kg ulatuses varustuse kaasa vedamist. Panipaik on kattega suletav ning seet\u00f5ttu kaitseb sisu tolmu ja ilmastiku eest. Juhtkabiini keskosas on kummalgi pool kaks kattega veekindlat panipaika, mille kogumahutavus on 18 liitrit.<\/p>\n<p>Pilkup\u00fc\u00fcdev v\u00e4limus ei saa olla ilma muljetavaldava sisuta. Seet\u00f5ttu on s\u00f5iduki kabiini paigaldatud 5 tolline <strong>TFT ekraan<\/strong>, millelt on v\u00f5imalik saada vajalikku informatsiooni. Lisaks ekraanile on ZFORCE 950 Sport varustatud k\u00f5rge kvaliteediga pooluste, kohandatava kaass\u00f5itja k\u00e4epideme, veekindlate panipaikade, sportrooli, mugavate sportistme ning 3 punkti turvav\u00f6\u00f6dega.<\/p>","protected":false},"excerpt":{"rendered":"<p><strong>\u00a0<\/strong><b>J\u00f5uallikas<\/b>\u00a0: V2 kahe silindriline, vedelikjahutusega, 4-takti, SOCH.<br \/>\n<b>V\u00f5imsus<\/b>\u00a0: 62.6 KW<br \/>\n<strong>Toide<\/strong>\u00a0: Bosch EFI sissepritses\u00fcsteem<br \/>\n<strong>Veoskeem<\/strong>\u00a0: tagavedu \/ l\u00fclitatav nelikvedu l\u00e4bi esi diferentsiaali \/ lukustatav nelikvedu.<br \/>\n<b>S\u00f5idure\u017eiimid<\/b>\u00a0: Normal \/ Sport<br \/>\n<strong>Istekohti<\/strong>\u00a0: 2<br \/>\n<strong>\u00dclekanne<\/strong>\u00a0: automaat \u2013 CV-Tech variaator.<br \/>\n<strong>Pidurid<\/strong>\u00a0: 4x h\u00fcdraulilised ketaspidurid \/ seisupidur.<br \/>\n<strong>Pukseerimisseadmed<\/strong>\u00a0: t\u00f5mbevints, pukseerimiskonks ning haagise tulede pistik 7pin.<br \/>\n<strong>Vedrustus<\/strong>\u00a0: topelt \u00f5\u00f5tshoobadega s\u00f5ltumatu vedrustus<br \/>\n<b>Amortisaatorid<\/b>\u00a0: Gaasiamortisaatorid ees<\/p>","protected":false},"featured_media":3778,"template":"","meta":[],"product_cat":[49],"product_tag":[],"class_list":{"0":"post-3478","1":"product","2":"type-product","3":"status-publish","4":"has-post-thumbnail","6":"product_cat-ssv","8":"first","9":"instock","10":"taxable","11":"shipping-taxable","12":"purchasable","13":"product-type-variable","14":"has-default-attributes"},"yoast_head":"<!-- This site is optimized with the Yoast SEO plugin v23.9 - https:\/\/yoast.com\/wordpress\/plugins\/seo\/ -->\n<title>ZFORCE 950 Sport | CFMoto Sirtaki<\/title>\n<meta name=\"robots\" content=\"index, follow, max-snippet:-1, max-image-preview:large, max-video-preview:-1\" \/>\n<link rel=\"canonical\" href=\"https:\/\/moto.sirtaki.ee\/ru\/product\/zforce-950-sport\/\" \/>\n<meta property=\"og:locale\" content=\"ru_RU\" \/>\n<meta property=\"og:type\" content=\"article\" \/>\n<meta property=\"og:title\" content=\"ZFORCE 950 Sport | CFMoto Sirtaki\" \/>\n<meta property=\"og:description\" content=\"\u00a0J\u00f5uallikas\u00a0: V2 kahe silindriline, vedelikjahutusega, 4-takti, SOCH. V\u00f5imsus\u00a0: 62.6 KW Toide\u00a0: Bosch EFI sissepritses\u00fcsteem Veoskeem\u00a0: tagavedu \/ l\u00fclitatav nelikvedu l\u00e4bi esi diferentsiaali \/ lukustatav nelikvedu. S\u00f5idure\u017eiimid\u00a0: Normal \/ Sport Istekohti\u00a0: 2 \u00dclekanne\u00a0: automaat \u2013 CV-Tech variaator. Pidurid\u00a0: 4x h\u00fcdraulilised ketaspidurid \/ seisupidur. Pukseerimisseadmed\u00a0: t\u00f5mbevints, pukseerimiskonks ning haagise tulede pistik 7pin. Vedrustus\u00a0: topelt \u00f5\u00f5tshoobadega s\u00f5ltumatu vedrustus Amortisaatorid\u00a0: Gaasiamortisaatorid ees\" \/>\n<meta property=\"og:url\" content=\"https:\/\/moto.sirtaki.ee\/ru\/product\/zforce-950-sport\/\" \/>\n<meta property=\"og:site_name\" content=\"CFMoto Sirtaki\" \/>\n<meta property=\"article:modified_time\" content=\"2024-12-10T11:28:39+00:00\" \/>\n<meta property=\"og:image\" content=\"https:\/\/moto.sirtaki.ee\/wp-content\/uploads\/2024\/10\/ZFORCE950_SPORT.jpg\" \/>\n\t<meta property=\"og:image:width\" content=\"1875\" \/>\n\t<meta property=\"og:image:height\" content=\"1875\" \/>\n\t<meta property=\"og:image:type\" content=\"image\/jpeg\" \/>\n<meta name=\"twitter:card\" content=\"summary_large_image\" \/>\n<script type=\"application\/ld+json\" class=\"yoast-schema-graph\">{\"@context\":\"https:\/\/schema.org\",\"@graph\":[{\"@type\":\"WebPage\",\"@id\":\"https:\/\/moto.sirtaki.ee\/product\/zforce-950-sport\/\",\"url\":\"https:\/\/moto.sirtaki.ee\/product\/zforce-950-sport\/\",\"name\":\"ZFORCE 950 Sport | CFMoto Sirtaki\",\"isPartOf\":{\"@id\":\"https:\/\/moto.sirtaki.ee\/#website\"},\"primaryImageOfPage\":{\"@id\":\"https:\/\/moto.sirtaki.ee\/product\/zforce-950-sport\/#primaryimage\"},\"image\":{\"@id\":\"https:\/\/moto.sirtaki.ee\/product\/zforce-950-sport\/#primaryimage\"},\"thumbnailUrl\":\"https:\/\/moto.sirtaki.ee\/wp-content\/uploads\/2024\/10\/ZFORCE950_SPORT.jpg\",\"datePublished\":\"2024-10-31T06:24:47+00:00\",\"dateModified\":\"2024-12-10T11:28:39+00:00\",\"breadcrumb\":{\"@id\":\"https:\/\/moto.sirtaki.ee\/product\/zforce-950-sport\/#breadcrumb\"},\"inLanguage\":\"ru-RU\",\"potentialAction\":[{\"@type\":\"ReadAction\",\"target\":[\"https:\/\/moto.sirtaki.ee\/product\/zforce-950-sport\/\"]}]},{\"@type\":\"ImageObject\",\"inLanguage\":\"ru-RU\",\"@id\":\"https:\/\/moto.sirtaki.ee\/product\/zforce-950-sport\/#primaryimage\",\"url\":\"https:\/\/moto.sirtaki.ee\/wp-content\/uploads\/2024\/10\/ZFORCE950_SPORT.jpg\",\"contentUrl\":\"https:\/\/moto.sirtaki.ee\/wp-content\/uploads\/2024\/10\/ZFORCE950_SPORT.jpg\",\"width\":1875,\"height\":1875},{\"@type\":\"BreadcrumbList\",\"@id\":\"https:\/\/moto.sirtaki.ee\/product\/zforce-950-sport\/#breadcrumb\",\"itemListElement\":[{\"@type\":\"ListItem\",\"position\":1,\"name\":\"Home\",\"item\":\"https:\/\/moto.sirtaki.ee\/\"},{\"@type\":\"ListItem\",\"position\":2,\"name\":\"Shop\",\"item\":\"https:\/\/moto.sirtaki.ee\/shop\/\"},{\"@type\":\"ListItem\",\"position\":3,\"name\":\"ZFORCE 950 Sport\"}]},{\"@type\":\"WebSite\",\"@id\":\"https:\/\/moto.sirtaki.ee\/#website\",\"url\":\"https:\/\/moto.sirtaki.ee\/\",\"name\":\"CFMoto Sirtaki\",\"description\":\"\",\"potentialAction\":[{\"@type\":\"SearchAction\",\"target\":{\"@type\":\"EntryPoint\",\"urlTemplate\":\"https:\/\/moto.sirtaki.ee\/?s={search_term_string}\"},\"query-input\":{\"@type\":\"PropertyValueSpecification\",\"valueRequired\":true,\"valueName\":\"search_term_string\"}}],\"inLanguage\":\"ru-RU\"}]}<\/script>\n<!-- \/ Yoast SEO plugin. -->","yoast_head_json":{"title":"ZFORCE 950 Sport | CFMoto Sirtaki","robots":{"index":"index","follow":"follow","max-snippet":"max-snippet:-1","max-image-preview":"max-image-preview:large","max-video-preview":"max-video-preview:-1"},"canonical":"https:\/\/moto.sirtaki.ee\/ru\/product\/zforce-950-sport\/","og_locale":"ru_RU","og_type":"article","og_title":"ZFORCE 950 Sport | CFMoto Sirtaki","og_description":"\u00a0J\u00f5uallikas\u00a0: V2 kahe silindriline, vedelikjahutusega, 4-takti, SOCH. V\u00f5imsus\u00a0: 62.6 KW Toide\u00a0: Bosch EFI sissepritses\u00fcsteem Veoskeem\u00a0: tagavedu \/ l\u00fclitatav nelikvedu l\u00e4bi esi diferentsiaali \/ lukustatav nelikvedu. S\u00f5idure\u017eiimid\u00a0: Normal \/ Sport Istekohti\u00a0: 2 \u00dclekanne\u00a0: automaat \u2013 CV-Tech variaator. Pidurid\u00a0: 4x h\u00fcdraulilised ketaspidurid \/ seisupidur. Pukseerimisseadmed\u00a0: t\u00f5mbevints, pukseerimiskonks ning haagise tulede pistik 7pin. Vedrustus\u00a0: topelt \u00f5\u00f5tshoobadega s\u00f5ltumatu vedrustus Amortisaatorid\u00a0: Gaasiamortisaatorid ees","og_url":"https:\/\/moto.sirtaki.ee\/ru\/product\/zforce-950-sport\/","og_site_name":"CFMoto Sirtaki","article_modified_time":"2024-12-10T11:28:39+00:00","og_image":[{"width":1875,"height":1875,"url":"https:\/\/moto.sirtaki.ee\/wp-content\/uploads\/2024\/10\/ZFORCE950_SPORT.jpg","type":"image\/jpeg"}],"twitter_card":"summary_large_image","schema":{"@context":"https:\/\/schema.org","@graph":[{"@type":"WebPage","@id":"https:\/\/moto.sirtaki.ee\/product\/zforce-950-sport\/","url":"https:\/\/moto.sirtaki.ee\/product\/zforce-950-sport\/","name":"ZFORCE 950 Sport | CFMoto Sirtaki","isPartOf":{"@id":"https:\/\/moto.sirtaki.ee\/#website"},"primaryImageOfPage":{"@id":"https:\/\/moto.sirtaki.ee\/product\/zforce-950-sport\/#primaryimage"},"image":{"@id":"https:\/\/moto.sirtaki.ee\/product\/zforce-950-sport\/#primaryimage"},"thumbnailUrl":"https:\/\/moto.sirtaki.ee\/wp-content\/uploads\/2024\/10\/ZFORCE950_SPORT.jpg","datePublished":"2024-10-31T06:24:47+00:00","dateModified":"2024-12-10T11:28:39+00:00","breadcrumb":{"@id":"https:\/\/moto.sirtaki.ee\/product\/zforce-950-sport\/#breadcrumb"},"inLanguage":"ru-RU","potentialAction":[{"@type":"ReadAction","target":["https:\/\/moto.sirtaki.ee\/product\/zforce-950-sport\/"]}]},{"@type":"ImageObject","inLanguage":"ru-RU","@id":"https:\/\/moto.sirtaki.ee\/product\/zforce-950-sport\/#primaryimage","url":"https:\/\/moto.sirtaki.ee\/wp-content\/uploads\/2024\/10\/ZFORCE950_SPORT.jpg","contentUrl":"https:\/\/moto.sirtaki.ee\/wp-content\/uploads\/2024\/10\/ZFORCE950_SPORT.jpg","width":1875,"height":1875},{"@type":"BreadcrumbList","@id":"https:\/\/moto.sirtaki.ee\/product\/zforce-950-sport\/#breadcrumb","itemListElement":[{"@type":"ListItem","position":1,"name":"Home","item":"https:\/\/moto.sirtaki.ee\/"},{"@type":"ListItem","position":2,"name":"Shop","item":"https:\/\/moto.sirtaki.ee\/shop\/"},{"@type":"ListItem","position":3,"name":"ZFORCE 950 Sport"}]},{"@type":"WebSite","@id":"https:\/\/moto.sirtaki.ee\/#website","url":"https:\/\/moto.sirtaki.ee\/","name":"CFMoto Sirtaki","description":"","potentialAction":[{"@type":"SearchAction","target":{"@type":"EntryPoint","urlTemplate":"https:\/\/moto.sirtaki.ee\/?s={search_term_string}"},"query-input":{"@type":"PropertyValueSpecification","valueRequired":true,"valueName":"search_term_string"}}],"inLanguage":"ru-RU"}]}},"_links":{"self":[{"href":"https:\/\/moto.sirtaki.ee\/ru\/wp-json\/wp\/v2\/product\/3478"}],"collection":[{"href":"https:\/\/moto.sirtaki.ee\/ru\/wp-json\/wp\/v2\/product"}],"about":[{"href":"https:\/\/moto.sirtaki.ee\/ru\/wp-json\/wp\/v2\/types\/product"}],"wp:featuredmedia":[{"embeddable":true,"href":"https:\/\/moto.sirtaki.ee\/ru\/wp-json\/wp\/v2\/media\/3778"}],"wp:attachment":[{"href":"https:\/\/moto.sirtaki.ee\/ru\/wp-json\/wp\/v2\/media?parent=3478"}],"wp:term":[{"taxonomy":"product_cat","embeddable":true,"href":"https:\/\/moto.sirtaki.ee\/ru\/wp-json\/wp\/v2\/product_cat?post=3478"},{"taxonomy":"product_tag","embeddable":true,"href":"https:\/\/moto.sirtaki.ee\/ru\/wp-json\/wp\/v2\/product_tag?post=3478"}],"curies":[{"name":"wp","href":"https:\/\/api.w.org\/{rel}","templated":true}]}}