{"id":3487,"date":"2024-10-31T09:30:25","date_gmt":"2024-10-31T06:30:25","guid":{"rendered":"https:\/\/moto.sirtaki.ee\/?post_type=product&#038;p=3487"},"modified":"2024-12-10T14:28:36","modified_gmt":"2024-12-10T11:28:36","slug":"zforce-950-sport-4","status":"publish","type":"product","link":"https:\/\/moto.sirtaki.ee\/ru\/product\/zforce-950-sport-4\/","title":{"rendered":"ZFORCE 950 Sport 4"},"content":{"rendered":"<h3 class=\"elementor-heading-title elementor-size-default\">SSV ZFORCE 950 Sport 4 tehnilised andmed<\/h3>\n<div class=\"premium-table-wrap premium-table-responsive\">\n<table class=\"premium-table\" data-settings=\"{&quot;sort&quot;:false,&quot;usNumbers&quot;:false,&quot;sortMob&quot;:false,&quot;search&quot;:false,&quot;records&quot;:false,&quot;dataType&quot;:&quot;csv&quot;,&quot;csvFile&quot;:&quot;https:\\\/\\\/docs.google.com\\\/spreadsheets\\\/d\\\/e\\\/2PACX-1vQVfR4iYtWclI-Y9T7ksEjsbcivjco5iiO4_TqunDUU6brovNyKne21YzsE6cP6ysfX0uEay31LMkTw\\\/pub?gid=856614195&amp;single=true&amp;output=csv&quot;,&quot;firstRow&quot;:&quot;head&quot;,&quot;separator&quot;:&quot;,&quot;,&quot;pagination&quot;:&quot;&quot;,&quot;rows&quot;:0,&quot;id&quot;:&quot;f1967f3&quot;,&quot;reload&quot;:&quot;day&quot;}\">\n<thead class=\"premium-table-head\">\n<tr class=\"premium-table-row\">\n<th class=\"premium-table-cell\"><span class=\"premium-table-text\">SSV mudel <\/span><\/th>\n<th class=\"premium-table-cell\"><span class=\"premium-table-text\">ZFORCE 950 Sport 4 T1b <\/span><\/th>\n<\/tr>\n<\/thead>\n<tbody>\n<tr class=\"premium-table-row\">\n<td class=\"premium-table-cell\"><span class=\"premium-table-text\">EU t\u00fc\u00fcbikinnitus <\/span><\/td>\n<td class=\"premium-table-cell\"><span class=\"premium-table-text\">167 \/ T1b <\/span><\/td>\n<\/tr>\n<tr class=\"premium-table-row\">\n<td class=\"premium-table-cell\"><span class=\"premium-table-text\">Tehaset\u00e4his <\/span><\/td>\n<td class=\"premium-table-cell\"><span class=\"premium-table-text\">CF1000STR-3L <\/span><\/td>\n<\/tr>\n<tr class=\"premium-table-row\">\n<td class=\"premium-table-cell\"><span class=\"premium-table-text\">\u00dcldandmed <\/span><\/td>\n<td class=\"premium-table-cell\"><\/td>\n<\/tr>\n<tr class=\"premium-table-row\">\n<td class=\"premium-table-cell\"><span class=\"premium-table-text\">Pikkus x laius x k\u00f5rgus (mm) <\/span><\/td>\n<td class=\"premium-table-cell\"><span class=\"premium-table-text\">4034 x 1524 x 1880 mm <\/span><\/td>\n<\/tr>\n<tr class=\"premium-table-row\">\n<td class=\"premium-table-cell\"><span class=\"premium-table-text\">Teljevahe (mm) <\/span><\/td>\n<td class=\"premium-table-cell\"><span class=\"premium-table-text\">3048 mm <\/span><\/td>\n<\/tr>\n<tr class=\"premium-table-row\">\n<td class=\"premium-table-cell\"><span class=\"premium-table-text\">Kliirens (mm) <\/span><\/td>\n<td class=\"premium-table-cell\"><span class=\"premium-table-text\">305 mm <\/span><\/td>\n<\/tr>\n<tr class=\"premium-table-row\">\n<td class=\"premium-table-cell\"><span class=\"premium-table-text\">T\u00fchimass (kg) *<\/span><\/td>\n<td class=\"premium-table-cell\"><span class=\"premium-table-text\">870 kg * <\/span><\/td>\n<\/tr>\n<tr class=\"premium-table-row\">\n<td class=\"premium-table-cell\"><span class=\"premium-table-text\">Maksimaalne kandev\u00f5ime (kg) <\/span><\/td>\n<td class=\"premium-table-cell\"><span class=\"premium-table-text\">475 kg <\/span><\/td>\n<\/tr>\n<tr class=\"premium-table-row\">\n<td class=\"premium-table-cell\"><span class=\"premium-table-text\">K\u00fctusepaagi maht (L) <\/span><\/td>\n<td class=\"premium-table-cell\"><span class=\"premium-table-text\">37 L <\/span><\/td>\n<\/tr>\n<tr class=\"premium-table-row\">\n<td class=\"premium-table-cell\"><span class=\"premium-table-text\">Maksimaalne lubatud kiirus (km\/h) <\/span><\/td>\n<td class=\"premium-table-cell\"><span class=\"premium-table-text\">60 km\/h <\/span><\/td>\n<\/tr>\n<tr class=\"premium-table-row\">\n<td class=\"premium-table-cell\"><span class=\"premium-table-text\">Mootor <\/span><\/td>\n<td class=\"premium-table-cell\"><\/td>\n<\/tr>\n<tr class=\"premium-table-row\">\n<td class=\"premium-table-cell\"><span class=\"premium-table-text\">Mootori t\u00fc\u00fcp <\/span><\/td>\n<td class=\"premium-table-cell\"><span class=\"premium-table-text\">V2 kahe silindriline \/ vedelikjahutusega \/ 4-taktiline <\/span><\/td>\n<\/tr>\n<tr class=\"premium-table-row\">\n<td class=\"premium-table-cell\"><span class=\"premium-table-text\">Mootori t\u00f6\u00f6maht (cc) <\/span><\/td>\n<td class=\"premium-table-cell\"><span class=\"premium-table-text\">963 cc <\/span><\/td>\n<\/tr>\n<tr class=\"premium-table-row\">\n<td class=\"premium-table-cell\"><span class=\"premium-table-text\">Kolvik\u00e4ik (mm) <\/span><\/td>\n<td class=\"premium-table-cell\"><span class=\"premium-table-text\">91.0 \u00d7 74 mm <\/span><\/td>\n<\/tr>\n<tr class=\"premium-table-row\">\n<td class=\"premium-table-cell\"><span class=\"premium-table-text\">V\u00f5imsus (kW\/rpm) <\/span><\/td>\n<td class=\"premium-table-cell\"><span class=\"premium-table-text\">62.6 kW\/7500 rpm <\/span><\/td>\n<\/tr>\n<tr class=\"premium-table-row\">\n<td class=\"premium-table-cell\"><span class=\"premium-table-text\">Maksimaalne p\u00f6\u00f6rdemoment (N\u00b7m\/rpm) <\/span><\/td>\n<td class=\"premium-table-cell\"><span class=\"premium-table-text\">87 N\u00b7m \/ 5500 rpm <\/span><\/td>\n<\/tr>\n<tr class=\"premium-table-row\">\n<td class=\"premium-table-cell\"><span class=\"premium-table-text\">Surveaste <\/span><\/td>\n<td class=\"premium-table-cell\"><span class=\"premium-table-text\">10.6 \u00b1 0.5:1 <\/span><\/td>\n<\/tr>\n<tr class=\"premium-table-row\">\n<td class=\"premium-table-cell\"><span class=\"premium-table-text\">Toites\u00fcsteem <\/span><\/td>\n<td class=\"premium-table-cell\"><span class=\"premium-table-text\">EFI Bosch <\/span><\/td>\n<\/tr>\n<tr class=\"premium-table-row\">\n<td class=\"premium-table-cell\"><span class=\"premium-table-text\">S\u00fc\u00fctes\u00fcsteem <\/span><\/td>\n<td class=\"premium-table-cell\"><span class=\"premium-table-text\">ECU Bosch <\/span><\/td>\n<\/tr>\n<tr class=\"premium-table-row\">\n<td class=\"premium-table-cell\"><span class=\"premium-table-text\">\u00dclekanne <\/span><\/td>\n<td class=\"premium-table-cell\"><span class=\"premium-table-text\">CVT <\/span><\/td>\n<\/tr>\n<tr class=\"premium-table-row\">\n<td class=\"premium-table-cell\"><span class=\"premium-table-text\">S\u00f5idure\u017eiimid<\/span><\/td>\n<td class=\"premium-table-cell\"><span class=\"premium-table-text\">Normal \/ Sport<\/span><\/td>\n<\/tr>\n<tr class=\"premium-table-row\">\n<td class=\"premium-table-cell\"><span class=\"premium-table-text\">Veermik <\/span><\/td>\n<td class=\"premium-table-cell\"><\/td>\n<\/tr>\n<tr class=\"premium-table-row\">\n<td class=\"premium-table-cell\"><span class=\"premium-table-text\">Veoskeem <\/span><\/td>\n<td class=\"premium-table-cell\"><span class=\"premium-table-text\">2WD \/ 4WD \/ lukustatav 4WD <\/span><\/td>\n<\/tr>\n<tr class=\"premium-table-row\">\n<td class=\"premium-table-cell\"><span class=\"premium-table-text\">Rooliv\u00f5imendi <\/span><\/td>\n<td class=\"premium-table-cell\"><span class=\"premium-table-text\">Jah <\/span><\/td>\n<\/tr>\n<tr class=\"premium-table-row\">\n<td class=\"premium-table-cell\"><span class=\"premium-table-text\">Pidurid <\/span><\/td>\n<td class=\"premium-table-cell\"><span class=\"premium-table-text\">H\u00fcdraulilised ketaspidurid <\/span><\/td>\n<\/tr>\n<tr class=\"premium-table-row\">\n<td class=\"premium-table-cell\"><span class=\"premium-table-text\">Vedrustus <\/span><\/td>\n<td class=\"premium-table-cell\"><span class=\"premium-table-text\">Ees\/taga: topelt \u00f5\u00f5tshoobadega s\u00f5ltumatu vedrustus <\/span><\/td>\n<\/tr>\n<tr class=\"premium-table-row\">\n<td class=\"premium-table-cell\"><span class=\"premium-table-text\">Amortisaatorid <\/span><\/td>\n<td class=\"premium-table-cell\"><span class=\"premium-table-text\">Ees: gaasiamortisaatorid <\/span><\/td>\n<\/tr>\n<tr class=\"premium-table-row\">\n<td class=\"premium-table-cell\"><span class=\"premium-table-text\"> Veljed <\/span><\/td>\n<td class=\"premium-table-cell\"><\/td>\n<\/tr>\n<tr class=\"premium-table-row\">\n<td class=\"premium-table-cell\"><span class=\"premium-table-text\">Ees: <\/span><\/td>\n<td class=\"premium-table-cell\"><span class=\"premium-table-text\">14 x 7.0 AT <\/span><\/td>\n<\/tr>\n<tr class=\"premium-table-row\">\n<td class=\"premium-table-cell\"><span class=\"premium-table-text\">Taga: <\/span><\/td>\n<td class=\"premium-table-cell\"><span class=\"premium-table-text\">14 x 8.0 AT <\/span><\/td>\n<\/tr>\n<tr class=\"premium-table-row\">\n<td class=\"premium-table-cell\"><span class=\"premium-table-text\">Rehvim\u00f5\u00f5dud <\/span><\/td>\n<td class=\"premium-table-cell\"><\/td>\n<\/tr>\n<tr class=\"premium-table-row\">\n<td class=\"premium-table-cell\"><span class=\"premium-table-text\">Ees: <\/span><\/td>\n<td class=\"premium-table-cell\"><span class=\"premium-table-text\">27 x 9.00 R14 <\/span><\/td>\n<\/tr>\n<tr class=\"premium-table-row\">\n<td class=\"premium-table-cell\"><span class=\"premium-table-text\">Taga: <\/span><\/td>\n<td class=\"premium-table-cell\"><span class=\"premium-table-text\">27 x 11.00 R14 <\/span><\/td>\n<\/tr>\n<tr class=\"premium-table-row\">\n<td class=\"premium-table-cell\"><span class=\"premium-table-text\">* T\u00fchikaalu hulka loetakse: \u25cf juhikaal \u25cf aku \u25cf s\u00f5iduki vajalikud vedelikud <\/span><\/td>\n<td class=\"premium-table-cell\"><\/td>\n<\/tr>\n<\/tbody>\n<\/table>\n<\/div>\n<p><strong>ZFORCE 950 Sport 4<\/strong> on UUS neljakohaline SSV. Tegemist on 950 Sport mudeliga samale baasile ehitatud pika versiooniga, mis v\u00f5imaldab koos s\u00f5iduelamuse nautimist koguni 4-l inimesel. Sport 4 mudel on loodud maastikul seiklema ning ei j\u00e4\u00e4 h\u00e4tta ka karmimal pinnasel s\u00f5ites. Vaatamata s\u00f5iduki pikkusest, on tegemist v\u00e4ga v\u00e4leda masinaga, mis saab hakkama ka metsaradadel s\u00f5itmisega.<\/p>\n<p>ZFORCE 950 Sport 4 on varustatud v\u00f5imeka 63.5 kW vedelikjahutuse ning BOSCH\u2019i sissepritse toitel t\u00f6\u00f6tava bensiinimootoriga. CVT variaator\u00fclekanne pakub \u00fclimalt sujuvat s\u00f5iduelamust mistahes tingimustes ning sind teel juba h\u00e4tta ei j\u00e4ta. Kuna tegemist on suurema masinaga v\u00f5ib oodata, et sellega saab l\u00e4bida ka pikemaid vahemaid, mist\u00f5ttu on selle SSV k\u00fctusepaak koguni 37-liitrit. Mitmek\u00fclgsuse eest kannavad hoolt 2 s\u00f5idure\u017eiimi ( SPORT ja NORMAL ), mis t\u00e4hendab, et s\u00f5iduelamust saab vastavalt soovile v\u00f5i olukorrale kergesti sobitada. Sport s\u00f5idure\u017eiimi kasutamisel on kiirendamine tunduvalt agressiivsem. Normal re\u017eiimiga saab nautida rahulikku ning sujuvat s\u00f5itu.<\/p>\n<p>Lisaks kahele s\u00f5idure\u017eiimile ning v\u00f5imekale mootorile v\u00f5ib ZFORCE 950 Sport 4 varustuse hulgast leida veel ka veoskeemi vahetamise v\u00f5imaluse, mis on vaid \u00fche nupuvajutuse kaugusel. Nimelt on v\u00f5imalik valida 2WD, 4WD ning lukustatava 4WD vahel. EPS ehk elektriline rooliv\u00f5imendi muudab s\u00f5iduki juhtimise kergeks ning nauditavaks.<\/p>\n<p>\u00dckski maastikus\u00f5iduk ei oleks maastikul edukas ilma kvaliteetsete maastikurehvideta. Seet\u00f5ttu on ZFORCE 950 Sport 4 varustatud mitmek\u00fclgsete 27-tolliste maastikurehvidega, millega on mugav s\u00f5ita nii asfaltkattega teedel kui ka konarlikul ja m\u00e4gisel matkarajal. Samuti on SSV-l all 14-tollised Beadlock veljed, mis lisaks heale v\u00e4ljan\u00e4gemisele pakuvad ka mitmek\u00fclgsust maastikul.<\/p>\n<p>ZFORCE 950 Sport SSV on varustatud t\u00e4is LED tuledega nii ees kui taga. Lisaks LED tulede ilusale v\u00e4limusele ja disainile on need ka s\u00e4\u00e4stlikumad ning valgustavad teed \u00fchtlasemalt. S\u00f5iduki eesotsast v\u00f5ib leida ka k\u00f5ikide CFMOTO maastikus\u00f5idukite puhul baasvarustusse kuuluva elektrilise t\u00f5mbevintsi, mille t\u00f5mbej\u00f5ud on koguni 1590 kg. See v\u00f5imaldab n\u00e4iteks poristel metsateedel enda v\u00f5i m\u00f5ne teise s\u00f5iduki h\u00e4dast v\u00e4lja aitamist, kuid samuti v\u00f5ib olla see ka abimeheks kodut\u00f6\u00f6del.<\/p>\n<p>Hea \u00fclevaate k\u00f5igest vajalikust s\u00f5iduki kohta annab 5-tolline TFT ekraan, mis on mugavalt paigutatud juhi ette. Lisaks k\u00f5igele leidub ZFORCE 950 Sport 4 mudeli varustuse \u00a0hulgast ka kvaliteetsed pool-uksed, 150kg kandev\u00f5imega ning tolmukindla suletava kattega panipaik s\u00f5iduki tagaosas, kaasreisija k\u00e4epideme ning ka teisaldatava haakekonksu. ZFORCE j\u00f5udluse ja mitmek\u00fclgsusega v\u00f5id kindel olla, et j\u00f5uad turvaliselt sihtkohta ning kaasa v\u00f5tad unustamatud kogemused.<\/p>","protected":false},"excerpt":{"rendered":"<p><strong>\u00a0<\/strong><b>J\u00f5uallikas<\/b>\u00a0: V2 kahe silindriline, vedelikjahutusega, 4-takti, SOCH.<br \/>\n<b>V\u00f5imsus<\/b>\u00a0: 62.6 KW<br \/>\n<strong>Toide<\/strong>\u00a0: Bosch EFI sissepritses\u00fcsteem<br \/>\n<strong>Veoskeem<\/strong>\u00a0: tagavedu \/ l\u00fclitatav nelikvedu l\u00e4bi esi diferentsiaali \/ lukustatav nelikvedu.<br \/>\n<b>S\u00f5idure\u017eiimid<\/b>\u00a0: Normal \/ Sport<br \/>\n<strong>Istekohti<\/strong>\u00a0: 4<br \/>\n<strong>\u00dclekanne<\/strong>\u00a0: automaat \u2013 CV-Tech variaator.<br \/>\n<strong>Pidurid<\/strong>\u00a0: 4x h\u00fcdraulilised ketaspidurid \/ seisupidur.<br \/>\n<strong>Pukseerimisseadmed<\/strong>\u00a0: t\u00f5mbevints, pukseerimiskonks ning haagise tulede pistik 7pin.<br \/>\n<strong>Vedrustus<\/strong>\u00a0: topelt \u00f5\u00f5tshoobadega s\u00f5ltumatu vedrustus<br \/>\n<b>Amortisaatorid<\/b>\u00a0: Gaasiamortisaatorid ees<\/p>","protected":false},"featured_media":3777,"template":"","meta":[],"product_cat":[49],"product_tag":[],"class_list":{"0":"post-3487","1":"product","2":"type-product","3":"status-publish","4":"has-post-thumbnail","6":"product_cat-ssv","8":"first","9":"instock","10":"taxable","11":"shipping-taxable","12":"purchasable","13":"product-type-variable","14":"has-default-attributes"},"yoast_head":"<!-- This site is optimized with the Yoast SEO plugin v23.9 - https:\/\/yoast.com\/wordpress\/plugins\/seo\/ -->\n<title>ZFORCE 950 Sport 4 | CFMoto Sirtaki<\/title>\n<meta name=\"robots\" content=\"index, follow, max-snippet:-1, max-image-preview:large, max-video-preview:-1\" \/>\n<link rel=\"canonical\" href=\"https:\/\/moto.sirtaki.ee\/ru\/product\/zforce-950-sport-4\/\" \/>\n<meta property=\"og:locale\" content=\"ru_RU\" \/>\n<meta property=\"og:type\" content=\"article\" \/>\n<meta property=\"og:title\" content=\"ZFORCE 950 Sport 4 | CFMoto Sirtaki\" \/>\n<meta property=\"og:description\" content=\"\u00a0J\u00f5uallikas\u00a0: V2 kahe silindriline, vedelikjahutusega, 4-takti, SOCH. V\u00f5imsus\u00a0: 62.6 KW Toide\u00a0: Bosch EFI sissepritses\u00fcsteem Veoskeem\u00a0: tagavedu \/ l\u00fclitatav nelikvedu l\u00e4bi esi diferentsiaali \/ lukustatav nelikvedu. S\u00f5idure\u017eiimid\u00a0: Normal \/ Sport Istekohti\u00a0: 4 \u00dclekanne\u00a0: automaat \u2013 CV-Tech variaator. Pidurid\u00a0: 4x h\u00fcdraulilised ketaspidurid \/ seisupidur. Pukseerimisseadmed\u00a0: t\u00f5mbevints, pukseerimiskonks ning haagise tulede pistik 7pin. Vedrustus\u00a0: topelt \u00f5\u00f5tshoobadega s\u00f5ltumatu vedrustus Amortisaatorid\u00a0: Gaasiamortisaatorid ees\" \/>\n<meta property=\"og:url\" content=\"https:\/\/moto.sirtaki.ee\/ru\/product\/zforce-950-sport-4\/\" \/>\n<meta property=\"og:site_name\" content=\"CFMoto Sirtaki\" \/>\n<meta property=\"article:modified_time\" content=\"2024-12-10T11:28:36+00:00\" \/>\n<meta property=\"og:image\" content=\"https:\/\/moto.sirtaki.ee\/wp-content\/uploads\/2024\/10\/ZFORCE950SPORT_4.jpg\" \/>\n\t<meta property=\"og:image:width\" content=\"1875\" \/>\n\t<meta property=\"og:image:height\" content=\"1875\" \/>\n\t<meta property=\"og:image:type\" content=\"image\/jpeg\" \/>\n<meta name=\"twitter:card\" content=\"summary_large_image\" \/>\n<script type=\"application\/ld+json\" class=\"yoast-schema-graph\">{\"@context\":\"https:\/\/schema.org\",\"@graph\":[{\"@type\":\"WebPage\",\"@id\":\"https:\/\/moto.sirtaki.ee\/product\/zforce-950-sport-4\/\",\"url\":\"https:\/\/moto.sirtaki.ee\/product\/zforce-950-sport-4\/\",\"name\":\"ZFORCE 950 Sport 4 | CFMoto Sirtaki\",\"isPartOf\":{\"@id\":\"https:\/\/moto.sirtaki.ee\/#website\"},\"primaryImageOfPage\":{\"@id\":\"https:\/\/moto.sirtaki.ee\/product\/zforce-950-sport-4\/#primaryimage\"},\"image\":{\"@id\":\"https:\/\/moto.sirtaki.ee\/product\/zforce-950-sport-4\/#primaryimage\"},\"thumbnailUrl\":\"https:\/\/moto.sirtaki.ee\/wp-content\/uploads\/2024\/10\/ZFORCE950SPORT_4.jpg\",\"datePublished\":\"2024-10-31T06:30:25+00:00\",\"dateModified\":\"2024-12-10T11:28:36+00:00\",\"breadcrumb\":{\"@id\":\"https:\/\/moto.sirtaki.ee\/product\/zforce-950-sport-4\/#breadcrumb\"},\"inLanguage\":\"ru-RU\",\"potentialAction\":[{\"@type\":\"ReadAction\",\"target\":[\"https:\/\/moto.sirtaki.ee\/product\/zforce-950-sport-4\/\"]}]},{\"@type\":\"ImageObject\",\"inLanguage\":\"ru-RU\",\"@id\":\"https:\/\/moto.sirtaki.ee\/product\/zforce-950-sport-4\/#primaryimage\",\"url\":\"https:\/\/moto.sirtaki.ee\/wp-content\/uploads\/2024\/10\/ZFORCE950SPORT_4.jpg\",\"contentUrl\":\"https:\/\/moto.sirtaki.ee\/wp-content\/uploads\/2024\/10\/ZFORCE950SPORT_4.jpg\",\"width\":1875,\"height\":1875},{\"@type\":\"BreadcrumbList\",\"@id\":\"https:\/\/moto.sirtaki.ee\/product\/zforce-950-sport-4\/#breadcrumb\",\"itemListElement\":[{\"@type\":\"ListItem\",\"position\":1,\"name\":\"Home\",\"item\":\"https:\/\/moto.sirtaki.ee\/\"},{\"@type\":\"ListItem\",\"position\":2,\"name\":\"Shop\",\"item\":\"https:\/\/moto.sirtaki.ee\/shop\/\"},{\"@type\":\"ListItem\",\"position\":3,\"name\":\"ZFORCE 950 Sport 4\"}]},{\"@type\":\"WebSite\",\"@id\":\"https:\/\/moto.sirtaki.ee\/#website\",\"url\":\"https:\/\/moto.sirtaki.ee\/\",\"name\":\"CFMoto Sirtaki\",\"description\":\"\",\"potentialAction\":[{\"@type\":\"SearchAction\",\"target\":{\"@type\":\"EntryPoint\",\"urlTemplate\":\"https:\/\/moto.sirtaki.ee\/?s={search_term_string}\"},\"query-input\":{\"@type\":\"PropertyValueSpecification\",\"valueRequired\":true,\"valueName\":\"search_term_string\"}}],\"inLanguage\":\"ru-RU\"}]}<\/script>\n<!-- \/ Yoast SEO plugin. -->","yoast_head_json":{"title":"ZFORCE 950 Sport 4 | CFMoto Sirtaki","robots":{"index":"index","follow":"follow","max-snippet":"max-snippet:-1","max-image-preview":"max-image-preview:large","max-video-preview":"max-video-preview:-1"},"canonical":"https:\/\/moto.sirtaki.ee\/ru\/product\/zforce-950-sport-4\/","og_locale":"ru_RU","og_type":"article","og_title":"ZFORCE 950 Sport 4 | CFMoto Sirtaki","og_description":"\u00a0J\u00f5uallikas\u00a0: V2 kahe silindriline, vedelikjahutusega, 4-takti, SOCH. V\u00f5imsus\u00a0: 62.6 KW Toide\u00a0: Bosch EFI sissepritses\u00fcsteem Veoskeem\u00a0: tagavedu \/ l\u00fclitatav nelikvedu l\u00e4bi esi diferentsiaali \/ lukustatav nelikvedu. S\u00f5idure\u017eiimid\u00a0: Normal \/ Sport Istekohti\u00a0: 4 \u00dclekanne\u00a0: automaat \u2013 CV-Tech variaator. Pidurid\u00a0: 4x h\u00fcdraulilised ketaspidurid \/ seisupidur. Pukseerimisseadmed\u00a0: t\u00f5mbevints, pukseerimiskonks ning haagise tulede pistik 7pin. Vedrustus\u00a0: topelt \u00f5\u00f5tshoobadega s\u00f5ltumatu vedrustus Amortisaatorid\u00a0: Gaasiamortisaatorid ees","og_url":"https:\/\/moto.sirtaki.ee\/ru\/product\/zforce-950-sport-4\/","og_site_name":"CFMoto Sirtaki","article_modified_time":"2024-12-10T11:28:36+00:00","og_image":[{"width":1875,"height":1875,"url":"https:\/\/moto.sirtaki.ee\/wp-content\/uploads\/2024\/10\/ZFORCE950SPORT_4.jpg","type":"image\/jpeg"}],"twitter_card":"summary_large_image","schema":{"@context":"https:\/\/schema.org","@graph":[{"@type":"WebPage","@id":"https:\/\/moto.sirtaki.ee\/product\/zforce-950-sport-4\/","url":"https:\/\/moto.sirtaki.ee\/product\/zforce-950-sport-4\/","name":"ZFORCE 950 Sport 4 | CFMoto Sirtaki","isPartOf":{"@id":"https:\/\/moto.sirtaki.ee\/#website"},"primaryImageOfPage":{"@id":"https:\/\/moto.sirtaki.ee\/product\/zforce-950-sport-4\/#primaryimage"},"image":{"@id":"https:\/\/moto.sirtaki.ee\/product\/zforce-950-sport-4\/#primaryimage"},"thumbnailUrl":"https:\/\/moto.sirtaki.ee\/wp-content\/uploads\/2024\/10\/ZFORCE950SPORT_4.jpg","datePublished":"2024-10-31T06:30:25+00:00","dateModified":"2024-12-10T11:28:36+00:00","breadcrumb":{"@id":"https:\/\/moto.sirtaki.ee\/product\/zforce-950-sport-4\/#breadcrumb"},"inLanguage":"ru-RU","potentialAction":[{"@type":"ReadAction","target":["https:\/\/moto.sirtaki.ee\/product\/zforce-950-sport-4\/"]}]},{"@type":"ImageObject","inLanguage":"ru-RU","@id":"https:\/\/moto.sirtaki.ee\/product\/zforce-950-sport-4\/#primaryimage","url":"https:\/\/moto.sirtaki.ee\/wp-content\/uploads\/2024\/10\/ZFORCE950SPORT_4.jpg","contentUrl":"https:\/\/moto.sirtaki.ee\/wp-content\/uploads\/2024\/10\/ZFORCE950SPORT_4.jpg","width":1875,"height":1875},{"@type":"BreadcrumbList","@id":"https:\/\/moto.sirtaki.ee\/product\/zforce-950-sport-4\/#breadcrumb","itemListElement":[{"@type":"ListItem","position":1,"name":"Home","item":"https:\/\/moto.sirtaki.ee\/"},{"@type":"ListItem","position":2,"name":"Shop","item":"https:\/\/moto.sirtaki.ee\/shop\/"},{"@type":"ListItem","position":3,"name":"ZFORCE 950 Sport 4"}]},{"@type":"WebSite","@id":"https:\/\/moto.sirtaki.ee\/#website","url":"https:\/\/moto.sirtaki.ee\/","name":"CFMoto Sirtaki","description":"","potentialAction":[{"@type":"SearchAction","target":{"@type":"EntryPoint","urlTemplate":"https:\/\/moto.sirtaki.ee\/?s={search_term_string}"},"query-input":{"@type":"PropertyValueSpecification","valueRequired":true,"valueName":"search_term_string"}}],"inLanguage":"ru-RU"}]}},"_links":{"self":[{"href":"https:\/\/moto.sirtaki.ee\/ru\/wp-json\/wp\/v2\/product\/3487"}],"collection":[{"href":"https:\/\/moto.sirtaki.ee\/ru\/wp-json\/wp\/v2\/product"}],"about":[{"href":"https:\/\/moto.sirtaki.ee\/ru\/wp-json\/wp\/v2\/types\/product"}],"wp:featuredmedia":[{"embeddable":true,"href":"https:\/\/moto.sirtaki.ee\/ru\/wp-json\/wp\/v2\/media\/3777"}],"wp:attachment":[{"href":"https:\/\/moto.sirtaki.ee\/ru\/wp-json\/wp\/v2\/media?parent=3487"}],"wp:term":[{"taxonomy":"product_cat","embeddable":true,"href":"https:\/\/moto.sirtaki.ee\/ru\/wp-json\/wp\/v2\/product_cat?post=3487"},{"taxonomy":"product_tag","embeddable":true,"href":"https:\/\/moto.sirtaki.ee\/ru\/wp-json\/wp\/v2\/product_tag?post=3487"}],"curies":[{"name":"wp","href":"https:\/\/api.w.org\/{rel}","templated":true}]}}