{"id":3496,"date":"2024-10-31T09:35:46","date_gmt":"2024-10-31T06:35:46","guid":{"rendered":"https:\/\/moto.sirtaki.ee\/?post_type=product&#038;p=3496"},"modified":"2024-12-10T14:28:33","modified_gmt":"2024-12-10T11:28:33","slug":"zforce-1000-sport-r-ssv","status":"publish","type":"product","link":"https:\/\/moto.sirtaki.ee\/ru\/product\/zforce-1000-sport-r-ssv\/","title":{"rendered":"ZFORCE 1000 Sport R SSV"},"content":{"rendered":"<h3 class=\"elementor-heading-title elementor-size-default\">SSV ZFORCE 1000 Sport R tehnilised andmed<\/h3>\n<div class=\"premium-table-wrap premium-table-responsive\">\n<table class=\"premium-table\" data-settings=\"{&quot;sort&quot;:false,&quot;usNumbers&quot;:false,&quot;sortMob&quot;:false,&quot;search&quot;:false,&quot;records&quot;:false,&quot;dataType&quot;:&quot;csv&quot;,&quot;csvFile&quot;:&quot;https:\\\/\\\/docs.google.com\\\/spreadsheets\\\/d\\\/e\\\/2PACX-1vSWRpmYnxCZz-RDevJTFcuQdYKsUX8Sgn7vmpeFklKP2HK9aYiTTg9D6e6_l_8M7l4LxmGDWHpL3vk1\\\/pub?gid=0&amp;single=true&amp;output=csv&quot;,&quot;firstRow&quot;:&quot;head&quot;,&quot;separator&quot;:&quot;,&quot;,&quot;pagination&quot;:&quot;&quot;,&quot;rows&quot;:0,&quot;id&quot;:&quot;9505e09&quot;,&quot;reload&quot;:&quot;day&quot;}\">\n<thead class=\"premium-table-head\">\n<tr class=\"premium-table-row\">\n<th class=\"premium-table-cell\"><span class=\"premium-table-text\">SSV mudel <\/span><\/th>\n<th class=\"premium-table-cell\"><span class=\"premium-table-text\">ZFORCE 1000 Sport R T1b <\/span><\/th>\n<\/tr>\n<\/thead>\n<tbody>\n<tr class=\"premium-table-row\">\n<td class=\"premium-table-cell\"><span class=\"premium-table-text\">EU t\u00fc\u00fcbikinnitus <\/span><\/td>\n<td class=\"premium-table-cell\"><span class=\"premium-table-text\">167 \/ T1b <\/span><\/td>\n<\/tr>\n<tr class=\"premium-table-row\">\n<td class=\"premium-table-cell\"><span class=\"premium-table-text\">Tehaset\u00e4his <\/span><\/td>\n<td class=\"premium-table-cell\"><span class=\"premium-table-text\">CF1000UTR-C <\/span><\/td>\n<\/tr>\n<tr class=\"premium-table-row\">\n<td class=\"premium-table-cell\"><span class=\"premium-table-text\">\u00dcldandmed <\/span><\/td>\n<td class=\"premium-table-cell\"><\/td>\n<\/tr>\n<tr class=\"premium-table-row\">\n<td class=\"premium-table-cell\"><span class=\"premium-table-text\">Pikkus x laius x k\u00f5rgus (mm) <\/span><\/td>\n<td class=\"premium-table-cell\"><span class=\"premium-table-text\">3185 x 1650 x 1855 mm <\/span><\/td>\n<\/tr>\n<tr class=\"premium-table-row\">\n<td class=\"premium-table-cell\"><span class=\"premium-table-text\">Teljevahe (mm) <\/span><\/td>\n<td class=\"premium-table-cell\"><span class=\"premium-table-text\">2285 mm <\/span><\/td>\n<\/tr>\n<tr class=\"premium-table-row\">\n<td class=\"premium-table-cell\"><span class=\"premium-table-text\">Istme k\u00f5rgus (mm) <\/span><\/td>\n<td class=\"premium-table-cell\"><span class=\"premium-table-text\">395 mm <\/span><\/td>\n<\/tr>\n<tr class=\"premium-table-row\">\n<td class=\"premium-table-cell\"><span class=\"premium-table-text\">Kliirens (mm) <\/span><\/td>\n<td class=\"premium-table-cell\"><span class=\"premium-table-text\">340 mm <\/span><\/td>\n<\/tr>\n<tr class=\"premium-table-row\">\n<td class=\"premium-table-cell\"><span class=\"premium-table-text\">Minimaalne p\u00f6\u00f6rdediameeter (m) <\/span><\/td>\n<td class=\"premium-table-cell\"><span class=\"premium-table-text\">11 \u00b1 0.5 m <\/span><\/td>\n<\/tr>\n<tr class=\"premium-table-row\">\n<td class=\"premium-table-cell\"><span class=\"premium-table-text\">T\u00fchimass (kg) *<\/span><\/td>\n<td class=\"premium-table-cell\"><span class=\"premium-table-text\">775 kg * <\/span><\/td>\n<\/tr>\n<tr class=\"premium-table-row\">\n<td class=\"premium-table-cell\"><span class=\"premium-table-text\">Maksimaalne kandev\u00f5ime (kg) <\/span><\/td>\n<td class=\"premium-table-cell\"><span class=\"premium-table-text\">290 kg <\/span><\/td>\n<\/tr>\n<tr class=\"premium-table-row\">\n<td class=\"premium-table-cell\"><span class=\"premium-table-text\">K\u00fctusepaagi maht (L) <\/span><\/td>\n<td class=\"premium-table-cell\"><span class=\"premium-table-text\">36.5 L <\/span><\/td>\n<\/tr>\n<tr class=\"premium-table-row\">\n<td class=\"premium-table-cell\"><span class=\"premium-table-text\">Maksimaalne lubatud kiirus (km\/h) <\/span><\/td>\n<td class=\"premium-table-cell\"><span class=\"premium-table-text\">60 km\/h <\/span><\/td>\n<\/tr>\n<tr class=\"premium-table-row\">\n<td class=\"premium-table-cell\"><span class=\"premium-table-text\">Mootor <\/span><\/td>\n<td class=\"premium-table-cell\"><\/td>\n<\/tr>\n<tr class=\"premium-table-row\">\n<td class=\"premium-table-cell\"><span class=\"premium-table-text\">Mootori t\u00fc\u00fcp <\/span><\/td>\n<td class=\"premium-table-cell\"><span class=\"premium-table-text\">V2 kahe silindriline \/ vedelikjahutusega \/ 4-taktiline \/ 8-klapiline SOCH <\/span><\/td>\n<\/tr>\n<tr class=\"premium-table-row\">\n<td class=\"premium-table-cell\"><span class=\"premium-table-text\">Mootori t\u00f6\u00f6maht (cc) <\/span><\/td>\n<td class=\"premium-table-cell\"><span class=\"premium-table-text\">963 cc <\/span><\/td>\n<\/tr>\n<tr class=\"premium-table-row\">\n<td class=\"premium-table-cell\"><span class=\"premium-table-text\">Kolvik\u00e4ik (mm) <\/span><\/td>\n<td class=\"premium-table-cell\"><span class=\"premium-table-text\">91.0 \u00d7 74 mm <\/span><\/td>\n<\/tr>\n<tr class=\"premium-table-row\">\n<td class=\"premium-table-cell\"><span class=\"premium-table-text\">V\u00f5imsus (kW\/rpm) <\/span><\/td>\n<td class=\"premium-table-cell\"><span class=\"premium-table-text\">62.4 kW\/7750 rpm <\/span><\/td>\n<\/tr>\n<tr class=\"premium-table-row\">\n<td class=\"premium-table-cell\"><span class=\"premium-table-text\">Maksimaalne p\u00f6\u00f6rdemoment (N\u00b7m\/rpm) <\/span><\/td>\n<td class=\"premium-table-cell\"><span class=\"premium-table-text\">87 N\u00b7m\/6750 rpm <\/span><\/td>\n<\/tr>\n<tr class=\"premium-table-row\">\n<td class=\"premium-table-cell\"><span class=\"premium-table-text\">Surveaste <\/span><\/td>\n<td class=\"premium-table-cell\"><span class=\"premium-table-text\">10.6:1 <\/span><\/td>\n<\/tr>\n<tr class=\"premium-table-row\">\n<td class=\"premium-table-cell\"><span class=\"premium-table-text\">Toites\u00fcsteem <\/span><\/td>\n<td class=\"premium-table-cell\"><span class=\"premium-table-text\">EFI Bosch <\/span><\/td>\n<\/tr>\n<tr class=\"premium-table-row\">\n<td class=\"premium-table-cell\"><span class=\"premium-table-text\">S\u00fc\u00fctes\u00fcsteem <\/span><\/td>\n<td class=\"premium-table-cell\"><span class=\"premium-table-text\">ECU Bosch <\/span><\/td>\n<\/tr>\n<tr class=\"premium-table-row\">\n<td class=\"premium-table-cell\"><span class=\"premium-table-text\">\u00dclekanne <\/span><\/td>\n<td class=\"premium-table-cell\"><span class=\"premium-table-text\">CVT <\/span><\/td>\n<\/tr>\n<tr class=\"premium-table-row\">\n<td class=\"premium-table-cell\"><span class=\"premium-table-text\">Veermik <\/span><\/td>\n<td class=\"premium-table-cell\"><\/td>\n<\/tr>\n<tr class=\"premium-table-row\">\n<td class=\"premium-table-cell\"><span class=\"premium-table-text\">Veoskeem <\/span><\/td>\n<td class=\"premium-table-cell\"><span class=\"premium-table-text\">2WD \/ 4WD \/ lukustatav 4WD <\/span><\/td>\n<\/tr>\n<tr class=\"premium-table-row\">\n<td class=\"premium-table-cell\"><span class=\"premium-table-text\">Rooliv\u00f5imendi <\/span><\/td>\n<td class=\"premium-table-cell\"><span class=\"premium-table-text\">Jah <\/span><\/td>\n<\/tr>\n<tr class=\"premium-table-row\">\n<td class=\"premium-table-cell\"><span class=\"premium-table-text\">Pidurid <\/span><\/td>\n<td class=\"premium-table-cell\"><span class=\"premium-table-text\">H\u00fcdraulilised ketaspidurid <\/span><\/td>\n<\/tr>\n<tr class=\"premium-table-row\">\n<td class=\"premium-table-cell\"><span class=\"premium-table-text\">Vedrustus <\/span><\/td>\n<td class=\"premium-table-cell\"><span class=\"premium-table-text\">Ees\/taga: topelt \u00f5\u00f5tshoobadega s\u00f5ltumatu vedrustus <\/span><\/td>\n<\/tr>\n<tr class=\"premium-table-row\">\n<td class=\"premium-table-cell\"><span class=\"premium-table-text\">Amortisaatorid <\/span><\/td>\n<td class=\"premium-table-cell\"><span class=\"premium-table-text\">Ees\/taga: Reguleeritavad gaasiamordid <\/span><\/td>\n<\/tr>\n<tr class=\"premium-table-row\">\n<td class=\"premium-table-cell\"><span class=\"premium-table-text\"> Veljed <\/span><\/td>\n<td class=\"premium-table-cell\"><\/td>\n<\/tr>\n<tr class=\"premium-table-row\">\n<td class=\"premium-table-cell\"><span class=\"premium-table-text\">Ees: <\/span><\/td>\n<td class=\"premium-table-cell\"><span class=\"premium-table-text\">14 x 7.0 AT <\/span><\/td>\n<\/tr>\n<tr class=\"premium-table-row\">\n<td class=\"premium-table-cell\"><span class=\"premium-table-text\">Taga: <\/span><\/td>\n<td class=\"premium-table-cell\"><span class=\"premium-table-text\">14 x 7.0 AT <\/span><\/td>\n<\/tr>\n<tr class=\"premium-table-row\">\n<td class=\"premium-table-cell\"><span class=\"premium-table-text\">Rehvim\u00f5\u00f5dud <\/span><\/td>\n<td class=\"premium-table-cell\"><\/td>\n<\/tr>\n<tr class=\"premium-table-row\">\n<td class=\"premium-table-cell\"><span class=\"premium-table-text\">Ees: <\/span><\/td>\n<td class=\"premium-table-cell\"><span class=\"premium-table-text\">29 x 9.00 R14 <\/span><\/td>\n<\/tr>\n<tr class=\"premium-table-row\">\n<td class=\"premium-table-cell\"><span class=\"premium-table-text\">Taga: <\/span><\/td>\n<td class=\"premium-table-cell\"><span class=\"premium-table-text\">29 x 11.00 R14 <\/span><\/td>\n<\/tr>\n<tr class=\"premium-table-row\">\n<td class=\"premium-table-cell\"><span class=\"premium-table-text\">* T\u00fchikaalu hulka loetakse: \u25cf juhikaal \u25cf aku \u25cf s\u00f5iduki vajalikud vedelikud <\/span><\/td>\n<td class=\"premium-table-cell\"><\/td>\n<\/tr>\n<\/tbody>\n<\/table>\n<\/div>\n<p>Uue p\u00f5lvkonna <b>ZFORCE 1000 SPORT R<\/b> ehk ultramodernse disainiga <b>Z10<\/b>. Pikema teljevahe, k\u00f5rgema kliirensi, elektrilise gaasipedaaliga sportlik matka- ja maastikus\u00f5iduk. <b>Elektrooniline rooliv\u00f5imendi<\/b> ja <b>pikk teljevahe<\/b> tagab sujuva ja t\u00e4pse juhitavuse ka keerulisemal maastikul. Pikad \u201eswing arm\u201c t\u00fc\u00fcpi \u00f5\u00f5tshoovad v\u00f5imaldavad t\u00e4nu pika k\u00e4iguga amortisaatoritele k\u00f5rgemat kliirensit, misst\u00f5ttu on l\u00e4bivusv\u00f5ime veelgi parem. L\u00fclitist muudetav s\u00f5idureziimide valik <b>REGULAR<\/b> \/<b>SPORT<\/b>, plastkatus, reguleeritav roolisamba k\u00f5rgus ja palju muud. <b>29 tollised madalsurve rehvid<\/b>, <b>14 BEADLOCK t\u00fc\u00fcpi kergmetallveljed<\/b>, v\u00f5imsa valgusj\u00f5uga <b>LED<\/b> t\u00fc\u00fcpi tuled, plastkatus, <b>t\u00f5mbevints<\/b> ja haakekonks ning <b>T1b<\/b> t\u00fc\u00fcbikinnitus kuuluvad standardvarustuse hulka. Lisadena on pakkuda p\u00f5hjakaitset ja kaitseraudasid, peagi ka sportlikuma s\u00f5idustiili harrastajatele vastavat turvapuuri, 4-punkti turvav\u00f6\u00f6sid ja ELKA\u00a0 amortisaatoreid.<\/p>","protected":false},"excerpt":{"rendered":"<p><b>J\u00f5uallikas<\/b> : V2 kahe silindriline, vedelikjahutusega, 4-takti, 8-klappi, SOCH.<br \/>\n<strong>V\u00f5imsus<\/strong> : 62.4 KW<br \/>\n<strong>Toide<\/strong>\u00a0: Bosch EFI sissepritses\u00fcsteem<br \/>\n<strong>Veoskeem<\/strong>\u00a0: tagavedu \/ l\u00fclitatav nelikvedu l\u00e4bi esi diferentsiaali \/ lukustatav nelikvedu.<br \/>\n<strong>K\u00e4igud<\/strong>\u00a0: H \u2013 L \u2013 N \u2013 R \u2013 P<br \/>\n<b>S\u00f5idure\u017eiimid<\/b>\u00a0: Normal \/ Sport<br \/>\n<strong>Istekohti<\/strong>\u00a0: 2<br \/>\n<strong>\u00dclekanne<\/strong>\u00a0: automaat \u2013 CV-Tech variaator.<br \/>\n<strong>Pidurid<\/strong> : 4x h\u00fcdraulilised ketaspidurid \/ seisupidur.<br \/>\n<strong>Pukseerimisseadmed<\/strong> : t\u00f5mbevints, pukseerimiskonks ning haagise tulede pistik 7pin.<br \/>\n<strong>Vedrustus<\/strong> : topelt \u00f5\u00f5tshoobadega s\u00f5ltumatu vedrustus \u2013 4x\u00a0 \u00f5li\/gaasi t\u00fc\u00fcpi amortisaatorid.<\/p>","protected":false},"featured_media":3781,"template":"","meta":[],"product_cat":[49],"product_tag":[],"class_list":{"0":"post-3496","1":"product","2":"type-product","3":"status-publish","4":"has-post-thumbnail","6":"product_cat-ssv","8":"first","9":"instock","10":"taxable","11":"shipping-taxable","12":"purchasable","13":"product-type-variable","14":"has-default-attributes"},"yoast_head":"<!-- This site is optimized with the Yoast SEO plugin v23.9 - https:\/\/yoast.com\/wordpress\/plugins\/seo\/ -->\n<title>ZFORCE 1000 Sport R SSV | CFMoto Sirtaki<\/title>\n<meta name=\"robots\" content=\"index, follow, max-snippet:-1, max-image-preview:large, max-video-preview:-1\" \/>\n<link rel=\"canonical\" href=\"https:\/\/moto.sirtaki.ee\/ru\/product\/zforce-1000-sport-r-ssv\/\" \/>\n<meta property=\"og:locale\" content=\"ru_RU\" \/>\n<meta property=\"og:type\" content=\"article\" \/>\n<meta property=\"og:title\" content=\"ZFORCE 1000 Sport R SSV | CFMoto Sirtaki\" \/>\n<meta property=\"og:description\" content=\"J\u00f5uallikas : V2 kahe silindriline, vedelikjahutusega, 4-takti, 8-klappi, SOCH. V\u00f5imsus : 62.4 KW Toide\u00a0: Bosch EFI sissepritses\u00fcsteem Veoskeem\u00a0: tagavedu \/ l\u00fclitatav nelikvedu l\u00e4bi esi diferentsiaali \/ lukustatav nelikvedu. K\u00e4igud\u00a0: H \u2013 L \u2013 N \u2013 R \u2013 P S\u00f5idure\u017eiimid\u00a0: Normal \/ Sport Istekohti\u00a0: 2 \u00dclekanne\u00a0: automaat \u2013 CV-Tech variaator. Pidurid : 4x h\u00fcdraulilised ketaspidurid \/ seisupidur. Pukseerimisseadmed : t\u00f5mbevints, pukseerimiskonks ning haagise tulede pistik 7pin. Vedrustus : topelt \u00f5\u00f5tshoobadega s\u00f5ltumatu vedrustus \u2013 4x\u00a0 \u00f5li\/gaasi t\u00fc\u00fcpi amortisaatorid.\" \/>\n<meta property=\"og:url\" content=\"https:\/\/moto.sirtaki.ee\/ru\/product\/zforce-1000-sport-r-ssv\/\" \/>\n<meta property=\"og:site_name\" content=\"CFMoto Sirtaki\" \/>\n<meta property=\"article:modified_time\" content=\"2024-12-10T11:28:33+00:00\" \/>\n<meta property=\"og:image\" content=\"https:\/\/moto.sirtaki.ee\/wp-content\/uploads\/2024\/10\/ZFORCE1000_SPORT-1.jpg\" \/>\n\t<meta property=\"og:image:width\" content=\"1875\" \/>\n\t<meta property=\"og:image:height\" content=\"1875\" \/>\n\t<meta property=\"og:image:type\" content=\"image\/jpeg\" \/>\n<meta name=\"twitter:card\" content=\"summary_large_image\" \/>\n<script type=\"application\/ld+json\" class=\"yoast-schema-graph\">{\"@context\":\"https:\/\/schema.org\",\"@graph\":[{\"@type\":\"WebPage\",\"@id\":\"https:\/\/moto.sirtaki.ee\/product\/zforce-1000-sport-r-ssv\/\",\"url\":\"https:\/\/moto.sirtaki.ee\/product\/zforce-1000-sport-r-ssv\/\",\"name\":\"ZFORCE 1000 Sport R SSV | CFMoto Sirtaki\",\"isPartOf\":{\"@id\":\"https:\/\/moto.sirtaki.ee\/#website\"},\"primaryImageOfPage\":{\"@id\":\"https:\/\/moto.sirtaki.ee\/product\/zforce-1000-sport-r-ssv\/#primaryimage\"},\"image\":{\"@id\":\"https:\/\/moto.sirtaki.ee\/product\/zforce-1000-sport-r-ssv\/#primaryimage\"},\"thumbnailUrl\":\"https:\/\/moto.sirtaki.ee\/wp-content\/uploads\/2024\/10\/ZFORCE1000_SPORT-1.jpg\",\"datePublished\":\"2024-10-31T06:35:46+00:00\",\"dateModified\":\"2024-12-10T11:28:33+00:00\",\"breadcrumb\":{\"@id\":\"https:\/\/moto.sirtaki.ee\/product\/zforce-1000-sport-r-ssv\/#breadcrumb\"},\"inLanguage\":\"ru-RU\",\"potentialAction\":[{\"@type\":\"ReadAction\",\"target\":[\"https:\/\/moto.sirtaki.ee\/product\/zforce-1000-sport-r-ssv\/\"]}]},{\"@type\":\"ImageObject\",\"inLanguage\":\"ru-RU\",\"@id\":\"https:\/\/moto.sirtaki.ee\/product\/zforce-1000-sport-r-ssv\/#primaryimage\",\"url\":\"https:\/\/moto.sirtaki.ee\/wp-content\/uploads\/2024\/10\/ZFORCE1000_SPORT-1.jpg\",\"contentUrl\":\"https:\/\/moto.sirtaki.ee\/wp-content\/uploads\/2024\/10\/ZFORCE1000_SPORT-1.jpg\",\"width\":1875,\"height\":1875},{\"@type\":\"BreadcrumbList\",\"@id\":\"https:\/\/moto.sirtaki.ee\/product\/zforce-1000-sport-r-ssv\/#breadcrumb\",\"itemListElement\":[{\"@type\":\"ListItem\",\"position\":1,\"name\":\"Home\",\"item\":\"https:\/\/moto.sirtaki.ee\/\"},{\"@type\":\"ListItem\",\"position\":2,\"name\":\"Shop\",\"item\":\"https:\/\/moto.sirtaki.ee\/shop\/\"},{\"@type\":\"ListItem\",\"position\":3,\"name\":\"ZFORCE 1000 Sport R SSV\"}]},{\"@type\":\"WebSite\",\"@id\":\"https:\/\/moto.sirtaki.ee\/#website\",\"url\":\"https:\/\/moto.sirtaki.ee\/\",\"name\":\"CFMoto Sirtaki\",\"description\":\"\",\"potentialAction\":[{\"@type\":\"SearchAction\",\"target\":{\"@type\":\"EntryPoint\",\"urlTemplate\":\"https:\/\/moto.sirtaki.ee\/?s={search_term_string}\"},\"query-input\":{\"@type\":\"PropertyValueSpecification\",\"valueRequired\":true,\"valueName\":\"search_term_string\"}}],\"inLanguage\":\"ru-RU\"}]}<\/script>\n<!-- \/ Yoast SEO plugin. -->","yoast_head_json":{"title":"ZFORCE 1000 Sport R SSV | CFMoto Sirtaki","robots":{"index":"index","follow":"follow","max-snippet":"max-snippet:-1","max-image-preview":"max-image-preview:large","max-video-preview":"max-video-preview:-1"},"canonical":"https:\/\/moto.sirtaki.ee\/ru\/product\/zforce-1000-sport-r-ssv\/","og_locale":"ru_RU","og_type":"article","og_title":"ZFORCE 1000 Sport R SSV | CFMoto Sirtaki","og_description":"J\u00f5uallikas : V2 kahe silindriline, vedelikjahutusega, 4-takti, 8-klappi, SOCH. V\u00f5imsus : 62.4 KW Toide\u00a0: Bosch EFI sissepritses\u00fcsteem Veoskeem\u00a0: tagavedu \/ l\u00fclitatav nelikvedu l\u00e4bi esi diferentsiaali \/ lukustatav nelikvedu. K\u00e4igud\u00a0: H \u2013 L \u2013 N \u2013 R \u2013 P S\u00f5idure\u017eiimid\u00a0: Normal \/ Sport Istekohti\u00a0: 2 \u00dclekanne\u00a0: automaat \u2013 CV-Tech variaator. Pidurid : 4x h\u00fcdraulilised ketaspidurid \/ seisupidur. Pukseerimisseadmed : t\u00f5mbevints, pukseerimiskonks ning haagise tulede pistik 7pin. Vedrustus : topelt \u00f5\u00f5tshoobadega s\u00f5ltumatu vedrustus \u2013 4x\u00a0 \u00f5li\/gaasi t\u00fc\u00fcpi amortisaatorid.","og_url":"https:\/\/moto.sirtaki.ee\/ru\/product\/zforce-1000-sport-r-ssv\/","og_site_name":"CFMoto Sirtaki","article_modified_time":"2024-12-10T11:28:33+00:00","og_image":[{"width":1875,"height":1875,"url":"https:\/\/moto.sirtaki.ee\/wp-content\/uploads\/2024\/10\/ZFORCE1000_SPORT-1.jpg","type":"image\/jpeg"}],"twitter_card":"summary_large_image","schema":{"@context":"https:\/\/schema.org","@graph":[{"@type":"WebPage","@id":"https:\/\/moto.sirtaki.ee\/product\/zforce-1000-sport-r-ssv\/","url":"https:\/\/moto.sirtaki.ee\/product\/zforce-1000-sport-r-ssv\/","name":"ZFORCE 1000 Sport R SSV | CFMoto Sirtaki","isPartOf":{"@id":"https:\/\/moto.sirtaki.ee\/#website"},"primaryImageOfPage":{"@id":"https:\/\/moto.sirtaki.ee\/product\/zforce-1000-sport-r-ssv\/#primaryimage"},"image":{"@id":"https:\/\/moto.sirtaki.ee\/product\/zforce-1000-sport-r-ssv\/#primaryimage"},"thumbnailUrl":"https:\/\/moto.sirtaki.ee\/wp-content\/uploads\/2024\/10\/ZFORCE1000_SPORT-1.jpg","datePublished":"2024-10-31T06:35:46+00:00","dateModified":"2024-12-10T11:28:33+00:00","breadcrumb":{"@id":"https:\/\/moto.sirtaki.ee\/product\/zforce-1000-sport-r-ssv\/#breadcrumb"},"inLanguage":"ru-RU","potentialAction":[{"@type":"ReadAction","target":["https:\/\/moto.sirtaki.ee\/product\/zforce-1000-sport-r-ssv\/"]}]},{"@type":"ImageObject","inLanguage":"ru-RU","@id":"https:\/\/moto.sirtaki.ee\/product\/zforce-1000-sport-r-ssv\/#primaryimage","url":"https:\/\/moto.sirtaki.ee\/wp-content\/uploads\/2024\/10\/ZFORCE1000_SPORT-1.jpg","contentUrl":"https:\/\/moto.sirtaki.ee\/wp-content\/uploads\/2024\/10\/ZFORCE1000_SPORT-1.jpg","width":1875,"height":1875},{"@type":"BreadcrumbList","@id":"https:\/\/moto.sirtaki.ee\/product\/zforce-1000-sport-r-ssv\/#breadcrumb","itemListElement":[{"@type":"ListItem","position":1,"name":"Home","item":"https:\/\/moto.sirtaki.ee\/"},{"@type":"ListItem","position":2,"name":"Shop","item":"https:\/\/moto.sirtaki.ee\/shop\/"},{"@type":"ListItem","position":3,"name":"ZFORCE 1000 Sport R SSV"}]},{"@type":"WebSite","@id":"https:\/\/moto.sirtaki.ee\/#website","url":"https:\/\/moto.sirtaki.ee\/","name":"CFMoto Sirtaki","description":"","potentialAction":[{"@type":"SearchAction","target":{"@type":"EntryPoint","urlTemplate":"https:\/\/moto.sirtaki.ee\/?s={search_term_string}"},"query-input":{"@type":"PropertyValueSpecification","valueRequired":true,"valueName":"search_term_string"}}],"inLanguage":"ru-RU"}]}},"_links":{"self":[{"href":"https:\/\/moto.sirtaki.ee\/ru\/wp-json\/wp\/v2\/product\/3496"}],"collection":[{"href":"https:\/\/moto.sirtaki.ee\/ru\/wp-json\/wp\/v2\/product"}],"about":[{"href":"https:\/\/moto.sirtaki.ee\/ru\/wp-json\/wp\/v2\/types\/product"}],"wp:featuredmedia":[{"embeddable":true,"href":"https:\/\/moto.sirtaki.ee\/ru\/wp-json\/wp\/v2\/media\/3781"}],"wp:attachment":[{"href":"https:\/\/moto.sirtaki.ee\/ru\/wp-json\/wp\/v2\/media?parent=3496"}],"wp:term":[{"taxonomy":"product_cat","embeddable":true,"href":"https:\/\/moto.sirtaki.ee\/ru\/wp-json\/wp\/v2\/product_cat?post=3496"},{"taxonomy":"product_tag","embeddable":true,"href":"https:\/\/moto.sirtaki.ee\/ru\/wp-json\/wp\/v2\/product_tag?post=3496"}],"curies":[{"name":"wp","href":"https:\/\/api.w.org\/{rel}","templated":true}]}}