{"id":3514,"date":"2024-10-31T09:46:51","date_gmt":"2024-10-31T06:46:51","guid":{"rendered":"https:\/\/moto.sirtaki.ee\/?post_type=product&#038;p=3514"},"modified":"2024-12-10T14:27:32","modified_gmt":"2024-12-10T11:27:32","slug":"uforce-1000-utv","status":"publish","type":"product","link":"https:\/\/moto.sirtaki.ee\/ru\/product\/uforce-1000-utv\/","title":{"rendered":"UFORCE 1000 UTV"},"content":{"rendered":"<h3 class=\"elementor-heading-title elementor-size-default\">UTV UFORCE 1000 tehnilised andmed<\/h3>\n<div class=\"premium-table-wrap premium-table-responsive\">\n<table class=\"premium-table\" data-settings=\"{&quot;sort&quot;:false,&quot;usNumbers&quot;:false,&quot;sortMob&quot;:false,&quot;search&quot;:false,&quot;records&quot;:false,&quot;dataType&quot;:&quot;csv&quot;,&quot;csvFile&quot;:&quot;https:\\\/\\\/docs.google.com\\\/spreadsheets\\\/d\\\/e\\\/2PACX-1vTFufMhsKucTC7H0DVqohu_rcAepWNOfjEyIqMS54tv8WEozLXZpovD0gEQeCZfJ0wZZQwV5oQ3bNED\\\/pub?gid=0&amp;single=true&amp;output=csv&quot;,&quot;firstRow&quot;:&quot;head&quot;,&quot;separator&quot;:&quot;,&quot;,&quot;pagination&quot;:&quot;&quot;,&quot;rows&quot;:0,&quot;id&quot;:&quot;575565a&quot;,&quot;reload&quot;:&quot;day&quot;}\">\n<thead class=\"premium-table-head\">\n<tr class=\"premium-table-row\">\n<th class=\"premium-table-cell\"><span class=\"premium-table-text\">UTV mudel <\/span><\/th>\n<th class=\"premium-table-cell\"><span class=\"premium-table-text\">UFORCE 1000 T1b <\/span><\/th>\n<\/tr>\n<\/thead>\n<tbody>\n<tr class=\"premium-table-row\">\n<td class=\"premium-table-cell\"><span class=\"premium-table-text\">EU t\u00fc\u00fcbikinnitus <\/span><\/td>\n<td class=\"premium-table-cell\"><span class=\"premium-table-text\">167 \/ T1b <\/span><\/td>\n<\/tr>\n<tr class=\"premium-table-row\">\n<td class=\"premium-table-cell\"><span class=\"premium-table-text\">Tehaset\u00e4his <\/span><\/td>\n<td class=\"premium-table-cell\"><span class=\"premium-table-text\">CF1000UTR-3 <\/span><\/td>\n<\/tr>\n<tr class=\"premium-table-row\">\n<td class=\"premium-table-cell\"><span class=\"premium-table-text\">\u00dcldandmed <\/span><\/td>\n<td class=\"premium-table-cell\"><\/td>\n<\/tr>\n<tr class=\"premium-table-row\">\n<td class=\"premium-table-cell\"><span class=\"premium-table-text\">Pikkus x laius x k\u00f5rgus (mm) <\/span><\/td>\n<td class=\"premium-table-cell\"><span class=\"premium-table-text\">2945x1615x1850 mm <\/span><\/td>\n<\/tr>\n<tr class=\"premium-table-row\">\n<td class=\"premium-table-cell\"><span class=\"premium-table-text\">Teljevahe (mm) <\/span><\/td>\n<td class=\"premium-table-cell\"><span class=\"premium-table-text\">2050 mm <\/span><\/td>\n<\/tr>\n<tr class=\"premium-table-row\">\n<td class=\"premium-table-cell\"><span class=\"premium-table-text\">Istme k\u00f5rgus (mm) <\/span><\/td>\n<td class=\"premium-table-cell\"><span class=\"premium-table-text\">500 mm <\/span><\/td>\n<\/tr>\n<tr class=\"premium-table-row\">\n<td class=\"premium-table-cell\"><span class=\"premium-table-text\">Kliirens (mm) <\/span><\/td>\n<td class=\"premium-table-cell\"><span class=\"premium-table-text\">280 mm <\/span><\/td>\n<\/tr>\n<tr class=\"premium-table-row\">\n<td class=\"premium-table-cell\"><span class=\"premium-table-text\">Minimaalne p\u00f6\u00f6rdediameeter (m)<\/span><\/td>\n<td class=\"premium-table-cell\"><span class=\"premium-table-text\">8.2 \u00b1 0.5 m <\/span><\/td>\n<\/tr>\n<tr class=\"premium-table-row\">\n<td class=\"premium-table-cell\"><span class=\"premium-table-text\">T\u00fchimass (kg) *<\/span><\/td>\n<td class=\"premium-table-cell\"><span class=\"premium-table-text\">765 kg * <\/span><\/td>\n<\/tr>\n<tr class=\"premium-table-row\">\n<td class=\"premium-table-cell\"><span class=\"premium-table-text\">Maksimaalne kandev\u00f5ime (kg) <\/span><\/td>\n<td class=\"premium-table-cell\"><span class=\"premium-table-text\">610 kg <\/span><\/td>\n<\/tr>\n<tr class=\"premium-table-row\">\n<td class=\"premium-table-cell\"><span class=\"premium-table-text\">Veokasti kandev\u00f5ime (kg) <\/span><\/td>\n<td class=\"premium-table-cell\"><span class=\"premium-table-text\">456 kg <\/span><\/td>\n<\/tr>\n<tr class=\"premium-table-row\">\n<td class=\"premium-table-cell\"><span class=\"premium-table-text\">Veokasti m\u00f5\u00f5dud (mm) <\/span><\/td>\n<td class=\"premium-table-cell\"><span class=\"premium-table-text\">1412&#215;901 mm <\/span><\/td>\n<\/tr>\n<tr class=\"premium-table-row\">\n<td class=\"premium-table-cell\"><span class=\"premium-table-text\">K\u00fctusepaagi maht (L) <\/span><\/td>\n<td class=\"premium-table-cell\"><span class=\"premium-table-text\">40 L <\/span><\/td>\n<\/tr>\n<tr class=\"premium-table-row\">\n<td class=\"premium-table-cell\"><span class=\"premium-table-text\">Maksimaalne lubatud kiirus (km\/h) <\/span><\/td>\n<td class=\"premium-table-cell\"><span class=\"premium-table-text\">60 km\/h <\/span><\/td>\n<\/tr>\n<tr class=\"premium-table-row\">\n<td class=\"premium-table-cell\"><span class=\"premium-table-text\">Mootor <\/span><\/td>\n<td class=\"premium-table-cell\"><\/td>\n<\/tr>\n<tr class=\"premium-table-row\">\n<td class=\"premium-table-cell\"><span class=\"premium-table-text\">Mootori t\u00fc\u00fcp <\/span><\/td>\n<td class=\"premium-table-cell\"><span class=\"premium-table-text\">V2 kahe silindriline \/ vedelikjahutusega \/ 4-taktiline \/ 8-klapiline \/ SOCH <\/span><\/td>\n<\/tr>\n<tr class=\"premium-table-row\">\n<td class=\"premium-table-cell\"><span class=\"premium-table-text\">Mootori t\u00f6\u00f6maht (cc) <\/span><\/td>\n<td class=\"premium-table-cell\"><span class=\"premium-table-text\">963 cc <\/span><\/td>\n<\/tr>\n<tr class=\"premium-table-row\">\n<td class=\"premium-table-cell\"><span class=\"premium-table-text\">Kolvik\u00e4ik (mm) <\/span><\/td>\n<td class=\"premium-table-cell\"><span class=\"premium-table-text\">91.0 \u00d7 74 mm <\/span><\/td>\n<\/tr>\n<tr class=\"premium-table-row\">\n<td class=\"premium-table-cell\"><span class=\"premium-table-text\">V\u00f5imsus (kW\/rpm) <\/span><\/td>\n<td class=\"premium-table-cell\"><span class=\"premium-table-text\">58 kW\/7000 rpm <\/span><\/td>\n<\/tr>\n<tr class=\"premium-table-row\">\n<td class=\"premium-table-cell\"><span class=\"premium-table-text\">Maksimaalne p\u00f6\u00f6rdemoment (N\u00b7m\/rpm) <\/span><\/td>\n<td class=\"premium-table-cell\"><span class=\"premium-table-text\">74 N\u00b7m\/6500 rpm <\/span><\/td>\n<\/tr>\n<tr class=\"premium-table-row\">\n<td class=\"premium-table-cell\"><span class=\"premium-table-text\">Surveaste <\/span><\/td>\n<td class=\"premium-table-cell\"><span class=\"premium-table-text\">10.6 \u00b1 0.5:1 <\/span><\/td>\n<\/tr>\n<tr class=\"premium-table-row\">\n<td class=\"premium-table-cell\"><span class=\"premium-table-text\">Toites\u00fcsteem <\/span><\/td>\n<td class=\"premium-table-cell\"><span class=\"premium-table-text\">EFI Bosch <\/span><\/td>\n<\/tr>\n<tr class=\"premium-table-row\">\n<td class=\"premium-table-cell\"><span class=\"premium-table-text\">S\u00fc\u00fctes\u00fcsteem <\/span><\/td>\n<td class=\"premium-table-cell\"><span class=\"premium-table-text\">ECU Bosch <\/span><\/td>\n<\/tr>\n<tr class=\"premium-table-row\">\n<td class=\"premium-table-cell\"><span class=\"premium-table-text\">\u00dclekanne <\/span><\/td>\n<td class=\"premium-table-cell\"><span class=\"premium-table-text\">CVT <\/span><\/td>\n<\/tr>\n<tr class=\"premium-table-row\">\n<td class=\"premium-table-cell\"><span class=\"premium-table-text\">Veermik <\/span><\/td>\n<td class=\"premium-table-cell\"><\/td>\n<\/tr>\n<tr class=\"premium-table-row\">\n<td class=\"premium-table-cell\"><span class=\"premium-table-text\">Veoskeem <\/span><\/td>\n<td class=\"premium-table-cell\"><span class=\"premium-table-text\">2WD \/ 4WD \/ lukustatav 4WD <\/span><\/td>\n<\/tr>\n<tr class=\"premium-table-row\">\n<td class=\"premium-table-cell\"><span class=\"premium-table-text\">Rooliv\u00f5imendi <\/span><\/td>\n<td class=\"premium-table-cell\"><span class=\"premium-table-text\">JAH <\/span><\/td>\n<\/tr>\n<tr class=\"premium-table-row\">\n<td class=\"premium-table-cell\"><span class=\"premium-table-text\">Pidurid <\/span><\/td>\n<td class=\"premium-table-cell\"><span class=\"premium-table-text\">H\u00fcdraulilised ketaspidurid <\/span><\/td>\n<\/tr>\n<tr class=\"premium-table-row\">\n<td class=\"premium-table-cell\"><span class=\"premium-table-text\">Vedrustus <\/span><\/td>\n<td class=\"premium-table-cell\"><span class=\"premium-table-text\">Ees\/taga: topelt \u00f5\u00f5tshoobadega s\u00f5ltumatu vedrustus <\/span><\/td>\n<\/tr>\n<tr class=\"premium-table-row\">\n<td class=\"premium-table-cell\"><span class=\"premium-table-text\">Amortisaatorid <\/span><\/td>\n<td class=\"premium-table-cell\"><span class=\"premium-table-text\">Ees\/taga: \u00f5liamortisaatorid <\/span><\/td>\n<\/tr>\n<tr class=\"premium-table-row\">\n<td class=\"premium-table-cell\"><span class=\"premium-table-text\">Veljed <\/span><\/td>\n<td class=\"premium-table-cell\"><\/td>\n<\/tr>\n<tr class=\"premium-table-row\">\n<td class=\"premium-table-cell\"><span class=\"premium-table-text\">Ees: <\/span><\/td>\n<td class=\"premium-table-cell\"><span class=\"premium-table-text\">14 x 7.0 AT <\/span><\/td>\n<\/tr>\n<tr class=\"premium-table-row\">\n<td class=\"premium-table-cell\"><span class=\"premium-table-text\">Taga: <\/span><\/td>\n<td class=\"premium-table-cell\"><span class=\"premium-table-text\">14 x 8.0 AT <\/span><\/td>\n<\/tr>\n<tr class=\"premium-table-row\">\n<td class=\"premium-table-cell\"><span class=\"premium-table-text\">Rehvim\u00f5\u00f5dud <\/span><\/td>\n<td class=\"premium-table-cell\"><\/td>\n<\/tr>\n<tr class=\"premium-table-row\">\n<td class=\"premium-table-cell\"><span class=\"premium-table-text\">Ees: <\/span><\/td>\n<td class=\"premium-table-cell\"><span class=\"premium-table-text\">27 x 9.00 R14 <\/span><\/td>\n<\/tr>\n<tr class=\"premium-table-row\">\n<td class=\"premium-table-cell\"><span class=\"premium-table-text\">Taga: <\/span><\/td>\n<td class=\"premium-table-cell\"><span class=\"premium-table-text\">27 x 11.00 R14 <\/span><\/td>\n<\/tr>\n<tr class=\"premium-table-row\">\n<td class=\"premium-table-cell\"><span class=\"premium-table-text\">* T\u00fchikaalu hulka loetakse: \u25cf juhikaal \u25cf aku \u25cf s\u00f5iduki vajalikud vedelikud <\/span><\/td>\n<td class=\"premium-table-cell\"><\/td>\n<\/tr>\n<\/tbody>\n<\/table>\n<\/div>\n<p><strong>Miks teha kompromisse?<\/strong><\/p>\n<p><b>UFORCE 1000 EPS<\/b> uuenduskuuri l\u00e4biteinud t\u00e4navalegaalne ja v\u00f5imas kergmaastur on n\u00fc\u00fcd meie tootevalikus olemas! Uuenenud ja kaasaegse disainiga professionaalne t\u00f6\u00f6- ja vabaaja maastikus\u00f5iduk, mis on disainitud Euroopas, l\u00e4binud ekstreemklassi testperioodi Venemaal \u00a0ja viimasel paaril aastal kogenud m\u00e4rkimisv\u00e4\u00e4rset populaarsust ka Eestis. <b>UTV1000 EPS<\/b> pakub muuhulgas kompromissitut j\u00f5udlust <b>UTV<\/b> kategoorias mis on kuni <b>85hj<\/b>. T\u00e4navalegaalse homologeeringuga (T1b), 3 kohalise maastikus\u00f5idukina registreeritav kergmaastur on \u00e4\u00e4rmiselt multifunktsionaalne s\u00f5iduk mida kasutatakse kommunaalt\u00f6\u00f6del, suusa- ja lumeradade hooldusel kui metsahoolduse ja operatiivs\u00f5idukitena. Loomulikult on see asendamatu t\u00f6\u00f6vahend ka neile kelle on veidi suurem kodumajapidamine v\u00f5i talu.<\/p>\n<p><b>UFORCE 1000 V-Twin EPS (U10)<\/b>.<\/p>\n<p>U10 j\u00f5uallikaks on 1000cm\u00b3 t\u00f6\u00f6mahuga, V2 vabalthingav, vedelikjahutusega, 85hj bensiinimootor.\u00a0\u00a0\u00a0 \u00a0CV-Tech (Kanada)\u00a0 variaator\u00fclekanne, 2WD\/4WD ja lukustatv esidiferentsiaal. Toites\u00fcsteem p\u00e4rineb Saksa firma <b>Boschi<\/b> -lt. Selle v\u00f5imsa masina kandev\u00f5ime on <b>520 kg<\/b> ning veov\u00f5ime on <b>1200 kg<\/b>. Selget t\u00f6\u00f6klassifikatsiooni parameetritega kergmaastur on kolme kohaline ja omab muuhulgas (T1b) t\u00e4navalegaalse maastikus\u00f5iduki (V\u00e4iketraktori) t\u00fc\u00fcbikinnitust. EPS ehk elektroonilse rooliv\u00f5imendiga varustatud, reguleeritava k\u00f5rgusega roolisammas, nihutatava kaugusega juhiiste, 5 tolline <b>LCD kuvar<\/b>, mugavalt l\u00fclituv k\u00e4iguhoob ja h\u00e4sti l\u00e4bim\u00f5eldud juhtpaneel teevad s\u00f5iduki juhtimise \u00e4\u00e4rmiselt lihtsaks. Avar salong ja mitmed mahukad panipaigad salongis, kallutava kasti r\u00f5hutavad vaid t\u00f5siasja, et tootja ja disainerid on p\u00f6\u00f6ranud siin suurt t\u00e4helepanu just kasutajas\u00f5braliku t\u00f6\u00f6keskkonna loomisele. Lisaks mugavale t\u00f6\u00f6keskkonnale kuuluvad s\u00f5iduki standardvarustuse nimekirja ka <b>27<\/b> tollised <b>s\u00fcgavamustrlised madalsurve rehvid<\/b>, mis koos <b>14<\/b> tollistel <b>kergmetallvelgedega<\/b> j\u00e4tavad n\u00e4gusa mulje ja on v\u00e4ga suureks abiks erineval maastikul liikumisel. <b>UFORCE 1000<\/b> tuled on LED tehnoloogial p\u00f5hinevad ja on seet\u00f5ttu h\u00e4stitoimivad ning pakuvad turvalist s\u00f5itu lauspimedas kui p\u00e4evavalges s\u00f5ites kus erksad p\u00e4evas\u00f5idutuled on kaasliiklejatele h\u00e4sti m\u00e4rgatavad.<\/p>\n<p>See \u00fclimalt v\u00f5imekas ja multifunktsionaalne <b>kergmaastur<\/b> on m\u00f5eldud nii professionaalseks t\u00f6\u00f6ks, kuid on kasutatav ka seikluss\u00f5idukina. Kui soovite vedada ehitusmaterjali, t\u00f6\u00f6riistu vms. veoseid maastikul kus ratastraktor v\u00f5i maastur j\u00e4taks endast s\u00fcgavad r\u00f6\u00f6pad v\u00f5i kuhu keerulise maastiku t\u00f5ttu on ligip\u00e4\u00e4s \u00fcldse v\u00f5imatu, siis on just UTV see vahend mille abil vajalikud t\u00f6\u00f6d tehtud saab. UTV-ga saad l\u00fckata operatiivselt lund, vedada palgik\u00e4ru v\u00f5i liikuda operatiivselt maastikul!<\/p>\n<p><b>UTV1000 EPS<\/b> v\u00f5ib t\u00e4nu soodsale hinnale meeldida mitte ainult professionaalidele, vaid ka p\u00f5llumeestele, aednikele ja suvilatele, kelle jaoks on m\u00e4\u00e4ravaks k\u00f5rge kvaliteet ja taskukohane hind!<\/p>\n<p>Massiivsete m\u00f5\u00f5tmetega ja ruumikas <b>UFORCE 1000<\/b> omab suurt avatava tagaluugi ja suure laadimisalaga \u00a0kasti mis mahutab ka EURO t\u00fc\u00fcpi kaubaalust, millel on kinnituskonksud koorma kinnitamiseks. Kallutusfunktsioon t\u00f6\u00f6tab manuaalse lukusti ja kallutusamortisaatori abil. Standardvarustuse hulka kuulub teisaldatav haakekonks, haagise tulede pistik, 1790kg t\u00f5mbej\u00f5uga vints, juhtmega vintsijuhtimise pult ning komplekti kuulub ka juhtmevaba vintsi kaugjuhtimis pult.<\/p>\n<p><b>3-kohaline<\/b> kergmaasturi kabiin on olenemata k\u00f5rgele s\u00f5iduki kliirensile mugavalt madala ja siledap\u00f5hjalise sisenemisavaga. Baasvarustuses mudel on varustatud massiivsete poollahtiste ustega. Istmed on varustatud 3-punkt turvav\u00f6\u00f6dega ja kui lisada s\u00f5idukile 50% katvusega poolklaas, siis kiivri kandmine sellises s\u00f5idukis pole kohustuslik. \u00a0S\u00f5iduki salong on koostatud lihtsalt hooldatavate (lauspestavad) ergonoomiliste s\u00fcnteetilisest nahast istmetega, mida on v\u00f5imalik tellida ka istmesoojendus funktsiooniga.<\/p>\n<p>Maksimaalse mugavuse tagamiseks rasketel t\u00f6\u00f6del v\u00f5i aastaringseks kasutamiseks on <b>UFORCE 1000<\/b> mudelile pakkuda hulgalselt lisavarustust.<\/p>\n<p>N\u00e4iteks: tipptasemel ja kvaliteetne, t\u00e4ielikult suletud <b>kabiinilahendus<\/b>, sh. <b>salongi soojendus<\/b> ja <b>klaasipuhastiga<\/b>. Kaitserauad, t\u00f6\u00f6tuled, komposiit p\u00f5hjakaitse, ressiiverhaake ja lumesaha adapterid jpm.<\/p>","protected":false},"excerpt":{"rendered":"<p><strong>Mootor<\/strong>\u00a0: V2 kahe silindriline, vedelikjahutusega, 4-taktiline, SOCH.<br \/>\n<strong>Toide<\/strong>\u00a0: Bosch EFI sissepritses\u00fcsteem<br \/>\n<strong>Veoskeem<\/strong>\u00a0: tagavedu \/ l\u00fclitatav nelikvedu l\u00e4bi esi diferentsiaali \/ lukustatav nelikvedu.<br \/>\n<strong>K\u00e4igud<\/strong>\u00a0: H \u2013 L \u2013 N \u2013 R \u2013 P<br \/>\n<strong>Istekohti<\/strong>\u00a0: 2<br \/>\n<strong>\u00dclekanne<\/strong>\u00a0: automaat \u2013 CV-Tech variaator.<br \/>\n<strong>Pidurid<\/strong>\u00a0: 4 ratta pidurduss\u00fcsteem \/ eraldi seisupidur.<br \/>\n<strong>Pukseerimisseadmed<\/strong>\u00a0: t\u00f5mbevints ning pukseerimiskonks.<br \/>\n<strong>Vedrustus<\/strong>\u00a0: 4x s\u00f5ltumatu (\u00f5liamortisaatorid).<br \/>\n<strong>Garantii<\/strong>\u00a0: Tehase garantii 3 aastat v\u00f5i 3000km<\/p>","protected":false},"featured_media":3774,"template":"","meta":[],"product_cat":[50],"product_tag":[],"class_list":{"0":"post-3514","1":"product","2":"type-product","3":"status-publish","4":"has-post-thumbnail","6":"product_cat-utv","8":"first","9":"instock","10":"taxable","11":"shipping-taxable","12":"purchasable","13":"product-type-variable","14":"has-default-attributes"},"yoast_head":"<!-- This site is optimized with the Yoast SEO plugin v23.9 - https:\/\/yoast.com\/wordpress\/plugins\/seo\/ -->\n<title>UFORCE 1000 UTV | CFMoto Sirtaki<\/title>\n<meta name=\"robots\" content=\"index, follow, max-snippet:-1, max-image-preview:large, max-video-preview:-1\" \/>\n<link rel=\"canonical\" href=\"https:\/\/moto.sirtaki.ee\/ru\/product\/uforce-1000-utv\/\" \/>\n<meta property=\"og:locale\" content=\"ru_RU\" \/>\n<meta property=\"og:type\" content=\"article\" \/>\n<meta property=\"og:title\" content=\"UFORCE 1000 UTV | CFMoto Sirtaki\" \/>\n<meta property=\"og:description\" content=\"Mootor\u00a0: V2 kahe silindriline, vedelikjahutusega, 4-taktiline, SOCH. Toide\u00a0: Bosch EFI sissepritses\u00fcsteem Veoskeem\u00a0: tagavedu \/ l\u00fclitatav nelikvedu l\u00e4bi esi diferentsiaali \/ lukustatav nelikvedu. K\u00e4igud\u00a0: H \u2013 L \u2013 N \u2013 R \u2013 P Istekohti\u00a0: 2 \u00dclekanne\u00a0: automaat \u2013 CV-Tech variaator. Pidurid\u00a0: 4 ratta pidurduss\u00fcsteem \/ eraldi seisupidur. Pukseerimisseadmed\u00a0: t\u00f5mbevints ning pukseerimiskonks. Vedrustus\u00a0: 4x s\u00f5ltumatu (\u00f5liamortisaatorid). Garantii\u00a0: Tehase garantii 3 aastat v\u00f5i 3000km\" \/>\n<meta property=\"og:url\" content=\"https:\/\/moto.sirtaki.ee\/ru\/product\/uforce-1000-utv\/\" \/>\n<meta property=\"og:site_name\" content=\"CFMoto Sirtaki\" \/>\n<meta property=\"article:modified_time\" content=\"2024-12-10T11:27:32+00:00\" \/>\n<meta property=\"og:image\" content=\"https:\/\/moto.sirtaki.ee\/wp-content\/uploads\/2024\/10\/UFORCE-1000-UTV.jpg\" \/>\n\t<meta property=\"og:image:width\" content=\"1875\" \/>\n\t<meta property=\"og:image:height\" content=\"1875\" \/>\n\t<meta property=\"og:image:type\" content=\"image\/jpeg\" \/>\n<meta name=\"twitter:card\" content=\"summary_large_image\" \/>\n<script type=\"application\/ld+json\" class=\"yoast-schema-graph\">{\"@context\":\"https:\/\/schema.org\",\"@graph\":[{\"@type\":\"WebPage\",\"@id\":\"https:\/\/moto.sirtaki.ee\/product\/uforce-1000-utv\/\",\"url\":\"https:\/\/moto.sirtaki.ee\/product\/uforce-1000-utv\/\",\"name\":\"UFORCE 1000 UTV | CFMoto Sirtaki\",\"isPartOf\":{\"@id\":\"https:\/\/moto.sirtaki.ee\/#website\"},\"primaryImageOfPage\":{\"@id\":\"https:\/\/moto.sirtaki.ee\/product\/uforce-1000-utv\/#primaryimage\"},\"image\":{\"@id\":\"https:\/\/moto.sirtaki.ee\/product\/uforce-1000-utv\/#primaryimage\"},\"thumbnailUrl\":\"https:\/\/moto.sirtaki.ee\/wp-content\/uploads\/2024\/10\/UFORCE-1000-UTV.jpg\",\"datePublished\":\"2024-10-31T06:46:51+00:00\",\"dateModified\":\"2024-12-10T11:27:32+00:00\",\"breadcrumb\":{\"@id\":\"https:\/\/moto.sirtaki.ee\/product\/uforce-1000-utv\/#breadcrumb\"},\"inLanguage\":\"ru-RU\",\"potentialAction\":[{\"@type\":\"ReadAction\",\"target\":[\"https:\/\/moto.sirtaki.ee\/product\/uforce-1000-utv\/\"]}]},{\"@type\":\"ImageObject\",\"inLanguage\":\"ru-RU\",\"@id\":\"https:\/\/moto.sirtaki.ee\/product\/uforce-1000-utv\/#primaryimage\",\"url\":\"https:\/\/moto.sirtaki.ee\/wp-content\/uploads\/2024\/10\/UFORCE-1000-UTV.jpg\",\"contentUrl\":\"https:\/\/moto.sirtaki.ee\/wp-content\/uploads\/2024\/10\/UFORCE-1000-UTV.jpg\",\"width\":1875,\"height\":1875},{\"@type\":\"BreadcrumbList\",\"@id\":\"https:\/\/moto.sirtaki.ee\/product\/uforce-1000-utv\/#breadcrumb\",\"itemListElement\":[{\"@type\":\"ListItem\",\"position\":1,\"name\":\"Home\",\"item\":\"https:\/\/moto.sirtaki.ee\/\"},{\"@type\":\"ListItem\",\"position\":2,\"name\":\"Shop\",\"item\":\"https:\/\/moto.sirtaki.ee\/shop\/\"},{\"@type\":\"ListItem\",\"position\":3,\"name\":\"UFORCE 1000 UTV\"}]},{\"@type\":\"WebSite\",\"@id\":\"https:\/\/moto.sirtaki.ee\/#website\",\"url\":\"https:\/\/moto.sirtaki.ee\/\",\"name\":\"CFMoto Sirtaki\",\"description\":\"\",\"potentialAction\":[{\"@type\":\"SearchAction\",\"target\":{\"@type\":\"EntryPoint\",\"urlTemplate\":\"https:\/\/moto.sirtaki.ee\/?s={search_term_string}\"},\"query-input\":{\"@type\":\"PropertyValueSpecification\",\"valueRequired\":true,\"valueName\":\"search_term_string\"}}],\"inLanguage\":\"ru-RU\"}]}<\/script>\n<!-- \/ Yoast SEO plugin. -->","yoast_head_json":{"title":"UFORCE 1000 UTV | CFMoto Sirtaki","robots":{"index":"index","follow":"follow","max-snippet":"max-snippet:-1","max-image-preview":"max-image-preview:large","max-video-preview":"max-video-preview:-1"},"canonical":"https:\/\/moto.sirtaki.ee\/ru\/product\/uforce-1000-utv\/","og_locale":"ru_RU","og_type":"article","og_title":"UFORCE 1000 UTV | CFMoto Sirtaki","og_description":"Mootor\u00a0: V2 kahe silindriline, vedelikjahutusega, 4-taktiline, SOCH. Toide\u00a0: Bosch EFI sissepritses\u00fcsteem Veoskeem\u00a0: tagavedu \/ l\u00fclitatav nelikvedu l\u00e4bi esi diferentsiaali \/ lukustatav nelikvedu. K\u00e4igud\u00a0: H \u2013 L \u2013 N \u2013 R \u2013 P Istekohti\u00a0: 2 \u00dclekanne\u00a0: automaat \u2013 CV-Tech variaator. Pidurid\u00a0: 4 ratta pidurduss\u00fcsteem \/ eraldi seisupidur. Pukseerimisseadmed\u00a0: t\u00f5mbevints ning pukseerimiskonks. Vedrustus\u00a0: 4x s\u00f5ltumatu (\u00f5liamortisaatorid). Garantii\u00a0: Tehase garantii 3 aastat v\u00f5i 3000km","og_url":"https:\/\/moto.sirtaki.ee\/ru\/product\/uforce-1000-utv\/","og_site_name":"CFMoto Sirtaki","article_modified_time":"2024-12-10T11:27:32+00:00","og_image":[{"width":1875,"height":1875,"url":"https:\/\/moto.sirtaki.ee\/wp-content\/uploads\/2024\/10\/UFORCE-1000-UTV.jpg","type":"image\/jpeg"}],"twitter_card":"summary_large_image","schema":{"@context":"https:\/\/schema.org","@graph":[{"@type":"WebPage","@id":"https:\/\/moto.sirtaki.ee\/product\/uforce-1000-utv\/","url":"https:\/\/moto.sirtaki.ee\/product\/uforce-1000-utv\/","name":"UFORCE 1000 UTV | CFMoto Sirtaki","isPartOf":{"@id":"https:\/\/moto.sirtaki.ee\/#website"},"primaryImageOfPage":{"@id":"https:\/\/moto.sirtaki.ee\/product\/uforce-1000-utv\/#primaryimage"},"image":{"@id":"https:\/\/moto.sirtaki.ee\/product\/uforce-1000-utv\/#primaryimage"},"thumbnailUrl":"https:\/\/moto.sirtaki.ee\/wp-content\/uploads\/2024\/10\/UFORCE-1000-UTV.jpg","datePublished":"2024-10-31T06:46:51+00:00","dateModified":"2024-12-10T11:27:32+00:00","breadcrumb":{"@id":"https:\/\/moto.sirtaki.ee\/product\/uforce-1000-utv\/#breadcrumb"},"inLanguage":"ru-RU","potentialAction":[{"@type":"ReadAction","target":["https:\/\/moto.sirtaki.ee\/product\/uforce-1000-utv\/"]}]},{"@type":"ImageObject","inLanguage":"ru-RU","@id":"https:\/\/moto.sirtaki.ee\/product\/uforce-1000-utv\/#primaryimage","url":"https:\/\/moto.sirtaki.ee\/wp-content\/uploads\/2024\/10\/UFORCE-1000-UTV.jpg","contentUrl":"https:\/\/moto.sirtaki.ee\/wp-content\/uploads\/2024\/10\/UFORCE-1000-UTV.jpg","width":1875,"height":1875},{"@type":"BreadcrumbList","@id":"https:\/\/moto.sirtaki.ee\/product\/uforce-1000-utv\/#breadcrumb","itemListElement":[{"@type":"ListItem","position":1,"name":"Home","item":"https:\/\/moto.sirtaki.ee\/"},{"@type":"ListItem","position":2,"name":"Shop","item":"https:\/\/moto.sirtaki.ee\/shop\/"},{"@type":"ListItem","position":3,"name":"UFORCE 1000 UTV"}]},{"@type":"WebSite","@id":"https:\/\/moto.sirtaki.ee\/#website","url":"https:\/\/moto.sirtaki.ee\/","name":"CFMoto Sirtaki","description":"","potentialAction":[{"@type":"SearchAction","target":{"@type":"EntryPoint","urlTemplate":"https:\/\/moto.sirtaki.ee\/?s={search_term_string}"},"query-input":{"@type":"PropertyValueSpecification","valueRequired":true,"valueName":"search_term_string"}}],"inLanguage":"ru-RU"}]}},"_links":{"self":[{"href":"https:\/\/moto.sirtaki.ee\/ru\/wp-json\/wp\/v2\/product\/3514"}],"collection":[{"href":"https:\/\/moto.sirtaki.ee\/ru\/wp-json\/wp\/v2\/product"}],"about":[{"href":"https:\/\/moto.sirtaki.ee\/ru\/wp-json\/wp\/v2\/types\/product"}],"wp:featuredmedia":[{"embeddable":true,"href":"https:\/\/moto.sirtaki.ee\/ru\/wp-json\/wp\/v2\/media\/3774"}],"wp:attachment":[{"href":"https:\/\/moto.sirtaki.ee\/ru\/wp-json\/wp\/v2\/media?parent=3514"}],"wp:term":[{"taxonomy":"product_cat","embeddable":true,"href":"https:\/\/moto.sirtaki.ee\/ru\/wp-json\/wp\/v2\/product_cat?post=3514"},{"taxonomy":"product_tag","embeddable":true,"href":"https:\/\/moto.sirtaki.ee\/ru\/wp-json\/wp\/v2\/product_tag?post=3514"}],"curies":[{"name":"wp","href":"https:\/\/api.w.org\/{rel}","templated":true}]}}