{"id":3522,"date":"2024-10-31T09:50:49","date_gmt":"2024-10-31T06:50:49","guid":{"rendered":"https:\/\/moto.sirtaki.ee\/?post_type=product&#038;p=3522"},"modified":"2024-12-10T14:27:30","modified_gmt":"2024-12-10T11:27:30","slug":"uforce-1000-xl-utv","status":"publish","type":"product","link":"https:\/\/moto.sirtaki.ee\/ru\/product\/uforce-1000-xl-utv\/","title":{"rendered":"UFORCE 1000 XL UTV"},"content":{"rendered":"<h3 class=\"elementor-heading-title elementor-size-default\">UTV UFORCE 1000 XL tehnilised andmed<\/h3>\n<div class=\"premium-table-wrap premium-table-responsive\">\n<table class=\"premium-table\" data-settings=\"{&quot;sort&quot;:false,&quot;usNumbers&quot;:false,&quot;sortMob&quot;:false,&quot;search&quot;:false,&quot;records&quot;:false,&quot;dataType&quot;:&quot;csv&quot;,&quot;csvFile&quot;:&quot;https:\\\/\\\/docs.google.com\\\/spreadsheets\\\/d\\\/e\\\/2PACX-1vSaKKFVA9HGERcbLKKUBF_q-0pMwvLsJMMrjsc3mO87p31vb8vKEMzW72P6s-J97vHG8aGcXAxffGqM\\\/pub?gid=0&amp;single=true&amp;output=csv&quot;,&quot;firstRow&quot;:&quot;head&quot;,&quot;separator&quot;:&quot;,&quot;,&quot;pagination&quot;:&quot;&quot;,&quot;rows&quot;:0,&quot;id&quot;:&quot;74cfbfa&quot;,&quot;reload&quot;:&quot;day&quot;}\">\n<thead class=\"premium-table-head\">\n<tr class=\"premium-table-row\">\n<th class=\"premium-table-cell\"><span class=\"premium-table-text\">UTV mudel <\/span><\/th>\n<th class=\"premium-table-cell\"><span class=\"premium-table-text\">UFORCE 1000 XL T1b <\/span><\/th>\n<\/tr>\n<\/thead>\n<tbody>\n<tr class=\"premium-table-row\">\n<td class=\"premium-table-cell\"><span class=\"premium-table-text\">EU t\u00fc\u00fcbikinnitus <\/span><\/td>\n<td class=\"premium-table-cell\"><span class=\"premium-table-text\">167 \/ T1b <\/span><\/td>\n<\/tr>\n<tr class=\"premium-table-row\">\n<td class=\"premium-table-cell\"><span class=\"premium-table-text\">Tehaset\u00e4his <\/span><\/td>\n<td class=\"premium-table-cell\"><span class=\"premium-table-text\">&#8211; <\/span><\/td>\n<\/tr>\n<tr class=\"premium-table-row\">\n<td class=\"premium-table-cell\"><span class=\"premium-table-text\">\u00dcldandmed <\/span><\/td>\n<td class=\"premium-table-cell\"><\/td>\n<\/tr>\n<tr class=\"premium-table-row\">\n<td class=\"premium-table-cell\"><span class=\"premium-table-text\">Pikkus x laius x k\u00f5rgus (mm) <\/span><\/td>\n<td class=\"premium-table-cell\"><span class=\"premium-table-text\">3759x1615x1850 mm <\/span><\/td>\n<\/tr>\n<tr class=\"premium-table-row\">\n<td class=\"premium-table-cell\"><span class=\"premium-table-text\">Teljevahe (mm) <\/span><\/td>\n<td class=\"premium-table-cell\"><span class=\"premium-table-text\">2845 mm <\/span><\/td>\n<\/tr>\n<tr class=\"premium-table-row\">\n<td class=\"premium-table-cell\"><span class=\"premium-table-text\">Istme k\u00f5rgus (mm) <\/span><\/td>\n<td class=\"premium-table-cell\"><span class=\"premium-table-text\">500 mm <\/span><\/td>\n<\/tr>\n<tr class=\"premium-table-row\">\n<td class=\"premium-table-cell\"><span class=\"premium-table-text\">Kliirens (mm) <\/span><\/td>\n<td class=\"premium-table-cell\"><span class=\"premium-table-text\">293 mm <\/span><\/td>\n<\/tr>\n<tr class=\"premium-table-row\">\n<td class=\"premium-table-cell\"><span class=\"premium-table-text\">Minimaalne p\u00f6\u00f6rdediameeter (m)<\/span><\/td>\n<td class=\"premium-table-cell\"><span class=\"premium-table-text\">11 \u00b1 0.5 m <\/span><\/td>\n<\/tr>\n<tr class=\"premium-table-row\">\n<td class=\"premium-table-cell\"><span class=\"premium-table-text\">T\u00fchimass (kg) *<\/span><\/td>\n<td class=\"premium-table-cell\"><span class=\"premium-table-text\">820 kg * <\/span><\/td>\n<\/tr>\n<tr class=\"premium-table-row\">\n<td class=\"premium-table-cell\"><span class=\"premium-table-text\">Maksimaalne kandev\u00f5ime (kg) <\/span><\/td>\n<td class=\"premium-table-cell\"><span class=\"premium-table-text\">900 kg <\/span><\/td>\n<\/tr>\n<tr class=\"premium-table-row\">\n<td class=\"premium-table-cell\"><span class=\"premium-table-text\">Veokasti kandev\u00f5ime (kg) <\/span><\/td>\n<td class=\"premium-table-cell\"><span class=\"premium-table-text\">450 kg <\/span><\/td>\n<\/tr>\n<tr class=\"premium-table-row\">\n<td class=\"premium-table-cell\"><span class=\"premium-table-text\">Veokasti m\u00f5\u00f5dud (mm) <\/span><\/td>\n<td class=\"premium-table-cell\"><span class=\"premium-table-text\">1412&#215;901 mm <\/span><\/td>\n<\/tr>\n<tr class=\"premium-table-row\">\n<td class=\"premium-table-cell\"><span class=\"premium-table-text\">K\u00fctusepaagi maht (L) <\/span><\/td>\n<td class=\"premium-table-cell\"><span class=\"premium-table-text\">40 L <\/span><\/td>\n<\/tr>\n<tr class=\"premium-table-row\">\n<td class=\"premium-table-cell\"><span class=\"premium-table-text\">Maksimaalne lubatud kiirus (km\/h) <\/span><\/td>\n<td class=\"premium-table-cell\"><span class=\"premium-table-text\">60 km\/h <\/span><\/td>\n<\/tr>\n<tr class=\"premium-table-row\">\n<td class=\"premium-table-cell\"><span class=\"premium-table-text\">Mootor <\/span><\/td>\n<td class=\"premium-table-cell\"><\/td>\n<\/tr>\n<tr class=\"premium-table-row\">\n<td class=\"premium-table-cell\"><span class=\"premium-table-text\">Mootori t\u00fc\u00fcp <\/span><\/td>\n<td class=\"premium-table-cell\"><span class=\"premium-table-text\">V2 kahe silindriline \/ vedelikjahutusega \/ 4-taktiline \/ 8-klapiline \/ SOCH <\/span><\/td>\n<\/tr>\n<tr class=\"premium-table-row\">\n<td class=\"premium-table-cell\"><span class=\"premium-table-text\">Mootori t\u00f6\u00f6maht (cc) <\/span><\/td>\n<td class=\"premium-table-cell\"><span class=\"premium-table-text\">963 cc <\/span><\/td>\n<\/tr>\n<tr class=\"premium-table-row\">\n<td class=\"premium-table-cell\"><span class=\"premium-table-text\">Kolvik\u00e4ik (mm) <\/span><\/td>\n<td class=\"premium-table-cell\"><span class=\"premium-table-text\">91.0 \u00d7 74 mm <\/span><\/td>\n<\/tr>\n<tr class=\"premium-table-row\">\n<td class=\"premium-table-cell\"><span class=\"premium-table-text\">V\u00f5imsus (kW\/rpm) <\/span><\/td>\n<td class=\"premium-table-cell\"><span class=\"premium-table-text\">58 kW\/7000 rpm <\/span><\/td>\n<\/tr>\n<tr class=\"premium-table-row\">\n<td class=\"premium-table-cell\"><span class=\"premium-table-text\">Maksimaalne p\u00f6\u00f6rdemoment (N\u00b7m\/rpm) <\/span><\/td>\n<td class=\"premium-table-cell\"><span class=\"premium-table-text\">74 N\u00b7m\/6500 rpm <\/span><\/td>\n<\/tr>\n<tr class=\"premium-table-row\">\n<td class=\"premium-table-cell\"><span class=\"premium-table-text\">Surveaste <\/span><\/td>\n<td class=\"premium-table-cell\"><span class=\"premium-table-text\">10.6 \u00b1 0.5:1 <\/span><\/td>\n<\/tr>\n<tr class=\"premium-table-row\">\n<td class=\"premium-table-cell\"><span class=\"premium-table-text\">Toites\u00fcsteem <\/span><\/td>\n<td class=\"premium-table-cell\"><span class=\"premium-table-text\">EFI Bosch <\/span><\/td>\n<\/tr>\n<tr class=\"premium-table-row\">\n<td class=\"premium-table-cell\"><span class=\"premium-table-text\">S\u00fc\u00fctes\u00fcsteem <\/span><\/td>\n<td class=\"premium-table-cell\"><span class=\"premium-table-text\">ECU Bosch <\/span><\/td>\n<\/tr>\n<tr class=\"premium-table-row\">\n<td class=\"premium-table-cell\"><span class=\"premium-table-text\">\u00dclekanne <\/span><\/td>\n<td class=\"premium-table-cell\"><span class=\"premium-table-text\">CVT <\/span><\/td>\n<\/tr>\n<tr class=\"premium-table-row\">\n<td class=\"premium-table-cell\"><span class=\"premium-table-text\">Veermik <\/span><\/td>\n<td class=\"premium-table-cell\"><\/td>\n<\/tr>\n<tr class=\"premium-table-row\">\n<td class=\"premium-table-cell\"><span class=\"premium-table-text\">Veoskeem <\/span><\/td>\n<td class=\"premium-table-cell\"><span class=\"premium-table-text\">2WD \/ 4WD \/ lukustatav 4WD <\/span><\/td>\n<\/tr>\n<tr class=\"premium-table-row\">\n<td class=\"premium-table-cell\"><span class=\"premium-table-text\">Rooliv\u00f5imendi <\/span><\/td>\n<td class=\"premium-table-cell\"><span class=\"premium-table-text\">JAH <\/span><\/td>\n<\/tr>\n<tr class=\"premium-table-row\">\n<td class=\"premium-table-cell\"><span class=\"premium-table-text\">Pidurid <\/span><\/td>\n<td class=\"premium-table-cell\"><span class=\"premium-table-text\">H\u00fcdraulilised ketaspidurid <\/span><\/td>\n<\/tr>\n<tr class=\"premium-table-row\">\n<td class=\"premium-table-cell\"><span class=\"premium-table-text\">Vedrustus <\/span><\/td>\n<td class=\"premium-table-cell\"><span class=\"premium-table-text\">Ees\/taga: topelt \u00f5\u00f5tshoobadega s\u00f5ltumatu vedrustus <\/span><\/td>\n<\/tr>\n<tr class=\"premium-table-row\">\n<td class=\"premium-table-cell\"><span class=\"premium-table-text\">Amortisaatorid <\/span><\/td>\n<td class=\"premium-table-cell\"><span class=\"premium-table-text\">Ees\/taga: \u00f5liamortisaatorid <\/span><\/td>\n<\/tr>\n<tr class=\"premium-table-row\">\n<td class=\"premium-table-cell\"><span class=\"premium-table-text\">Veljed <\/span><\/td>\n<td class=\"premium-table-cell\"><\/td>\n<\/tr>\n<tr class=\"premium-table-row\">\n<td class=\"premium-table-cell\"><span class=\"premium-table-text\">Ees: <\/span><\/td>\n<td class=\"premium-table-cell\"><span class=\"premium-table-text\">14 x 7.0 AT <\/span><\/td>\n<\/tr>\n<tr class=\"premium-table-row\">\n<td class=\"premium-table-cell\"><span class=\"premium-table-text\">Taga: <\/span><\/td>\n<td class=\"premium-table-cell\"><span class=\"premium-table-text\">14 x 8.0 AT <\/span><\/td>\n<\/tr>\n<tr class=\"premium-table-row\">\n<td class=\"premium-table-cell\"><span class=\"premium-table-text\">Rehvim\u00f5\u00f5dud <\/span><\/td>\n<td class=\"premium-table-cell\"><\/td>\n<\/tr>\n<tr class=\"premium-table-row\">\n<td class=\"premium-table-cell\"><span class=\"premium-table-text\">Ees: <\/span><\/td>\n<td class=\"premium-table-cell\"><span class=\"premium-table-text\">27 x 9.00 R14 <\/span><\/td>\n<\/tr>\n<tr class=\"premium-table-row\">\n<td class=\"premium-table-cell\"><span class=\"premium-table-text\">Taga: <\/span><\/td>\n<td class=\"premium-table-cell\"><span class=\"premium-table-text\">27 x 11.00 R14 <\/span><\/td>\n<\/tr>\n<tr class=\"premium-table-row\">\n<td class=\"premium-table-cell\"><span class=\"premium-table-text\">* T\u00fchikaalu hulka loetakse: \u25cf juhikaal \u25cf aku \u25cf s\u00f5iduki vajalikud vedelikud <\/span><\/td>\n<td class=\"premium-table-cell\"><\/td>\n<\/tr>\n<\/tbody>\n<\/table>\n<\/div>\n<p><strong>UFORCE 1000XL<\/strong> on meeskonna transportimiseks loodud maastikus\u00f5iduk. <strong>1000cm<\/strong>\u00b3 V2 EFI sissepritsetoitel t\u00f6\u00f6tav bensiinimootor, <strong>EPS<\/strong> elektrooniline, kiirusetundlik rooliv\u00f5imendi, Automaat ehk <strong>CV-Tech<\/strong> variaator t\u00fc\u00fcpi \u00fclekanne H, L, N, R ja P. Originaalis tugevad <strong>14<\/strong>\u201d kergmetallveljed millel on <strong>27<\/strong>\u201d s\u00fcgavamustrilised madalsurve rehvid. S\u00f5iduk on loodud kauba ja meeskonna transportimiseks aladel kus juurdep\u00e4\u00e4su tee on halb v\u00f5i puudub. S\u00f5idukil on ametlikult <strong>5 istekohta<\/strong> + <strong>1 lisa koht<\/strong>. S\u00f5iduk on t\u00e4navalegaalne ja registreeritav T1b ehk v\u00e4iketraktori registrisse.<br \/>\nLoomulikult on tegemist sisuliselt alusvankriga millele on v\u00f5imalik lisada just kasutaja soovidest l\u00e4htuvalt vastavaid seadmeid v\u00f5i seadistusi nagu p\u00e4\u00e4steteenistusele vajaliku lisavarustust alustades kustutusseadmetest kuni kustutusvee mahutini v\u00e4lja.<\/p>\n<p>UTV1000 XL EPS on v\u00f5imekas kuuekohaline kergmaastur ehk meeskonnas\u00f5iduk mis sobib mitte ainult professionaalidele, vaid ka p\u00f5llumeestele, aednikele ja seikluss\u00f5idukite huvilistele, kelle jaoks on m\u00e4\u00e4ravaks k\u00f5rge kvaliteet ja taskukohane hind!<\/p>\n<p>Massiivsete m\u00f5\u00f5tmetega ja ruumikas UTV1000 XL EPS kere, mille konstruktsioon on kombinatsioon kvaliteetsest kergplastist ja terasest on loodud just meeskonnas\u00f5idukis maastikule ja teedele.<\/p>\n<p>UFORCE 1000 XL omab kallutatavat kasti mis mahutab EURO ALUSE m\u00f5\u00f5dus kaupa. Kasti kallutus toimub manuaalse lukustusmehhanismi abil mida toetab kallutus amortisaator. Lisaks kallutavale kastile, on kasti tagaosas lai, avatav tagaluuk. Kasti k\u00fclgedel on kinnitusavad ja konksud veose kinnitamiseks.<\/p>\n<p>5-kohaline kabiin on varustatud lihtsalt hooldatavate ergonoomiliste s\u00fcnteetilisest nahast istmetega. Juhi \u00a0istme kaugus ja rooli k\u00f5rgus on reguleeritavad. Juhi istme ja juhi k\u00f5rval olevatele istmetele pakume ka lisavarustusena elektrilist istmesoojendust. K\u00f5ik 6 istet kabiinis on varustatud 3-punk turvav\u00f6\u00f6dega. Seadusest tulenevalt v\u00f5ib selliste 3-punkti turvav\u00f6\u00f6dega varustatud s\u00f5idukit juhtida ja liikluses osaleda ilma kiivrit kandmata! CFMOTO soovitusel on kiivri kandmine siiski rangelt soovituslik ja vajalik kui s\u00f5idukit kasutatakse v\u00e4ljaspool avalike teid, ekstreemsemates oludes v\u00f5i tundmatul alal s\u00f5ites!<\/p>\n<p>L\u00e4bivusv\u00f5imelt ja t\u00f5mbev\u00f5imsuselt on UFORCE 1000 XL kergmaastur v\u00f5rdv\u00e4\u00e4rne oma l\u00fchema liigikaaslase UFORCE 1000 mudeliga. S\u00f5iduk on varustatud praktilise 1590kg t\u00f5mbej\u00f5udu omava t\u00f5mbevintsiga mis omab nii juhtmega kui juhtmevaba kaugjuhtimispulti. S\u00f5iduki tagaosas on teisaldatav haakekonks koos haagise tulede pistikuga. Lisaks leiab s\u00f5iduki salongist mitmeid panipaiku toovahendite ja vajaliku varustuse hoidmiseks mille kogumaht on \u00fcle 70 liitri. Mitmete praktiliste panipaikadega, sealhulgas ka teisaldatav t\u00f6\u00f6vahendite v\u00f5i varustuse hoiustamiseks m\u00f5eldud \u201cCargotool\u201d kohver.<\/p>\n<p>Kabiini t\u00e4iuslikkuse ja mugavuse tagamiseks on saadaval nii t\u00e4iskabiini kui osalt suletav kabiini lahendus mis sisaldab esimest ja tagumist tuuleklaasi, klaasip\u00fchkijat, k\u00fclgmisi t\u00e4is v\u00f5i poolk\u00f5rgeid uksi ja kabiini soojenduss\u00fcsteemi.<\/p>\n<p>Maksimaalse mugavuse tagamiseks rasketel t\u00f6\u00f6del on UTV1000 XL varustatud kiirusetundliku rooliv\u00f5imendiga EPS ning mootor mis arendab 85 hj juures 79 Nm v\u00e4\u00e4ndemomenti.<\/p>\n<p>Elektriliselt juhitav veoskeem 4\u00d72, 4\u00d74 ja diferentsiaali lukusti. S\u00f5iduki pikkusele vaatamata pakub UFORCE 1000 XL suurep\u00e4rast kliirensit kuid vajadusel on v\u00f5imalus tellida siia ka tootja poolt aktsepteeritud t\u00f5stesarja, mis parandab kliirensit veel 55mm. UFORCE 1000 XL pakub suurep\u00e4rast stabiilsus ja tasakaalustatud s\u00f5iduomadusi, 14-tollised elegantsed kergmetall veljed ja 27 tollised (4 kihilised STAG) madalsurverehvid , parimad mitmekihilised vastupidavad 27-tollised STAG rehvid.<\/p>\n<p>Kogu paketti toetavad t\u00e4is LED-lahendusega tuled, multifunktsionaalne 5 tolline LCD ekraan. Need k\u00f5ik on omadused, mis teevad UFORCE 1000 XL EPS-ist k\u00f5ige mitmek\u00fclgsema abimehe, mida eales soovida!<\/p>","protected":false},"excerpt":{"rendered":"<p><strong>Mootor<\/strong>\u00a0: V2 kahe silindriline, vedelikjahutusega, 4-taktiline, SOCH.<br \/>\n<strong>Toide<\/strong>\u00a0: Bosch EFI sissepritses\u00fcsteem<br \/>\n<strong>Veoskeem<\/strong>\u00a0: tagavedu \/ l\u00fclitatav nelikvedu l\u00e4bi esi diferentsiaali \/ lukustatav nelikvedu.<br \/>\n<strong>K\u00e4igud<\/strong>\u00a0: H \u2013 L \u2013 N \u2013 R \u2013 P<br \/>\n<strong>Istekohti<\/strong>\u00a0: 2<br \/>\n<strong>\u00dclekanne<\/strong>\u00a0: automaat \u2013 CV-Tech variaator.<br \/>\n<strong>Pidurid<\/strong>\u00a0: 4 ratta pidurduss\u00fcsteem \/ eraldi seisupidur.<br \/>\n<strong>Pukseerimisseadmed<\/strong>\u00a0: t\u00f5mbevints ning pukseerimiskonks.<br \/>\n<strong>Vedrustus<\/strong>\u00a0: 4x s\u00f5ltumatu (\u00f5liamortisaatorid).<br \/>\n<strong>Garantii<\/strong>\u00a0: Tehase garantii 3 aastat v\u00f5i 3000km<\/p>","protected":false},"featured_media":3775,"template":"","meta":[],"product_cat":[50],"product_tag":[],"class_list":{"0":"post-3522","1":"product","2":"type-product","3":"status-publish","4":"has-post-thumbnail","6":"product_cat-utv","8":"first","9":"instock","10":"taxable","11":"shipping-taxable","12":"purchasable","13":"product-type-variable","14":"has-default-attributes"},"yoast_head":"<!-- This site is optimized with the Yoast SEO plugin v23.9 - https:\/\/yoast.com\/wordpress\/plugins\/seo\/ -->\n<title>UFORCE 1000 XL UTV | CFMoto Sirtaki<\/title>\n<meta name=\"robots\" content=\"index, follow, max-snippet:-1, max-image-preview:large, max-video-preview:-1\" \/>\n<link rel=\"canonical\" href=\"https:\/\/moto.sirtaki.ee\/ru\/product\/uforce-1000-xl-utv\/\" \/>\n<meta property=\"og:locale\" content=\"ru_RU\" \/>\n<meta property=\"og:type\" content=\"article\" \/>\n<meta property=\"og:title\" content=\"UFORCE 1000 XL UTV | CFMoto Sirtaki\" \/>\n<meta property=\"og:description\" content=\"Mootor\u00a0: V2 kahe silindriline, vedelikjahutusega, 4-taktiline, SOCH. Toide\u00a0: Bosch EFI sissepritses\u00fcsteem Veoskeem\u00a0: tagavedu \/ l\u00fclitatav nelikvedu l\u00e4bi esi diferentsiaali \/ lukustatav nelikvedu. K\u00e4igud\u00a0: H \u2013 L \u2013 N \u2013 R \u2013 P Istekohti\u00a0: 2 \u00dclekanne\u00a0: automaat \u2013 CV-Tech variaator. Pidurid\u00a0: 4 ratta pidurduss\u00fcsteem \/ eraldi seisupidur. Pukseerimisseadmed\u00a0: t\u00f5mbevints ning pukseerimiskonks. Vedrustus\u00a0: 4x s\u00f5ltumatu (\u00f5liamortisaatorid). Garantii\u00a0: Tehase garantii 3 aastat v\u00f5i 3000km\" \/>\n<meta property=\"og:url\" content=\"https:\/\/moto.sirtaki.ee\/ru\/product\/uforce-1000-xl-utv\/\" \/>\n<meta property=\"og:site_name\" content=\"CFMoto Sirtaki\" \/>\n<meta property=\"article:modified_time\" content=\"2024-12-10T11:27:30+00:00\" \/>\n<meta property=\"og:image\" content=\"https:\/\/moto.sirtaki.ee\/wp-content\/uploads\/2024\/10\/UFORCE-1000-XL-UTV.jpg\" \/>\n\t<meta property=\"og:image:width\" content=\"1875\" \/>\n\t<meta property=\"og:image:height\" content=\"1875\" \/>\n\t<meta property=\"og:image:type\" content=\"image\/jpeg\" \/>\n<meta name=\"twitter:card\" content=\"summary_large_image\" \/>\n<script type=\"application\/ld+json\" class=\"yoast-schema-graph\">{\"@context\":\"https:\/\/schema.org\",\"@graph\":[{\"@type\":\"WebPage\",\"@id\":\"https:\/\/moto.sirtaki.ee\/product\/uforce-1000-xl-utv\/\",\"url\":\"https:\/\/moto.sirtaki.ee\/product\/uforce-1000-xl-utv\/\",\"name\":\"UFORCE 1000 XL UTV | CFMoto Sirtaki\",\"isPartOf\":{\"@id\":\"https:\/\/moto.sirtaki.ee\/#website\"},\"primaryImageOfPage\":{\"@id\":\"https:\/\/moto.sirtaki.ee\/product\/uforce-1000-xl-utv\/#primaryimage\"},\"image\":{\"@id\":\"https:\/\/moto.sirtaki.ee\/product\/uforce-1000-xl-utv\/#primaryimage\"},\"thumbnailUrl\":\"https:\/\/moto.sirtaki.ee\/wp-content\/uploads\/2024\/10\/UFORCE-1000-XL-UTV.jpg\",\"datePublished\":\"2024-10-31T06:50:49+00:00\",\"dateModified\":\"2024-12-10T11:27:30+00:00\",\"breadcrumb\":{\"@id\":\"https:\/\/moto.sirtaki.ee\/product\/uforce-1000-xl-utv\/#breadcrumb\"},\"inLanguage\":\"ru-RU\",\"potentialAction\":[{\"@type\":\"ReadAction\",\"target\":[\"https:\/\/moto.sirtaki.ee\/product\/uforce-1000-xl-utv\/\"]}]},{\"@type\":\"ImageObject\",\"inLanguage\":\"ru-RU\",\"@id\":\"https:\/\/moto.sirtaki.ee\/product\/uforce-1000-xl-utv\/#primaryimage\",\"url\":\"https:\/\/moto.sirtaki.ee\/wp-content\/uploads\/2024\/10\/UFORCE-1000-XL-UTV.jpg\",\"contentUrl\":\"https:\/\/moto.sirtaki.ee\/wp-content\/uploads\/2024\/10\/UFORCE-1000-XL-UTV.jpg\",\"width\":1875,\"height\":1875},{\"@type\":\"BreadcrumbList\",\"@id\":\"https:\/\/moto.sirtaki.ee\/product\/uforce-1000-xl-utv\/#breadcrumb\",\"itemListElement\":[{\"@type\":\"ListItem\",\"position\":1,\"name\":\"Home\",\"item\":\"https:\/\/moto.sirtaki.ee\/\"},{\"@type\":\"ListItem\",\"position\":2,\"name\":\"Shop\",\"item\":\"https:\/\/moto.sirtaki.ee\/shop\/\"},{\"@type\":\"ListItem\",\"position\":3,\"name\":\"UFORCE 1000 XL UTV\"}]},{\"@type\":\"WebSite\",\"@id\":\"https:\/\/moto.sirtaki.ee\/#website\",\"url\":\"https:\/\/moto.sirtaki.ee\/\",\"name\":\"CFMoto Sirtaki\",\"description\":\"\",\"potentialAction\":[{\"@type\":\"SearchAction\",\"target\":{\"@type\":\"EntryPoint\",\"urlTemplate\":\"https:\/\/moto.sirtaki.ee\/?s={search_term_string}\"},\"query-input\":{\"@type\":\"PropertyValueSpecification\",\"valueRequired\":true,\"valueName\":\"search_term_string\"}}],\"inLanguage\":\"ru-RU\"}]}<\/script>\n<!-- \/ Yoast SEO plugin. -->","yoast_head_json":{"title":"UFORCE 1000 XL UTV | CFMoto Sirtaki","robots":{"index":"index","follow":"follow","max-snippet":"max-snippet:-1","max-image-preview":"max-image-preview:large","max-video-preview":"max-video-preview:-1"},"canonical":"https:\/\/moto.sirtaki.ee\/ru\/product\/uforce-1000-xl-utv\/","og_locale":"ru_RU","og_type":"article","og_title":"UFORCE 1000 XL UTV | CFMoto Sirtaki","og_description":"Mootor\u00a0: V2 kahe silindriline, vedelikjahutusega, 4-taktiline, SOCH. Toide\u00a0: Bosch EFI sissepritses\u00fcsteem Veoskeem\u00a0: tagavedu \/ l\u00fclitatav nelikvedu l\u00e4bi esi diferentsiaali \/ lukustatav nelikvedu. K\u00e4igud\u00a0: H \u2013 L \u2013 N \u2013 R \u2013 P Istekohti\u00a0: 2 \u00dclekanne\u00a0: automaat \u2013 CV-Tech variaator. Pidurid\u00a0: 4 ratta pidurduss\u00fcsteem \/ eraldi seisupidur. Pukseerimisseadmed\u00a0: t\u00f5mbevints ning pukseerimiskonks. Vedrustus\u00a0: 4x s\u00f5ltumatu (\u00f5liamortisaatorid). Garantii\u00a0: Tehase garantii 3 aastat v\u00f5i 3000km","og_url":"https:\/\/moto.sirtaki.ee\/ru\/product\/uforce-1000-xl-utv\/","og_site_name":"CFMoto Sirtaki","article_modified_time":"2024-12-10T11:27:30+00:00","og_image":[{"width":1875,"height":1875,"url":"https:\/\/moto.sirtaki.ee\/wp-content\/uploads\/2024\/10\/UFORCE-1000-XL-UTV.jpg","type":"image\/jpeg"}],"twitter_card":"summary_large_image","schema":{"@context":"https:\/\/schema.org","@graph":[{"@type":"WebPage","@id":"https:\/\/moto.sirtaki.ee\/product\/uforce-1000-xl-utv\/","url":"https:\/\/moto.sirtaki.ee\/product\/uforce-1000-xl-utv\/","name":"UFORCE 1000 XL UTV | CFMoto Sirtaki","isPartOf":{"@id":"https:\/\/moto.sirtaki.ee\/#website"},"primaryImageOfPage":{"@id":"https:\/\/moto.sirtaki.ee\/product\/uforce-1000-xl-utv\/#primaryimage"},"image":{"@id":"https:\/\/moto.sirtaki.ee\/product\/uforce-1000-xl-utv\/#primaryimage"},"thumbnailUrl":"https:\/\/moto.sirtaki.ee\/wp-content\/uploads\/2024\/10\/UFORCE-1000-XL-UTV.jpg","datePublished":"2024-10-31T06:50:49+00:00","dateModified":"2024-12-10T11:27:30+00:00","breadcrumb":{"@id":"https:\/\/moto.sirtaki.ee\/product\/uforce-1000-xl-utv\/#breadcrumb"},"inLanguage":"ru-RU","potentialAction":[{"@type":"ReadAction","target":["https:\/\/moto.sirtaki.ee\/product\/uforce-1000-xl-utv\/"]}]},{"@type":"ImageObject","inLanguage":"ru-RU","@id":"https:\/\/moto.sirtaki.ee\/product\/uforce-1000-xl-utv\/#primaryimage","url":"https:\/\/moto.sirtaki.ee\/wp-content\/uploads\/2024\/10\/UFORCE-1000-XL-UTV.jpg","contentUrl":"https:\/\/moto.sirtaki.ee\/wp-content\/uploads\/2024\/10\/UFORCE-1000-XL-UTV.jpg","width":1875,"height":1875},{"@type":"BreadcrumbList","@id":"https:\/\/moto.sirtaki.ee\/product\/uforce-1000-xl-utv\/#breadcrumb","itemListElement":[{"@type":"ListItem","position":1,"name":"Home","item":"https:\/\/moto.sirtaki.ee\/"},{"@type":"ListItem","position":2,"name":"Shop","item":"https:\/\/moto.sirtaki.ee\/shop\/"},{"@type":"ListItem","position":3,"name":"UFORCE 1000 XL UTV"}]},{"@type":"WebSite","@id":"https:\/\/moto.sirtaki.ee\/#website","url":"https:\/\/moto.sirtaki.ee\/","name":"CFMoto Sirtaki","description":"","potentialAction":[{"@type":"SearchAction","target":{"@type":"EntryPoint","urlTemplate":"https:\/\/moto.sirtaki.ee\/?s={search_term_string}"},"query-input":{"@type":"PropertyValueSpecification","valueRequired":true,"valueName":"search_term_string"}}],"inLanguage":"ru-RU"}]}},"_links":{"self":[{"href":"https:\/\/moto.sirtaki.ee\/ru\/wp-json\/wp\/v2\/product\/3522"}],"collection":[{"href":"https:\/\/moto.sirtaki.ee\/ru\/wp-json\/wp\/v2\/product"}],"about":[{"href":"https:\/\/moto.sirtaki.ee\/ru\/wp-json\/wp\/v2\/types\/product"}],"wp:featuredmedia":[{"embeddable":true,"href":"https:\/\/moto.sirtaki.ee\/ru\/wp-json\/wp\/v2\/media\/3775"}],"wp:attachment":[{"href":"https:\/\/moto.sirtaki.ee\/ru\/wp-json\/wp\/v2\/media?parent=3522"}],"wp:term":[{"taxonomy":"product_cat","embeddable":true,"href":"https:\/\/moto.sirtaki.ee\/ru\/wp-json\/wp\/v2\/product_cat?post=3522"},{"taxonomy":"product_tag","embeddable":true,"href":"https:\/\/moto.sirtaki.ee\/ru\/wp-json\/wp\/v2\/product_tag?post=3522"}],"curies":[{"name":"wp","href":"https:\/\/api.w.org\/{rel}","templated":true}]}}