{"id":3535,"date":"2024-11-01T09:12:02","date_gmt":"2024-11-01T06:12:02","guid":{"rendered":"https:\/\/moto.sirtaki.ee\/?post_type=product&#038;p=3535"},"modified":"2024-12-10T14:26:44","modified_gmt":"2024-12-10T11:26:44","slug":"mootorratas-300sr","status":"publish","type":"product","link":"https:\/\/moto.sirtaki.ee\/ru\/product\/mootorratas-300sr\/","title":{"rendered":"Mootorratas 300SR"},"content":{"rendered":"<h3 class=\"elementor-heading-title elementor-size-default\">Mootorratta CFMOTO 300SR tehnilised andmed<\/h3>\n<div class=\"premium-table-wrap premium-table-responsive\">\n<table class=\"premium-table\" data-settings=\"{&quot;sort&quot;:false,&quot;usNumbers&quot;:false,&quot;sortMob&quot;:false,&quot;search&quot;:false,&quot;records&quot;:false,&quot;dataType&quot;:&quot;csv&quot;,&quot;csvFile&quot;:&quot;https:\\\/\\\/docs.google.com\\\/spreadsheets\\\/d\\\/e\\\/2PACX-1vR6d6V2xgQdARSAeyvFzjUK1IFPj2lEw6R1q_5-ehWhoXg0m1NhieCoTs9TWp76Pziq2FX4EdNyJwzq\\\/pub?gid=893262859&amp;single=true&amp;output=csv&quot;,&quot;firstRow&quot;:&quot;head&quot;,&quot;separator&quot;:&quot;,&quot;,&quot;pagination&quot;:&quot;&quot;,&quot;rows&quot;:0,&quot;id&quot;:&quot;f512a1f&quot;,&quot;reload&quot;:&quot;day&quot;}\">\n<thead class=\"premium-table-head\">\n<tr class=\"premium-table-row\">\n<th class=\"premium-table-cell\"><span class=\"premium-table-text\">Mootorratta mudel <\/span><\/th>\n<th class=\"premium-table-cell\"><span class=\"premium-table-text\">300SR <\/span><\/th>\n<\/tr>\n<\/thead>\n<tbody>\n<tr class=\"premium-table-row\">\n<td class=\"premium-table-cell\"><span class=\"premium-table-text\">EU t\u00fc\u00fcbikinnitus <\/span><\/td>\n<td class=\"premium-table-cell\"><span class=\"premium-table-text\">L3e <\/span><\/td>\n<\/tr>\n<tr class=\"premium-table-row\">\n<td class=\"premium-table-cell\"><span class=\"premium-table-text\">Tehaset\u00e4his <\/span><\/td>\n<td class=\"premium-table-cell\"><span class=\"premium-table-text\">CF300-3F <\/span><\/td>\n<\/tr>\n<tr class=\"premium-table-row\">\n<td class=\"premium-table-cell\"><span class=\"premium-table-text\">\u00dcldandmed <\/span><\/td>\n<td class=\"premium-table-cell\"><\/td>\n<\/tr>\n<tr class=\"premium-table-row\">\n<td class=\"premium-table-cell\"><span class=\"premium-table-text\">Pikkus x laius x k\u00f5rgus (mm) <\/span><\/td>\n<td class=\"premium-table-cell\"><span class=\"premium-table-text\">2010x750x1080 mm <\/span><\/td>\n<\/tr>\n<tr class=\"premium-table-row\">\n<td class=\"premium-table-cell\"><span class=\"premium-table-text\">Teljevahe (mm) <\/span><\/td>\n<td class=\"premium-table-cell\"><span class=\"premium-table-text\">1360 mm <\/span><\/td>\n<\/tr>\n<tr class=\"premium-table-row\">\n<td class=\"premium-table-cell\"><span class=\"premium-table-text\">Istme k\u00f5rgus (mm) <\/span><\/td>\n<td class=\"premium-table-cell\"><span class=\"premium-table-text\">780 mm <\/span><\/td>\n<\/tr>\n<tr class=\"premium-table-row\">\n<td class=\"premium-table-cell\"><span class=\"premium-table-text\">Kliirens (mm) <\/span><\/td>\n<td class=\"premium-table-cell\"><span class=\"premium-table-text\">135 mm <\/span><\/td>\n<\/tr>\n<tr class=\"premium-table-row\">\n<td class=\"premium-table-cell\"><span class=\"premium-table-text\">Minimaalne p\u00f6\u00f6rdediameeter (m) <\/span><\/td>\n<td class=\"premium-table-cell\"><span class=\"premium-table-text\">&#8211; <\/span><\/td>\n<\/tr>\n<tr class=\"premium-table-row\">\n<td class=\"premium-table-cell\"><span class=\"premium-table-text\">T\u00fchimass (kg) * <\/span><\/td>\n<td class=\"premium-table-cell\"><span class=\"premium-table-text\">165 kg * <\/span><\/td>\n<\/tr>\n<tr class=\"premium-table-row\">\n<td class=\"premium-table-cell\"><span class=\"premium-table-text\">Maksimaalne kandev\u00f5ime (kg) <\/span><\/td>\n<td class=\"premium-table-cell\"><span class=\"premium-table-text\">&#8211; <\/span><\/td>\n<\/tr>\n<tr class=\"premium-table-row\">\n<td class=\"premium-table-cell\"><span class=\"premium-table-text\">K\u00fctusepaagi maht (L) <\/span><\/td>\n<td class=\"premium-table-cell\"><span class=\"premium-table-text\">12 L <\/span><\/td>\n<\/tr>\n<tr class=\"premium-table-row\">\n<td class=\"premium-table-cell\"><span class=\"premium-table-text\">Maksimaalne lubatud kiirus (km\/h) <\/span><\/td>\n<td class=\"premium-table-cell\"><span class=\"premium-table-text\">128 km\/h <\/span><\/td>\n<\/tr>\n<tr class=\"premium-table-row\">\n<td class=\"premium-table-cell\"><span class=\"premium-table-text\">Mootor <\/span><\/td>\n<td class=\"premium-table-cell\"><\/td>\n<\/tr>\n<tr class=\"premium-table-row\">\n<td class=\"premium-table-cell\"><span class=\"premium-table-text\">Mootori t\u00fc\u00fcp <\/span><\/td>\n<td class=\"premium-table-cell\"><span class=\"premium-table-text\">\u00fche silindriline \/ vedelikjahtusega \/ nelja taktiline \/ nelja klapiline \/ DOCH <\/span><\/td>\n<\/tr>\n<tr class=\"premium-table-row\">\n<td class=\"premium-table-cell\"><span class=\"premium-table-text\">Mootori t\u00f6\u00f6maht (cc) <\/span><\/td>\n<td class=\"premium-table-cell\"><span class=\"premium-table-text\">292.4 cc <\/span><\/td>\n<\/tr>\n<tr class=\"premium-table-row\">\n<td class=\"premium-table-cell\"><span class=\"premium-table-text\">Kolvik\u00e4ik (mm) <\/span><\/td>\n<td class=\"premium-table-cell\"><span class=\"premium-table-text\">78.0 \u00d7 61.2 mm <\/span><\/td>\n<\/tr>\n<tr class=\"premium-table-row\">\n<td class=\"premium-table-cell\"><span class=\"premium-table-text\">V\u00f5imsus (kW\/rpm) <\/span><\/td>\n<td class=\"premium-table-cell\"><span class=\"premium-table-text\">20.5 kW\/8750 rpm <\/span><\/td>\n<\/tr>\n<tr class=\"premium-table-row\">\n<td class=\"premium-table-cell\"><span class=\"premium-table-text\">Maksimaalne p\u00f6\u00f6rdemoment (N\u00b7m\/rpm) <\/span><\/td>\n<td class=\"premium-table-cell\"><span class=\"premium-table-text\">25 N\u00b7m\/7000 rpm <\/span><\/td>\n<\/tr>\n<tr class=\"premium-table-row\">\n<td class=\"premium-table-cell\"><span class=\"premium-table-text\">Surveaste <\/span><\/td>\n<td class=\"premium-table-cell\"><span class=\"premium-table-text\">11:1 <\/span><\/td>\n<\/tr>\n<tr class=\"premium-table-row\">\n<td class=\"premium-table-cell\"><span class=\"premium-table-text\">Toites\u00fcsteem <\/span><\/td>\n<td class=\"premium-table-cell\"><span class=\"premium-table-text\">EFI Bosch <\/span><\/td>\n<\/tr>\n<tr class=\"premium-table-row\">\n<td class=\"premium-table-cell\"><span class=\"premium-table-text\">S\u00fc\u00fctes\u00fcsteem <\/span><\/td>\n<td class=\"premium-table-cell\"><span class=\"premium-table-text\">ECU Bosch <\/span><\/td>\n<\/tr>\n<tr class=\"premium-table-row\">\n<td class=\"premium-table-cell\"><span class=\"premium-table-text\">\u00dclekanne <\/span><\/td>\n<td class=\"premium-table-cell\"><span class=\"premium-table-text\">6 k\u00e4iku <\/span><\/td>\n<\/tr>\n<tr class=\"premium-table-row\">\n<td class=\"premium-table-cell\"><span class=\"premium-table-text\">Veermik <\/span><\/td>\n<td class=\"premium-table-cell\"><\/td>\n<\/tr>\n<tr class=\"premium-table-row\">\n<td class=\"premium-table-cell\"><span class=\"premium-table-text\">Pidurid <\/span><\/td>\n<td class=\"premium-table-cell\"><span class=\"premium-table-text\">H\u00fcdraulilised ketaspidurid (ABS) <\/span><\/td>\n<\/tr>\n<tr class=\"premium-table-row\">\n<td class=\"premium-table-cell\"><span class=\"premium-table-text\">Amortisaatorid <\/span><\/td>\n<td class=\"premium-table-cell\"><span class=\"premium-table-text\">Ees\/taga: \u00f5liamortisaatorid <\/span><\/td>\n<\/tr>\n<tr class=\"premium-table-row\">\n<td class=\"premium-table-cell\"><span class=\"premium-table-text\"> Veljed <\/span><\/td>\n<td class=\"premium-table-cell\"><\/td>\n<\/tr>\n<tr class=\"premium-table-row\">\n<td class=\"premium-table-cell\"><span class=\"premium-table-text\">Ees: <\/span><\/td>\n<td class=\"premium-table-cell\"><span class=\"premium-table-text\">3.5 x 17 MT <\/span><\/td>\n<\/tr>\n<tr class=\"premium-table-row\">\n<td class=\"premium-table-cell\"><span class=\"premium-table-text\">Taga: <\/span><\/td>\n<td class=\"premium-table-cell\"><span class=\"premium-table-text\">4.0 x 17 MT <\/span><\/td>\n<\/tr>\n<tr class=\"premium-table-row\">\n<td class=\"premium-table-cell\"><span class=\"premium-table-text\">Rehvim\u00f5\u00f5dud <\/span><\/td>\n<td class=\"premium-table-cell\"><\/td>\n<\/tr>\n<tr class=\"premium-table-row\">\n<td class=\"premium-table-cell\"><span class=\"premium-table-text\">Ees: <\/span><\/td>\n<td class=\"premium-table-cell\"><span class=\"premium-table-text\">110 x 70 R17 <\/span><\/td>\n<\/tr>\n<tr class=\"premium-table-row\">\n<td class=\"premium-table-cell\"><span class=\"premium-table-text\">Taga: <\/span><\/td>\n<td class=\"premium-table-cell\"><span class=\"premium-table-text\">140 x 60 R17 <\/span><\/td>\n<\/tr>\n<tr class=\"premium-table-row\">\n<td class=\"premium-table-cell\"><span class=\"premium-table-text\">* T\u00fchikaalu hulka loetakse: \u25cf juhikaal \u25cf aku \u25cf s\u00f5iduki vajalikud vedelikud <\/span><\/td>\n<td class=\"premium-table-cell\"><\/td>\n<\/tr>\n<\/tbody>\n<\/table>\n<\/div>\n<p>V\u00f5istlejate poolt v\u00f5istlejatele m\u00f5eldud ja harrastusv\u00f5istluste jaoks loodud CF 300SR-i ergonoomika h\u00f5lmab\u00a0<strong>madalamat juhtrauda ja agressiivsemat s\u00f5iduasendit<\/strong>, mis \u00e4ratab igas s\u00f5itjas v\u00e4ikese v\u00f5istlushimu. Samas tagab selle ergonoomiline disain\u00a0<strong>mugava s\u00f5iduasendi igap\u00e4evaseks kasutamiseks<\/strong>\u00a0t\u00e4navaliikluses. Optimaalse n\u00e4htavuse tagamiseks on 300SR-i\u00a0<strong>LED-esituled<\/strong>\u00a0disainitud sama teravaks kui kotkasilmad. K\u00f5ik\u00a0<strong>LED-tuled<\/strong>\u00a0pakuvad puhast esteetikat, kuid on loodud eelk\u00f5ige n\u00e4htavuse parandamiseks nii s\u00f5itjale kui s\u00f5iduki n\u00e4htavamaks muutumise kaasliiklejatele. \u00dchesilindriline, vedelikjahutusega,\u00a0<strong>292,4 cm3 DOHC mootor<\/strong>. Kiirelt kuuletuv ja tugev p\u00f6\u00f6rdemoment tagab sportliku j\u00f5udluse igas positsioonis. Silmapaistvalt sujuv mootorit\u00f6\u00f6 pakub p\u00f5nevat s\u00f5itu nii rajal kui t\u00e4naval. 300SR-mootori\u00a0<strong>topelt nukiga nukkv\u00f5lli (DOHC)<\/strong>\u00a0konstruktsioonis juhivad nukkv\u00f5lli nukid otse klappide t\u00f6\u00f6d, v\u00e4hendades seel\u00e4bi mehaanilise liikumise inertsust ja v\u00f5imaldades seel\u00e4bi mootoril sujuvam t\u00f6\u00f6.\u00a0<strong>Kahekihiline kolb<\/strong>\u00a0\u2013 kolvi \u00e4\u00e4rise madala h\u00f5\u00f5rdeteguriga kate parandab kolvi t\u00f5husust, minimeerides h\u00f5\u00f5rdekaod. Kolvipea soojus isolatsioonikate\u00a0<strong>parandab p\u00f5lemist\u00f5husust<\/strong>\u00a0ja\u00a0<strong>v\u00e4hendab veelgi k\u00fctusekulu<\/strong>. Silindripeas kasutatakse\u00a0<strong>m\u00fcra v\u00e4hendus tehnoloogiat<\/strong>, et t\u00f5husalt v\u00e4hendada nukkv\u00f5lliketi vibratsiooni, mille tulemuseks on\u00a0<strong>v\u00e4hem m\u00fcra<\/strong>\u00a0ja\u00a0<strong>suurem mootori efektiivsus<\/strong>.\u00a0<strong>Sisseehitatud tasakaaluv\u00f5ll<\/strong>\u00a0\u2013 balanssv\u00f5lli tehnoloogiaga disainitud 300SR p\u00f6\u00f6rete mootor on\u00a0<strong>sujuva efektiivsusega, v\u00e4hendades vibratsiooni ja suurendades s\u00f5idu mugavust<\/strong>.\u00a0<strong>Suuremad pidurikettad<\/strong>\u00a0v\u00f5imaldavad 300SR-ga turvaliselt agressiivsemat s\u00f5idustiili harrastada. Need on enam kui piisavad nii igap\u00e4evaseks s\u00f5itmiseks kui ringrajale.\u00a0<strong>Ujuv pidurisadula konstruktsioon<\/strong>\u00a0tagab esmaklassilise pidurdust\u00f5hususe, positiivsema haardumise ja stabiilsema pidurdusj\u00f5u. H\u00e4dapidurdamise korral v\u00e4hendab\u00a0<strong>intelligentne ABS s\u00fcsteem<\/strong>\u00a0rataste blokeerumise v\u00f5imalust, mis on mootorrattaga s\u00f5itmise \u00fcks suurim oht. T\u00e4iesti uuel\u00a0<strong>v\u00e4rvilisel TFT-ekraanil<\/strong>\u00a0on kaks liidest \u2013\u00a0<strong>ECO<\/strong>\u00a0ja\u00a0<strong>SPORT<\/strong>\u00a0s\u00f5idure\u017eiimide jaoks, kus ekraan automaatselt kohandub \u00fcmbritseva valgusega.\u00a0<strong>Kerge ja minimaalselt l\u00e4bipainduv raam<\/strong>\u00a0tagab stabiilsuse. 37 mm kahvel t\u00fc\u00fcpi\u00a0<strong>\u00f5libaasil reguleeritavad esiamortisaatorid<\/strong>\u00a0ja \u00fche amortisaatoriga reguleeritav tagavedrustus ning\u00a0<strong>CST \u00fclitugevad radiaalrehvid<\/strong>\u00a0tagavad kindla ja tugeva teehaarde. CNC piduriheebel ja sidurihoob on\u00a0<strong>reguleeritava kaugusega juhtrauast<\/strong>. Jalatoed on\u00a0<strong>kvaliteetsest kergest alumiiniumist<\/strong>. Vastupidav\u00a0<strong>anodeeritud pinnaviimistlus<\/strong>\u00a0tagab suurema mugavuse ja ohutuse. K\u00fctusepaagi\u00a0<strong>kiirlukk v\u00f5tmeta<\/strong>\u00a0ja \u00fclikiire lukustusega.<\/p>","protected":false},"excerpt":{"rendered":"<p><strong>Mootor<\/strong>\u00a0: \u00dchesilindriline, vedelikjahutusega<br \/>\n<strong>T\u00f6\u00f6maht<\/strong>\u00a0: 292,4 cc<br \/>\n<strong>Toide<\/strong>\u00a0: Bosch EFI sissepritses\u00fcsteem<br \/>\n<strong>V\u00f5imsus<\/strong>\u00a0: 21.4 kW \/ 8750 rpm<br \/>\n<strong>V\u00e4\u00e4ne<\/strong>\u00a0: 25.3 Nm \/ 7250 rpm<br \/>\n<strong>\u00dclekanne<\/strong>\u00a0: 6 k\u00e4iku.<br \/>\n<strong>Pidurid<\/strong>\u00a0: H\u00fcdraulilised \u2013 standardis ABS<br \/>\n<strong>Garantii<\/strong>\u00a0: Tehase garantii 3 aastat \u2013 l\u00e4bis\u00f5idupiiranguta<\/p>","protected":false},"featured_media":3760,"template":"","meta":[],"product_cat":[51],"product_tag":[],"class_list":{"0":"post-3535","1":"product","2":"type-product","3":"status-publish","4":"has-post-thumbnail","6":"product_cat-mootorrattad","8":"first","9":"instock","10":"taxable","11":"shipping-taxable","12":"purchasable","13":"product-type-variable","14":"has-default-attributes"},"yoast_head":"<!-- This site is optimized with the Yoast SEO plugin v23.9 - https:\/\/yoast.com\/wordpress\/plugins\/seo\/ -->\n<title>Mootorratas 300SR | CFMoto Sirtaki<\/title>\n<meta name=\"robots\" content=\"index, follow, max-snippet:-1, max-image-preview:large, max-video-preview:-1\" \/>\n<link rel=\"canonical\" href=\"https:\/\/moto.sirtaki.ee\/ru\/product\/mootorratas-300sr\/\" \/>\n<meta property=\"og:locale\" content=\"ru_RU\" \/>\n<meta property=\"og:type\" content=\"article\" \/>\n<meta property=\"og:title\" content=\"Mootorratas 300SR | CFMoto Sirtaki\" \/>\n<meta property=\"og:description\" content=\"Mootor\u00a0: \u00dchesilindriline, vedelikjahutusega T\u00f6\u00f6maht\u00a0: 292,4 cc Toide\u00a0: Bosch EFI sissepritses\u00fcsteem V\u00f5imsus\u00a0: 21.4 kW \/ 8750 rpm V\u00e4\u00e4ne\u00a0: 25.3 Nm \/ 7250 rpm \u00dclekanne\u00a0: 6 k\u00e4iku. Pidurid\u00a0: H\u00fcdraulilised \u2013 standardis ABS Garantii\u00a0: Tehase garantii 3 aastat \u2013 l\u00e4bis\u00f5idupiiranguta\" \/>\n<meta property=\"og:url\" content=\"https:\/\/moto.sirtaki.ee\/ru\/product\/mootorratas-300sr\/\" \/>\n<meta property=\"og:site_name\" content=\"CFMoto Sirtaki\" \/>\n<meta property=\"article:modified_time\" content=\"2024-12-10T11:26:44+00:00\" \/>\n<meta property=\"og:image\" content=\"https:\/\/moto.sirtaki.ee\/wp-content\/uploads\/2024\/10\/CFMOTO-300SR.jpg\" \/>\n\t<meta property=\"og:image:width\" content=\"1875\" \/>\n\t<meta property=\"og:image:height\" content=\"1875\" \/>\n\t<meta property=\"og:image:type\" content=\"image\/jpeg\" \/>\n<meta name=\"twitter:card\" content=\"summary_large_image\" \/>\n<script type=\"application\/ld+json\" class=\"yoast-schema-graph\">{\"@context\":\"https:\/\/schema.org\",\"@graph\":[{\"@type\":\"WebPage\",\"@id\":\"https:\/\/moto.sirtaki.ee\/product\/mootorratas-300sr\/\",\"url\":\"https:\/\/moto.sirtaki.ee\/product\/mootorratas-300sr\/\",\"name\":\"Mootorratas 300SR | CFMoto Sirtaki\",\"isPartOf\":{\"@id\":\"https:\/\/moto.sirtaki.ee\/#website\"},\"primaryImageOfPage\":{\"@id\":\"https:\/\/moto.sirtaki.ee\/product\/mootorratas-300sr\/#primaryimage\"},\"image\":{\"@id\":\"https:\/\/moto.sirtaki.ee\/product\/mootorratas-300sr\/#primaryimage\"},\"thumbnailUrl\":\"https:\/\/moto.sirtaki.ee\/wp-content\/uploads\/2024\/10\/CFMOTO-300SR.jpg\",\"datePublished\":\"2024-11-01T06:12:02+00:00\",\"dateModified\":\"2024-12-10T11:26:44+00:00\",\"breadcrumb\":{\"@id\":\"https:\/\/moto.sirtaki.ee\/product\/mootorratas-300sr\/#breadcrumb\"},\"inLanguage\":\"ru-RU\",\"potentialAction\":[{\"@type\":\"ReadAction\",\"target\":[\"https:\/\/moto.sirtaki.ee\/product\/mootorratas-300sr\/\"]}]},{\"@type\":\"ImageObject\",\"inLanguage\":\"ru-RU\",\"@id\":\"https:\/\/moto.sirtaki.ee\/product\/mootorratas-300sr\/#primaryimage\",\"url\":\"https:\/\/moto.sirtaki.ee\/wp-content\/uploads\/2024\/10\/CFMOTO-300SR.jpg\",\"contentUrl\":\"https:\/\/moto.sirtaki.ee\/wp-content\/uploads\/2024\/10\/CFMOTO-300SR.jpg\",\"width\":1875,\"height\":1875},{\"@type\":\"BreadcrumbList\",\"@id\":\"https:\/\/moto.sirtaki.ee\/product\/mootorratas-300sr\/#breadcrumb\",\"itemListElement\":[{\"@type\":\"ListItem\",\"position\":1,\"name\":\"Home\",\"item\":\"https:\/\/moto.sirtaki.ee\/\"},{\"@type\":\"ListItem\",\"position\":2,\"name\":\"Shop\",\"item\":\"https:\/\/moto.sirtaki.ee\/shop\/\"},{\"@type\":\"ListItem\",\"position\":3,\"name\":\"Mootorratas 300SR\"}]},{\"@type\":\"WebSite\",\"@id\":\"https:\/\/moto.sirtaki.ee\/#website\",\"url\":\"https:\/\/moto.sirtaki.ee\/\",\"name\":\"CFMoto Sirtaki\",\"description\":\"\",\"potentialAction\":[{\"@type\":\"SearchAction\",\"target\":{\"@type\":\"EntryPoint\",\"urlTemplate\":\"https:\/\/moto.sirtaki.ee\/?s={search_term_string}\"},\"query-input\":{\"@type\":\"PropertyValueSpecification\",\"valueRequired\":true,\"valueName\":\"search_term_string\"}}],\"inLanguage\":\"ru-RU\"}]}<\/script>\n<!-- \/ Yoast SEO plugin. -->","yoast_head_json":{"title":"Mootorratas 300SR | CFMoto Sirtaki","robots":{"index":"index","follow":"follow","max-snippet":"max-snippet:-1","max-image-preview":"max-image-preview:large","max-video-preview":"max-video-preview:-1"},"canonical":"https:\/\/moto.sirtaki.ee\/ru\/product\/mootorratas-300sr\/","og_locale":"ru_RU","og_type":"article","og_title":"Mootorratas 300SR | CFMoto Sirtaki","og_description":"Mootor\u00a0: \u00dchesilindriline, vedelikjahutusega T\u00f6\u00f6maht\u00a0: 292,4 cc Toide\u00a0: Bosch EFI sissepritses\u00fcsteem V\u00f5imsus\u00a0: 21.4 kW \/ 8750 rpm V\u00e4\u00e4ne\u00a0: 25.3 Nm \/ 7250 rpm \u00dclekanne\u00a0: 6 k\u00e4iku. Pidurid\u00a0: H\u00fcdraulilised \u2013 standardis ABS Garantii\u00a0: Tehase garantii 3 aastat \u2013 l\u00e4bis\u00f5idupiiranguta","og_url":"https:\/\/moto.sirtaki.ee\/ru\/product\/mootorratas-300sr\/","og_site_name":"CFMoto Sirtaki","article_modified_time":"2024-12-10T11:26:44+00:00","og_image":[{"width":1875,"height":1875,"url":"https:\/\/moto.sirtaki.ee\/wp-content\/uploads\/2024\/10\/CFMOTO-300SR.jpg","type":"image\/jpeg"}],"twitter_card":"summary_large_image","schema":{"@context":"https:\/\/schema.org","@graph":[{"@type":"WebPage","@id":"https:\/\/moto.sirtaki.ee\/product\/mootorratas-300sr\/","url":"https:\/\/moto.sirtaki.ee\/product\/mootorratas-300sr\/","name":"Mootorratas 300SR | CFMoto Sirtaki","isPartOf":{"@id":"https:\/\/moto.sirtaki.ee\/#website"},"primaryImageOfPage":{"@id":"https:\/\/moto.sirtaki.ee\/product\/mootorratas-300sr\/#primaryimage"},"image":{"@id":"https:\/\/moto.sirtaki.ee\/product\/mootorratas-300sr\/#primaryimage"},"thumbnailUrl":"https:\/\/moto.sirtaki.ee\/wp-content\/uploads\/2024\/10\/CFMOTO-300SR.jpg","datePublished":"2024-11-01T06:12:02+00:00","dateModified":"2024-12-10T11:26:44+00:00","breadcrumb":{"@id":"https:\/\/moto.sirtaki.ee\/product\/mootorratas-300sr\/#breadcrumb"},"inLanguage":"ru-RU","potentialAction":[{"@type":"ReadAction","target":["https:\/\/moto.sirtaki.ee\/product\/mootorratas-300sr\/"]}]},{"@type":"ImageObject","inLanguage":"ru-RU","@id":"https:\/\/moto.sirtaki.ee\/product\/mootorratas-300sr\/#primaryimage","url":"https:\/\/moto.sirtaki.ee\/wp-content\/uploads\/2024\/10\/CFMOTO-300SR.jpg","contentUrl":"https:\/\/moto.sirtaki.ee\/wp-content\/uploads\/2024\/10\/CFMOTO-300SR.jpg","width":1875,"height":1875},{"@type":"BreadcrumbList","@id":"https:\/\/moto.sirtaki.ee\/product\/mootorratas-300sr\/#breadcrumb","itemListElement":[{"@type":"ListItem","position":1,"name":"Home","item":"https:\/\/moto.sirtaki.ee\/"},{"@type":"ListItem","position":2,"name":"Shop","item":"https:\/\/moto.sirtaki.ee\/shop\/"},{"@type":"ListItem","position":3,"name":"Mootorratas 300SR"}]},{"@type":"WebSite","@id":"https:\/\/moto.sirtaki.ee\/#website","url":"https:\/\/moto.sirtaki.ee\/","name":"CFMoto Sirtaki","description":"","potentialAction":[{"@type":"SearchAction","target":{"@type":"EntryPoint","urlTemplate":"https:\/\/moto.sirtaki.ee\/?s={search_term_string}"},"query-input":{"@type":"PropertyValueSpecification","valueRequired":true,"valueName":"search_term_string"}}],"inLanguage":"ru-RU"}]}},"_links":{"self":[{"href":"https:\/\/moto.sirtaki.ee\/ru\/wp-json\/wp\/v2\/product\/3535"}],"collection":[{"href":"https:\/\/moto.sirtaki.ee\/ru\/wp-json\/wp\/v2\/product"}],"about":[{"href":"https:\/\/moto.sirtaki.ee\/ru\/wp-json\/wp\/v2\/types\/product"}],"wp:featuredmedia":[{"embeddable":true,"href":"https:\/\/moto.sirtaki.ee\/ru\/wp-json\/wp\/v2\/media\/3760"}],"wp:attachment":[{"href":"https:\/\/moto.sirtaki.ee\/ru\/wp-json\/wp\/v2\/media?parent=3535"}],"wp:term":[{"taxonomy":"product_cat","embeddable":true,"href":"https:\/\/moto.sirtaki.ee\/ru\/wp-json\/wp\/v2\/product_cat?post=3535"},{"taxonomy":"product_tag","embeddable":true,"href":"https:\/\/moto.sirtaki.ee\/ru\/wp-json\/wp\/v2\/product_tag?post=3535"}],"curies":[{"name":"wp","href":"https:\/\/api.w.org\/{rel}","templated":true}]}}