{"id":3544,"date":"2024-11-01T09:15:15","date_gmt":"2024-11-01T06:15:15","guid":{"rendered":"https:\/\/moto.sirtaki.ee\/?post_type=product&#038;p=3544"},"modified":"2024-12-10T14:26:42","modified_gmt":"2024-12-10T11:26:42","slug":"mootorratas-450sr","status":"publish","type":"product","link":"https:\/\/moto.sirtaki.ee\/ru\/product\/mootorratas-450sr\/","title":{"rendered":"Mootorratas 450SR"},"content":{"rendered":"<h3 class=\"elementor-heading-title elementor-size-default\">Mootorratta CFMOTO 450SR tehnilised andmed<\/h3>\n<div class=\"premium-table-wrap premium-table-responsive\">\n<table class=\"premium-table\" data-settings=\"{&quot;sort&quot;:false,&quot;usNumbers&quot;:false,&quot;sortMob&quot;:false,&quot;search&quot;:false,&quot;records&quot;:false,&quot;dataType&quot;:&quot;csv&quot;,&quot;csvFile&quot;:&quot;https:\\\/\\\/docs.google.com\\\/spreadsheets\\\/d\\\/e\\\/2PACX-1vQtPv37RSHULCe_pbo_5V2QzkdpD3KJsBeM-6zpTZuflD5uGoc1IbWnjjkc3AGSXyrjgRXl38KBdn59\\\/pub?gid=1607464081&amp;single=true&amp;output=csv&quot;,&quot;firstRow&quot;:&quot;head&quot;,&quot;separator&quot;:&quot;,&quot;,&quot;pagination&quot;:&quot;&quot;,&quot;rows&quot;:0,&quot;id&quot;:&quot;ee7f072&quot;,&quot;reload&quot;:&quot;day&quot;}\">\n<thead class=\"premium-table-head\">\n<tr class=\"premium-table-row\">\n<th class=\"premium-table-cell\"><span class=\"premium-table-text\">Mootorratta mudel <\/span><\/th>\n<th class=\"premium-table-cell\"><span class=\"premium-table-text\">450SR <\/span><\/th>\n<\/tr>\n<\/thead>\n<tbody>\n<tr class=\"premium-table-row\">\n<td class=\"premium-table-cell\"><span class=\"premium-table-text\">EU t\u00fc\u00fcbikinnitus <\/span><\/td>\n<td class=\"premium-table-cell\"><span class=\"premium-table-text\">L3e <\/span><\/td>\n<\/tr>\n<tr class=\"premium-table-row\">\n<td class=\"premium-table-cell\"><span class=\"premium-table-text\">S\u00f5iduki t\u00fc\u00fcp <\/span><\/td>\n<td class=\"premium-table-cell\"><span class=\"premium-table-text\">A2 <\/span><\/td>\n<\/tr>\n<tr class=\"premium-table-row\">\n<td class=\"premium-table-cell\"><span class=\"premium-table-text\">Tehaset\u00e4his <\/span><\/td>\n<td class=\"premium-table-cell\"><span class=\"premium-table-text\">CF400-6F <\/span><\/td>\n<\/tr>\n<tr class=\"premium-table-row\">\n<td class=\"premium-table-cell\"><span class=\"premium-table-text\">\u00dcldandmed <\/span><\/td>\n<td class=\"premium-table-cell\"><\/td>\n<\/tr>\n<tr class=\"premium-table-row\">\n<td class=\"premium-table-cell\"><span class=\"premium-table-text\">Pikkus x laius x k\u00f5rgus (mm) <\/span><\/td>\n<td class=\"premium-table-cell\"><span class=\"premium-table-text\">1990 x 710 x 1130 mm <\/span><\/td>\n<\/tr>\n<tr class=\"premium-table-row\">\n<td class=\"premium-table-cell\"><span class=\"premium-table-text\">Teljevahe (mm) <\/span><\/td>\n<td class=\"premium-table-cell\"><span class=\"premium-table-text\">1365 mm <\/span><\/td>\n<\/tr>\n<tr class=\"premium-table-row\">\n<td class=\"premium-table-cell\"><span class=\"premium-table-text\">Istme k\u00f5rgus (mm) <\/span><\/td>\n<td class=\"premium-table-cell\"><span class=\"premium-table-text\">785\/815 mm <\/span><\/td>\n<\/tr>\n<tr class=\"premium-table-row\">\n<td class=\"premium-table-cell\"><span class=\"premium-table-text\">Kliirens (mm) <\/span><\/td>\n<td class=\"premium-table-cell\"><span class=\"premium-table-text\">135 mm <\/span><\/td>\n<\/tr>\n<tr class=\"premium-table-row\">\n<td class=\"premium-table-cell\"><span class=\"premium-table-text\">T\u00fchimass (kg) * <\/span><\/td>\n<td class=\"premium-table-cell\"><span class=\"premium-table-text\">179 kg * <\/span><\/td>\n<\/tr>\n<tr class=\"premium-table-row\">\n<td class=\"premium-table-cell\"><span class=\"premium-table-text\">Maksimaalne kandev\u00f5ime (kg) <\/span><\/td>\n<td class=\"premium-table-cell\"><span class=\"premium-table-text\">150 kg <\/span><\/td>\n<\/tr>\n<tr class=\"premium-table-row\">\n<td class=\"premium-table-cell\"><span class=\"premium-table-text\">K\u00fctusepaagi maht (L) <\/span><\/td>\n<td class=\"premium-table-cell\"><span class=\"premium-table-text\">14 L <\/span><\/td>\n<\/tr>\n<tr class=\"premium-table-row\">\n<td class=\"premium-table-cell\"><span class=\"premium-table-text\">Keskmine k\u00fctusekulu <\/span><\/td>\n<td class=\"premium-table-cell\"><span class=\"premium-table-text\">4.5L \/ 100km <\/span><\/td>\n<\/tr>\n<tr class=\"premium-table-row\">\n<td class=\"premium-table-cell\"><span class=\"premium-table-text\">CO2 v\u00e4ljaheited <\/span><\/td>\n<td class=\"premium-table-cell\"><span class=\"premium-table-text\">105 g\/km <\/span><\/td>\n<\/tr>\n<tr class=\"premium-table-row\">\n<td class=\"premium-table-cell\"><span class=\"premium-table-text\">Maksimaalne kiirus (km\/h) <\/span><\/td>\n<td class=\"premium-table-cell\"><span class=\"premium-table-text\">180 km\/h <\/span><\/td>\n<\/tr>\n<tr class=\"premium-table-row\">\n<td class=\"premium-table-cell\"><span class=\"premium-table-text\">Mootor <\/span><\/td>\n<td class=\"premium-table-cell\"><\/td>\n<\/tr>\n<tr class=\"premium-table-row\">\n<td class=\"premium-table-cell\"><span class=\"premium-table-text\">Mootori t\u00fc\u00fcp <\/span><\/td>\n<td class=\"premium-table-cell\"><span class=\"premium-table-text\">kahe silindriline \/ vedelikjahtusega \/ nelja taktiline \/ nelja klapiline \/ DOCH <\/span><\/td>\n<\/tr>\n<tr class=\"premium-table-row\">\n<td class=\"premium-table-cell\"><span class=\"premium-table-text\">Mootori t\u00f6\u00f6maht (cc) <\/span><\/td>\n<td class=\"premium-table-cell\"><span class=\"premium-table-text\">449.5 cc <\/span><\/td>\n<\/tr>\n<tr class=\"premium-table-row\">\n<td class=\"premium-table-cell\"><span class=\"premium-table-text\">V\u00f5imsus (kW\/rpm) <\/span><\/td>\n<td class=\"premium-table-cell\"><span class=\"premium-table-text\">34.5 kW \/ 10000 rpm <\/span><\/td>\n<\/tr>\n<tr class=\"premium-table-row\">\n<td class=\"premium-table-cell\"><span class=\"premium-table-text\">Maksimaalne p\u00f6\u00f6rdemoment (N\u00b7m\/rpm) <\/span><\/td>\n<td class=\"premium-table-cell\"><span class=\"premium-table-text\">39.3 N\u00b7m \/ 7750 rpm <\/span><\/td>\n<\/tr>\n<tr class=\"premium-table-row\">\n<td class=\"premium-table-cell\"><span class=\"premium-table-text\">Surveaste <\/span><\/td>\n<td class=\"premium-table-cell\"><span class=\"premium-table-text\">11:1 <\/span><\/td>\n<\/tr>\n<tr class=\"premium-table-row\">\n<td class=\"premium-table-cell\"><span class=\"premium-table-text\">Toites\u00fcsteem <\/span><\/td>\n<td class=\"premium-table-cell\"><span class=\"premium-table-text\">EFI Bosch <\/span><\/td>\n<\/tr>\n<tr class=\"premium-table-row\">\n<td class=\"premium-table-cell\"><span class=\"premium-table-text\">S\u00fc\u00fctes\u00fcsteem <\/span><\/td>\n<td class=\"premium-table-cell\"><span class=\"premium-table-text\">ECU Bosch <\/span><\/td>\n<\/tr>\n<tr class=\"premium-table-row\">\n<td class=\"premium-table-cell\"><span class=\"premium-table-text\">\u00dclekanne <\/span><\/td>\n<td class=\"premium-table-cell\"><span class=\"premium-table-text\">6 k\u00e4iku <\/span><\/td>\n<\/tr>\n<tr class=\"premium-table-row\">\n<td class=\"premium-table-cell\"><span class=\"premium-table-text\">Veermik <\/span><\/td>\n<td class=\"premium-table-cell\"><\/td>\n<\/tr>\n<tr class=\"premium-table-row\">\n<td class=\"premium-table-cell\"><span class=\"premium-table-text\">Pidurid <\/span><\/td>\n<td class=\"premium-table-cell\"><span class=\"premium-table-text\">H\u00fcdraulilised ketaspidurid (ABS) <\/span><\/td>\n<\/tr>\n<tr class=\"premium-table-row\">\n<td class=\"premium-table-cell\"><span class=\"premium-table-text\">Amortisaatorid <\/span><\/td>\n<td class=\"premium-table-cell\"><span class=\"premium-table-text\">Ees\/taga: \u00f5liamortisaatorid <\/span><\/td>\n<\/tr>\n<tr class=\"premium-table-row\">\n<td class=\"premium-table-cell\"><span class=\"premium-table-text\">M\u00fcra <\/span><\/td>\n<td class=\"premium-table-cell\"><\/td>\n<\/tr>\n<tr class=\"premium-table-row\">\n<td class=\"premium-table-cell\"><span class=\"premium-table-text\">Seistes 5000 rpm <\/span><\/td>\n<td class=\"premium-table-cell\"><span class=\"premium-table-text\">93 dB <\/span><\/td>\n<\/tr>\n<tr class=\"premium-table-row\">\n<td class=\"premium-table-cell\"><span class=\"premium-table-text\">M\u00f6\u00f6da s\u00f5ites <\/span><\/td>\n<td class=\"premium-table-cell\"><span class=\"premium-table-text\">76 dB <\/span><\/td>\n<\/tr>\n<tr class=\"premium-table-row\">\n<td class=\"premium-table-cell\"><span class=\"premium-table-text\">Rehvim\u00f5\u00f5dud <\/span><\/td>\n<td class=\"premium-table-cell\"><\/td>\n<\/tr>\n<tr class=\"premium-table-row\">\n<td class=\"premium-table-cell\"><span class=\"premium-table-text\">Ees: <\/span><\/td>\n<td class=\"premium-table-cell\"><span class=\"premium-table-text\">110 x 70 R17 <\/span><\/td>\n<\/tr>\n<tr class=\"premium-table-row\">\n<td class=\"premium-table-cell\"><span class=\"premium-table-text\">Taga: <\/span><\/td>\n<td class=\"premium-table-cell\"><span class=\"premium-table-text\">150 x 60 R17 <\/span><\/td>\n<\/tr>\n<tr class=\"premium-table-row\">\n<td class=\"premium-table-cell\"><span class=\"premium-table-text\">Veljed <\/span><\/td>\n<td class=\"premium-table-cell\"><\/td>\n<\/tr>\n<tr class=\"premium-table-row\">\n<td class=\"premium-table-cell\"><span class=\"premium-table-text\">Ees: <\/span><\/td>\n<td class=\"premium-table-cell\"><span class=\"premium-table-text\">3.0 x 17MT <\/span><\/td>\n<\/tr>\n<tr class=\"premium-table-row\">\n<td class=\"premium-table-cell\"><span class=\"premium-table-text\">Taga: <\/span><\/td>\n<td class=\"premium-table-cell\"><span class=\"premium-table-text\">4.0 x 17MT <\/span><\/td>\n<\/tr>\n<tr class=\"premium-table-row\">\n<td class=\"premium-table-cell\"><span class=\"premium-table-text\">* T\u00fchikaalu hulka loetakse: \u25cf aku \u25cf s\u00f5iduki vajalikud vedelikud <\/span><\/td>\n<td class=\"premium-table-cell\"><\/td>\n<\/tr>\n<\/tbody>\n<\/table>\n<\/div>\n<p><strong>450SR<\/strong> on <strong>SR<\/strong> sarja k\u00f5ige uuem mootorratas mida iseloomustab kerge ning sportlikum disain. See on disainitud alustavale kuid motospordist lugupidavale mootorratturile (<strong>A2<\/strong> kategooria) kuid see pakub piisavalt p\u00f5nevust ka edasij\u00f5udnud juhtidele.<\/p>\n<p><b>450SR<\/b>\u2018i viib edasi s\u00e4rtsakas kahesilindriline vedelikjahutusega, EURO 5 bensiinimootor, mille t\u00f6\u00f6maht on 450 cm3, v\u00f5imsus <b>34.5 kW<\/b>. Selle v\u00e4\u00e4ne on 39.3 Nm. ja mootor t\u00f6\u00f6tab <b>BOSCH<\/b>\u2018i EFI toite ja sissepritses\u00fcsteemil ning suudab saavutada tippkiiruse 180km\/h. Nullist sajani kiirendab mootorratas v\u00e4hem, kui 5 sekundiga ning see on sellise kategooriaratta puhul v\u00e4gagi m\u00e4rkimisv\u00e4\u00e4rne saavutus. Sujuva ja j\u00f5ulise pidurdusj\u00f5u tagavad <b>Brembo<\/b> piduris\u00fcsteem millel on kurvifunktsiooniga ABS ehk plokeerumisvastane.<\/p>\n<p>CFMOTO 450SR kaaluks on k\u00f5igest<b> 179kg<\/b> ning selle j\u00f5u ja kaalu suhe on 0.19. Hea kiirendusv\u00f5ime t\u00f5ttu pakub mootorratas uskumatult head minekut ning selle kerguse t\u00f5ttu on 450SR-i juhitavus \u00e4\u00e4rmiselt mugav.<\/p>\n<p>CFMOTO 450SR kere on disainitud sarnaselt super bike ja superautode disaini reeglite ning selle sujuvad, jooned pole rattal ainult ilu p\u00e4rast vaid on tuuletunnelis p\u00f5hjalikult testitud, et tuuletakistus oleks v\u00f5imalikult v\u00e4ike ning aerod\u00fcnaamilised detailid pakuks mootorrattale paremat pidamist ka suurematel kiirustel. Samuti v\u00e4lditakse voolujooneliste keredetailidega tuulekeeriseid, mis v\u00f5iks mootorratta suurematel kiirustel kergesti tasakaalust v\u00e4lja viia.<\/p>\n<p>450SR on varustatud kvaliteetsete LED esi- ja tagatuledega, mis pakuvad head valgust nii pilkases pimeduses. Automaatse p\u00e4evas\u00f5idu re\u017eiimil s\u00f5ites ei j\u00e4ta erksad tuled mootorratast m\u00e4rkamata kaasliiklejatele ka p\u00e4evavalguses. Mootorratta k\u00e4ivitamisel pakuvad esimesed ning tagumised tuled silmar\u00f5\u00f5mu pilkup\u00fc\u00fcdva animatsiooniga. Mootorratturi turvalisuse tagamiseks on suunatuled integreeritud k\u00fcljepeeglite sisse. Avarii puhul tunnetavad sensorid kokkup\u00f5rget ning k\u00fcljepeeglid t\u00f5mbuvad automaatselt kokku, et v\u00e4ltida juhile vigastuste tekitamist.<\/p>\n<p>5 tolline kumer ekraan v\u00f5imaldab juhil j\u00e4lgida kiirust, mootori p\u00f6\u00f6rdeid, k\u00e4iku ning erinevaid m\u00e4rgutulesid. Samuti on ekraanilt v\u00f5imalik j\u00e4lgida sissel\u00fclitatud k\u00e4iku ning kiirusele vastavat soovitatav k\u00e4igu valik, mis oleks optimaalne mootori ning k\u00e4igukasti eluea pikendamiseks.<\/p>\n<p>Vaatamata 450SR v\u00e4ga sportlikule disainile ja v\u00f5imekale mootorile, pakub antud mudel tavamootorratta mugavust ka t\u00e4navaliikluses. K\u00f5rge pedaali asetus ning madalad k\u00e4epidemed loovad ergonoomilise ning mugava istumispositsiooni pikemateks s\u00f5itudeks. Kitsas sportiste teeb kohapeal seismise ning jala maha paneku lihtsamaks ka l\u00fchemat kasvu juhtidele. T\u00e4nu sportvedrustusele, on juhil mootorratta \u00fcle parem kontroll ning ratas k\u00e4itub etteaimatavalt. Suunatuled, helisignaal ning men\u00fc\u00fc nupud on asetatud k\u00e4epideme sisemisele k\u00fcljele, et p\u00f6idlaga nuppude kasutamine oleks v\u00f5imalikult kerge ja mugav. Kunstnahast pehme iste garanteerib mugava istumise ka pikkadel s\u00f5itudel. Nutiseadmeid on v\u00f5imalik s\u00f5idu ajal laadida t\u00e4nu mootorrattale paigaldatud USB C ning USB A laadimisportidele. Nii ei pea muret tundma, et muusikat kuulates telefoni aku t\u00fchjaks saab. Korraga on v\u00f5imalik laadida kahte erinevat seadet.<\/p>\n<p>450SR baasvarustuse hulka (olenevalt regioonist) kuulub T-box mis v\u00f5imaldab mootorratta \u00fchendada CFMOTO mobiilirakenduse abil juhi nutiseadmega mis omakorda v\u00f5imaldab vastava rakenduse abil j\u00e4lgida enda s\u00f5iduandmetega seotud informatsiooni nagu l\u00e4bitut marsruut, s\u00f5idukiirust. Samuti v\u00f5imaldab see lihtsalt kontrollida s\u00f5iduki hooldusplaani ning \u00fcldist tehnilise seisukorda. Selle juurde kuulub ka s\u00f5iduki asukoha m\u00e4\u00e4ramine, ehk\u00a0 GPS valve.<\/p>","protected":false},"excerpt":{"rendered":"<p><strong>Mootor<\/strong> : Paralleelne, kahesilindriline vesijahutusega<br \/>\n<strong>T\u00f6\u00f6maht<\/strong> : 450 cc<br \/>\n<strong>Toide<\/strong> : Bosch EFI sissepritses\u00fcsteem<br \/>\n<strong>V\u00f5imsus<\/strong> : 34.5 kW \/ 10000 rpm<br \/>\n<strong>V\u00e4\u00e4ne<\/strong> : 39.3 Nm \/ 7750 rpm<br \/>\n<strong>\u00dclekanne<\/strong> : 6 k\u00e4iku<br \/>\n<strong>Pidurid<\/strong>\u00a0: H\u00fcdraulilised \u2013 standardis ABS<br \/>\n<strong>Garantii<\/strong>\u00a0: Tehase garantii 3 aastat<\/p>","protected":false},"featured_media":3764,"template":"","meta":[],"product_cat":[51],"product_tag":[],"class_list":{"0":"post-3544","1":"product","2":"type-product","3":"status-publish","4":"has-post-thumbnail","6":"product_cat-mootorrattad","8":"first","9":"instock","10":"taxable","11":"shipping-taxable","12":"purchasable","13":"product-type-variable","14":"has-default-attributes"},"yoast_head":"<!-- This site is optimized with the Yoast SEO plugin v23.9 - https:\/\/yoast.com\/wordpress\/plugins\/seo\/ -->\n<title>Mootorratas 450SR | CFMoto Sirtaki<\/title>\n<meta name=\"robots\" content=\"index, follow, max-snippet:-1, max-image-preview:large, max-video-preview:-1\" \/>\n<link rel=\"canonical\" href=\"https:\/\/moto.sirtaki.ee\/ru\/product\/mootorratas-450sr\/\" \/>\n<meta property=\"og:locale\" content=\"ru_RU\" \/>\n<meta property=\"og:type\" content=\"article\" \/>\n<meta property=\"og:title\" content=\"Mootorratas 450SR | CFMoto Sirtaki\" \/>\n<meta property=\"og:description\" content=\"Mootor : Paralleelne, kahesilindriline vesijahutusega T\u00f6\u00f6maht : 450 cc Toide : Bosch EFI sissepritses\u00fcsteem V\u00f5imsus : 34.5 kW \/ 10000 rpm V\u00e4\u00e4ne : 39.3 Nm \/ 7750 rpm \u00dclekanne : 6 k\u00e4iku Pidurid\u00a0: H\u00fcdraulilised \u2013 standardis ABS Garantii\u00a0: Tehase garantii 3 aastat\" \/>\n<meta property=\"og:url\" content=\"https:\/\/moto.sirtaki.ee\/ru\/product\/mootorratas-450sr\/\" \/>\n<meta property=\"og:site_name\" content=\"CFMoto Sirtaki\" \/>\n<meta property=\"article:modified_time\" content=\"2024-12-10T11:26:42+00:00\" \/>\n<meta property=\"og:image\" content=\"https:\/\/moto.sirtaki.ee\/wp-content\/uploads\/2024\/10\/CFMOTO-450SR.jpg\" \/>\n\t<meta property=\"og:image:width\" content=\"1875\" \/>\n\t<meta property=\"og:image:height\" content=\"1875\" \/>\n\t<meta property=\"og:image:type\" content=\"image\/jpeg\" \/>\n<meta name=\"twitter:card\" content=\"summary_large_image\" \/>\n<script type=\"application\/ld+json\" class=\"yoast-schema-graph\">{\"@context\":\"https:\/\/schema.org\",\"@graph\":[{\"@type\":\"WebPage\",\"@id\":\"https:\/\/moto.sirtaki.ee\/product\/mootorratas-450sr\/\",\"url\":\"https:\/\/moto.sirtaki.ee\/product\/mootorratas-450sr\/\",\"name\":\"Mootorratas 450SR | CFMoto Sirtaki\",\"isPartOf\":{\"@id\":\"https:\/\/moto.sirtaki.ee\/#website\"},\"primaryImageOfPage\":{\"@id\":\"https:\/\/moto.sirtaki.ee\/product\/mootorratas-450sr\/#primaryimage\"},\"image\":{\"@id\":\"https:\/\/moto.sirtaki.ee\/product\/mootorratas-450sr\/#primaryimage\"},\"thumbnailUrl\":\"https:\/\/moto.sirtaki.ee\/wp-content\/uploads\/2024\/10\/CFMOTO-450SR.jpg\",\"datePublished\":\"2024-11-01T06:15:15+00:00\",\"dateModified\":\"2024-12-10T11:26:42+00:00\",\"breadcrumb\":{\"@id\":\"https:\/\/moto.sirtaki.ee\/product\/mootorratas-450sr\/#breadcrumb\"},\"inLanguage\":\"ru-RU\",\"potentialAction\":[{\"@type\":\"ReadAction\",\"target\":[\"https:\/\/moto.sirtaki.ee\/product\/mootorratas-450sr\/\"]}]},{\"@type\":\"ImageObject\",\"inLanguage\":\"ru-RU\",\"@id\":\"https:\/\/moto.sirtaki.ee\/product\/mootorratas-450sr\/#primaryimage\",\"url\":\"https:\/\/moto.sirtaki.ee\/wp-content\/uploads\/2024\/10\/CFMOTO-450SR.jpg\",\"contentUrl\":\"https:\/\/moto.sirtaki.ee\/wp-content\/uploads\/2024\/10\/CFMOTO-450SR.jpg\",\"width\":1875,\"height\":1875},{\"@type\":\"BreadcrumbList\",\"@id\":\"https:\/\/moto.sirtaki.ee\/product\/mootorratas-450sr\/#breadcrumb\",\"itemListElement\":[{\"@type\":\"ListItem\",\"position\":1,\"name\":\"Home\",\"item\":\"https:\/\/moto.sirtaki.ee\/\"},{\"@type\":\"ListItem\",\"position\":2,\"name\":\"Shop\",\"item\":\"https:\/\/moto.sirtaki.ee\/shop\/\"},{\"@type\":\"ListItem\",\"position\":3,\"name\":\"Mootorratas 450SR\"}]},{\"@type\":\"WebSite\",\"@id\":\"https:\/\/moto.sirtaki.ee\/#website\",\"url\":\"https:\/\/moto.sirtaki.ee\/\",\"name\":\"CFMoto Sirtaki\",\"description\":\"\",\"potentialAction\":[{\"@type\":\"SearchAction\",\"target\":{\"@type\":\"EntryPoint\",\"urlTemplate\":\"https:\/\/moto.sirtaki.ee\/?s={search_term_string}\"},\"query-input\":{\"@type\":\"PropertyValueSpecification\",\"valueRequired\":true,\"valueName\":\"search_term_string\"}}],\"inLanguage\":\"ru-RU\"}]}<\/script>\n<!-- \/ Yoast SEO plugin. -->","yoast_head_json":{"title":"Mootorratas 450SR | CFMoto Sirtaki","robots":{"index":"index","follow":"follow","max-snippet":"max-snippet:-1","max-image-preview":"max-image-preview:large","max-video-preview":"max-video-preview:-1"},"canonical":"https:\/\/moto.sirtaki.ee\/ru\/product\/mootorratas-450sr\/","og_locale":"ru_RU","og_type":"article","og_title":"Mootorratas 450SR | CFMoto Sirtaki","og_description":"Mootor : Paralleelne, kahesilindriline vesijahutusega T\u00f6\u00f6maht : 450 cc Toide : Bosch EFI sissepritses\u00fcsteem V\u00f5imsus : 34.5 kW \/ 10000 rpm V\u00e4\u00e4ne : 39.3 Nm \/ 7750 rpm \u00dclekanne : 6 k\u00e4iku Pidurid\u00a0: H\u00fcdraulilised \u2013 standardis ABS Garantii\u00a0: Tehase garantii 3 aastat","og_url":"https:\/\/moto.sirtaki.ee\/ru\/product\/mootorratas-450sr\/","og_site_name":"CFMoto Sirtaki","article_modified_time":"2024-12-10T11:26:42+00:00","og_image":[{"width":1875,"height":1875,"url":"https:\/\/moto.sirtaki.ee\/wp-content\/uploads\/2024\/10\/CFMOTO-450SR.jpg","type":"image\/jpeg"}],"twitter_card":"summary_large_image","schema":{"@context":"https:\/\/schema.org","@graph":[{"@type":"WebPage","@id":"https:\/\/moto.sirtaki.ee\/product\/mootorratas-450sr\/","url":"https:\/\/moto.sirtaki.ee\/product\/mootorratas-450sr\/","name":"Mootorratas 450SR | CFMoto Sirtaki","isPartOf":{"@id":"https:\/\/moto.sirtaki.ee\/#website"},"primaryImageOfPage":{"@id":"https:\/\/moto.sirtaki.ee\/product\/mootorratas-450sr\/#primaryimage"},"image":{"@id":"https:\/\/moto.sirtaki.ee\/product\/mootorratas-450sr\/#primaryimage"},"thumbnailUrl":"https:\/\/moto.sirtaki.ee\/wp-content\/uploads\/2024\/10\/CFMOTO-450SR.jpg","datePublished":"2024-11-01T06:15:15+00:00","dateModified":"2024-12-10T11:26:42+00:00","breadcrumb":{"@id":"https:\/\/moto.sirtaki.ee\/product\/mootorratas-450sr\/#breadcrumb"},"inLanguage":"ru-RU","potentialAction":[{"@type":"ReadAction","target":["https:\/\/moto.sirtaki.ee\/product\/mootorratas-450sr\/"]}]},{"@type":"ImageObject","inLanguage":"ru-RU","@id":"https:\/\/moto.sirtaki.ee\/product\/mootorratas-450sr\/#primaryimage","url":"https:\/\/moto.sirtaki.ee\/wp-content\/uploads\/2024\/10\/CFMOTO-450SR.jpg","contentUrl":"https:\/\/moto.sirtaki.ee\/wp-content\/uploads\/2024\/10\/CFMOTO-450SR.jpg","width":1875,"height":1875},{"@type":"BreadcrumbList","@id":"https:\/\/moto.sirtaki.ee\/product\/mootorratas-450sr\/#breadcrumb","itemListElement":[{"@type":"ListItem","position":1,"name":"Home","item":"https:\/\/moto.sirtaki.ee\/"},{"@type":"ListItem","position":2,"name":"Shop","item":"https:\/\/moto.sirtaki.ee\/shop\/"},{"@type":"ListItem","position":3,"name":"Mootorratas 450SR"}]},{"@type":"WebSite","@id":"https:\/\/moto.sirtaki.ee\/#website","url":"https:\/\/moto.sirtaki.ee\/","name":"CFMoto Sirtaki","description":"","potentialAction":[{"@type":"SearchAction","target":{"@type":"EntryPoint","urlTemplate":"https:\/\/moto.sirtaki.ee\/?s={search_term_string}"},"query-input":{"@type":"PropertyValueSpecification","valueRequired":true,"valueName":"search_term_string"}}],"inLanguage":"ru-RU"}]}},"_links":{"self":[{"href":"https:\/\/moto.sirtaki.ee\/ru\/wp-json\/wp\/v2\/product\/3544"}],"collection":[{"href":"https:\/\/moto.sirtaki.ee\/ru\/wp-json\/wp\/v2\/product"}],"about":[{"href":"https:\/\/moto.sirtaki.ee\/ru\/wp-json\/wp\/v2\/types\/product"}],"wp:featuredmedia":[{"embeddable":true,"href":"https:\/\/moto.sirtaki.ee\/ru\/wp-json\/wp\/v2\/media\/3764"}],"wp:attachment":[{"href":"https:\/\/moto.sirtaki.ee\/ru\/wp-json\/wp\/v2\/media?parent=3544"}],"wp:term":[{"taxonomy":"product_cat","embeddable":true,"href":"https:\/\/moto.sirtaki.ee\/ru\/wp-json\/wp\/v2\/product_cat?post=3544"},{"taxonomy":"product_tag","embeddable":true,"href":"https:\/\/moto.sirtaki.ee\/ru\/wp-json\/wp\/v2\/product_tag?post=3544"}],"curies":[{"name":"wp","href":"https:\/\/api.w.org\/{rel}","templated":true}]}}