{"id":3550,"date":"2024-11-01T09:21:42","date_gmt":"2024-11-01T06:21:42","guid":{"rendered":"https:\/\/moto.sirtaki.ee\/?post_type=product&#038;p=3550"},"modified":"2024-12-10T14:26:39","modified_gmt":"2024-12-10T11:26:39","slug":"mootorratas-450cl-c","status":"publish","type":"product","link":"https:\/\/moto.sirtaki.ee\/ru\/product\/mootorratas-450cl-c\/","title":{"rendered":"Mootorratas 450CL-C"},"content":{"rendered":"<h3 class=\"elementor-heading-title elementor-size-default\">Mootorratta CFMOTO 450CL-C tehnilised andmed<\/h3>\n<div class=\"premium-table-wrap premium-table-responsive\">\n<table class=\"premium-table\" data-settings=\"{&quot;sort&quot;:false,&quot;usNumbers&quot;:false,&quot;sortMob&quot;:false,&quot;search&quot;:false,&quot;records&quot;:false,&quot;dataType&quot;:&quot;csv&quot;,&quot;csvFile&quot;:&quot;https:\\\/\\\/docs.google.com\\\/spreadsheets\\\/d\\\/e\\\/2PACX-1vRN8LsDt6_akbIVxpVpR5cnUJIMzYJCJLGh9kKPgsPX0ToxOr8acTNwTZbAaSYftiPqsj2kDRfMPask\\\/pub?gid=937251238&amp;single=true&amp;output=csv&quot;,&quot;firstRow&quot;:&quot;head&quot;,&quot;separator&quot;:&quot;,&quot;,&quot;pagination&quot;:&quot;&quot;,&quot;rows&quot;:0,&quot;id&quot;:&quot;ea14476&quot;,&quot;reload&quot;:&quot;day&quot;}\">\n<thead class=\"premium-table-head\">\n<tr class=\"premium-table-row\">\n<th class=\"premium-table-cell\"><span class=\"premium-table-text\">Mootorratta mudel <\/span><\/th>\n<th class=\"premium-table-cell\"><span class=\"premium-table-text\">450CL-C <\/span><\/th>\n<\/tr>\n<\/thead>\n<tbody>\n<tr class=\"premium-table-row\">\n<td class=\"premium-table-cell\"><span class=\"premium-table-text\">EU t\u00fc\u00fcbikinnitus <\/span><\/td>\n<td class=\"premium-table-cell\"><span class=\"premium-table-text\">L3e <\/span><\/td>\n<\/tr>\n<tr class=\"premium-table-row\">\n<td class=\"premium-table-cell\"><span class=\"premium-table-text\">S\u00f5iduki t\u00fc\u00fcp <\/span><\/td>\n<td class=\"premium-table-cell\"><span class=\"premium-table-text\">A2 <\/span><\/td>\n<\/tr>\n<tr class=\"premium-table-row\">\n<td class=\"premium-table-cell\"><span class=\"premium-table-text\">Tehaset\u00e4his <\/span><\/td>\n<td class=\"premium-table-cell\"><span class=\"premium-table-text\">&#8211; <\/span><\/td>\n<\/tr>\n<tr class=\"premium-table-row\">\n<td class=\"premium-table-cell\"><span class=\"premium-table-text\">\u00dcldandmed <\/span><\/td>\n<td class=\"premium-table-cell\"><\/td>\n<\/tr>\n<tr class=\"premium-table-row\">\n<td class=\"premium-table-cell\"><span class=\"premium-table-text\">Pikkus x laius x k\u00f5rgus (mm) <\/span><\/td>\n<td class=\"premium-table-cell\"><span class=\"premium-table-text\">2205 x 805 x 1110 mm <\/span><\/td>\n<\/tr>\n<tr class=\"premium-table-row\">\n<td class=\"premium-table-cell\"><span class=\"premium-table-text\">Teljevahe (mm) <\/span><\/td>\n<td class=\"premium-table-cell\"><span class=\"premium-table-text\">1485 mm <\/span><\/td>\n<\/tr>\n<tr class=\"premium-table-row\">\n<td class=\"premium-table-cell\"><span class=\"premium-table-text\">Istme k\u00f5rgus (mm) <\/span><\/td>\n<td class=\"premium-table-cell\"><span class=\"premium-table-text\">690 mm <\/span><\/td>\n<\/tr>\n<tr class=\"premium-table-row\">\n<td class=\"premium-table-cell\"><span class=\"premium-table-text\">Kliirens (mm) <\/span><\/td>\n<td class=\"premium-table-cell\"><span class=\"premium-table-text\">135 mm <\/span><\/td>\n<\/tr>\n<tr class=\"premium-table-row\">\n<td class=\"premium-table-cell\"><span class=\"premium-table-text\">T\u00fchimass (kg) * <\/span><\/td>\n<td class=\"premium-table-cell\"><span class=\"premium-table-text\">183 kg * <\/span><\/td>\n<\/tr>\n<tr class=\"premium-table-row\">\n<td class=\"premium-table-cell\"><span class=\"premium-table-text\">Maksimaalne kandev\u00f5ime (kg) <\/span><\/td>\n<td class=\"premium-table-cell\"><span class=\"premium-table-text\">&#8211; <\/span><\/td>\n<\/tr>\n<tr class=\"premium-table-row\">\n<td class=\"premium-table-cell\"><span class=\"premium-table-text\">K\u00fctusepaagi maht (L) <\/span><\/td>\n<td class=\"premium-table-cell\"><span class=\"premium-table-text\">12 L <\/span><\/td>\n<\/tr>\n<tr class=\"premium-table-row\">\n<td class=\"premium-table-cell\"><span class=\"premium-table-text\">Maksimaalne kiirus (km\/h) <\/span><\/td>\n<td class=\"premium-table-cell\"><span class=\"premium-table-text\">153 km\/h<\/span><\/td>\n<\/tr>\n<tr class=\"premium-table-row\">\n<td class=\"premium-table-cell\"><span class=\"premium-table-text\">Mootor <\/span><\/td>\n<td class=\"premium-table-cell\"><\/td>\n<\/tr>\n<tr class=\"premium-table-row\">\n<td class=\"premium-table-cell\"><span class=\"premium-table-text\">Mootori t\u00fc\u00fcp <\/span><\/td>\n<td class=\"premium-table-cell\"><span class=\"premium-table-text\">&#8211; <\/span><\/td>\n<\/tr>\n<tr class=\"premium-table-row\">\n<td class=\"premium-table-cell\"><span class=\"premium-table-text\">Mootori t\u00f6\u00f6maht (cc) <\/span><\/td>\n<td class=\"premium-table-cell\"><span class=\"premium-table-text\">449.5 cc <\/span><\/td>\n<\/tr>\n<tr class=\"premium-table-row\">\n<td class=\"premium-table-cell\"><span class=\"premium-table-text\">V\u00f5imsus (kW\/rpm) <\/span><\/td>\n<td class=\"premium-table-cell\"><span class=\"premium-table-text\">32.5 kw \/ 9000 rpm * <\/span><\/td>\n<\/tr>\n<tr class=\"premium-table-row\">\n<td class=\"premium-table-cell\"><span class=\"premium-table-text\">Maksimaalne p\u00f6\u00f6rdemoment (N\u00b7m\/rpm) <\/span><\/td>\n<td class=\"premium-table-cell\"><span class=\"premium-table-text\">44 N*m \/ 6250 rpm* <\/span><\/td>\n<\/tr>\n<tr class=\"premium-table-row\">\n<td class=\"premium-table-cell\"><span class=\"premium-table-text\">Surveaste <\/span><\/td>\n<td class=\"premium-table-cell\"><span class=\"premium-table-text\">11.5:1 <\/span><\/td>\n<\/tr>\n<tr class=\"premium-table-row\">\n<td class=\"premium-table-cell\"><span class=\"premium-table-text\">Toites\u00fcsteem <\/span><\/td>\n<td class=\"premium-table-cell\"><span class=\"premium-table-text\">EFI BOSCH <\/span><\/td>\n<\/tr>\n<tr class=\"premium-table-row\">\n<td class=\"premium-table-cell\"><span class=\"premium-table-text\">S\u00fc\u00fctes\u00fcsteem <\/span><\/td>\n<td class=\"premium-table-cell\"><span class=\"premium-table-text\">ECU BOSCH <\/span><\/td>\n<\/tr>\n<tr class=\"premium-table-row\">\n<td class=\"premium-table-cell\"><span class=\"premium-table-text\">\u00dclekanne <\/span><\/td>\n<td class=\"premium-table-cell\"><span class=\"premium-table-text\">6 k\u00e4iku <\/span><\/td>\n<\/tr>\n<tr class=\"premium-table-row\">\n<td class=\"premium-table-cell\"><span class=\"premium-table-text\">Veermik <\/span><\/td>\n<td class=\"premium-table-cell\"><\/td>\n<\/tr>\n<tr class=\"premium-table-row\">\n<td class=\"premium-table-cell\"><span class=\"premium-table-text\">Pidurid <\/span><\/td>\n<td class=\"premium-table-cell\"><span class=\"premium-table-text\">H\u00fcdraulilised ketaspidurid (ABS) <\/span><\/td>\n<\/tr>\n<tr class=\"premium-table-row\">\n<td class=\"premium-table-cell\"><span class=\"premium-table-text\">Pidurid ees <\/span><\/td>\n<td class=\"premium-table-cell\"><span class=\"premium-table-text\">Ketaspidur 320mm J.Juan <\/span><\/td>\n<\/tr>\n<tr class=\"premium-table-row\">\n<td class=\"premium-table-cell\"><span class=\"premium-table-text\">Pidurid taga <\/span><\/td>\n<td class=\"premium-table-cell\"><span class=\"premium-table-text\">Ketaspidur 220mm J.Juan <\/span><\/td>\n<\/tr>\n<tr class=\"premium-table-row\">\n<td class=\"premium-table-cell\"><span class=\"premium-table-text\">Amortisaatorid <\/span><\/td>\n<td class=\"premium-table-cell\"><span class=\"premium-table-text\">Ees\/taga: \u00f5liamortisaatorid <\/span><\/td>\n<\/tr>\n<tr class=\"premium-table-row\">\n<td class=\"premium-table-cell\"><span class=\"premium-table-text\">Vedrustus ees <\/span><\/td>\n<td class=\"premium-table-cell\"><span class=\"premium-table-text\">37mm t\u00f6\u00f6k\u00e4iguga <\/span><\/td>\n<\/tr>\n<tr class=\"premium-table-row\">\n<td class=\"premium-table-cell\"><span class=\"premium-table-text\">Vedrustus taga <\/span><\/td>\n<td class=\"premium-table-cell\"><span class=\"premium-table-text\">Monoshock <\/span><\/td>\n<\/tr>\n<tr class=\"premium-table-row\">\n<td class=\"premium-table-cell\"><span class=\"premium-table-text\">Rehvim\u00f5\u00f5dud <\/span><\/td>\n<td class=\"premium-table-cell\"><\/td>\n<\/tr>\n<tr class=\"premium-table-row\">\n<td class=\"premium-table-cell\"><span class=\"premium-table-text\">Ees: <\/span><\/td>\n<td class=\"premium-table-cell\"><span class=\"premium-table-text\">130 x 90 R16 <\/span><\/td>\n<\/tr>\n<tr class=\"premium-table-row\">\n<td class=\"premium-table-cell\"><span class=\"premium-table-text\">Taga: <\/span><\/td>\n<td class=\"premium-table-cell\"><span class=\"premium-table-text\">150 x 80 R16 <\/span><\/td>\n<\/tr>\n<tr class=\"premium-table-row\">\n<td class=\"premium-table-cell\"><span class=\"premium-table-text\">Veljed <\/span><\/td>\n<td class=\"premium-table-cell\"><\/td>\n<\/tr>\n<tr class=\"premium-table-row\">\n<td class=\"premium-table-cell\"><span class=\"premium-table-text\">Ees: <\/span><\/td>\n<td class=\"premium-table-cell\"><span class=\"premium-table-text\">3.0 x 16 <\/span><\/td>\n<\/tr>\n<tr class=\"premium-table-row\">\n<td class=\"premium-table-cell\"><span class=\"premium-table-text\">Taga: <\/span><\/td>\n<td class=\"premium-table-cell\"><span class=\"premium-table-text\">3.5 x 16 <\/span><\/td>\n<\/tr>\n<tr class=\"premium-table-row\">\n<td class=\"premium-table-cell\"><span class=\"premium-table-text\">Lisa <\/span><\/td>\n<td class=\"premium-table-cell\"><\/td>\n<\/tr>\n<tr class=\"premium-table-row\">\n<td class=\"premium-table-cell\"><span class=\"premium-table-text\">Ekraan: <\/span><\/td>\n<td class=\"premium-table-cell\"><span class=\"premium-table-text\">3.6 tolli TFT<\/span><\/td>\n<\/tr>\n<tr class=\"premium-table-row\">\n<td class=\"premium-table-cell\"><span class=\"premium-table-text\">* T\u00fchikaalu hulka loetakse: \u25cf aku \u25cf s\u00f5iduki vajalikud vedelikud <\/span><\/td>\n<td class=\"premium-table-cell\"><\/td>\n<\/tr>\n<\/tbody>\n<\/table>\n<\/div>\n<p><strong>450CL-C<\/strong><\/p>\n<p>CFMOTO mootorrataste mudelivalikusse on j\u00e4rjekordselt lisandunud uustulija. <strong>450CL-C<\/strong> on cruiser t\u00fc\u00fcpi mootorratas, mis kuulub keskmise v\u00f5imekusega mootorrataste hulka. Selle klassi mootorrattad on <b>\u00fclimalt populaarsed<\/b>, sest need sobivad nii algajatele, kuid ei j\u00e4ta rahulolematuks ka kogenud s\u00f5itjaid. Peale 450SR edukat esimest aastat on selgelt n\u00e4ha, et <b>450cc mootorrattad<\/b> l\u00e4hevad s\u00f5itjatele korda \u2013 seet\u00f5ttu on n\u00fc\u00fcdseks ka valminud <b>CFMOTO 450CL-C mudel<\/b>, mis toob endaga kaasa t\u00e4iesti teistsuguse stiili ning olemuse.<\/p>\n<p>Nagu juba mainitud sai on tegemist <b>Cruiser t\u00fc\u00fcpi mootorrattaga<\/b>, mis v\u00e4ljendub ka ratta nimes. CL-C nimetuse saab poolitada kaheks osaks \u2013 <b>CL<\/b> t\u00e4hendab \u201e<b>classic<\/b>\u201c ehk klassikalist v\u00e4limust ning \u201e<b>C<\/b>\u201c t\u00e4hendab <b>Cruiser<\/b>. Seda t\u00fc\u00fcpi mootorrattad on kergesti \u00e4ra tuntavad oma v\u00e4limuse t\u00f5ttu \u2013 neid iseloomustab madal istumisasend ning piklik disain. Oma madala istumisasendi t\u00f5ttu on 450CL-C \u00fclimalt mugav ning sobilik s\u00f5itmise nautimiseks ilusal suvep\u00e4eval.<\/p>\n<p><b>MUGAV V\u00d5IMEKUS<\/b><\/p>\n<p>CFMOTO 450CL-C mootorratast viib edasi <b>450cc kahesilindriline DOHC bensiinimootor<\/b>, mis pakub piisavalt v\u00f5imekust kogenud juhtidele, kuid sobib ka algajatele. Nimelt viib 450CL-C mootorratast edasi sama mootor, mis on 450SR mudelil. See mootor pakub 30 kW* v\u00f5imsust A2 kategooria s\u00f5idukina. Cruiser mootorrattale omaselt on silmas peetud s\u00f5idu nautimist \u2013 seet\u00f5ttu on 450CL-C rattal \u00fclimalt hea v\u00f5imekus madalatel p\u00f6\u00f6retel, mis teeb kiirendamise ning m\u00f6\u00f6das\u00f5idud lihtsamaks.<\/p>\n<p><b>KLASSIKALINE ENT MODERNNE V\u00c4LIMUS<\/b><\/p>\n<p>450CL-C on saadaval kahes v\u00e4rvitoonis ( must ja punane ) ning on oma keredisaini t\u00f5ttu v\u00e4ga pilkup\u00fc\u00fcdev. Keredisain on inspiratsiooni saanud klassikalistelt briti Cruiseritelt, millele on iseloomulikud sujuvad kehajooned. Ratta k\u00fctusepaak on kaetud l\u00e4ikiva, poleeritud metallik v\u00e4rvikihiga ning summuti v\u00e4rvuseks on stiilne mattmust. Retro v\u00e4limusega nahkiste on paksu polstriga ning \u00fclimalt mugav \u2013 see on samuti veekindel ning kergesti puhastamiseks eemaldatav.<\/p>\n<p><b>TURVALINE JA MUGAV<\/b><\/p>\n<p>Vaatamata klassikalisele disainile on mootorratta varustus v\u00e4gagi moodne ning pakub turvalist ja mugavat s\u00f5iduelamust. N\u00e4iteks on mootorratas varustatud ABS ja TCS (veoj\u00f5ukontroll) s\u00fcsteemidega, mis on suurep\u00e4rane kombinatsioon libedatel teeoludel \u2013 ABS tagab parema pidamise pidurdamisel ning veoj\u00f5ukontrolli s\u00fcsteem v\u00e4ldib ratta \u00fcleliigset all ringi k\u00e4imist. Lisaks sellele pakub 450CL-C vedrustus sujuvat s\u00f5itu ning ka turvalist pidurdamist. Parima pidurdamisdistantsi saavutamiseks on mootorrattal 320mm diameetriga piduriketas ning nelja kolviga pidurisadul tuntud br\u00e4ndilt J.Juan.<\/p>\n<p><b>INTELLIGENTNE<\/b><\/p>\n<p>Sarnaselt turvavarustusele ei tasu CFMOTO 450CL-C mootorratta modernsust alahinnata ka mugavusvarustuse tasemel. 3 tolline TFT ekraan on suurep\u00e4rane abimees nii l\u00fchikestel, kui ka pikkadel s\u00f5itudel. Otseloomulikult on ekraanilt v\u00f5imalik n\u00e4ha kiirust, k\u00e4iku ning l\u00e4bis\u00f5itu, kuid samuti on v\u00f5imalik ekraanile kuvada nagiveerimist. T-BOX\u2019i paigaldamisel on v\u00f5imalik mootorratas \u00fchendada ka CFMOTO RIDE mobiilirakendusega ning sellisel juhul saab telefonist teha s\u00fcsteemi uuendusi, kasutada MotoPlay funktsioone, saada \u00fclevaate s\u00f5itudest ning statistikast ning ka palju muud!<\/p>","protected":false},"excerpt":{"rendered":"<p>CL-C mootorratas on loodud s\u00f5idu nautimiseks. Madal iste ning mugav istumiseasend tagavad mugava olemise ka pikematel s\u00f5itudel ning 12 liitrine k\u00fctusepaak v\u00f5imaldab ka pikemate distantside s\u00f5itmist.<\/p>","protected":false},"featured_media":3761,"template":"","meta":[],"product_cat":[51],"product_tag":[],"class_list":{"0":"post-3550","1":"product","2":"type-product","3":"status-publish","4":"has-post-thumbnail","6":"product_cat-mootorrattad","8":"first","9":"instock","10":"taxable","11":"shipping-taxable","12":"purchasable","13":"product-type-variable","14":"has-default-attributes"},"yoast_head":"<!-- This site is optimized with the Yoast SEO plugin v23.9 - https:\/\/yoast.com\/wordpress\/plugins\/seo\/ -->\n<title>Mootorratas 450CL-C | CFMoto Sirtaki<\/title>\n<meta name=\"robots\" content=\"index, follow, max-snippet:-1, max-image-preview:large, max-video-preview:-1\" \/>\n<link rel=\"canonical\" href=\"https:\/\/moto.sirtaki.ee\/ru\/product\/mootorratas-450cl-c\/\" \/>\n<meta property=\"og:locale\" content=\"ru_RU\" \/>\n<meta property=\"og:type\" content=\"article\" \/>\n<meta property=\"og:title\" content=\"Mootorratas 450CL-C | CFMoto Sirtaki\" \/>\n<meta property=\"og:description\" content=\"CL-C mootorratas on loodud s\u00f5idu nautimiseks. Madal iste ning mugav istumiseasend tagavad mugava olemise ka pikematel s\u00f5itudel ning 12 liitrine k\u00fctusepaak v\u00f5imaldab ka pikemate distantside s\u00f5itmist.\" \/>\n<meta property=\"og:url\" content=\"https:\/\/moto.sirtaki.ee\/ru\/product\/mootorratas-450cl-c\/\" \/>\n<meta property=\"og:site_name\" content=\"CFMoto Sirtaki\" \/>\n<meta property=\"article:modified_time\" content=\"2024-12-10T11:26:39+00:00\" \/>\n<meta property=\"og:image\" content=\"https:\/\/moto.sirtaki.ee\/wp-content\/uploads\/2024\/10\/CFMOTO-450CL-C.jpg\" \/>\n\t<meta property=\"og:image:width\" content=\"1875\" \/>\n\t<meta property=\"og:image:height\" content=\"1875\" \/>\n\t<meta property=\"og:image:type\" content=\"image\/jpeg\" \/>\n<meta name=\"twitter:card\" content=\"summary_large_image\" \/>\n<script type=\"application\/ld+json\" class=\"yoast-schema-graph\">{\"@context\":\"https:\/\/schema.org\",\"@graph\":[{\"@type\":\"WebPage\",\"@id\":\"https:\/\/moto.sirtaki.ee\/product\/mootorratas-450cl-c\/\",\"url\":\"https:\/\/moto.sirtaki.ee\/product\/mootorratas-450cl-c\/\",\"name\":\"Mootorratas 450CL-C | CFMoto Sirtaki\",\"isPartOf\":{\"@id\":\"https:\/\/moto.sirtaki.ee\/#website\"},\"primaryImageOfPage\":{\"@id\":\"https:\/\/moto.sirtaki.ee\/product\/mootorratas-450cl-c\/#primaryimage\"},\"image\":{\"@id\":\"https:\/\/moto.sirtaki.ee\/product\/mootorratas-450cl-c\/#primaryimage\"},\"thumbnailUrl\":\"https:\/\/moto.sirtaki.ee\/wp-content\/uploads\/2024\/10\/CFMOTO-450CL-C.jpg\",\"datePublished\":\"2024-11-01T06:21:42+00:00\",\"dateModified\":\"2024-12-10T11:26:39+00:00\",\"breadcrumb\":{\"@id\":\"https:\/\/moto.sirtaki.ee\/product\/mootorratas-450cl-c\/#breadcrumb\"},\"inLanguage\":\"ru-RU\",\"potentialAction\":[{\"@type\":\"ReadAction\",\"target\":[\"https:\/\/moto.sirtaki.ee\/product\/mootorratas-450cl-c\/\"]}]},{\"@type\":\"ImageObject\",\"inLanguage\":\"ru-RU\",\"@id\":\"https:\/\/moto.sirtaki.ee\/product\/mootorratas-450cl-c\/#primaryimage\",\"url\":\"https:\/\/moto.sirtaki.ee\/wp-content\/uploads\/2024\/10\/CFMOTO-450CL-C.jpg\",\"contentUrl\":\"https:\/\/moto.sirtaki.ee\/wp-content\/uploads\/2024\/10\/CFMOTO-450CL-C.jpg\",\"width\":1875,\"height\":1875},{\"@type\":\"BreadcrumbList\",\"@id\":\"https:\/\/moto.sirtaki.ee\/product\/mootorratas-450cl-c\/#breadcrumb\",\"itemListElement\":[{\"@type\":\"ListItem\",\"position\":1,\"name\":\"Home\",\"item\":\"https:\/\/moto.sirtaki.ee\/\"},{\"@type\":\"ListItem\",\"position\":2,\"name\":\"Shop\",\"item\":\"https:\/\/moto.sirtaki.ee\/shop\/\"},{\"@type\":\"ListItem\",\"position\":3,\"name\":\"Mootorratas 450CL-C\"}]},{\"@type\":\"WebSite\",\"@id\":\"https:\/\/moto.sirtaki.ee\/#website\",\"url\":\"https:\/\/moto.sirtaki.ee\/\",\"name\":\"CFMoto Sirtaki\",\"description\":\"\",\"potentialAction\":[{\"@type\":\"SearchAction\",\"target\":{\"@type\":\"EntryPoint\",\"urlTemplate\":\"https:\/\/moto.sirtaki.ee\/?s={search_term_string}\"},\"query-input\":{\"@type\":\"PropertyValueSpecification\",\"valueRequired\":true,\"valueName\":\"search_term_string\"}}],\"inLanguage\":\"ru-RU\"}]}<\/script>\n<!-- \/ Yoast SEO plugin. -->","yoast_head_json":{"title":"Mootorratas 450CL-C | CFMoto Sirtaki","robots":{"index":"index","follow":"follow","max-snippet":"max-snippet:-1","max-image-preview":"max-image-preview:large","max-video-preview":"max-video-preview:-1"},"canonical":"https:\/\/moto.sirtaki.ee\/ru\/product\/mootorratas-450cl-c\/","og_locale":"ru_RU","og_type":"article","og_title":"Mootorratas 450CL-C | CFMoto Sirtaki","og_description":"CL-C mootorratas on loodud s\u00f5idu nautimiseks. Madal iste ning mugav istumiseasend tagavad mugava olemise ka pikematel s\u00f5itudel ning 12 liitrine k\u00fctusepaak v\u00f5imaldab ka pikemate distantside s\u00f5itmist.","og_url":"https:\/\/moto.sirtaki.ee\/ru\/product\/mootorratas-450cl-c\/","og_site_name":"CFMoto Sirtaki","article_modified_time":"2024-12-10T11:26:39+00:00","og_image":[{"width":1875,"height":1875,"url":"https:\/\/moto.sirtaki.ee\/wp-content\/uploads\/2024\/10\/CFMOTO-450CL-C.jpg","type":"image\/jpeg"}],"twitter_card":"summary_large_image","schema":{"@context":"https:\/\/schema.org","@graph":[{"@type":"WebPage","@id":"https:\/\/moto.sirtaki.ee\/product\/mootorratas-450cl-c\/","url":"https:\/\/moto.sirtaki.ee\/product\/mootorratas-450cl-c\/","name":"Mootorratas 450CL-C | CFMoto Sirtaki","isPartOf":{"@id":"https:\/\/moto.sirtaki.ee\/#website"},"primaryImageOfPage":{"@id":"https:\/\/moto.sirtaki.ee\/product\/mootorratas-450cl-c\/#primaryimage"},"image":{"@id":"https:\/\/moto.sirtaki.ee\/product\/mootorratas-450cl-c\/#primaryimage"},"thumbnailUrl":"https:\/\/moto.sirtaki.ee\/wp-content\/uploads\/2024\/10\/CFMOTO-450CL-C.jpg","datePublished":"2024-11-01T06:21:42+00:00","dateModified":"2024-12-10T11:26:39+00:00","breadcrumb":{"@id":"https:\/\/moto.sirtaki.ee\/product\/mootorratas-450cl-c\/#breadcrumb"},"inLanguage":"ru-RU","potentialAction":[{"@type":"ReadAction","target":["https:\/\/moto.sirtaki.ee\/product\/mootorratas-450cl-c\/"]}]},{"@type":"ImageObject","inLanguage":"ru-RU","@id":"https:\/\/moto.sirtaki.ee\/product\/mootorratas-450cl-c\/#primaryimage","url":"https:\/\/moto.sirtaki.ee\/wp-content\/uploads\/2024\/10\/CFMOTO-450CL-C.jpg","contentUrl":"https:\/\/moto.sirtaki.ee\/wp-content\/uploads\/2024\/10\/CFMOTO-450CL-C.jpg","width":1875,"height":1875},{"@type":"BreadcrumbList","@id":"https:\/\/moto.sirtaki.ee\/product\/mootorratas-450cl-c\/#breadcrumb","itemListElement":[{"@type":"ListItem","position":1,"name":"Home","item":"https:\/\/moto.sirtaki.ee\/"},{"@type":"ListItem","position":2,"name":"Shop","item":"https:\/\/moto.sirtaki.ee\/shop\/"},{"@type":"ListItem","position":3,"name":"Mootorratas 450CL-C"}]},{"@type":"WebSite","@id":"https:\/\/moto.sirtaki.ee\/#website","url":"https:\/\/moto.sirtaki.ee\/","name":"CFMoto Sirtaki","description":"","potentialAction":[{"@type":"SearchAction","target":{"@type":"EntryPoint","urlTemplate":"https:\/\/moto.sirtaki.ee\/?s={search_term_string}"},"query-input":{"@type":"PropertyValueSpecification","valueRequired":true,"valueName":"search_term_string"}}],"inLanguage":"ru-RU"}]}},"_links":{"self":[{"href":"https:\/\/moto.sirtaki.ee\/ru\/wp-json\/wp\/v2\/product\/3550"}],"collection":[{"href":"https:\/\/moto.sirtaki.ee\/ru\/wp-json\/wp\/v2\/product"}],"about":[{"href":"https:\/\/moto.sirtaki.ee\/ru\/wp-json\/wp\/v2\/types\/product"}],"wp:featuredmedia":[{"embeddable":true,"href":"https:\/\/moto.sirtaki.ee\/ru\/wp-json\/wp\/v2\/media\/3761"}],"wp:attachment":[{"href":"https:\/\/moto.sirtaki.ee\/ru\/wp-json\/wp\/v2\/media?parent=3550"}],"wp:term":[{"taxonomy":"product_cat","embeddable":true,"href":"https:\/\/moto.sirtaki.ee\/ru\/wp-json\/wp\/v2\/product_cat?post=3550"},{"taxonomy":"product_tag","embeddable":true,"href":"https:\/\/moto.sirtaki.ee\/ru\/wp-json\/wp\/v2\/product_tag?post=3550"}],"curies":[{"name":"wp","href":"https:\/\/api.w.org\/{rel}","templated":true}]}}