{"id":3556,"date":"2024-11-01T09:24:58","date_gmt":"2024-11-01T06:24:58","guid":{"rendered":"https:\/\/moto.sirtaki.ee\/?post_type=product&#038;p=3556"},"modified":"2024-12-10T14:26:36","modified_gmt":"2024-12-10T11:26:36","slug":"mootorratas-450mt","status":"publish","type":"product","link":"https:\/\/moto.sirtaki.ee\/ru\/product\/mootorratas-450mt\/","title":{"rendered":"Mootorratas 450MT"},"content":{"rendered":"<h3 class=\"elementor-heading-title elementor-size-default\">Mootorratta CFMOTO 450MT tehnilised andmed<\/h3>\n<div class=\"premium-table-wrap premium-table-responsive\">\n<table class=\"premium-table\" data-settings=\"{&quot;sort&quot;:false,&quot;usNumbers&quot;:false,&quot;sortMob&quot;:false,&quot;search&quot;:false,&quot;records&quot;:false,&quot;dataType&quot;:&quot;csv&quot;,&quot;csvFile&quot;:&quot;https:\\\/\\\/docs.google.com\\\/spreadsheets\\\/d\\\/e\\\/2PACX-1vQyJjdgSJ5JU8aILcYmCrGrsnUAMADJnzxCPh4eJNyHapVxm5Cx0NvwmqJwYop6SnebrGgz9_aXDI7Z\\\/pub?gid=665366259&amp;single=true&amp;output=csv&quot;,&quot;firstRow&quot;:&quot;head&quot;,&quot;separator&quot;:&quot;,&quot;,&quot;pagination&quot;:&quot;&quot;,&quot;rows&quot;:0,&quot;id&quot;:&quot;2086599&quot;,&quot;reload&quot;:&quot;day&quot;}\">\n<thead class=\"premium-table-head\">\n<tr class=\"premium-table-row\">\n<th class=\"premium-table-cell\"><span class=\"premium-table-text\">Mootorratta mudel <\/span><\/th>\n<th class=\"premium-table-cell\"><span class=\"premium-table-text\">450MT<\/span><\/th>\n<\/tr>\n<\/thead>\n<tbody>\n<tr class=\"premium-table-row\">\n<td class=\"premium-table-cell\"><span class=\"premium-table-text\">EU t\u00fc\u00fcbikinnitus <\/span><\/td>\n<td class=\"premium-table-cell\"><span class=\"premium-table-text\">L3e <\/span><\/td>\n<\/tr>\n<tr class=\"premium-table-row\">\n<td class=\"premium-table-cell\"><span class=\"premium-table-text\">S\u00f5iduki t\u00fc\u00fcp <\/span><\/td>\n<td class=\"premium-table-cell\"><span class=\"premium-table-text\">A2 <\/span><\/td>\n<\/tr>\n<tr class=\"premium-table-row\">\n<td class=\"premium-table-cell\"><span class=\"premium-table-text\">Tehaset\u00e4his <\/span><\/td>\n<td class=\"premium-table-cell\"><span class=\"premium-table-text\">CF400-8F<\/span><\/td>\n<\/tr>\n<tr class=\"premium-table-row\">\n<td class=\"premium-table-cell\"><span class=\"premium-table-text\">\u00dcldandmed <\/span><\/td>\n<td class=\"premium-table-cell\"><\/td>\n<\/tr>\n<tr class=\"premium-table-row\">\n<td class=\"premium-table-cell\"><span class=\"premium-table-text\">Pikkus x laius x k\u00f5rgus (mm) <\/span><\/td>\n<td class=\"premium-table-cell\"><span class=\"premium-table-text\">2210 x 870 x 1390 mm <\/span><\/td>\n<\/tr>\n<tr class=\"premium-table-row\">\n<td class=\"premium-table-cell\"><span class=\"premium-table-text\">Teljevahe (mm) <\/span><\/td>\n<td class=\"premium-table-cell\"><span class=\"premium-table-text\">1505 mm <\/span><\/td>\n<\/tr>\n<tr class=\"premium-table-row\">\n<td class=\"premium-table-cell\"><span class=\"premium-table-text\">Istme k\u00f5rgus (mm) <\/span><\/td>\n<td class=\"premium-table-cell\"><span class=\"premium-table-text\">820 mm <\/span><\/td>\n<\/tr>\n<tr class=\"premium-table-row\">\n<td class=\"premium-table-cell\"><span class=\"premium-table-text\">Kliirens (mm) <\/span><\/td>\n<td class=\"premium-table-cell\"><span class=\"premium-table-text\">220 mm <\/span><\/td>\n<\/tr>\n<tr class=\"premium-table-row\">\n<td class=\"premium-table-cell\"><span class=\"premium-table-text\">T\u00fchimass (kg) * <\/span><\/td>\n<td class=\"premium-table-cell\"><span class=\"premium-table-text\">185 kg * <\/span><\/td>\n<\/tr>\n<tr class=\"premium-table-row\">\n<td class=\"premium-table-cell\"><span class=\"premium-table-text\">K\u00fctusepaagi maht (L) <\/span><\/td>\n<td class=\"premium-table-cell\"><span class=\"premium-table-text\">17.5L<\/span><\/td>\n<\/tr>\n<tr class=\"premium-table-row\">\n<td class=\"premium-table-cell\"><span class=\"premium-table-text\">Maksimaalne kiirus (km\/h) <\/span><\/td>\n<td class=\"premium-table-cell\"><span class=\"premium-table-text\">152 km\/h<\/span><\/td>\n<\/tr>\n<tr class=\"premium-table-row\">\n<td class=\"premium-table-cell\"><span class=\"premium-table-text\">Mootor <\/span><\/td>\n<td class=\"premium-table-cell\"><\/td>\n<\/tr>\n<tr class=\"premium-table-row\">\n<td class=\"premium-table-cell\"><span class=\"premium-table-text\">Mootori t\u00fc\u00fcp <\/span><\/td>\n<td class=\"premium-table-cell\"><span class=\"premium-table-text\">Kahesilindriline \/ vedelikjahutusega <\/span><\/td>\n<\/tr>\n<tr class=\"premium-table-row\">\n<td class=\"premium-table-cell\"><span class=\"premium-table-text\">Mootori t\u00f6\u00f6maht (cc) <\/span><\/td>\n<td class=\"premium-table-cell\"><span class=\"premium-table-text\">449 cc <\/span><\/td>\n<\/tr>\n<tr class=\"premium-table-row\">\n<td class=\"premium-table-cell\"><span class=\"premium-table-text\">V\u00f5imsus (kW\/rpm) <\/span><\/td>\n<td class=\"premium-table-cell\"><span class=\"premium-table-text\">31 kw \/ 8500 rpm <\/span><\/td>\n<\/tr>\n<tr class=\"premium-table-row\">\n<td class=\"premium-table-cell\"><span class=\"premium-table-text\">Maksimaalne p\u00f6\u00f6rdemoment (N\u00b7m\/rpm) <\/span><\/td>\n<td class=\"premium-table-cell\"><span class=\"premium-table-text\">44 N*m \/ 6250 rpm <\/span><\/td>\n<\/tr>\n<tr class=\"premium-table-row\">\n<td class=\"premium-table-cell\"><span class=\"premium-table-text\">Surveaste <\/span><\/td>\n<td class=\"premium-table-cell\"><span class=\"premium-table-text\">11.5:1 <\/span><\/td>\n<\/tr>\n<tr class=\"premium-table-row\">\n<td class=\"premium-table-cell\"><span class=\"premium-table-text\">Toites\u00fcsteem <\/span><\/td>\n<td class=\"premium-table-cell\"><span class=\"premium-table-text\">EFI BOSCH <\/span><\/td>\n<\/tr>\n<tr class=\"premium-table-row\">\n<td class=\"premium-table-cell\"><span class=\"premium-table-text\">S\u00fc\u00fctes\u00fcsteem <\/span><\/td>\n<td class=\"premium-table-cell\"><span class=\"premium-table-text\">ECU BOSCH <\/span><\/td>\n<\/tr>\n<tr class=\"premium-table-row\">\n<td class=\"premium-table-cell\"><span class=\"premium-table-text\">\u00dclekanne <\/span><\/td>\n<td class=\"premium-table-cell\"><span class=\"premium-table-text\">6 k\u00e4iku <\/span><\/td>\n<\/tr>\n<tr class=\"premium-table-row\">\n<td class=\"premium-table-cell\"><span class=\"premium-table-text\">Veermik <\/span><\/td>\n<td class=\"premium-table-cell\"><\/td>\n<\/tr>\n<tr class=\"premium-table-row\">\n<td class=\"premium-table-cell\"><span class=\"premium-table-text\">Pidurid <\/span><\/td>\n<td class=\"premium-table-cell\"><span class=\"premium-table-text\">H\u00fcdraulilised ketaspidurid (ABS) <\/span><\/td>\n<\/tr>\n<tr class=\"premium-table-row\">\n<td class=\"premium-table-cell\"><span class=\"premium-table-text\">Pidurid ees <\/span><\/td>\n<td class=\"premium-table-cell\"><span class=\"premium-table-text\">Ketaspidur 320mm J.Juan <\/span><\/td>\n<\/tr>\n<tr class=\"premium-table-row\">\n<td class=\"premium-table-cell\"><span class=\"premium-table-text\">Pidurid taga <\/span><\/td>\n<td class=\"premium-table-cell\"><span class=\"premium-table-text\">Ketaspidur 240mm J.Juan <\/span><\/td>\n<\/tr>\n<tr class=\"premium-table-row\">\n<td class=\"premium-table-cell\"><span class=\"premium-table-text\">Amortisaatorid <\/span><\/td>\n<td class=\"premium-table-cell\"><span class=\"premium-table-text\">KYB reguleeritav vedrustus<\/span><\/td>\n<\/tr>\n<tr class=\"premium-table-row\">\n<td class=\"premium-table-cell\"><span class=\"premium-table-text\">Vedrustus ees <\/span><\/td>\n<td class=\"premium-table-cell\"><span class=\"premium-table-text\">200mm t\u00f6\u00f6k\u00e4iguga <\/span><\/td>\n<\/tr>\n<tr class=\"premium-table-row\">\n<td class=\"premium-table-cell\"><span class=\"premium-table-text\">Vedrustus taga <\/span><\/td>\n<td class=\"premium-table-cell\"><span class=\"premium-table-text\">200mm t\u00f6\u00f6k\u00e4iguga <\/span><\/td>\n<\/tr>\n<tr class=\"premium-table-row\">\n<td class=\"premium-table-cell\"><span class=\"premium-table-text\">Rehvim\u00f5\u00f5dud <\/span><\/td>\n<td class=\"premium-table-cell\"><\/td>\n<\/tr>\n<tr class=\"premium-table-row\">\n<td class=\"premium-table-cell\"><span class=\"premium-table-text\">Ees: <\/span><\/td>\n<td class=\"premium-table-cell\"><span class=\"premium-table-text\">90 x 90 R21<\/span><\/td>\n<\/tr>\n<tr class=\"premium-table-row\">\n<td class=\"premium-table-cell\"><span class=\"premium-table-text\">Taga: <\/span><\/td>\n<td class=\"premium-table-cell\"><span class=\"premium-table-text\">140 x 70 R18 <\/span><\/td>\n<\/tr>\n<tr class=\"premium-table-row\">\n<td class=\"premium-table-cell\"><span class=\"premium-table-text\">Veljed <\/span><\/td>\n<td class=\"premium-table-cell\"><\/td>\n<\/tr>\n<tr class=\"premium-table-row\">\n<td class=\"premium-table-cell\"><span class=\"premium-table-text\">Ees: <\/span><\/td>\n<td class=\"premium-table-cell\"><span class=\"premium-table-text\">2.15 x 21<\/span><\/td>\n<\/tr>\n<tr class=\"premium-table-row\">\n<td class=\"premium-table-cell\"><span class=\"premium-table-text\">Taga: <\/span><\/td>\n<td class=\"premium-table-cell\"><span class=\"premium-table-text\">3.75 x 18<\/span><\/td>\n<\/tr>\n<tr class=\"premium-table-row\">\n<td class=\"premium-table-cell\"><span class=\"premium-table-text\">Lisa <\/span><\/td>\n<td class=\"premium-table-cell\"><\/td>\n<\/tr>\n<tr class=\"premium-table-row\">\n<td class=\"premium-table-cell\"><span class=\"premium-table-text\">Ekraan: <\/span><\/td>\n<td class=\"premium-table-cell\"><span class=\"premium-table-text\">5 tolli TFT<\/span><\/td>\n<\/tr>\n<tr class=\"premium-table-row\">\n<td class=\"premium-table-cell\"><span class=\"premium-table-text\">* T\u00fchikaalu hulka loetakse: \u25cf aku \u25cf s\u00f5iduki vajalikud vedelikud <\/span><\/td>\n<td class=\"premium-table-cell\"><\/td>\n<\/tr>\n<\/tbody>\n<\/table>\n<\/div>\n<p>450MT mootorratas on uus lisandumine MT seeria mudelivalikusse. MT tuleneb inglise keelsetest s\u00f5nadest \u201eMultifunctional Touring\u201c, mis t\u00e4hendab, et tegemist on mitmek\u00fclgse mootorrattaga, mis sobib suurep\u00e4raselt asfaltteedel s\u00f5itmiseks ning ka maastikul avastamiseks. 450MT mudeliga on v\u00f5imalik eemale saada linnam\u00fcrast ning nautida vabadust looduses.<\/p>\n<p>CFMOTO mudelivaliku hulgas on viimasel ajal k\u00f5ige rohkem populaarsust kogunud 450 cc kubatuuriga mootorrattad, mist\u00f5ttu on hetkel suur r\u00f5hk just nendel mootorratastel. Seet\u00f5ttu pole ka MT seeria erinev ning 450MT n\u00e4ol on tegemist k\u00f5ige v\u00e4iksema kubatuuriga mootorrattaga MT mudelivaliku hulgas, mist\u00f5ttu on MT seeria v\u00f5lusid v\u00f5imalik nautida ka alustavatel juhtidel. Mootorratast viib edasi 31 kW, kahesilindriline ning vedelikjahutusega bensiinimootor, mida iseloomustavad sujuv j\u00f5u \u00fclekanne ning vastupidavus.<\/p>\n<p>CF450MT mudel on disainitud koost\u00f6\u00f6s \u00fclemaailma tuntud KISKA disainib\u00fcrooga, mis teeb koost\u00f6\u00f6d ka teiste tuntud br\u00e4ndidega \u00fcle kogu maailma. 450MT puhul on kasutatud inspiratsiooniks klassikalist CFMOTO MT seeria mootorrataste v\u00e4limust, kuid tunduvalt rohkem on silmas peetud maastikuvalmidust ja mootorratta k\u00fcljest v\u00f5ib leida ka t\u00e4iesti uusi disainielemente.<\/p>\n<p>Esmapilgul v\u00f5ib tunduda, et tegemist on suure ja raske Touring t\u00fc\u00fcpi mootorrattaga, kuid tegelikkuses on asi sellest kaugel. 450MT kaaluks on k\u00f5igest 185 kg, mis Touring mootorrataste puhul on \u00fclimalt kerge ja seet\u00f5ttu on s\u00f5iduki juhitavus erinevatel pinnastel v\u00e4ga t\u00e4pne. Uus spetsiaalselt v\u00e4lja t\u00f6\u00f6deldud s\u00f5iduki raam tagab sujuva ning stabiilse s\u00f5idu konarlikul teel ning ka suurematel kiirustel.<\/p>\n<p>Kuna tegemist on siiski mootorrattaga, mis on loodud maastikul avastama, ei pea pettuma selle amortisaatorite v\u00f5imekuses \u2013 nimelt on rattal all reguleeritavad KYB amortisaatorid, mille t\u00f6\u00f6k\u00e4ik on koguni 200mm ees ning taga. See vedrustus suudab suurema vaevata s\u00f5iduelamuse mugavaks ja sujuvaks muuta isegi kui s\u00f5idetakse suurel kiirusel ning maastikutingimustes. 450MT mudeli disainimisel on samuti silmas peetud p\u00fcsti s\u00f5itmise v\u00f5imalust, mist\u00f5ttu ergonoomiline asend koost\u00f6\u00f6s vedrustusega v\u00f5imaldavad p\u00fcsti s\u00f5ita ka pikemat aega, ilma, et juht \u00fcleliia \u00e4ra v\u00e4siks v\u00f5i p\u00f5rutada saaks.<\/p>\n<p>450MT mootorratas on varustatud suurte kodarvelgedega \u2013 nimelt 21-tolline velg ees ning 18-tolline velg taga. Kodarveljed koost\u00f6\u00f6s kvaliteetsete maastikurehvide suudavad pakkuda \u00fclimat CFMOTO s\u00f5iduelamust.<\/p>\n<p>Mootorratta baasvarustuse hulgast v\u00f5ib leida mitmeid MT seeriale omaseid elemente. K\u00f5rge, reguleeritav tuuleklaas ei ole vaid tuule ja ilmastiku eest kaitsemiseks vaid kaitseb juhti ka lendleva tolmu, autorataste alt paiskuvate kivide jms eest. 450MT-ga on v\u00f5imalik s\u00f5iduelamus just sulle personaalseks muuta, sest lisaks reguleeritavale vedrustusele ja tuuleklaasile on reguleeritavad veel ka iste ning k\u00e4epidemed. Baasvarustusse kuuluvad veel ka ABS ning TCS, mille vajadusel saab ka v\u00e4lja l\u00fclitada. Samuti leiab juhi silmade eest 5-tollise TFT ekraani, mida t\u00e4nu T-BOX\u2019i olemasolule on v\u00f5imalik \u00fchendada ka CFMOTO Ride mobiilirakendusega, millest saab hea \u00fclevaate mootorratta kohta. Ekraanil on olemas ka Motoplay funktsioonid.<\/p>","protected":false},"excerpt":{"rendered":"<p><strong>Mootor<\/strong>: 449 cm3, kahesilindriline, DOHC, vedelikjahutusega bensiinimootor (EURO5)<br \/>\n<b>Tippkiirus:\u00a0<\/b>152 km\/h<br \/>\n<strong>K\u00e4igukast<\/strong>: Manuaal, 6 k\u00e4iku<br \/>\n<strong>Vedrustus<\/strong>: T\u00e4ielikult reguleeritav KYB vedrustus, Ees: 220 mm, Taga: 220 mm<br \/>\n<strong>Pidurid ees<\/strong>: 320 mm ketaspidur, J.Juan<br \/>\n<strong>Pidurid taga<\/strong>: 240 mm ketaspidur, J. Juan<br \/>\n<strong>Pidurid<\/strong>: ABS pidurid standardvarustuses<br \/>\n<strong>Toites\u00fcsteem<\/strong>: ECU Bosch<br \/>\n<strong>Tuled<\/strong>: LED valgustus (esituled, suunatuled ja tagatuli)<br \/>\n<strong>Rehvid<\/strong>: Ees 90\/90 R21 ja taga 140\/70 R18<br \/>\n<strong>S\u00f5idumeerikud<\/strong>: Pardaarvuti, 5\u2033 ekraan<br \/>\n<strong>K\u00fctusepaak<\/strong>: 17.5L<br \/>\n<strong>K\u00fctus<\/strong>: Bensiin<br \/>\n<strong>V\u00e4rvid<\/strong>\u00a0: Must ja Sinine<\/p>","protected":false},"featured_media":3762,"template":"","meta":[],"product_cat":[51],"product_tag":[],"class_list":{"0":"post-3556","1":"product","2":"type-product","3":"status-publish","4":"has-post-thumbnail","6":"product_cat-mootorrattad","8":"first","9":"instock","10":"taxable","11":"shipping-taxable","12":"purchasable","13":"product-type-variable","14":"has-default-attributes"},"yoast_head":"<!-- This site is optimized with the Yoast SEO plugin v23.9 - https:\/\/yoast.com\/wordpress\/plugins\/seo\/ -->\n<title>Mootorratas 450MT | CFMoto Sirtaki<\/title>\n<meta name=\"robots\" content=\"index, follow, max-snippet:-1, max-image-preview:large, max-video-preview:-1\" \/>\n<link rel=\"canonical\" href=\"https:\/\/moto.sirtaki.ee\/ru\/product\/mootorratas-450mt\/\" \/>\n<meta property=\"og:locale\" content=\"ru_RU\" \/>\n<meta property=\"og:type\" content=\"article\" \/>\n<meta property=\"og:title\" content=\"Mootorratas 450MT | CFMoto Sirtaki\" \/>\n<meta property=\"og:description\" content=\"Mootor: 449 cm3, kahesilindriline, DOHC, vedelikjahutusega bensiinimootor (EURO5) Tippkiirus:\u00a0152 km\/h K\u00e4igukast: Manuaal, 6 k\u00e4iku Vedrustus: T\u00e4ielikult reguleeritav KYB vedrustus, Ees: 220 mm, Taga: 220 mm Pidurid ees: 320 mm ketaspidur, J.Juan Pidurid taga: 240 mm ketaspidur, J. Juan Pidurid: ABS pidurid standardvarustuses Toites\u00fcsteem: ECU Bosch Tuled: LED valgustus (esituled, suunatuled ja tagatuli) Rehvid: Ees 90\/90 R21 ja taga 140\/70 R18 S\u00f5idumeerikud: Pardaarvuti, 5\u2033 ekraan K\u00fctusepaak: 17.5L K\u00fctus: Bensiin V\u00e4rvid\u00a0: Must ja Sinine\" \/>\n<meta property=\"og:url\" content=\"https:\/\/moto.sirtaki.ee\/ru\/product\/mootorratas-450mt\/\" \/>\n<meta property=\"og:site_name\" content=\"CFMoto Sirtaki\" \/>\n<meta property=\"article:modified_time\" content=\"2024-12-10T11:26:36+00:00\" \/>\n<meta property=\"og:image\" content=\"https:\/\/moto.sirtaki.ee\/wp-content\/uploads\/2024\/10\/CFMOTO-450MT.jpg\" \/>\n\t<meta property=\"og:image:width\" content=\"1875\" \/>\n\t<meta property=\"og:image:height\" content=\"1875\" \/>\n\t<meta property=\"og:image:type\" content=\"image\/jpeg\" \/>\n<meta name=\"twitter:card\" content=\"summary_large_image\" \/>\n<script type=\"application\/ld+json\" class=\"yoast-schema-graph\">{\"@context\":\"https:\/\/schema.org\",\"@graph\":[{\"@type\":\"WebPage\",\"@id\":\"https:\/\/moto.sirtaki.ee\/product\/mootorratas-450mt\/\",\"url\":\"https:\/\/moto.sirtaki.ee\/product\/mootorratas-450mt\/\",\"name\":\"Mootorratas 450MT | CFMoto Sirtaki\",\"isPartOf\":{\"@id\":\"https:\/\/moto.sirtaki.ee\/#website\"},\"primaryImageOfPage\":{\"@id\":\"https:\/\/moto.sirtaki.ee\/product\/mootorratas-450mt\/#primaryimage\"},\"image\":{\"@id\":\"https:\/\/moto.sirtaki.ee\/product\/mootorratas-450mt\/#primaryimage\"},\"thumbnailUrl\":\"https:\/\/moto.sirtaki.ee\/wp-content\/uploads\/2024\/10\/CFMOTO-450MT.jpg\",\"datePublished\":\"2024-11-01T06:24:58+00:00\",\"dateModified\":\"2024-12-10T11:26:36+00:00\",\"breadcrumb\":{\"@id\":\"https:\/\/moto.sirtaki.ee\/product\/mootorratas-450mt\/#breadcrumb\"},\"inLanguage\":\"ru-RU\",\"potentialAction\":[{\"@type\":\"ReadAction\",\"target\":[\"https:\/\/moto.sirtaki.ee\/product\/mootorratas-450mt\/\"]}]},{\"@type\":\"ImageObject\",\"inLanguage\":\"ru-RU\",\"@id\":\"https:\/\/moto.sirtaki.ee\/product\/mootorratas-450mt\/#primaryimage\",\"url\":\"https:\/\/moto.sirtaki.ee\/wp-content\/uploads\/2024\/10\/CFMOTO-450MT.jpg\",\"contentUrl\":\"https:\/\/moto.sirtaki.ee\/wp-content\/uploads\/2024\/10\/CFMOTO-450MT.jpg\",\"width\":1875,\"height\":1875},{\"@type\":\"BreadcrumbList\",\"@id\":\"https:\/\/moto.sirtaki.ee\/product\/mootorratas-450mt\/#breadcrumb\",\"itemListElement\":[{\"@type\":\"ListItem\",\"position\":1,\"name\":\"Home\",\"item\":\"https:\/\/moto.sirtaki.ee\/\"},{\"@type\":\"ListItem\",\"position\":2,\"name\":\"Shop\",\"item\":\"https:\/\/moto.sirtaki.ee\/shop\/\"},{\"@type\":\"ListItem\",\"position\":3,\"name\":\"Mootorratas 450MT\"}]},{\"@type\":\"WebSite\",\"@id\":\"https:\/\/moto.sirtaki.ee\/#website\",\"url\":\"https:\/\/moto.sirtaki.ee\/\",\"name\":\"CFMoto Sirtaki\",\"description\":\"\",\"potentialAction\":[{\"@type\":\"SearchAction\",\"target\":{\"@type\":\"EntryPoint\",\"urlTemplate\":\"https:\/\/moto.sirtaki.ee\/?s={search_term_string}\"},\"query-input\":{\"@type\":\"PropertyValueSpecification\",\"valueRequired\":true,\"valueName\":\"search_term_string\"}}],\"inLanguage\":\"ru-RU\"}]}<\/script>\n<!-- \/ Yoast SEO plugin. -->","yoast_head_json":{"title":"Mootorratas 450MT | CFMoto Sirtaki","robots":{"index":"index","follow":"follow","max-snippet":"max-snippet:-1","max-image-preview":"max-image-preview:large","max-video-preview":"max-video-preview:-1"},"canonical":"https:\/\/moto.sirtaki.ee\/ru\/product\/mootorratas-450mt\/","og_locale":"ru_RU","og_type":"article","og_title":"Mootorratas 450MT | CFMoto Sirtaki","og_description":"Mootor: 449 cm3, kahesilindriline, DOHC, vedelikjahutusega bensiinimootor (EURO5) Tippkiirus:\u00a0152 km\/h K\u00e4igukast: Manuaal, 6 k\u00e4iku Vedrustus: T\u00e4ielikult reguleeritav KYB vedrustus, Ees: 220 mm, Taga: 220 mm Pidurid ees: 320 mm ketaspidur, J.Juan Pidurid taga: 240 mm ketaspidur, J. Juan Pidurid: ABS pidurid standardvarustuses Toites\u00fcsteem: ECU Bosch Tuled: LED valgustus (esituled, suunatuled ja tagatuli) Rehvid: Ees 90\/90 R21 ja taga 140\/70 R18 S\u00f5idumeerikud: Pardaarvuti, 5\u2033 ekraan K\u00fctusepaak: 17.5L K\u00fctus: Bensiin V\u00e4rvid\u00a0: Must ja Sinine","og_url":"https:\/\/moto.sirtaki.ee\/ru\/product\/mootorratas-450mt\/","og_site_name":"CFMoto Sirtaki","article_modified_time":"2024-12-10T11:26:36+00:00","og_image":[{"width":1875,"height":1875,"url":"https:\/\/moto.sirtaki.ee\/wp-content\/uploads\/2024\/10\/CFMOTO-450MT.jpg","type":"image\/jpeg"}],"twitter_card":"summary_large_image","schema":{"@context":"https:\/\/schema.org","@graph":[{"@type":"WebPage","@id":"https:\/\/moto.sirtaki.ee\/product\/mootorratas-450mt\/","url":"https:\/\/moto.sirtaki.ee\/product\/mootorratas-450mt\/","name":"Mootorratas 450MT | CFMoto Sirtaki","isPartOf":{"@id":"https:\/\/moto.sirtaki.ee\/#website"},"primaryImageOfPage":{"@id":"https:\/\/moto.sirtaki.ee\/product\/mootorratas-450mt\/#primaryimage"},"image":{"@id":"https:\/\/moto.sirtaki.ee\/product\/mootorratas-450mt\/#primaryimage"},"thumbnailUrl":"https:\/\/moto.sirtaki.ee\/wp-content\/uploads\/2024\/10\/CFMOTO-450MT.jpg","datePublished":"2024-11-01T06:24:58+00:00","dateModified":"2024-12-10T11:26:36+00:00","breadcrumb":{"@id":"https:\/\/moto.sirtaki.ee\/product\/mootorratas-450mt\/#breadcrumb"},"inLanguage":"ru-RU","potentialAction":[{"@type":"ReadAction","target":["https:\/\/moto.sirtaki.ee\/product\/mootorratas-450mt\/"]}]},{"@type":"ImageObject","inLanguage":"ru-RU","@id":"https:\/\/moto.sirtaki.ee\/product\/mootorratas-450mt\/#primaryimage","url":"https:\/\/moto.sirtaki.ee\/wp-content\/uploads\/2024\/10\/CFMOTO-450MT.jpg","contentUrl":"https:\/\/moto.sirtaki.ee\/wp-content\/uploads\/2024\/10\/CFMOTO-450MT.jpg","width":1875,"height":1875},{"@type":"BreadcrumbList","@id":"https:\/\/moto.sirtaki.ee\/product\/mootorratas-450mt\/#breadcrumb","itemListElement":[{"@type":"ListItem","position":1,"name":"Home","item":"https:\/\/moto.sirtaki.ee\/"},{"@type":"ListItem","position":2,"name":"Shop","item":"https:\/\/moto.sirtaki.ee\/shop\/"},{"@type":"ListItem","position":3,"name":"Mootorratas 450MT"}]},{"@type":"WebSite","@id":"https:\/\/moto.sirtaki.ee\/#website","url":"https:\/\/moto.sirtaki.ee\/","name":"CFMoto Sirtaki","description":"","potentialAction":[{"@type":"SearchAction","target":{"@type":"EntryPoint","urlTemplate":"https:\/\/moto.sirtaki.ee\/?s={search_term_string}"},"query-input":{"@type":"PropertyValueSpecification","valueRequired":true,"valueName":"search_term_string"}}],"inLanguage":"ru-RU"}]}},"_links":{"self":[{"href":"https:\/\/moto.sirtaki.ee\/ru\/wp-json\/wp\/v2\/product\/3556"}],"collection":[{"href":"https:\/\/moto.sirtaki.ee\/ru\/wp-json\/wp\/v2\/product"}],"about":[{"href":"https:\/\/moto.sirtaki.ee\/ru\/wp-json\/wp\/v2\/types\/product"}],"wp:featuredmedia":[{"embeddable":true,"href":"https:\/\/moto.sirtaki.ee\/ru\/wp-json\/wp\/v2\/media\/3762"}],"wp:attachment":[{"href":"https:\/\/moto.sirtaki.ee\/ru\/wp-json\/wp\/v2\/media?parent=3556"}],"wp:term":[{"taxonomy":"product_cat","embeddable":true,"href":"https:\/\/moto.sirtaki.ee\/ru\/wp-json\/wp\/v2\/product_cat?post=3556"},{"taxonomy":"product_tag","embeddable":true,"href":"https:\/\/moto.sirtaki.ee\/ru\/wp-json\/wp\/v2\/product_tag?post=3556"}],"curies":[{"name":"wp","href":"https:\/\/api.w.org\/{rel}","templated":true}]}}