{"id":3562,"date":"2024-11-01T09:29:05","date_gmt":"2024-11-01T06:29:05","guid":{"rendered":"https:\/\/moto.sirtaki.ee\/?post_type=product&#038;p=3562"},"modified":"2024-12-10T14:26:34","modified_gmt":"2024-12-10T11:26:34","slug":"mootorratas-450nk","status":"publish","type":"product","link":"https:\/\/moto.sirtaki.ee\/ru\/product\/mootorratas-450nk\/","title":{"rendered":"Mootorratas 450NK"},"content":{"rendered":"<h3 class=\"elementor-heading-title elementor-size-default\">Mootorratta CFMOTO 450NK tehnilised andmed<\/h3>\n<div class=\"premium-table-wrap premium-table-responsive\">\n<table class=\"premium-table\" data-settings=\"{&quot;sort&quot;:false,&quot;usNumbers&quot;:false,&quot;sortMob&quot;:false,&quot;search&quot;:false,&quot;records&quot;:false,&quot;dataType&quot;:&quot;csv&quot;,&quot;csvFile&quot;:&quot;https:\\\/\\\/docs.google.com\\\/spreadsheets\\\/d\\\/e\\\/2PACX-1vSbYDM24-_RVdFKI5U0RFyDLK6mFGozET4y6_LGnctVsIMit9q8RTkGeJx9k1Lv-dcbIe14PNcOC8-V\\\/pub?gid=144739504&amp;single=true&amp;output=csv&quot;,&quot;firstRow&quot;:&quot;head&quot;,&quot;separator&quot;:&quot;,&quot;,&quot;pagination&quot;:&quot;&quot;,&quot;rows&quot;:0,&quot;id&quot;:&quot;6a0644b&quot;,&quot;reload&quot;:&quot;day&quot;}\">\n<thead class=\"premium-table-head\">\n<tr class=\"premium-table-row\">\n<th class=\"premium-table-cell\"><span class=\"premium-table-text\">Mootorratta mudel <\/span><\/th>\n<th class=\"premium-table-cell\"><span class=\"premium-table-text\">450NK <\/span><\/th>\n<\/tr>\n<\/thead>\n<tbody>\n<tr class=\"premium-table-row\">\n<td class=\"premium-table-cell\"><span class=\"premium-table-text\">EU t\u00fc\u00fcbikinnitus <\/span><\/td>\n<td class=\"premium-table-cell\"><span class=\"premium-table-text\">L3e <\/span><\/td>\n<\/tr>\n<tr class=\"premium-table-row\">\n<td class=\"premium-table-cell\"><span class=\"premium-table-text\">S\u00f5iduki t\u00fc\u00fcp <\/span><\/td>\n<td class=\"premium-table-cell\"><span class=\"premium-table-text\">A2 <\/span><\/td>\n<\/tr>\n<tr class=\"premium-table-row\">\n<td class=\"premium-table-cell\"><span class=\"premium-table-text\">Tehaset\u00e4his <\/span><\/td>\n<td class=\"premium-table-cell\"><span class=\"premium-table-text\">&#8211;<\/span><\/td>\n<\/tr>\n<tr class=\"premium-table-row\">\n<td class=\"premium-table-cell\"><span class=\"premium-table-text\">\u00dcldandmed <\/span><\/td>\n<td class=\"premium-table-cell\"><\/td>\n<\/tr>\n<tr class=\"premium-table-row\">\n<td class=\"premium-table-cell\"><span class=\"premium-table-text\">Pikkus x laius x k\u00f5rgus (mm) <\/span><\/td>\n<td class=\"premium-table-cell\"><span class=\"premium-table-text\">1990 x 810 x 1130 mm <\/span><\/td>\n<\/tr>\n<tr class=\"premium-table-row\">\n<td class=\"premium-table-cell\"><span class=\"premium-table-text\">Teljevahe (mm) <\/span><\/td>\n<td class=\"premium-table-cell\"><span class=\"premium-table-text\">1365 mm <\/span><\/td>\n<\/tr>\n<tr class=\"premium-table-row\">\n<td class=\"premium-table-cell\"><span class=\"premium-table-text\">Istme k\u00f5rgus (mm) <\/span><\/td>\n<td class=\"premium-table-cell\"><span class=\"premium-table-text\">795 mm <\/span><\/td>\n<\/tr>\n<tr class=\"premium-table-row\">\n<td class=\"premium-table-cell\"><span class=\"premium-table-text\">Kliirens (mm) <\/span><\/td>\n<td class=\"premium-table-cell\"><span class=\"premium-table-text\">150 mm <\/span><\/td>\n<\/tr>\n<tr class=\"premium-table-row\">\n<td class=\"premium-table-cell\"><span class=\"premium-table-text\">T\u00fchimass (kg) * <\/span><\/td>\n<td class=\"premium-table-cell\"><span class=\"premium-table-text\">165 kg * <\/span><\/td>\n<\/tr>\n<tr class=\"premium-table-row\">\n<td class=\"premium-table-cell\"><span class=\"premium-table-text\">K\u00fctusepaagi maht (L) <\/span><\/td>\n<td class=\"premium-table-cell\"><span class=\"premium-table-text\">14 L<\/span><\/td>\n<\/tr>\n<tr class=\"premium-table-row\">\n<td class=\"premium-table-cell\"><span class=\"premium-table-text\">Maksimaalne kiirus (km\/h) <\/span><\/td>\n<td class=\"premium-table-cell\"><span class=\"premium-table-text\">180 km \/ h <\/span><\/td>\n<\/tr>\n<tr class=\"premium-table-row\">\n<td class=\"premium-table-cell\"><span class=\"premium-table-text\">Mootor <\/span><\/td>\n<td class=\"premium-table-cell\"><\/td>\n<\/tr>\n<tr class=\"premium-table-row\">\n<td class=\"premium-table-cell\"><span class=\"premium-table-text\">Mootori t\u00fc\u00fcp <\/span><\/td>\n<td class=\"premium-table-cell\"><span class=\"premium-table-text\">Kahesilindriline \/ vedelikjahutusega <\/span><\/td>\n<\/tr>\n<tr class=\"premium-table-row\">\n<td class=\"premium-table-cell\"><span class=\"premium-table-text\">Mootori t\u00f6\u00f6maht (cc) <\/span><\/td>\n<td class=\"premium-table-cell\"><span class=\"premium-table-text\">449 cc <\/span><\/td>\n<\/tr>\n<tr class=\"premium-table-row\">\n<td class=\"premium-table-cell\"><span class=\"premium-table-text\">V\u00f5imsus (kW\/rpm) <\/span><\/td>\n<td class=\"premium-table-cell\"><span class=\"premium-table-text\">34.5 kw \/ 10000 rpm <\/span><\/td>\n<\/tr>\n<tr class=\"premium-table-row\">\n<td class=\"premium-table-cell\"><span class=\"premium-table-text\">Maksimaalne p\u00f6\u00f6rdemoment (N\u00b7m\/rpm) <\/span><\/td>\n<td class=\"premium-table-cell\"><span class=\"premium-table-text\">39.3 N*m \/ 7750 rpm <\/span><\/td>\n<\/tr>\n<tr class=\"premium-table-row\">\n<td class=\"premium-table-cell\"><span class=\"premium-table-text\">Surveaste <\/span><\/td>\n<td class=\"premium-table-cell\"><span class=\"premium-table-text\">11.5:1 <\/span><\/td>\n<\/tr>\n<tr class=\"premium-table-row\">\n<td class=\"premium-table-cell\"><span class=\"premium-table-text\">Toites\u00fcsteem <\/span><\/td>\n<td class=\"premium-table-cell\"><span class=\"premium-table-text\">EFI BOSCH <\/span><\/td>\n<\/tr>\n<tr class=\"premium-table-row\">\n<td class=\"premium-table-cell\"><span class=\"premium-table-text\">S\u00fc\u00fctes\u00fcsteem <\/span><\/td>\n<td class=\"premium-table-cell\"><span class=\"premium-table-text\">ECU BOSCH <\/span><\/td>\n<\/tr>\n<tr class=\"premium-table-row\">\n<td class=\"premium-table-cell\"><span class=\"premium-table-text\">\u00dclekanne <\/span><\/td>\n<td class=\"premium-table-cell\"><span class=\"premium-table-text\">6 k\u00e4iku <\/span><\/td>\n<\/tr>\n<tr class=\"premium-table-row\">\n<td class=\"premium-table-cell\"><span class=\"premium-table-text\">Veermik <\/span><\/td>\n<td class=\"premium-table-cell\"><\/td>\n<\/tr>\n<tr class=\"premium-table-row\">\n<td class=\"premium-table-cell\"><span class=\"premium-table-text\">Pidurid <\/span><\/td>\n<td class=\"premium-table-cell\"><span class=\"premium-table-text\">H\u00fcdraulilised ketaspidurid (ABS) <\/span><\/td>\n<\/tr>\n<tr class=\"premium-table-row\">\n<td class=\"premium-table-cell\"><span class=\"premium-table-text\">Vedrustus ees <\/span><\/td>\n<td class=\"premium-table-cell\"><span class=\"premium-table-text\">Upside-down<\/span><\/td>\n<\/tr>\n<tr class=\"premium-table-row\">\n<td class=\"premium-table-cell\"><span class=\"premium-table-text\">Vedrustus taga <\/span><\/td>\n<td class=\"premium-table-cell\"><span class=\"premium-table-text\">Mono<\/span><\/td>\n<\/tr>\n<tr class=\"premium-table-row\">\n<td class=\"premium-table-cell\"><span class=\"premium-table-text\">Rehvim\u00f5\u00f5dud <\/span><\/td>\n<td class=\"premium-table-cell\"><\/td>\n<\/tr>\n<tr class=\"premium-table-row\">\n<td class=\"premium-table-cell\"><span class=\"premium-table-text\">Ees: <\/span><\/td>\n<td class=\"premium-table-cell\"><span class=\"premium-table-text\">110 x 70 R17<\/span><\/td>\n<\/tr>\n<tr class=\"premium-table-row\">\n<td class=\"premium-table-cell\"><span class=\"premium-table-text\">Taga: <\/span><\/td>\n<td class=\"premium-table-cell\"><span class=\"premium-table-text\">150 x 60 R17<\/span><\/td>\n<\/tr>\n<tr class=\"premium-table-row\">\n<td class=\"premium-table-cell\"><span class=\"premium-table-text\">Veljed <\/span><\/td>\n<td class=\"premium-table-cell\"><\/td>\n<\/tr>\n<tr class=\"premium-table-row\">\n<td class=\"premium-table-cell\"><span class=\"premium-table-text\">Ees: <\/span><\/td>\n<td class=\"premium-table-cell\"><span class=\"premium-table-text\">17 tolli<\/span><\/td>\n<\/tr>\n<tr class=\"premium-table-row\">\n<td class=\"premium-table-cell\"><span class=\"premium-table-text\">Taga: <\/span><\/td>\n<td class=\"premium-table-cell\"><span class=\"premium-table-text\">17 tolli<\/span><\/td>\n<\/tr>\n<tr class=\"premium-table-row\">\n<td class=\"premium-table-cell\"><span class=\"premium-table-text\">Lisa <\/span><\/td>\n<td class=\"premium-table-cell\"><\/td>\n<\/tr>\n<tr class=\"premium-table-row\">\n<td class=\"premium-table-cell\"><span class=\"premium-table-text\">Ekraan: <\/span><\/td>\n<td class=\"premium-table-cell\"><span class=\"premium-table-text\">5 tolli TFT<\/span><\/td>\n<\/tr>\n<tr class=\"premium-table-row\">\n<td class=\"premium-table-cell\"><span class=\"premium-table-text\">* T\u00fchikaalu hulka loetakse: \u25cf aku \u25cf s\u00f5iduki vajalikud vedelikud <\/span><\/td>\n<td class=\"premium-table-cell\"><\/td>\n<\/tr>\n<\/tbody>\n<\/table>\n<\/div>\n<p>450NK on 2024 aasta uus lisandumine meie mudelivalikusse. Palavalt armastatud \u201enaked\u201c keret\u00fc\u00fcbiga mootorrattad on CFMOTO ridades juba pikemat aega laineid l\u00f6\u00f6nud. Viimati lisandus NK ridadesse 800NK mootorratas ning CFMOTO on viimasel ajal tugevat r\u00f5hku pannud keskmise j\u00f5uklassi ehk 450cc kubatuuriga mootorratastele. Lisaks 450NK mudelile on sellel aastal 450 seeria mootorrataste hulka lisandumas ka teisi uustulijaid ( 450CL-C ning 450MT ).<\/p>\n<p>450 seeria on mitmek\u00fclgne ning sobib nii algajatele kui ka kogenud juhtidele, pakkudes meeleolukat s\u00f5iduelamust ning elamusterohkeid kogemusi. Tegemist on j\u00f5uallikaga, mis on ennast juba varasemalt t\u00f5estanud ning n\u00fc\u00fcd kombineeritud ka julge ning pilkup\u00fc\u00fcdva NK stiiliga. Laiendades 450 mootorrataste seeriat, on meie eesm\u00e4rk anda juhtidele valikuv\u00f5imalus leida endale just see, mida otsitakse.<\/p>\n<p>450NK viib edasi 34.5kW, vedelikjahutusega, BOSCH\u2019i sissepritse toitel t\u00f6\u00f6tav bensiinimootor, mille nullist sajani kiirendus on alla 5 sekundi. Mootorratta tippkiiruseks on 180 km\/h, mis t\u00e4hendab, et tegemist on mitmek\u00fclgse mootorrattaga, millega on v\u00f5imalik avastada kurvilisi m\u00e4giteid, kuid h\u00e4tta ei j\u00e4\u00e4 ka kiirteedel suurtel kiirustel s\u00f5ites. T\u00e4nu 270 kraadisele v\u00e4ntv\u00f5lli nurgale on mootori omadused ning heli sarnansed V-Twin t\u00fc\u00fcpi mootoriga. Pikemateks s\u00f5itudeks on 450NK mudelil 14 liitrine k\u00fctusepaak ning \u00fcks paagit\u00e4is pakub \u00fcle 300km s\u00f5iduulatust.<\/p>\n<p>Lisaks suurep\u00e4rasele v\u00f5imekusele on 450NK ka \u00fclimalt stabiiline ning v\u00e4le. Mootorratas kaalub k\u00f5igest 165 kg ning seet\u00f5ttu pole ka teravamate kurvide l\u00e4bimine probleemiks. Samuti v\u00f5ib mootorratta baasvarustuse hulgast leida ka TCS ehk veoj\u00f5ukontrolli s\u00fcsteemi, mis tagab turvalise koju j\u00f5udmise ka halbade teeoludega liigeldes.<\/p>\n<p>5-tolline TFT ekraan annab hea \u00fclevaate s\u00f5iduks vajalikust informatsioonist. Ekraanilt leiab lihtsama informatsiooni n\u00e4iteks kiirus, l\u00e4bis\u00f5it, k\u00e4ik jms. Lisaks sellele on t\u00e4nu ekraani ja T-BOXi olemasolule v\u00f5imalik mootorratast siduda ka mobiilseadmega CFMOTO Ride mobiilirakendust kasutades. Sellest rakendusest leiab statistika viimaste s\u00f5itude kohta, on v\u00f5imalik teha tarkvara v\u00e4rskendusi ning veel palju muud! Ekraani on sisse ehitatud ka Motoplay funktsioonid. Nutiseadmete v\u00f5i GPS-i laadimiseks leiab mootorrattalt ka A-t\u00fc\u00fcpi ning C-t\u00fc\u00fcpi USB pesad.<\/p>\n<p>CFMOTO mootorratastele omaselt v\u00f5ib ka 450NK k\u00fcljest leida kvaliteetsed h\u00fcdraulilised ketaspidurid, mis tagavad l\u00fchikese pidurdamisdistantsi ning turvalise s\u00f5idu. Turvalisuse tagab ka ABS, mis ei lase j\u00e4rskudel pidurdamistel v\u00f5i libedatel teedel piduritel lukustuda, mis teeb takistuse v\u00e4ltimise oluliselt lihtsamaks.<\/p>\n<p>Ei tasu m\u00e4rkimata j\u00e4tta ka suurep\u00e4rast s\u00f5idumugavust. Selle saavutamiseks on 450NK mudelil ergonoomiline istumisasend ning v\u00e4ga mugav istme polster. 37mm l\u00e4bim\u00f5\u00f5duga Upside-down t\u00fc\u00fcpi amortisaatorid muudavad ka konarlikul teel s\u00f5itmise tunduvalt mugavamaks ning paremini kontrollitavaks.<\/p>","protected":false},"excerpt":{"rendered":"<p><strong>Mootor<\/strong>: 449 cm3, kahesilindriline, DOHC, vedelikjahutusega bensiinimootor (EURO5)<br \/>\n<strong>K\u00e4igukast<\/strong>: Manuaal, 6 k\u00e4iku<br \/>\n<strong>Vedrustus<\/strong>: Upside down \/ Mono<br \/>\n<strong>Pidurid<\/strong>: H\u00fcdraulilised ketaspidurid, ABS<br \/>\n<strong>Toites\u00fcsteem<\/strong>: ECU Bosch<br \/>\n<strong>Tuled<\/strong>: LED valgustus (esituled, udutuled, suunatuled ja tagatuli)<br \/>\n<strong>Rehvid<\/strong>: Ees 110\/70 R17 ja taga 150\/60 R17<br \/>\n<strong>S\u00f5idumeerikud<\/strong>: Pardaarvuti, 5\u2033 ekraan<br \/>\n<strong>K\u00fctusepaak<\/strong>: 14 L<br \/>\n<strong>K\u00fctus<\/strong>: Bensiin<br \/>\n<strong>V\u00e4rvid\u00a0<\/strong>: Sinine, Valge, Must<\/p>","protected":false},"featured_media":3763,"template":"","meta":[],"product_cat":[51],"product_tag":[],"class_list":{"0":"post-3562","1":"product","2":"type-product","3":"status-publish","4":"has-post-thumbnail","6":"product_cat-mootorrattad","8":"first","9":"instock","10":"taxable","11":"shipping-taxable","12":"purchasable","13":"product-type-variable","14":"has-default-attributes"},"yoast_head":"<!-- This site is optimized with the Yoast SEO plugin v23.9 - https:\/\/yoast.com\/wordpress\/plugins\/seo\/ -->\n<title>Mootorratas 450NK | CFMoto Sirtaki<\/title>\n<meta name=\"robots\" content=\"index, follow, max-snippet:-1, max-image-preview:large, max-video-preview:-1\" \/>\n<link rel=\"canonical\" href=\"https:\/\/moto.sirtaki.ee\/ru\/product\/mootorratas-450nk\/\" \/>\n<meta property=\"og:locale\" content=\"ru_RU\" \/>\n<meta property=\"og:type\" content=\"article\" \/>\n<meta property=\"og:title\" content=\"Mootorratas 450NK | CFMoto Sirtaki\" \/>\n<meta property=\"og:description\" content=\"Mootor: 449 cm3, kahesilindriline, DOHC, vedelikjahutusega bensiinimootor (EURO5) K\u00e4igukast: Manuaal, 6 k\u00e4iku Vedrustus: Upside down \/ Mono Pidurid: H\u00fcdraulilised ketaspidurid, ABS Toites\u00fcsteem: ECU Bosch Tuled: LED valgustus (esituled, udutuled, suunatuled ja tagatuli) Rehvid: Ees 110\/70 R17 ja taga 150\/60 R17 S\u00f5idumeerikud: Pardaarvuti, 5\u2033 ekraan K\u00fctusepaak: 14 L K\u00fctus: Bensiin V\u00e4rvid\u00a0: Sinine, Valge, Must\" \/>\n<meta property=\"og:url\" content=\"https:\/\/moto.sirtaki.ee\/ru\/product\/mootorratas-450nk\/\" \/>\n<meta property=\"og:site_name\" content=\"CFMoto Sirtaki\" \/>\n<meta property=\"article:modified_time\" content=\"2024-12-10T11:26:34+00:00\" \/>\n<meta property=\"og:image\" content=\"https:\/\/moto.sirtaki.ee\/wp-content\/uploads\/2024\/10\/CFMOTO-450NK.jpg\" \/>\n\t<meta property=\"og:image:width\" content=\"1875\" \/>\n\t<meta property=\"og:image:height\" content=\"1875\" \/>\n\t<meta property=\"og:image:type\" content=\"image\/jpeg\" \/>\n<meta name=\"twitter:card\" content=\"summary_large_image\" \/>\n<script type=\"application\/ld+json\" class=\"yoast-schema-graph\">{\"@context\":\"https:\/\/schema.org\",\"@graph\":[{\"@type\":\"WebPage\",\"@id\":\"https:\/\/moto.sirtaki.ee\/product\/mootorratas-450nk\/\",\"url\":\"https:\/\/moto.sirtaki.ee\/product\/mootorratas-450nk\/\",\"name\":\"Mootorratas 450NK | CFMoto Sirtaki\",\"isPartOf\":{\"@id\":\"https:\/\/moto.sirtaki.ee\/#website\"},\"primaryImageOfPage\":{\"@id\":\"https:\/\/moto.sirtaki.ee\/product\/mootorratas-450nk\/#primaryimage\"},\"image\":{\"@id\":\"https:\/\/moto.sirtaki.ee\/product\/mootorratas-450nk\/#primaryimage\"},\"thumbnailUrl\":\"https:\/\/moto.sirtaki.ee\/wp-content\/uploads\/2024\/10\/CFMOTO-450NK.jpg\",\"datePublished\":\"2024-11-01T06:29:05+00:00\",\"dateModified\":\"2024-12-10T11:26:34+00:00\",\"breadcrumb\":{\"@id\":\"https:\/\/moto.sirtaki.ee\/product\/mootorratas-450nk\/#breadcrumb\"},\"inLanguage\":\"ru-RU\",\"potentialAction\":[{\"@type\":\"ReadAction\",\"target\":[\"https:\/\/moto.sirtaki.ee\/product\/mootorratas-450nk\/\"]}]},{\"@type\":\"ImageObject\",\"inLanguage\":\"ru-RU\",\"@id\":\"https:\/\/moto.sirtaki.ee\/product\/mootorratas-450nk\/#primaryimage\",\"url\":\"https:\/\/moto.sirtaki.ee\/wp-content\/uploads\/2024\/10\/CFMOTO-450NK.jpg\",\"contentUrl\":\"https:\/\/moto.sirtaki.ee\/wp-content\/uploads\/2024\/10\/CFMOTO-450NK.jpg\",\"width\":1875,\"height\":1875},{\"@type\":\"BreadcrumbList\",\"@id\":\"https:\/\/moto.sirtaki.ee\/product\/mootorratas-450nk\/#breadcrumb\",\"itemListElement\":[{\"@type\":\"ListItem\",\"position\":1,\"name\":\"Home\",\"item\":\"https:\/\/moto.sirtaki.ee\/\"},{\"@type\":\"ListItem\",\"position\":2,\"name\":\"Shop\",\"item\":\"https:\/\/moto.sirtaki.ee\/shop\/\"},{\"@type\":\"ListItem\",\"position\":3,\"name\":\"Mootorratas 450NK\"}]},{\"@type\":\"WebSite\",\"@id\":\"https:\/\/moto.sirtaki.ee\/#website\",\"url\":\"https:\/\/moto.sirtaki.ee\/\",\"name\":\"CFMoto Sirtaki\",\"description\":\"\",\"potentialAction\":[{\"@type\":\"SearchAction\",\"target\":{\"@type\":\"EntryPoint\",\"urlTemplate\":\"https:\/\/moto.sirtaki.ee\/?s={search_term_string}\"},\"query-input\":{\"@type\":\"PropertyValueSpecification\",\"valueRequired\":true,\"valueName\":\"search_term_string\"}}],\"inLanguage\":\"ru-RU\"}]}<\/script>\n<!-- \/ Yoast SEO plugin. -->","yoast_head_json":{"title":"Mootorratas 450NK | CFMoto Sirtaki","robots":{"index":"index","follow":"follow","max-snippet":"max-snippet:-1","max-image-preview":"max-image-preview:large","max-video-preview":"max-video-preview:-1"},"canonical":"https:\/\/moto.sirtaki.ee\/ru\/product\/mootorratas-450nk\/","og_locale":"ru_RU","og_type":"article","og_title":"Mootorratas 450NK | CFMoto Sirtaki","og_description":"Mootor: 449 cm3, kahesilindriline, DOHC, vedelikjahutusega bensiinimootor (EURO5) K\u00e4igukast: Manuaal, 6 k\u00e4iku Vedrustus: Upside down \/ Mono Pidurid: H\u00fcdraulilised ketaspidurid, ABS Toites\u00fcsteem: ECU Bosch Tuled: LED valgustus (esituled, udutuled, suunatuled ja tagatuli) Rehvid: Ees 110\/70 R17 ja taga 150\/60 R17 S\u00f5idumeerikud: Pardaarvuti, 5\u2033 ekraan K\u00fctusepaak: 14 L K\u00fctus: Bensiin V\u00e4rvid\u00a0: Sinine, Valge, Must","og_url":"https:\/\/moto.sirtaki.ee\/ru\/product\/mootorratas-450nk\/","og_site_name":"CFMoto Sirtaki","article_modified_time":"2024-12-10T11:26:34+00:00","og_image":[{"width":1875,"height":1875,"url":"https:\/\/moto.sirtaki.ee\/wp-content\/uploads\/2024\/10\/CFMOTO-450NK.jpg","type":"image\/jpeg"}],"twitter_card":"summary_large_image","schema":{"@context":"https:\/\/schema.org","@graph":[{"@type":"WebPage","@id":"https:\/\/moto.sirtaki.ee\/product\/mootorratas-450nk\/","url":"https:\/\/moto.sirtaki.ee\/product\/mootorratas-450nk\/","name":"Mootorratas 450NK | CFMoto Sirtaki","isPartOf":{"@id":"https:\/\/moto.sirtaki.ee\/#website"},"primaryImageOfPage":{"@id":"https:\/\/moto.sirtaki.ee\/product\/mootorratas-450nk\/#primaryimage"},"image":{"@id":"https:\/\/moto.sirtaki.ee\/product\/mootorratas-450nk\/#primaryimage"},"thumbnailUrl":"https:\/\/moto.sirtaki.ee\/wp-content\/uploads\/2024\/10\/CFMOTO-450NK.jpg","datePublished":"2024-11-01T06:29:05+00:00","dateModified":"2024-12-10T11:26:34+00:00","breadcrumb":{"@id":"https:\/\/moto.sirtaki.ee\/product\/mootorratas-450nk\/#breadcrumb"},"inLanguage":"ru-RU","potentialAction":[{"@type":"ReadAction","target":["https:\/\/moto.sirtaki.ee\/product\/mootorratas-450nk\/"]}]},{"@type":"ImageObject","inLanguage":"ru-RU","@id":"https:\/\/moto.sirtaki.ee\/product\/mootorratas-450nk\/#primaryimage","url":"https:\/\/moto.sirtaki.ee\/wp-content\/uploads\/2024\/10\/CFMOTO-450NK.jpg","contentUrl":"https:\/\/moto.sirtaki.ee\/wp-content\/uploads\/2024\/10\/CFMOTO-450NK.jpg","width":1875,"height":1875},{"@type":"BreadcrumbList","@id":"https:\/\/moto.sirtaki.ee\/product\/mootorratas-450nk\/#breadcrumb","itemListElement":[{"@type":"ListItem","position":1,"name":"Home","item":"https:\/\/moto.sirtaki.ee\/"},{"@type":"ListItem","position":2,"name":"Shop","item":"https:\/\/moto.sirtaki.ee\/shop\/"},{"@type":"ListItem","position":3,"name":"Mootorratas 450NK"}]},{"@type":"WebSite","@id":"https:\/\/moto.sirtaki.ee\/#website","url":"https:\/\/moto.sirtaki.ee\/","name":"CFMoto Sirtaki","description":"","potentialAction":[{"@type":"SearchAction","target":{"@type":"EntryPoint","urlTemplate":"https:\/\/moto.sirtaki.ee\/?s={search_term_string}"},"query-input":{"@type":"PropertyValueSpecification","valueRequired":true,"valueName":"search_term_string"}}],"inLanguage":"ru-RU"}]}},"_links":{"self":[{"href":"https:\/\/moto.sirtaki.ee\/ru\/wp-json\/wp\/v2\/product\/3562"}],"collection":[{"href":"https:\/\/moto.sirtaki.ee\/ru\/wp-json\/wp\/v2\/product"}],"about":[{"href":"https:\/\/moto.sirtaki.ee\/ru\/wp-json\/wp\/v2\/types\/product"}],"wp:featuredmedia":[{"embeddable":true,"href":"https:\/\/moto.sirtaki.ee\/ru\/wp-json\/wp\/v2\/media\/3763"}],"wp:attachment":[{"href":"https:\/\/moto.sirtaki.ee\/ru\/wp-json\/wp\/v2\/media?parent=3562"}],"wp:term":[{"taxonomy":"product_cat","embeddable":true,"href":"https:\/\/moto.sirtaki.ee\/ru\/wp-json\/wp\/v2\/product_cat?post=3562"},{"taxonomy":"product_tag","embeddable":true,"href":"https:\/\/moto.sirtaki.ee\/ru\/wp-json\/wp\/v2\/product_tag?post=3562"}],"curies":[{"name":"wp","href":"https:\/\/api.w.org\/{rel}","templated":true}]}}