{"id":3570,"date":"2024-11-01T09:32:33","date_gmt":"2024-11-01T06:32:33","guid":{"rendered":"https:\/\/moto.sirtaki.ee\/?post_type=product&#038;p=3570"},"modified":"2024-12-10T14:26:32","modified_gmt":"2024-12-10T11:26:32","slug":"mootorratas-650gt","status":"publish","type":"product","link":"https:\/\/moto.sirtaki.ee\/ru\/product\/mootorratas-650gt\/","title":{"rendered":"Mootorratas 650GT"},"content":{"rendered":"<h3 class=\"elementor-heading-title elementor-size-default\">Mootorratta CFMOTO 650GT tehnilised andmed<\/h3>\n<div class=\"premium-table-wrap\">\n<table class=\"premium-table\" data-settings=\"{&quot;sort&quot;:false,&quot;usNumbers&quot;:false,&quot;sortMob&quot;:false,&quot;search&quot;:false,&quot;records&quot;:false,&quot;dataType&quot;:&quot;csv&quot;,&quot;csvFile&quot;:&quot;https:\\\/\\\/docs.google.com\\\/spreadsheets\\\/d\\\/e\\\/2PACX-1vQSlCPYWUAWlMTpULhZaLn6bVNYkfFQEehXg322WpPT7fBiQqxHFxL7j9LWwcMajWSZiM70VPxQO7Nt\\\/pub?gid=0&amp;single=true&amp;output=csv&quot;,&quot;firstRow&quot;:&quot;head&quot;,&quot;separator&quot;:&quot;,&quot;,&quot;pagination&quot;:&quot;&quot;,&quot;rows&quot;:0,&quot;id&quot;:&quot;8527e94&quot;,&quot;reload&quot;:&quot;day&quot;}\">\n<thead class=\"premium-table-head\">\n<tr class=\"premium-table-row\">\n<th class=\"premium-table-cell\"><span class=\"premium-table-text\">Mootorratta mudel <\/span><\/th>\n<th class=\"premium-table-cell\"><span class=\"premium-table-text\">650GT <\/span><\/th>\n<th class=\"premium-table-cell\"><span class=\"premium-table-text\">650GT <\/span><\/th>\n<\/tr>\n<\/thead>\n<tbody>\n<tr class=\"premium-table-row\">\n<td class=\"premium-table-cell\"><span class=\"premium-table-text\">EU t\u00fc\u00fcbikinnitus <\/span><\/td>\n<td class=\"premium-table-cell\"><span class=\"premium-table-text\">L3e<\/span><\/td>\n<td class=\"premium-table-cell\"><span class=\"premium-table-text\">L3e<\/span><\/td>\n<\/tr>\n<tr class=\"premium-table-row\">\n<td class=\"premium-table-cell\"><span class=\"premium-table-text\">S\u00f5iduki t\u00fc\u00fcp<\/span><\/td>\n<td class=\"premium-table-cell\"><span class=\"premium-table-text\">A<\/span><\/td>\n<td class=\"premium-table-cell\"><span class=\"premium-table-text\">A2<\/span><\/td>\n<\/tr>\n<tr class=\"premium-table-row\">\n<td class=\"premium-table-cell\"><span class=\"premium-table-text\">Tehaset\u00e4his <\/span><\/td>\n<td class=\"premium-table-cell\"><span class=\"premium-table-text\">CF650-8F <\/span><\/td>\n<td class=\"premium-table-cell\"><span class=\"premium-table-text\">CF650-8F <\/span><\/td>\n<\/tr>\n<tr class=\"premium-table-row\">\n<td class=\"premium-table-cell\"><span class=\"premium-table-text\">\u00dcldandmed <\/span><\/td>\n<td class=\"premium-table-cell\"><\/td>\n<td class=\"premium-table-cell\"><\/td>\n<\/tr>\n<tr class=\"premium-table-row\">\n<td class=\"premium-table-cell\"><span class=\"premium-table-text\">Pikkus x laius x k\u00f5rgus (mm) <\/span><\/td>\n<td class=\"premium-table-cell\"><span class=\"premium-table-text\">2100x784x1340 mm <\/span><\/td>\n<td class=\"premium-table-cell\"><span class=\"premium-table-text\">2100x784x1340 mm <\/span><\/td>\n<\/tr>\n<tr class=\"premium-table-row\">\n<td class=\"premium-table-cell\"><span class=\"premium-table-text\">Teljevahe (mm) <\/span><\/td>\n<td class=\"premium-table-cell\"><span class=\"premium-table-text\">1415 mm <\/span><\/td>\n<td class=\"premium-table-cell\"><span class=\"premium-table-text\">1415 mm <\/span><\/td>\n<\/tr>\n<tr class=\"premium-table-row\">\n<td class=\"premium-table-cell\"><span class=\"premium-table-text\">Istme k\u00f5rgus (mm) <\/span><\/td>\n<td class=\"premium-table-cell\"><span class=\"premium-table-text\">795 mm <\/span><\/td>\n<td class=\"premium-table-cell\"><span class=\"premium-table-text\">795 mm <\/span><\/td>\n<\/tr>\n<tr class=\"premium-table-row\">\n<td class=\"premium-table-cell\"><span class=\"premium-table-text\">Kliirens (mm) <\/span><\/td>\n<td class=\"premium-table-cell\"><span class=\"premium-table-text\">150 mm <\/span><\/td>\n<td class=\"premium-table-cell\"><span class=\"premium-table-text\">150 mm <\/span><\/td>\n<\/tr>\n<tr class=\"premium-table-row\">\n<td class=\"premium-table-cell\"><span class=\"premium-table-text\">T\u00fchimass (kg) * <\/span><\/td>\n<td class=\"premium-table-cell\"><span class=\"premium-table-text\">226 kg * <\/span><\/td>\n<td class=\"premium-table-cell\"><span class=\"premium-table-text\">226 kg * <\/span><\/td>\n<\/tr>\n<tr class=\"premium-table-row\">\n<td class=\"premium-table-cell\"><span class=\"premium-table-text\">K\u00fctusepaagi maht (L) <\/span><\/td>\n<td class=\"premium-table-cell\"><span class=\"premium-table-text\">19 L <\/span><\/td>\n<td class=\"premium-table-cell\"><span class=\"premium-table-text\">19 L <\/span><\/td>\n<\/tr>\n<tr class=\"premium-table-row\">\n<td class=\"premium-table-cell\"><span class=\"premium-table-text\">Maksimaalne lubatud kiirus (km\/h) <\/span><\/td>\n<td class=\"premium-table-cell\"><span class=\"premium-table-text\">170 km\/h <\/span><\/td>\n<td class=\"premium-table-cell\"><span class=\"premium-table-text\">160 km\/h <\/span><\/td>\n<\/tr>\n<tr class=\"premium-table-row\">\n<td class=\"premium-table-cell\"><span class=\"premium-table-text\">Mootor <\/span><\/td>\n<td class=\"premium-table-cell\"><\/td>\n<td class=\"premium-table-cell\"><\/td>\n<\/tr>\n<tr class=\"premium-table-row\">\n<td class=\"premium-table-cell\"><span class=\"premium-table-text\">Mootori t\u00fc\u00fcp <\/span><\/td>\n<td class=\"premium-table-cell\"><span class=\"premium-table-text\">SOHC kahe silindriline \/ vedelikjahtusega \/ nelja taktiline <\/span><\/td>\n<td class=\"premium-table-cell\"><span class=\"premium-table-text\">SOHC kahe silindriline \/ vedelikjahtusega \/ nelja taktiline <\/span><\/td>\n<\/tr>\n<tr class=\"premium-table-row\">\n<td class=\"premium-table-cell\"><span class=\"premium-table-text\">Mootori t\u00f6\u00f6maht (cc) <\/span><\/td>\n<td class=\"premium-table-cell\"><span class=\"premium-table-text\">649 cc <\/span><\/td>\n<td class=\"premium-table-cell\"><span class=\"premium-table-text\">649 cc <\/span><\/td>\n<\/tr>\n<tr class=\"premium-table-row\">\n<td class=\"premium-table-cell\"><span class=\"premium-table-text\">Kolvik\u00e4ik (mm) <\/span><\/td>\n<td class=\"premium-table-cell\"><span class=\"premium-table-text\">83 \u00d7 60 mm <\/span><\/td>\n<td class=\"premium-table-cell\"><span class=\"premium-table-text\">83 \u00d7 60 mm <\/span><\/td>\n<\/tr>\n<tr class=\"premium-table-row\">\n<td class=\"premium-table-cell\"><span class=\"premium-table-text\">V\u00f5imsus (kW\/rpm) <\/span><\/td>\n<td class=\"premium-table-cell\"><span class=\"premium-table-text\">41.5 kW\/8250 rpm <\/span><\/td>\n<td class=\"premium-table-cell\"><span class=\"premium-table-text\">33 kW\/9000 rpm <\/span><\/td>\n<\/tr>\n<tr class=\"premium-table-row\">\n<td class=\"premium-table-cell\"><span class=\"premium-table-text\">Maksimaalne p\u00f6\u00f6rdemoment (N\u00b7m\/rpm) <\/span><\/td>\n<td class=\"premium-table-cell\"><span class=\"premium-table-text\">54.4 N\u00b7m\/7000 rpm <\/span><\/td>\n<td class=\"premium-table-cell\"><span class=\"premium-table-text\">50 N\u00b7m\/5750 rpm <\/span><\/td>\n<\/tr>\n<tr class=\"premium-table-row\">\n<td class=\"premium-table-cell\"><span class=\"premium-table-text\">Surveaste <\/span><\/td>\n<td class=\"premium-table-cell\"><span class=\"premium-table-text\">11.3:1 <\/span><\/td>\n<td class=\"premium-table-cell\"><span class=\"premium-table-text\">11.3:1 <\/span><\/td>\n<\/tr>\n<tr class=\"premium-table-row\">\n<td class=\"premium-table-cell\"><span class=\"premium-table-text\">Toites\u00fcsteem <\/span><\/td>\n<td class=\"premium-table-cell\"><span class=\"premium-table-text\">EFI Bosch <\/span><\/td>\n<td class=\"premium-table-cell\"><span class=\"premium-table-text\">EFI Bosch <\/span><\/td>\n<\/tr>\n<tr class=\"premium-table-row\">\n<td class=\"premium-table-cell\"><span class=\"premium-table-text\">S\u00fc\u00fctes\u00fcsteem <\/span><\/td>\n<td class=\"premium-table-cell\"><span class=\"premium-table-text\">ECU Bosch <\/span><\/td>\n<td class=\"premium-table-cell\"><span class=\"premium-table-text\">ECU Bosch <\/span><\/td>\n<\/tr>\n<tr class=\"premium-table-row\">\n<td class=\"premium-table-cell\"><span class=\"premium-table-text\">\u00dclekanne <\/span><\/td>\n<td class=\"premium-table-cell\"><span class=\"premium-table-text\">6 k\u00e4iku <\/span><\/td>\n<td class=\"premium-table-cell\"><span class=\"premium-table-text\">6 k\u00e4iku <\/span><\/td>\n<\/tr>\n<tr class=\"premium-table-row\">\n<td class=\"premium-table-cell\"><span class=\"premium-table-text\">Veermik <\/span><\/td>\n<td class=\"premium-table-cell\"><\/td>\n<td class=\"premium-table-cell\"><\/td>\n<\/tr>\n<tr class=\"premium-table-row\">\n<td class=\"premium-table-cell\"><span class=\"premium-table-text\">Pidurid <\/span><\/td>\n<td class=\"premium-table-cell\"><span class=\"premium-table-text\">H\u00fcdraulilised ketaspidurid (ABS) <\/span><\/td>\n<td class=\"premium-table-cell\"><span class=\"premium-table-text\">H\u00fcdraulilised ketaspidurid (ABS) <\/span><\/td>\n<\/tr>\n<tr class=\"premium-table-row\">\n<td class=\"premium-table-cell\"><span class=\"premium-table-text\">Amortisaatorid <\/span><\/td>\n<td class=\"premium-table-cell\"><span class=\"premium-table-text\">Ees\/taga: \u00f5liamortisaatorid <\/span><\/td>\n<td class=\"premium-table-cell\"><span class=\"premium-table-text\">Ees\/taga: \u00f5liamortisaatorid <\/span><\/td>\n<\/tr>\n<tr class=\"premium-table-row\">\n<td class=\"premium-table-cell\"><span class=\"premium-table-text\"> Veljed <\/span><\/td>\n<td class=\"premium-table-cell\"><\/td>\n<td class=\"premium-table-cell\"><\/td>\n<\/tr>\n<tr class=\"premium-table-row\">\n<td class=\"premium-table-cell\"><span class=\"premium-table-text\">Ees: <\/span><\/td>\n<td class=\"premium-table-cell\"><span class=\"premium-table-text\">3.5 x 17 MT <\/span><\/td>\n<td class=\"premium-table-cell\"><span class=\"premium-table-text\">3.5 x 17 MT <\/span><\/td>\n<\/tr>\n<tr class=\"premium-table-row\">\n<td class=\"premium-table-cell\"><span class=\"premium-table-text\">Taga: <\/span><\/td>\n<td class=\"premium-table-cell\"><span class=\"premium-table-text\">4.5 x 17 MT <\/span><\/td>\n<td class=\"premium-table-cell\"><span class=\"premium-table-text\">4.5 x 17 MT <\/span><\/td>\n<\/tr>\n<tr class=\"premium-table-row\">\n<td class=\"premium-table-cell\"><span class=\"premium-table-text\">Rehvim\u00f5\u00f5dud <\/span><\/td>\n<td class=\"premium-table-cell\"><\/td>\n<td class=\"premium-table-cell\"><\/td>\n<\/tr>\n<tr class=\"premium-table-row\">\n<td class=\"premium-table-cell\"><span class=\"premium-table-text\">Ees: <\/span><\/td>\n<td class=\"premium-table-cell\"><span class=\"premium-table-text\">120 x 70 R17 <\/span><\/td>\n<td class=\"premium-table-cell\"><span class=\"premium-table-text\">120 x 70 R17 <\/span><\/td>\n<\/tr>\n<tr class=\"premium-table-row\">\n<td class=\"premium-table-cell\"><span class=\"premium-table-text\">Taga: <\/span><\/td>\n<td class=\"premium-table-cell\"><span class=\"premium-table-text\">160 x 60 R17 <\/span><\/td>\n<td class=\"premium-table-cell\"><span class=\"premium-table-text\">160 x 60 R17 <\/span><\/td>\n<\/tr>\n<tr class=\"premium-table-row\">\n<td class=\"premium-table-cell\"><span class=\"premium-table-text\">* T\u00fchikaalu hulka loetakse: \u25cf aku \u25cf s\u00f5iduki vajalikud vedelikud <\/span><\/td>\n<td class=\"premium-table-cell\"><\/td>\n<td class=\"premium-table-cell\"><\/td>\n<\/tr>\n<\/tbody>\n<\/table>\n<\/div>\n<p><b>CF650GT<\/b> on Sportliku v\u00e4limusega matkamootorratas mis on disainitud kaasaegselt voolujooneliselt sportliku disainijoonega. Kvaliteetne ja soodne mootorratas k\u00f5ikidele kes armastavad sportliku disaini ja seiklusmootorratta v\u00f5imalusi.<\/p>\n<p>V\u00f5imekas, 650 cm3, rida t\u00fc\u00fcpi, kahesilindriline bensiinimootor,\u00a0 mis t\u00f6\u00f6tab BOSCHi sissepritse toitel, pakub sportlikuks s\u00f5idustiiliks piisavalt kiirust ja j\u00f5udlust. Rida kaks mootor on t\u00e4ielikult tasakaalustatud ja vibratsioonivaba. Mootor tervikuna on seatud andma m\u00f5istlikku ja sujuvat v\u00f5imsust keskmise kiiruse vahemikus ning n\u00f5uab v\u00f5imalikult v\u00e4he k\u00e4iguvahetust. Sellises konfiguratsioonis on sellel madal energiatarve kombineerituna optimaalse veoj\u00f5uga igal hetkel. CFMOTO mootorrattaid iseloomustab \u00fcldiselt v\u00e4ga meeldiv ja vaikne m\u00fcratase ning see v\u00f5imaldab muhedat s\u00f5itu ja kulgemist kogu soovitud kiirusvahemikus.<\/p>\n<p><b>CFMOTO 650MT<\/b>-l on 649 cm3 t\u00f6\u00f6mahuga. 2-silindriline vedelikjahutusega DOHC bensiinimootor mis koos Boschi EFI-s\u00fcsteemiga toodab 71 hj ja 62 Nm v\u00e4\u00e4net mis 6-k\u00e4igulise manuaalk\u00e4igukastiga suudab probleemideta arendada tippkiiruseks igati piisavad 170 km\/h.<\/p>\n<p>650GT -l on piisavalt j\u00f5udu nii sportlikumaks s\u00f5idustiilis kui ka vabaajas\u00f5iduks. Mootor on h\u00e4\u00e4lestatud suurematele p\u00f6\u00f6retele ja annab suurima v\u00f5imsuse 9000 p\/min juures. Maksimaalse mugavuse, ohutuse ja mugavuse eest hoolitsevad tuntud ja tunnustatud tootjate komponendid\u00a0 \u2013\u00a0 topelt kihiliste pidurivoolikutega, esmaklassiline J.Juan piduris\u00fcsteem (Hispaania tootja), \u00a0samu pidureid kasutavad ka KTM mootorrattad,\u00a0 kurvi ABS\u00a0 s\u00fcsteem ning k\u00f5rgelt hinnatud, Metzeler Z8 v\u00f5i Pirelli Angel rehvid.\u00a0 Mugava vedrustuse ees ja taga tagavad Jaapani kaubam\u00e4rgi KYB amortisaatorid.<\/p>\n<p>T\u00e4iusliku s\u00f5idu tagamiseks on s\u00f5itjal juhtraualt v\u00f5imalus valida kahe s\u00f5idure\u017eiimi vahel: Sport\u00a0 ja\u00a0 Touring. M\u00f5lemal s\u00f5idure\u017eiimil on erinevad v\u00f5imsusk\u00f5verad, kuid m\u00f5lemad re\u017eiimid hoolitsevad peamiselt j\u00f5u lineaarse \u00fclekande eest mootorilt tagarattale.<\/p>\n<p>CFMOTO 650GT on disainitud spordi turismi rattaks ja see n\u00f5uab pisut rikkalikumat varustustaset kui tavalised t\u00e4navarattad seda pakuvad. \u00a0650GT -l on n\u00e4iteks praktiline, reguleeritav tuuleklaas, valgustundlik, 5 tolline v\u00e4rviekraan, t\u00e4islahendusega LED tuled, taustvalgusega ja v\u00e4ga mugavad l\u00fclitid juhtraual, USB- ja 12V\u00a0 pistikupesad esikonsoolil ning hinna sisse kuuluvad ka kaks 36L mahutavusega, teisaldatavat ning lukustatavat, SHAD-i k\u00fcljekohvrit.<\/p>\n<p>CFMOTO mootorrattaid iseloomustavad kvaliteetsed komponendid tuntud tootjatelt, kvaliteetne pinnat\u00f6\u00f6tlus ja l\u00e4bim\u00f5eldud disain. Spordi- ja matkamudel kategooriasse kuuluv CFMOTO 650GT mootorratas sobib k\u00f5igile, olenemata s\u00f5itja vanusest v\u00f5i eelnevast s\u00f5idukogemusest.<\/p>\n<p>M\u00f5istliku hinnaga mootorratas mis meeldib s\u00f5itjatele, kes soovivad nautida kvaliteetset ja mugavat s\u00f5itu CFMOTO ja KTM \u00fchisettev\u00f5tte poolt loodud mootorrattaga.<\/p>\n<p>CFMOTO 650GT mootorratta juhtimiseks on vajalik A-kategooria juhtimis\u00f5igus kuid CFMOTO 650 seeria mootorrattaid on v\u00f5imalik esmaregistreerimisel registreerida ka A2 kategooria s\u00f5idukina.<\/p>\n<p>Selline, kuni 35kw piiratud v\u00f5imsusega mootorratast saavad kasutada noored ja \u00e4sja juhiload omandanud mootorratturid.<\/p>\n<p>K\u00f5ikidel CFMOTO mootorratastel eksklusiivne 3-aastane, l\u00e4bis\u00f5idupiiranguta tehase garantii!<\/p>","protected":false},"excerpt":{"rendered":"<p><strong>Mootor<\/strong>\u00a0: Rida 2, 8-klappi, vedelikjahutud, DOHC<br \/>\n<strong>T\u00f6\u00f6maht<\/strong>\u00a0: 650 cc<br \/>\n<strong>Toide<\/strong>\u00a0: Bosch EFI sissepritses\u00fcsteem<br \/>\n<strong>V\u00f5imsus<\/strong>\u00a0: 45.0 kW \/ 8750 rpm<br \/>\n<strong>V\u00e4\u00e4ne<\/strong>\u00a0: 56,0 N\u00b7m \/ 7000 rpm<br \/>\n<strong>Istekohti<\/strong>\u00a0: 2<br \/>\n<strong>\u00dclekanne<\/strong>\u00a0: 6 k\u00e4iku, ketiga vedu<br \/>\n<strong>Pidurid<\/strong>\u00a0: ABS<br \/>\n<strong>Tuled<\/strong>\u00a0: LED (p\u00e4evatuled, tagatuled, l\u00e4hituled, kaugtuled, p\u00e4evas\u00f5idutulede automaatne l\u00fclitus<br \/>\n<strong>Veljed<\/strong>\u00a0: kergmetall veljed<br \/>\n<strong>Garantii<\/strong>\u00a0: Tehase garantii 3 aastat \u2013 l\u00e4bis\u00f5idupiiranguta<\/p>","protected":false},"featured_media":3765,"template":"","meta":[],"product_cat":[51],"product_tag":[],"class_list":{"0":"post-3570","1":"product","2":"type-product","3":"status-publish","4":"has-post-thumbnail","6":"product_cat-mootorrattad","8":"first","9":"instock","10":"taxable","11":"shipping-taxable","12":"purchasable","13":"product-type-variable","14":"has-default-attributes"},"yoast_head":"<!-- This site is optimized with the Yoast SEO plugin v23.9 - https:\/\/yoast.com\/wordpress\/plugins\/seo\/ -->\n<title>Mootorratas 650GT | CFMoto Sirtaki<\/title>\n<meta name=\"robots\" content=\"index, follow, max-snippet:-1, max-image-preview:large, max-video-preview:-1\" \/>\n<link rel=\"canonical\" href=\"https:\/\/moto.sirtaki.ee\/ru\/product\/mootorratas-650gt\/\" \/>\n<meta property=\"og:locale\" content=\"ru_RU\" \/>\n<meta property=\"og:type\" content=\"article\" \/>\n<meta property=\"og:title\" content=\"Mootorratas 650GT | CFMoto Sirtaki\" \/>\n<meta property=\"og:description\" content=\"Mootor\u00a0: Rida 2, 8-klappi, vedelikjahutud, DOHC T\u00f6\u00f6maht\u00a0: 650 cc Toide\u00a0: Bosch EFI sissepritses\u00fcsteem V\u00f5imsus\u00a0: 45.0 kW \/ 8750 rpm V\u00e4\u00e4ne\u00a0: 56,0 N\u00b7m \/ 7000 rpm Istekohti\u00a0: 2 \u00dclekanne\u00a0: 6 k\u00e4iku, ketiga vedu Pidurid\u00a0: ABS Tuled\u00a0: LED (p\u00e4evatuled, tagatuled, l\u00e4hituled, kaugtuled, p\u00e4evas\u00f5idutulede automaatne l\u00fclitus Veljed\u00a0: kergmetall veljed Garantii\u00a0: Tehase garantii 3 aastat \u2013 l\u00e4bis\u00f5idupiiranguta\" \/>\n<meta property=\"og:url\" content=\"https:\/\/moto.sirtaki.ee\/ru\/product\/mootorratas-650gt\/\" \/>\n<meta property=\"og:site_name\" content=\"CFMoto Sirtaki\" \/>\n<meta property=\"article:modified_time\" content=\"2024-12-10T11:26:32+00:00\" \/>\n<meta property=\"og:image\" content=\"https:\/\/moto.sirtaki.ee\/wp-content\/uploads\/2024\/10\/CFMOTO-650GT.jpg\" \/>\n\t<meta property=\"og:image:width\" content=\"1875\" \/>\n\t<meta property=\"og:image:height\" content=\"1875\" \/>\n\t<meta property=\"og:image:type\" content=\"image\/jpeg\" \/>\n<meta name=\"twitter:card\" content=\"summary_large_image\" \/>\n<script type=\"application\/ld+json\" class=\"yoast-schema-graph\">{\"@context\":\"https:\/\/schema.org\",\"@graph\":[{\"@type\":\"WebPage\",\"@id\":\"https:\/\/moto.sirtaki.ee\/product\/mootorratas-650gt\/\",\"url\":\"https:\/\/moto.sirtaki.ee\/product\/mootorratas-650gt\/\",\"name\":\"Mootorratas 650GT | CFMoto Sirtaki\",\"isPartOf\":{\"@id\":\"https:\/\/moto.sirtaki.ee\/#website\"},\"primaryImageOfPage\":{\"@id\":\"https:\/\/moto.sirtaki.ee\/product\/mootorratas-650gt\/#primaryimage\"},\"image\":{\"@id\":\"https:\/\/moto.sirtaki.ee\/product\/mootorratas-650gt\/#primaryimage\"},\"thumbnailUrl\":\"https:\/\/moto.sirtaki.ee\/wp-content\/uploads\/2024\/10\/CFMOTO-650GT.jpg\",\"datePublished\":\"2024-11-01T06:32:33+00:00\",\"dateModified\":\"2024-12-10T11:26:32+00:00\",\"breadcrumb\":{\"@id\":\"https:\/\/moto.sirtaki.ee\/product\/mootorratas-650gt\/#breadcrumb\"},\"inLanguage\":\"ru-RU\",\"potentialAction\":[{\"@type\":\"ReadAction\",\"target\":[\"https:\/\/moto.sirtaki.ee\/product\/mootorratas-650gt\/\"]}]},{\"@type\":\"ImageObject\",\"inLanguage\":\"ru-RU\",\"@id\":\"https:\/\/moto.sirtaki.ee\/product\/mootorratas-650gt\/#primaryimage\",\"url\":\"https:\/\/moto.sirtaki.ee\/wp-content\/uploads\/2024\/10\/CFMOTO-650GT.jpg\",\"contentUrl\":\"https:\/\/moto.sirtaki.ee\/wp-content\/uploads\/2024\/10\/CFMOTO-650GT.jpg\",\"width\":1875,\"height\":1875},{\"@type\":\"BreadcrumbList\",\"@id\":\"https:\/\/moto.sirtaki.ee\/product\/mootorratas-650gt\/#breadcrumb\",\"itemListElement\":[{\"@type\":\"ListItem\",\"position\":1,\"name\":\"Home\",\"item\":\"https:\/\/moto.sirtaki.ee\/\"},{\"@type\":\"ListItem\",\"position\":2,\"name\":\"Shop\",\"item\":\"https:\/\/moto.sirtaki.ee\/shop\/\"},{\"@type\":\"ListItem\",\"position\":3,\"name\":\"Mootorratas 650GT\"}]},{\"@type\":\"WebSite\",\"@id\":\"https:\/\/moto.sirtaki.ee\/#website\",\"url\":\"https:\/\/moto.sirtaki.ee\/\",\"name\":\"CFMoto Sirtaki\",\"description\":\"\",\"potentialAction\":[{\"@type\":\"SearchAction\",\"target\":{\"@type\":\"EntryPoint\",\"urlTemplate\":\"https:\/\/moto.sirtaki.ee\/?s={search_term_string}\"},\"query-input\":{\"@type\":\"PropertyValueSpecification\",\"valueRequired\":true,\"valueName\":\"search_term_string\"}}],\"inLanguage\":\"ru-RU\"}]}<\/script>\n<!-- \/ Yoast SEO plugin. -->","yoast_head_json":{"title":"Mootorratas 650GT | CFMoto Sirtaki","robots":{"index":"index","follow":"follow","max-snippet":"max-snippet:-1","max-image-preview":"max-image-preview:large","max-video-preview":"max-video-preview:-1"},"canonical":"https:\/\/moto.sirtaki.ee\/ru\/product\/mootorratas-650gt\/","og_locale":"ru_RU","og_type":"article","og_title":"Mootorratas 650GT | CFMoto Sirtaki","og_description":"Mootor\u00a0: Rida 2, 8-klappi, vedelikjahutud, DOHC T\u00f6\u00f6maht\u00a0: 650 cc Toide\u00a0: Bosch EFI sissepritses\u00fcsteem V\u00f5imsus\u00a0: 45.0 kW \/ 8750 rpm V\u00e4\u00e4ne\u00a0: 56,0 N\u00b7m \/ 7000 rpm Istekohti\u00a0: 2 \u00dclekanne\u00a0: 6 k\u00e4iku, ketiga vedu Pidurid\u00a0: ABS Tuled\u00a0: LED (p\u00e4evatuled, tagatuled, l\u00e4hituled, kaugtuled, p\u00e4evas\u00f5idutulede automaatne l\u00fclitus Veljed\u00a0: kergmetall veljed Garantii\u00a0: Tehase garantii 3 aastat \u2013 l\u00e4bis\u00f5idupiiranguta","og_url":"https:\/\/moto.sirtaki.ee\/ru\/product\/mootorratas-650gt\/","og_site_name":"CFMoto Sirtaki","article_modified_time":"2024-12-10T11:26:32+00:00","og_image":[{"width":1875,"height":1875,"url":"https:\/\/moto.sirtaki.ee\/wp-content\/uploads\/2024\/10\/CFMOTO-650GT.jpg","type":"image\/jpeg"}],"twitter_card":"summary_large_image","schema":{"@context":"https:\/\/schema.org","@graph":[{"@type":"WebPage","@id":"https:\/\/moto.sirtaki.ee\/product\/mootorratas-650gt\/","url":"https:\/\/moto.sirtaki.ee\/product\/mootorratas-650gt\/","name":"Mootorratas 650GT | CFMoto Sirtaki","isPartOf":{"@id":"https:\/\/moto.sirtaki.ee\/#website"},"primaryImageOfPage":{"@id":"https:\/\/moto.sirtaki.ee\/product\/mootorratas-650gt\/#primaryimage"},"image":{"@id":"https:\/\/moto.sirtaki.ee\/product\/mootorratas-650gt\/#primaryimage"},"thumbnailUrl":"https:\/\/moto.sirtaki.ee\/wp-content\/uploads\/2024\/10\/CFMOTO-650GT.jpg","datePublished":"2024-11-01T06:32:33+00:00","dateModified":"2024-12-10T11:26:32+00:00","breadcrumb":{"@id":"https:\/\/moto.sirtaki.ee\/product\/mootorratas-650gt\/#breadcrumb"},"inLanguage":"ru-RU","potentialAction":[{"@type":"ReadAction","target":["https:\/\/moto.sirtaki.ee\/product\/mootorratas-650gt\/"]}]},{"@type":"ImageObject","inLanguage":"ru-RU","@id":"https:\/\/moto.sirtaki.ee\/product\/mootorratas-650gt\/#primaryimage","url":"https:\/\/moto.sirtaki.ee\/wp-content\/uploads\/2024\/10\/CFMOTO-650GT.jpg","contentUrl":"https:\/\/moto.sirtaki.ee\/wp-content\/uploads\/2024\/10\/CFMOTO-650GT.jpg","width":1875,"height":1875},{"@type":"BreadcrumbList","@id":"https:\/\/moto.sirtaki.ee\/product\/mootorratas-650gt\/#breadcrumb","itemListElement":[{"@type":"ListItem","position":1,"name":"Home","item":"https:\/\/moto.sirtaki.ee\/"},{"@type":"ListItem","position":2,"name":"Shop","item":"https:\/\/moto.sirtaki.ee\/shop\/"},{"@type":"ListItem","position":3,"name":"Mootorratas 650GT"}]},{"@type":"WebSite","@id":"https:\/\/moto.sirtaki.ee\/#website","url":"https:\/\/moto.sirtaki.ee\/","name":"CFMoto Sirtaki","description":"","potentialAction":[{"@type":"SearchAction","target":{"@type":"EntryPoint","urlTemplate":"https:\/\/moto.sirtaki.ee\/?s={search_term_string}"},"query-input":{"@type":"PropertyValueSpecification","valueRequired":true,"valueName":"search_term_string"}}],"inLanguage":"ru-RU"}]}},"_links":{"self":[{"href":"https:\/\/moto.sirtaki.ee\/ru\/wp-json\/wp\/v2\/product\/3570"}],"collection":[{"href":"https:\/\/moto.sirtaki.ee\/ru\/wp-json\/wp\/v2\/product"}],"about":[{"href":"https:\/\/moto.sirtaki.ee\/ru\/wp-json\/wp\/v2\/types\/product"}],"wp:featuredmedia":[{"embeddable":true,"href":"https:\/\/moto.sirtaki.ee\/ru\/wp-json\/wp\/v2\/media\/3765"}],"wp:attachment":[{"href":"https:\/\/moto.sirtaki.ee\/ru\/wp-json\/wp\/v2\/media?parent=3570"}],"wp:term":[{"taxonomy":"product_cat","embeddable":true,"href":"https:\/\/moto.sirtaki.ee\/ru\/wp-json\/wp\/v2\/product_cat?post=3570"},{"taxonomy":"product_tag","embeddable":true,"href":"https:\/\/moto.sirtaki.ee\/ru\/wp-json\/wp\/v2\/product_tag?post=3570"}],"curies":[{"name":"wp","href":"https:\/\/api.w.org\/{rel}","templated":true}]}}