{"id":3578,"date":"2024-11-01T09:36:35","date_gmt":"2024-11-01T06:36:35","guid":{"rendered":"https:\/\/moto.sirtaki.ee\/?post_type=product&#038;p=3578"},"modified":"2024-12-10T14:26:29","modified_gmt":"2024-12-10T11:26:29","slug":"mootorratas-700mt","status":"publish","type":"product","link":"https:\/\/moto.sirtaki.ee\/ru\/product\/mootorratas-700mt\/","title":{"rendered":"Mootorratas 700MT"},"content":{"rendered":"<h3 class=\"elementor-heading-title elementor-size-default\">Mootorratta CFMOTO 700MT tehnilised andmed<\/h3>\n<div class=\"premium-table-wrap premium-table-responsive\">\n<table class=\"premium-table\" data-settings=\"{&quot;sort&quot;:false,&quot;usNumbers&quot;:false,&quot;sortMob&quot;:false,&quot;search&quot;:false,&quot;records&quot;:false,&quot;dataType&quot;:&quot;csv&quot;,&quot;csvFile&quot;:&quot;https:\\\/\\\/docs.google.com\\\/spreadsheets\\\/d\\\/e\\\/2PACX-1vR6Q5HImD9BfkwYtMTS3ybBL2Xv3iXIujvbkvmn4IHgYrvISoxE3ZuFjTmq-O3XvO7ZoCRlrEiYoYtm\\\/pub?gid=381570292&amp;single=true&amp;output=csv&quot;,&quot;firstRow&quot;:&quot;head&quot;,&quot;separator&quot;:&quot;,&quot;,&quot;pagination&quot;:&quot;&quot;,&quot;rows&quot;:0,&quot;id&quot;:&quot;2fcffeb&quot;,&quot;reload&quot;:&quot;day&quot;}\">\n<thead class=\"premium-table-head\">\n<tr class=\"premium-table-row\">\n<th class=\"premium-table-cell\"><span class=\"premium-table-text\">Mootorratta mudel <\/span><\/th>\n<th class=\"premium-table-cell\"><span class=\"premium-table-text\">700MT<\/span><\/th>\n<th class=\"premium-table-cell\"><span class=\"premium-table-text\">700MT<\/span><\/th>\n<\/tr>\n<\/thead>\n<tbody>\n<tr class=\"premium-table-row\">\n<td class=\"premium-table-cell\"><span class=\"premium-table-text\">EU t\u00fc\u00fcbikinnitus <\/span><\/td>\n<td class=\"premium-table-cell\"><span class=\"premium-table-text\">L3e<\/span><\/td>\n<td class=\"premium-table-cell\"><span class=\"premium-table-text\">L3e<\/span><\/td>\n<\/tr>\n<tr class=\"premium-table-row\">\n<td class=\"premium-table-cell\"><span class=\"premium-table-text\">S\u00f5iduki t\u00fc\u00fcp<\/span><\/td>\n<td class=\"premium-table-cell\"><span class=\"premium-table-text\">A <\/span><\/td>\n<td class=\"premium-table-cell\"><span class=\"premium-table-text\">A2 <\/span><\/td>\n<\/tr>\n<tr class=\"premium-table-row\">\n<td class=\"premium-table-cell\"><span class=\"premium-table-text\">Tehaset\u00e4his <\/span><\/td>\n<td class=\"premium-table-cell\"><span class=\"premium-table-text\">CF700-9F<\/span><\/td>\n<td class=\"premium-table-cell\"><span class=\"premium-table-text\">CF700-9F<\/span><\/td>\n<\/tr>\n<tr class=\"premium-table-row\">\n<td class=\"premium-table-cell\"><span class=\"premium-table-text\">\u00dcldandmed <\/span><\/td>\n<td class=\"premium-table-cell\"><\/td>\n<td class=\"premium-table-cell\"><\/td>\n<\/tr>\n<tr class=\"premium-table-row\">\n<td class=\"premium-table-cell\"><span class=\"premium-table-text\">Pikkus x laius x k\u00f5rgus (mm) <\/span><\/td>\n<td class=\"premium-table-cell\"><span class=\"premium-table-text\">2184 x 880 x 1398-1438 mm <\/span><\/td>\n<td class=\"premium-table-cell\"><span class=\"premium-table-text\">2184 x 880 x 1398-1438 mm <\/span><\/td>\n<\/tr>\n<tr class=\"premium-table-row\">\n<td class=\"premium-table-cell\"><span class=\"premium-table-text\">Teljevahe (mm) <\/span><\/td>\n<td class=\"premium-table-cell\"><span class=\"premium-table-text\">1418 mm <\/span><\/td>\n<td class=\"premium-table-cell\"><span class=\"premium-table-text\">1418 mm <\/span><\/td>\n<\/tr>\n<tr class=\"premium-table-row\">\n<td class=\"premium-table-cell\"><span class=\"premium-table-text\">Istme k\u00f5rgus (mm) <\/span><\/td>\n<td class=\"premium-table-cell\"><span class=\"premium-table-text\">820-840 mm <\/span><\/td>\n<td class=\"premium-table-cell\"><span class=\"premium-table-text\">820-840 mm <\/span><\/td>\n<\/tr>\n<tr class=\"premium-table-row\">\n<td class=\"premium-table-cell\"><span class=\"premium-table-text\">Kliirens (mm) <\/span><\/td>\n<td class=\"premium-table-cell\"><span class=\"premium-table-text\">170 mm <\/span><\/td>\n<td class=\"premium-table-cell\"><span class=\"premium-table-text\">170 mm <\/span><\/td>\n<\/tr>\n<tr class=\"premium-table-row\">\n<td class=\"premium-table-cell\"><span class=\"premium-table-text\">T\u00fchimass (kg) * <\/span><\/td>\n<td class=\"premium-table-cell\"><span class=\"premium-table-text\">220 kg * <\/span><\/td>\n<td class=\"premium-table-cell\"><span class=\"premium-table-text\">220 kg * <\/span><\/td>\n<\/tr>\n<tr class=\"premium-table-row\">\n<td class=\"premium-table-cell\"><span class=\"premium-table-text\">K\u00fctusepaagi maht (L) <\/span><\/td>\n<td class=\"premium-table-cell\"><span class=\"premium-table-text\">18 L <\/span><\/td>\n<td class=\"premium-table-cell\"><span class=\"premium-table-text\">18 L <\/span><\/td>\n<\/tr>\n<tr class=\"premium-table-row\">\n<td class=\"premium-table-cell\"><span class=\"premium-table-text\">Maksimaalne lubatud kiirus (km\/h) <\/span><\/td>\n<td class=\"premium-table-cell\"><span class=\"premium-table-text\">185 km \/ h<\/span><\/td>\n<td class=\"premium-table-cell\"><span class=\"premium-table-text\">135 km \/ h<\/span><\/td>\n<\/tr>\n<tr class=\"premium-table-row\">\n<td class=\"premium-table-cell\"><span class=\"premium-table-text\">Mootor <\/span><\/td>\n<td class=\"premium-table-cell\"><\/td>\n<td class=\"premium-table-cell\"><\/td>\n<\/tr>\n<tr class=\"premium-table-row\">\n<td class=\"premium-table-cell\"><span class=\"premium-table-text\">Mootori t\u00fc\u00fcp <\/span><\/td>\n<td class=\"premium-table-cell\"><span class=\"premium-table-text\">Kahe silindriline \/ vedelikjahtusega \/ nelja taktiline <\/span><\/td>\n<td class=\"premium-table-cell\"><span class=\"premium-table-text\">Kahe silindriline \/ vedelikjahtusega \/ nelja taktiline <\/span><\/td>\n<\/tr>\n<tr class=\"premium-table-row\">\n<td class=\"premium-table-cell\"><span class=\"premium-table-text\">Mootori t\u00f6\u00f6maht (cc) <\/span><\/td>\n<td class=\"premium-table-cell\"><span class=\"premium-table-text\">693 cc <\/span><\/td>\n<td class=\"premium-table-cell\"><span class=\"premium-table-text\">693 cc <\/span><\/td>\n<\/tr>\n<tr class=\"premium-table-row\">\n<td class=\"premium-table-cell\"><span class=\"premium-table-text\">Kolvik\u00e4ik (mm) <\/span><\/td>\n<td class=\"premium-table-cell\"><span class=\"premium-table-text\">83 \u00d7 64 mm <\/span><\/td>\n<td class=\"premium-table-cell\"><span class=\"premium-table-text\">83 \u00d7 64 mm <\/span><\/td>\n<\/tr>\n<tr class=\"premium-table-row\">\n<td class=\"premium-table-cell\"><span class=\"premium-table-text\">V\u00f5imsus (kW\/rpm) <\/span><\/td>\n<td class=\"premium-table-cell\"><span class=\"premium-table-text\">49 kW \/ 9000 rpm <\/span><\/td>\n<td class=\"premium-table-cell\"><span class=\"premium-table-text\">34 kW \/ 6000 rpm <\/span><\/td>\n<\/tr>\n<tr class=\"premium-table-row\">\n<td class=\"premium-table-cell\"><span class=\"premium-table-text\">Maksimaalne p\u00f6\u00f6rdemoment (N\u00b7m\/rpm) <\/span><\/td>\n<td class=\"premium-table-cell\"><span class=\"premium-table-text\">60 N\u00b7m \/ 7250 rpm <\/span><\/td>\n<td class=\"premium-table-cell\"><span class=\"premium-table-text\">44 Nm \/ 6250 rpm<\/span><\/td>\n<\/tr>\n<tr class=\"premium-table-row\">\n<td class=\"premium-table-cell\"><span class=\"premium-table-text\">Toites\u00fcsteem <\/span><\/td>\n<td class=\"premium-table-cell\"><span class=\"premium-table-text\">EFI Bosch <\/span><\/td>\n<td class=\"premium-table-cell\"><span class=\"premium-table-text\">EFI Bosch <\/span><\/td>\n<\/tr>\n<tr class=\"premium-table-row\">\n<td class=\"premium-table-cell\"><span class=\"premium-table-text\">S\u00fc\u00fctes\u00fcsteem <\/span><\/td>\n<td class=\"premium-table-cell\"><span class=\"premium-table-text\">ECU Bosch <\/span><\/td>\n<td class=\"premium-table-cell\"><span class=\"premium-table-text\">ECU Bosch <\/span><\/td>\n<\/tr>\n<tr class=\"premium-table-row\">\n<td class=\"premium-table-cell\"><span class=\"premium-table-text\">\u00dclekanne <\/span><\/td>\n<td class=\"premium-table-cell\"><span class=\"premium-table-text\">6 k\u00e4iku <\/span><\/td>\n<td class=\"premium-table-cell\"><span class=\"premium-table-text\">6 k\u00e4iku <\/span><\/td>\n<\/tr>\n<tr class=\"premium-table-row\">\n<td class=\"premium-table-cell\"><span class=\"premium-table-text\">Veermik <\/span><\/td>\n<td class=\"premium-table-cell\"><\/td>\n<td class=\"premium-table-cell\"><\/td>\n<\/tr>\n<tr class=\"premium-table-row\">\n<td class=\"premium-table-cell\"><span class=\"premium-table-text\">ABS <\/span><\/td>\n<td class=\"premium-table-cell\"><span class=\"premium-table-text\">Jah <\/span><\/td>\n<td class=\"premium-table-cell\"><span class=\"premium-table-text\">Jah <\/span><\/td>\n<\/tr>\n<tr class=\"premium-table-row\">\n<td class=\"premium-table-cell\"><span class=\"premium-table-text\">Pidurid ees <\/span><\/td>\n<td class=\"premium-table-cell\"><span class=\"premium-table-text\">H\u00fcdraulilised ketaspidurid J.Juan 2&#215;300 mm <\/span><\/td>\n<td class=\"premium-table-cell\"><span class=\"premium-table-text\">H\u00fcdraulilised ketaspidurid J.Juan 2&#215;300 mm <\/span><\/td>\n<\/tr>\n<tr class=\"premium-table-row\">\n<td class=\"premium-table-cell\"><span class=\"premium-table-text\">Pidurid taga <\/span><\/td>\n<td class=\"premium-table-cell\"><span class=\"premium-table-text\">H\u00fcdraulilised ketaspidurid J.Juan 240 mm <\/span><\/td>\n<td class=\"premium-table-cell\"><span class=\"premium-table-text\">H\u00fcdraulilised ketaspidurid J.Juan 240 mm <\/span><\/td>\n<\/tr>\n<tr class=\"premium-table-row\">\n<td class=\"premium-table-cell\"><span class=\"premium-table-text\">Amortisaatorid ees <\/span><\/td>\n<td class=\"premium-table-cell\"><span class=\"premium-table-text\">Upside-down <\/span><\/td>\n<td class=\"premium-table-cell\"><span class=\"premium-table-text\">Upside-down <\/span><\/td>\n<\/tr>\n<tr class=\"premium-table-row\">\n<td class=\"premium-table-cell\"><span class=\"premium-table-text\">Amortisaatorid taga <\/span><\/td>\n<td class=\"premium-table-cell\"><span class=\"premium-table-text\">Mono<\/span><\/td>\n<td class=\"premium-table-cell\"><span class=\"premium-table-text\">Mono<\/span><\/td>\n<\/tr>\n<tr class=\"premium-table-row\">\n<td class=\"premium-table-cell\"><span class=\"premium-table-text\"> Veljed <\/span><\/td>\n<td class=\"premium-table-cell\"><\/td>\n<td class=\"premium-table-cell\"><\/td>\n<\/tr>\n<tr class=\"premium-table-row\">\n<td class=\"premium-table-cell\"><span class=\"premium-table-text\">Ees: <\/span><\/td>\n<td class=\"premium-table-cell\"><span class=\"premium-table-text\">3.5 x 17 MT <\/span><\/td>\n<td class=\"premium-table-cell\"><span class=\"premium-table-text\">3.5 x 17 MT <\/span><\/td>\n<\/tr>\n<tr class=\"premium-table-row\">\n<td class=\"premium-table-cell\"><span class=\"premium-table-text\">Taga: <\/span><\/td>\n<td class=\"premium-table-cell\"><span class=\"premium-table-text\">4.5 x 17 MT <\/span><\/td>\n<td class=\"premium-table-cell\"><span class=\"premium-table-text\">4.5 x 17 MT <\/span><\/td>\n<\/tr>\n<tr class=\"premium-table-row\">\n<td class=\"premium-table-cell\"><span class=\"premium-table-text\">Rehvim\u00f5\u00f5dud <\/span><\/td>\n<td class=\"premium-table-cell\"><\/td>\n<td class=\"premium-table-cell\"><\/td>\n<\/tr>\n<tr class=\"premium-table-row\">\n<td class=\"premium-table-cell\"><span class=\"premium-table-text\">Ees: <\/span><\/td>\n<td class=\"premium-table-cell\"><span class=\"premium-table-text\">120 x 70 R17 <\/span><\/td>\n<td class=\"premium-table-cell\"><span class=\"premium-table-text\">120 x 70 R17 <\/span><\/td>\n<\/tr>\n<tr class=\"premium-table-row\">\n<td class=\"premium-table-cell\"><span class=\"premium-table-text\">Taga: <\/span><\/td>\n<td class=\"premium-table-cell\"><span class=\"premium-table-text\">160 x 60 R17 <\/span><\/td>\n<td class=\"premium-table-cell\"><span class=\"premium-table-text\">160 x 60 R17 <\/span><\/td>\n<\/tr>\n<tr class=\"premium-table-row\">\n<td class=\"premium-table-cell\"><span class=\"premium-table-text\">Varustus <\/span><\/td>\n<td class=\"premium-table-cell\"><\/td>\n<td class=\"premium-table-cell\"><\/td>\n<\/tr>\n<tr class=\"premium-table-row\">\n<td class=\"premium-table-cell\"><span class=\"premium-table-text\">P\u00fcsikiirusehoidja <\/span><\/td>\n<td class=\"premium-table-cell\"><span class=\"premium-table-text\">Jah <\/span><\/td>\n<td class=\"premium-table-cell\"><span class=\"premium-table-text\">Jah <\/span><\/td>\n<\/tr>\n<tr class=\"premium-table-row\">\n<td class=\"premium-table-cell\"><span class=\"premium-table-text\">Suunatulede automaatne v\u00e4ljal\u00fclitus funktsioon <\/span><\/td>\n<td class=\"premium-table-cell\"><span class=\"premium-table-text\">Jah <\/span><\/td>\n<td class=\"premium-table-cell\"><span class=\"premium-table-text\">Jah <\/span><\/td>\n<\/tr>\n<tr class=\"premium-table-row\">\n<td class=\"premium-table-cell\"><span class=\"premium-table-text\">USB laadija <\/span><\/td>\n<td class=\"premium-table-cell\"><span class=\"premium-table-text\">Jah <\/span><\/td>\n<td class=\"premium-table-cell\"><span class=\"premium-table-text\">Jah <\/span><\/td>\n<\/tr>\n<tr class=\"premium-table-row\">\n<td class=\"premium-table-cell\"><span class=\"premium-table-text\">Tuled <\/span><\/td>\n<td class=\"premium-table-cell\"><span class=\"premium-table-text\">T\u00e4is-LED-tuled <\/span><\/td>\n<td class=\"premium-table-cell\"><span class=\"premium-table-text\">T\u00e4is-LED-tuled <\/span><\/td>\n<\/tr>\n<tr class=\"premium-table-row\">\n<td class=\"premium-table-cell\"><span class=\"premium-table-text\">Displei <\/span><\/td>\n<td class=\"premium-table-cell\"><span class=\"premium-table-text\">5 tolline TFT <\/span><\/td>\n<td class=\"premium-table-cell\"><span class=\"premium-table-text\">5 tolline TFT <\/span><\/td>\n<\/tr>\n<tr class=\"premium-table-row\">\n<td class=\"premium-table-cell\"><span class=\"premium-table-text\">* T\u00fchikaalu hulka loetakse: \u25cf aku \u25cf s\u00f5iduki vajalikud vedelikud <\/span><\/td>\n<td class=\"premium-table-cell\"><\/td>\n<td class=\"premium-table-cell\"><\/td>\n<\/tr>\n<\/tbody>\n<\/table>\n<\/div>\n<p>700MT mootorratas on uus lisandumine CFMOTO mudelivalikusse. Tegemist on 650MT p\u00f5hjal v\u00e4lja arendatud uue disaini ning pisut v\u00f5imekama mootoriga mootorrattaga. MT sarjale omaselt on ka see ratas loodud pikemate vahemaade l\u00e4bimiseks, pakkudes mugavat ning ergonoomilist istumisasendit.<\/p>\n<p>700MT mootorratast viib edasi 693 cc, kahesilindriline, vedelikjahutusega bensiinimootor, mille maksimaalseks v\u00f5imsuseks on koguni 49 kW. Mootorratta maksimaalne v\u00e4\u00e4ndemoment on 60Nm 7250 rpm, mis t\u00e4hendab, et rattal on v\u00e4ga hea minek ka madalamatel p\u00f6\u00f6retel. Pikkasid s\u00f5ite v\u00f5imaldab ka 18 liitrine k\u00fctusepaak, mis ei n\u00f5ua liialt tihedat peatumist.<\/p>\n<p>V\u00f5rreldes 650MT mudeliga, on 700MT l\u00e4binud t\u00e4ieliku visuaalse uuenduskuuri. Kere detailid on loodud mitte ainult ilu jaoks vaid nende aerod\u00fcnaamilised omadused aitavad kaasa ka mootorratta stabiilsusele kurvides ning v\u00e4hendavad tuulekeeriste tekkimist s\u00f5iduki tagaosas. Samuti on 700MT mudelil t\u00e4iesti uue v\u00e4limusega t\u00e4is LED tulede lahendus, mis pakub nii silmailu vaatajale kui ka praktilisust tee valgustamise n\u00e4ol.<\/p>\n<p>N\u00fc\u00fcd v\u00f5ib selle mootorratta juhtraua juurest leida 5-tollise TFT ekraani. Tegemist on sama ekraaniga, mida kasutavad ka m\u00f5ningad teised CFMOTO mootorratta mudelid nagu n\u00e4iteks 450SR. See ekraan on loodud kasutaja mugavust silmas pidades. Ekraanilt saab kergelt ja kiirelt \u00fclevaate t\u00e4htsast informatsioonist ning seda on v\u00f5imalik \u00fchendada ka CFMOTO RIDE mobiilirakendusega. Rakendusest on v\u00f5imalik n\u00e4ha s\u00f5iduki statistikat v\u00f5i koguni s\u00f5iduki asukohta positsioneerida.<\/p>\n<p>V\u00f5imsam mootor t\u00e4hendab tihtipeale, et ka kiirused on suuremad! Seet\u00f5ttu on v\u00e4ga t\u00e4htis, et vastavalt k\u00e4iks sellega kaasas ka peatumise v\u00f5imekus. 700MT mudeli uuenduskuuri kuuluvad uuendatud h\u00fcdraulilised ketaspidurid, mis on varustatud ka ABS s\u00fcsteemiga ja need pakuvad suurep\u00e4rast pidurdusv\u00f5imekust ka libedates oludes.<\/p>\n<p>Kuna tegemist on siiski pikemateks s\u00f5itudeks loodud masinaga, ei tasu mainimata j\u00e4tta ka selle mugavus- ja turvaelemente. N\u00fc\u00fcd v\u00f5ib mootorratta baasvarustusest leida USB-C ning USB-A t\u00fc\u00fcpi laadimispesad t\u00e4nu millele on k\u00f5ikide oma nutiseadmete akud v\u00f5imalik pikkadel s\u00f5itudel t\u00e4is hoida. Baasvarustuse hulka kuuluvad ka k\u00e4tekaitsmed ning tuuleklaas, mis kaitsevad juhti mitte ainult tuule vaid ka lendleva tolmu, kivide ja muu eest.<\/p>\n<p>700MT mootorrattaga v\u00f5ib kindel olla, et sihtkohta j\u00f5udmine on tagatud mugavalt ja kiirelt.<\/p>","protected":false},"excerpt":{"rendered":"<p><strong>Mootor<\/strong>: 693 cm3, kahesilindriline, DOHC, vedelikjahutusega bensiinimootor (EURO5)<br \/>\n<b>Tippkiirus:\u00a0<\/b>185 km\/h<br \/>\n<strong>K\u00e4igukast<\/strong>: Manuaal, 6 k\u00e4iku<br \/>\n<strong>Vedrustus<\/strong>: Upside-down t\u00fc\u00fcpi<br \/>\n<strong>Pidurid<\/strong>: H\u00fcdraulilised ketaspidurid, J.Juan<br \/>\n<strong>ABS<\/strong>: ABS pidurid standardvarustuses<br \/>\n<strong>Toites\u00fcsteem<\/strong>: ECU Bosch<br \/>\n<strong>Tuled<\/strong>: LED valgustus (esituled, udutuled, suunatuled ja tagatuli)<br \/>\n<strong>Rehvid<\/strong>: Ees 120\/70 R17 ja taga 160\/60 R17<br \/>\n<strong>S\u00f5idumeerikud<\/strong>: Pardaarvuti, 5\u2033 TFT ekraan<br \/>\n<strong>K\u00fctusepaak<\/strong>: 18L<br \/>\n<strong>K\u00fctus<\/strong>: Bensiin<br \/>\n<strong>V\u00e4rvid<\/strong>\u00a0: Valge ja must<\/p>","protected":false},"featured_media":3769,"template":"","meta":[],"product_cat":[51],"product_tag":[],"class_list":{"0":"post-3578","1":"product","2":"type-product","3":"status-publish","4":"has-post-thumbnail","6":"product_cat-mootorrattad","8":"first","9":"instock","10":"taxable","11":"shipping-taxable","12":"purchasable","13":"product-type-variable","14":"has-default-attributes"},"yoast_head":"<!-- This site is optimized with the Yoast SEO plugin v23.9 - https:\/\/yoast.com\/wordpress\/plugins\/seo\/ -->\n<title>Mootorratas 700MT | CFMoto Sirtaki<\/title>\n<meta name=\"robots\" content=\"index, follow, max-snippet:-1, max-image-preview:large, max-video-preview:-1\" \/>\n<link rel=\"canonical\" href=\"https:\/\/moto.sirtaki.ee\/ru\/product\/mootorratas-700mt\/\" \/>\n<meta property=\"og:locale\" content=\"ru_RU\" \/>\n<meta property=\"og:type\" content=\"article\" \/>\n<meta property=\"og:title\" content=\"Mootorratas 700MT | CFMoto Sirtaki\" \/>\n<meta property=\"og:description\" content=\"Mootor: 693 cm3, kahesilindriline, DOHC, vedelikjahutusega bensiinimootor (EURO5) Tippkiirus:\u00a0185 km\/h K\u00e4igukast: Manuaal, 6 k\u00e4iku Vedrustus: Upside-down t\u00fc\u00fcpi Pidurid: H\u00fcdraulilised ketaspidurid, J.Juan ABS: ABS pidurid standardvarustuses Toites\u00fcsteem: ECU Bosch Tuled: LED valgustus (esituled, udutuled, suunatuled ja tagatuli) Rehvid: Ees 120\/70 R17 ja taga 160\/60 R17 S\u00f5idumeerikud: Pardaarvuti, 5\u2033 TFT ekraan K\u00fctusepaak: 18L K\u00fctus: Bensiin V\u00e4rvid\u00a0: Valge ja must\" \/>\n<meta property=\"og:url\" content=\"https:\/\/moto.sirtaki.ee\/ru\/product\/mootorratas-700mt\/\" \/>\n<meta property=\"og:site_name\" content=\"CFMoto Sirtaki\" \/>\n<meta property=\"article:modified_time\" content=\"2024-12-10T11:26:29+00:00\" \/>\n<meta property=\"og:image\" content=\"https:\/\/moto.sirtaki.ee\/wp-content\/uploads\/2024\/10\/CFMOTO-700MT.jpg\" \/>\n\t<meta property=\"og:image:width\" content=\"1875\" \/>\n\t<meta property=\"og:image:height\" content=\"1875\" \/>\n\t<meta property=\"og:image:type\" content=\"image\/jpeg\" \/>\n<meta name=\"twitter:card\" content=\"summary_large_image\" \/>\n<script type=\"application\/ld+json\" class=\"yoast-schema-graph\">{\"@context\":\"https:\/\/schema.org\",\"@graph\":[{\"@type\":\"WebPage\",\"@id\":\"https:\/\/moto.sirtaki.ee\/product\/mootorratas-700mt\/\",\"url\":\"https:\/\/moto.sirtaki.ee\/product\/mootorratas-700mt\/\",\"name\":\"Mootorratas 700MT | CFMoto Sirtaki\",\"isPartOf\":{\"@id\":\"https:\/\/moto.sirtaki.ee\/#website\"},\"primaryImageOfPage\":{\"@id\":\"https:\/\/moto.sirtaki.ee\/product\/mootorratas-700mt\/#primaryimage\"},\"image\":{\"@id\":\"https:\/\/moto.sirtaki.ee\/product\/mootorratas-700mt\/#primaryimage\"},\"thumbnailUrl\":\"https:\/\/moto.sirtaki.ee\/wp-content\/uploads\/2024\/10\/CFMOTO-700MT.jpg\",\"datePublished\":\"2024-11-01T06:36:35+00:00\",\"dateModified\":\"2024-12-10T11:26:29+00:00\",\"breadcrumb\":{\"@id\":\"https:\/\/moto.sirtaki.ee\/product\/mootorratas-700mt\/#breadcrumb\"},\"inLanguage\":\"ru-RU\",\"potentialAction\":[{\"@type\":\"ReadAction\",\"target\":[\"https:\/\/moto.sirtaki.ee\/product\/mootorratas-700mt\/\"]}]},{\"@type\":\"ImageObject\",\"inLanguage\":\"ru-RU\",\"@id\":\"https:\/\/moto.sirtaki.ee\/product\/mootorratas-700mt\/#primaryimage\",\"url\":\"https:\/\/moto.sirtaki.ee\/wp-content\/uploads\/2024\/10\/CFMOTO-700MT.jpg\",\"contentUrl\":\"https:\/\/moto.sirtaki.ee\/wp-content\/uploads\/2024\/10\/CFMOTO-700MT.jpg\",\"width\":1875,\"height\":1875},{\"@type\":\"BreadcrumbList\",\"@id\":\"https:\/\/moto.sirtaki.ee\/product\/mootorratas-700mt\/#breadcrumb\",\"itemListElement\":[{\"@type\":\"ListItem\",\"position\":1,\"name\":\"Home\",\"item\":\"https:\/\/moto.sirtaki.ee\/\"},{\"@type\":\"ListItem\",\"position\":2,\"name\":\"Shop\",\"item\":\"https:\/\/moto.sirtaki.ee\/shop\/\"},{\"@type\":\"ListItem\",\"position\":3,\"name\":\"Mootorratas 700MT\"}]},{\"@type\":\"WebSite\",\"@id\":\"https:\/\/moto.sirtaki.ee\/#website\",\"url\":\"https:\/\/moto.sirtaki.ee\/\",\"name\":\"CFMoto Sirtaki\",\"description\":\"\",\"potentialAction\":[{\"@type\":\"SearchAction\",\"target\":{\"@type\":\"EntryPoint\",\"urlTemplate\":\"https:\/\/moto.sirtaki.ee\/?s={search_term_string}\"},\"query-input\":{\"@type\":\"PropertyValueSpecification\",\"valueRequired\":true,\"valueName\":\"search_term_string\"}}],\"inLanguage\":\"ru-RU\"}]}<\/script>\n<!-- \/ Yoast SEO plugin. -->","yoast_head_json":{"title":"Mootorratas 700MT | CFMoto Sirtaki","robots":{"index":"index","follow":"follow","max-snippet":"max-snippet:-1","max-image-preview":"max-image-preview:large","max-video-preview":"max-video-preview:-1"},"canonical":"https:\/\/moto.sirtaki.ee\/ru\/product\/mootorratas-700mt\/","og_locale":"ru_RU","og_type":"article","og_title":"Mootorratas 700MT | CFMoto Sirtaki","og_description":"Mootor: 693 cm3, kahesilindriline, DOHC, vedelikjahutusega bensiinimootor (EURO5) Tippkiirus:\u00a0185 km\/h K\u00e4igukast: Manuaal, 6 k\u00e4iku Vedrustus: Upside-down t\u00fc\u00fcpi Pidurid: H\u00fcdraulilised ketaspidurid, J.Juan ABS: ABS pidurid standardvarustuses Toites\u00fcsteem: ECU Bosch Tuled: LED valgustus (esituled, udutuled, suunatuled ja tagatuli) Rehvid: Ees 120\/70 R17 ja taga 160\/60 R17 S\u00f5idumeerikud: Pardaarvuti, 5\u2033 TFT ekraan K\u00fctusepaak: 18L K\u00fctus: Bensiin V\u00e4rvid\u00a0: Valge ja must","og_url":"https:\/\/moto.sirtaki.ee\/ru\/product\/mootorratas-700mt\/","og_site_name":"CFMoto Sirtaki","article_modified_time":"2024-12-10T11:26:29+00:00","og_image":[{"width":1875,"height":1875,"url":"https:\/\/moto.sirtaki.ee\/wp-content\/uploads\/2024\/10\/CFMOTO-700MT.jpg","type":"image\/jpeg"}],"twitter_card":"summary_large_image","schema":{"@context":"https:\/\/schema.org","@graph":[{"@type":"WebPage","@id":"https:\/\/moto.sirtaki.ee\/product\/mootorratas-700mt\/","url":"https:\/\/moto.sirtaki.ee\/product\/mootorratas-700mt\/","name":"Mootorratas 700MT | CFMoto Sirtaki","isPartOf":{"@id":"https:\/\/moto.sirtaki.ee\/#website"},"primaryImageOfPage":{"@id":"https:\/\/moto.sirtaki.ee\/product\/mootorratas-700mt\/#primaryimage"},"image":{"@id":"https:\/\/moto.sirtaki.ee\/product\/mootorratas-700mt\/#primaryimage"},"thumbnailUrl":"https:\/\/moto.sirtaki.ee\/wp-content\/uploads\/2024\/10\/CFMOTO-700MT.jpg","datePublished":"2024-11-01T06:36:35+00:00","dateModified":"2024-12-10T11:26:29+00:00","breadcrumb":{"@id":"https:\/\/moto.sirtaki.ee\/product\/mootorratas-700mt\/#breadcrumb"},"inLanguage":"ru-RU","potentialAction":[{"@type":"ReadAction","target":["https:\/\/moto.sirtaki.ee\/product\/mootorratas-700mt\/"]}]},{"@type":"ImageObject","inLanguage":"ru-RU","@id":"https:\/\/moto.sirtaki.ee\/product\/mootorratas-700mt\/#primaryimage","url":"https:\/\/moto.sirtaki.ee\/wp-content\/uploads\/2024\/10\/CFMOTO-700MT.jpg","contentUrl":"https:\/\/moto.sirtaki.ee\/wp-content\/uploads\/2024\/10\/CFMOTO-700MT.jpg","width":1875,"height":1875},{"@type":"BreadcrumbList","@id":"https:\/\/moto.sirtaki.ee\/product\/mootorratas-700mt\/#breadcrumb","itemListElement":[{"@type":"ListItem","position":1,"name":"Home","item":"https:\/\/moto.sirtaki.ee\/"},{"@type":"ListItem","position":2,"name":"Shop","item":"https:\/\/moto.sirtaki.ee\/shop\/"},{"@type":"ListItem","position":3,"name":"Mootorratas 700MT"}]},{"@type":"WebSite","@id":"https:\/\/moto.sirtaki.ee\/#website","url":"https:\/\/moto.sirtaki.ee\/","name":"CFMoto Sirtaki","description":"","potentialAction":[{"@type":"SearchAction","target":{"@type":"EntryPoint","urlTemplate":"https:\/\/moto.sirtaki.ee\/?s={search_term_string}"},"query-input":{"@type":"PropertyValueSpecification","valueRequired":true,"valueName":"search_term_string"}}],"inLanguage":"ru-RU"}]}},"_links":{"self":[{"href":"https:\/\/moto.sirtaki.ee\/ru\/wp-json\/wp\/v2\/product\/3578"}],"collection":[{"href":"https:\/\/moto.sirtaki.ee\/ru\/wp-json\/wp\/v2\/product"}],"about":[{"href":"https:\/\/moto.sirtaki.ee\/ru\/wp-json\/wp\/v2\/types\/product"}],"wp:featuredmedia":[{"embeddable":true,"href":"https:\/\/moto.sirtaki.ee\/ru\/wp-json\/wp\/v2\/media\/3769"}],"wp:attachment":[{"href":"https:\/\/moto.sirtaki.ee\/ru\/wp-json\/wp\/v2\/media?parent=3578"}],"wp:term":[{"taxonomy":"product_cat","embeddable":true,"href":"https:\/\/moto.sirtaki.ee\/ru\/wp-json\/wp\/v2\/product_cat?post=3578"},{"taxonomy":"product_tag","embeddable":true,"href":"https:\/\/moto.sirtaki.ee\/ru\/wp-json\/wp\/v2\/product_tag?post=3578"}],"curies":[{"name":"wp","href":"https:\/\/api.w.org\/{rel}","templated":true}]}}