{"id":3585,"date":"2024-11-01T09:40:29","date_gmt":"2024-11-01T06:40:29","guid":{"rendered":"https:\/\/moto.sirtaki.ee\/?post_type=product&#038;p=3585"},"modified":"2024-12-10T14:26:27","modified_gmt":"2024-12-10T11:26:27","slug":"mootorratas-700cl-x-heritage","status":"publish","type":"product","link":"https:\/\/moto.sirtaki.ee\/ru\/product\/mootorratas-700cl-x-heritage\/","title":{"rendered":"Mootorratas 700CL-X Heritage"},"content":{"rendered":"<h3 class=\"elementor-heading-title elementor-size-default\">Mootorratta CFMOTO 700CL-X Heritage tehnilised andmed<\/h3>\n<div class=\"premium-table-wrap premium-table-responsive\">\n<table class=\"premium-table\" data-settings=\"{&quot;sort&quot;:false,&quot;usNumbers&quot;:false,&quot;sortMob&quot;:false,&quot;search&quot;:false,&quot;records&quot;:false,&quot;dataType&quot;:&quot;csv&quot;,&quot;csvFile&quot;:&quot;https:\\\/\\\/docs.google.com\\\/spreadsheets\\\/d\\\/e\\\/2PACX-1vSEljNrLaOFl73bjzY0G1Q58Bb4IokbG7T5zsOIawYA3FK86K6vlmdcqV2uFRUXdfWguAKX-OmEg6uc\\\/pub?gid=0&amp;single=true&amp;output=csv&quot;,&quot;firstRow&quot;:&quot;head&quot;,&quot;separator&quot;:&quot;,&quot;,&quot;pagination&quot;:&quot;&quot;,&quot;rows&quot;:0,&quot;id&quot;:&quot;2d4fb65&quot;,&quot;reload&quot;:&quot;day&quot;}\">\n<thead class=\"premium-table-head\">\n<tr class=\"premium-table-row\">\n<th class=\"premium-table-cell\"><span class=\"premium-table-text\">Mootorratta mudel <\/span><\/th>\n<th class=\"premium-table-cell\"><span class=\"premium-table-text\">700CL-X Heritage <\/span><\/th>\n<\/tr>\n<\/thead>\n<tbody>\n<tr class=\"premium-table-row\">\n<td class=\"premium-table-cell\"><span class=\"premium-table-text\">EU t\u00fc\u00fcbikinnitus <\/span><\/td>\n<td class=\"premium-table-cell\"><span class=\"premium-table-text\">L3e<\/span><\/td>\n<\/tr>\n<tr class=\"premium-table-row\">\n<td class=\"premium-table-cell\"><span class=\"premium-table-text\">S\u00f5iduki t\u00fc\u00fcp<\/span><\/td>\n<td class=\"premium-table-cell\"><span class=\"premium-table-text\">A<\/span><\/td>\n<\/tr>\n<tr class=\"premium-table-row\">\n<td class=\"premium-table-cell\"><span class=\"premium-table-text\">Tehaset\u00e4his <\/span><\/td>\n<td class=\"premium-table-cell\"><span class=\"premium-table-text\">CF700-2 <\/span><\/td>\n<\/tr>\n<tr class=\"premium-table-row\">\n<td class=\"premium-table-cell\"><span class=\"premium-table-text\">\u00dcldandmed <\/span><\/td>\n<td class=\"premium-table-cell\"><\/td>\n<\/tr>\n<tr class=\"premium-table-row\">\n<td class=\"premium-table-cell\"><span class=\"premium-table-text\">Pikkus x laius x k\u00f5rgus (mm) <\/span><\/td>\n<td class=\"premium-table-cell\"><span class=\"premium-table-text\">2100x873x1218 mm <\/span><\/td>\n<\/tr>\n<tr class=\"premium-table-row\">\n<td class=\"premium-table-cell\"><span class=\"premium-table-text\">Teljevahe (mm) <\/span><\/td>\n<td class=\"premium-table-cell\"><span class=\"premium-table-text\">1435 mm <\/span><\/td>\n<\/tr>\n<tr class=\"premium-table-row\">\n<td class=\"premium-table-cell\"><span class=\"premium-table-text\">Istme k\u00f5rgus (mm) <\/span><\/td>\n<td class=\"premium-table-cell\"><span class=\"premium-table-text\">800 mm <\/span><\/td>\n<\/tr>\n<tr class=\"premium-table-row\">\n<td class=\"premium-table-cell\"><span class=\"premium-table-text\">Kliirens (mm) <\/span><\/td>\n<td class=\"premium-table-cell\"><span class=\"premium-table-text\">160 mm <\/span><\/td>\n<\/tr>\n<tr class=\"premium-table-row\">\n<td class=\"premium-table-cell\"><span class=\"premium-table-text\">T\u00fchimass (kg) * <\/span><\/td>\n<td class=\"premium-table-cell\"><span class=\"premium-table-text\">198 kg * <\/span><\/td>\n<\/tr>\n<tr class=\"premium-table-row\">\n<td class=\"premium-table-cell\"><span class=\"premium-table-text\">K\u00fctusepaagi maht (L) <\/span><\/td>\n<td class=\"premium-table-cell\"><span class=\"premium-table-text\">13 L <\/span><\/td>\n<\/tr>\n<tr class=\"premium-table-row\">\n<td class=\"premium-table-cell\"><span class=\"premium-table-text\">Maksimaalne lubatud kiirus (km\/h) <\/span><\/td>\n<td class=\"premium-table-cell\"><span class=\"premium-table-text\">170 km\/h <\/span><\/td>\n<\/tr>\n<tr class=\"premium-table-row\">\n<td class=\"premium-table-cell\"><span class=\"premium-table-text\">Mootor <\/span><\/td>\n<td class=\"premium-table-cell\"><\/td>\n<\/tr>\n<tr class=\"premium-table-row\">\n<td class=\"premium-table-cell\"><span class=\"premium-table-text\">Mootori t\u00fc\u00fcp <\/span><\/td>\n<td class=\"premium-table-cell\"><span class=\"premium-table-text\">DOHC kahe silindriline \/ vedelikjahtusega \/ nelja taktiline <\/span><\/td>\n<\/tr>\n<tr class=\"premium-table-row\">\n<td class=\"premium-table-cell\"><span class=\"premium-table-text\">Mootori t\u00f6\u00f6maht (cc) <\/span><\/td>\n<td class=\"premium-table-cell\"><span class=\"premium-table-text\">693 cc <\/span><\/td>\n<\/tr>\n<tr class=\"premium-table-row\">\n<td class=\"premium-table-cell\"><span class=\"premium-table-text\">Kolvik\u00e4ik (mm) <\/span><\/td>\n<td class=\"premium-table-cell\"><span class=\"premium-table-text\">83 \u00d7 64 mm <\/span><\/td>\n<\/tr>\n<tr class=\"premium-table-row\">\n<td class=\"premium-table-cell\"><span class=\"premium-table-text\">V\u00f5imsus (kW\/rpm) <\/span><\/td>\n<td class=\"premium-table-cell\"><span class=\"premium-table-text\">51.5 kW\/8500 rpm <\/span><\/td>\n<\/tr>\n<tr class=\"premium-table-row\">\n<td class=\"premium-table-cell\"><span class=\"premium-table-text\">Maksimaalne p\u00f6\u00f6rdemoment (N\u00b7m\/rpm) <\/span><\/td>\n<td class=\"premium-table-cell\"><span class=\"premium-table-text\">68 N\u00b7m\/7000 rpm <\/span><\/td>\n<\/tr>\n<tr class=\"premium-table-row\">\n<td class=\"premium-table-cell\"><span class=\"premium-table-text\">Surveaste <\/span><\/td>\n<td class=\"premium-table-cell\"><span class=\"premium-table-text\">11.6:1 <\/span><\/td>\n<\/tr>\n<tr class=\"premium-table-row\">\n<td class=\"premium-table-cell\"><span class=\"premium-table-text\">Toites\u00fcsteem <\/span><\/td>\n<td class=\"premium-table-cell\"><span class=\"premium-table-text\">EFI Bosch <\/span><\/td>\n<\/tr>\n<tr class=\"premium-table-row\">\n<td class=\"premium-table-cell\"><span class=\"premium-table-text\">S\u00fc\u00fctes\u00fcsteem <\/span><\/td>\n<td class=\"premium-table-cell\"><span class=\"premium-table-text\">ECU Bosch <\/span><\/td>\n<\/tr>\n<tr class=\"premium-table-row\">\n<td class=\"premium-table-cell\"><span class=\"premium-table-text\">\u00dclekanne <\/span><\/td>\n<td class=\"premium-table-cell\"><span class=\"premium-table-text\">6 k\u00e4iku <\/span><\/td>\n<\/tr>\n<tr class=\"premium-table-row\">\n<td class=\"premium-table-cell\"><span class=\"premium-table-text\">Veermik <\/span><\/td>\n<td class=\"premium-table-cell\"><\/td>\n<\/tr>\n<tr class=\"premium-table-row\">\n<td class=\"premium-table-cell\"><span class=\"premium-table-text\">ABS <\/span><\/td>\n<td class=\"premium-table-cell\"><span class=\"premium-table-text\">Jah <\/span><\/td>\n<\/tr>\n<tr class=\"premium-table-row\">\n<td class=\"premium-table-cell\"><span class=\"premium-table-text\">Pidurid ees <\/span><\/td>\n<td class=\"premium-table-cell\"><span class=\"premium-table-text\">H\u00fcdraulilised ketaspidurid J.Juan 320 mm <\/span><\/td>\n<\/tr>\n<tr class=\"premium-table-row\">\n<td class=\"premium-table-cell\"><span class=\"premium-table-text\">Pidurid taga <\/span><\/td>\n<td class=\"premium-table-cell\"><span class=\"premium-table-text\">H\u00fcdraulilised ketaspidurid J.Juan 260 mm <\/span><\/td>\n<\/tr>\n<tr class=\"premium-table-row\">\n<td class=\"premium-table-cell\"><span class=\"premium-table-text\">Amortisaatorid ees <\/span><\/td>\n<td class=\"premium-table-cell\"><span class=\"premium-table-text\">KYB Upside down t\u00fc\u00fcpi reguleeritavad amortisaatorid <\/span><\/td>\n<\/tr>\n<tr class=\"premium-table-row\">\n<td class=\"premium-table-cell\"><span class=\"premium-table-text\">Amortisaatorid taga <\/span><\/td>\n<td class=\"premium-table-cell\"><span class=\"premium-table-text\">KYB Reguleeritav amortisaator <\/span><\/td>\n<\/tr>\n<tr class=\"premium-table-row\">\n<td class=\"premium-table-cell\"><span class=\"premium-table-text\"> Veljed <\/span><\/td>\n<td class=\"premium-table-cell\"><\/td>\n<\/tr>\n<tr class=\"premium-table-row\">\n<td class=\"premium-table-cell\"><span class=\"premium-table-text\">Ees: <\/span><\/td>\n<td class=\"premium-table-cell\"><span class=\"premium-table-text\">3.0 x 18 MT <\/span><\/td>\n<\/tr>\n<tr class=\"premium-table-row\">\n<td class=\"premium-table-cell\"><span class=\"premium-table-text\">Taga: <\/span><\/td>\n<td class=\"premium-table-cell\"><span class=\"premium-table-text\">5.5 x 17 MT <\/span><\/td>\n<\/tr>\n<tr class=\"premium-table-row\">\n<td class=\"premium-table-cell\"><span class=\"premium-table-text\">Rehvim\u00f5\u00f5dud <\/span><\/td>\n<td class=\"premium-table-cell\"><\/td>\n<\/tr>\n<tr class=\"premium-table-row\">\n<td class=\"premium-table-cell\"><span class=\"premium-table-text\">Ees: <\/span><\/td>\n<td class=\"premium-table-cell\"><span class=\"premium-table-text\">110 x 80 R18 Pirelli <\/span><\/td>\n<\/tr>\n<tr class=\"premium-table-row\">\n<td class=\"premium-table-cell\"><span class=\"premium-table-text\">Taga: <\/span><\/td>\n<td class=\"premium-table-cell\"><span class=\"premium-table-text\">180 x 55 R17 Pirelli <\/span><\/td>\n<\/tr>\n<tr class=\"premium-table-row\">\n<td class=\"premium-table-cell\"><span class=\"premium-table-text\">Varustus <\/span><\/td>\n<td class=\"premium-table-cell\"><\/td>\n<\/tr>\n<tr class=\"premium-table-row\">\n<td class=\"premium-table-cell\"><span class=\"premium-table-text\">P\u00fcsikiirusehoidja <\/span><\/td>\n<td class=\"premium-table-cell\"><span class=\"premium-table-text\">Jah <\/span><\/td>\n<\/tr>\n<tr class=\"premium-table-row\">\n<td class=\"premium-table-cell\"><span class=\"premium-table-text\">Suunatulede automaatne v\u00e4ljal\u00fclitus funktsioon <\/span><\/td>\n<td class=\"premium-table-cell\"><span class=\"premium-table-text\">Jah <\/span><\/td>\n<\/tr>\n<tr class=\"premium-table-row\">\n<td class=\"premium-table-cell\"><span class=\"premium-table-text\">S\u00f5idureziimid <\/span><\/td>\n<td class=\"premium-table-cell\"><span class=\"premium-table-text\">Eco \/ Sport <\/span><\/td>\n<\/tr>\n<tr class=\"premium-table-row\">\n<td class=\"premium-table-cell\"><span class=\"premium-table-text\">USB laadija <\/span><\/td>\n<td class=\"premium-table-cell\"><span class=\"premium-table-text\">Jah <\/span><\/td>\n<\/tr>\n<tr class=\"premium-table-row\">\n<td class=\"premium-table-cell\"><span class=\"premium-table-text\">Tuled <\/span><\/td>\n<td class=\"premium-table-cell\"><span class=\"premium-table-text\">T\u00e4is-LED-tuled <\/span><\/td>\n<\/tr>\n<tr class=\"premium-table-row\">\n<td class=\"premium-table-cell\"><span class=\"premium-table-text\">Displei <\/span><\/td>\n<td class=\"premium-table-cell\"><span class=\"premium-table-text\">Digitaalne <\/span><\/td>\n<\/tr>\n<tr class=\"premium-table-row\">\n<td class=\"premium-table-cell\"><span class=\"premium-table-text\">* T\u00fchikaalu hulka loetakse: \u25cf aku \u25cf s\u00f5iduki vajalikud vedelikud <\/span><\/td>\n<td class=\"premium-table-cell\"><\/td>\n<\/tr>\n<\/tbody>\n<\/table>\n<\/div>\n<p>CF <b>700CL-X Heritage<\/b> unikaalse disaini on loonud Itaalia disainistuudio Modena 40, Hispaania mootorrattadisaineri Carles Solsona Marti (Kes on muuhulgas ka disainer MV Agusta mudelitele)\u00a0 .<\/p>\n<p>Iga disainer loob disainile t\u00e4henduse ja seda t\u00e4hendust \u201cX\u201d mis on kasutatud ka CL-X i mudelinimes iseloomustab ajatu v\u00e4limus ja kaasaegne tehnoloogia mis peab sammu t\u00e4naste \u00fclemaailmsete trendidega.<\/p>\n<p><b>CFMOTO 700CL-X<\/b> pole erand. T\u00e4pne j\u00f5u\u00fclekanne t\u00f6\u00f6tab elektrilise gaasirulli ja <b>BOSCH<\/b> sissepritse toitel. Pidurdada aitab l\u00e4bilibisemist v\u00e4hendav sidur ja maast hoiavad kinni kvaliteetsed Pirelli MT60 RS \u00a0<b>18<\/b> tolline esi ja <b>17<\/b> tolline taga rehv. Usaldusv\u00e4\u00e4rset haarduvust aitab tagada Jaapani amortisaatorite tootja <b>KYB<\/b>, reguleeritavad amortisaatorid. Ees on USD t\u00fc\u00fcpi p\u00f6\u00f6ratud, 41 mm l\u00e4bim\u00f5\u00f5duga amortisaatorid, mis tagavad t\u00e4pse juhitavuse ka \u00e4\u00e4rmuslikes tingimustes.<\/p>\n<p>\u00c4rgem unustagem kurvi <b>ABS<\/b> s\u00fcsteemi v\u00f5i mootorratta asendiandurit, mis seiskab mootori juhusliku kukkumise v\u00f5i kohapeal \u00fcmbermineku korral. \u00dcllatuslikult leiab siit ka mugavusvarustust nagu t\u00e4nap\u00e4evastele mootorratastele kohase <b>pikamaa assistent<\/b> ehk <b>p\u00fcsikiirusehoidja<\/b> olemasolu.<\/p>\n<p>Taustvalgusega, sujuvalt l\u00fclituvad l\u00fclitid juhtraual ning \u201e<b>Scrambler<\/b>\u201c t\u00fc\u00fcpi mootorratta disaini j\u00e4rgiv, t\u00e4nap\u00e4evaselt informatiivne <b>infoekraan<\/b>. Uudne on ka automaatselt <b>v\u00e4ljal\u00fclituva suunatule funktsioon<\/b>.<\/p>\n<p>Hispaania <b>J.JUAN piduris\u00fcsteem<\/b> on CFMOTOs juba aastaid end t\u00f5estanud.<br \/>\n<b>700CL-X mooto<\/b>r on uudne ja sellel on kaks s\u00f5idure\u017eiimi: ECO mis on m\u00f5eldud s\u00e4\u00e4stvamaks, vaiksemaks ning rahulikuks kulgemiseks ja SPORT re\u017eiim on m\u00e4rgatavalt v\u00f5imekam, kiirem ning omajagu agressiivsema h\u00e4\u00e4lekusega s\u00f5idure\u017eiim. V\u00f5imsus <b>70<\/b> hj on pidevalt tunnetatav, reageerides t\u00e4pselt gaasihoovastikule. Vaid <b>184<\/b> kg t\u00fchikaaluga mootorratta stardikaal on 198 kg mis on erinevate teeolude juures ideaalselt juhitav. Luksusliku disainiga ja mugav iste on v\u00e4ga mugav. Selle k\u00f5rgus maapinnast on ca. 800 mm, mis sobib h\u00e4sti nii l\u00fchikestel kui pikematele s\u00f5idumeestele.<\/p>\n<p>T\u00e4nu k\u00f5ikidele elektroonilistele abilistele ei tunne te end mootorrattal mitte ainult turvaliselt, vaid tunnete end kahtlemata ka mugavalt. Kasutajamugavust lisab ka v\u00e4ga lihtne juurdep\u00e4\u00e4s n\u00e4iteks \u00f5hufiltrile, \u00f5livardale ning v\u00e4hemt\u00e4htsaks ei saa pidada ka\u00a0 9000 km hooldusv\u00e4lpa.<\/p>\n<p>&nbsp;<\/p>\n<p><b>CFMOTO 700CL-X\u00a0 HERITAGE<\/b>\u00a0on\u00a0 uue ajastu seeriamudelite esimeseks mudeliks, millele j\u00e4rgneb veel kaks sarnase disainijoonega mudelid, <b>CL-X Sport<\/b> ja <b>CL-X ADVENTURE<\/b>.\u00a0 Sarnased, aga Iga t\u00fc\u00fcp on individuaalne, spetsiaalselt kohandatud vastavalt oma nimetusele ja on saadaval erinevates v\u00e4rvikombinatsioonides.<\/p>\n<p><b>CF700CL-X<\/b> homologeeritud maanteeliikluseks kahekohalise mootorrattana.<\/p>\n<p><b>Vajalik A-kategooria juhtimis\u00f5igus.<\/b><\/p>\n<p>Siiski on ka CF700CL-X\u00a0 mudel v\u00f5imalik registreerida piiratud v\u00f5imsusega <b>A2<\/b> kategooria s\u00f5idukina kui esmaregistreerimine teha piiratud v\u00f5imsusele vastavaks.<\/p>\n<p>K\u00f5ikidel <b>CFMOTO<\/b> mootorratastel eksklusiivne <b>3-aastane<\/b>, l\u00e4bis\u00f5idupiiranguta <b>tehase garantii<\/b>!<\/p>","protected":false},"excerpt":{"rendered":"<p>Mida selle raha eest ostjale pakutakse?\u00a0\u00a0K\u00f5igepealt v\u00f5iks v\u00e4lja tuua mootorratta erakordset disaini ja seda, et tegemist pole mitte lihtsalt suvalise Hiina p\u00e4ritolu mootorrattaga, vaid tegemist on Itaalia disainistuudios Modena 40,\u00a0 Hispaania mootorrattadisaineri Carles Solsona Marti poolt loodud disainiga kes on muuhulgas ka paljude MV Agusta mudelite disaineriks .<\/p>","protected":false},"featured_media":3767,"template":"","meta":[],"product_cat":[51],"product_tag":[],"class_list":{"0":"post-3585","1":"product","2":"type-product","3":"status-publish","4":"has-post-thumbnail","6":"product_cat-mootorrattad","8":"first","9":"instock","10":"taxable","11":"shipping-taxable","12":"purchasable","13":"product-type-variable","14":"has-default-attributes"},"yoast_head":"<!-- This site is optimized with the Yoast SEO plugin v23.9 - https:\/\/yoast.com\/wordpress\/plugins\/seo\/ -->\n<title>Mootorratas 700CL-X Heritage | CFMoto Sirtaki<\/title>\n<meta name=\"robots\" content=\"index, follow, max-snippet:-1, max-image-preview:large, max-video-preview:-1\" \/>\n<link rel=\"canonical\" href=\"https:\/\/moto.sirtaki.ee\/ru\/product\/mootorratas-700cl-x-heritage\/\" \/>\n<meta property=\"og:locale\" content=\"ru_RU\" \/>\n<meta property=\"og:type\" content=\"article\" \/>\n<meta property=\"og:title\" content=\"Mootorratas 700CL-X Heritage | CFMoto Sirtaki\" \/>\n<meta property=\"og:description\" content=\"Mida selle raha eest ostjale pakutakse?\u00a0\u00a0K\u00f5igepealt v\u00f5iks v\u00e4lja tuua mootorratta erakordset disaini ja seda, et tegemist pole mitte lihtsalt suvalise Hiina p\u00e4ritolu mootorrattaga, vaid tegemist on Itaalia disainistuudios Modena 40,\u00a0 Hispaania mootorrattadisaineri Carles Solsona Marti poolt loodud disainiga kes on muuhulgas ka paljude MV Agusta mudelite disaineriks .\" \/>\n<meta property=\"og:url\" content=\"https:\/\/moto.sirtaki.ee\/ru\/product\/mootorratas-700cl-x-heritage\/\" \/>\n<meta property=\"og:site_name\" content=\"CFMoto Sirtaki\" \/>\n<meta property=\"article:modified_time\" content=\"2024-12-10T11:26:27+00:00\" \/>\n<meta property=\"og:image\" content=\"https:\/\/moto.sirtaki.ee\/wp-content\/uploads\/2024\/10\/CFMOTO-700CL-X-HERITAGE.jpg\" \/>\n\t<meta property=\"og:image:width\" content=\"1875\" \/>\n\t<meta property=\"og:image:height\" content=\"1875\" \/>\n\t<meta property=\"og:image:type\" content=\"image\/jpeg\" \/>\n<meta name=\"twitter:card\" content=\"summary_large_image\" \/>\n<script type=\"application\/ld+json\" class=\"yoast-schema-graph\">{\"@context\":\"https:\/\/schema.org\",\"@graph\":[{\"@type\":\"WebPage\",\"@id\":\"https:\/\/moto.sirtaki.ee\/product\/mootorratas-700cl-x-heritage\/\",\"url\":\"https:\/\/moto.sirtaki.ee\/product\/mootorratas-700cl-x-heritage\/\",\"name\":\"Mootorratas 700CL-X Heritage | CFMoto Sirtaki\",\"isPartOf\":{\"@id\":\"https:\/\/moto.sirtaki.ee\/#website\"},\"primaryImageOfPage\":{\"@id\":\"https:\/\/moto.sirtaki.ee\/product\/mootorratas-700cl-x-heritage\/#primaryimage\"},\"image\":{\"@id\":\"https:\/\/moto.sirtaki.ee\/product\/mootorratas-700cl-x-heritage\/#primaryimage\"},\"thumbnailUrl\":\"https:\/\/moto.sirtaki.ee\/wp-content\/uploads\/2024\/10\/CFMOTO-700CL-X-HERITAGE.jpg\",\"datePublished\":\"2024-11-01T06:40:29+00:00\",\"dateModified\":\"2024-12-10T11:26:27+00:00\",\"breadcrumb\":{\"@id\":\"https:\/\/moto.sirtaki.ee\/product\/mootorratas-700cl-x-heritage\/#breadcrumb\"},\"inLanguage\":\"ru-RU\",\"potentialAction\":[{\"@type\":\"ReadAction\",\"target\":[\"https:\/\/moto.sirtaki.ee\/product\/mootorratas-700cl-x-heritage\/\"]}]},{\"@type\":\"ImageObject\",\"inLanguage\":\"ru-RU\",\"@id\":\"https:\/\/moto.sirtaki.ee\/product\/mootorratas-700cl-x-heritage\/#primaryimage\",\"url\":\"https:\/\/moto.sirtaki.ee\/wp-content\/uploads\/2024\/10\/CFMOTO-700CL-X-HERITAGE.jpg\",\"contentUrl\":\"https:\/\/moto.sirtaki.ee\/wp-content\/uploads\/2024\/10\/CFMOTO-700CL-X-HERITAGE.jpg\",\"width\":1875,\"height\":1875},{\"@type\":\"BreadcrumbList\",\"@id\":\"https:\/\/moto.sirtaki.ee\/product\/mootorratas-700cl-x-heritage\/#breadcrumb\",\"itemListElement\":[{\"@type\":\"ListItem\",\"position\":1,\"name\":\"Home\",\"item\":\"https:\/\/moto.sirtaki.ee\/\"},{\"@type\":\"ListItem\",\"position\":2,\"name\":\"Shop\",\"item\":\"https:\/\/moto.sirtaki.ee\/shop\/\"},{\"@type\":\"ListItem\",\"position\":3,\"name\":\"Mootorratas 700CL-X Heritage\"}]},{\"@type\":\"WebSite\",\"@id\":\"https:\/\/moto.sirtaki.ee\/#website\",\"url\":\"https:\/\/moto.sirtaki.ee\/\",\"name\":\"CFMoto Sirtaki\",\"description\":\"\",\"potentialAction\":[{\"@type\":\"SearchAction\",\"target\":{\"@type\":\"EntryPoint\",\"urlTemplate\":\"https:\/\/moto.sirtaki.ee\/?s={search_term_string}\"},\"query-input\":{\"@type\":\"PropertyValueSpecification\",\"valueRequired\":true,\"valueName\":\"search_term_string\"}}],\"inLanguage\":\"ru-RU\"}]}<\/script>\n<!-- \/ Yoast SEO plugin. -->","yoast_head_json":{"title":"Mootorratas 700CL-X Heritage | CFMoto Sirtaki","robots":{"index":"index","follow":"follow","max-snippet":"max-snippet:-1","max-image-preview":"max-image-preview:large","max-video-preview":"max-video-preview:-1"},"canonical":"https:\/\/moto.sirtaki.ee\/ru\/product\/mootorratas-700cl-x-heritage\/","og_locale":"ru_RU","og_type":"article","og_title":"Mootorratas 700CL-X Heritage | CFMoto Sirtaki","og_description":"Mida selle raha eest ostjale pakutakse?\u00a0\u00a0K\u00f5igepealt v\u00f5iks v\u00e4lja tuua mootorratta erakordset disaini ja seda, et tegemist pole mitte lihtsalt suvalise Hiina p\u00e4ritolu mootorrattaga, vaid tegemist on Itaalia disainistuudios Modena 40,\u00a0 Hispaania mootorrattadisaineri Carles Solsona Marti poolt loodud disainiga kes on muuhulgas ka paljude MV Agusta mudelite disaineriks .","og_url":"https:\/\/moto.sirtaki.ee\/ru\/product\/mootorratas-700cl-x-heritage\/","og_site_name":"CFMoto Sirtaki","article_modified_time":"2024-12-10T11:26:27+00:00","og_image":[{"width":1875,"height":1875,"url":"https:\/\/moto.sirtaki.ee\/wp-content\/uploads\/2024\/10\/CFMOTO-700CL-X-HERITAGE.jpg","type":"image\/jpeg"}],"twitter_card":"summary_large_image","schema":{"@context":"https:\/\/schema.org","@graph":[{"@type":"WebPage","@id":"https:\/\/moto.sirtaki.ee\/product\/mootorratas-700cl-x-heritage\/","url":"https:\/\/moto.sirtaki.ee\/product\/mootorratas-700cl-x-heritage\/","name":"Mootorratas 700CL-X Heritage | CFMoto Sirtaki","isPartOf":{"@id":"https:\/\/moto.sirtaki.ee\/#website"},"primaryImageOfPage":{"@id":"https:\/\/moto.sirtaki.ee\/product\/mootorratas-700cl-x-heritage\/#primaryimage"},"image":{"@id":"https:\/\/moto.sirtaki.ee\/product\/mootorratas-700cl-x-heritage\/#primaryimage"},"thumbnailUrl":"https:\/\/moto.sirtaki.ee\/wp-content\/uploads\/2024\/10\/CFMOTO-700CL-X-HERITAGE.jpg","datePublished":"2024-11-01T06:40:29+00:00","dateModified":"2024-12-10T11:26:27+00:00","breadcrumb":{"@id":"https:\/\/moto.sirtaki.ee\/product\/mootorratas-700cl-x-heritage\/#breadcrumb"},"inLanguage":"ru-RU","potentialAction":[{"@type":"ReadAction","target":["https:\/\/moto.sirtaki.ee\/product\/mootorratas-700cl-x-heritage\/"]}]},{"@type":"ImageObject","inLanguage":"ru-RU","@id":"https:\/\/moto.sirtaki.ee\/product\/mootorratas-700cl-x-heritage\/#primaryimage","url":"https:\/\/moto.sirtaki.ee\/wp-content\/uploads\/2024\/10\/CFMOTO-700CL-X-HERITAGE.jpg","contentUrl":"https:\/\/moto.sirtaki.ee\/wp-content\/uploads\/2024\/10\/CFMOTO-700CL-X-HERITAGE.jpg","width":1875,"height":1875},{"@type":"BreadcrumbList","@id":"https:\/\/moto.sirtaki.ee\/product\/mootorratas-700cl-x-heritage\/#breadcrumb","itemListElement":[{"@type":"ListItem","position":1,"name":"Home","item":"https:\/\/moto.sirtaki.ee\/"},{"@type":"ListItem","position":2,"name":"Shop","item":"https:\/\/moto.sirtaki.ee\/shop\/"},{"@type":"ListItem","position":3,"name":"Mootorratas 700CL-X Heritage"}]},{"@type":"WebSite","@id":"https:\/\/moto.sirtaki.ee\/#website","url":"https:\/\/moto.sirtaki.ee\/","name":"CFMoto Sirtaki","description":"","potentialAction":[{"@type":"SearchAction","target":{"@type":"EntryPoint","urlTemplate":"https:\/\/moto.sirtaki.ee\/?s={search_term_string}"},"query-input":{"@type":"PropertyValueSpecification","valueRequired":true,"valueName":"search_term_string"}}],"inLanguage":"ru-RU"}]}},"_links":{"self":[{"href":"https:\/\/moto.sirtaki.ee\/ru\/wp-json\/wp\/v2\/product\/3585"}],"collection":[{"href":"https:\/\/moto.sirtaki.ee\/ru\/wp-json\/wp\/v2\/product"}],"about":[{"href":"https:\/\/moto.sirtaki.ee\/ru\/wp-json\/wp\/v2\/types\/product"}],"wp:featuredmedia":[{"embeddable":true,"href":"https:\/\/moto.sirtaki.ee\/ru\/wp-json\/wp\/v2\/media\/3767"}],"wp:attachment":[{"href":"https:\/\/moto.sirtaki.ee\/ru\/wp-json\/wp\/v2\/media?parent=3585"}],"wp:term":[{"taxonomy":"product_cat","embeddable":true,"href":"https:\/\/moto.sirtaki.ee\/ru\/wp-json\/wp\/v2\/product_cat?post=3585"},{"taxonomy":"product_tag","embeddable":true,"href":"https:\/\/moto.sirtaki.ee\/ru\/wp-json\/wp\/v2\/product_tag?post=3585"}],"curies":[{"name":"wp","href":"https:\/\/api.w.org\/{rel}","templated":true}]}}