{"id":3592,"date":"2024-11-01T09:43:35","date_gmt":"2024-11-01T06:43:35","guid":{"rendered":"https:\/\/moto.sirtaki.ee\/?post_type=product&#038;p=3592"},"modified":"2024-12-10T14:26:24","modified_gmt":"2024-12-10T11:26:24","slug":"mootorratas-700cl-x-sport","status":"publish","type":"product","link":"https:\/\/moto.sirtaki.ee\/ru\/product\/mootorratas-700cl-x-sport\/","title":{"rendered":"Mootorratas 700CL-X Sport"},"content":{"rendered":"<h3 class=\"elementor-heading-title elementor-size-default\">Mootorratta CFMOTO 700CL-X Sport tehnilised andmed<\/h3>\n<div class=\"premium-table-wrap premium-table-responsive\">\n<table class=\"premium-table\" data-settings=\"{&quot;sort&quot;:false,&quot;usNumbers&quot;:false,&quot;sortMob&quot;:false,&quot;search&quot;:false,&quot;records&quot;:false,&quot;dataType&quot;:&quot;csv&quot;,&quot;csvFile&quot;:&quot;https:\\\/\\\/docs.google.com\\\/spreadsheets\\\/d\\\/e\\\/2PACX-1vT8dF5RJUPpudUSyOmbj45EBk3rzZW4jTu5L_xvROwN_48i7YJ79Xm3Wvfbmcgz5qb5iBr9aWnwIcq5\\\/pub?gid=0&amp;single=true&amp;output=csv&quot;,&quot;firstRow&quot;:&quot;head&quot;,&quot;separator&quot;:&quot;,&quot;,&quot;pagination&quot;:&quot;&quot;,&quot;rows&quot;:0,&quot;id&quot;:&quot;483fb88&quot;,&quot;reload&quot;:&quot;day&quot;}\">\n<thead class=\"premium-table-head\">\n<tr class=\"premium-table-row\">\n<th class=\"premium-table-cell\"><span class=\"premium-table-text\">Mootorratta mudel <\/span><\/th>\n<th class=\"premium-table-cell\"><span class=\"premium-table-text\">700CL-X Sport <\/span><\/th>\n<\/tr>\n<\/thead>\n<tbody>\n<tr class=\"premium-table-row\">\n<td class=\"premium-table-cell\"><span class=\"premium-table-text\">EU t\u00fc\u00fcbikinnitus <\/span><\/td>\n<td class=\"premium-table-cell\"><span class=\"premium-table-text\">L3e<\/span><\/td>\n<\/tr>\n<tr class=\"premium-table-row\">\n<td class=\"premium-table-cell\"><span class=\"premium-table-text\">S\u00f5iduki t\u00fc\u00fcp<\/span><\/td>\n<td class=\"premium-table-cell\"><span class=\"premium-table-text\">A<\/span><\/td>\n<\/tr>\n<tr class=\"premium-table-row\">\n<td class=\"premium-table-cell\"><span class=\"premium-table-text\">Tehaset\u00e4his <\/span><\/td>\n<td class=\"premium-table-cell\"><span class=\"premium-table-text\">CF700-2A <\/span><\/td>\n<\/tr>\n<tr class=\"premium-table-row\">\n<td class=\"premium-table-cell\"><span class=\"premium-table-text\">\u00dcldandmed <\/span><\/td>\n<td class=\"premium-table-cell\"><\/td>\n<\/tr>\n<tr class=\"premium-table-row\">\n<td class=\"premium-table-cell\"><span class=\"premium-table-text\">Pikkus x laius x k\u00f5rgus (mm) <\/span><\/td>\n<td class=\"premium-table-cell\"><span class=\"premium-table-text\">2090x795x1080 mm <\/span><\/td>\n<\/tr>\n<tr class=\"premium-table-row\">\n<td class=\"premium-table-cell\"><span class=\"premium-table-text\">Teljevahe (mm) <\/span><\/td>\n<td class=\"premium-table-cell\"><span class=\"premium-table-text\">1436 mm <\/span><\/td>\n<\/tr>\n<tr class=\"premium-table-row\">\n<td class=\"premium-table-cell\"><span class=\"premium-table-text\">Istme k\u00f5rgus (mm) <\/span><\/td>\n<td class=\"premium-table-cell\"><span class=\"premium-table-text\">795 mm <\/span><\/td>\n<\/tr>\n<tr class=\"premium-table-row\">\n<td class=\"premium-table-cell\"><span class=\"premium-table-text\">Kliirens (mm) <\/span><\/td>\n<td class=\"premium-table-cell\"><span class=\"premium-table-text\">153 mm <\/span><\/td>\n<\/tr>\n<tr class=\"premium-table-row\">\n<td class=\"premium-table-cell\"><span class=\"premium-table-text\">T\u00fchimass (kg) * <\/span><\/td>\n<td class=\"premium-table-cell\"><span class=\"premium-table-text\">198 kg * <\/span><\/td>\n<\/tr>\n<tr class=\"premium-table-row\">\n<td class=\"premium-table-cell\"><span class=\"premium-table-text\">K\u00fctusepaagi maht (L) <\/span><\/td>\n<td class=\"premium-table-cell\"><span class=\"premium-table-text\">13 L <\/span><\/td>\n<\/tr>\n<tr class=\"premium-table-row\">\n<td class=\"premium-table-cell\"><span class=\"premium-table-text\">Maksimaalne lubatud kiirus (km\/h) <\/span><\/td>\n<td class=\"premium-table-cell\"><span class=\"premium-table-text\">170 km\/h <\/span><\/td>\n<\/tr>\n<tr class=\"premium-table-row\">\n<td class=\"premium-table-cell\"><span class=\"premium-table-text\">Mootor <\/span><\/td>\n<td class=\"premium-table-cell\"><\/td>\n<\/tr>\n<tr class=\"premium-table-row\">\n<td class=\"premium-table-cell\"><span class=\"premium-table-text\">Mootori t\u00fc\u00fcp <\/span><\/td>\n<td class=\"premium-table-cell\"><span class=\"premium-table-text\">DOHC kahe silindriline \/ vedelikjahtusega \/ nelja taktiline <\/span><\/td>\n<\/tr>\n<tr class=\"premium-table-row\">\n<td class=\"premium-table-cell\"><span class=\"premium-table-text\">Mootori t\u00f6\u00f6maht (cc) <\/span><\/td>\n<td class=\"premium-table-cell\"><span class=\"premium-table-text\">693 cc <\/span><\/td>\n<\/tr>\n<tr class=\"premium-table-row\">\n<td class=\"premium-table-cell\"><span class=\"premium-table-text\">Kolvik\u00e4ik (mm) <\/span><\/td>\n<td class=\"premium-table-cell\"><span class=\"premium-table-text\">83 \u00d7 64 mm <\/span><\/td>\n<\/tr>\n<tr class=\"premium-table-row\">\n<td class=\"premium-table-cell\"><span class=\"premium-table-text\">V\u00f5imsus (kW\/rpm) <\/span><\/td>\n<td class=\"premium-table-cell\"><span class=\"premium-table-text\">51.5 kW\/8500 rpm <\/span><\/td>\n<\/tr>\n<tr class=\"premium-table-row\">\n<td class=\"premium-table-cell\"><span class=\"premium-table-text\">Maksimaalne p\u00f6\u00f6rdemoment (N\u00b7m\/rpm) <\/span><\/td>\n<td class=\"premium-table-cell\"><span class=\"premium-table-text\">68 N\u00b7m\/7000 rpm <\/span><\/td>\n<\/tr>\n<tr class=\"premium-table-row\">\n<td class=\"premium-table-cell\"><span class=\"premium-table-text\">Surveaste <\/span><\/td>\n<td class=\"premium-table-cell\"><span class=\"premium-table-text\">11.6:1 <\/span><\/td>\n<\/tr>\n<tr class=\"premium-table-row\">\n<td class=\"premium-table-cell\"><span class=\"premium-table-text\">Toites\u00fcsteem <\/span><\/td>\n<td class=\"premium-table-cell\"><span class=\"premium-table-text\">EFI Bosch <\/span><\/td>\n<\/tr>\n<tr class=\"premium-table-row\">\n<td class=\"premium-table-cell\"><span class=\"premium-table-text\">S\u00fc\u00fctes\u00fcsteem <\/span><\/td>\n<td class=\"premium-table-cell\"><span class=\"premium-table-text\">ECU Bosch <\/span><\/td>\n<\/tr>\n<tr class=\"premium-table-row\">\n<td class=\"premium-table-cell\"><span class=\"premium-table-text\">\u00dclekanne <\/span><\/td>\n<td class=\"premium-table-cell\"><span class=\"premium-table-text\">6 k\u00e4iku <\/span><\/td>\n<\/tr>\n<tr class=\"premium-table-row\">\n<td class=\"premium-table-cell\"><span class=\"premium-table-text\">Veermik <\/span><\/td>\n<td class=\"premium-table-cell\"><\/td>\n<\/tr>\n<tr class=\"premium-table-row\">\n<td class=\"premium-table-cell\"><span class=\"premium-table-text\">ABS <\/span><\/td>\n<td class=\"premium-table-cell\"><span class=\"premium-table-text\">Jah <\/span><\/td>\n<\/tr>\n<tr class=\"premium-table-row\">\n<td class=\"premium-table-cell\"><span class=\"premium-table-text\">Pidurid ees <\/span><\/td>\n<td class=\"premium-table-cell\"><span class=\"premium-table-text\">H\u00fcdraulilised ketaspidurid Brembo 2X320 mm <\/span><\/td>\n<\/tr>\n<tr class=\"premium-table-row\">\n<td class=\"premium-table-cell\"><span class=\"premium-table-text\">Pidurid taga <\/span><\/td>\n<td class=\"premium-table-cell\"><span class=\"premium-table-text\">H\u00fcdraulilised ketaspidurid Brembo 260 mm <\/span><\/td>\n<\/tr>\n<tr class=\"premium-table-row\">\n<td class=\"premium-table-cell\"><span class=\"premium-table-text\">Amortisaatorid ees <\/span><\/td>\n<td class=\"premium-table-cell\"><span class=\"premium-table-text\">KYB Upside down t\u00fc\u00fcpi reguleeritavad amortisaatorid <\/span><\/td>\n<\/tr>\n<tr class=\"premium-table-row\">\n<td class=\"premium-table-cell\"><span class=\"premium-table-text\">Amortisaatorid taga <\/span><\/td>\n<td class=\"premium-table-cell\"><span class=\"premium-table-text\">KYB Reguleeritav amortisaator <\/span><\/td>\n<\/tr>\n<tr class=\"premium-table-row\">\n<td class=\"premium-table-cell\"><span class=\"premium-table-text\"> Veljed <\/span><\/td>\n<td class=\"premium-table-cell\"><\/td>\n<\/tr>\n<tr class=\"premium-table-row\">\n<td class=\"premium-table-cell\"><span class=\"premium-table-text\">Ees: <\/span><\/td>\n<td class=\"premium-table-cell\"><span class=\"premium-table-text\">3.5 x 17 MT <\/span><\/td>\n<\/tr>\n<tr class=\"premium-table-row\">\n<td class=\"premium-table-cell\"><span class=\"premium-table-text\">Taga: <\/span><\/td>\n<td class=\"premium-table-cell\"><span class=\"premium-table-text\">5.5 x 17 MT <\/span><\/td>\n<\/tr>\n<tr class=\"premium-table-row\">\n<td class=\"premium-table-cell\"><span class=\"premium-table-text\">Rehvim\u00f5\u00f5dud <\/span><\/td>\n<td class=\"premium-table-cell\"><\/td>\n<\/tr>\n<tr class=\"premium-table-row\">\n<td class=\"premium-table-cell\"><span class=\"premium-table-text\">Ees: <\/span><\/td>\n<td class=\"premium-table-cell\"><span class=\"premium-table-text\">120 x 70 R17 Maxxis <\/span><\/td>\n<\/tr>\n<tr class=\"premium-table-row\">\n<td class=\"premium-table-cell\"><span class=\"premium-table-text\">Taga: <\/span><\/td>\n<td class=\"premium-table-cell\"><span class=\"premium-table-text\">180 x 55 R17 Maxxis <\/span><\/td>\n<\/tr>\n<tr class=\"premium-table-row\">\n<td class=\"premium-table-cell\"><span class=\"premium-table-text\">Varustus <\/span><\/td>\n<td class=\"premium-table-cell\"><\/td>\n<\/tr>\n<tr class=\"premium-table-row\">\n<td class=\"premium-table-cell\"><span class=\"premium-table-text\">P\u00fcsikiirusehoidja <\/span><\/td>\n<td class=\"premium-table-cell\"><span class=\"premium-table-text\">Jah <\/span><\/td>\n<\/tr>\n<tr class=\"premium-table-row\">\n<td class=\"premium-table-cell\"><span class=\"premium-table-text\">Suunatulede automaatne v\u00e4ljal\u00fclitus funktsioon <\/span><\/td>\n<td class=\"premium-table-cell\"><span class=\"premium-table-text\">Jah <\/span><\/td>\n<\/tr>\n<tr class=\"premium-table-row\">\n<td class=\"premium-table-cell\"><span class=\"premium-table-text\">S\u00f5idureziimid <\/span><\/td>\n<td class=\"premium-table-cell\"><span class=\"premium-table-text\">Eco \/ Sport <\/span><\/td>\n<\/tr>\n<tr class=\"premium-table-row\">\n<td class=\"premium-table-cell\"><span class=\"premium-table-text\">USB laadija <\/span><\/td>\n<td class=\"premium-table-cell\"><span class=\"premium-table-text\">Jah <\/span><\/td>\n<\/tr>\n<tr class=\"premium-table-row\">\n<td class=\"premium-table-cell\"><span class=\"premium-table-text\">Tuled <\/span><\/td>\n<td class=\"premium-table-cell\"><span class=\"premium-table-text\">T\u00e4is-LED-tuled <\/span><\/td>\n<\/tr>\n<tr class=\"premium-table-row\">\n<td class=\"premium-table-cell\"><span class=\"premium-table-text\">Displei <\/span><\/td>\n<td class=\"premium-table-cell\"><span class=\"premium-table-text\">Digitaalne<\/span><\/td>\n<\/tr>\n<tr class=\"premium-table-row\">\n<td class=\"premium-table-cell\"><span class=\"premium-table-text\">* T\u00fchikaalu hulka loetakse: \u25cf aku \u25cf s\u00f5iduki vajalikud vedelikud <\/span><\/td>\n<td class=\"premium-table-cell\"><\/td>\n<\/tr>\n<\/tbody>\n<\/table>\n<\/div>\n<p>700CL-X SPORT on CL-X HERITAGE sportlikum versioon mis j\u00e4rgib \u201cCL-X\u201d disaini ja on sarnaselt HERITAGE mudelile loodud Hispaania disaineri Carles Solsona Marti juhtimisel Itaalia disainistuudios Modena 40.<\/p>\n<p>Kes on tuttav 700CL-X HERITAGE mudeliga ja olete lummatud mitte ainult selle disainist ja koostekvaliteedist, vaid ka h\u00e4mmastavatest s\u00f5iduomadustest, kiirendusest, t\u00e4iuslikust geomeetriast ning loomulikust juhitavusest, v\u00f5ib SPORT-mudelit h\u00f5lpsasti kaaluda \u201cteiseks\u201d kogemuseks.<\/p>\n<p>700CL-X SPORT-i iseloomustab s\u00f5na \u201cADRENALIN\u201d.<\/p>\n<p>Disaini osas on CL-X SPORT mudeli graafiline disain taas kordumatu ja selgelt eristuv. Mootorratta detailides on kasutatud silmapaistvat kollast ja ebatavalist sinist mis on siiski just CFMOTO -le omaseid v\u00e4rvitoonid. Eelpoolnimetatud v\u00e4rve kasutatakse ainult kahes erinevas graafilises kujunduses. Need kaks v\u00e4rvilahendust on peaaegu silmapaistmatud ja samal ajal on \u00e4\u00e4rmiselt isikup\u00e4rased \u00fcksikutes detailides. Massiivse X faktorit imiteeriv joon on l\u00e4biv alates mootorratta esiporitiiva otsast, mida kaunistab massiivne X kujutis. X -i imiteerib nii sisselaskeava sisemus kui kaasreisija sadula katet ning l\u00f5puks ka peeneid detaile kergmetall velgedel.<\/p>\n<p>Saadaval on kaks v\u00e4rvilahendust: Kollastes detailides domineerib \u201cNebula White\u201d ja sinises \u201cVelocity Grey\u201d.<\/p>\n<p>K\u00f5ige domineerivamaks disaini elemendiks on- s\u00fcsinikkiud plastikut meenutavad detailid paagi esiosa paneelidel, radiaatori k\u00fcljekatetel ja lisaks on sellega kaetud osaliselt tagaistme osa. Lakitud kleebised paagil n\u00e4evad v\u00e4lja v\u00e4ga puhtad ja graatsilised.<\/p>\n<p>Peene SPORT m\u00e4rgistuse leiate istme all olevalt s\u00fcsinikult. K\u00f5ik m\u00e4rkimisv\u00e4\u00e4rsed \u201cX\u201d disainielemendid on enesestm\u00f5istetavad paagil, mootoril, esitiival, aga ka kaasreisija istme kattel ning t\u00e4ht \u201cX\u201d j\u00e4\u00e4b esitule piirjoontesse sisse graveeritult.<\/p>\n<p>700CL-X SPORT mudeli tehniline disain domineerib peamiselt mootorratta tagaosas ning sportlik kaass\u00f5itja istmekate on selle muudatuse domineeriv omadus. V\u00f5rreldes Heritage mudeliga on erinevus ka mootorratta p\u00f5hikujus millel on Heritage mudelist 5 mm madalam sadul. Caf\u00e9-race v\u00f5i eelnimetatud Scrambler stiili s\u00e4ilitamiseks on tahavaatepeeglid riputatud k\u00e4epidemete \u00e4\u00e4rtele. Tootja lisas sportlikku stiili ka n\u00e4idikute ploki kattele, milleks on vormitud aerod\u00fcnaamiliselt tuunitud s\u00fcsinikkiust kate. \u00dcllataval kombel m\u00f5jutab nii v\u00e4ike aerod\u00fcnaamiline element suurematel kiirustel ka s\u00f5idu tunnetust. Disaini juurde kuulub ka mootorratta toruraam, mis on valmistatud \u00fclitugevast kroomi-mol\u00fcbdeeni sulamist ja kaalub vaid uskumatult 16,5 kg. Kombinatsioonis kergmetallsulamist valatud tagumise \u00f5\u00f5tshoova kahvliga pole see komplekt mitte ainult disain, vaid eelk\u00f5ige tehnoloogiline element mootorratta lihtsaks ja t\u00e4pseks juhtimiseks!<\/p>\n<p>Suured muudatused raami osas m\u00f5jutavad juhitavust ja seda m\u00e4rkavad k\u00f5ik kes harrastavad sportliku s\u00f5idustiili. Agressiivse s\u00f5idustiiliga s\u00f5itja n\u00f5uab teravat ja t\u00e4pset pidurdamist ning kui Heritage mudeli missiooniks piisab \u00fchest pidurikettast ees (\u03d5 320 mm), siis SPORT mudel on saanud endale lausa kaks 300 mm l\u00e4bim\u00f5\u00f5duga piduriketast ning ratturitele tuntud ning superspordis kasutatav BREMBO STYLEMA piduris\u00fcsteemi mida tavap\u00e4raselt kasutatakse ainult agressiivselt tuunitud mootorratastel.<\/p>\n<p>CL-X Sport mudeli esiratta suurus toodi tagasi 17-tollisele m\u00f5\u00f5dule just s\u00f5iduki t\u00e4psemaks kurvide l\u00e4bimiseks suurel kiirusel. Veermik, mida t\u00e4iendab Brembo Stylema piduris\u00fcsteem, istub end t\u00f5estanud KYB-vedrustusel. Esiratast hoiab teel \u00fcmberp\u00f6\u00f6ratud (Upside Down) amortisaatorid ehk (USD) t\u00fc\u00fcpi kahvel millel on v\u00f5imalik reguleerida eelkoormust, survet ja tagasil\u00f6\u00f6gi kiirust. Sportrehvid MAXXIS MA-ST2 tagavad mugava s\u00f5idu mitte ainult suurtel kiirustel, vaid ka m\u00e4rjal teel.<\/p>\n<p>V\u00f5imas mootor kasutab kahte s\u00f5idure\u017eiimi, SPORT ja ECO. M\u00f5lemad on algv\u00f5imsuse olemuselt juba p\u00f5him\u00f5tteliselt erinevad, mist\u00f5ttu on praktikas s\u00f5itjal masina juhtimine erinevates olukordades v\u00e4ga lihtne. Eelk\u00f5ige ei t\u00e4henda ECO-re\u017eiim mitte ainult v\u00e4iksemat k\u00fctusekulu, vaid ka ohutult sujuvat reageerimist elektroonilisele gaasik\u00e4epidemele vihmam\u00e4rjal teel v\u00f5i alajuhtavuse riskiga oludes.<\/p>\n<p>Re\u017eiim SPORT on loodud m\u00e4rkimisv\u00e4\u00e4rsemalt agressiivsema s\u00f5idustiili jaoks. Kerge, t\u00e4pne k\u00e4iguvahetus ja t\u00e4pselt h\u00e4\u00e4lestatud h\u00fcppevastase siduris\u00fcsteemiga. Mootor on m\u00e4rkimisv\u00e4\u00e4rselt mitmepalgeline, see v\u00f5ib eelmainitud s\u00f5idustiili ehk s\u00f5idure\u017eiimide abil olla agressiivne ja sobib ideaalselt s\u00f5itjatele, kes soovib panna ennast proovile ka rajap\u00e4evadel v\u00f5i rahvaklassi v\u00f5istlustingimustes.<\/p>\n<p>Turvalisuse huvides on mootorrattale lisatud kaldeandur mis l\u00fclitab s\u00fc\u00fcte v\u00e4lja juhul kui mootorratas peaks \u00fcmber paiskuma.<\/p>\n<p>Igap\u00e4evased kasulikud funktsioonid, nagu p\u00fcsikiiruse hoidja, mis t\u00f6\u00f6tab kiirusel 40\u2013130 km\/h koos kiiruse j\u00e4rkj\u00e4rgulise liitmise v\u00f5i lahutamisega ning LED-suunatulede automaatse v\u00e4ljal\u00fclitamise s\u00fcsteemi on ainult osa mugavust pakkuvast varustusest. Eraldi peat\u00fckk on t\u00e4islahendusega LED esituli, mis t\u00f6\u00f6tab automaatre\u017eiimil. Esituli tunneb \u00e4ra \u00fcmbritseva heleduse, k\u00e4ivitab p\u00e4evas\u00f5idutuled automaatselt ning tunneb \u00e4ra n\u00e4iteks selle kui sisened tunnelisse.<\/p>\n<p>Mootorrattal on funktsioon \u201eLimp Home Mode\u201c, juhuks kui peaks tekkima juhtaju rike, mis v\u00f5imaldab mootorrattal piiratud kiirusega teeninduskeskusesse v\u00f5i koju s\u00f5ita.<\/p>\n<p>CFMOTO 700CL-X SPORT \u2013 uskumatult seksikas, Euroopa-meelne sport, v\u00e4ga peene retroelementide puudutusega t\u00e4navaratas. See on m\u00f5eldud kirglikele s\u00f5itjatele, kes armastavad oman\u00e4olisust, adrenaliini.<\/p>\n<p>K\u00f5ik, mida pead tegema, on see, et too ta endale koju ja k\u00f5ik muu l\u00e4heb iseenesest \u2026<\/p>\n<p>Mootorratas CFMOTO 700CL-X SPORT on homologeeritud maanteel kasutamiseks kahekohalise mootorrattana A kategooria juhiloa omanikele.<\/p>\n<p>Tootjagarantii 3 aastat!<\/p>","protected":false},"excerpt":{"rendered":"<p>CL-X Sport mudeli esiratta suurus on t\u00e4psema juhitavuse eesm\u00e4rgil saanud 17-tollise velje. Veermik, mida t\u00e4iendab Brembo Stylema piduris\u00fcsteem, istub end t\u00f5estanud KYB-vedrustusel. Rehvidena on kasutusel Sportrehvid MAXXIS MA-ST2 mis tagavad mugava s\u00f5idu mitte ainult suurtel kiirustel, vaid ka m\u00e4rjal teel.<\/p>","protected":false},"featured_media":3768,"template":"","meta":[],"product_cat":[51],"product_tag":[],"class_list":{"0":"post-3592","1":"product","2":"type-product","3":"status-publish","4":"has-post-thumbnail","6":"product_cat-mootorrattad","8":"first","9":"instock","10":"taxable","11":"shipping-taxable","12":"purchasable","13":"product-type-variable","14":"has-default-attributes"},"yoast_head":"<!-- This site is optimized with the Yoast SEO plugin v23.9 - https:\/\/yoast.com\/wordpress\/plugins\/seo\/ -->\n<title>Mootorratas 700CL-X Sport | CFMoto Sirtaki<\/title>\n<meta name=\"robots\" content=\"index, follow, max-snippet:-1, max-image-preview:large, max-video-preview:-1\" \/>\n<link rel=\"canonical\" href=\"https:\/\/moto.sirtaki.ee\/ru\/product\/mootorratas-700cl-x-sport\/\" \/>\n<meta property=\"og:locale\" content=\"ru_RU\" \/>\n<meta property=\"og:type\" content=\"article\" \/>\n<meta property=\"og:title\" content=\"Mootorratas 700CL-X Sport | CFMoto Sirtaki\" \/>\n<meta property=\"og:description\" content=\"CL-X Sport mudeli esiratta suurus on t\u00e4psema juhitavuse eesm\u00e4rgil saanud 17-tollise velje. Veermik, mida t\u00e4iendab Brembo Stylema piduris\u00fcsteem, istub end t\u00f5estanud KYB-vedrustusel. Rehvidena on kasutusel Sportrehvid MAXXIS MA-ST2 mis tagavad mugava s\u00f5idu mitte ainult suurtel kiirustel, vaid ka m\u00e4rjal teel.\" \/>\n<meta property=\"og:url\" content=\"https:\/\/moto.sirtaki.ee\/ru\/product\/mootorratas-700cl-x-sport\/\" \/>\n<meta property=\"og:site_name\" content=\"CFMoto Sirtaki\" \/>\n<meta property=\"article:modified_time\" content=\"2024-12-10T11:26:24+00:00\" \/>\n<meta property=\"og:image\" content=\"https:\/\/moto.sirtaki.ee\/wp-content\/uploads\/2024\/10\/CFMOTO-700CL-X-SPORT.jpg\" \/>\n\t<meta property=\"og:image:width\" content=\"1875\" \/>\n\t<meta property=\"og:image:height\" content=\"1875\" \/>\n\t<meta property=\"og:image:type\" content=\"image\/jpeg\" \/>\n<meta name=\"twitter:card\" content=\"summary_large_image\" \/>\n<script type=\"application\/ld+json\" class=\"yoast-schema-graph\">{\"@context\":\"https:\/\/schema.org\",\"@graph\":[{\"@type\":\"WebPage\",\"@id\":\"https:\/\/moto.sirtaki.ee\/product\/mootorratas-700cl-x-sport\/\",\"url\":\"https:\/\/moto.sirtaki.ee\/product\/mootorratas-700cl-x-sport\/\",\"name\":\"Mootorratas 700CL-X Sport | CFMoto Sirtaki\",\"isPartOf\":{\"@id\":\"https:\/\/moto.sirtaki.ee\/#website\"},\"primaryImageOfPage\":{\"@id\":\"https:\/\/moto.sirtaki.ee\/product\/mootorratas-700cl-x-sport\/#primaryimage\"},\"image\":{\"@id\":\"https:\/\/moto.sirtaki.ee\/product\/mootorratas-700cl-x-sport\/#primaryimage\"},\"thumbnailUrl\":\"https:\/\/moto.sirtaki.ee\/wp-content\/uploads\/2024\/10\/CFMOTO-700CL-X-SPORT.jpg\",\"datePublished\":\"2024-11-01T06:43:35+00:00\",\"dateModified\":\"2024-12-10T11:26:24+00:00\",\"breadcrumb\":{\"@id\":\"https:\/\/moto.sirtaki.ee\/product\/mootorratas-700cl-x-sport\/#breadcrumb\"},\"inLanguage\":\"ru-RU\",\"potentialAction\":[{\"@type\":\"ReadAction\",\"target\":[\"https:\/\/moto.sirtaki.ee\/product\/mootorratas-700cl-x-sport\/\"]}]},{\"@type\":\"ImageObject\",\"inLanguage\":\"ru-RU\",\"@id\":\"https:\/\/moto.sirtaki.ee\/product\/mootorratas-700cl-x-sport\/#primaryimage\",\"url\":\"https:\/\/moto.sirtaki.ee\/wp-content\/uploads\/2024\/10\/CFMOTO-700CL-X-SPORT.jpg\",\"contentUrl\":\"https:\/\/moto.sirtaki.ee\/wp-content\/uploads\/2024\/10\/CFMOTO-700CL-X-SPORT.jpg\",\"width\":1875,\"height\":1875},{\"@type\":\"BreadcrumbList\",\"@id\":\"https:\/\/moto.sirtaki.ee\/product\/mootorratas-700cl-x-sport\/#breadcrumb\",\"itemListElement\":[{\"@type\":\"ListItem\",\"position\":1,\"name\":\"Home\",\"item\":\"https:\/\/moto.sirtaki.ee\/\"},{\"@type\":\"ListItem\",\"position\":2,\"name\":\"Shop\",\"item\":\"https:\/\/moto.sirtaki.ee\/shop\/\"},{\"@type\":\"ListItem\",\"position\":3,\"name\":\"Mootorratas 700CL-X Sport\"}]},{\"@type\":\"WebSite\",\"@id\":\"https:\/\/moto.sirtaki.ee\/#website\",\"url\":\"https:\/\/moto.sirtaki.ee\/\",\"name\":\"CFMoto Sirtaki\",\"description\":\"\",\"potentialAction\":[{\"@type\":\"SearchAction\",\"target\":{\"@type\":\"EntryPoint\",\"urlTemplate\":\"https:\/\/moto.sirtaki.ee\/?s={search_term_string}\"},\"query-input\":{\"@type\":\"PropertyValueSpecification\",\"valueRequired\":true,\"valueName\":\"search_term_string\"}}],\"inLanguage\":\"ru-RU\"}]}<\/script>\n<!-- \/ Yoast SEO plugin. -->","yoast_head_json":{"title":"Mootorratas 700CL-X Sport | CFMoto Sirtaki","robots":{"index":"index","follow":"follow","max-snippet":"max-snippet:-1","max-image-preview":"max-image-preview:large","max-video-preview":"max-video-preview:-1"},"canonical":"https:\/\/moto.sirtaki.ee\/ru\/product\/mootorratas-700cl-x-sport\/","og_locale":"ru_RU","og_type":"article","og_title":"Mootorratas 700CL-X Sport | CFMoto Sirtaki","og_description":"CL-X Sport mudeli esiratta suurus on t\u00e4psema juhitavuse eesm\u00e4rgil saanud 17-tollise velje. Veermik, mida t\u00e4iendab Brembo Stylema piduris\u00fcsteem, istub end t\u00f5estanud KYB-vedrustusel. Rehvidena on kasutusel Sportrehvid MAXXIS MA-ST2 mis tagavad mugava s\u00f5idu mitte ainult suurtel kiirustel, vaid ka m\u00e4rjal teel.","og_url":"https:\/\/moto.sirtaki.ee\/ru\/product\/mootorratas-700cl-x-sport\/","og_site_name":"CFMoto Sirtaki","article_modified_time":"2024-12-10T11:26:24+00:00","og_image":[{"width":1875,"height":1875,"url":"https:\/\/moto.sirtaki.ee\/wp-content\/uploads\/2024\/10\/CFMOTO-700CL-X-SPORT.jpg","type":"image\/jpeg"}],"twitter_card":"summary_large_image","schema":{"@context":"https:\/\/schema.org","@graph":[{"@type":"WebPage","@id":"https:\/\/moto.sirtaki.ee\/product\/mootorratas-700cl-x-sport\/","url":"https:\/\/moto.sirtaki.ee\/product\/mootorratas-700cl-x-sport\/","name":"Mootorratas 700CL-X Sport | CFMoto Sirtaki","isPartOf":{"@id":"https:\/\/moto.sirtaki.ee\/#website"},"primaryImageOfPage":{"@id":"https:\/\/moto.sirtaki.ee\/product\/mootorratas-700cl-x-sport\/#primaryimage"},"image":{"@id":"https:\/\/moto.sirtaki.ee\/product\/mootorratas-700cl-x-sport\/#primaryimage"},"thumbnailUrl":"https:\/\/moto.sirtaki.ee\/wp-content\/uploads\/2024\/10\/CFMOTO-700CL-X-SPORT.jpg","datePublished":"2024-11-01T06:43:35+00:00","dateModified":"2024-12-10T11:26:24+00:00","breadcrumb":{"@id":"https:\/\/moto.sirtaki.ee\/product\/mootorratas-700cl-x-sport\/#breadcrumb"},"inLanguage":"ru-RU","potentialAction":[{"@type":"ReadAction","target":["https:\/\/moto.sirtaki.ee\/product\/mootorratas-700cl-x-sport\/"]}]},{"@type":"ImageObject","inLanguage":"ru-RU","@id":"https:\/\/moto.sirtaki.ee\/product\/mootorratas-700cl-x-sport\/#primaryimage","url":"https:\/\/moto.sirtaki.ee\/wp-content\/uploads\/2024\/10\/CFMOTO-700CL-X-SPORT.jpg","contentUrl":"https:\/\/moto.sirtaki.ee\/wp-content\/uploads\/2024\/10\/CFMOTO-700CL-X-SPORT.jpg","width":1875,"height":1875},{"@type":"BreadcrumbList","@id":"https:\/\/moto.sirtaki.ee\/product\/mootorratas-700cl-x-sport\/#breadcrumb","itemListElement":[{"@type":"ListItem","position":1,"name":"Home","item":"https:\/\/moto.sirtaki.ee\/"},{"@type":"ListItem","position":2,"name":"Shop","item":"https:\/\/moto.sirtaki.ee\/shop\/"},{"@type":"ListItem","position":3,"name":"Mootorratas 700CL-X Sport"}]},{"@type":"WebSite","@id":"https:\/\/moto.sirtaki.ee\/#website","url":"https:\/\/moto.sirtaki.ee\/","name":"CFMoto Sirtaki","description":"","potentialAction":[{"@type":"SearchAction","target":{"@type":"EntryPoint","urlTemplate":"https:\/\/moto.sirtaki.ee\/?s={search_term_string}"},"query-input":{"@type":"PropertyValueSpecification","valueRequired":true,"valueName":"search_term_string"}}],"inLanguage":"ru-RU"}]}},"_links":{"self":[{"href":"https:\/\/moto.sirtaki.ee\/ru\/wp-json\/wp\/v2\/product\/3592"}],"collection":[{"href":"https:\/\/moto.sirtaki.ee\/ru\/wp-json\/wp\/v2\/product"}],"about":[{"href":"https:\/\/moto.sirtaki.ee\/ru\/wp-json\/wp\/v2\/types\/product"}],"wp:featuredmedia":[{"embeddable":true,"href":"https:\/\/moto.sirtaki.ee\/ru\/wp-json\/wp\/v2\/media\/3768"}],"wp:attachment":[{"href":"https:\/\/moto.sirtaki.ee\/ru\/wp-json\/wp\/v2\/media?parent=3592"}],"wp:term":[{"taxonomy":"product_cat","embeddable":true,"href":"https:\/\/moto.sirtaki.ee\/ru\/wp-json\/wp\/v2\/product_cat?post=3592"},{"taxonomy":"product_tag","embeddable":true,"href":"https:\/\/moto.sirtaki.ee\/ru\/wp-json\/wp\/v2\/product_tag?post=3592"}],"curies":[{"name":"wp","href":"https:\/\/api.w.org\/{rel}","templated":true}]}}