{"id":3627,"date":"2024-11-01T10:09:23","date_gmt":"2024-11-01T07:09:23","guid":{"rendered":"https:\/\/moto.sirtaki.ee\/?post_type=product&#038;p=3627"},"modified":"2024-12-16T16:26:01","modified_gmt":"2024-12-16T13:26:01","slug":"cfmoto-generaator-i30","status":"publish","type":"product","link":"https:\/\/moto.sirtaki.ee\/ru\/product\/cfmoto-generaator-i30\/","title":{"rendered":"CFMOTO generaator i30"},"content":{"rendered":"<h3 class=\"elementor-heading-title elementor-size-default\">Inverter &#8211; generaator CFMOTO i30 tehnilised andmed<\/h3>\n<div class=\"premium-table-wrap premium-table-responsive\">\n<table class=\"premium-table\" data-settings=\"{&quot;sort&quot;:false,&quot;usNumbers&quot;:false,&quot;sortMob&quot;:false,&quot;search&quot;:false,&quot;records&quot;:false,&quot;dataType&quot;:&quot;csv&quot;,&quot;csvFile&quot;:&quot;https:\\\/\\\/docs.google.com\\\/spreadsheets\\\/d\\\/e\\\/2PACX-1vRU1DBR85QniEsJNJf0ATR4QBKBf7r5MXs7lHYm9hFera7jrALlqZWA45mew9CLLRp-LPCYCJ79Qwer\\\/pub?gid=0&amp;single=true&amp;output=csv&quot;,&quot;firstRow&quot;:&quot;head&quot;,&quot;separator&quot;:&quot;,&quot;,&quot;pagination&quot;:&quot;&quot;,&quot;rows&quot;:0,&quot;id&quot;:&quot;59780bf&quot;,&quot;reload&quot;:&quot;day&quot;}\">\n<thead class=\"premium-table-head\">\n<tr class=\"premium-table-row\">\n<th class=\"premium-table-cell\"><span class=\"premium-table-text\">CFMOTO inverter generaator<\/span><\/th>\n<th class=\"premium-table-cell\"><span class=\"premium-table-text\">i27 Seeria<\/span><\/th>\n<\/tr>\n<\/thead>\n<tbody>\n<tr class=\"premium-table-row\">\n<td class=\"premium-table-cell\"><span class=\"premium-table-text\">Mootori Mudel<\/span><\/td>\n<td class=\"premium-table-cell\"><span class=\"premium-table-text\">LH148F-G<\/span><\/td>\n<\/tr>\n<tr class=\"premium-table-row\">\n<td class=\"premium-table-cell\"><span class=\"premium-table-text\">Mootori t\u00fc\u00fcp <\/span><\/td>\n<td class=\"premium-table-cell\"><span class=\"premium-table-text\">4 Taktiline \/ \u00d5hkjahutusega \/ \u00dche silindriline \/ OHV Bensiinimootor<\/span><\/td>\n<\/tr>\n<tr class=\"premium-table-row\">\n<td class=\"premium-table-cell\"><span class=\"premium-table-text\">Mootori v\u00f5imsus<\/span><\/td>\n<td class=\"premium-table-cell\"><span class=\"premium-table-text\">79 cc<\/span><\/td>\n<\/tr>\n<tr class=\"premium-table-row\">\n<td class=\"premium-table-cell\"><span class=\"premium-table-text\">\u00dcldandmed <\/span><\/td>\n<td class=\"premium-table-cell\"><\/td>\n<\/tr>\n<tr class=\"premium-table-row\">\n<td class=\"premium-table-cell\"><span class=\"premium-table-text\">Max v\u00f5imsus (kW<\/span><\/td>\n<td class=\"premium-table-cell\"><span class=\"premium-table-text\">3 kW<\/span><\/td>\n<\/tr>\n<tr class=\"premium-table-row\">\n<td class=\"premium-table-cell\"><span class=\"premium-table-text\">T\u00f6\u00f6v\u00f5imus (kW)<\/span><\/td>\n<td class=\"premium-table-cell\"><span class=\"premium-table-text\">2.1 kW<\/span><\/td>\n<\/tr>\n<tr class=\"premium-table-row\">\n<td class=\"premium-table-cell\"><span class=\"premium-table-text\">AC nimipinge (V)<\/span><\/td>\n<td class=\"premium-table-cell\"><span class=\"premium-table-text\"> 230 \/ 120 V<\/span><\/td>\n<\/tr>\n<tr class=\"premium-table-row\">\n<td class=\"premium-table-cell\"><span class=\"premium-table-text\">AC nimivool (A)<\/span><\/td>\n<td class=\"premium-table-cell\"><span class=\"premium-table-text\">9.1 A<\/span><\/td>\n<\/tr>\n<tr class=\"premium-table-row\">\n<td class=\"premium-table-cell\"><span class=\"premium-table-text\">AC pistikupesad (tk)<\/span><\/td>\n<td class=\"premium-table-cell\"><span class=\"premium-table-text\">2 tk<\/span><\/td>\n<\/tr>\n<tr class=\"premium-table-row\">\n<td class=\"premium-table-cell\"><span class=\"premium-table-text\">Sagedus (Hz)<\/span><\/td>\n<td class=\"premium-table-cell\"><span class=\"premium-table-text\">50 \/ 60 Hz<\/span><\/td>\n<\/tr>\n<tr class=\"premium-table-row\">\n<td class=\"premium-table-cell\"><span class=\"premium-table-text\">M\u00fcratase (db)<\/span><\/td>\n<td class=\"premium-table-cell\"><span class=\"premium-table-text\"> 52-59 db<\/span><\/td>\n<\/tr>\n<tr class=\"premium-table-row\">\n<td class=\"premium-table-cell\"><span class=\"premium-table-text\">DC nimipinge (V)<\/span><\/td>\n<td class=\"premium-table-cell\"><span class=\"premium-table-text\">12 V<\/span><\/td>\n<\/tr>\n<tr class=\"premium-table-row\">\n<td class=\"premium-table-cell\"><span class=\"premium-table-text\">DC nimivool (A) <\/span><\/td>\n<td class=\"premium-table-cell\"><span class=\"premium-table-text\">8 A<\/span><\/td>\n<\/tr>\n<tr class=\"premium-table-row\">\n<td class=\"premium-table-cell\"><span class=\"premium-table-text\">DC pistikupesad (tk) <\/span><\/td>\n<td class=\"premium-table-cell\"><span class=\"premium-table-text\">1 tk<\/span><\/td>\n<\/tr>\n<tr class=\"premium-table-row\">\n<td class=\"premium-table-cell\"><span class=\"premium-table-text\">Pingek\u00f5ikumine (%)<\/span><\/td>\n<td class=\"premium-table-cell\"><span class=\"premium-table-text\">2.5 %<\/span><\/td>\n<\/tr>\n<tr class=\"premium-table-row\">\n<td class=\"premium-table-cell\"><span class=\"premium-table-text\">Starter<\/span><\/td>\n<td class=\"premium-table-cell\"><span class=\"premium-table-text\">K\u00e4sistarter<\/span><\/td>\n<\/tr>\n<tr class=\"premium-table-row\">\n<td class=\"premium-table-cell\"><span class=\"premium-table-text\">K\u00fctuseliik<\/span><\/td>\n<td class=\"premium-table-cell\"><span class=\"premium-table-text\">Bensiin<\/span><\/td>\n<\/tr>\n<tr class=\"premium-table-row\">\n<td class=\"premium-table-cell\"><span class=\"premium-table-text\">K\u00fctusepaagi maht (L)<\/span><\/td>\n<td class=\"premium-table-cell\"><span class=\"premium-table-text\">5 L<\/span><\/td>\n<\/tr>\n<tr class=\"premium-table-row\">\n<td class=\"premium-table-cell\"><span class=\"premium-table-text\">Mootori\u00f5li<\/span><\/td>\n<td class=\"premium-table-cell\"><span class=\"premium-table-text\">SAE15W &#8211; 40<\/span><\/td>\n<\/tr>\n<tr class=\"premium-table-row\">\n<td class=\"premium-table-cell\"><span class=\"premium-table-text\">Mootori\u00f5li kogus (ml)<\/span><\/td>\n<td class=\"premium-table-cell\"><span class=\"premium-table-text\">400 ml<\/span><\/td>\n<\/tr>\n<tr class=\"premium-table-row\">\n<td class=\"premium-table-cell\"><span class=\"premium-table-text\">Pikkus x laius x k\u00f5rgus (mm)<\/span><\/td>\n<td class=\"premium-table-cell\"><span class=\"premium-table-text\">500 x 315 x 438 mm <\/span><\/td>\n<\/tr>\n<tr class=\"premium-table-row\">\n<td class=\"premium-table-cell\"><span class=\"premium-table-text\">Kaal (kg)<\/span><\/td>\n<td class=\"premium-table-cell\"><span class=\"premium-table-text\">19.8 kg<\/span><\/td>\n<\/tr>\n<tr class=\"premium-table-row\">\n<td class=\"premium-table-cell\"><span class=\"premium-table-text\">V\u00e4rvid<\/span><\/td>\n<td class=\"premium-table-cell\"><span class=\"premium-table-text\">Sinine \/ Hall<\/span><\/td>\n<\/tr>\n<tr class=\"premium-table-row\">\n<td class=\"premium-table-cell\"><span class=\"premium-table-text\">Ekraan<\/span><\/td>\n<td class=\"premium-table-cell\"><span class=\"premium-table-text\">LCD<\/span><\/td>\n<\/tr>\n<tr class=\"premium-table-row\">\n<td class=\"premium-table-cell\"><span class=\"premium-table-text\">P\u00f6\u00f6retelugeja<\/span><\/td>\n<td class=\"premium-table-cell\"><span class=\"premium-table-text\">Jah<\/span><\/td>\n<\/tr>\n<tr class=\"premium-table-row\">\n<td class=\"premium-table-cell\"><span class=\"premium-table-text\">Tunnilugeja<\/span><\/td>\n<td class=\"premium-table-cell\"><span class=\"premium-table-text\">Jah<\/span><\/td>\n<\/tr>\n<tr class=\"premium-table-row\">\n<td class=\"premium-table-cell\"><span class=\"premium-table-text\">Pinge kuvamine<\/span><\/td>\n<td class=\"premium-table-cell\"><span class=\"premium-table-text\">Jah<\/span><\/td>\n<\/tr>\n<tr class=\"premium-table-row\">\n<td class=\"premium-table-cell\"><span class=\"premium-table-text\">ECO reziim<\/span><\/td>\n<td class=\"premium-table-cell\"><span class=\"premium-table-text\">Jah<\/span><\/td>\n<\/tr>\n<tr class=\"premium-table-row\">\n<td class=\"premium-table-cell\"><span class=\"premium-table-text\">Madala \u00f5litaseme alarm<\/span><\/td>\n<td class=\"premium-table-cell\"><span class=\"premium-table-text\">Jah<\/span><\/td>\n<\/tr>\n<tr class=\"premium-table-row\">\n<td class=\"premium-table-cell\"><span class=\"premium-table-text\">\u00dclekoormuse alarm<\/span><\/td>\n<td class=\"premium-table-cell\"><span class=\"premium-table-text\">Jah<\/span><\/td>\n<\/tr>\n<tr class=\"premium-table-row\">\n<td class=\"premium-table-cell\"><span class=\"premium-table-text\">K\u00fctusetaseme n\u00e4idik<\/span><\/td>\n<td class=\"premium-table-cell\"><span class=\"premium-table-text\">Jah<\/span><\/td>\n<\/tr>\n<\/tbody>\n<\/table>\n<\/div>","protected":false},"excerpt":{"rendered":"<h3 class=\"elementor-heading-title elementor-size-large\">Inverter &#8211; generaator 220V<\/h3>","protected":false},"featured_media":3964,"template":"","meta":[],"product_cat":[54],"product_tag":[],"class_list":{"0":"post-3627","1":"product","2":"type-product","3":"status-publish","4":"has-post-thumbnail","6":"product_cat-generaatorid","8":"first","9":"instock","10":"taxable","11":"shipping-taxable","12":"purchasable","13":"product-type-simple"},"yoast_head":"<!-- This site is optimized with the Yoast SEO plugin v23.9 - https:\/\/yoast.com\/wordpress\/plugins\/seo\/ -->\n<title>CFMOTO generaator i30 | CFMoto Sirtaki<\/title>\n<meta name=\"robots\" content=\"index, follow, max-snippet:-1, max-image-preview:large, max-video-preview:-1\" \/>\n<link rel=\"canonical\" href=\"https:\/\/moto.sirtaki.ee\/ru\/product\/cfmoto-generaator-i30\/\" \/>\n<meta property=\"og:locale\" content=\"ru_RU\" \/>\n<meta property=\"og:type\" content=\"article\" \/>\n<meta property=\"og:title\" content=\"CFMOTO generaator i30 | CFMoto Sirtaki\" \/>\n<meta property=\"og:description\" content=\"Inverter - generaator 220V\" \/>\n<meta property=\"og:url\" content=\"https:\/\/moto.sirtaki.ee\/ru\/product\/cfmoto-generaator-i30\/\" \/>\n<meta property=\"og:site_name\" content=\"CFMoto Sirtaki\" \/>\n<meta property=\"article:modified_time\" content=\"2024-12-16T13:26:01+00:00\" \/>\n<meta property=\"og:image\" content=\"https:\/\/moto.sirtaki.ee\/wp-content\/uploads\/2024\/11\/CFMOTO-i301.jpg\" \/>\n\t<meta property=\"og:image:width\" content=\"1875\" \/>\n\t<meta property=\"og:image:height\" content=\"1875\" \/>\n\t<meta property=\"og:image:type\" content=\"image\/jpeg\" \/>\n<meta name=\"twitter:card\" content=\"summary_large_image\" \/>\n<script type=\"application\/ld+json\" class=\"yoast-schema-graph\">{\"@context\":\"https:\/\/schema.org\",\"@graph\":[{\"@type\":\"WebPage\",\"@id\":\"https:\/\/moto.sirtaki.ee\/product\/cfmoto-generaator-i30\/\",\"url\":\"https:\/\/moto.sirtaki.ee\/product\/cfmoto-generaator-i30\/\",\"name\":\"CFMOTO generaator i30 | CFMoto Sirtaki\",\"isPartOf\":{\"@id\":\"https:\/\/moto.sirtaki.ee\/#website\"},\"primaryImageOfPage\":{\"@id\":\"https:\/\/moto.sirtaki.ee\/product\/cfmoto-generaator-i30\/#primaryimage\"},\"image\":{\"@id\":\"https:\/\/moto.sirtaki.ee\/product\/cfmoto-generaator-i30\/#primaryimage\"},\"thumbnailUrl\":\"https:\/\/moto.sirtaki.ee\/wp-content\/uploads\/2024\/11\/CFMOTO-i301.jpg\",\"datePublished\":\"2024-11-01T07:09:23+00:00\",\"dateModified\":\"2024-12-16T13:26:01+00:00\",\"breadcrumb\":{\"@id\":\"https:\/\/moto.sirtaki.ee\/product\/cfmoto-generaator-i30\/#breadcrumb\"},\"inLanguage\":\"ru-RU\",\"potentialAction\":[{\"@type\":\"ReadAction\",\"target\":[\"https:\/\/moto.sirtaki.ee\/product\/cfmoto-generaator-i30\/\"]}]},{\"@type\":\"ImageObject\",\"inLanguage\":\"ru-RU\",\"@id\":\"https:\/\/moto.sirtaki.ee\/product\/cfmoto-generaator-i30\/#primaryimage\",\"url\":\"https:\/\/moto.sirtaki.ee\/wp-content\/uploads\/2024\/11\/CFMOTO-i301.jpg\",\"contentUrl\":\"https:\/\/moto.sirtaki.ee\/wp-content\/uploads\/2024\/11\/CFMOTO-i301.jpg\",\"width\":1875,\"height\":1875},{\"@type\":\"BreadcrumbList\",\"@id\":\"https:\/\/moto.sirtaki.ee\/product\/cfmoto-generaator-i30\/#breadcrumb\",\"itemListElement\":[{\"@type\":\"ListItem\",\"position\":1,\"name\":\"Home\",\"item\":\"https:\/\/moto.sirtaki.ee\/\"},{\"@type\":\"ListItem\",\"position\":2,\"name\":\"Shop\",\"item\":\"https:\/\/moto.sirtaki.ee\/shop\/\"},{\"@type\":\"ListItem\",\"position\":3,\"name\":\"CFMOTO generaator i30\"}]},{\"@type\":\"WebSite\",\"@id\":\"https:\/\/moto.sirtaki.ee\/#website\",\"url\":\"https:\/\/moto.sirtaki.ee\/\",\"name\":\"CFMoto Sirtaki\",\"description\":\"\",\"potentialAction\":[{\"@type\":\"SearchAction\",\"target\":{\"@type\":\"EntryPoint\",\"urlTemplate\":\"https:\/\/moto.sirtaki.ee\/?s={search_term_string}\"},\"query-input\":{\"@type\":\"PropertyValueSpecification\",\"valueRequired\":true,\"valueName\":\"search_term_string\"}}],\"inLanguage\":\"ru-RU\"}]}<\/script>\n<!-- \/ Yoast SEO plugin. -->","yoast_head_json":{"title":"CFMOTO generaator i30 | CFMoto Sirtaki","robots":{"index":"index","follow":"follow","max-snippet":"max-snippet:-1","max-image-preview":"max-image-preview:large","max-video-preview":"max-video-preview:-1"},"canonical":"https:\/\/moto.sirtaki.ee\/ru\/product\/cfmoto-generaator-i30\/","og_locale":"ru_RU","og_type":"article","og_title":"CFMOTO generaator i30 | CFMoto Sirtaki","og_description":"Inverter - generaator 220V","og_url":"https:\/\/moto.sirtaki.ee\/ru\/product\/cfmoto-generaator-i30\/","og_site_name":"CFMoto Sirtaki","article_modified_time":"2024-12-16T13:26:01+00:00","og_image":[{"width":1875,"height":1875,"url":"https:\/\/moto.sirtaki.ee\/wp-content\/uploads\/2024\/11\/CFMOTO-i301.jpg","type":"image\/jpeg"}],"twitter_card":"summary_large_image","schema":{"@context":"https:\/\/schema.org","@graph":[{"@type":"WebPage","@id":"https:\/\/moto.sirtaki.ee\/product\/cfmoto-generaator-i30\/","url":"https:\/\/moto.sirtaki.ee\/product\/cfmoto-generaator-i30\/","name":"CFMOTO generaator i30 | CFMoto Sirtaki","isPartOf":{"@id":"https:\/\/moto.sirtaki.ee\/#website"},"primaryImageOfPage":{"@id":"https:\/\/moto.sirtaki.ee\/product\/cfmoto-generaator-i30\/#primaryimage"},"image":{"@id":"https:\/\/moto.sirtaki.ee\/product\/cfmoto-generaator-i30\/#primaryimage"},"thumbnailUrl":"https:\/\/moto.sirtaki.ee\/wp-content\/uploads\/2024\/11\/CFMOTO-i301.jpg","datePublished":"2024-11-01T07:09:23+00:00","dateModified":"2024-12-16T13:26:01+00:00","breadcrumb":{"@id":"https:\/\/moto.sirtaki.ee\/product\/cfmoto-generaator-i30\/#breadcrumb"},"inLanguage":"ru-RU","potentialAction":[{"@type":"ReadAction","target":["https:\/\/moto.sirtaki.ee\/product\/cfmoto-generaator-i30\/"]}]},{"@type":"ImageObject","inLanguage":"ru-RU","@id":"https:\/\/moto.sirtaki.ee\/product\/cfmoto-generaator-i30\/#primaryimage","url":"https:\/\/moto.sirtaki.ee\/wp-content\/uploads\/2024\/11\/CFMOTO-i301.jpg","contentUrl":"https:\/\/moto.sirtaki.ee\/wp-content\/uploads\/2024\/11\/CFMOTO-i301.jpg","width":1875,"height":1875},{"@type":"BreadcrumbList","@id":"https:\/\/moto.sirtaki.ee\/product\/cfmoto-generaator-i30\/#breadcrumb","itemListElement":[{"@type":"ListItem","position":1,"name":"Home","item":"https:\/\/moto.sirtaki.ee\/"},{"@type":"ListItem","position":2,"name":"Shop","item":"https:\/\/moto.sirtaki.ee\/shop\/"},{"@type":"ListItem","position":3,"name":"CFMOTO generaator i30"}]},{"@type":"WebSite","@id":"https:\/\/moto.sirtaki.ee\/#website","url":"https:\/\/moto.sirtaki.ee\/","name":"CFMoto Sirtaki","description":"","potentialAction":[{"@type":"SearchAction","target":{"@type":"EntryPoint","urlTemplate":"https:\/\/moto.sirtaki.ee\/?s={search_term_string}"},"query-input":{"@type":"PropertyValueSpecification","valueRequired":true,"valueName":"search_term_string"}}],"inLanguage":"ru-RU"}]}},"_links":{"self":[{"href":"https:\/\/moto.sirtaki.ee\/ru\/wp-json\/wp\/v2\/product\/3627"}],"collection":[{"href":"https:\/\/moto.sirtaki.ee\/ru\/wp-json\/wp\/v2\/product"}],"about":[{"href":"https:\/\/moto.sirtaki.ee\/ru\/wp-json\/wp\/v2\/types\/product"}],"wp:featuredmedia":[{"embeddable":true,"href":"https:\/\/moto.sirtaki.ee\/ru\/wp-json\/wp\/v2\/media\/3964"}],"wp:attachment":[{"href":"https:\/\/moto.sirtaki.ee\/ru\/wp-json\/wp\/v2\/media?parent=3627"}],"wp:term":[{"taxonomy":"product_cat","embeddable":true,"href":"https:\/\/moto.sirtaki.ee\/ru\/wp-json\/wp\/v2\/product_cat?post=3627"},{"taxonomy":"product_tag","embeddable":true,"href":"https:\/\/moto.sirtaki.ee\/ru\/wp-json\/wp\/v2\/product_tag?post=3627"}],"curies":[{"name":"wp","href":"https:\/\/api.w.org\/{rel}","templated":true}]}}