{"id":4033,"date":"2026-04-20T17:35:49","date_gmt":"2026-04-20T14:35:49","guid":{"rendered":"https:\/\/moto.sirtaki.ee\/?post_type=product&#038;p=4033"},"modified":"2026-04-22T17:02:19","modified_gmt":"2026-04-22T14:02:19","slug":"goes-terrox-1000-standard","status":"publish","type":"product","link":"https:\/\/moto.sirtaki.ee\/ru\/product\/goes-terrox-1000-standard\/","title":{"rendered":"GOES TERROX 1000 Standard"},"content":{"rendered":"<p>GOES TERROX 1000 Standard on loodud s\u00f5itjale, kes tahab \u00fchte p\u00e4riselt ATV-d. Masinat, millega saab n\u00e4dalavahetusel metsarajal s\u00f5idust r\u00f5\u00f5mu tunda, aga mis on sama kindel ja mugav ka vedamisel, sahat\u00f6\u00f6l v\u00f5i igap\u00e4evastes toimetustes. TERROX 1000 tugevus on tasakaalus: j\u00f5ud, kontroll ja mugavus \u00fches paketis.<br \/>\nUuendatud V2 mootor, vastupidav konstruktsioon ja l\u00e4bim\u00f5eldud jahutuslahendus annavad sellele ATV-le rahuliku, kuid j\u00f5ulise iseloomu. Masin p\u00fcsib stabiilne ka koormaga, ei suuna kuuma \u00f5hku juhi poole ning s\u00e4ilitab juhitavuse nii aeglasel tehnilisel s\u00f5idul kui ka kiiremal metsateel. Lisaks on kasutusel kaasaegne ekraan ja \u00fchenduvus, mis on p\u00e4riselt praktilised, mitte lihtsalt \u201clisavidinad\u201d.<br \/>\nTERROX 1000 Standard on t\u00e4navalegaalne T3b kategooria ATV, sobides kasutamiseks aastaringselt ja v\u00e4ga erinevates oludes.<br \/>\nTugevused<br \/>\n\u2022 963 cm\u00b3 V2 bensiinimootor \u2013 90 hj ja 85 Nm<br \/>\n\u2022 Bosch EFI sissepritse \u2013 kindel k\u00e4ivitus ja sujuv gaasivastus<br \/>\n\u2022 OMNIDRIVE CVT variaator \u2013 parem jahutus ja t\u00f6\u00f6kindlus suure koormuse all<br \/>\n\u2022 CVT temperatuurihoiatus ekraanil \u2013 lisakindlus ekstreemsel kasutamisel<br \/>\n\u2022 486 kg t\u00fchimass \u2013 stabiilne ja kindel juhitavus<br \/>\n\u2022 520 MPa legeerterasest raam \u2013 tugev ja j\u00e4ik konstruktsioon<br \/>\n\u2022 Lubatud haagise vedamine kuni 800 kg<br \/>\n\u2022 T\u00e4iustatud soojuse \u00e4rajuhtimine \u2013 kuum \u00f5hk liigub ATV alt l\u00e4bi, mitte juhi\/jalgade juurde<br \/>\n\u2022 3 s\u00f5idure\u017eiimi: Work, Normal, Sport<br \/>\n\u2022 3-re\u017eiimiga kiirusetundlik EPS rooliv\u00f5imendi<br \/>\n\u2022 P\u00f6\u00f6rderaadius 3,4 m \u2013 v\u00e4ga hea man\u00f6\u00f6verdus suurte ATV-de klassis<br \/>\n\u2022 300 mm kliirens ja 230\/236 mm vedrustuse t\u00f6\u00f6k\u00e4ik<br \/>\n\u2022 8\u201d MMI 2.0 ekraan, h\u00e4\u00e4ljuhtimine, Apple CarPlay (T-Box lisavarustusega), 3D re\u017eiimianimatsioonid<br \/>\n\u2022 12V, USB-A ja USB-C pistikud<br \/>\n\u2022 OSRAM Gen.3 LED-tuled \u2013 kuni 120 m kaugtuli; hea n\u00e4htavus ka vihmas ja lumes<br \/>\n\u2022 Follow-me-home, voolava efektiga gabariittuled, integreeritud tagurdustuled<br \/>\n\u2022 135 kg kandev\u00f5imega pakiraamid + X-Connect kiirkinnitus lisavarustusele<br \/>\n\u2022 T\u00f6\u00f6riistavabalt eemaldatavad k\u00fcljepaneelid \u2013 kiiremad kontrollid ja hooldus<br \/>\n\u2022 120 mm paksune iste, k\u00f5rgem lenks ja mugavam seisupiduri hoob<br \/>\n\u2022 Testitud \u00fcle 20 000 km<br \/>\n\u2022 Oman\u00e4oline, futuristlik disain<\/p>\n<p>Goes ATV, tootekood: CF1000ATR-4L-EPS-A-BLACK<\/p>\n<p>&nbsp;<\/p>","protected":false},"excerpt":{"rendered":"<p>Mootor 963 cc V2, EPS rooliv\u00f5imendi, 2WD \/ 4WD \/ 4WD LOCK, v\u00e4rvus Must<\/p>\n<ul>\n<li>OSRAM LED tuled<\/li>\n<li>8-tolline MMI ekraan<\/li>\n<li>Apple Carplay (T-Box lisavarustusega)<\/li>\n<li>k\u00e4tekaitsmed<\/li>\n<li>tiivalaiendid<\/li>\n<li>14 tolli kergmetallveljed<\/li>\n<li>t\u00e4navalegaalne \u2013 T3b<\/li>\n<li>garantii 3 aastat v\u00f5i 10000km<\/li>\n<\/ul>\n<p>&nbsp;<\/p>","protected":false},"featured_media":4035,"template":"","meta":[],"product_cat":[76,47],"product_tag":[],"class_list":{"0":"post-4033","1":"product","2":"type-product","3":"status-publish","4":"has-post-thumbnail","6":"product_cat-atv-atv","7":"product_cat-atv","9":"first","10":"instock","11":"sale","12":"taxable","13":"shipping-taxable","14":"purchasable","15":"product-type-variable"},"yoast_head":"<!-- This site is optimized with the Yoast SEO plugin v23.9 - https:\/\/yoast.com\/wordpress\/plugins\/seo\/ -->\n<title>GOES TERROX 1000 Standard | CFMoto Sirtaki<\/title>\n<meta name=\"robots\" content=\"index, follow, max-snippet:-1, max-image-preview:large, max-video-preview:-1\" \/>\n<link rel=\"canonical\" href=\"https:\/\/moto.sirtaki.ee\/ru\/product\/goes-terrox-1000-standard\/\" \/>\n<meta property=\"og:locale\" content=\"ru_RU\" \/>\n<meta property=\"og:type\" content=\"article\" \/>\n<meta property=\"og:title\" content=\"GOES TERROX 1000 Standard | CFMoto Sirtaki\" \/>\n<meta property=\"og:description\" content=\"Mootor 963 cc V2, EPS rooliv\u00f5imendi, 2WD \/ 4WD \/ 4WD LOCK, v\u00e4rvus Must   OSRAM LED tuled  8-tolline MMI ekraan  Apple Carplay (T-Box lisavarustusega)  k\u00e4tekaitsmed  tiivalaiendid  14 tolli kergmetallveljed  t\u00e4navalegaalne \u2013 T3b  garantii 3 aastat v\u00f5i 10000km  &nbsp;\" \/>\n<meta property=\"og:url\" content=\"https:\/\/moto.sirtaki.ee\/ru\/product\/goes-terrox-1000-standard\/\" \/>\n<meta property=\"og:site_name\" content=\"CFMoto Sirtaki\" \/>\n<meta property=\"article:modified_time\" content=\"2026-04-22T14:02:19+00:00\" \/>\n<meta property=\"og:image\" content=\"https:\/\/moto.sirtaki.ee\/wp-content\/uploads\/2026\/04\/CF1000ATR-4L-EPS-A-BLACK-1.jpg\" \/>\n\t<meta property=\"og:image:width\" content=\"1920\" \/>\n\t<meta property=\"og:image:height\" content=\"1280\" \/>\n\t<meta property=\"og:image:type\" content=\"image\/jpeg\" \/>\n<meta name=\"twitter:card\" content=\"summary_large_image\" \/>\n<script type=\"application\/ld+json\" class=\"yoast-schema-graph\">{\"@context\":\"https:\/\/schema.org\",\"@graph\":[{\"@type\":\"WebPage\",\"@id\":\"https:\/\/moto.sirtaki.ee\/product\/goes-terrox-1000-standard\/\",\"url\":\"https:\/\/moto.sirtaki.ee\/product\/goes-terrox-1000-standard\/\",\"name\":\"GOES TERROX 1000 Standard | CFMoto Sirtaki\",\"isPartOf\":{\"@id\":\"https:\/\/moto.sirtaki.ee\/#website\"},\"primaryImageOfPage\":{\"@id\":\"https:\/\/moto.sirtaki.ee\/product\/goes-terrox-1000-standard\/#primaryimage\"},\"image\":{\"@id\":\"https:\/\/moto.sirtaki.ee\/product\/goes-terrox-1000-standard\/#primaryimage\"},\"thumbnailUrl\":\"https:\/\/moto.sirtaki.ee\/wp-content\/uploads\/2026\/04\/CF1000ATR-4L-EPS-A-BLACK-1.jpg\",\"datePublished\":\"2026-04-20T14:35:49+00:00\",\"dateModified\":\"2026-04-22T14:02:19+00:00\",\"breadcrumb\":{\"@id\":\"https:\/\/moto.sirtaki.ee\/product\/goes-terrox-1000-standard\/#breadcrumb\"},\"inLanguage\":\"ru-RU\",\"potentialAction\":[{\"@type\":\"ReadAction\",\"target\":[\"https:\/\/moto.sirtaki.ee\/product\/goes-terrox-1000-standard\/\"]}]},{\"@type\":\"ImageObject\",\"inLanguage\":\"ru-RU\",\"@id\":\"https:\/\/moto.sirtaki.ee\/product\/goes-terrox-1000-standard\/#primaryimage\",\"url\":\"https:\/\/moto.sirtaki.ee\/wp-content\/uploads\/2026\/04\/CF1000ATR-4L-EPS-A-BLACK-1.jpg\",\"contentUrl\":\"https:\/\/moto.sirtaki.ee\/wp-content\/uploads\/2026\/04\/CF1000ATR-4L-EPS-A-BLACK-1.jpg\",\"width\":1920,\"height\":1280},{\"@type\":\"BreadcrumbList\",\"@id\":\"https:\/\/moto.sirtaki.ee\/product\/goes-terrox-1000-standard\/#breadcrumb\",\"itemListElement\":[{\"@type\":\"ListItem\",\"position\":1,\"name\":\"Home\",\"item\":\"https:\/\/moto.sirtaki.ee\/\"},{\"@type\":\"ListItem\",\"position\":2,\"name\":\"Shop\",\"item\":\"https:\/\/moto.sirtaki.ee\/shop\/\"},{\"@type\":\"ListItem\",\"position\":3,\"name\":\"GOES TERROX 1000 Standard\"}]},{\"@type\":\"WebSite\",\"@id\":\"https:\/\/moto.sirtaki.ee\/#website\",\"url\":\"https:\/\/moto.sirtaki.ee\/\",\"name\":\"CFMoto Sirtaki\",\"description\":\"\",\"potentialAction\":[{\"@type\":\"SearchAction\",\"target\":{\"@type\":\"EntryPoint\",\"urlTemplate\":\"https:\/\/moto.sirtaki.ee\/?s={search_term_string}\"},\"query-input\":{\"@type\":\"PropertyValueSpecification\",\"valueRequired\":true,\"valueName\":\"search_term_string\"}}],\"inLanguage\":\"ru-RU\"}]}<\/script>\n<!-- \/ Yoast SEO plugin. -->","yoast_head_json":{"title":"GOES TERROX 1000 Standard | CFMoto Sirtaki","robots":{"index":"index","follow":"follow","max-snippet":"max-snippet:-1","max-image-preview":"max-image-preview:large","max-video-preview":"max-video-preview:-1"},"canonical":"https:\/\/moto.sirtaki.ee\/ru\/product\/goes-terrox-1000-standard\/","og_locale":"ru_RU","og_type":"article","og_title":"GOES TERROX 1000 Standard | CFMoto Sirtaki","og_description":"Mootor 963 cc V2, EPS rooliv\u00f5imendi, 2WD \/ 4WD \/ 4WD LOCK, v\u00e4rvus Must   OSRAM LED tuled  8-tolline MMI ekraan  Apple Carplay (T-Box lisavarustusega)  k\u00e4tekaitsmed  tiivalaiendid  14 tolli kergmetallveljed  t\u00e4navalegaalne \u2013 T3b  garantii 3 aastat v\u00f5i 10000km  &nbsp;","og_url":"https:\/\/moto.sirtaki.ee\/ru\/product\/goes-terrox-1000-standard\/","og_site_name":"CFMoto Sirtaki","article_modified_time":"2026-04-22T14:02:19+00:00","og_image":[{"width":1920,"height":1280,"url":"https:\/\/moto.sirtaki.ee\/wp-content\/uploads\/2026\/04\/CF1000ATR-4L-EPS-A-BLACK-1.jpg","type":"image\/jpeg"}],"twitter_card":"summary_large_image","schema":{"@context":"https:\/\/schema.org","@graph":[{"@type":"WebPage","@id":"https:\/\/moto.sirtaki.ee\/product\/goes-terrox-1000-standard\/","url":"https:\/\/moto.sirtaki.ee\/product\/goes-terrox-1000-standard\/","name":"GOES TERROX 1000 Standard | CFMoto Sirtaki","isPartOf":{"@id":"https:\/\/moto.sirtaki.ee\/#website"},"primaryImageOfPage":{"@id":"https:\/\/moto.sirtaki.ee\/product\/goes-terrox-1000-standard\/#primaryimage"},"image":{"@id":"https:\/\/moto.sirtaki.ee\/product\/goes-terrox-1000-standard\/#primaryimage"},"thumbnailUrl":"https:\/\/moto.sirtaki.ee\/wp-content\/uploads\/2026\/04\/CF1000ATR-4L-EPS-A-BLACK-1.jpg","datePublished":"2026-04-20T14:35:49+00:00","dateModified":"2026-04-22T14:02:19+00:00","breadcrumb":{"@id":"https:\/\/moto.sirtaki.ee\/product\/goes-terrox-1000-standard\/#breadcrumb"},"inLanguage":"ru-RU","potentialAction":[{"@type":"ReadAction","target":["https:\/\/moto.sirtaki.ee\/product\/goes-terrox-1000-standard\/"]}]},{"@type":"ImageObject","inLanguage":"ru-RU","@id":"https:\/\/moto.sirtaki.ee\/product\/goes-terrox-1000-standard\/#primaryimage","url":"https:\/\/moto.sirtaki.ee\/wp-content\/uploads\/2026\/04\/CF1000ATR-4L-EPS-A-BLACK-1.jpg","contentUrl":"https:\/\/moto.sirtaki.ee\/wp-content\/uploads\/2026\/04\/CF1000ATR-4L-EPS-A-BLACK-1.jpg","width":1920,"height":1280},{"@type":"BreadcrumbList","@id":"https:\/\/moto.sirtaki.ee\/product\/goes-terrox-1000-standard\/#breadcrumb","itemListElement":[{"@type":"ListItem","position":1,"name":"Home","item":"https:\/\/moto.sirtaki.ee\/"},{"@type":"ListItem","position":2,"name":"Shop","item":"https:\/\/moto.sirtaki.ee\/shop\/"},{"@type":"ListItem","position":3,"name":"GOES TERROX 1000 Standard"}]},{"@type":"WebSite","@id":"https:\/\/moto.sirtaki.ee\/#website","url":"https:\/\/moto.sirtaki.ee\/","name":"CFMoto Sirtaki","description":"","potentialAction":[{"@type":"SearchAction","target":{"@type":"EntryPoint","urlTemplate":"https:\/\/moto.sirtaki.ee\/?s={search_term_string}"},"query-input":{"@type":"PropertyValueSpecification","valueRequired":true,"valueName":"search_term_string"}}],"inLanguage":"ru-RU"}]}},"_links":{"self":[{"href":"https:\/\/moto.sirtaki.ee\/ru\/wp-json\/wp\/v2\/product\/4033"}],"collection":[{"href":"https:\/\/moto.sirtaki.ee\/ru\/wp-json\/wp\/v2\/product"}],"about":[{"href":"https:\/\/moto.sirtaki.ee\/ru\/wp-json\/wp\/v2\/types\/product"}],"wp:featuredmedia":[{"embeddable":true,"href":"https:\/\/moto.sirtaki.ee\/ru\/wp-json\/wp\/v2\/media\/4035"}],"wp:attachment":[{"href":"https:\/\/moto.sirtaki.ee\/ru\/wp-json\/wp\/v2\/media?parent=4033"}],"wp:term":[{"taxonomy":"product_cat","embeddable":true,"href":"https:\/\/moto.sirtaki.ee\/ru\/wp-json\/wp\/v2\/product_cat?post=4033"},{"taxonomy":"product_tag","embeddable":true,"href":"https:\/\/moto.sirtaki.ee\/ru\/wp-json\/wp\/v2\/product_tag?post=4033"}],"curies":[{"name":"wp","href":"https:\/\/api.w.org\/{rel}","templated":true}]}}