{"id":4104,"date":"2026-04-22T15:06:45","date_gmt":"2026-04-22T12:06:45","guid":{"rendered":"https:\/\/moto.sirtaki.ee\/?post_type=product&#038;p=4104"},"modified":"2026-04-22T16:49:34","modified_gmt":"2026-04-22T13:49:34","slug":"cforce-1000-touring-overland-abs","status":"publish","type":"product","link":"https:\/\/moto.sirtaki.ee\/ru\/product\/cforce-1000-touring-overland-abs\/","title":{"rendered":"CFORCE 1000 Touring Overland ABS"},"content":{"rendered":"<h3 class=\"elementor-heading-title elementor-size-default\">ATV CFORCE 1000 <span class=\"premium-table-text\">Touring Premium ABS<\/span> tehnilised andmed<\/h3>\n<div class=\"premium-table-wrap premium-table-responsive\">\n<table class=\"premium-table\" data-settings=\"{&quot;sort&quot;:false,&quot;usNumbers&quot;:false,&quot;sortMob&quot;:false,&quot;search&quot;:false,&quot;records&quot;:false,&quot;dataType&quot;:&quot;csv&quot;,&quot;csvFile&quot;:&quot;https:\/\/docs.google.com\/spreadsheets\/d\/e\/2PACX-1vSoTIjoXTFrZP4d2sT7dvyIlyQsB2_yWNvOPLrxq7z2eL-1DjePH5GhMjzueVOS3IiBzNJtoDQ9QBA-\/pub?gid=1689893553&amp;single=true&amp;output=csv&quot;,&quot;firstRow&quot;:&quot;head&quot;,&quot;separator&quot;:&quot;,&quot;,&quot;pagination&quot;:&quot;&quot;,&quot;rows&quot;:0,&quot;id&quot;:&quot;33fe01d&quot;,&quot;reload&quot;:&quot;day&quot;}\">\n<thead class=\"premium-table-head\">\n<tr class=\"premium-table-row\">\n<th class=\"premium-table-cell\"><span class=\"premium-table-text\">ATV mudel <\/span><\/th>\n<th class=\"premium-table-cell\"><span class=\"premium-table-text\">CFORCE 1000 Touring Overland ABS<\/span><\/th>\n<th class=\"premium-table-cell\"><\/th>\n<\/tr>\n<\/thead>\n<tbody>\n<tr class=\"premium-table-row\">\n<td class=\"premium-table-cell\"><span class=\"premium-table-text\">EU t\u00fc\u00fcbikinnitus <\/span><\/td>\n<td class=\"premium-table-cell\"><span class=\"premium-table-text\">167 \/ T3b <\/span><\/td>\n<td class=\"premium-table-cell\"><\/td>\n<\/tr>\n<tr class=\"premium-table-row\">\n<td class=\"premium-table-cell\"><span class=\"premium-table-text\">Tehaset\u00e4his <\/span><\/td>\n<td class=\"premium-table-cell\"><span class=\"premium-table-text\">CF1000ATR-2 <\/span><\/td>\n<td class=\"premium-table-cell\"><\/td>\n<\/tr>\n<tr class=\"premium-table-row\">\n<td class=\"premium-table-cell\"><span class=\"premium-table-text\">\u00dcldandmed <\/span><\/td>\n<td class=\"premium-table-cell\"><\/td>\n<td class=\"premium-table-cell\"><\/td>\n<\/tr>\n<tr class=\"premium-table-row\">\n<td class=\"premium-table-cell\"><span class=\"premium-table-text\">Pikkus x laius x k\u00f5rgus (mm)<\/span><\/td>\n<td class=\"premium-table-cell\"><span class=\"premium-table-text\">2445 x 1264 x 1450 mm <\/span><\/td>\n<td class=\"premium-table-cell\"><\/td>\n<\/tr>\n<tr class=\"premium-table-row\">\n<td class=\"premium-table-cell\"><span class=\"premium-table-text\">Teljevahe (mm) <\/span><\/td>\n<td class=\"premium-table-cell\"><span class=\"premium-table-text\">1480 mm <\/span><\/td>\n<td class=\"premium-table-cell\"><\/td>\n<\/tr>\n<tr class=\"premium-table-row\">\n<td class=\"premium-table-cell\"><span class=\"premium-table-text\">Istme k\u00f5rgus (mm) <\/span><\/td>\n<td class=\"premium-table-cell\"><span class=\"premium-table-text\">585 mm <\/span><\/td>\n<td class=\"premium-table-cell\"><\/td>\n<\/tr>\n<tr class=\"premium-table-row\">\n<td class=\"premium-table-cell\"><span class=\"premium-table-text\">Kliirens (mm) <\/span><\/td>\n<td class=\"premium-table-cell\"><span class=\"premium-table-text\">305 mm <\/span><\/td>\n<td class=\"premium-table-cell\"><\/td>\n<\/tr>\n<tr class=\"premium-table-row\">\n<td class=\"premium-table-cell\"><span class=\"premium-table-text\">Minimaalne p\u00f6\u00f6rdediameeter (m) <\/span><\/td>\n<td class=\"premium-table-cell\"><span class=\"premium-table-text\">6.7 \u00b1 0.5 m <\/span><\/td>\n<td class=\"premium-table-cell\"><\/td>\n<\/tr>\n<tr class=\"premium-table-row\">\n<td class=\"premium-table-cell\"><span class=\"premium-table-text\">T\u00fchimass (kg) *<\/span><\/td>\n<td class=\"premium-table-cell\"><span class=\"premium-table-text\">558 kg * <\/span><\/td>\n<td class=\"premium-table-cell\"><\/td>\n<\/tr>\n<tr class=\"premium-table-row\">\n<td class=\"premium-table-cell\"><span class=\"premium-table-text\">Maksimaalne kandev\u00f5ime (kg) <\/span><\/td>\n<td class=\"premium-table-cell\"><span class=\"premium-table-text\">210 kg <\/span><\/td>\n<td class=\"premium-table-cell\"><\/td>\n<\/tr>\n<tr class=\"premium-table-row\">\n<td class=\"premium-table-cell\"><span class=\"premium-table-text\">K\u00fctusepaagi maht (L) <\/span><\/td>\n<td class=\"premium-table-cell\"><span class=\"premium-table-text\">26 L <\/span><\/td>\n<td class=\"premium-table-cell\"><\/td>\n<\/tr>\n<tr class=\"premium-table-row\">\n<td class=\"premium-table-cell\"><span class=\"premium-table-text\">Maksimaalne lubatud kiirus (km\/h) <\/span><\/td>\n<td class=\"premium-table-cell\"><span class=\"premium-table-text\">105 km\/h <\/span><\/td>\n<td class=\"premium-table-cell\"><\/td>\n<\/tr>\n<tr class=\"premium-table-row\">\n<td class=\"premium-table-cell\"><span class=\"premium-table-text\">Mootor <\/span><\/td>\n<td class=\"premium-table-cell\"><\/td>\n<td class=\"premium-table-cell\"><\/td>\n<\/tr>\n<tr class=\"premium-table-row\">\n<td class=\"premium-table-cell\"><span class=\"premium-table-text\">Mootori t\u00fc\u00fcp <\/span><\/td>\n<td class=\"premium-table-cell\"><span class=\"premium-table-text\">V2 kahe silindriline \/ vedelikjahutusega \/ 4-taktiline <\/span><\/td>\n<td class=\"premium-table-cell\"><\/td>\n<\/tr>\n<tr class=\"premium-table-row\">\n<td class=\"premium-table-cell\"><span class=\"premium-table-text\">Mootori t\u00f6\u00f6maht (cc) <\/span><\/td>\n<td class=\"premium-table-cell\"><span class=\"premium-table-text\">962 cc <\/span><\/td>\n<td class=\"premium-table-cell\"><\/td>\n<\/tr>\n<tr class=\"premium-table-row\">\n<td class=\"premium-table-cell\"><span class=\"premium-table-text\">Kolvik\u00e4ik (mm) <\/span><\/td>\n<td class=\"premium-table-cell\"><span class=\"premium-table-text\">&#8211;<\/span><\/td>\n<td class=\"premium-table-cell\"><span class=\"premium-table-text\">&#8211;<\/span><\/td>\n<\/tr>\n<tr class=\"premium-table-row\">\n<td class=\"premium-table-cell\"><span class=\"premium-table-text\">V\u00f5imsus (kW\/rpm) <\/span><\/td>\n<td class=\"premium-table-cell\"><span class=\"premium-table-text\">63 kW\/7500 rpm <\/span><\/td>\n<td class=\"premium-table-cell\"><\/td>\n<\/tr>\n<tr class=\"premium-table-row\">\n<td class=\"premium-table-cell\"><span class=\"premium-table-text\">Maksimaalne p\u00f6\u00f6rdemoment (N\u00b7m\/rpm) <\/span><\/td>\n<td class=\"premium-table-cell\"><span class=\"premium-table-text\">85 N\u00b7m\/5500 rpm <\/span><\/td>\n<td class=\"premium-table-cell\"><\/td>\n<\/tr>\n<tr class=\"premium-table-row\">\n<td class=\"premium-table-cell\"><span class=\"premium-table-text\">Surveaste <\/span><\/td>\n<td class=\"premium-table-cell\"><span class=\"premium-table-text\">10.6 \u00b1 0.5:1 <\/span><\/td>\n<td class=\"premium-table-cell\"><\/td>\n<\/tr>\n<tr class=\"premium-table-row\">\n<td class=\"premium-table-cell\"><span class=\"premium-table-text\">Toites\u00fcsteem <\/span><\/td>\n<td class=\"premium-table-cell\"><span class=\"premium-table-text\">EFI Bosch <\/span><\/td>\n<td class=\"premium-table-cell\"><\/td>\n<\/tr>\n<tr class=\"premium-table-row\">\n<td class=\"premium-table-cell\"><span class=\"premium-table-text\">S\u00fc\u00fctes\u00fcsteem <\/span><\/td>\n<td class=\"premium-table-cell\"><span class=\"premium-table-text\">ECU Bosch <\/span><\/td>\n<td class=\"premium-table-cell\"><\/td>\n<\/tr>\n<tr class=\"premium-table-row\">\n<td class=\"premium-table-cell\"><span class=\"premium-table-text\">\u00dclekanne <\/span><\/td>\n<td class=\"premium-table-cell\"><\/td>\n<td class=\"premium-table-cell\"><\/td>\n<\/tr>\n<tr class=\"premium-table-row\">\n<td class=\"premium-table-cell\"><span class=\"premium-table-text\">Veermik <\/span><\/td>\n<td class=\"premium-table-cell\"><\/td>\n<td class=\"premium-table-cell\"><\/td>\n<\/tr>\n<tr class=\"premium-table-row\">\n<td class=\"premium-table-cell\"><span class=\"premium-table-text\">Veoskeem <\/span><\/td>\n<td class=\"premium-table-cell\"><span class=\"premium-table-text\">2WD \/ 4WD \/ lukustatav 4WD <\/span><\/td>\n<td class=\"premium-table-cell\"><\/td>\n<\/tr>\n<tr class=\"premium-table-row\">\n<td class=\"premium-table-cell\"><span class=\"premium-table-text\">Rooliv\u00f5imendi <\/span><\/td>\n<td class=\"premium-table-cell\"><span class=\"premium-table-text\">Jah ( 3 re\u017eiimi )<\/span><\/td>\n<td class=\"premium-table-cell\"><\/td>\n<\/tr>\n<tr class=\"premium-table-row\">\n<td class=\"premium-table-cell\"><span class=\"premium-table-text\">Pidurid <\/span><\/td>\n<td class=\"premium-table-cell\"><span class=\"premium-table-text\">H\u00fcdraulilised ketaspidurid. ABS<\/span><\/td>\n<td class=\"premium-table-cell\"><\/td>\n<\/tr>\n<tr class=\"premium-table-row\">\n<td class=\"premium-table-cell\"><span class=\"premium-table-text\">Vedrustus <\/span><\/td>\n<td class=\"premium-table-cell\"><span class=\"premium-table-text\">Ees\/taga: topelt \u00f5\u00f5tshoobadega s\u00f5ltumatu vedrustus <\/span><\/td>\n<td class=\"premium-table-cell\"><\/td>\n<\/tr>\n<tr class=\"premium-table-row\">\n<td class=\"premium-table-cell\"><span class=\"premium-table-text\">Amortisaatorid <\/span><\/td>\n<td class=\"premium-table-cell\"><span class=\"premium-table-text\">Ees\/taga: gaasiamortisaatorid<\/span><\/td>\n<td class=\"premium-table-cell\"><\/td>\n<\/tr>\n<tr class=\"premium-table-row\">\n<td class=\"premium-table-cell\"><span class=\"premium-table-text\"> Veljed <\/span><\/td>\n<td class=\"premium-table-cell\"><\/td>\n<td class=\"premium-table-cell\"><\/td>\n<\/tr>\n<tr class=\"premium-table-row\">\n<td class=\"premium-table-cell\"><span class=\"premium-table-text\">Ees: <\/span><\/td>\n<td class=\"premium-table-cell\"><span class=\"premium-table-text\">14-tolli Beadlock<\/span><\/td>\n<td class=\"premium-table-cell\"><\/td>\n<\/tr>\n<tr class=\"premium-table-row\">\n<td class=\"premium-table-cell\"><span class=\"premium-table-text\">Taga: <\/span><\/td>\n<td class=\"premium-table-cell\"><span class=\"premium-table-text\">14-tolli Beadlock<\/span><\/td>\n<td class=\"premium-table-cell\"><\/td>\n<\/tr>\n<tr class=\"premium-table-row\">\n<td class=\"premium-table-cell\"><span class=\"premium-table-text\">Rehvim\u00f5\u00f5dud <\/span><\/td>\n<td class=\"premium-table-cell\"><\/td>\n<td class=\"premium-table-cell\"><\/td>\n<\/tr>\n<tr class=\"premium-table-row\">\n<td class=\"premium-table-cell\"><span class=\"premium-table-text\">Ees: <\/span><\/td>\n<td class=\"premium-table-cell\"><span class=\"premium-table-text\">27 x 9.00 R14 <\/span><\/td>\n<td class=\"premium-table-cell\"><\/td>\n<\/tr>\n<tr class=\"premium-table-row\">\n<td class=\"premium-table-cell\"><span class=\"premium-table-text\">Taga: <\/span><\/td>\n<td class=\"premium-table-cell\">\u00a027 x 11.00 R14<\/td>\n<td class=\"premium-table-cell\"><\/td>\n<\/tr>\n<tr class=\"premium-table-row\">\n<td class=\"premium-table-cell\"><span class=\"premium-table-text\">Muu<\/span><\/td>\n<td class=\"premium-table-cell\"><\/td>\n<td class=\"premium-table-cell\"><\/td>\n<\/tr>\n<tr class=\"premium-table-row\">\n<td class=\"premium-table-cell\"><span class=\"premium-table-text\">Ekraan<\/span><\/td>\n<td class=\"premium-table-cell\"><span class=\"premium-table-text\">8-tolli MMI (Motoplay funktsioonide v\u00f5imekusega, vajalik T-BOXi soetamine)<\/span><\/td>\n<td class=\"premium-table-cell\"><\/td>\n<\/tr>\n<tr class=\"premium-table-row\">\n<td class=\"premium-table-cell\"><\/td>\n<td class=\"premium-table-cell\"><\/td>\n<td class=\"premium-table-cell\"><\/td>\n<\/tr>\n<\/tbody>\n<\/table>\n<\/div>\n<p>CFMOTO CFORCE 1000 Touring Overland mudel on ideaalne valik neile, kes otsivad maastikus\u00f5idukit, millega sisustada vaba aega, vahendit t\u00f6\u00f6\u00fclesannete t\u00e4itmiseks ning peavad lugu rikkalikust baasvarustusest. ATV sobib liiklemiseks igal aastaajal ja pea igal maastikul. S\u00f5idukit saab registreerida t\u00e4navalegaalse T3b kategooria s\u00f5idukina ning t\u00e4nu ABS piduris\u00fcsteemile on s\u00f5iduki maksimaalne kiirus 105 km\/h.<\/p>\n<p>1000 Touring Overland mudeli paneb p\u00f5ksuma CFMOTO ATV-de mudelite v\u00f5imsaim V2 kahe silindriline, vedelikjahutusega ja 4-taktiline bensiinimootor, mille maksimaalseks v\u00f5imsuseks on 63 kW (85 hj) ja maksimaalseks v\u00e4\u00e4ndemomendiks 85 N\u00b7m\/5500 rpm.<br \/>\nMugavat s\u00f5iduelamust pakuvad rooliv\u00f5imendi (millel on 3 v\u00f5imsusre\u017eiimi), 14-tollised BEADLOCK veljed, 2WD\/4WD, lukustatav diferentsiaal ja 305mm kliirens. Ei tasu mainimata j\u00e4tta ka reguleeritavaid gaasiamortisaatoreid, mille t\u00f6\u00f6k\u00e4ik on varasemaga v\u00f5rreldes koguni 35% suurem.<\/p>\n<p>Elektriline t\u00f5mbevints v\u00f5imaldab teisaldada raskeid esemeid, vabastada tee langenud puudest, kasutada erinevaid seadmeid ning vajadusel pakkuda abik\u00e4tt kinni j\u00e4\u00e4nud kaass\u00f5itjatele. Talvistes oludes teevad tegutsemise mugavamaks baasvarustusse kuuluvad k\u00e4tesoojendused ja juhi istmesoojendus.<\/p>\n<p>Lisaks on CFORCE 1000 Touring PREMIUM mudelil 8-tolline puutetundlik MMI ekraan, mis kuvab s\u00f5idu jaoks olulist informatsiooni. Lisaks on ekraanil olemas ka Apple CarPlay funktsioonid ning seda saab kergesti siduda ka CFMOTO RIDE mobiilirakendusega, millest on v\u00f5imalik s\u00f5idukit positsioneerida v\u00f5i n\u00e4ha s\u00f5iduki statistikat.<\/p>\n<p>Baasvarustusse kuulub: 8-tolline MMI ekraan koos Apple CarPlay funktsioonidega, T-BOX (CFMOTO Ride rakendusega sidumise v\u00f5imalus), libisemisvastane istmekate, elektriline rooliv\u00f5imendi EPS, t\u00e4is LED lahendusega ning suure valgusj\u00f5udlusega tuled, mahukad pakiraamid s\u00f5iduki ees- ja tagaosas, t\u00e4navalegaalse s\u00f5iduki t\u00fc\u00fcbikinnitus T3b, k\u00e4te kaitsmed, terastrossiga 1590 kg t\u00f5mbej\u00f5udu omav elektriline t\u00f5mbevints, tiivalaiendid, haakekonks haagise pukseerimiseks, haagise tulede pistik, gaasiamortisaatorid, 27 tolli k\u00f5rgused s\u00fcgavamustrilised madalsurve rehvid, 14 tolli Beadlock veljed, kaasreisija seljatugi ning k\u00e4epidemed, k\u00e4tesoojendused, juhi istme soojendus, kiirkinnitus\u00fchendusega kohver tagumisele pakiraamile, p\u00f5hjakaitse, p\u00f5rkeraud s\u00f5iduki ees ja taga.<\/p>\n<p>Lisavarustuse v\u00f5imaluste kohta k\u00fcsi meie m\u00fc\u00fcgitiimilt!<\/p>\n<p>K\u00f5ikidele CFMOTO ATV-dele kehtib 3 aastane, 6000km l\u00e4bis\u00f5idupiiranguga tehasegarantii. Lisaks on v\u00f5imalik soetada ka 1 v\u00f5i 2 aastane lisagarantii pakett, mis pikendab ka l\u00e4bis\u00f5idupiirangut vastavalt 1000 km v\u00f5i 2000 km.<br \/>\nS\u00f5iduki varustuse hulgast leiab ABS piduris\u00fcsteemi, t\u00e4nu millele on s\u00f5iduki tippkiirus piiratud 105 km\/h.<\/p>\n<p>Tehnilised andmed:<br \/>\nPikkus x laius x k\u00f5rgus: 2445 x 1264 x 1450 mm<br \/>\nTeljevahe: 1480 mm<br \/>\nIstme k\u00f5rgus: 585 mm<br \/>\nKliirens: 305 mm<br \/>\nMinimaalne p\u00f6\u00f6rdediameeter: 6.7 \u00b1 0.5 m<br \/>\nT\u00fchimass: 558 kg (t\u00fchikaalu hulka loetakse: juhikaal, aku, s\u00f5iduki vajalikud vedelikud)<br \/>\nMaksimaalne kandev\u00f5ime: 210 kg<br \/>\nK\u00fctusepaagi maht: 26 L<br \/>\nMootori t\u00fc\u00fcp: V2 kahe silindriline \/ vedelikjahutusega \/ 4-taktiline<br \/>\nMootori t\u00f6\u00f6maht: 926.6 cc<br \/>\nV\u00f5imsus: 63 kW\/7500 rpm<br \/>\nMaksimaalne p\u00f6\u00f6rdemoment: 85 N\u00b7m\/5500 rpm<br \/>\nToites\u00fcsteem: EFI Bosch<br \/>\nS\u00fc\u00fctes\u00fcsteem: ECU Bosch<br \/>\n\u00dclekanne: CFMOTO variaator\u00fclekanne<br \/>\nVeoskeem: 2WD \/ 4WD \/ lukustatav 4WD<br \/>\nRooliv\u00f5imendi: JAH (3 re\u017eiimi)<br \/>\nPidurid: h\u00fcdraulilised ketaspidurid<br \/>\nVedrustus ees\/taga: topelt \u00f5\u00f5tshoobadega s\u00f5ltumatu vedrustus<br \/>\nAmortisaatorid ees\/taga: gaasiamortisaatorid<br \/>\nVeljed ees\/taga: 14-tolli Beadlock<br \/>\nRehvid ees\/taga: 27 x 9.00 R14 \/ 27 x 11.00 R14<br \/>\nEkraan: 8-tolli MMI<br \/>\nABS: Jah<\/p>","protected":false},"excerpt":{"rendered":"<p>Mootor 967 cc V2, EPS rooliv\u00f5imendi, 2WD \/ 4WD \/ 4WD LOCK, v\u00e4rvus Forest Green<\/p>\n<ul>\n<li>led tuled<\/li>\n<li>MMI paneel<\/li>\n<li>t\u00f5mbevints 1590 kg<\/li>\n<li>k\u00e4tekaitsmed<\/li>\n<li>tiivalaiendid<\/li>\n<li>beadlock 14 tolli<\/li>\n<li>t\u00e4navalegaalne \u2013 T3b<\/li>\n<li>garantii 3 aastat v\u00f5i 6000km<\/li>\n<\/ul>","protected":false},"featured_media":4109,"template":"","meta":[],"product_cat":[77,47],"product_tag":[],"class_list":{"0":"post-4104","1":"product","2":"type-product","3":"status-publish","4":"has-post-thumbnail","6":"product_cat-atv-atv-2","7":"product_cat-atv","9":"first","10":"instock","11":"sale","12":"taxable","13":"shipping-taxable","14":"purchasable","15":"product-type-variable","16":"has-default-attributes"},"yoast_head":"<!-- This site is optimized with the Yoast SEO plugin v23.9 - https:\/\/yoast.com\/wordpress\/plugins\/seo\/ -->\n<title>CFORCE 1000 Touring Overland ABS | CFMoto Sirtaki<\/title>\n<meta name=\"robots\" content=\"index, follow, max-snippet:-1, max-image-preview:large, max-video-preview:-1\" \/>\n<link rel=\"canonical\" href=\"https:\/\/moto.sirtaki.ee\/ru\/product\/cforce-1000-touring-overland-abs\/\" \/>\n<meta property=\"og:locale\" content=\"ru_RU\" \/>\n<meta property=\"og:type\" content=\"article\" \/>\n<meta property=\"og:title\" content=\"CFORCE 1000 Touring Overland ABS | CFMoto Sirtaki\" \/>\n<meta property=\"og:description\" content=\"Mootor 967 cc V2, EPS rooliv\u00f5imendi, 2WD \/ 4WD \/ 4WD LOCK, v\u00e4rvus Forest Green   led tuled  MMI paneel  t\u00f5mbevints 1590 kg  k\u00e4tekaitsmed  tiivalaiendid  beadlock 14 tolli  t\u00e4navalegaalne \u2013 T3b  garantii 3 aastat v\u00f5i 6000km\" \/>\n<meta property=\"og:url\" content=\"https:\/\/moto.sirtaki.ee\/ru\/product\/cforce-1000-touring-overland-abs\/\" \/>\n<meta property=\"og:site_name\" content=\"CFMoto Sirtaki\" \/>\n<meta property=\"article:modified_time\" content=\"2026-04-22T13:49:34+00:00\" \/>\n<meta property=\"og:image\" content=\"https:\/\/moto.sirtaki.ee\/wp-content\/uploads\/2026\/04\/CF1000ATR-2A-EPS-B-ABS-TAN-1.jpg\" \/>\n\t<meta property=\"og:image:width\" content=\"1920\" \/>\n\t<meta property=\"og:image:height\" content=\"1280\" \/>\n\t<meta property=\"og:image:type\" content=\"image\/jpeg\" \/>\n<meta name=\"twitter:card\" content=\"summary_large_image\" \/>\n<script type=\"application\/ld+json\" class=\"yoast-schema-graph\">{\"@context\":\"https:\/\/schema.org\",\"@graph\":[{\"@type\":\"WebPage\",\"@id\":\"https:\/\/moto.sirtaki.ee\/product\/cforce-1000-touring-overland-abs\/\",\"url\":\"https:\/\/moto.sirtaki.ee\/product\/cforce-1000-touring-overland-abs\/\",\"name\":\"CFORCE 1000 Touring Overland ABS | CFMoto Sirtaki\",\"isPartOf\":{\"@id\":\"https:\/\/moto.sirtaki.ee\/#website\"},\"primaryImageOfPage\":{\"@id\":\"https:\/\/moto.sirtaki.ee\/product\/cforce-1000-touring-overland-abs\/#primaryimage\"},\"image\":{\"@id\":\"https:\/\/moto.sirtaki.ee\/product\/cforce-1000-touring-overland-abs\/#primaryimage\"},\"thumbnailUrl\":\"https:\/\/moto.sirtaki.ee\/wp-content\/uploads\/2026\/04\/CF1000ATR-2A-EPS-B-ABS-TAN-1.jpg\",\"datePublished\":\"2026-04-22T12:06:45+00:00\",\"dateModified\":\"2026-04-22T13:49:34+00:00\",\"breadcrumb\":{\"@id\":\"https:\/\/moto.sirtaki.ee\/product\/cforce-1000-touring-overland-abs\/#breadcrumb\"},\"inLanguage\":\"ru-RU\",\"potentialAction\":[{\"@type\":\"ReadAction\",\"target\":[\"https:\/\/moto.sirtaki.ee\/product\/cforce-1000-touring-overland-abs\/\"]}]},{\"@type\":\"ImageObject\",\"inLanguage\":\"ru-RU\",\"@id\":\"https:\/\/moto.sirtaki.ee\/product\/cforce-1000-touring-overland-abs\/#primaryimage\",\"url\":\"https:\/\/moto.sirtaki.ee\/wp-content\/uploads\/2026\/04\/CF1000ATR-2A-EPS-B-ABS-TAN-1.jpg\",\"contentUrl\":\"https:\/\/moto.sirtaki.ee\/wp-content\/uploads\/2026\/04\/CF1000ATR-2A-EPS-B-ABS-TAN-1.jpg\",\"width\":1920,\"height\":1280},{\"@type\":\"BreadcrumbList\",\"@id\":\"https:\/\/moto.sirtaki.ee\/product\/cforce-1000-touring-overland-abs\/#breadcrumb\",\"itemListElement\":[{\"@type\":\"ListItem\",\"position\":1,\"name\":\"Home\",\"item\":\"https:\/\/moto.sirtaki.ee\/\"},{\"@type\":\"ListItem\",\"position\":2,\"name\":\"Shop\",\"item\":\"https:\/\/moto.sirtaki.ee\/shop\/\"},{\"@type\":\"ListItem\",\"position\":3,\"name\":\"CFORCE 1000 Touring Overland ABS\"}]},{\"@type\":\"WebSite\",\"@id\":\"https:\/\/moto.sirtaki.ee\/#website\",\"url\":\"https:\/\/moto.sirtaki.ee\/\",\"name\":\"CFMoto Sirtaki\",\"description\":\"\",\"potentialAction\":[{\"@type\":\"SearchAction\",\"target\":{\"@type\":\"EntryPoint\",\"urlTemplate\":\"https:\/\/moto.sirtaki.ee\/?s={search_term_string}\"},\"query-input\":{\"@type\":\"PropertyValueSpecification\",\"valueRequired\":true,\"valueName\":\"search_term_string\"}}],\"inLanguage\":\"ru-RU\"}]}<\/script>\n<!-- \/ Yoast SEO plugin. -->","yoast_head_json":{"title":"CFORCE 1000 Touring Overland ABS | CFMoto Sirtaki","robots":{"index":"index","follow":"follow","max-snippet":"max-snippet:-1","max-image-preview":"max-image-preview:large","max-video-preview":"max-video-preview:-1"},"canonical":"https:\/\/moto.sirtaki.ee\/ru\/product\/cforce-1000-touring-overland-abs\/","og_locale":"ru_RU","og_type":"article","og_title":"CFORCE 1000 Touring Overland ABS | CFMoto Sirtaki","og_description":"Mootor 967 cc V2, EPS rooliv\u00f5imendi, 2WD \/ 4WD \/ 4WD LOCK, v\u00e4rvus Forest Green   led tuled  MMI paneel  t\u00f5mbevints 1590 kg  k\u00e4tekaitsmed  tiivalaiendid  beadlock 14 tolli  t\u00e4navalegaalne \u2013 T3b  garantii 3 aastat v\u00f5i 6000km","og_url":"https:\/\/moto.sirtaki.ee\/ru\/product\/cforce-1000-touring-overland-abs\/","og_site_name":"CFMoto Sirtaki","article_modified_time":"2026-04-22T13:49:34+00:00","og_image":[{"width":1920,"height":1280,"url":"https:\/\/moto.sirtaki.ee\/wp-content\/uploads\/2026\/04\/CF1000ATR-2A-EPS-B-ABS-TAN-1.jpg","type":"image\/jpeg"}],"twitter_card":"summary_large_image","schema":{"@context":"https:\/\/schema.org","@graph":[{"@type":"WebPage","@id":"https:\/\/moto.sirtaki.ee\/product\/cforce-1000-touring-overland-abs\/","url":"https:\/\/moto.sirtaki.ee\/product\/cforce-1000-touring-overland-abs\/","name":"CFORCE 1000 Touring Overland ABS | CFMoto Sirtaki","isPartOf":{"@id":"https:\/\/moto.sirtaki.ee\/#website"},"primaryImageOfPage":{"@id":"https:\/\/moto.sirtaki.ee\/product\/cforce-1000-touring-overland-abs\/#primaryimage"},"image":{"@id":"https:\/\/moto.sirtaki.ee\/product\/cforce-1000-touring-overland-abs\/#primaryimage"},"thumbnailUrl":"https:\/\/moto.sirtaki.ee\/wp-content\/uploads\/2026\/04\/CF1000ATR-2A-EPS-B-ABS-TAN-1.jpg","datePublished":"2026-04-22T12:06:45+00:00","dateModified":"2026-04-22T13:49:34+00:00","breadcrumb":{"@id":"https:\/\/moto.sirtaki.ee\/product\/cforce-1000-touring-overland-abs\/#breadcrumb"},"inLanguage":"ru-RU","potentialAction":[{"@type":"ReadAction","target":["https:\/\/moto.sirtaki.ee\/product\/cforce-1000-touring-overland-abs\/"]}]},{"@type":"ImageObject","inLanguage":"ru-RU","@id":"https:\/\/moto.sirtaki.ee\/product\/cforce-1000-touring-overland-abs\/#primaryimage","url":"https:\/\/moto.sirtaki.ee\/wp-content\/uploads\/2026\/04\/CF1000ATR-2A-EPS-B-ABS-TAN-1.jpg","contentUrl":"https:\/\/moto.sirtaki.ee\/wp-content\/uploads\/2026\/04\/CF1000ATR-2A-EPS-B-ABS-TAN-1.jpg","width":1920,"height":1280},{"@type":"BreadcrumbList","@id":"https:\/\/moto.sirtaki.ee\/product\/cforce-1000-touring-overland-abs\/#breadcrumb","itemListElement":[{"@type":"ListItem","position":1,"name":"Home","item":"https:\/\/moto.sirtaki.ee\/"},{"@type":"ListItem","position":2,"name":"Shop","item":"https:\/\/moto.sirtaki.ee\/shop\/"},{"@type":"ListItem","position":3,"name":"CFORCE 1000 Touring Overland ABS"}]},{"@type":"WebSite","@id":"https:\/\/moto.sirtaki.ee\/#website","url":"https:\/\/moto.sirtaki.ee\/","name":"CFMoto Sirtaki","description":"","potentialAction":[{"@type":"SearchAction","target":{"@type":"EntryPoint","urlTemplate":"https:\/\/moto.sirtaki.ee\/?s={search_term_string}"},"query-input":{"@type":"PropertyValueSpecification","valueRequired":true,"valueName":"search_term_string"}}],"inLanguage":"ru-RU"}]}},"_links":{"self":[{"href":"https:\/\/moto.sirtaki.ee\/ru\/wp-json\/wp\/v2\/product\/4104"}],"collection":[{"href":"https:\/\/moto.sirtaki.ee\/ru\/wp-json\/wp\/v2\/product"}],"about":[{"href":"https:\/\/moto.sirtaki.ee\/ru\/wp-json\/wp\/v2\/types\/product"}],"wp:featuredmedia":[{"embeddable":true,"href":"https:\/\/moto.sirtaki.ee\/ru\/wp-json\/wp\/v2\/media\/4109"}],"wp:attachment":[{"href":"https:\/\/moto.sirtaki.ee\/ru\/wp-json\/wp\/v2\/media?parent=4104"}],"wp:term":[{"taxonomy":"product_cat","embeddable":true,"href":"https:\/\/moto.sirtaki.ee\/ru\/wp-json\/wp\/v2\/product_cat?post=4104"},{"taxonomy":"product_tag","embeddable":true,"href":"https:\/\/moto.sirtaki.ee\/ru\/wp-json\/wp\/v2\/product_tag?post=4104"}],"curies":[{"name":"wp","href":"https:\/\/api.w.org\/{rel}","templated":true}]}}