{"id":4111,"date":"2026-04-22T15:26:03","date_gmt":"2026-04-22T12:26:03","guid":{"rendered":"https:\/\/moto.sirtaki.ee\/?post_type=product&#038;p=4111"},"modified":"2026-04-22T16:50:30","modified_gmt":"2026-04-22T13:50:30","slug":"cforce-1000-mv","status":"publish","type":"product","link":"https:\/\/moto.sirtaki.ee\/ru\/product\/cforce-1000-mv\/","title":{"rendered":"CFORCE 1000 MV"},"content":{"rendered":"<h3 class=\"elementor-heading-title elementor-size-default\">ATV CFORCE 1000 <span class=\"premium-table-text\">MV<\/span> tehnilised andmed<\/h3>\n<div class=\"premium-table-wrap premium-table-responsive\">\n<table class=\"premium-table\" data-settings=\"{&quot;sort&quot;:false,&quot;usNumbers&quot;:false,&quot;sortMob&quot;:false,&quot;search&quot;:false,&quot;records&quot;:false,&quot;dataType&quot;:&quot;csv&quot;,&quot;csvFile&quot;:&quot;https:\/\/docs.google.com\/spreadsheets\/d\/e\/2PACX-1vSoTIjoXTFrZP4d2sT7dvyIlyQsB2_yWNvOPLrxq7z2eL-1DjePH5GhMjzueVOS3IiBzNJtoDQ9QBA-\/pub?gid=1689893553&amp;single=true&amp;output=csv&quot;,&quot;firstRow&quot;:&quot;head&quot;,&quot;separator&quot;:&quot;,&quot;,&quot;pagination&quot;:&quot;&quot;,&quot;rows&quot;:0,&quot;id&quot;:&quot;33fe01d&quot;,&quot;reload&quot;:&quot;day&quot;}\">\n<thead class=\"premium-table-head\">\n<tr class=\"premium-table-row\">\n<th class=\"premium-table-cell\"><span class=\"premium-table-text\">ATV mudel <\/span><\/th>\n<th class=\"premium-table-cell\"><span class=\"premium-table-text\">CFORCE 1000 MV<\/span><\/th>\n<th class=\"premium-table-cell\"><\/th>\n<\/tr>\n<\/thead>\n<tbody>\n<tr class=\"premium-table-row\">\n<td class=\"premium-table-cell\"><span class=\"premium-table-text\">EU t\u00fc\u00fcbikinnitus <\/span><\/td>\n<td class=\"premium-table-cell\"><span class=\"premium-table-text\">167 \/ T3b <\/span><\/td>\n<td class=\"premium-table-cell\"><\/td>\n<\/tr>\n<tr class=\"premium-table-row\">\n<td class=\"premium-table-cell\"><span class=\"premium-table-text\">Tehaset\u00e4his <\/span><\/td>\n<td class=\"premium-table-cell\">CF1000ATR-3<\/td>\n<td class=\"premium-table-cell\"><\/td>\n<\/tr>\n<tr class=\"premium-table-row\">\n<td class=\"premium-table-cell\"><span class=\"premium-table-text\">\u00dcldandmed <\/span><\/td>\n<td class=\"premium-table-cell\"><\/td>\n<td class=\"premium-table-cell\"><\/td>\n<\/tr>\n<tr class=\"premium-table-row\">\n<td class=\"premium-table-cell\"><span class=\"premium-table-text\">Pikkus x laius x k\u00f5rgus (mm)<\/span><\/td>\n<td class=\"premium-table-cell\"><span class=\"premium-table-text\">2491 x 1370 x 1390 mm <\/span><\/td>\n<td class=\"premium-table-cell\"><\/td>\n<\/tr>\n<tr class=\"premium-table-row\">\n<td class=\"premium-table-cell\"><span class=\"premium-table-text\">Teljevahe (mm) <\/span><\/td>\n<td class=\"premium-table-cell\"><span class=\"premium-table-text\">1480 mm <\/span><\/td>\n<td class=\"premium-table-cell\"><\/td>\n<\/tr>\n<tr class=\"premium-table-row\">\n<td class=\"premium-table-cell\"><span class=\"premium-table-text\">Istme k\u00f5rgus (mm) <\/span><\/td>\n<td class=\"premium-table-cell\"><span class=\"premium-table-text\">569 mm <\/span><\/td>\n<td class=\"premium-table-cell\"><\/td>\n<\/tr>\n<tr class=\"premium-table-row\">\n<td class=\"premium-table-cell\"><span class=\"premium-table-text\">Kliirens (mm) <\/span><\/td>\n<td class=\"premium-table-cell\"><span class=\"premium-table-text\">334 mm <\/span><\/td>\n<td class=\"premium-table-cell\"><\/td>\n<\/tr>\n<tr class=\"premium-table-row\">\n<td class=\"premium-table-cell\"><span class=\"premium-table-text\">Minimaalne p\u00f6\u00f6rdediameeter (m) <\/span><\/td>\n<td class=\"premium-table-cell\"><span class=\"premium-table-text\">7.6 \u00b1 0.5 m <\/span><\/td>\n<td class=\"premium-table-cell\"><\/td>\n<\/tr>\n<tr class=\"premium-table-row\">\n<td class=\"premium-table-cell\"><span class=\"premium-table-text\">T\u00fchimass (kg) *<\/span><\/td>\n<td class=\"premium-table-cell\"><span class=\"premium-table-text\">522 kg * <\/span><\/td>\n<td class=\"premium-table-cell\"><\/td>\n<\/tr>\n<tr class=\"premium-table-row\">\n<td class=\"premium-table-cell\"><span class=\"premium-table-text\">Maksimaalne kandev\u00f5ime (kg) <\/span><\/td>\n<td class=\"premium-table-cell\"><span class=\"premium-table-text\">195 kg <\/span><\/td>\n<td class=\"premium-table-cell\"><\/td>\n<\/tr>\n<tr class=\"premium-table-row\">\n<td class=\"premium-table-cell\"><span class=\"premium-table-text\">K\u00fctusepaagi maht (L) <\/span><\/td>\n<td class=\"premium-table-cell\"><span class=\"premium-table-text\">26 L <\/span><\/td>\n<td class=\"premium-table-cell\"><\/td>\n<\/tr>\n<tr class=\"premium-table-row\">\n<td class=\"premium-table-cell\"><span class=\"premium-table-text\">Maksimaalne lubatud kiirus (km\/h) <\/span><\/td>\n<td class=\"premium-table-cell\"><span class=\"premium-table-text\">60 km\/h <\/span><\/td>\n<td class=\"premium-table-cell\"><\/td>\n<\/tr>\n<tr class=\"premium-table-row\">\n<td class=\"premium-table-cell\"><span class=\"premium-table-text\">Mootor <\/span><\/td>\n<td class=\"premium-table-cell\"><\/td>\n<td class=\"premium-table-cell\"><\/td>\n<\/tr>\n<tr class=\"premium-table-row\">\n<td class=\"premium-table-cell\"><span class=\"premium-table-text\">Mootori t\u00fc\u00fcp <\/span><\/td>\n<td class=\"premium-table-cell\"><span class=\"premium-table-text\">V2 kahe silindriline \/ vedelikjahutusega \/ 4-taktiline <\/span><\/td>\n<td class=\"premium-table-cell\"><\/td>\n<\/tr>\n<tr class=\"premium-table-row\">\n<td class=\"premium-table-cell\"><span class=\"premium-table-text\">Mootori t\u00f6\u00f6maht (cc) <\/span><\/td>\n<td class=\"premium-table-cell\"><span class=\"premium-table-text\">962 cc <\/span><\/td>\n<td class=\"premium-table-cell\"><\/td>\n<\/tr>\n<tr class=\"premium-table-row\">\n<td class=\"premium-table-cell\"><span class=\"premium-table-text\">Kolvik\u00e4ik (mm) <\/span><\/td>\n<td class=\"premium-table-cell\">91 x 74 mm<\/td>\n<td class=\"premium-table-cell\"><span class=\"premium-table-text\">&#8211;<\/span><\/td>\n<\/tr>\n<tr class=\"premium-table-row\">\n<td class=\"premium-table-cell\"><span class=\"premium-table-text\">V\u00f5imsus (kW\/rpm) <\/span><\/td>\n<td class=\"premium-table-cell\"><span class=\"premium-table-text\">63 kW\/7500 rpm <\/span><\/td>\n<td class=\"premium-table-cell\"><\/td>\n<\/tr>\n<tr class=\"premium-table-row\">\n<td class=\"premium-table-cell\"><span class=\"premium-table-text\">Maksimaalne p\u00f6\u00f6rdemoment (N\u00b7m\/rpm) <\/span><\/td>\n<td class=\"premium-table-cell\"><span class=\"premium-table-text\">85 N\u00b7m\/5500 rpm <\/span><\/td>\n<td class=\"premium-table-cell\"><\/td>\n<\/tr>\n<tr class=\"premium-table-row\">\n<td class=\"premium-table-cell\"><span class=\"premium-table-text\">Surveaste <\/span><\/td>\n<td class=\"premium-table-cell\"><span class=\"premium-table-text\">10.6 \u00b1 0.5:1 <\/span><\/td>\n<td class=\"premium-table-cell\"><\/td>\n<\/tr>\n<tr class=\"premium-table-row\">\n<td class=\"premium-table-cell\"><span class=\"premium-table-text\">Toites\u00fcsteem <\/span><\/td>\n<td class=\"premium-table-cell\"><span class=\"premium-table-text\">EFI Bosch <\/span><\/td>\n<td class=\"premium-table-cell\"><\/td>\n<\/tr>\n<tr class=\"premium-table-row\">\n<td class=\"premium-table-cell\"><span class=\"premium-table-text\">S\u00fc\u00fctes\u00fcsteem <\/span><\/td>\n<td class=\"premium-table-cell\"><span class=\"premium-table-text\">ECU Bosch <\/span><\/td>\n<td class=\"premium-table-cell\"><\/td>\n<\/tr>\n<tr class=\"premium-table-row\">\n<td class=\"premium-table-cell\"><span class=\"premium-table-text\">\u00dclekanne <\/span><\/td>\n<td class=\"premium-table-cell\">CFMOTO variaator\u00fclekanne<\/td>\n<td class=\"premium-table-cell\"><\/td>\n<\/tr>\n<tr class=\"premium-table-row\">\n<td class=\"premium-table-cell\"><span class=\"premium-table-text\">Veermik <\/span><\/td>\n<td class=\"premium-table-cell\"><\/td>\n<td class=\"premium-table-cell\"><\/td>\n<\/tr>\n<tr class=\"premium-table-row\">\n<td class=\"premium-table-cell\"><span class=\"premium-table-text\">Veoskeem <\/span><\/td>\n<td class=\"premium-table-cell\"><span class=\"premium-table-text\">2WD \/ 4WD \/ lukustatav 4WD <\/span><\/td>\n<td class=\"premium-table-cell\"><\/td>\n<\/tr>\n<tr class=\"premium-table-row\">\n<td class=\"premium-table-cell\"><span class=\"premium-table-text\">Rooliv\u00f5imendi <\/span><\/td>\n<td class=\"premium-table-cell\"><span class=\"premium-table-text\">Jah ( 3 re\u017eiimi )<\/span><\/td>\n<td class=\"premium-table-cell\"><\/td>\n<\/tr>\n<tr class=\"premium-table-row\">\n<td class=\"premium-table-cell\"><span class=\"premium-table-text\">Pidurid <\/span><\/td>\n<td class=\"premium-table-cell\"><span class=\"premium-table-text\">H\u00fcdraulilised ketaspidurid. ABS<\/span><\/td>\n<td class=\"premium-table-cell\"><\/td>\n<\/tr>\n<tr class=\"premium-table-row\">\n<td class=\"premium-table-cell\"><span class=\"premium-table-text\">Vedrustus <\/span><\/td>\n<td class=\"premium-table-cell\"><span class=\"premium-table-text\">Ees\/taga: topelt \u00f5\u00f5tshoobadega s\u00f5ltumatu vedrustus <\/span><\/td>\n<td class=\"premium-table-cell\"><\/td>\n<\/tr>\n<tr class=\"premium-table-row\">\n<td class=\"premium-table-cell\"><span class=\"premium-table-text\">Amortisaatorid <\/span><\/td>\n<td class=\"premium-table-cell\"><span class=\"premium-table-text\">Ees\/taga: gaasiamortisaatorid<\/span><\/td>\n<td class=\"premium-table-cell\"><\/td>\n<\/tr>\n<tr class=\"premium-table-row\">\n<td class=\"premium-table-cell\"><span class=\"premium-table-text\"> Veljed <\/span><\/td>\n<td class=\"premium-table-cell\"><\/td>\n<td class=\"premium-table-cell\"><\/td>\n<\/tr>\n<tr class=\"premium-table-row\">\n<td class=\"premium-table-cell\"><span class=\"premium-table-text\">Ees: <\/span><\/td>\n<td class=\"premium-table-cell\"><span class=\"premium-table-text\">14-tolli Beadlock<\/span><\/td>\n<td class=\"premium-table-cell\"><\/td>\n<\/tr>\n<tr class=\"premium-table-row\">\n<td class=\"premium-table-cell\"><span class=\"premium-table-text\">Taga: <\/span><\/td>\n<td class=\"premium-table-cell\"><span class=\"premium-table-text\">14-tolli Beadlock<\/span><\/td>\n<td class=\"premium-table-cell\"><\/td>\n<\/tr>\n<tr class=\"premium-table-row\">\n<td class=\"premium-table-cell\"><span class=\"premium-table-text\">Rehvim\u00f5\u00f5dud <\/span><\/td>\n<td class=\"premium-table-cell\"><\/td>\n<td class=\"premium-table-cell\"><\/td>\n<\/tr>\n<tr class=\"premium-table-row\">\n<td class=\"premium-table-cell\"><span class=\"premium-table-text\">Ees: <\/span><\/td>\n<td class=\"premium-table-cell\">30\u00d79.00 R14<\/td>\n<td class=\"premium-table-cell\"><\/td>\n<\/tr>\n<tr class=\"premium-table-row\">\n<td class=\"premium-table-cell\"><span class=\"premium-table-text\">Taga: <\/span><\/td>\n<td class=\"premium-table-cell\">30\u00d711.00 R14<\/td>\n<td class=\"premium-table-cell\"><\/td>\n<\/tr>\n<tr class=\"premium-table-row\">\n<td class=\"premium-table-cell\"><span class=\"premium-table-text\">Muu<\/span><\/td>\n<td class=\"premium-table-cell\"><\/td>\n<td class=\"premium-table-cell\"><\/td>\n<\/tr>\n<tr class=\"premium-table-row\">\n<td class=\"premium-table-cell\"><span class=\"premium-table-text\">Ekraan<\/span><\/td>\n<td class=\"premium-table-cell\">7-tolline TFT<\/td>\n<td class=\"premium-table-cell\"><\/td>\n<\/tr>\n<\/tbody>\n<\/table>\n<\/div>\n<p>CFORCE 1000 MV v\u00f5imaldab teil vallutada igat maastikku, sest mudased tingimused ei ole takistus vaid v\u00e4ljakutse! Seal, kus teised j\u00e4\u00e4vad h\u00e4tta, CFMOTO CFORCE 1000 MV alles alustab. Mudelit iseloomustab mitmek\u00fclgne disain, mis ei sea teile s\u00f5idetava maastiku osas piiranguid. Vastupidi, see on spetsiaalselt loodud neile, kes ei karda pori, s\u00fcgavaid r\u00f6\u00f6paid ega ekstreemseid maastikuolusid.<\/p>\n<p>Suurt p\u00f6\u00f6rdemomenti ja sujuvat v\u00f5imsuse edastust pakkuv 63 kW bensiinimootor v\u00f5imaldab l\u00e4bida ka k\u00f5ige raskemad mudat\u00f5kked. Lisaks on MV mudelil, v\u00f5rreldes CFORCE 1000 Touringuga, 22% aeglasem H k\u00e4ik. Muudetud on ka variaatori raskuseid, mis on varasemaga v\u00f5rreldes 5g raskemad, tagamaks 3 tolli suurematele ratastele vajaliku kiirendusv\u00f5ime.<\/p>\n<p>CFORCE 1000 MV mudelil on mitmeid spetsiaalselt mudas\u00f5iduks m\u00f5eldud muudatusi. T\u00f5stetud radiaator, mille paiknemise nurk on t\u00e4ielikult kohandatav, pakub piisavalt jahutus ka rasketest ja mudastes oludes. S\u00fcgava mustriga 30-tollised Wild Thang t\u00fc\u00fcpi rehvid on kerged ja nendega on erinevatel katetel mugav s\u00f5ita. Teise astme jalatoed on ettepoole kaldus asendiga, mis annavad juhile lisatuge. Mudarihm on abiks enda tasakaalus hoidmisel v\u00f5i s\u00f5iduki v\u00e4ljat\u00f5mbamisel m\u00fclkast. K\u00f5rgemal asetsev vints tuleb kasuks olukordades, kus teiste abile s\u00f5iduki v\u00e4ljat\u00f5mbamisel ei saa loota. Vastupidavad tiivalaiendid v\u00e4hendavad muda sattumist s\u00f5itjale ja ATV-le. P\u00f5hjakaitse aitab v\u00e4ltida kahjustusi ning on abiks takistustest \u00fcle libisemisel.<\/p>\n<p>Visuaalselt v\u00e4hem m\u00e4rgatavam on muudatus, et 1000 MV r\u00f6\u00f6be on muudetud v\u00f5rreldes 1000 Touring G3 mudeliga veidi laiemaks. S\u00f5iduki r\u00f6\u00f6pme v\u00e4limine serv ei jookse esi- ja tagaratastega \u00fchel joonel nagu enamlevinud ATV-de puhul vaid \u00fchel joonel jooksevad esi- ja tagarataste sisemine serv. See modifikatsioon toob 1000 MV tagarattad laiemalt v\u00e4lja ja nii leiavad tagarataste v\u00e4lised servad r\u00f6\u00f6baste v\u00e4lik\u00fclgedega paremat haardumist ning s\u00f5iduki l\u00e4bivusv\u00f5ime r\u00f6\u00f6passe s\u00f5idetud radadel on parem.<\/p>\n<p>Lisaks kuulub ATV varustusse pritsmekindel kohver (14.5 liitrit), LED tuled, elektriline t\u00f5mbevints, haakekonks, kaitserauad ning 7-tolline TFT ekraan (Motoplay funktsioonide v\u00f5imekusega, vajalik T-BOXi soetamine).<\/p>\n<p>Lisavarustuse v\u00f5imaluste kohta k\u00fcsige lisainfot meie m\u00fc\u00fcgimeeskonnalt!<\/p>\n<p>K\u00f5ikidele CFMOTO ATV-dele kehtib 3 aastane, 6000km l\u00e4bis\u00f5idupiiranguga tehasegarantii. Lisaks on v\u00f5imalik soetada 1 v\u00f5i 2 aastane lisagarantii pakett, mis pikendab l\u00e4bis\u00f5idupiirangut vastavalt 1000 km v\u00f5i 2000 km.<\/p>\n<p>Tehnilised andmed:<br \/>\nPikkus x laius x k\u00f5rgus: 2491 x 1370 x 1390 mm<br \/>\nTeljevahe: 1480 mm<br \/>\nIstme k\u00f5rgus: 569 mm<br \/>\nKliirens: 334 mm<br \/>\nMinimaalne p\u00f6\u00f6rdediameeter: 7.6 \u00b1 0.5 m<br \/>\nT\u00fchimass: 522 kg<br \/>\nMaksimaalne kandev\u00f5ime: 195 kg<br \/>\nK\u00fctusepaagi maht: 26 l<br \/>\nMaksimaalne lubatud kiirus: 60 km\/h<br \/>\nMootori t\u00fc\u00fcp: V2 kahe silindriline \/ vedelikjahutusega \/ 4-taktiline<br \/>\nMootori t\u00f6\u00f6maht: 962.6 cc<br \/>\nKolvik\u00e4ik: 91 x 74 mm<br \/>\nV\u00f5imsus: 63 kW\/7500 rpm<br \/>\nMaksimaalne p\u00f6\u00f6rdemoment: 85 N\u00b7m\/5500 rpm<br \/>\nSurveaste: 10.6 \u00b1 0.5:1<br \/>\nToites\u00fcsteem: EFI Bosch<br \/>\nS\u00fc\u00fctes\u00fcsteem: ECU Bosch<br \/>\n\u00dclekanne: CFMOTO variaator\u00fclekanne<br \/>\nVeoskeem: 2WD \/ 4WD \/ lukustatav 4WD<br \/>\nRooliv\u00f5imendi: JAH<br \/>\nPidurid: h\u00fcdraulilised ketaspidurid<br \/>\nVedrustus ees\/taga: topelt \u00f5\u00f5tshoobadega s\u00f5ltumatu vedrustus<br \/>\nAmortisaatorid ees\/taga: gaasiamortisaatorid<br \/>\nVeljed ees\/taga: 14-tolli Beadlock<br \/>\nRehvid ees\/taga: 30\u00d79.00 R14 \/ 30\u00d711.00 R14<br \/>\nEkraan: 7-tolline TFT<\/p>","protected":false},"excerpt":{"rendered":"<p>Mootor 962.6 cc V2, EPS rooliv\u00f5imendi, 2WD \/ 4WD \/ 4WD LOCK, v\u00e4rvus sinine<\/p>\n<ul>\n<li>led tuled<\/li>\n<li>7-tolli TFT paneel<\/li>\n<li>t\u00f5mbevints 1590 kg<\/li>\n<li>14 tolli veljed<\/li>\n<li>t\u00e4navalegaalne \u2013 T3b<\/li>\n<li>garantii 3 aastat v\u00f5i 6000km<\/li>\n<\/ul>","protected":false},"featured_media":4116,"template":"","meta":[],"product_cat":[77,47],"product_tag":[],"class_list":{"0":"post-4111","1":"product","2":"type-product","3":"status-publish","4":"has-post-thumbnail","6":"product_cat-atv-atv-2","7":"product_cat-atv","9":"first","10":"instock","11":"sale","12":"taxable","13":"shipping-taxable","14":"purchasable","15":"product-type-variable","16":"has-default-attributes"},"yoast_head":"<!-- This site is optimized with the Yoast SEO plugin v23.9 - https:\/\/yoast.com\/wordpress\/plugins\/seo\/ -->\n<title>CFORCE 1000 MV | CFMoto Sirtaki<\/title>\n<meta name=\"robots\" content=\"index, follow, max-snippet:-1, max-image-preview:large, max-video-preview:-1\" \/>\n<link rel=\"canonical\" href=\"https:\/\/moto.sirtaki.ee\/ru\/product\/cforce-1000-mv\/\" \/>\n<meta property=\"og:locale\" content=\"ru_RU\" \/>\n<meta property=\"og:type\" content=\"article\" \/>\n<meta property=\"og:title\" content=\"CFORCE 1000 MV | CFMoto Sirtaki\" \/>\n<meta property=\"og:description\" content=\"Mootor 962.6 cc V2, EPS rooliv\u00f5imendi, 2WD \/ 4WD \/ 4WD LOCK, v\u00e4rvus sinine   led tuled  7-tolli TFT paneel  t\u00f5mbevints 1590 kg  14 tolli veljed  t\u00e4navalegaalne \u2013 T3b  garantii 3 aastat v\u00f5i 6000km\" \/>\n<meta property=\"og:url\" content=\"https:\/\/moto.sirtaki.ee\/ru\/product\/cforce-1000-mv\/\" \/>\n<meta property=\"og:site_name\" content=\"CFMoto Sirtaki\" \/>\n<meta property=\"article:modified_time\" content=\"2026-04-22T13:50:30+00:00\" \/>\n<meta property=\"og:image\" content=\"https:\/\/moto.sirtaki.ee\/wp-content\/uploads\/2026\/04\/CF1000ATR-3-GRANITE-1.jpg\" \/>\n\t<meta property=\"og:image:width\" content=\"1920\" \/>\n\t<meta property=\"og:image:height\" content=\"1280\" \/>\n\t<meta property=\"og:image:type\" content=\"image\/jpeg\" \/>\n<meta name=\"twitter:card\" content=\"summary_large_image\" \/>\n<script type=\"application\/ld+json\" class=\"yoast-schema-graph\">{\"@context\":\"https:\/\/schema.org\",\"@graph\":[{\"@type\":\"WebPage\",\"@id\":\"https:\/\/moto.sirtaki.ee\/product\/cforce-1000-mv\/\",\"url\":\"https:\/\/moto.sirtaki.ee\/product\/cforce-1000-mv\/\",\"name\":\"CFORCE 1000 MV | CFMoto Sirtaki\",\"isPartOf\":{\"@id\":\"https:\/\/moto.sirtaki.ee\/#website\"},\"primaryImageOfPage\":{\"@id\":\"https:\/\/moto.sirtaki.ee\/product\/cforce-1000-mv\/#primaryimage\"},\"image\":{\"@id\":\"https:\/\/moto.sirtaki.ee\/product\/cforce-1000-mv\/#primaryimage\"},\"thumbnailUrl\":\"https:\/\/moto.sirtaki.ee\/wp-content\/uploads\/2026\/04\/CF1000ATR-3-GRANITE-1.jpg\",\"datePublished\":\"2026-04-22T12:26:03+00:00\",\"dateModified\":\"2026-04-22T13:50:30+00:00\",\"breadcrumb\":{\"@id\":\"https:\/\/moto.sirtaki.ee\/product\/cforce-1000-mv\/#breadcrumb\"},\"inLanguage\":\"ru-RU\",\"potentialAction\":[{\"@type\":\"ReadAction\",\"target\":[\"https:\/\/moto.sirtaki.ee\/product\/cforce-1000-mv\/\"]}]},{\"@type\":\"ImageObject\",\"inLanguage\":\"ru-RU\",\"@id\":\"https:\/\/moto.sirtaki.ee\/product\/cforce-1000-mv\/#primaryimage\",\"url\":\"https:\/\/moto.sirtaki.ee\/wp-content\/uploads\/2026\/04\/CF1000ATR-3-GRANITE-1.jpg\",\"contentUrl\":\"https:\/\/moto.sirtaki.ee\/wp-content\/uploads\/2026\/04\/CF1000ATR-3-GRANITE-1.jpg\",\"width\":1920,\"height\":1280},{\"@type\":\"BreadcrumbList\",\"@id\":\"https:\/\/moto.sirtaki.ee\/product\/cforce-1000-mv\/#breadcrumb\",\"itemListElement\":[{\"@type\":\"ListItem\",\"position\":1,\"name\":\"Home\",\"item\":\"https:\/\/moto.sirtaki.ee\/\"},{\"@type\":\"ListItem\",\"position\":2,\"name\":\"Shop\",\"item\":\"https:\/\/moto.sirtaki.ee\/shop\/\"},{\"@type\":\"ListItem\",\"position\":3,\"name\":\"CFORCE 1000 MV\"}]},{\"@type\":\"WebSite\",\"@id\":\"https:\/\/moto.sirtaki.ee\/#website\",\"url\":\"https:\/\/moto.sirtaki.ee\/\",\"name\":\"CFMoto Sirtaki\",\"description\":\"\",\"potentialAction\":[{\"@type\":\"SearchAction\",\"target\":{\"@type\":\"EntryPoint\",\"urlTemplate\":\"https:\/\/moto.sirtaki.ee\/?s={search_term_string}\"},\"query-input\":{\"@type\":\"PropertyValueSpecification\",\"valueRequired\":true,\"valueName\":\"search_term_string\"}}],\"inLanguage\":\"ru-RU\"}]}<\/script>\n<!-- \/ Yoast SEO plugin. -->","yoast_head_json":{"title":"CFORCE 1000 MV | CFMoto Sirtaki","robots":{"index":"index","follow":"follow","max-snippet":"max-snippet:-1","max-image-preview":"max-image-preview:large","max-video-preview":"max-video-preview:-1"},"canonical":"https:\/\/moto.sirtaki.ee\/ru\/product\/cforce-1000-mv\/","og_locale":"ru_RU","og_type":"article","og_title":"CFORCE 1000 MV | CFMoto Sirtaki","og_description":"Mootor 962.6 cc V2, EPS rooliv\u00f5imendi, 2WD \/ 4WD \/ 4WD LOCK, v\u00e4rvus sinine   led tuled  7-tolli TFT paneel  t\u00f5mbevints 1590 kg  14 tolli veljed  t\u00e4navalegaalne \u2013 T3b  garantii 3 aastat v\u00f5i 6000km","og_url":"https:\/\/moto.sirtaki.ee\/ru\/product\/cforce-1000-mv\/","og_site_name":"CFMoto Sirtaki","article_modified_time":"2026-04-22T13:50:30+00:00","og_image":[{"width":1920,"height":1280,"url":"https:\/\/moto.sirtaki.ee\/wp-content\/uploads\/2026\/04\/CF1000ATR-3-GRANITE-1.jpg","type":"image\/jpeg"}],"twitter_card":"summary_large_image","schema":{"@context":"https:\/\/schema.org","@graph":[{"@type":"WebPage","@id":"https:\/\/moto.sirtaki.ee\/product\/cforce-1000-mv\/","url":"https:\/\/moto.sirtaki.ee\/product\/cforce-1000-mv\/","name":"CFORCE 1000 MV | CFMoto Sirtaki","isPartOf":{"@id":"https:\/\/moto.sirtaki.ee\/#website"},"primaryImageOfPage":{"@id":"https:\/\/moto.sirtaki.ee\/product\/cforce-1000-mv\/#primaryimage"},"image":{"@id":"https:\/\/moto.sirtaki.ee\/product\/cforce-1000-mv\/#primaryimage"},"thumbnailUrl":"https:\/\/moto.sirtaki.ee\/wp-content\/uploads\/2026\/04\/CF1000ATR-3-GRANITE-1.jpg","datePublished":"2026-04-22T12:26:03+00:00","dateModified":"2026-04-22T13:50:30+00:00","breadcrumb":{"@id":"https:\/\/moto.sirtaki.ee\/product\/cforce-1000-mv\/#breadcrumb"},"inLanguage":"ru-RU","potentialAction":[{"@type":"ReadAction","target":["https:\/\/moto.sirtaki.ee\/product\/cforce-1000-mv\/"]}]},{"@type":"ImageObject","inLanguage":"ru-RU","@id":"https:\/\/moto.sirtaki.ee\/product\/cforce-1000-mv\/#primaryimage","url":"https:\/\/moto.sirtaki.ee\/wp-content\/uploads\/2026\/04\/CF1000ATR-3-GRANITE-1.jpg","contentUrl":"https:\/\/moto.sirtaki.ee\/wp-content\/uploads\/2026\/04\/CF1000ATR-3-GRANITE-1.jpg","width":1920,"height":1280},{"@type":"BreadcrumbList","@id":"https:\/\/moto.sirtaki.ee\/product\/cforce-1000-mv\/#breadcrumb","itemListElement":[{"@type":"ListItem","position":1,"name":"Home","item":"https:\/\/moto.sirtaki.ee\/"},{"@type":"ListItem","position":2,"name":"Shop","item":"https:\/\/moto.sirtaki.ee\/shop\/"},{"@type":"ListItem","position":3,"name":"CFORCE 1000 MV"}]},{"@type":"WebSite","@id":"https:\/\/moto.sirtaki.ee\/#website","url":"https:\/\/moto.sirtaki.ee\/","name":"CFMoto Sirtaki","description":"","potentialAction":[{"@type":"SearchAction","target":{"@type":"EntryPoint","urlTemplate":"https:\/\/moto.sirtaki.ee\/?s={search_term_string}"},"query-input":{"@type":"PropertyValueSpecification","valueRequired":true,"valueName":"search_term_string"}}],"inLanguage":"ru-RU"}]}},"_links":{"self":[{"href":"https:\/\/moto.sirtaki.ee\/ru\/wp-json\/wp\/v2\/product\/4111"}],"collection":[{"href":"https:\/\/moto.sirtaki.ee\/ru\/wp-json\/wp\/v2\/product"}],"about":[{"href":"https:\/\/moto.sirtaki.ee\/ru\/wp-json\/wp\/v2\/types\/product"}],"wp:featuredmedia":[{"embeddable":true,"href":"https:\/\/moto.sirtaki.ee\/ru\/wp-json\/wp\/v2\/media\/4116"}],"wp:attachment":[{"href":"https:\/\/moto.sirtaki.ee\/ru\/wp-json\/wp\/v2\/media?parent=4111"}],"wp:term":[{"taxonomy":"product_cat","embeddable":true,"href":"https:\/\/moto.sirtaki.ee\/ru\/wp-json\/wp\/v2\/product_cat?post=4111"},{"taxonomy":"product_tag","embeddable":true,"href":"https:\/\/moto.sirtaki.ee\/ru\/wp-json\/wp\/v2\/product_tag?post=4111"}],"curies":[{"name":"wp","href":"https:\/\/api.w.org\/{rel}","templated":true}]}}